{"id":5575,"date":"2024-03-30T14:07:55","date_gmt":"2024-03-30T14:07:55","guid":{"rendered":"https:\/\/qgsgroup.com\/products\/high-quality-customization-white-1-2cm-window-curtain-door-shower-curtain-plastic-curtain-hooks\/"},"modified":"2024-03-30T14:07:57","modified_gmt":"2024-03-30T14:07:57","slug":"high-quality-customization-white-1-2cm-window-curtain-door-shower-curtain-plastic-curtain-hooks","status":"publish","type":"product","link":"https:\/\/qgsgroup.com\/fr\/produit\/high-quality-customization-white-1-2cm-window-curtain-door-shower-curtain-plastic-curtain-hooks\/","title":{"rendered":"Rideau de fen\u00eatre blanc 1.2cm, personnalisation de haute qualit\u00e9, rideau de douche, crochets de rideau en plastique"},"content":{"rendered":"<div class=\"product-key-attributes\">\n<h3>Attributs cl\u00e9s<\/h3>\n<h4>Attributs sp\u00e9cifiques \u00e0 l&#039;industrie<\/h4>\n<ul>\n<li><label>Style de conception<\/label>\n<div>Contemporain<\/div>\n<\/li>\n<\/ul>\n<h4>Autres attributs<\/h4>\n<ul>\n<li><label>Lieu d&#039;origine<\/label>\n<div>Zhejiang, Chine<\/div>\n<\/li>\n<li><label>Taper<\/label>\n<div>C\u00e9libataire<\/div>\n<\/li>\n<li><label>Marque<\/label>\n<div>OEM<\/div>\n<\/li>\n<li><label>Num\u00e9ro de mod\u00e8le<\/label>\n<div>RF-P007<\/div>\n<\/li>\n<li><label>Type de tringles \u00e0 rideaux, rails et accessoires<\/label>\n<div>Accessoires pour rideaux<\/div>\n<\/li>\n<li><label>Mat\u00e9riel<\/label>\n<div>plastique<\/div>\n<\/li>\n<li><label>Taper<\/label>\n<div>Tringles \u00e0 rideaux, rails et accessoires<\/div>\n<\/li>\n<li><label>Mat\u00e9riel<\/label>\n<div>plastique<\/div>\n<\/li>\n<li><label>Couleur<\/label>\n<div>blanc<\/div>\n<\/li>\n<li><label>D\u00e9lai de livraison<\/label>\n<div>20 JOURS<\/div>\n<\/li>\n<li><label>Colors<\/label>\n<div>White<\/div>\n<\/li>\n<li><label>Emballage<\/label>\n<div>CTN<\/div>\n<\/li>\n<li><label>Nom du produit<\/label>\n<div>curtain plastic hook<\/div>\n<\/li>\n<li><label>Usage<\/label>\n<div>Accessoires Curtien<\/div>\n<\/li>\n<li><label>Application<\/label>\n<div>Maison. H\u00f4tel. H\u00f4pital. Caf\u00e9. Bureau.\u00c9cole<\/div>\n<\/li>\n<li><label>Style<\/label>\n<div>Mordern Simple<\/div>\n<\/li>\n<\/ul>\n<h4>Emballage et livraison<\/h4>\n<ul>\n<li><label>D\u00e9tails de l&#039;&#039; emballage<\/label>\n<div>CTN<\/div>\n<\/li>\n<li><label>Port<\/label>\n<div>Ningbo, Shanghai, etc.<\/div>\n<\/li>\n<\/ul>\n<h4>Capacit\u00e9 d&#039;approvisionnement<\/h4>\n<ul>\n<li><label>Capacit\u00e9 d&#039;approvisionnement<\/label>\n<div>5000000 Pi\u00e8ce\/Pi\u00e8ces par Mois<\/div>\n<\/li>\n<\/ul>\n<\/div>\n<div class=\"product-customization\">\n<h3>Personnalisation<\/h3>\n<div>\n<div>\n<p>Logo personnalis\u00e9<\/p>\n<p><label>Min. commande:<\/label>20000<\/p>\n<\/div>\n<div>\n<p>Emballage personnalis\u00e9<\/p>\n<p><label>Min. commande:<\/label>20000<\/p>\n<\/div>\n<div>\n<p>Personnalisation graphique<\/p>\n<p><label>Min. commande:<\/label>20000<\/p>\n<\/div>\n<\/div>\n<\/div>\n<p><div data-magic-global=\"%7B%22bizId%22%3A3210435406%2C%22pageId%22%3A21178427721%2C%22siteId%22%3A5005373107%7D\" id=\"detail_decorate_root\"><br \/>\n      <div module-id=\"33608093968\" module-title=\"detailSingleImage\" render=\"true\" class=\"J_module\"><div class=\"icbu-pc-images magic-0\"><div><div class=\"flex-layout-v\"><div class=\"flex-layout-h magic-0\"><div class=\"magic-1\"><img src=\"https:\/\/qgsgroup.com\/wp-content\/uploads\/aliexpress\/h5175047b0a0e4ad7a22e9513ef1a33acm.jpg\" usemap=\"#c-89-090-5335\" class=\"magic-2\"\/><\/div><\/div><\/div><\/div><\/div><\/div><\/p>\n<p>      <div module-id=\"31990910207\" module-title=\"detailTableNoTitle\" render=\"true\" class=\"J_module\"><div class=\"ife-detail-decorate-table\"><table class=\"all magic-3\"><tbody><tr><td colspan=\"1\" rowspan=\"1\"><div class=\"magic-4\">Mat\u00e9riel<\/div><\/td><td colspan=\"3\" rowspan=\"1\"><div class=\"magic-5\">plastique<\/div><\/td><\/tr><tr><td colspan=\"1\" rowspan=\"1\"><div class=\"magic-4\">Couleur<\/div><\/td><td colspan=\"3\" rowspan=\"1\"><div class=\"magic-5\">blanc<\/div><\/td><\/tr><tr><td colspan=\"1\" rowspan=\"1\"><div class=\"magic-4\">Quantit\u00e9 minimale de commande<\/div><\/td><td colspan=\"3\" rowspan=\"1\"><div class=\"magic-5\">10000 pi\u00e8ces<\/div><\/td><\/tr><tr><td colspan=\"1\" rowspan=\"1\"><div class=\"magic-4\">Emballer<\/div><\/td><td colspan=\"3\" rowspan=\"1\"><div class=\"magic-5\">CTN<\/div><\/td><\/tr><tr><td colspan=\"1\" rowspan=\"1\"><div class=\"magic-4\">D\u00e9lai de livraison<\/div><\/td><td colspan=\"3\" rowspan=\"1\"><div class=\"magic-5\">20 JOURS<\/div><\/td><\/tr><\/tbody><\/table><\/div><\/div><\/p>\n<p>      <div module-id=\"31990910208\" module-title=\"detailManyImage\" render=\"true\" class=\"J_module\"><div class=\"icbu-pc-detailManyImage magic-9\"><div class=\"magic-10\"><img src=\"https:\/\/qgsgroup.com\/wp-content\/uploads\/aliexpress\/htb12abybylrk1rjy1zdq6ynnpxa4.jpg\" class=\"magic-11\"\/><\/div><div class=\"magic-10\"><img src=\"https:\/\/qgsgroup.com\/wp-content\/uploads\/aliexpress\/htb1qjrobvlsk1rjy0fbq6xsexxaa.jpg\" class=\"magic-11\"\/><\/div><div class=\"magic-10\"><img src=\"https:\/\/qgsgroup.com\/wp-content\/uploads\/aliexpress\/htb1icbwbx_rk1rkhfqdq6yjafxae.jpg\" class=\"magic-11\"\/><\/div><div class=\"magic-10\"><img src=\"https:\/\/qgsgroup.com\/wp-content\/uploads\/aliexpress\/htb1btxzbvvsk1rjy0fiq6zwtxxak.jpg\" class=\"magic-11\"\/><\/div><div class=\"magic-10\"><img src=\"https:\/\/qgsgroup.com\/wp-content\/uploads\/aliexpress\/htb1zu4tbelrk1rjy1zbq6aenfxae.jpg\" class=\"magic-11\"\/><\/div><\/div><\/div><\/p>\n<p>      <div module-id=\"33608093972\" module-title=\"detailSingleImage\" render=\"true\" class=\"J_module\"><div class=\"icbu-pc-images magic-0\"><div><div class=\"flex-layout-v\"><div class=\"flex-layout-h magic-0\"><div class=\"magic-12\"><img src=\"https:\/\/qgsgroup.com\/wp-content\/uploads\/aliexpress\/hea1474d1449e48738f187618f545d275w.jpg\" class=\"magic-13\"\/><\/div><\/div><\/div><\/div><\/div><\/div><\/p>\n<p>      <div module-id=\"33608093973\" module-title=\"detailSingleImage\" render=\"true\" class=\"J_module\"><div class=\"icbu-pc-images magic-0\"><div><div class=\"flex-layout-v\"><div class=\"flex-layout-h magic-0\"><div class=\"magic-14\"><img src=\"https:\/\/qgsgroup.com\/wp-content\/uploads\/aliexpress\/h7980e415ddab43d7918a50f6d1e84b88s.jpg\" class=\"magic-15\"\/><\/div><\/div><\/div><\/div><\/div><\/div><\/p>\n<p><\/DIV><\/p>","protected":false},"excerpt":{"rendered":"<p>Key attributes Industry-specific attributes Design Style Contemporary Other attributes Place of Origin Zhejiang, China Type Single Brand Name OEM Model Number RF-P007 Curtain Poles, Tracks &#038; Accessories Type Curtain Accessories Material plastic Type Curtain Poles, Tracks &#038; Accessories Material plastic Color white Delivery time 20DAYS Colors White Packing CTN Product Name curtain plastic hook Usage Curtian Accessories Application Home. Hotel. Hospital. Cafe. Office.School Style Mordern Simple Packaging and delivery Packaging Details CTN Port ningbo,shanghai,etc&#8230; Supply Ability Supply Ability 5000000 Piece\/Pieces per Month Customization Customized logo Min. order:20000 Customized packaging Min. order:20000 Graphic customization Min. order:20000 MaterialplasticColorwhiteMOQ10000 pcsPackageCTNDelivery time20DAYS<\/p>","protected":false},"featured_media":5574,"template":"","meta":{"site-sidebar-layout":"default","site-content-layout":"","ast-site-content-layout":"","site-content-style":"default","site-sidebar-style":"default","ast-global-header-display":"","ast-banner-title-visibility":"","ast-main-header-display":"","ast-hfb-above-header-display":"","ast-hfb-below-header-display":"","ast-hfb-mobile-header-display":"","site-post-title":"","ast-breadcrumbs-content":"","ast-featured-img":"","footer-sml-layout":"","theme-transparent-header-meta":"","adv-header-id-meta":"","stick-header-meta":"","header-above-stick-meta":"","header-main-stick-meta":"","header-below-stick-meta":"","astra-migrate-meta-layouts":"default","ast-page-background-enabled":"default","ast-page-background-meta":{"desktop":{"background-color":"","background-image":"","background-repeat":"repeat","background-position":"center center","background-size":"auto","background-attachment":"scroll","background-type":"","background-media":"","overlay-type":"","overlay-color":"","overlay-opacity":"","overlay-gradient":""},"tablet":{"background-color":"","background-image":"","background-repeat":"repeat","background-position":"center center","background-size":"auto","background-attachment":"scroll","background-type":"","background-media":"","overlay-type":"","overlay-color":"","overlay-opacity":"","overlay-gradient":""},"mobile":{"background-color":"","background-image":"","background-repeat":"repeat","background-position":"center center","background-size":"auto","background-attachment":"scroll","background-type":"","background-media":"","overlay-type":"","overlay-color":"","overlay-opacity":"","overlay-gradient":""}},"ast-content-background-meta":{"desktop":{"background-color":"var(--ast-global-color-5)","background-image":"","background-repeat":"repeat","background-position":"center center","background-size":"auto","background-attachment":"scroll","background-type":"","background-media":"","overlay-type":"","overlay-color":"","overlay-opacity":"","overlay-gradient":""},"tablet":{"background-color":"var(--ast-global-color-5)","background-image":"","background-repeat":"repeat","background-position":"center center","background-size":"auto","background-attachment":"scroll","background-type":"","background-media":"","overlay-type":"","overlay-color":"","overlay-opacity":"","overlay-gradient":""},"mobile":{"background-color":"var(--ast-global-color-5)","background-image":"","background-repeat":"repeat","background-position":"center center","background-size":"auto","background-attachment":"scroll","background-type":"","background-media":"","overlay-type":"","overlay-color":"","overlay-opacity":"","overlay-gradient":""}}},"product_brand":[],"product_cat":[92],"product_tag":[],"class_list":{"0":"post-5575","1":"product","2":"type-product","3":"status-publish","4":"has-post-thumbnail","6":"product_cat-plastic-hooks","7":"desktop-align-left","8":"tablet-align-left","9":"mobile-align-left","11":"first","12":"instock","13":"shipping-taxable","14":"product-type-simple"},"yoast_head":"<!-- This site is optimized with the Yoast SEO plugin v27.4 - https:\/\/yoast.com\/product\/yoast-seo-wordpress\/ -->\n<title>High quality customization White 1.2cm Window Curtain Door Shower Curtain Plastic Curtain Hooks - Q.G.S<\/title>\n<meta name=\"robots\" content=\"index, follow, max-snippet:-1, max-image-preview:large, max-video-preview:-1\" \/>\n<link rel=\"canonical\" href=\"https:\/\/qgsgroup.com\/fr\/produit\/high-quality-customization-white-1-2cm-window-curtain-door-shower-curtain-plastic-curtain-hooks\/\" \/>\n<meta property=\"og:locale\" content=\"fr_FR\" \/>\n<meta property=\"og:type\" content=\"article\" \/>\n<meta property=\"og:title\" content=\"High quality customization White 1.2cm Window Curtain Door Shower Curtain Plastic Curtain Hooks - Q.G.S\" \/>\n<meta property=\"og:description\" content=\"Key attributes Industry-specific attributes Design Style Contemporary Other attributes Place of Origin Zhejiang, China Type Single Brand Name OEM Model Number RF-P007 Curtain Poles, Tracks &#038; Accessories Type Curtain Accessories Material plastic Type Curtain Poles, Tracks &#038; Accessories Material plastic Color white Delivery time 20DAYS Colors White Packing CTN Product Name curtain plastic hook Usage Curtian Accessories Application Home. Hotel. Hospital. Cafe. Office.School Style Mordern Simple Packaging and delivery Packaging Details CTN Port ningbo,shanghai,etc&#8230; Supply Ability Supply Ability 5000000 Piece\/Pieces per Month Customization Customized logo Min. order:20000 Customized packaging Min. order:20000 Graphic customization Min. order:20000 MaterialplasticColorwhiteMOQ10000 pcsPackageCTNDelivery time20DAYS\" \/>\n<meta property=\"og:url\" content=\"https:\/\/qgsgroup.com\/fr\/produit\/high-quality-customization-white-1-2cm-window-curtain-door-shower-curtain-plastic-curtain-hooks\/\" \/>\n<meta property=\"og:site_name\" content=\"Q.G.S\" \/>\n<meta property=\"article:modified_time\" content=\"2024-03-30T14:07:57+00:00\" \/>\n<meta property=\"og:image\" content=\"https:\/\/qgsgroup.com\/wp-content\/uploads\/2024\/03\/hcbaafe0cd3e9483cb6603124bab9c334i.jpg\" \/>\n\t<meta property=\"og:image:width\" content=\"750\" \/>\n\t<meta property=\"og:image:height\" content=\"750\" \/>\n\t<meta property=\"og:image:type\" content=\"image\/jpeg\" \/>\n<meta name=\"twitter:card\" content=\"summary_large_image\" \/>\n<script type=\"application\/ld+json\" class=\"yoast-schema-graph\">{\"@context\":\"https:\\\/\\\/schema.org\",\"@graph\":[{\"@type\":\"WebPage\",\"@id\":\"https:\\\/\\\/qgsgroup.com\\\/product\\\/high-quality-customization-white-1-2cm-window-curtain-door-shower-curtain-plastic-curtain-hooks\\\/\",\"url\":\"https:\\\/\\\/qgsgroup.com\\\/product\\\/high-quality-customization-white-1-2cm-window-curtain-door-shower-curtain-plastic-curtain-hooks\\\/\",\"name\":\"High quality customization White 1.2cm Window Curtain Door Shower Curtain Plastic Curtain Hooks - Q.G.S\",\"isPartOf\":{\"@id\":\"https:\\\/\\\/rebornbusiness.com\\\/#website\"},\"primaryImageOfPage\":{\"@id\":\"https:\\\/\\\/qgsgroup.com\\\/product\\\/high-quality-customization-white-1-2cm-window-curtain-door-shower-curtain-plastic-curtain-hooks\\\/#primaryimage\"},\"image\":{\"@id\":\"https:\\\/\\\/qgsgroup.com\\\/product\\\/high-quality-customization-white-1-2cm-window-curtain-door-shower-curtain-plastic-curtain-hooks\\\/#primaryimage\"},\"thumbnailUrl\":\"https:\\\/\\\/qgsgroup.com\\\/wp-content\\\/uploads\\\/2024\\\/03\\\/hcbaafe0cd3e9483cb6603124bab9c334i.jpg\",\"datePublished\":\"2024-03-30T14:07:55+00:00\",\"dateModified\":\"2024-03-30T14:07:57+00:00\",\"breadcrumb\":{\"@id\":\"https:\\\/\\\/qgsgroup.com\\\/product\\\/high-quality-customization-white-1-2cm-window-curtain-door-shower-curtain-plastic-curtain-hooks\\\/#breadcrumb\"},\"inLanguage\":\"fr-FR\",\"potentialAction\":[{\"@type\":\"ReadAction\",\"target\":[\"https:\\\/\\\/qgsgroup.com\\\/product\\\/high-quality-customization-white-1-2cm-window-curtain-door-shower-curtain-plastic-curtain-hooks\\\/\"]}]},{\"@type\":\"ImageObject\",\"inLanguage\":\"fr-FR\",\"@id\":\"https:\\\/\\\/qgsgroup.com\\\/product\\\/high-quality-customization-white-1-2cm-window-curtain-door-shower-curtain-plastic-curtain-hooks\\\/#primaryimage\",\"url\":\"https:\\\/\\\/qgsgroup.com\\\/wp-content\\\/uploads\\\/2024\\\/03\\\/hcbaafe0cd3e9483cb6603124bab9c334i.jpg\",\"contentUrl\":\"https:\\\/\\\/qgsgroup.com\\\/wp-content\\\/uploads\\\/2024\\\/03\\\/hcbaafe0cd3e9483cb6603124bab9c334i.jpg\",\"width\":750,\"height\":750},{\"@type\":\"BreadcrumbList\",\"@id\":\"https:\\\/\\\/qgsgroup.com\\\/product\\\/high-quality-customization-white-1-2cm-window-curtain-door-shower-curtain-plastic-curtain-hooks\\\/#breadcrumb\",\"itemListElement\":[{\"@type\":\"ListItem\",\"position\":1,\"name\":\"Home\",\"item\":\"https:\\\/\\\/qgsgroup.com\\\/\"},{\"@type\":\"ListItem\",\"position\":2,\"name\":\"Products\",\"item\":\"https:\\\/\\\/qgsgroup.com\\\/products\\\/\"},{\"@type\":\"ListItem\",\"position\":3,\"name\":\"High quality customization White 1.2cm Window Curtain Door Shower Curtain Plastic Curtain Hooks\"}]},{\"@type\":\"WebSite\",\"@id\":\"https:\\\/\\\/rebornbusiness.com\\\/#website\",\"url\":\"https:\\\/\\\/rebornbusiness.com\\\/\",\"name\":\"Q.G.S\",\"description\":\"Q.G.S group company\",\"publisher\":{\"@id\":\"https:\\\/\\\/rebornbusiness.com\\\/#organization\"},\"potentialAction\":[{\"@type\":\"SearchAction\",\"target\":{\"@type\":\"EntryPoint\",\"urlTemplate\":\"https:\\\/\\\/rebornbusiness.com\\\/?s={search_term_string}\"},\"query-input\":{\"@type\":\"PropertyValueSpecification\",\"valueRequired\":true,\"valueName\":\"search_term_string\"}}],\"inLanguage\":\"fr-FR\"},{\"@type\":\"Organization\",\"@id\":\"https:\\\/\\\/rebornbusiness.com\\\/#organization\",\"name\":\"Q.G.S\",\"url\":\"https:\\\/\\\/rebornbusiness.com\\\/\",\"logo\":{\"@type\":\"ImageObject\",\"inLanguage\":\"fr-FR\",\"@id\":\"https:\\\/\\\/rebornbusiness.com\\\/#\\\/schema\\\/logo\\\/image\\\/\",\"url\":\"https:\\\/\\\/qgsgroup.com\\\/wp-content\\\/uploads\\\/2024\\\/03\\\/logo-electric-tools.png\",\"contentUrl\":\"https:\\\/\\\/qgsgroup.com\\\/wp-content\\\/uploads\\\/2024\\\/03\\\/logo-electric-tools.png\",\"width\":11090,\"height\":2459,\"caption\":\"Q.G.S\"},\"image\":{\"@id\":\"https:\\\/\\\/rebornbusiness.com\\\/#\\\/schema\\\/logo\\\/image\\\/\"}}]}<\/script>\n<!-- \/ Yoast SEO plugin. -->","yoast_head_json":{"title":"High quality customization White 1.2cm Window Curtain Door Shower Curtain Plastic Curtain Hooks - Q.G.S","robots":{"index":"index","follow":"follow","max-snippet":"max-snippet:-1","max-image-preview":"max-image-preview:large","max-video-preview":"max-video-preview:-1"},"canonical":"https:\/\/qgsgroup.com\/fr\/produit\/high-quality-customization-white-1-2cm-window-curtain-door-shower-curtain-plastic-curtain-hooks\/","og_locale":"fr_FR","og_type":"article","og_title":"High quality customization White 1.2cm Window Curtain Door Shower Curtain Plastic Curtain Hooks - Q.G.S","og_description":"Key attributes Industry-specific attributes Design Style Contemporary Other attributes Place of Origin Zhejiang, China Type Single Brand Name OEM Model Number RF-P007 Curtain Poles, Tracks &#038; Accessories Type Curtain Accessories Material plastic Type Curtain Poles, Tracks &#038; Accessories Material plastic Color white Delivery time 20DAYS Colors White Packing CTN Product Name curtain plastic hook Usage Curtian Accessories Application Home. Hotel. Hospital. Cafe. Office.School Style Mordern Simple Packaging and delivery Packaging Details CTN Port ningbo,shanghai,etc&#8230; Supply Ability Supply Ability 5000000 Piece\/Pieces per Month Customization Customized logo Min. order:20000 Customized packaging Min. order:20000 Graphic customization Min. order:20000 MaterialplasticColorwhiteMOQ10000 pcsPackageCTNDelivery time20DAYS","og_url":"https:\/\/qgsgroup.com\/fr\/produit\/high-quality-customization-white-1-2cm-window-curtain-door-shower-curtain-plastic-curtain-hooks\/","og_site_name":"Q.G.S","article_modified_time":"2024-03-30T14:07:57+00:00","og_image":[{"width":750,"height":750,"url":"https:\/\/qgsgroup.com\/wp-content\/uploads\/2024\/03\/hcbaafe0cd3e9483cb6603124bab9c334i.jpg","type":"image\/jpeg"}],"twitter_card":"summary_large_image","schema":{"@context":"https:\/\/schema.org","@graph":[{"@type":"WebPage","@id":"https:\/\/qgsgroup.com\/product\/high-quality-customization-white-1-2cm-window-curtain-door-shower-curtain-plastic-curtain-hooks\/","url":"https:\/\/qgsgroup.com\/product\/high-quality-customization-white-1-2cm-window-curtain-door-shower-curtain-plastic-curtain-hooks\/","name":"High quality customization White 1.2cm Window Curtain Door Shower Curtain Plastic Curtain Hooks - Q.G.S","isPartOf":{"@id":"https:\/\/rebornbusiness.com\/#website"},"primaryImageOfPage":{"@id":"https:\/\/qgsgroup.com\/product\/high-quality-customization-white-1-2cm-window-curtain-door-shower-curtain-plastic-curtain-hooks\/#primaryimage"},"image":{"@id":"https:\/\/qgsgroup.com\/product\/high-quality-customization-white-1-2cm-window-curtain-door-shower-curtain-plastic-curtain-hooks\/#primaryimage"},"thumbnailUrl":"https:\/\/qgsgroup.com\/wp-content\/uploads\/2024\/03\/hcbaafe0cd3e9483cb6603124bab9c334i.jpg","datePublished":"2024-03-30T14:07:55+00:00","dateModified":"2024-03-30T14:07:57+00:00","breadcrumb":{"@id":"https:\/\/qgsgroup.com\/product\/high-quality-customization-white-1-2cm-window-curtain-door-shower-curtain-plastic-curtain-hooks\/#breadcrumb"},"inLanguage":"fr-FR","potentialAction":[{"@type":"ReadAction","target":["https:\/\/qgsgroup.com\/product\/high-quality-customization-white-1-2cm-window-curtain-door-shower-curtain-plastic-curtain-hooks\/"]}]},{"@type":"ImageObject","inLanguage":"fr-FR","@id":"https:\/\/qgsgroup.com\/product\/high-quality-customization-white-1-2cm-window-curtain-door-shower-curtain-plastic-curtain-hooks\/#primaryimage","url":"https:\/\/qgsgroup.com\/wp-content\/uploads\/2024\/03\/hcbaafe0cd3e9483cb6603124bab9c334i.jpg","contentUrl":"https:\/\/qgsgroup.com\/wp-content\/uploads\/2024\/03\/hcbaafe0cd3e9483cb6603124bab9c334i.jpg","width":750,"height":750},{"@type":"BreadcrumbList","@id":"https:\/\/qgsgroup.com\/product\/high-quality-customization-white-1-2cm-window-curtain-door-shower-curtain-plastic-curtain-hooks\/#breadcrumb","itemListElement":[{"@type":"ListItem","position":1,"name":"Home","item":"https:\/\/qgsgroup.com\/"},{"@type":"ListItem","position":2,"name":"Products","item":"https:\/\/qgsgroup.com\/products\/"},{"@type":"ListItem","position":3,"name":"High quality customization White 1.2cm Window Curtain Door Shower Curtain Plastic Curtain Hooks"}]},{"@type":"WebSite","@id":"https:\/\/rebornbusiness.com\/#website","url":"https:\/\/rebornbusiness.com\/","name":"Q.G.S","description":"Q.G.S group company","publisher":{"@id":"https:\/\/rebornbusiness.com\/#organization"},"potentialAction":[{"@type":"SearchAction","target":{"@type":"EntryPoint","urlTemplate":"https:\/\/rebornbusiness.com\/?s={search_term_string}"},"query-input":{"@type":"PropertyValueSpecification","valueRequired":true,"valueName":"search_term_string"}}],"inLanguage":"fr-FR"},{"@type":"Organization","@id":"https:\/\/rebornbusiness.com\/#organization","name":"Q.G.S","url":"https:\/\/rebornbusiness.com\/","logo":{"@type":"ImageObject","inLanguage":"fr-FR","@id":"https:\/\/rebornbusiness.com\/#\/schema\/logo\/image\/","url":"https:\/\/qgsgroup.com\/wp-content\/uploads\/2024\/03\/logo-electric-tools.png","contentUrl":"https:\/\/qgsgroup.com\/wp-content\/uploads\/2024\/03\/logo-electric-tools.png","width":11090,"height":2459,"caption":"Q.G.S"},"image":{"@id":"https:\/\/rebornbusiness.com\/#\/schema\/logo\/image\/"}}]}},"_links":{"self":[{"href":"https:\/\/qgsgroup.com\/fr\/wp-json\/wp\/v2\/product\/5575","targetHints":{"allow":["GET"]}}],"collection":[{"href":"https:\/\/qgsgroup.com\/fr\/wp-json\/wp\/v2\/product"}],"about":[{"href":"https:\/\/qgsgroup.com\/fr\/wp-json\/wp\/v2\/types\/product"}],"wp:featuredmedia":[{"embeddable":true,"href":"https:\/\/qgsgroup.com\/fr\/wp-json\/wp\/v2\/media\/5574"}],"wp:attachment":[{"href":"https:\/\/qgsgroup.com\/fr\/wp-json\/wp\/v2\/media?parent=5575"}],"wp:term":[{"taxonomy":"product_brand","embeddable":true,"href":"https:\/\/qgsgroup.com\/fr\/wp-json\/wp\/v2\/product_brand?post=5575"},{"taxonomy":"product_cat","embeddable":true,"href":"https:\/\/qgsgroup.com\/fr\/wp-json\/wp\/v2\/product_cat?post=5575"},{"taxonomy":"product_tag","embeddable":true,"href":"https:\/\/qgsgroup.com\/fr\/wp-json\/wp\/v2\/product_tag?post=5575"}],"curies":[{"name":"wp","href":"https:\/\/api.w.org\/{rel}","templated":true}]}}