{"id":5749,"date":"2024-03-30T14:50:54","date_gmt":"2024-03-30T14:50:54","guid":{"rendered":"https:\/\/qgsgroup.com\/products\/manufacture-high-quality-curtain-eyelet-ring-plastic-curtain-rings-for-curtain-rod\/"},"modified":"2024-03-30T14:50:54","modified_gmt":"2024-03-30T14:50:54","slug":"manufacture-high-quality-curtain-eyelet-ring-plastic-curtain-rings-for-curtain-rod","status":"publish","type":"product","link":"https:\/\/qgsgroup.com\/fr\/produit\/manufacture-high-quality-curtain-eyelet-ring-plastic-curtain-rings-for-curtain-rod\/","title":{"rendered":"Fabrication d&#039;anneaux \u00e0 \u0153illets de rideau en plastique de haute qualit\u00e9, pour tringle \u00e0 rideau"},"content":{"rendered":"<div class=\"product-key-attributes\">\n<h3>Attributs cl\u00e9s<\/h3>\n<h4>Attributs sp\u00e9cifiques \u00e0 l&#039;industrie<\/h4>\n<ul>\n<li><label>Style de conception<\/label>\n<div>autre<\/div>\n<\/li>\n<\/ul>\n<h4>Autres attributs<\/h4>\n<ul>\n<li><label>Lieu d&#039;origine<\/label>\n<div>Zhejiang, Chine<\/div>\n<\/li>\n<li><label>Taper<\/label>\n<div>C\u00e9libataire<\/div>\n<\/li>\n<li><label>Marque<\/label>\n<div>Anneaux \u00e0 \u0153illets pour rideaux<\/div>\n<\/li>\n<li><label>Num\u00e9ro de mod\u00e8le<\/label>\n<div>RR009<\/div>\n<\/li>\n<li><label>Type de tringles \u00e0 rideaux, rails et accessoires<\/label>\n<div>Accessoires pour rideaux<\/div>\n<\/li>\n<li><label>Mat\u00e9riel<\/label>\n<div>Plastique<\/div>\n<\/li>\n<li><label>Taper<\/label>\n<div>Tringles \u00e0 rideaux, rails et accessoires<\/div>\n<\/li>\n<li><label>Nom<\/label>\n<div>Anneaux \u00e0 \u0153illets pour rideaux en plastique<\/div>\n<\/li>\n<li><label>Couleur<\/label>\n<div>Or\/argent\/caf\u00e9\/violet\/blanc\/noir ou comme personnalisation<\/div>\n<\/li>\n<li><label>Usage g\u00e9n\u00e9ral<\/label>\n<div>rideaux de fen\u00eatre<\/div>\n<\/li>\n<li><label>Diam\u00e8tre ext\u00e9rieur<\/label>\n<div>71mm<\/div>\n<\/li>\n<li><label>Diam\u00e8tre int\u00e9rieur<\/label>\n<div>42mm<\/div>\n<\/li>\n<li><label>Hauteur<\/label>\n<div>12mm<\/div>\n<\/li>\n<li><label>Nom du produit<\/label>\n<div>anneaux \u00e0 \u0153illets pour rideaux<\/div>\n<\/li>\n<li><label>Usage<\/label>\n<div>Accessoires Curtien<\/div>\n<\/li>\n<li><label>Style<\/label>\n<div>Modern Minimalist<\/div>\n<\/li>\n<\/ul>\n<h4>Emballage et livraison<\/h4>\n<ul>\n<li><label>D\u00e9tails de l&#039;&#039; emballage<\/label>\n<div>1 pi\u00e8ces\/poly-sac 50 pi\u00e8ces\/bo\u00eete 40 bo\u00eetes\/ctn<\/div>\n<\/li>\n<li><label>Port<\/label>\n<div>Ningbo\/Shanghai<\/div>\n<\/li>\n<\/ul>\n<h4>Capacit\u00e9 d&#039;approvisionnement<\/h4>\n<ul>\n<li><label>Capacit\u00e9 d&#039;approvisionnement<\/label>\n<div>200 000 pi\u00e8ces\/pi\u00e8ces par jour<\/div>\n<\/li>\n<\/ul>\n<\/div>\n<div class=\"product-customization\">\n<h3>Personnalisation<\/h3>\n<div>\n<div>\n<p>Logo personnalis\u00e9<\/p>\n<p><label>Min. commande:<\/label>1000<\/p>\n<\/div>\n<div>\n<p>Emballage personnalis\u00e9<\/p>\n<p><label>Min. commande:<\/label>1000<\/p>\n<\/div>\n<div>\n<p>Personnalisation graphique<\/p>\n<p><label>Min. commande:<\/label>1000<\/p>\n<\/div>\n<\/div>\n<\/div>\n<p><div data-magic-global=\"%7B%22bizId%22%3A3210435406%2C%22pageId%22%3A21209394389%2C%22siteId%22%3A5005373107%7D\" id=\"detail_decorate_root\"><br \/>\n      <div module-id=\"33543829134\" module-title=\"detailSingleImage\" render=\"true\" class=\"J_module\"><div class=\"icbu-pc-images magic-0\"><div><div class=\"flex-layout-v\"><div class=\"flex-layout-h magic-0\"><div class=\"magic-1\"><img src=\"https:\/\/qgsgroup.com\/wp-content\/uploads\/aliexpress\/h5175047b0a0e4ad7a22e9513ef1a33acm.jpg\" usemap=\"#2-d7-9b1-13b8\" class=\"magic-2\"\/><\/div><\/div><\/div><\/div><\/div><\/div><\/p>\n<p>      <div module-id=\"33028512400\" module-title=\"detailTableNoTitle\" render=\"true\" class=\"J_module\"><div class=\"ife-detail-decorate-table\"><table class=\"all magic-3\"><tbody><tr><td colspan=\"1\" rowspan=\"1\"><div class=\"magic-4\">Mat\u00e9riel<\/div><\/td><td colspan=\"3\" rowspan=\"1\"><div class=\"magic-5\">Plastique<\/div><\/td><\/tr><tr><td colspan=\"1\" rowspan=\"1\"><div class=\"magic-4\">Type de plastique<\/div><\/td><td colspan=\"3\" rowspan=\"1\"><div class=\"magic-5\"> PP<\/div><\/td><\/tr><tr><td colspan=\"1\" rowspan=\"1\"><div class=\"magic-4\">Couleur<\/div><\/td><td colspan=\"3\" rowspan=\"1\"><div class=\"magic-5\">Or\/argent\/caf\u00e9\/violet\/blanc\/noir ou comme personnalisation<\/div><\/td><\/tr><tr><td colspan=\"1\" rowspan=\"1\"><div class=\"magic-4\">Diam\u00e8tre ext\u00e9rieur<\/div><\/td><td colspan=\"3\" rowspan=\"1\"><div class=\"magic-5\">71mm<\/div><\/td><\/tr><tr><td colspan=\"1\" rowspan=\"1\"><div class=\"magic-4\">Diam\u00e8tre int\u00e9rieur<\/div><\/td><td colspan=\"3\" rowspan=\"1\"><div class=\"magic-5\">42mm<\/div><\/td><\/tr><tr><td colspan=\"1\" rowspan=\"1\"><div class=\"magic-4\">Hauteur<\/div><\/td><td colspan=\"3\" rowspan=\"1\"><div class=\"magic-9\">12mm<\/div><\/td><\/tr><\/tbody><\/table><\/div><\/div><\/p>\n<p>      <div module-id=\"33028512401\" module-title=\"detailManyImage\" render=\"true\" class=\"J_module\"><div class=\"icbu-pc-detailManyImage magic-12\"><div class=\"magic-13\"><img src=\"https:\/\/qgsgroup.com\/wp-content\/uploads\/aliexpress\/htb1qmqjodmwbknjszfbq6xxufxaf.jpg\" class=\"magic-14\"\/><\/div><div class=\"magic-13\"><img src=\"https:\/\/qgsgroup.com\/wp-content\/uploads\/aliexpress\/htb16zackeysbunjy1zdq6xpxfxam.jpg\" class=\"magic-14\"\/><\/div><div class=\"magic-13\"><img src=\"https:\/\/qgsgroup.com\/wp-content\/uploads\/aliexpress\/htb1upvec6rguurjy0feq6xcbfxaq.jpg\" class=\"magic-14\"\/><\/div><\/div><\/div><\/p>\n<p>      <div module-id=\"33543829138\" module-title=\"detailSingleImage\" render=\"true\" class=\"J_module\"><div class=\"icbu-pc-images magic-0\"><div><div class=\"flex-layout-v\"><div class=\"flex-layout-h magic-0\"><div class=\"magic-15\"><img src=\"https:\/\/qgsgroup.com\/wp-content\/uploads\/aliexpress\/hea1474d1449e48738f187618f545d275w.jpg\" class=\"magic-16\"\/><\/div><\/div><\/div><\/div><\/div><\/div><\/p>\n<p>      <div module-id=\"33543829139\" module-title=\"detailSingleImage\" render=\"true\" class=\"J_module\"><div class=\"icbu-pc-images magic-0\"><div><div class=\"flex-layout-v\"><div class=\"flex-layout-h magic-0\"><div class=\"magic-17\"><img src=\"https:\/\/qgsgroup.com\/wp-content\/uploads\/aliexpress\/h7980e415ddab43d7918a50f6d1e84b88s.jpg\" class=\"magic-18\"\/><\/div><\/div><\/div><\/div><\/div><\/div><\/p>\n<p><\/DIV><\/p>","protected":false},"excerpt":{"rendered":"<p>Key attributes Industry-specific attributes Design Style other Other attributes Place of Origin Zhejiang, China Type Single Brand Name Curtain eyelet rings Model Number RR009 Curtain Poles, Tracks &#038; Accessories Type Curtain Accessories Material Plastic Type Curtain Poles, Tracks &#038; Accessories Name Plastic curtain eyelet rings Color Gold\/ Silver\/ Coffee\/ Purple\/White\/ Black or as Customization General Use window curtains External diameter 71mm Inner diameter 42mm Height 12mm Product Name curtain eyelet rings Usage Curtian Accessories Style Modern Minimalist Packaging and delivery Packaging Details 1pcs\/polybag 50pcs\/box 40box\/ctn Port Ningbo\/ Shanghai Supply Ability Supply Ability 200000 Piece\/Pieces per Day Customization Customized logo Min. order:1000 Customized packaging Min. order:1000 Graphic customization Min. order:1000 MaterialPlasticPlastic Type PPColorGold\/ Silver\/ Coffee\/ Purple\/White\/ Black or as CustomizationExternal diameter71mmInner diameter42mmHeight12mm<\/p>","protected":false},"featured_media":4994,"template":"","meta":{"site-sidebar-layout":"default","site-content-layout":"","ast-site-content-layout":"","site-content-style":"default","site-sidebar-style":"default","ast-global-header-display":"","ast-banner-title-visibility":"","ast-main-header-display":"","ast-hfb-above-header-display":"","ast-hfb-below-header-display":"","ast-hfb-mobile-header-display":"","site-post-title":"","ast-breadcrumbs-content":"","ast-featured-img":"","footer-sml-layout":"","theme-transparent-header-meta":"","adv-header-id-meta":"","stick-header-meta":"","header-above-stick-meta":"","header-main-stick-meta":"","header-below-stick-meta":"","astra-migrate-meta-layouts":"default","ast-page-background-enabled":"default","ast-page-background-meta":{"desktop":{"background-color":"","background-image":"","background-repeat":"repeat","background-position":"center center","background-size":"auto","background-attachment":"scroll","background-type":"","background-media":"","overlay-type":"","overlay-color":"","overlay-opacity":"","overlay-gradient":""},"tablet":{"background-color":"","background-image":"","background-repeat":"repeat","background-position":"center center","background-size":"auto","background-attachment":"scroll","background-type":"","background-media":"","overlay-type":"","overlay-color":"","overlay-opacity":"","overlay-gradient":""},"mobile":{"background-color":"","background-image":"","background-repeat":"repeat","background-position":"center center","background-size":"auto","background-attachment":"scroll","background-type":"","background-media":"","overlay-type":"","overlay-color":"","overlay-opacity":"","overlay-gradient":""}},"ast-content-background-meta":{"desktop":{"background-color":"var(--ast-global-color-5)","background-image":"","background-repeat":"repeat","background-position":"center center","background-size":"auto","background-attachment":"scroll","background-type":"","background-media":"","overlay-type":"","overlay-color":"","overlay-opacity":"","overlay-gradient":""},"tablet":{"background-color":"var(--ast-global-color-5)","background-image":"","background-repeat":"repeat","background-position":"center center","background-size":"auto","background-attachment":"scroll","background-type":"","background-media":"","overlay-type":"","overlay-color":"","overlay-opacity":"","overlay-gradient":""},"mobile":{"background-color":"var(--ast-global-color-5)","background-image":"","background-repeat":"repeat","background-position":"center center","background-size":"auto","background-attachment":"scroll","background-type":"","background-media":"","overlay-type":"","overlay-color":"","overlay-opacity":"","overlay-gradient":""}}},"product_brand":[],"product_cat":[90],"product_tag":[],"class_list":{"0":"post-5749","1":"product","2":"type-product","3":"status-publish","4":"has-post-thumbnail","6":"product_cat-curtain-eyelet-rings","7":"desktop-align-left","8":"tablet-align-left","9":"mobile-align-left","11":"first","12":"instock","13":"shipping-taxable","14":"product-type-simple"},"yoast_head":"<!-- This site is optimized with the Yoast SEO plugin v27.6 - https:\/\/yoast.com\/product\/yoast-seo-wordpress\/ -->\n<title>Manufacture High Quality Curtain Eyelet Ring Plastic Curtain Rings For Curtain Rod - Q.G.S<\/title>\n<meta name=\"robots\" content=\"index, follow, max-snippet:-1, max-image-preview:large, max-video-preview:-1\" \/>\n<link rel=\"canonical\" href=\"https:\/\/qgsgroup.com\/fr\/produit\/manufacture-high-quality-curtain-eyelet-ring-plastic-curtain-rings-for-curtain-rod\/\" \/>\n<meta property=\"og:locale\" content=\"fr_FR\" \/>\n<meta property=\"og:type\" content=\"article\" \/>\n<meta property=\"og:title\" content=\"Manufacture High Quality Curtain Eyelet Ring Plastic Curtain Rings For Curtain Rod - Q.G.S\" \/>\n<meta property=\"og:description\" content=\"Key attributes Industry-specific attributes Design Style other Other attributes Place of Origin Zhejiang, China Type Single Brand Name Curtain eyelet rings Model Number RR009 Curtain Poles, Tracks &#038; Accessories Type Curtain Accessories Material Plastic Type Curtain Poles, Tracks &#038; Accessories Name Plastic curtain eyelet rings Color Gold\/ Silver\/ Coffee\/ Purple\/White\/ Black or as Customization General Use window curtains External diameter 71mm Inner diameter 42mm Height 12mm Product Name curtain eyelet rings Usage Curtian Accessories Style Modern Minimalist Packaging and delivery Packaging Details 1pcs\/polybag 50pcs\/box 40box\/ctn Port Ningbo\/ Shanghai Supply Ability Supply Ability 200000 Piece\/Pieces per Day Customization Customized logo Min. order:1000 Customized packaging Min. order:1000 Graphic customization Min. order:1000 MaterialPlasticPlastic Type PPColorGold\/ Silver\/ Coffee\/ Purple\/White\/ Black or as CustomizationExternal diameter71mmInner diameter42mmHeight12mm\" \/>\n<meta property=\"og:url\" content=\"https:\/\/qgsgroup.com\/fr\/produit\/manufacture-high-quality-curtain-eyelet-ring-plastic-curtain-rings-for-curtain-rod\/\" \/>\n<meta property=\"og:site_name\" content=\"Q.G.S\" \/>\n<meta property=\"og:image\" content=\"https:\/\/qgsgroup.com\/wp-content\/uploads\/aliexpress\/h9cb1fe5027a345839a7b6a7ea60f6c16i.png\" \/>\n\t<meta property=\"og:image:width\" content=\"750\" \/>\n\t<meta property=\"og:image:height\" content=\"750\" \/>\n\t<meta property=\"og:image:type\" content=\"image\/jpeg\" \/>\n<meta name=\"twitter:card\" content=\"summary_large_image\" \/>\n<meta name=\"twitter:label1\" content=\"Dur\u00e9e de lecture estim\u00e9e\" \/>\n\t<meta name=\"twitter:data1\" content=\"1 minute\" \/>\n<script type=\"application\/ld+json\" class=\"yoast-schema-graph\">{\"@context\":\"https:\\\/\\\/schema.org\",\"@graph\":[{\"@type\":\"WebPage\",\"@id\":\"https:\\\/\\\/qgsgroup.com\\\/product\\\/manufacture-high-quality-curtain-eyelet-ring-plastic-curtain-rings-for-curtain-rod\\\/\",\"url\":\"https:\\\/\\\/qgsgroup.com\\\/product\\\/manufacture-high-quality-curtain-eyelet-ring-plastic-curtain-rings-for-curtain-rod\\\/\",\"name\":\"Manufacture High Quality Curtain Eyelet Ring Plastic Curtain Rings For Curtain Rod - Q.G.S\",\"isPartOf\":{\"@id\":\"https:\\\/\\\/rebornbusiness.com\\\/#website\"},\"primaryImageOfPage\":{\"@id\":\"https:\\\/\\\/qgsgroup.com\\\/product\\\/manufacture-high-quality-curtain-eyelet-ring-plastic-curtain-rings-for-curtain-rod\\\/#primaryimage\"},\"image\":{\"@id\":\"https:\\\/\\\/qgsgroup.com\\\/product\\\/manufacture-high-quality-curtain-eyelet-ring-plastic-curtain-rings-for-curtain-rod\\\/#primaryimage\"},\"thumbnailUrl\":\"https:\\\/\\\/qgsgroup.com\\\/wp-content\\\/uploads\\\/aliexpress\\\/h9cb1fe5027a345839a7b6a7ea60f6c16i.png\",\"datePublished\":\"2024-03-30T14:50:54+00:00\",\"breadcrumb\":{\"@id\":\"https:\\\/\\\/qgsgroup.com\\\/product\\\/manufacture-high-quality-curtain-eyelet-ring-plastic-curtain-rings-for-curtain-rod\\\/#breadcrumb\"},\"inLanguage\":\"fr-FR\",\"potentialAction\":[{\"@type\":\"ReadAction\",\"target\":[\"https:\\\/\\\/qgsgroup.com\\\/product\\\/manufacture-high-quality-curtain-eyelet-ring-plastic-curtain-rings-for-curtain-rod\\\/\"]}]},{\"@type\":\"ImageObject\",\"inLanguage\":\"fr-FR\",\"@id\":\"https:\\\/\\\/qgsgroup.com\\\/product\\\/manufacture-high-quality-curtain-eyelet-ring-plastic-curtain-rings-for-curtain-rod\\\/#primaryimage\",\"url\":\"https:\\\/\\\/qgsgroup.com\\\/wp-content\\\/uploads\\\/aliexpress\\\/h9cb1fe5027a345839a7b6a7ea60f6c16i.png\",\"contentUrl\":\"https:\\\/\\\/qgsgroup.com\\\/wp-content\\\/uploads\\\/aliexpress\\\/h9cb1fe5027a345839a7b6a7ea60f6c16i.png\",\"width\":750,\"height\":750},{\"@type\":\"BreadcrumbList\",\"@id\":\"https:\\\/\\\/qgsgroup.com\\\/product\\\/manufacture-high-quality-curtain-eyelet-ring-plastic-curtain-rings-for-curtain-rod\\\/#breadcrumb\",\"itemListElement\":[{\"@type\":\"ListItem\",\"position\":1,\"name\":\"Home\",\"item\":\"https:\\\/\\\/qgsgroup.com\\\/\"},{\"@type\":\"ListItem\",\"position\":2,\"name\":\"Products\",\"item\":\"https:\\\/\\\/qgsgroup.com\\\/products\\\/\"},{\"@type\":\"ListItem\",\"position\":3,\"name\":\"Manufacture High Quality Curtain Eyelet Ring Plastic Curtain Rings For Curtain Rod\"}]},{\"@type\":\"WebSite\",\"@id\":\"https:\\\/\\\/rebornbusiness.com\\\/#website\",\"url\":\"https:\\\/\\\/rebornbusiness.com\\\/\",\"name\":\"Q.G.S\",\"description\":\"Q.G.S group company\",\"publisher\":{\"@id\":\"https:\\\/\\\/rebornbusiness.com\\\/#organization\"},\"potentialAction\":[{\"@type\":\"SearchAction\",\"target\":{\"@type\":\"EntryPoint\",\"urlTemplate\":\"https:\\\/\\\/rebornbusiness.com\\\/?s={search_term_string}\"},\"query-input\":{\"@type\":\"PropertyValueSpecification\",\"valueRequired\":true,\"valueName\":\"search_term_string\"}}],\"inLanguage\":\"fr-FR\"},{\"@type\":\"Organization\",\"@id\":\"https:\\\/\\\/rebornbusiness.com\\\/#organization\",\"name\":\"Q.G.S\",\"url\":\"https:\\\/\\\/rebornbusiness.com\\\/\",\"logo\":{\"@type\":\"ImageObject\",\"inLanguage\":\"fr-FR\",\"@id\":\"https:\\\/\\\/rebornbusiness.com\\\/#\\\/schema\\\/logo\\\/image\\\/\",\"url\":\"https:\\\/\\\/qgsgroup.com\\\/wp-content\\\/uploads\\\/2024\\\/03\\\/logo-electric-tools.png\",\"contentUrl\":\"https:\\\/\\\/qgsgroup.com\\\/wp-content\\\/uploads\\\/2024\\\/03\\\/logo-electric-tools.png\",\"width\":11090,\"height\":2459,\"caption\":\"Q.G.S\"},\"image\":{\"@id\":\"https:\\\/\\\/rebornbusiness.com\\\/#\\\/schema\\\/logo\\\/image\\\/\"}}]}<\/script>\n<!-- \/ Yoast SEO plugin. -->","yoast_head_json":{"title":"Manufacture High Quality Curtain Eyelet Ring Plastic Curtain Rings For Curtain Rod - Q.G.S","robots":{"index":"index","follow":"follow","max-snippet":"max-snippet:-1","max-image-preview":"max-image-preview:large","max-video-preview":"max-video-preview:-1"},"canonical":"https:\/\/qgsgroup.com\/fr\/produit\/manufacture-high-quality-curtain-eyelet-ring-plastic-curtain-rings-for-curtain-rod\/","og_locale":"fr_FR","og_type":"article","og_title":"Manufacture High Quality Curtain Eyelet Ring Plastic Curtain Rings For Curtain Rod - Q.G.S","og_description":"Key attributes Industry-specific attributes Design Style other Other attributes Place of Origin Zhejiang, China Type Single Brand Name Curtain eyelet rings Model Number RR009 Curtain Poles, Tracks &#038; Accessories Type Curtain Accessories Material Plastic Type Curtain Poles, Tracks &#038; Accessories Name Plastic curtain eyelet rings Color Gold\/ Silver\/ Coffee\/ Purple\/White\/ Black or as Customization General Use window curtains External diameter 71mm Inner diameter 42mm Height 12mm Product Name curtain eyelet rings Usage Curtian Accessories Style Modern Minimalist Packaging and delivery Packaging Details 1pcs\/polybag 50pcs\/box 40box\/ctn Port Ningbo\/ Shanghai Supply Ability Supply Ability 200000 Piece\/Pieces per Day Customization Customized logo Min. order:1000 Customized packaging Min. order:1000 Graphic customization Min. order:1000 MaterialPlasticPlastic Type PPColorGold\/ Silver\/ Coffee\/ Purple\/White\/ Black or as CustomizationExternal diameter71mmInner diameter42mmHeight12mm","og_url":"https:\/\/qgsgroup.com\/fr\/produit\/manufacture-high-quality-curtain-eyelet-ring-plastic-curtain-rings-for-curtain-rod\/","og_site_name":"Q.G.S","og_image":[{"width":750,"height":750,"url":"https:\/\/qgsgroup.com\/wp-content\/uploads\/aliexpress\/h9cb1fe5027a345839a7b6a7ea60f6c16i.png","type":"image\/jpeg"}],"twitter_card":"summary_large_image","twitter_misc":{"Dur\u00e9e de lecture estim\u00e9e":"1 minute"},"schema":{"@context":"https:\/\/schema.org","@graph":[{"@type":"WebPage","@id":"https:\/\/qgsgroup.com\/product\/manufacture-high-quality-curtain-eyelet-ring-plastic-curtain-rings-for-curtain-rod\/","url":"https:\/\/qgsgroup.com\/product\/manufacture-high-quality-curtain-eyelet-ring-plastic-curtain-rings-for-curtain-rod\/","name":"Manufacture High Quality Curtain Eyelet Ring Plastic Curtain Rings For Curtain Rod - Q.G.S","isPartOf":{"@id":"https:\/\/rebornbusiness.com\/#website"},"primaryImageOfPage":{"@id":"https:\/\/qgsgroup.com\/product\/manufacture-high-quality-curtain-eyelet-ring-plastic-curtain-rings-for-curtain-rod\/#primaryimage"},"image":{"@id":"https:\/\/qgsgroup.com\/product\/manufacture-high-quality-curtain-eyelet-ring-plastic-curtain-rings-for-curtain-rod\/#primaryimage"},"thumbnailUrl":"https:\/\/qgsgroup.com\/wp-content\/uploads\/aliexpress\/h9cb1fe5027a345839a7b6a7ea60f6c16i.png","datePublished":"2024-03-30T14:50:54+00:00","breadcrumb":{"@id":"https:\/\/qgsgroup.com\/product\/manufacture-high-quality-curtain-eyelet-ring-plastic-curtain-rings-for-curtain-rod\/#breadcrumb"},"inLanguage":"fr-FR","potentialAction":[{"@type":"ReadAction","target":["https:\/\/qgsgroup.com\/product\/manufacture-high-quality-curtain-eyelet-ring-plastic-curtain-rings-for-curtain-rod\/"]}]},{"@type":"ImageObject","inLanguage":"fr-FR","@id":"https:\/\/qgsgroup.com\/product\/manufacture-high-quality-curtain-eyelet-ring-plastic-curtain-rings-for-curtain-rod\/#primaryimage","url":"https:\/\/qgsgroup.com\/wp-content\/uploads\/aliexpress\/h9cb1fe5027a345839a7b6a7ea60f6c16i.png","contentUrl":"https:\/\/qgsgroup.com\/wp-content\/uploads\/aliexpress\/h9cb1fe5027a345839a7b6a7ea60f6c16i.png","width":750,"height":750},{"@type":"BreadcrumbList","@id":"https:\/\/qgsgroup.com\/product\/manufacture-high-quality-curtain-eyelet-ring-plastic-curtain-rings-for-curtain-rod\/#breadcrumb","itemListElement":[{"@type":"ListItem","position":1,"name":"Home","item":"https:\/\/qgsgroup.com\/"},{"@type":"ListItem","position":2,"name":"Products","item":"https:\/\/qgsgroup.com\/products\/"},{"@type":"ListItem","position":3,"name":"Manufacture High Quality Curtain Eyelet Ring Plastic Curtain Rings For Curtain Rod"}]},{"@type":"WebSite","@id":"https:\/\/rebornbusiness.com\/#website","url":"https:\/\/rebornbusiness.com\/","name":"Q.G.S","description":"Q.G.S group company","publisher":{"@id":"https:\/\/rebornbusiness.com\/#organization"},"potentialAction":[{"@type":"SearchAction","target":{"@type":"EntryPoint","urlTemplate":"https:\/\/rebornbusiness.com\/?s={search_term_string}"},"query-input":{"@type":"PropertyValueSpecification","valueRequired":true,"valueName":"search_term_string"}}],"inLanguage":"fr-FR"},{"@type":"Organization","@id":"https:\/\/rebornbusiness.com\/#organization","name":"Q.G.S","url":"https:\/\/rebornbusiness.com\/","logo":{"@type":"ImageObject","inLanguage":"fr-FR","@id":"https:\/\/rebornbusiness.com\/#\/schema\/logo\/image\/","url":"https:\/\/qgsgroup.com\/wp-content\/uploads\/2024\/03\/logo-electric-tools.png","contentUrl":"https:\/\/qgsgroup.com\/wp-content\/uploads\/2024\/03\/logo-electric-tools.png","width":11090,"height":2459,"caption":"Q.G.S"},"image":{"@id":"https:\/\/rebornbusiness.com\/#\/schema\/logo\/image\/"}}]}},"_links":{"self":[{"href":"https:\/\/qgsgroup.com\/fr\/wp-json\/wp\/v2\/product\/5749","targetHints":{"allow":["GET"]}}],"collection":[{"href":"https:\/\/qgsgroup.com\/fr\/wp-json\/wp\/v2\/product"}],"about":[{"href":"https:\/\/qgsgroup.com\/fr\/wp-json\/wp\/v2\/types\/product"}],"wp:featuredmedia":[{"embeddable":true,"href":"https:\/\/qgsgroup.com\/fr\/wp-json\/wp\/v2\/media\/4994"}],"wp:attachment":[{"href":"https:\/\/qgsgroup.com\/fr\/wp-json\/wp\/v2\/media?parent=5749"}],"wp:term":[{"taxonomy":"product_brand","embeddable":true,"href":"https:\/\/qgsgroup.com\/fr\/wp-json\/wp\/v2\/product_brand?post=5749"},{"taxonomy":"product_cat","embeddable":true,"href":"https:\/\/qgsgroup.com\/fr\/wp-json\/wp\/v2\/product_cat?post=5749"},{"taxonomy":"product_tag","embeddable":true,"href":"https:\/\/qgsgroup.com\/fr\/wp-json\/wp\/v2\/product_tag?post=5749"}],"curies":[{"name":"wp","href":"https:\/\/api.w.org\/{rel}","templated":true}]}}