{"id":6189,"date":"2024-03-31T01:25:40","date_gmt":"2024-03-31T01:25:40","guid":{"rendered":"https:\/\/qgsgroup.com\/products\/chrome-gold-plastic-curtain-rod-finials-golden-pipe-curtain-accessories-curtain-rod-finials-for-home-decoration\/"},"modified":"2024-03-31T01:25:40","modified_gmt":"2024-03-31T01:25:40","slug":"chrome-gold-plastic-curtain-rod-finials-golden-pipe-curtain-accessories-curtain-rod-finials-for-home-decoration","status":"publish","type":"product","link":"https:\/\/qgsgroup.com\/fr\/produit\/chrome-gold-plastic-curtain-rod-finials-golden-pipe-curtain-accessories-curtain-rod-finials-for-home-decoration\/","title":{"rendered":"Chrome Gold Plastic Curtain Rod Finials Golden Pipe Curtain Accessories Curtain Rod Finials For Home Decoration"},"content":{"rendered":"<div class=\"product-key-attributes\">\n<h3>Attributs cl\u00e9s<\/h3>\n<h4>Attributs sp\u00e9cifiques \u00e0 l&#039;industrie<\/h4>\n<ul>\n<li><label>Style de conception<\/label>\n<div>Contemporain<\/div>\n<\/li>\n<\/ul>\n<h4>Autres attributs<\/h4>\n<ul>\n<li><label>Lieu d&#039;origine<\/label>\n<div>Zhejiang, Chine<\/div>\n<\/li>\n<li><label>Taper<\/label>\n<div>C\u00e9libataire<\/div>\n<\/li>\n<li><label>Occasion<\/label>\n<div>Anniversary<\/div>\n<\/li>\n<li><label>Marque<\/label>\n<div>OEM<\/div>\n<\/li>\n<li><label>Num\u00e9ro de mod\u00e8le<\/label>\n<div>RD-E058<\/div>\n<\/li>\n<li><label>Type de tringles \u00e0 rideaux, rails et accessoires<\/label>\n<div>Accessoires pour rideaux<\/div>\n<\/li>\n<li><label>Mat\u00e9riel<\/label>\n<div>chrome<\/div>\n<\/li>\n<li><label>Mat\u00e9riel<\/label>\n<div>chrome<\/div>\n<\/li>\n<li><label>Couleur<\/label>\n<div>Golden, silver, bronze, coffee, etc&#8230;<\/div>\n<\/li>\n<li><label>Taille<\/label>\n<div>Diameter:26mm, 35mm<\/div>\n<\/li>\n<li><label>Taper<\/label>\n<div>Accessoires pour rideaux<\/div>\n<\/li>\n<li><label>Nom du produit<\/label>\n<div>curtain finials<\/div>\n<\/li>\n<li><label>Usage<\/label>\n<div>Rideau de fen\u00eatre D\u00e9coration de la maison<\/div>\n<\/li>\n<li><label>Application<\/label>\n<div>Maison. H\u00f4tel. H\u00f4pital. Caf\u00e9. Bureau.\u00c9cole<\/div>\n<\/li>\n<li><label>Fonctionnalit\u00e9<\/label>\n<div>Easy Installation<\/div>\n<\/li>\n<li><label>Style<\/label>\n<div>Modern Window Hardware<\/div>\n<\/li>\n<li><label>Advantage<\/label>\n<div>Long Service Time<\/div>\n<\/li>\n<\/ul>\n<h4>Emballage et livraison<\/h4>\n<ul>\n<li><label>D\u00e9tails de l&#039;&#039; emballage<\/label>\n<div>OPP<\/div>\n<\/li>\n<li><label>Port<\/label>\n<div>Ningbo, Shanghai<\/div>\n<\/li>\n<\/ul>\n<h4>Capacit\u00e9 d&#039;approvisionnement<\/h4>\n<ul>\n<li><label>Capacit\u00e9 d&#039;approvisionnement<\/label>\n<div>1000000 Piece\/Pieces per   Month<\/div>\n<\/li>\n<\/ul>\n<\/div>\n<div class=\"product-customization\">\n<h3>Personnalisation<\/h3>\n<div>\n<div>\n<p>Logo personnalis\u00e9<\/p>\n<p><label>Min. commande:<\/label>1000<\/p>\n<\/div>\n<div>\n<p>Emballage personnalis\u00e9<\/p>\n<p><label>Min. commande:<\/label>1000<\/p>\n<\/div>\n<div>\n<p>Personnalisation graphique<\/p>\n<p><label>Min. commande:<\/label>1000<\/p>\n<\/div>\n<\/div>\n<\/div>\n<p><div data-magic-global=\"%7B%22bizId%22%3A3210435406%2C%22pageId%22%3A21231448257%2C%22siteId%22%3A5005373107%7D\" id=\"detail_decorate_root\"><br \/>\n    <div module-id=\"35708749276\" id=\"35708749276\" module-name=\"icbu-pc-shopCoupons\" module-title=\"shopCoupons\" module-vers=\"1.7.45\" module-data=\"%22%7B%5C%22data%5C%22%3A%7B%5C%22shopCoupon%5C%22%3A%5C%22%7B%5C%5C%5C%22currentPage%5C%5C%5C%22%3A0%2C%5C%5C%5C%22data%5C%5C%5C%22%3A%5B%5D%2C%5C%5C%5C%22encryptSellerId%5C%5C%5C%22%3A%5C%5C%5C%22Kx%2BabcwG4fw%3D%5C%5C%5C%22%2C%5C%5C%5C%22pageSize%5C%5C%5C%22%3A4%2C%5C%5C%5C%22totalPage%5C%5C%5C%22%3A0%2C%5C%5C%5C%22totalSize%5C%5C%5C%22%3A0%7D%5C%22%2C%5C%22aliMemberId%5C%22%3A-1%7D%2C%5C%22definition%5C%22%3A%7B%5C%22title%5C%22%3A%5C%22Shop%20Coupons%5C%22%2C%5C%22gridWidth%5C%22%3A1200%7D%2C%5C%22config%5C%22%3A%7B%7D%2C%5C%22i18n%5C%22%3A%7B%7D%7D%22\" render=\"false\" class=\"J_module\"><\/div><\/p>\n<p>    <div module-id=\"35733789643\" id=\"35733789643\" module-name=\"icbu-pc-timeLimitDiscount\" module-title=\"timeLimitDiscount\" module-vers=\"1.0.24\" module-data=\"%22%7B%5C%22data%5C%22%3A%7B%5C%22limitTimeDiscount%5C%22%3A%5C%22%7B%5C%5C%5C%22currentTime%5C%5C%5C%22%3A%5C%5C%5C%222023-09-15%2002%3A23%3A08%5C%5C%5C%22%2C%5C%5C%5C%22encryptSellerId%5C%5C%5C%22%3A%5C%5C%5C%22Kx%2BabcwG4fw%3D%5C%5C%5C%22%2C%5C%5C%5C%22url%5C%5C%5C%22%3A%5C%5C%5C%22https%3A%2F%2Factivity.alibaba.com%2Fpromotion%2Fdiscount.html%3FsellerId%3D-1%5C%5C%5C%22%7D%5C%22%2C%5C%22aliMemberId%5C%22%3A-1%7D%2C%5C%22definition%5C%22%3A%7B%5C%22title%5C%22%3A%5C%22Time%20limit%20discount%5C%22%2C%5C%22gridWidth%5C%22%3A1200%7D%2C%5C%22config%5C%22%3A%7B%7D%2C%5C%22i18n%5C%22%3A%7B%5C%22seeAll%5C%22%3A%5C%22_i18n_mod_start_%60shopModule.timeLimitDiscount.seeAll_i18n_mod_end_%5C%22%2C%5C%22_ns_%5C%22%3A%5C%22_i18n_ns_start_shopModule.timeLimitDiscount_i18n_ns_end_%5C%22%2C%5C%22discount%5C%22%3A%5C%22_i18n_mod_start_%60shopModule.timeLimitDiscount.discount_i18n_mod_end_%5C%22%2C%5C%22title%5C%22%3A%5C%22_i18n_mod_start_%60shopModule.timeLimitDiscount.title_i18n_mod_end_%5C%22%2C%5C%22moq%5C%22%3A%5C%22_i18n_mod_start_%60shopModule.timeLimitDiscount.moq_i18n_mod_end_%5C%22%2C%5C%22desc%5C%22%3A%5C%22_i18n_mod_start_%60shopModule.timeLimitDiscount.desc_i18n_mod_end_%5C%22%7D%7D%22\" render=\"false\" class=\"J_module\"><\/div><\/p>\n<p>      <div module-id=\"35728886895\" module-title=\"detailSellerRecommend\" render=\"true\" class=\"J_module\"><div data-magic=\"{&quot;mds&quot;:{&quot;assetsVersion&quot;:&quot;0.0.14&quot;,&quot;assetsPackageName&quot;:&quot;icbumod&quot;,&quot;moduleNameAlias&quot;:&quot;icbu-pc-detailSellerRecommend&quot;,&quot;moduleData&quot;:{&quot;config&quot;:{&quot;columnCount&quot;:4,&quot;titleKey&quot;:6,&quot;products&quot;:[1600229076483,1600724322906,62026735314,60803583444,1600684713363,60818923218,60696417385,62151792408,1600643658423,60662098735,1600827114651,1600933326661]}}},&quot;version&quot;:1}\" class=\"icbu-pc-detailSellerRecommend magic-0\"><\/div><\/div><\/p>\n<p>      <div module-id=\"33545288807\" module-title=\"detailSingleImage\" render=\"true\" class=\"J_module\"><div class=\"icbu-pc-images magic-1\"><div><div class=\"flex-layout-v\"><div class=\"flex-layout-h magic-1\"><div class=\"magic-2\"><img src=\"https:\/\/qgsgroup.com\/wp-content\/uploads\/aliexpress\/h5175047b0a0e4ad7a22e9513ef1a33acm.jpg\" usemap=\"#8-86-d73-2bea\" class=\"magic-3\"\/><\/div><\/div><\/div><\/div><\/div><\/div><\/p>\n<p>      <div module-id=\"33545288809\" module-title=\"detailProductNavigation\" render=\"true\" class=\"J_module\"><div id=\"ali-anchor-AliMagic-g40r4v\" data-section=\"AliMagic-g40r4v\" data-section-title=\"Products Description\" class=\"magic-4\">Description des produits<\/div><\/div><\/p>\n<p>      <div module-id=\"33545288810\" module-title=\"detailTableNoTitle\" render=\"true\" class=\"J_module\"><div class=\"ife-detail-decorate-table\"><table class=\"all magic-5\"><tbody><tr><td colspan=\"1\" rowspan=\"1\"><div class=\"magic-6\">Mat\u00e9riel<\/div><\/td><td colspan=\"3\" rowspan=\"1\"><div class=\"magic-7\">plastique<\/div><\/td><\/tr><tr><td colspan=\"1\" rowspan=\"1\"><div class=\"magic-6\">Taille<\/div><\/td><td colspan=\"3\" rowspan=\"1\"><div class=\"magic-7\">diameter\uff1a19mm\uff0c25mm<\/div><\/td><\/tr><tr><td colspan=\"1\" rowspan=\"1\"><div class=\"magic-6\">Couleur<\/div><\/td><td colspan=\"3\" rowspan=\"1\"><div class=\"magic-7\">chrome\uff0cgolden\uff0cblack<\/div><\/td><\/tr><tr><td colspan=\"1\" rowspan=\"1\"><div class=\"magic-6\">Quantit\u00e9 minimale de commande<\/div><\/td><td colspan=\"3\" rowspan=\"1\"><div class=\"magic-7\">1000 Sets<\/div><\/td><\/tr><tr><td colspan=\"1\" rowspan=\"1\"><div class=\"magic-6\">Emballer<\/div><\/td><td colspan=\"3\" rowspan=\"1\"><div class=\"magic-7\">one pc in one polybag ,100pcs \/ctn<\/div><\/td><\/tr><tr><td colspan=\"1\" rowspan=\"1\"><div class=\"magic-6\">Emballer<\/div><\/td><td colspan=\"3\" rowspan=\"1\"><div class=\"magic-7\">Carton<\/div><\/td><\/tr><\/tbody><\/table><\/div><\/div><\/p>\n<p>      <div module-id=\"33545288811\" module-title=\"detailManyImage\" render=\"true\" class=\"J_module\"><div class=\"icbu-pc-detailManyImage magic-11\"><div class=\"magic-12\"><img src=\"https:\/\/qgsgroup.com\/wp-content\/uploads\/aliexpress\/h81b2ed1a90144712a4e80ab28192a3f4b.jpg\" class=\"magic-13\"\/><\/div><div class=\"magic-12\"><img src=\"https:\/\/qgsgroup.com\/wp-content\/uploads\/aliexpress\/h18df10ee3e68431c8bf7c7fbb26996e3j.jpg\" class=\"magic-13\"\/><\/div><div class=\"magic-12\"><img src=\"https:\/\/qgsgroup.com\/wp-content\/uploads\/aliexpress\/h309af4cdbb1f4a6fbf4ae0770e13c41cr.jpg\" class=\"magic-13\"\/><\/div><div class=\"magic-12\"><img src=\"https:\/\/qgsgroup.com\/wp-content\/uploads\/aliexpress\/h8b46112ad76644ad9f57f3bac88b339ab.jpg\" class=\"magic-13\"\/><\/div><div class=\"magic-12\"><img src=\"https:\/\/qgsgroup.com\/wp-content\/uploads\/aliexpress\/hf78060d0e2ea4d7d91a81c064e1d0b2fk.jpg\" class=\"magic-13\"\/><\/div><div class=\"magic-12\"><img src=\"https:\/\/qgsgroup.com\/wp-content\/uploads\/aliexpress\/h4dffc6fd0a6347a0b7051dc8c6eb027cd.png\" class=\"magic-13\"\/><\/div><div class=\"magic-12\"><img src=\"https:\/\/qgsgroup.com\/wp-content\/uploads\/aliexpress\/h113694c8c9ef4b229c90e20ab540e6f39.png\" class=\"magic-13\"\/><\/div><\/div><\/div><\/p>\n<p>      <div module-id=\"33545288812\" module-title=\"detailSingleImage\" render=\"true\" class=\"J_module\"><div class=\"icbu-pc-images magic-1\"><div><div class=\"flex-layout-v\"><div class=\"flex-layout-h magic-1\"><div class=\"magic-14\"><img src=\"https:\/\/qgsgroup.com\/wp-content\/uploads\/aliexpress\/hea1474d1449e48738f187618f545d275w.jpg\" class=\"magic-15\"\/><\/div><\/div><\/div><\/div><\/div><\/div><\/p>\n<p>      <div module-id=\"33545288813\" module-title=\"detailSingleImage\" render=\"true\" class=\"J_module\"><div class=\"icbu-pc-images magic-1\"><div><div class=\"flex-layout-v\"><div class=\"flex-layout-h magic-1\"><div class=\"magic-16\"><img src=\"https:\/\/qgsgroup.com\/wp-content\/uploads\/aliexpress\/h7980e415ddab43d7918a50f6d1e84b88s.jpg\" class=\"magic-17\"\/><\/div><\/div><\/div><\/div><\/div><\/div><\/p>\n<p><\/DIV><\/p>","protected":false},"excerpt":{"rendered":"<p>Key attributes Industry-specific attributes Design Style Contemporary Other attributes Place of Origin Zhejiang, China Type Single Occasion Anniversary Brand Name OEM Model Number RD-E058 Curtain Poles, Tracks &#038; Accessories Type Curtain Accessories Material chrome Material chrome Color Golden, silver, bronze, coffee, etc&#8230; Size Diameter:26mm, 35mm Type Curtain Accessories Product Name curtain finials Usage Window Curtain Home Decoration Application Home. Hotel. Hospital. Cafe. Office.School Feature Easy Installation Style Modern Window Hardware Advantage Long Service Time Packaging and delivery Packaging Details OPP Port Ningbo, Shanghai Supply Ability Supply Ability 1000000 Piece\/Pieces per Month Customization Customized logo Min. order:1000 Customized packaging Min. order:1000 Graphic customization Min. order:1000 Products Description MaterialplasticSizediameter\uff1a19mm\uff0c25mmColorchrome\uff0cgolden\uff0cblackMOQ1000 SetsPackageone pc in one polybag ,100pcs \/ctnPackageCarton<\/p>","protected":false},"featured_media":2901,"template":"","meta":{"site-sidebar-layout":"default","site-content-layout":"","ast-site-content-layout":"","site-content-style":"default","site-sidebar-style":"default","ast-global-header-display":"","ast-banner-title-visibility":"","ast-main-header-display":"","ast-hfb-above-header-display":"","ast-hfb-below-header-display":"","ast-hfb-mobile-header-display":"","site-post-title":"","ast-breadcrumbs-content":"","ast-featured-img":"","footer-sml-layout":"","theme-transparent-header-meta":"","adv-header-id-meta":"","stick-header-meta":"","header-above-stick-meta":"","header-main-stick-meta":"","header-below-stick-meta":"","astra-migrate-meta-layouts":"default","ast-page-background-enabled":"default","ast-page-background-meta":{"desktop":{"background-color":"","background-image":"","background-repeat":"repeat","background-position":"center center","background-size":"auto","background-attachment":"scroll","background-type":"","background-media":"","overlay-type":"","overlay-color":"","overlay-opacity":"","overlay-gradient":""},"tablet":{"background-color":"","background-image":"","background-repeat":"repeat","background-position":"center center","background-size":"auto","background-attachment":"scroll","background-type":"","background-media":"","overlay-type":"","overlay-color":"","overlay-opacity":"","overlay-gradient":""},"mobile":{"background-color":"","background-image":"","background-repeat":"repeat","background-position":"center center","background-size":"auto","background-attachment":"scroll","background-type":"","background-media":"","overlay-type":"","overlay-color":"","overlay-opacity":"","overlay-gradient":""}},"ast-content-background-meta":{"desktop":{"background-color":"var(--ast-global-color-5)","background-image":"","background-repeat":"repeat","background-position":"center center","background-size":"auto","background-attachment":"scroll","background-type":"","background-media":"","overlay-type":"","overlay-color":"","overlay-opacity":"","overlay-gradient":""},"tablet":{"background-color":"var(--ast-global-color-5)","background-image":"","background-repeat":"repeat","background-position":"center center","background-size":"auto","background-attachment":"scroll","background-type":"","background-media":"","overlay-type":"","overlay-color":"","overlay-opacity":"","overlay-gradient":""},"mobile":{"background-color":"var(--ast-global-color-5)","background-image":"","background-repeat":"repeat","background-position":"center center","background-size":"auto","background-attachment":"scroll","background-type":"","background-media":"","overlay-type":"","overlay-color":"","overlay-opacity":"","overlay-gradient":""}}},"product_brand":[],"product_cat":[74],"product_tag":[],"class_list":{"0":"post-6189","1":"product","2":"type-product","3":"status-publish","4":"has-post-thumbnail","6":"product_cat-curtain-finials","7":"desktop-align-left","8":"tablet-align-left","9":"mobile-align-left","11":"first","12":"instock","13":"shipping-taxable","14":"product-type-simple"},"yoast_head":"<!-- This site is optimized with the Yoast SEO plugin v27.4 - https:\/\/yoast.com\/product\/yoast-seo-wordpress\/ -->\n<title>Chrome Gold Plastic Curtain Rod Finials Golden Pipe Curtain Accessories Curtain Rod Finials For Home Decoration - Q.G.S<\/title>\n<meta name=\"robots\" content=\"index, follow, max-snippet:-1, max-image-preview:large, max-video-preview:-1\" \/>\n<link rel=\"canonical\" href=\"https:\/\/qgsgroup.com\/fr\/produit\/chrome-gold-plastic-curtain-rod-finials-golden-pipe-curtain-accessories-curtain-rod-finials-for-home-decoration\/\" \/>\n<meta property=\"og:locale\" content=\"fr_FR\" \/>\n<meta property=\"og:type\" content=\"article\" \/>\n<meta property=\"og:title\" content=\"Chrome Gold Plastic Curtain Rod Finials Golden Pipe Curtain Accessories Curtain Rod Finials For Home Decoration - Q.G.S\" \/>\n<meta property=\"og:description\" content=\"Key attributes Industry-specific attributes Design Style Contemporary Other attributes Place of Origin Zhejiang, China Type Single Occasion Anniversary Brand Name OEM Model Number RD-E058 Curtain Poles, Tracks &#038; Accessories Type Curtain Accessories Material chrome Material chrome Color Golden, silver, bronze, coffee, etc&#8230; Size Diameter:26mm, 35mm Type Curtain Accessories Product Name curtain finials Usage Window Curtain Home Decoration Application Home. Hotel. Hospital. Cafe. Office.School Feature Easy Installation Style Modern Window Hardware Advantage Long Service Time Packaging and delivery Packaging Details OPP Port Ningbo, Shanghai Supply Ability Supply Ability 1000000 Piece\/Pieces per Month Customization Customized logo Min. order:1000 Customized packaging Min. order:1000 Graphic customization Min. order:1000 Products Description MaterialplasticSizediameter\uff1a19mm\uff0c25mmColorchrome\uff0cgolden\uff0cblackMOQ1000 SetsPackageone pc in one polybag ,100pcs \/ctnPackageCarton\" \/>\n<meta property=\"og:url\" content=\"https:\/\/qgsgroup.com\/fr\/produit\/chrome-gold-plastic-curtain-rod-finials-golden-pipe-curtain-accessories-curtain-rod-finials-for-home-decoration\/\" \/>\n<meta property=\"og:site_name\" content=\"Q.G.S\" \/>\n<meta property=\"og:image\" content=\"https:\/\/qgsgroup.com\/wp-content\/uploads\/aliexpress\/h11ae4d10977643dca3e15fd66340d6d3i.jpg\" \/>\n\t<meta property=\"og:image:width\" content=\"800\" \/>\n\t<meta property=\"og:image:height\" content=\"800\" \/>\n\t<meta property=\"og:image:type\" content=\"image\/jpeg\" \/>\n<meta name=\"twitter:card\" content=\"summary_large_image\" \/>\n<script type=\"application\/ld+json\" class=\"yoast-schema-graph\">{\"@context\":\"https:\\\/\\\/schema.org\",\"@graph\":[{\"@type\":\"WebPage\",\"@id\":\"https:\\\/\\\/qgsgroup.com\\\/product\\\/chrome-gold-plastic-curtain-rod-finials-golden-pipe-curtain-accessories-curtain-rod-finials-for-home-decoration\\\/\",\"url\":\"https:\\\/\\\/qgsgroup.com\\\/product\\\/chrome-gold-plastic-curtain-rod-finials-golden-pipe-curtain-accessories-curtain-rod-finials-for-home-decoration\\\/\",\"name\":\"Chrome Gold Plastic Curtain Rod Finials Golden Pipe Curtain Accessories Curtain Rod Finials For Home Decoration - Q.G.S\",\"isPartOf\":{\"@id\":\"https:\\\/\\\/rebornbusiness.com\\\/#website\"},\"primaryImageOfPage\":{\"@id\":\"https:\\\/\\\/qgsgroup.com\\\/product\\\/chrome-gold-plastic-curtain-rod-finials-golden-pipe-curtain-accessories-curtain-rod-finials-for-home-decoration\\\/#primaryimage\"},\"image\":{\"@id\":\"https:\\\/\\\/qgsgroup.com\\\/product\\\/chrome-gold-plastic-curtain-rod-finials-golden-pipe-curtain-accessories-curtain-rod-finials-for-home-decoration\\\/#primaryimage\"},\"thumbnailUrl\":\"https:\\\/\\\/qgsgroup.com\\\/wp-content\\\/uploads\\\/aliexpress\\\/h11ae4d10977643dca3e15fd66340d6d3i.jpg\",\"datePublished\":\"2024-03-31T01:25:40+00:00\",\"breadcrumb\":{\"@id\":\"https:\\\/\\\/qgsgroup.com\\\/product\\\/chrome-gold-plastic-curtain-rod-finials-golden-pipe-curtain-accessories-curtain-rod-finials-for-home-decoration\\\/#breadcrumb\"},\"inLanguage\":\"fr-FR\",\"potentialAction\":[{\"@type\":\"ReadAction\",\"target\":[\"https:\\\/\\\/qgsgroup.com\\\/product\\\/chrome-gold-plastic-curtain-rod-finials-golden-pipe-curtain-accessories-curtain-rod-finials-for-home-decoration\\\/\"]}]},{\"@type\":\"ImageObject\",\"inLanguage\":\"fr-FR\",\"@id\":\"https:\\\/\\\/qgsgroup.com\\\/product\\\/chrome-gold-plastic-curtain-rod-finials-golden-pipe-curtain-accessories-curtain-rod-finials-for-home-decoration\\\/#primaryimage\",\"url\":\"https:\\\/\\\/qgsgroup.com\\\/wp-content\\\/uploads\\\/aliexpress\\\/h11ae4d10977643dca3e15fd66340d6d3i.jpg\",\"contentUrl\":\"https:\\\/\\\/qgsgroup.com\\\/wp-content\\\/uploads\\\/aliexpress\\\/h11ae4d10977643dca3e15fd66340d6d3i.jpg\",\"width\":800,\"height\":800},{\"@type\":\"BreadcrumbList\",\"@id\":\"https:\\\/\\\/qgsgroup.com\\\/product\\\/chrome-gold-plastic-curtain-rod-finials-golden-pipe-curtain-accessories-curtain-rod-finials-for-home-decoration\\\/#breadcrumb\",\"itemListElement\":[{\"@type\":\"ListItem\",\"position\":1,\"name\":\"Home\",\"item\":\"https:\\\/\\\/qgsgroup.com\\\/\"},{\"@type\":\"ListItem\",\"position\":2,\"name\":\"Products\",\"item\":\"https:\\\/\\\/qgsgroup.com\\\/products\\\/\"},{\"@type\":\"ListItem\",\"position\":3,\"name\":\"Chrome Gold Plastic Curtain Rod Finials Golden Pipe Curtain Accessories Curtain Rod Finials For Home Decoration\"}]},{\"@type\":\"WebSite\",\"@id\":\"https:\\\/\\\/rebornbusiness.com\\\/#website\",\"url\":\"https:\\\/\\\/rebornbusiness.com\\\/\",\"name\":\"Q.G.S\",\"description\":\"Q.G.S group company\",\"publisher\":{\"@id\":\"https:\\\/\\\/rebornbusiness.com\\\/#organization\"},\"potentialAction\":[{\"@type\":\"SearchAction\",\"target\":{\"@type\":\"EntryPoint\",\"urlTemplate\":\"https:\\\/\\\/rebornbusiness.com\\\/?s={search_term_string}\"},\"query-input\":{\"@type\":\"PropertyValueSpecification\",\"valueRequired\":true,\"valueName\":\"search_term_string\"}}],\"inLanguage\":\"fr-FR\"},{\"@type\":\"Organization\",\"@id\":\"https:\\\/\\\/rebornbusiness.com\\\/#organization\",\"name\":\"Q.G.S\",\"url\":\"https:\\\/\\\/rebornbusiness.com\\\/\",\"logo\":{\"@type\":\"ImageObject\",\"inLanguage\":\"fr-FR\",\"@id\":\"https:\\\/\\\/rebornbusiness.com\\\/#\\\/schema\\\/logo\\\/image\\\/\",\"url\":\"https:\\\/\\\/qgsgroup.com\\\/wp-content\\\/uploads\\\/2024\\\/03\\\/logo-electric-tools.png\",\"contentUrl\":\"https:\\\/\\\/qgsgroup.com\\\/wp-content\\\/uploads\\\/2024\\\/03\\\/logo-electric-tools.png\",\"width\":11090,\"height\":2459,\"caption\":\"Q.G.S\"},\"image\":{\"@id\":\"https:\\\/\\\/rebornbusiness.com\\\/#\\\/schema\\\/logo\\\/image\\\/\"}}]}<\/script>\n<!-- \/ Yoast SEO plugin. -->","yoast_head_json":{"title":"Chrome Gold Plastic Curtain Rod Finials Golden Pipe Curtain Accessories Curtain Rod Finials For Home Decoration - Q.G.S","robots":{"index":"index","follow":"follow","max-snippet":"max-snippet:-1","max-image-preview":"max-image-preview:large","max-video-preview":"max-video-preview:-1"},"canonical":"https:\/\/qgsgroup.com\/fr\/produit\/chrome-gold-plastic-curtain-rod-finials-golden-pipe-curtain-accessories-curtain-rod-finials-for-home-decoration\/","og_locale":"fr_FR","og_type":"article","og_title":"Chrome Gold Plastic Curtain Rod Finials Golden Pipe Curtain Accessories Curtain Rod Finials For Home Decoration - Q.G.S","og_description":"Key attributes Industry-specific attributes Design Style Contemporary Other attributes Place of Origin Zhejiang, China Type Single Occasion Anniversary Brand Name OEM Model Number RD-E058 Curtain Poles, Tracks &#038; Accessories Type Curtain Accessories Material chrome Material chrome Color Golden, silver, bronze, coffee, etc&#8230; Size Diameter:26mm, 35mm Type Curtain Accessories Product Name curtain finials Usage Window Curtain Home Decoration Application Home. Hotel. Hospital. Cafe. Office.School Feature Easy Installation Style Modern Window Hardware Advantage Long Service Time Packaging and delivery Packaging Details OPP Port Ningbo, Shanghai Supply Ability Supply Ability 1000000 Piece\/Pieces per Month Customization Customized logo Min. order:1000 Customized packaging Min. order:1000 Graphic customization Min. order:1000 Products Description MaterialplasticSizediameter\uff1a19mm\uff0c25mmColorchrome\uff0cgolden\uff0cblackMOQ1000 SetsPackageone pc in one polybag ,100pcs \/ctnPackageCarton","og_url":"https:\/\/qgsgroup.com\/fr\/produit\/chrome-gold-plastic-curtain-rod-finials-golden-pipe-curtain-accessories-curtain-rod-finials-for-home-decoration\/","og_site_name":"Q.G.S","og_image":[{"width":800,"height":800,"url":"https:\/\/qgsgroup.com\/wp-content\/uploads\/aliexpress\/h11ae4d10977643dca3e15fd66340d6d3i.jpg","type":"image\/jpeg"}],"twitter_card":"summary_large_image","schema":{"@context":"https:\/\/schema.org","@graph":[{"@type":"WebPage","@id":"https:\/\/qgsgroup.com\/product\/chrome-gold-plastic-curtain-rod-finials-golden-pipe-curtain-accessories-curtain-rod-finials-for-home-decoration\/","url":"https:\/\/qgsgroup.com\/product\/chrome-gold-plastic-curtain-rod-finials-golden-pipe-curtain-accessories-curtain-rod-finials-for-home-decoration\/","name":"Chrome Gold Plastic Curtain Rod Finials Golden Pipe Curtain Accessories Curtain Rod Finials For Home Decoration - Q.G.S","isPartOf":{"@id":"https:\/\/rebornbusiness.com\/#website"},"primaryImageOfPage":{"@id":"https:\/\/qgsgroup.com\/product\/chrome-gold-plastic-curtain-rod-finials-golden-pipe-curtain-accessories-curtain-rod-finials-for-home-decoration\/#primaryimage"},"image":{"@id":"https:\/\/qgsgroup.com\/product\/chrome-gold-plastic-curtain-rod-finials-golden-pipe-curtain-accessories-curtain-rod-finials-for-home-decoration\/#primaryimage"},"thumbnailUrl":"https:\/\/qgsgroup.com\/wp-content\/uploads\/aliexpress\/h11ae4d10977643dca3e15fd66340d6d3i.jpg","datePublished":"2024-03-31T01:25:40+00:00","breadcrumb":{"@id":"https:\/\/qgsgroup.com\/product\/chrome-gold-plastic-curtain-rod-finials-golden-pipe-curtain-accessories-curtain-rod-finials-for-home-decoration\/#breadcrumb"},"inLanguage":"fr-FR","potentialAction":[{"@type":"ReadAction","target":["https:\/\/qgsgroup.com\/product\/chrome-gold-plastic-curtain-rod-finials-golden-pipe-curtain-accessories-curtain-rod-finials-for-home-decoration\/"]}]},{"@type":"ImageObject","inLanguage":"fr-FR","@id":"https:\/\/qgsgroup.com\/product\/chrome-gold-plastic-curtain-rod-finials-golden-pipe-curtain-accessories-curtain-rod-finials-for-home-decoration\/#primaryimage","url":"https:\/\/qgsgroup.com\/wp-content\/uploads\/aliexpress\/h11ae4d10977643dca3e15fd66340d6d3i.jpg","contentUrl":"https:\/\/qgsgroup.com\/wp-content\/uploads\/aliexpress\/h11ae4d10977643dca3e15fd66340d6d3i.jpg","width":800,"height":800},{"@type":"BreadcrumbList","@id":"https:\/\/qgsgroup.com\/product\/chrome-gold-plastic-curtain-rod-finials-golden-pipe-curtain-accessories-curtain-rod-finials-for-home-decoration\/#breadcrumb","itemListElement":[{"@type":"ListItem","position":1,"name":"Home","item":"https:\/\/qgsgroup.com\/"},{"@type":"ListItem","position":2,"name":"Products","item":"https:\/\/qgsgroup.com\/products\/"},{"@type":"ListItem","position":3,"name":"Chrome Gold Plastic Curtain Rod Finials Golden Pipe Curtain Accessories Curtain Rod Finials For Home Decoration"}]},{"@type":"WebSite","@id":"https:\/\/rebornbusiness.com\/#website","url":"https:\/\/rebornbusiness.com\/","name":"Q.G.S","description":"Q.G.S group company","publisher":{"@id":"https:\/\/rebornbusiness.com\/#organization"},"potentialAction":[{"@type":"SearchAction","target":{"@type":"EntryPoint","urlTemplate":"https:\/\/rebornbusiness.com\/?s={search_term_string}"},"query-input":{"@type":"PropertyValueSpecification","valueRequired":true,"valueName":"search_term_string"}}],"inLanguage":"fr-FR"},{"@type":"Organization","@id":"https:\/\/rebornbusiness.com\/#organization","name":"Q.G.S","url":"https:\/\/rebornbusiness.com\/","logo":{"@type":"ImageObject","inLanguage":"fr-FR","@id":"https:\/\/rebornbusiness.com\/#\/schema\/logo\/image\/","url":"https:\/\/qgsgroup.com\/wp-content\/uploads\/2024\/03\/logo-electric-tools.png","contentUrl":"https:\/\/qgsgroup.com\/wp-content\/uploads\/2024\/03\/logo-electric-tools.png","width":11090,"height":2459,"caption":"Q.G.S"},"image":{"@id":"https:\/\/rebornbusiness.com\/#\/schema\/logo\/image\/"}}]}},"_links":{"self":[{"href":"https:\/\/qgsgroup.com\/fr\/wp-json\/wp\/v2\/product\/6189","targetHints":{"allow":["GET"]}}],"collection":[{"href":"https:\/\/qgsgroup.com\/fr\/wp-json\/wp\/v2\/product"}],"about":[{"href":"https:\/\/qgsgroup.com\/fr\/wp-json\/wp\/v2\/types\/product"}],"wp:featuredmedia":[{"embeddable":true,"href":"https:\/\/qgsgroup.com\/fr\/wp-json\/wp\/v2\/media\/2901"}],"wp:attachment":[{"href":"https:\/\/qgsgroup.com\/fr\/wp-json\/wp\/v2\/media?parent=6189"}],"wp:term":[{"taxonomy":"product_brand","embeddable":true,"href":"https:\/\/qgsgroup.com\/fr\/wp-json\/wp\/v2\/product_brand?post=6189"},{"taxonomy":"product_cat","embeddable":true,"href":"https:\/\/qgsgroup.com\/fr\/wp-json\/wp\/v2\/product_cat?post=6189"},{"taxonomy":"product_tag","embeddable":true,"href":"https:\/\/qgsgroup.com\/fr\/wp-json\/wp\/v2\/product_tag?post=6189"}],"curies":[{"name":"wp","href":"https:\/\/api.w.org\/{rel}","templated":true}]}}