{"id":5556,"date":"2024-03-30T14:04:00","date_gmt":"2024-03-30T14:04:00","guid":{"rendered":"https:\/\/qgsgroup.com\/products\/curtain-ring-accessories-curtain-eyelet-plastic-rings-for-curtains-tape-eyelets-60-mm-grommet\/"},"modified":"2024-03-30T14:04:04","modified_gmt":"2024-03-30T14:04:04","slug":"curtain-ring-accessories-curtain-eyelet-plastic-rings-for-curtains-tape-eyelets-60-mm-grommet","status":"publish","type":"product","link":"https:\/\/qgsgroup.com\/pt\/produto\/curtain-ring-accessories-curtain-eyelet-plastic-rings-for-curtains-tape-eyelets-60-mm-grommet\/","title":{"rendered":"Acess\u00f3rios para argolas de cortina Ilh\u00f3s de cortina Argolas de pl\u00e1stico para cortinas Ilh\u00f3s de fita Ilh\u00f3s de 60 mm Ilh\u00f3s"},"content":{"rendered":"<div class=\"product-key-attributes\">\n<h3>Chaves de atributo<\/h3>\n<h4>Atributos espec\u00edficos do setor<\/h4>\n<ul>\n<li><label>Estilo de design<\/label>\n<div>outro<\/div>\n<\/li>\n<\/ul>\n<h4>Outros atributos<\/h4>\n<ul>\n<li><label>Lugar de origem<\/label>\n<div>Zhejiang, China<\/div>\n<\/li>\n<li><label>Tipo<\/label>\n<div>Solteiro<\/div>\n<\/li>\n<li><label>Marca<\/label>\n<div>Argolas para ilh\u00f3s de cortina<\/div>\n<\/li>\n<li><label>N\u00famero do modelo<\/label>\n<div>RR006<\/div>\n<\/li>\n<li><label>Tipo de postes, trilhos e acess\u00f3rios para cortinas<\/label>\n<div>Acess\u00f3rios para cortinas<\/div>\n<\/li>\n<li><label>Material<\/label>\n<div>Pl\u00e1stico<\/div>\n<\/li>\n<li><label>Tipo<\/label>\n<div>Postes, trilhos e acess\u00f3rios para cortinas<\/div>\n<\/li>\n<li><label>Nome<\/label>\n<div>Argolas de ilh\u00f3s de cortina de pl\u00e1stico<\/div>\n<\/li>\n<li><label>Cor<\/label>\n<div>Ouro\/Prata\/Caf\u00e9\/Roxo\/Branco\/Preto ou como Personaliza\u00e7\u00e3o<\/div>\n<\/li>\n<li><label>Uso geral<\/label>\n<div>cortinas de janela<\/div>\n<\/li>\n<li><label>Di\u00e2metro externo<\/label>\n<div>65mm<\/div>\n<\/li>\n<li><label>Di\u00e2metro interno<\/label>\n<div>42 mm<\/div>\n<\/li>\n<li><label>Altura<\/label>\n<div>11mm<\/div>\n<\/li>\n<li><label>Nome do Produto<\/label>\n<div>curtain eyelet rings<\/div>\n<\/li>\n<li><label>Aplicativo<\/label>\n<div>Lar. Hotel. Hospital. Cafeteria. Escrit\u00f3rio.Escola<\/div>\n<\/li>\n<li><label>Uso<\/label>\n<div>Acess\u00f3rios Curtian<\/div>\n<\/li>\n<\/ul>\n<h4>Embalagem e entrega<\/h4>\n<ul>\n<li><label>Detalhes da embalagem<\/label>\n<div>1 pe\u00e7a\/saco pl\u00e1stico 50 pe\u00e7as\/caixa 40 caixas\/ctn<\/div>\n<\/li>\n<li><label>Porta<\/label>\n<div>Ningbo\/ Xangai<\/div>\n<\/li>\n<\/ul>\n<h4>capacidade de fornecimento<\/h4>\n<ul>\n<li><label>capacidade de fornecimento<\/label>\n<div>200000 pe\u00e7as por dia<\/div>\n<\/li>\n<\/ul>\n<\/div>\n<div class=\"product-customization\">\n<h3>Costumiza\u00e7\u00e3o<\/h3>\n<div>\n<div>\n<p>Logotipo personalizado<\/p>\n<p><label>Min. ordem:<\/label>1000<\/p>\n<\/div>\n<div>\n<p>Embalagem personalizada<\/p>\n<p><label>Min. ordem:<\/label>1000<\/p>\n<\/div>\n<div>\n<p>Personaliza\u00e7\u00e3o gr\u00e1fica<\/p>\n<p><label>Min. ordem:<\/label>1000<\/p>\n<\/div>\n<\/div>\n<\/div>\n<p><div data-magic-global=\"%7B%22bizId%22%3A3210435406%2C%22pageId%22%3A21166690823%2C%22siteId%22%3A5005373107%7D\" id=\"detail_decorate_root\"><br \/>\n      <div module-id=\"33596917890\" module-title=\"detailSingleImage\" render=\"true\" class=\"J_module\"><div class=\"icbu-pc-images magic-0\"><div><div class=\"flex-layout-v\"><div class=\"flex-layout-h magic-0\"><div class=\"magic-1\"><img src=\"https:\/\/qgsgroup.com\/wp-content\/uploads\/aliexpress\/h5175047b0a0e4ad7a22e9513ef1a33acm.jpg\" usemap=\"#b-15-e2d-98d7\" class=\"magic-2\"\/><\/div><\/div><\/div><\/div><\/div><\/div><\/p>\n<p>      <div module-id=\"31813866561\" module-title=\"detailTableNoTitle\" render=\"true\" class=\"J_module\"><div class=\"ife-detail-decorate-table\"><table class=\"all magic-3\"><tbody><tr><td colspan=\"1\" rowspan=\"1\"><div class=\"magic-4\">Material<\/div><\/td><td colspan=\"3\" rowspan=\"1\"><div class=\"magic-5\">Pl\u00e1stico<\/div><\/td><\/tr><tr><td colspan=\"1\" rowspan=\"1\"><div class=\"magic-4\">Tipo de pl\u00e1stico<\/div><\/td><td colspan=\"3\" rowspan=\"1\"><div class=\"magic-5\"> PP<\/div><\/td><\/tr><tr><td colspan=\"1\" rowspan=\"1\"><div class=\"magic-4\">Cor<\/div><\/td><td colspan=\"3\" rowspan=\"1\"><div class=\"magic-5\">Ouro\/Prata\/Caf\u00e9\/Roxo\/Branco\/Preto ou como Personaliza\u00e7\u00e3o<\/div><\/td><\/tr><tr><td colspan=\"1\" rowspan=\"1\"><div class=\"magic-4\">Di\u00e2metro externo<\/div><\/td><td colspan=\"3\" rowspan=\"1\"><div class=\"magic-5\">65mm<\/div><\/td><\/tr><tr><td colspan=\"1\" rowspan=\"1\"><div class=\"magic-4\">Di\u00e2metro interno<\/div><\/td><td colspan=\"3\" rowspan=\"1\"><div class=\"magic-5\">42 mm<\/div><\/td><\/tr><tr><td colspan=\"1\" rowspan=\"1\"><div class=\"magic-4\">Altura<\/div><\/td><td colspan=\"3\" rowspan=\"1\"><div class=\"magic-9\">11mm<\/div><\/td><\/tr><\/tbody><\/table><\/div><\/div><\/p>\n<p>      <div module-id=\"31813866562\" module-title=\"detailManyImage\" render=\"true\" class=\"J_module\"><div class=\"icbu-pc-detailManyImage magic-12\"><div class=\"magic-13\"><img src=\"https:\/\/qgsgroup.com\/wp-content\/uploads\/aliexpress\/htb1lvf7m5mnbknjszfzq6a_qvxae.jpg\" class=\"magic-14\"\/><\/div><div class=\"magic-13\"><img src=\"https:\/\/qgsgroup.com\/wp-content\/uploads\/aliexpress\/htb1f9cubrmwbunksndvq6asapxa6.jpg\" class=\"magic-14\"\/><\/div><div class=\"magic-13\"><img src=\"https:\/\/qgsgroup.com\/wp-content\/uploads\/aliexpress\/htb19pukj4wybunjy1zkq6xggpxay.jpg\" class=\"magic-14\"\/><\/div><\/div><\/div><\/p>\n<p>      <div module-id=\"33596917894\" module-title=\"detailSingleImage\" render=\"true\" class=\"J_module\"><div class=\"icbu-pc-images magic-0\"><div><div class=\"flex-layout-v\"><div class=\"flex-layout-h magic-0\"><div class=\"magic-15\"><img src=\"https:\/\/qgsgroup.com\/wp-content\/uploads\/aliexpress\/hea1474d1449e48738f187618f545d275w.jpg\" class=\"magic-16\"\/><\/div><\/div><\/div><\/div><\/div><\/div><\/p>\n<p>      <div module-id=\"33596917895\" module-title=\"detailSingleImage\" render=\"true\" class=\"J_module\"><div class=\"icbu-pc-images magic-0\"><div><div class=\"flex-layout-v\"><div class=\"flex-layout-h magic-0\"><div class=\"magic-17\"><img src=\"https:\/\/qgsgroup.com\/wp-content\/uploads\/aliexpress\/h7980e415ddab43d7918a50f6d1e84b88s.jpg\" class=\"magic-18\"\/><\/div><\/div><\/div><\/div><\/div><\/div><\/p>\n<p><\/DIV><\/p>","protected":false},"excerpt":{"rendered":"<p>Key attributes Industry-specific attributes Design Style other Other attributes Place of Origin Zhejiang, China Type Single Brand Name Curtain eyelet rings Model Number RR006 Curtain Poles, Tracks &#038; Accessories Type Curtain Accessories Material Plastic Type Curtain Poles, Tracks &#038; Accessories Name Plastic curtain eyelet rings Color Gold\/ Silver\/ Coffee\/ Purple\/White\/ Black or as Customization General Use window curtains External diameter 65mm Inner diameter 42mm Height 11mm Product Name curtain eyelet rings Application Home. Hotel. Hospital. Cafe. Office.School Usage Curtian Accessories Packaging and delivery Packaging Details 1pcs\/polybag 50pcs\/box 40box\/ctn Port Ningbo\/ Shanghai Supply Ability Supply Ability 200000 Piece\/Pieces per Day Customization Customized logo Min. order:1000 Customized packaging Min. order:1000 Graphic customization Min. order:1000 MaterialPlasticPlastic Type PPColorGold\/ Silver\/ Coffee\/ Purple\/White\/ Black or as CustomizationExternal diameter65mmInner diameter42mmHeight11mm<\/p>","protected":false},"featured_media":5555,"template":"","meta":{"site-sidebar-layout":"default","site-content-layout":"","ast-site-content-layout":"","site-content-style":"default","site-sidebar-style":"default","ast-global-header-display":"","ast-banner-title-visibility":"","ast-main-header-display":"","ast-hfb-above-header-display":"","ast-hfb-below-header-display":"","ast-hfb-mobile-header-display":"","site-post-title":"","ast-breadcrumbs-content":"","ast-featured-img":"","footer-sml-layout":"","theme-transparent-header-meta":"","adv-header-id-meta":"","stick-header-meta":"","header-above-stick-meta":"","header-main-stick-meta":"","header-below-stick-meta":"","astra-migrate-meta-layouts":"default","ast-page-background-enabled":"default","ast-page-background-meta":{"desktop":{"background-color":"","background-image":"","background-repeat":"repeat","background-position":"center center","background-size":"auto","background-attachment":"scroll","background-type":"","background-media":"","overlay-type":"","overlay-color":"","overlay-opacity":"","overlay-gradient":""},"tablet":{"background-color":"","background-image":"","background-repeat":"repeat","background-position":"center center","background-size":"auto","background-attachment":"scroll","background-type":"","background-media":"","overlay-type":"","overlay-color":"","overlay-opacity":"","overlay-gradient":""},"mobile":{"background-color":"","background-image":"","background-repeat":"repeat","background-position":"center center","background-size":"auto","background-attachment":"scroll","background-type":"","background-media":"","overlay-type":"","overlay-color":"","overlay-opacity":"","overlay-gradient":""}},"ast-content-background-meta":{"desktop":{"background-color":"var(--ast-global-color-5)","background-image":"","background-repeat":"repeat","background-position":"center center","background-size":"auto","background-attachment":"scroll","background-type":"","background-media":"","overlay-type":"","overlay-color":"","overlay-opacity":"","overlay-gradient":""},"tablet":{"background-color":"var(--ast-global-color-5)","background-image":"","background-repeat":"repeat","background-position":"center center","background-size":"auto","background-attachment":"scroll","background-type":"","background-media":"","overlay-type":"","overlay-color":"","overlay-opacity":"","overlay-gradient":""},"mobile":{"background-color":"var(--ast-global-color-5)","background-image":"","background-repeat":"repeat","background-position":"center center","background-size":"auto","background-attachment":"scroll","background-type":"","background-media":"","overlay-type":"","overlay-color":"","overlay-opacity":"","overlay-gradient":""}}},"product_brand":[],"product_cat":[90],"product_tag":[],"class_list":{"0":"post-5556","1":"product","2":"type-product","3":"status-publish","4":"has-post-thumbnail","6":"product_cat-curtain-eyelet-rings","7":"desktop-align-left","8":"tablet-align-left","9":"mobile-align-left","11":"first","12":"instock","13":"shipping-taxable","14":"product-type-simple"},"yoast_head":"<!-- This site is optimized with the Yoast SEO plugin v27.6 - https:\/\/yoast.com\/product\/yoast-seo-wordpress\/ -->\n<title>Curtain Ring Accessories Curtain Eyelet Plastic Rings for Curtains Tape Eyelets 60 Mm Grommet - Q.G.S<\/title>\n<meta name=\"robots\" content=\"index, follow, max-snippet:-1, max-image-preview:large, max-video-preview:-1\" \/>\n<link rel=\"canonical\" href=\"https:\/\/qgsgroup.com\/pt\/produto\/curtain-ring-accessories-curtain-eyelet-plastic-rings-for-curtains-tape-eyelets-60-mm-grommet\/\" \/>\n<meta property=\"og:locale\" content=\"pt_PT\" \/>\n<meta property=\"og:type\" content=\"article\" \/>\n<meta property=\"og:title\" content=\"Curtain Ring Accessories Curtain Eyelet Plastic Rings for Curtains Tape Eyelets 60 Mm Grommet - Q.G.S\" \/>\n<meta property=\"og:description\" content=\"Key attributes Industry-specific attributes Design Style other Other attributes Place of Origin Zhejiang, China Type Single Brand Name Curtain eyelet rings Model Number RR006 Curtain Poles, Tracks &#038; Accessories Type Curtain Accessories Material Plastic Type Curtain Poles, Tracks &#038; Accessories Name Plastic curtain eyelet rings Color Gold\/ Silver\/ Coffee\/ Purple\/White\/ Black or as Customization General Use window curtains External diameter 65mm Inner diameter 42mm Height 11mm Product Name curtain eyelet rings Application Home. Hotel. Hospital. Cafe. Office.School Usage Curtian Accessories Packaging and delivery Packaging Details 1pcs\/polybag 50pcs\/box 40box\/ctn Port Ningbo\/ Shanghai Supply Ability Supply Ability 200000 Piece\/Pieces per Day Customization Customized logo Min. order:1000 Customized packaging Min. order:1000 Graphic customization Min. order:1000 MaterialPlasticPlastic Type PPColorGold\/ Silver\/ Coffee\/ Purple\/White\/ Black or as CustomizationExternal diameter65mmInner diameter42mmHeight11mm\" \/>\n<meta property=\"og:url\" content=\"https:\/\/qgsgroup.com\/pt\/produto\/curtain-ring-accessories-curtain-eyelet-plastic-rings-for-curtains-tape-eyelets-60-mm-grommet\/\" \/>\n<meta property=\"og:site_name\" content=\"Q.G.S\" \/>\n<meta property=\"article:modified_time\" content=\"2024-03-30T14:04:04+00:00\" \/>\n<meta property=\"og:image\" content=\"https:\/\/qgsgroup.com\/wp-content\/uploads\/2024\/03\/he4c5202f62bb4ff4898c5065300e66d7w.jpg\" \/>\n\t<meta property=\"og:image:width\" content=\"750\" \/>\n\t<meta property=\"og:image:height\" content=\"750\" \/>\n\t<meta property=\"og:image:type\" content=\"image\/jpeg\" \/>\n<meta name=\"twitter:card\" content=\"summary_large_image\" \/>\n<meta name=\"twitter:label1\" content=\"Tempo estimado de leitura\" \/>\n\t<meta name=\"twitter:data1\" content=\"1 minuto\" \/>\n<script type=\"application\/ld+json\" class=\"yoast-schema-graph\">{\"@context\":\"https:\\\/\\\/schema.org\",\"@graph\":[{\"@type\":\"WebPage\",\"@id\":\"https:\\\/\\\/qgsgroup.com\\\/product\\\/curtain-ring-accessories-curtain-eyelet-plastic-rings-for-curtains-tape-eyelets-60-mm-grommet\\\/\",\"url\":\"https:\\\/\\\/qgsgroup.com\\\/product\\\/curtain-ring-accessories-curtain-eyelet-plastic-rings-for-curtains-tape-eyelets-60-mm-grommet\\\/\",\"name\":\"Curtain Ring Accessories Curtain Eyelet Plastic Rings for Curtains Tape Eyelets 60 Mm Grommet - Q.G.S\",\"isPartOf\":{\"@id\":\"https:\\\/\\\/rebornbusiness.com\\\/#website\"},\"primaryImageOfPage\":{\"@id\":\"https:\\\/\\\/qgsgroup.com\\\/product\\\/curtain-ring-accessories-curtain-eyelet-plastic-rings-for-curtains-tape-eyelets-60-mm-grommet\\\/#primaryimage\"},\"image\":{\"@id\":\"https:\\\/\\\/qgsgroup.com\\\/product\\\/curtain-ring-accessories-curtain-eyelet-plastic-rings-for-curtains-tape-eyelets-60-mm-grommet\\\/#primaryimage\"},\"thumbnailUrl\":\"https:\\\/\\\/qgsgroup.com\\\/wp-content\\\/uploads\\\/2024\\\/03\\\/he4c5202f62bb4ff4898c5065300e66d7w.jpg\",\"datePublished\":\"2024-03-30T14:04:00+00:00\",\"dateModified\":\"2024-03-30T14:04:04+00:00\",\"breadcrumb\":{\"@id\":\"https:\\\/\\\/qgsgroup.com\\\/product\\\/curtain-ring-accessories-curtain-eyelet-plastic-rings-for-curtains-tape-eyelets-60-mm-grommet\\\/#breadcrumb\"},\"inLanguage\":\"pt-PT\",\"potentialAction\":[{\"@type\":\"ReadAction\",\"target\":[\"https:\\\/\\\/qgsgroup.com\\\/product\\\/curtain-ring-accessories-curtain-eyelet-plastic-rings-for-curtains-tape-eyelets-60-mm-grommet\\\/\"]}]},{\"@type\":\"ImageObject\",\"inLanguage\":\"pt-PT\",\"@id\":\"https:\\\/\\\/qgsgroup.com\\\/product\\\/curtain-ring-accessories-curtain-eyelet-plastic-rings-for-curtains-tape-eyelets-60-mm-grommet\\\/#primaryimage\",\"url\":\"https:\\\/\\\/qgsgroup.com\\\/wp-content\\\/uploads\\\/2024\\\/03\\\/he4c5202f62bb4ff4898c5065300e66d7w.jpg\",\"contentUrl\":\"https:\\\/\\\/qgsgroup.com\\\/wp-content\\\/uploads\\\/2024\\\/03\\\/he4c5202f62bb4ff4898c5065300e66d7w.jpg\",\"width\":750,\"height\":750},{\"@type\":\"BreadcrumbList\",\"@id\":\"https:\\\/\\\/qgsgroup.com\\\/product\\\/curtain-ring-accessories-curtain-eyelet-plastic-rings-for-curtains-tape-eyelets-60-mm-grommet\\\/#breadcrumb\",\"itemListElement\":[{\"@type\":\"ListItem\",\"position\":1,\"name\":\"Home\",\"item\":\"https:\\\/\\\/qgsgroup.com\\\/\"},{\"@type\":\"ListItem\",\"position\":2,\"name\":\"Products\",\"item\":\"https:\\\/\\\/qgsgroup.com\\\/products\\\/\"},{\"@type\":\"ListItem\",\"position\":3,\"name\":\"Curtain Ring Accessories Curtain Eyelet Plastic Rings for Curtains Tape Eyelets 60 Mm Grommet\"}]},{\"@type\":\"WebSite\",\"@id\":\"https:\\\/\\\/rebornbusiness.com\\\/#website\",\"url\":\"https:\\\/\\\/rebornbusiness.com\\\/\",\"name\":\"Q.G.S\",\"description\":\"Q.G.S group company\",\"publisher\":{\"@id\":\"https:\\\/\\\/rebornbusiness.com\\\/#organization\"},\"potentialAction\":[{\"@type\":\"SearchAction\",\"target\":{\"@type\":\"EntryPoint\",\"urlTemplate\":\"https:\\\/\\\/rebornbusiness.com\\\/?s={search_term_string}\"},\"query-input\":{\"@type\":\"PropertyValueSpecification\",\"valueRequired\":true,\"valueName\":\"search_term_string\"}}],\"inLanguage\":\"pt-PT\"},{\"@type\":\"Organization\",\"@id\":\"https:\\\/\\\/rebornbusiness.com\\\/#organization\",\"name\":\"Q.G.S\",\"url\":\"https:\\\/\\\/rebornbusiness.com\\\/\",\"logo\":{\"@type\":\"ImageObject\",\"inLanguage\":\"pt-PT\",\"@id\":\"https:\\\/\\\/rebornbusiness.com\\\/#\\\/schema\\\/logo\\\/image\\\/\",\"url\":\"https:\\\/\\\/qgsgroup.com\\\/wp-content\\\/uploads\\\/2024\\\/03\\\/logo-electric-tools.png\",\"contentUrl\":\"https:\\\/\\\/qgsgroup.com\\\/wp-content\\\/uploads\\\/2024\\\/03\\\/logo-electric-tools.png\",\"width\":11090,\"height\":2459,\"caption\":\"Q.G.S\"},\"image\":{\"@id\":\"https:\\\/\\\/rebornbusiness.com\\\/#\\\/schema\\\/logo\\\/image\\\/\"}}]}<\/script>\n<!-- \/ Yoast SEO plugin. -->","yoast_head_json":{"title":"Curtain Ring Accessories Curtain Eyelet Plastic Rings for Curtains Tape Eyelets 60 Mm Grommet - Q.G.S","robots":{"index":"index","follow":"follow","max-snippet":"max-snippet:-1","max-image-preview":"max-image-preview:large","max-video-preview":"max-video-preview:-1"},"canonical":"https:\/\/qgsgroup.com\/pt\/produto\/curtain-ring-accessories-curtain-eyelet-plastic-rings-for-curtains-tape-eyelets-60-mm-grommet\/","og_locale":"pt_PT","og_type":"article","og_title":"Curtain Ring Accessories Curtain Eyelet Plastic Rings for Curtains Tape Eyelets 60 Mm Grommet - Q.G.S","og_description":"Key attributes Industry-specific attributes Design Style other Other attributes Place of Origin Zhejiang, China Type Single Brand Name Curtain eyelet rings Model Number RR006 Curtain Poles, Tracks &#038; Accessories Type Curtain Accessories Material Plastic Type Curtain Poles, Tracks &#038; Accessories Name Plastic curtain eyelet rings Color Gold\/ Silver\/ Coffee\/ Purple\/White\/ Black or as Customization General Use window curtains External diameter 65mm Inner diameter 42mm Height 11mm Product Name curtain eyelet rings Application Home. Hotel. Hospital. Cafe. Office.School Usage Curtian Accessories Packaging and delivery Packaging Details 1pcs\/polybag 50pcs\/box 40box\/ctn Port Ningbo\/ Shanghai Supply Ability Supply Ability 200000 Piece\/Pieces per Day Customization Customized logo Min. order:1000 Customized packaging Min. order:1000 Graphic customization Min. order:1000 MaterialPlasticPlastic Type PPColorGold\/ Silver\/ Coffee\/ Purple\/White\/ Black or as CustomizationExternal diameter65mmInner diameter42mmHeight11mm","og_url":"https:\/\/qgsgroup.com\/pt\/produto\/curtain-ring-accessories-curtain-eyelet-plastic-rings-for-curtains-tape-eyelets-60-mm-grommet\/","og_site_name":"Q.G.S","article_modified_time":"2024-03-30T14:04:04+00:00","og_image":[{"width":750,"height":750,"url":"https:\/\/qgsgroup.com\/wp-content\/uploads\/2024\/03\/he4c5202f62bb4ff4898c5065300e66d7w.jpg","type":"image\/jpeg"}],"twitter_card":"summary_large_image","twitter_misc":{"Tempo estimado de leitura":"1 minuto"},"schema":{"@context":"https:\/\/schema.org","@graph":[{"@type":"WebPage","@id":"https:\/\/qgsgroup.com\/product\/curtain-ring-accessories-curtain-eyelet-plastic-rings-for-curtains-tape-eyelets-60-mm-grommet\/","url":"https:\/\/qgsgroup.com\/product\/curtain-ring-accessories-curtain-eyelet-plastic-rings-for-curtains-tape-eyelets-60-mm-grommet\/","name":"Curtain Ring Accessories Curtain Eyelet Plastic Rings for Curtains Tape Eyelets 60 Mm Grommet - Q.G.S","isPartOf":{"@id":"https:\/\/rebornbusiness.com\/#website"},"primaryImageOfPage":{"@id":"https:\/\/qgsgroup.com\/product\/curtain-ring-accessories-curtain-eyelet-plastic-rings-for-curtains-tape-eyelets-60-mm-grommet\/#primaryimage"},"image":{"@id":"https:\/\/qgsgroup.com\/product\/curtain-ring-accessories-curtain-eyelet-plastic-rings-for-curtains-tape-eyelets-60-mm-grommet\/#primaryimage"},"thumbnailUrl":"https:\/\/qgsgroup.com\/wp-content\/uploads\/2024\/03\/he4c5202f62bb4ff4898c5065300e66d7w.jpg","datePublished":"2024-03-30T14:04:00+00:00","dateModified":"2024-03-30T14:04:04+00:00","breadcrumb":{"@id":"https:\/\/qgsgroup.com\/product\/curtain-ring-accessories-curtain-eyelet-plastic-rings-for-curtains-tape-eyelets-60-mm-grommet\/#breadcrumb"},"inLanguage":"pt-PT","potentialAction":[{"@type":"ReadAction","target":["https:\/\/qgsgroup.com\/product\/curtain-ring-accessories-curtain-eyelet-plastic-rings-for-curtains-tape-eyelets-60-mm-grommet\/"]}]},{"@type":"ImageObject","inLanguage":"pt-PT","@id":"https:\/\/qgsgroup.com\/product\/curtain-ring-accessories-curtain-eyelet-plastic-rings-for-curtains-tape-eyelets-60-mm-grommet\/#primaryimage","url":"https:\/\/qgsgroup.com\/wp-content\/uploads\/2024\/03\/he4c5202f62bb4ff4898c5065300e66d7w.jpg","contentUrl":"https:\/\/qgsgroup.com\/wp-content\/uploads\/2024\/03\/he4c5202f62bb4ff4898c5065300e66d7w.jpg","width":750,"height":750},{"@type":"BreadcrumbList","@id":"https:\/\/qgsgroup.com\/product\/curtain-ring-accessories-curtain-eyelet-plastic-rings-for-curtains-tape-eyelets-60-mm-grommet\/#breadcrumb","itemListElement":[{"@type":"ListItem","position":1,"name":"Home","item":"https:\/\/qgsgroup.com\/"},{"@type":"ListItem","position":2,"name":"Products","item":"https:\/\/qgsgroup.com\/products\/"},{"@type":"ListItem","position":3,"name":"Curtain Ring Accessories Curtain Eyelet Plastic Rings for Curtains Tape Eyelets 60 Mm Grommet"}]},{"@type":"WebSite","@id":"https:\/\/rebornbusiness.com\/#website","url":"https:\/\/rebornbusiness.com\/","name":"Q.G.S","description":"Q.G.S group company","publisher":{"@id":"https:\/\/rebornbusiness.com\/#organization"},"potentialAction":[{"@type":"SearchAction","target":{"@type":"EntryPoint","urlTemplate":"https:\/\/rebornbusiness.com\/?s={search_term_string}"},"query-input":{"@type":"PropertyValueSpecification","valueRequired":true,"valueName":"search_term_string"}}],"inLanguage":"pt-PT"},{"@type":"Organization","@id":"https:\/\/rebornbusiness.com\/#organization","name":"Q.G.S","url":"https:\/\/rebornbusiness.com\/","logo":{"@type":"ImageObject","inLanguage":"pt-PT","@id":"https:\/\/rebornbusiness.com\/#\/schema\/logo\/image\/","url":"https:\/\/qgsgroup.com\/wp-content\/uploads\/2024\/03\/logo-electric-tools.png","contentUrl":"https:\/\/qgsgroup.com\/wp-content\/uploads\/2024\/03\/logo-electric-tools.png","width":11090,"height":2459,"caption":"Q.G.S"},"image":{"@id":"https:\/\/rebornbusiness.com\/#\/schema\/logo\/image\/"}}]}},"_links":{"self":[{"href":"https:\/\/qgsgroup.com\/pt\/wp-json\/wp\/v2\/product\/5556","targetHints":{"allow":["GET"]}}],"collection":[{"href":"https:\/\/qgsgroup.com\/pt\/wp-json\/wp\/v2\/product"}],"about":[{"href":"https:\/\/qgsgroup.com\/pt\/wp-json\/wp\/v2\/types\/product"}],"wp:featuredmedia":[{"embeddable":true,"href":"https:\/\/qgsgroup.com\/pt\/wp-json\/wp\/v2\/media\/5555"}],"wp:attachment":[{"href":"https:\/\/qgsgroup.com\/pt\/wp-json\/wp\/v2\/media?parent=5556"}],"wp:term":[{"taxonomy":"product_brand","embeddable":true,"href":"https:\/\/qgsgroup.com\/pt\/wp-json\/wp\/v2\/product_brand?post=5556"},{"taxonomy":"product_cat","embeddable":true,"href":"https:\/\/qgsgroup.com\/pt\/wp-json\/wp\/v2\/product_cat?post=5556"},{"taxonomy":"product_tag","embeddable":true,"href":"https:\/\/qgsgroup.com\/pt\/wp-json\/wp\/v2\/product_tag?post=5556"}],"curies":[{"name":"wp","href":"https:\/\/api.w.org\/{rel}","templated":true}]}}