{"id":5693,"date":"2024-03-30T14:35:26","date_gmt":"2024-03-30T14:35:26","guid":{"rendered":"https:\/\/qgsgroup.com\/products\/expansion-pole-and-accessories-modern-curtains-set-brass-curtain-rod-finials\/"},"modified":"2024-03-30T14:35:39","modified_gmt":"2024-03-30T14:35:39","slug":"expansion-pole-and-accessories-modern-curtains-set-brass-curtain-rod-finials","status":"publish","type":"product","link":"https:\/\/qgsgroup.com\/pt\/produto\/expansion-pole-and-accessories-modern-curtains-set-brass-curtain-rod-finials\/","title":{"rendered":"Expansion Pole And Accessories Modern Curtains Set Brass Curtain Rod Finials"},"content":{"rendered":"<div class=\"product-key-attributes\">\n<h3>Chaves de atributo<\/h3>\n<h4>Atributos espec\u00edficos do setor<\/h4>\n<ul>\n<li><label>Estilo de design<\/label>\n<div>Art Deco<\/div>\n<\/li>\n<\/ul>\n<h4>Outros atributos<\/h4>\n<ul>\n<li><label>Lugar de origem<\/label>\n<div>Zhejiang, China<\/div>\n<\/li>\n<li><label>Tipo<\/label>\n<div>Solteiro<\/div>\n<\/li>\n<li><label>Marca<\/label>\n<div>OEM<\/div>\n<\/li>\n<li><label>N\u00famero do modelo<\/label>\n<div>RA-C021<\/div>\n<\/li>\n<li><label>Tipo de postes, trilhos e acess\u00f3rios para cortinas<\/label>\n<div>Acess\u00f3rios para cortinas<\/div>\n<\/li>\n<li><label>Material<\/label>\n<div>Metal<\/div>\n<\/li>\n<li><label>Material<\/label>\n<div>Alum\u00ednio<\/div>\n<\/li>\n<li><label>Cor<\/label>\n<div>AB,AC,dourado,prata,preto,branco,etc\u2026<\/div>\n<\/li>\n<li><label>Tamanho<\/label>\n<div>Di\u00e2metro: 19 mm, 28 mm<\/div>\n<\/li>\n<li><label>Prazo de entrega<\/label>\n<div>25-30 dias<\/div>\n<\/li>\n<li><label>Tipo<\/label>\n<div>Postes, trilhos e acess\u00f3rios para cortinas<\/div>\n<\/li>\n<\/ul>\n<h4>Embalagem e entrega<\/h4>\n<ul>\n<li><label>Detalhes da embalagem<\/label>\n<div>Polipropileno (OPP), Polietileno de baixa densidade (PVC)<\/div>\n<\/li>\n<li><label>Porta<\/label>\n<div>Ningbo, Xangai<\/div>\n<\/li>\n<\/ul>\n<h4>capacidade de fornecimento<\/h4>\n<ul>\n<li><label>capacidade de fornecimento<\/label>\n<div>100000 pe\u00e7as por m\u00eas<\/div>\n<\/li>\n<\/ul>\n<\/div>\n<div class=\"product-customization\">\n<h3>Costumiza\u00e7\u00e3o<\/h3>\n<div>\n<div>\n<p>Embalagem personalizada<\/p>\n<p><label>Min. ordem:<\/label>500<\/p>\n<\/div>\n<div>\n<p>Logotipo personalizado<\/p>\n<p><label>Min. ordem:<\/label>500<\/p>\n<\/div>\n<div>\n<p>Personaliza\u00e7\u00e3o gr\u00e1fica<\/p>\n<p><label>Min. ordem:<\/label>500<\/p>\n<\/div>\n<\/div>\n<\/div>\n<p><div data-magic-global=\"%7B%22bizId%22%3A3210435406%2C%22pageId%22%3A21228546533%2C%22siteId%22%3A5005373107%7D\" id=\"detail_decorate_root\"><br \/>\n      <div module-id=\"33562388284\" module-title=\"detailSingleImage\" render=\"true\" class=\"J_module\"><div class=\"icbu-pc-images magic-0\"><div><div class=\"flex-layout-v\"><div class=\"flex-layout-h magic-0\"><div class=\"magic-1\"><img src=\"https:\/\/qgsgroup.com\/wp-content\/uploads\/aliexpress\/h5175047b0a0e4ad7a22e9513ef1a33acm.jpg\" usemap=\"#5-76-5af-2cdf\" class=\"magic-2\"\/><\/div><\/div><\/div><\/div><\/div><\/div><\/p>\n<p>      <div module-id=\"33562388285\" module-title=\"detailProductNavigation\" render=\"true\" class=\"J_module\"><div id=\"ali-anchor-AliMagic-tsqh6e\" data-section=\"AliMagic-tsqh6e\" data-section-title=\"Products Description\" class=\"magic-3\">Descri\u00e7\u00e3o dos produtos<\/div><\/div><\/p>\n<p>      <div module-id=\"33562388286\" module-title=\"detailTableNoTitle\" render=\"true\" class=\"J_module\"><div class=\"ife-detail-decorate-table\"><table class=\"all magic-4\"><tbody><tr><td colspan=\"1\" rowspan=\"1\"><div class=\"magic-5\">Material<\/div><\/td><td colspan=\"3\" rowspan=\"1\"><div class=\"magic-6\">Alum\u00ednio<\/div><\/td><\/tr><tr><td colspan=\"1\" rowspan=\"1\"><div class=\"magic-5\">Tamanho<\/div><\/td><td colspan=\"3\" rowspan=\"1\"><div class=\"magic-6\">Di\u00e2metro: 19 mm, 28 mm<\/div><\/td><\/tr><tr><td colspan=\"1\" rowspan=\"1\"><div class=\"magic-5\">Cor<\/div><\/td><td colspan=\"3\" rowspan=\"1\"><div class=\"magic-6\">AB, AC, dourado, prateado, preto, branco, etc\u2026<\/div><\/td><\/tr><tr><td colspan=\"1\" rowspan=\"1\"><div class=\"magic-5\">Quantidade m\u00ednima<\/div><\/td><td colspan=\"3\" rowspan=\"1\"><div class=\"magic-6\">500 conjuntos<\/div><\/td><\/tr><tr><td colspan=\"1\" rowspan=\"1\"><div class=\"magic-5\">Pacote<\/div><\/td><td colspan=\"3\" rowspan=\"1\"><div class=\"magic-6\">Polipropileno (OPP), Polietileno de baixa densidade (PVC)<\/div><\/td><\/tr><tr><td colspan=\"1\" rowspan=\"1\"><div class=\"magic-5\">Pacote<\/div><\/td><td colspan=\"3\" rowspan=\"1\"><div class=\"magic-6\">Caixa<\/div><\/td><\/tr><\/tbody><\/table><\/div><\/div><\/p>\n<p>      <div module-id=\"33562388287\" module-title=\"detailManyImage\" render=\"true\" class=\"J_module\"><div class=\"icbu-pc-detailManyImage magic-10\"><div class=\"magic-11\"><img src=\"https:\/\/qgsgroup.com\/wp-content\/uploads\/aliexpress\/h4dffc6fd0a6347a0b7051dc8c6eb027cd.png\" class=\"magic-12\"\/><\/div><div class=\"magic-11\"><img src=\"https:\/\/qgsgroup.com\/wp-content\/uploads\/aliexpress\/h113694c8c9ef4b229c90e20ab540e6f39.png\" class=\"magic-12\"\/><\/div><\/div><\/div><\/p>\n<p>      <div module-id=\"33562388288\" module-title=\"detailSingleImage\" render=\"true\" class=\"J_module\"><div class=\"icbu-pc-images magic-0\"><div><div class=\"flex-layout-v\"><div class=\"flex-layout-h magic-0\"><div class=\"magic-13\"><img src=\"https:\/\/qgsgroup.com\/wp-content\/uploads\/aliexpress\/hea1474d1449e48738f187618f545d275w.jpg\" class=\"magic-14\"\/><\/div><\/div><\/div><\/div><\/div><\/div><\/p>\n<p>      <div module-id=\"33562388289\" module-title=\"detailSingleImage\" render=\"true\" class=\"J_module\"><div class=\"icbu-pc-images magic-0\"><div><div class=\"flex-layout-v\"><div class=\"flex-layout-h magic-0\"><div class=\"magic-15\"><img src=\"https:\/\/qgsgroup.com\/wp-content\/uploads\/aliexpress\/h7980e415ddab43d7918a50f6d1e84b88s.jpg\" class=\"magic-16\"\/><\/div><\/div><\/div><\/div><\/div><\/div><\/p>\n<p><\/DIV><\/p>","protected":false},"excerpt":{"rendered":"<p>Key attributes Industry-specific attributes Design Style Art Deco Other attributes Place of Origin Zhejiang, China Type Single Brand Name OEM Model Number RA-C021 Curtain Poles, Tracks &#038; Accessories Type Curtain Accessories Material Metal Material Aluminum Color AB,AC,golden,silver,black,white,etc&#8230; Size Diameter:19mm, 28mm Delivery time 25-30days Type Curtain Poles, Tracks &#038; Accessories Packaging and delivery Packaging Details OPP, PVC Port Ningbo, Shanghai Supply Ability Supply Ability 100000 Piece\/Pieces per Month Customization Customized packaging Min. order:500 Customized logo Min. order:500 Graphic customization Min. order:500 Products Description MaterialAluminumSizeDiameter:19mm, 28mmColorAB, AC, golden, silver, black, white, etc&#8230;MOQ500 SetsPackageOPP, PVCPackageCarton<\/p>","protected":false},"featured_media":4120,"template":"","meta":{"site-sidebar-layout":"default","site-content-layout":"","ast-site-content-layout":"","site-content-style":"default","site-sidebar-style":"default","ast-global-header-display":"","ast-banner-title-visibility":"","ast-main-header-display":"","ast-hfb-above-header-display":"","ast-hfb-below-header-display":"","ast-hfb-mobile-header-display":"","site-post-title":"","ast-breadcrumbs-content":"","ast-featured-img":"","footer-sml-layout":"","theme-transparent-header-meta":"","adv-header-id-meta":"","stick-header-meta":"","header-above-stick-meta":"","header-main-stick-meta":"","header-below-stick-meta":"","astra-migrate-meta-layouts":"default","ast-page-background-enabled":"default","ast-page-background-meta":{"desktop":{"background-color":"","background-image":"","background-repeat":"repeat","background-position":"center center","background-size":"auto","background-attachment":"scroll","background-type":"","background-media":"","overlay-type":"","overlay-color":"","overlay-opacity":"","overlay-gradient":""},"tablet":{"background-color":"","background-image":"","background-repeat":"repeat","background-position":"center center","background-size":"auto","background-attachment":"scroll","background-type":"","background-media":"","overlay-type":"","overlay-color":"","overlay-opacity":"","overlay-gradient":""},"mobile":{"background-color":"","background-image":"","background-repeat":"repeat","background-position":"center center","background-size":"auto","background-attachment":"scroll","background-type":"","background-media":"","overlay-type":"","overlay-color":"","overlay-opacity":"","overlay-gradient":""}},"ast-content-background-meta":{"desktop":{"background-color":"var(--ast-global-color-5)","background-image":"","background-repeat":"repeat","background-position":"center center","background-size":"auto","background-attachment":"scroll","background-type":"","background-media":"","overlay-type":"","overlay-color":"","overlay-opacity":"","overlay-gradient":""},"tablet":{"background-color":"var(--ast-global-color-5)","background-image":"","background-repeat":"repeat","background-position":"center center","background-size":"auto","background-attachment":"scroll","background-type":"","background-media":"","overlay-type":"","overlay-color":"","overlay-opacity":"","overlay-gradient":""},"mobile":{"background-color":"var(--ast-global-color-5)","background-image":"","background-repeat":"repeat","background-position":"center center","background-size":"auto","background-attachment":"scroll","background-type":"","background-media":"","overlay-type":"","overlay-color":"","overlay-opacity":"","overlay-gradient":""}}},"product_brand":[],"product_cat":[74],"product_tag":[],"class_list":{"0":"post-5693","1":"product","2":"type-product","3":"status-publish","4":"has-post-thumbnail","6":"product_cat-curtain-finials","7":"desktop-align-left","8":"tablet-align-left","9":"mobile-align-left","11":"first","12":"instock","13":"shipping-taxable","14":"product-type-simple"},"yoast_head":"<!-- This site is optimized with the Yoast SEO plugin v27.4 - https:\/\/yoast.com\/product\/yoast-seo-wordpress\/ -->\n<title>Expansion Pole And Accessories Modern Curtains Set Brass Curtain Rod Finials - Q.G.S<\/title>\n<meta name=\"robots\" content=\"index, follow, max-snippet:-1, max-image-preview:large, max-video-preview:-1\" \/>\n<link rel=\"canonical\" href=\"https:\/\/qgsgroup.com\/pt\/produto\/expansion-pole-and-accessories-modern-curtains-set-brass-curtain-rod-finials\/\" \/>\n<meta property=\"og:locale\" content=\"pt_PT\" \/>\n<meta property=\"og:type\" content=\"article\" \/>\n<meta property=\"og:title\" content=\"Expansion Pole And Accessories Modern Curtains Set Brass Curtain Rod Finials - Q.G.S\" \/>\n<meta property=\"og:description\" content=\"Key attributes Industry-specific attributes Design Style Art Deco Other attributes Place of Origin Zhejiang, China Type Single Brand Name OEM Model Number RA-C021 Curtain Poles, Tracks &#038; Accessories Type Curtain Accessories Material Metal Material Aluminum Color AB,AC,golden,silver,black,white,etc&#8230; Size Diameter:19mm, 28mm Delivery time 25-30days Type Curtain Poles, Tracks &#038; Accessories Packaging and delivery Packaging Details OPP, PVC Port Ningbo, Shanghai Supply Ability Supply Ability 100000 Piece\/Pieces per Month Customization Customized packaging Min. order:500 Customized logo Min. order:500 Graphic customization Min. order:500 Products Description MaterialAluminumSizeDiameter:19mm, 28mmColorAB, AC, golden, silver, black, white, etc&#8230;MOQ500 SetsPackageOPP, PVCPackageCarton\" \/>\n<meta property=\"og:url\" content=\"https:\/\/qgsgroup.com\/pt\/produto\/expansion-pole-and-accessories-modern-curtains-set-brass-curtain-rod-finials\/\" \/>\n<meta property=\"og:site_name\" content=\"Q.G.S\" \/>\n<meta property=\"article:modified_time\" content=\"2024-03-30T14:35:39+00:00\" \/>\n<meta property=\"og:image\" content=\"https:\/\/qgsgroup.com\/wp-content\/uploads\/aliexpress\/h62b2ede84bf2403fa4f26fe91159bae1b.png\" \/>\n\t<meta property=\"og:image:width\" content=\"750\" \/>\n\t<meta property=\"og:image:height\" content=\"750\" \/>\n\t<meta property=\"og:image:type\" content=\"image\/jpeg\" \/>\n<meta name=\"twitter:card\" content=\"summary_large_image\" \/>\n<script type=\"application\/ld+json\" class=\"yoast-schema-graph\">{\"@context\":\"https:\\\/\\\/schema.org\",\"@graph\":[{\"@type\":\"WebPage\",\"@id\":\"https:\\\/\\\/qgsgroup.com\\\/product\\\/expansion-pole-and-accessories-modern-curtains-set-brass-curtain-rod-finials\\\/\",\"url\":\"https:\\\/\\\/qgsgroup.com\\\/product\\\/expansion-pole-and-accessories-modern-curtains-set-brass-curtain-rod-finials\\\/\",\"name\":\"Expansion Pole And Accessories Modern Curtains Set Brass Curtain Rod Finials - Q.G.S\",\"isPartOf\":{\"@id\":\"https:\\\/\\\/rebornbusiness.com\\\/#website\"},\"primaryImageOfPage\":{\"@id\":\"https:\\\/\\\/qgsgroup.com\\\/product\\\/expansion-pole-and-accessories-modern-curtains-set-brass-curtain-rod-finials\\\/#primaryimage\"},\"image\":{\"@id\":\"https:\\\/\\\/qgsgroup.com\\\/product\\\/expansion-pole-and-accessories-modern-curtains-set-brass-curtain-rod-finials\\\/#primaryimage\"},\"thumbnailUrl\":\"https:\\\/\\\/qgsgroup.com\\\/wp-content\\\/uploads\\\/aliexpress\\\/h62b2ede84bf2403fa4f26fe91159bae1b.png\",\"datePublished\":\"2024-03-30T14:35:26+00:00\",\"dateModified\":\"2024-03-30T14:35:39+00:00\",\"breadcrumb\":{\"@id\":\"https:\\\/\\\/qgsgroup.com\\\/product\\\/expansion-pole-and-accessories-modern-curtains-set-brass-curtain-rod-finials\\\/#breadcrumb\"},\"inLanguage\":\"pt-PT\",\"potentialAction\":[{\"@type\":\"ReadAction\",\"target\":[\"https:\\\/\\\/qgsgroup.com\\\/product\\\/expansion-pole-and-accessories-modern-curtains-set-brass-curtain-rod-finials\\\/\"]}]},{\"@type\":\"ImageObject\",\"inLanguage\":\"pt-PT\",\"@id\":\"https:\\\/\\\/qgsgroup.com\\\/product\\\/expansion-pole-and-accessories-modern-curtains-set-brass-curtain-rod-finials\\\/#primaryimage\",\"url\":\"https:\\\/\\\/qgsgroup.com\\\/wp-content\\\/uploads\\\/aliexpress\\\/h62b2ede84bf2403fa4f26fe91159bae1b.png\",\"contentUrl\":\"https:\\\/\\\/qgsgroup.com\\\/wp-content\\\/uploads\\\/aliexpress\\\/h62b2ede84bf2403fa4f26fe91159bae1b.png\",\"width\":750,\"height\":750},{\"@type\":\"BreadcrumbList\",\"@id\":\"https:\\\/\\\/qgsgroup.com\\\/product\\\/expansion-pole-and-accessories-modern-curtains-set-brass-curtain-rod-finials\\\/#breadcrumb\",\"itemListElement\":[{\"@type\":\"ListItem\",\"position\":1,\"name\":\"Home\",\"item\":\"https:\\\/\\\/qgsgroup.com\\\/\"},{\"@type\":\"ListItem\",\"position\":2,\"name\":\"Products\",\"item\":\"https:\\\/\\\/qgsgroup.com\\\/products\\\/\"},{\"@type\":\"ListItem\",\"position\":3,\"name\":\"Expansion Pole And Accessories Modern Curtains Set Brass Curtain Rod Finials\"}]},{\"@type\":\"WebSite\",\"@id\":\"https:\\\/\\\/rebornbusiness.com\\\/#website\",\"url\":\"https:\\\/\\\/rebornbusiness.com\\\/\",\"name\":\"Q.G.S\",\"description\":\"Q.G.S group company\",\"publisher\":{\"@id\":\"https:\\\/\\\/rebornbusiness.com\\\/#organization\"},\"potentialAction\":[{\"@type\":\"SearchAction\",\"target\":{\"@type\":\"EntryPoint\",\"urlTemplate\":\"https:\\\/\\\/rebornbusiness.com\\\/?s={search_term_string}\"},\"query-input\":{\"@type\":\"PropertyValueSpecification\",\"valueRequired\":true,\"valueName\":\"search_term_string\"}}],\"inLanguage\":\"pt-PT\"},{\"@type\":\"Organization\",\"@id\":\"https:\\\/\\\/rebornbusiness.com\\\/#organization\",\"name\":\"Q.G.S\",\"url\":\"https:\\\/\\\/rebornbusiness.com\\\/\",\"logo\":{\"@type\":\"ImageObject\",\"inLanguage\":\"pt-PT\",\"@id\":\"https:\\\/\\\/rebornbusiness.com\\\/#\\\/schema\\\/logo\\\/image\\\/\",\"url\":\"https:\\\/\\\/qgsgroup.com\\\/wp-content\\\/uploads\\\/2024\\\/03\\\/logo-electric-tools.png\",\"contentUrl\":\"https:\\\/\\\/qgsgroup.com\\\/wp-content\\\/uploads\\\/2024\\\/03\\\/logo-electric-tools.png\",\"width\":11090,\"height\":2459,\"caption\":\"Q.G.S\"},\"image\":{\"@id\":\"https:\\\/\\\/rebornbusiness.com\\\/#\\\/schema\\\/logo\\\/image\\\/\"}}]}<\/script>\n<!-- \/ Yoast SEO plugin. -->","yoast_head_json":{"title":"Expansion Pole And Accessories Modern Curtains Set Brass Curtain Rod Finials - Q.G.S","robots":{"index":"index","follow":"follow","max-snippet":"max-snippet:-1","max-image-preview":"max-image-preview:large","max-video-preview":"max-video-preview:-1"},"canonical":"https:\/\/qgsgroup.com\/pt\/produto\/expansion-pole-and-accessories-modern-curtains-set-brass-curtain-rod-finials\/","og_locale":"pt_PT","og_type":"article","og_title":"Expansion Pole And Accessories Modern Curtains Set Brass Curtain Rod Finials - Q.G.S","og_description":"Key attributes Industry-specific attributes Design Style Art Deco Other attributes Place of Origin Zhejiang, China Type Single Brand Name OEM Model Number RA-C021 Curtain Poles, Tracks &#038; Accessories Type Curtain Accessories Material Metal Material Aluminum Color AB,AC,golden,silver,black,white,etc&#8230; Size Diameter:19mm, 28mm Delivery time 25-30days Type Curtain Poles, Tracks &#038; Accessories Packaging and delivery Packaging Details OPP, PVC Port Ningbo, Shanghai Supply Ability Supply Ability 100000 Piece\/Pieces per Month Customization Customized packaging Min. order:500 Customized logo Min. order:500 Graphic customization Min. order:500 Products Description MaterialAluminumSizeDiameter:19mm, 28mmColorAB, AC, golden, silver, black, white, etc&#8230;MOQ500 SetsPackageOPP, PVCPackageCarton","og_url":"https:\/\/qgsgroup.com\/pt\/produto\/expansion-pole-and-accessories-modern-curtains-set-brass-curtain-rod-finials\/","og_site_name":"Q.G.S","article_modified_time":"2024-03-30T14:35:39+00:00","og_image":[{"width":750,"height":750,"url":"https:\/\/qgsgroup.com\/wp-content\/uploads\/aliexpress\/h62b2ede84bf2403fa4f26fe91159bae1b.png","type":"image\/jpeg"}],"twitter_card":"summary_large_image","schema":{"@context":"https:\/\/schema.org","@graph":[{"@type":"WebPage","@id":"https:\/\/qgsgroup.com\/product\/expansion-pole-and-accessories-modern-curtains-set-brass-curtain-rod-finials\/","url":"https:\/\/qgsgroup.com\/product\/expansion-pole-and-accessories-modern-curtains-set-brass-curtain-rod-finials\/","name":"Expansion Pole And Accessories Modern Curtains Set Brass Curtain Rod Finials - Q.G.S","isPartOf":{"@id":"https:\/\/rebornbusiness.com\/#website"},"primaryImageOfPage":{"@id":"https:\/\/qgsgroup.com\/product\/expansion-pole-and-accessories-modern-curtains-set-brass-curtain-rod-finials\/#primaryimage"},"image":{"@id":"https:\/\/qgsgroup.com\/product\/expansion-pole-and-accessories-modern-curtains-set-brass-curtain-rod-finials\/#primaryimage"},"thumbnailUrl":"https:\/\/qgsgroup.com\/wp-content\/uploads\/aliexpress\/h62b2ede84bf2403fa4f26fe91159bae1b.png","datePublished":"2024-03-30T14:35:26+00:00","dateModified":"2024-03-30T14:35:39+00:00","breadcrumb":{"@id":"https:\/\/qgsgroup.com\/product\/expansion-pole-and-accessories-modern-curtains-set-brass-curtain-rod-finials\/#breadcrumb"},"inLanguage":"pt-PT","potentialAction":[{"@type":"ReadAction","target":["https:\/\/qgsgroup.com\/product\/expansion-pole-and-accessories-modern-curtains-set-brass-curtain-rod-finials\/"]}]},{"@type":"ImageObject","inLanguage":"pt-PT","@id":"https:\/\/qgsgroup.com\/product\/expansion-pole-and-accessories-modern-curtains-set-brass-curtain-rod-finials\/#primaryimage","url":"https:\/\/qgsgroup.com\/wp-content\/uploads\/aliexpress\/h62b2ede84bf2403fa4f26fe91159bae1b.png","contentUrl":"https:\/\/qgsgroup.com\/wp-content\/uploads\/aliexpress\/h62b2ede84bf2403fa4f26fe91159bae1b.png","width":750,"height":750},{"@type":"BreadcrumbList","@id":"https:\/\/qgsgroup.com\/product\/expansion-pole-and-accessories-modern-curtains-set-brass-curtain-rod-finials\/#breadcrumb","itemListElement":[{"@type":"ListItem","position":1,"name":"Home","item":"https:\/\/qgsgroup.com\/"},{"@type":"ListItem","position":2,"name":"Products","item":"https:\/\/qgsgroup.com\/products\/"},{"@type":"ListItem","position":3,"name":"Expansion Pole And Accessories Modern Curtains Set Brass Curtain Rod Finials"}]},{"@type":"WebSite","@id":"https:\/\/rebornbusiness.com\/#website","url":"https:\/\/rebornbusiness.com\/","name":"Q.G.S","description":"Q.G.S group company","publisher":{"@id":"https:\/\/rebornbusiness.com\/#organization"},"potentialAction":[{"@type":"SearchAction","target":{"@type":"EntryPoint","urlTemplate":"https:\/\/rebornbusiness.com\/?s={search_term_string}"},"query-input":{"@type":"PropertyValueSpecification","valueRequired":true,"valueName":"search_term_string"}}],"inLanguage":"pt-PT"},{"@type":"Organization","@id":"https:\/\/rebornbusiness.com\/#organization","name":"Q.G.S","url":"https:\/\/rebornbusiness.com\/","logo":{"@type":"ImageObject","inLanguage":"pt-PT","@id":"https:\/\/rebornbusiness.com\/#\/schema\/logo\/image\/","url":"https:\/\/qgsgroup.com\/wp-content\/uploads\/2024\/03\/logo-electric-tools.png","contentUrl":"https:\/\/qgsgroup.com\/wp-content\/uploads\/2024\/03\/logo-electric-tools.png","width":11090,"height":2459,"caption":"Q.G.S"},"image":{"@id":"https:\/\/rebornbusiness.com\/#\/schema\/logo\/image\/"}}]}},"_links":{"self":[{"href":"https:\/\/qgsgroup.com\/pt\/wp-json\/wp\/v2\/product\/5693","targetHints":{"allow":["GET"]}}],"collection":[{"href":"https:\/\/qgsgroup.com\/pt\/wp-json\/wp\/v2\/product"}],"about":[{"href":"https:\/\/qgsgroup.com\/pt\/wp-json\/wp\/v2\/types\/product"}],"wp:featuredmedia":[{"embeddable":true,"href":"https:\/\/qgsgroup.com\/pt\/wp-json\/wp\/v2\/media\/4120"}],"wp:attachment":[{"href":"https:\/\/qgsgroup.com\/pt\/wp-json\/wp\/v2\/media?parent=5693"}],"wp:term":[{"taxonomy":"product_brand","embeddable":true,"href":"https:\/\/qgsgroup.com\/pt\/wp-json\/wp\/v2\/product_brand?post=5693"},{"taxonomy":"product_cat","embeddable":true,"href":"https:\/\/qgsgroup.com\/pt\/wp-json\/wp\/v2\/product_cat?post=5693"},{"taxonomy":"product_tag","embeddable":true,"href":"https:\/\/qgsgroup.com\/pt\/wp-json\/wp\/v2\/product_tag?post=5693"}],"curies":[{"name":"wp","href":"https:\/\/api.w.org\/{rel}","templated":true}]}}