{"id":7687,"date":"2024-03-31T05:46:58","date_gmt":"2024-03-31T05:46:58","guid":{"rendered":"https:\/\/qgsgroup.com\/products\/high-quality-customization-white-1-2cm-window-curtain-door-shower-curtain-plastic-curtain-hooks-2\/"},"modified":"2024-03-31T05:47:00","modified_gmt":"2024-03-31T05:47:00","slug":"high-quality-customization-white-1-2cm-window-curtain-door-shower-curtain-plastic-curtain-hooks-2","status":"publish","type":"product","link":"https:\/\/qgsgroup.com\/pt\/produto\/high-quality-customization-white-1-2cm-window-curtain-door-shower-curtain-plastic-curtain-hooks-2\/","title":{"rendered":"Personaliza\u00e7\u00e3o de alta qualidade Branco 1,2 cm Cortina de janela Porta Cortina de chuveiro Ganchos de cortina de pl\u00e1stico"},"content":{"rendered":"<div class=\"product-key-attributes\">\n<h3>Chaves de atributo<\/h3>\n<h4>Atributos espec\u00edficos do setor<\/h4>\n<ul>\n<li><label>Estilo de design<\/label>\n<div>Contemporary<\/div>\n<\/li>\n<\/ul>\n<h4>Outros atributos<\/h4>\n<ul>\n<li><label>Lugar de origem<\/label>\n<div>Zhejiang, China<\/div>\n<\/li>\n<li><label>Tipo<\/label>\n<div>Solteiro<\/div>\n<\/li>\n<li><label>Marca<\/label>\n<div>OEM<\/div>\n<\/li>\n<li><label>N\u00famero do modelo<\/label>\n<div>RF-P0010<\/div>\n<\/li>\n<li><label>Tipo de postes, trilhos e acess\u00f3rios para cortinas<\/label>\n<div>Acess\u00f3rios para cortinas<\/div>\n<\/li>\n<li><label>Material<\/label>\n<div>plastic<\/div>\n<\/li>\n<li><label>Tipo<\/label>\n<div>Postes, trilhos e acess\u00f3rios para cortinas<\/div>\n<\/li>\n<li><label>Material<\/label>\n<div>plastic<\/div>\n<\/li>\n<li><label>Cor<\/label>\n<div>white<\/div>\n<\/li>\n<li><label>Prazo de entrega<\/label>\n<div>20DAYS<\/div>\n<\/li>\n<li><label>Colors<\/label>\n<div>White<\/div>\n<\/li>\n<li><label>Embalagem<\/label>\n<div>CTN<\/div>\n<\/li>\n<\/ul>\n<h4>Embalagem e entrega<\/h4>\n<ul>\n<li><label>Detalhes da embalagem<\/label>\n<div>CTN<\/div>\n<\/li>\n<li><label>Porta<\/label>\n<div>ningbo,shanghai,etc&#8230;<\/div>\n<\/li>\n<\/ul>\n<h4>capacidade de fornecimento<\/h4>\n<ul>\n<li><label>capacidade de fornecimento<\/label>\n<div>5000000 Piece\/Pieces per   Month<\/div>\n<\/li>\n<\/ul>\n<\/div>\n<div class=\"product-customization\">\n<h3>Costumiza\u00e7\u00e3o<\/h3>\n<div>\n<div>\n<p>Logotipo personalizado<\/p>\n<p><label>Min. ordem:<\/label>20<\/p>\n<\/div>\n<div>\n<p>Embalagem personalizada<\/p>\n<p><label>Min. ordem:<\/label>20<\/p>\n<\/div>\n<div>\n<p>Personaliza\u00e7\u00e3o gr\u00e1fica<\/p>\n<p><label>Min. ordem:<\/label>20<\/p>\n<\/div>\n<\/div>\n<\/div>\n<p><div data-magic-global=\"%7B%22bizId%22%3A3210435406%2C%22pageId%22%3A21171552153%2C%22siteId%22%3A5005373107%7D\" id=\"detail_decorate_root\"><br \/>\n      <div module-id=\"31970885042\" module-title=\"detailProductNavigation\" render=\"true\" class=\"J_module\"><div id=\"ali-anchor-AliMagic-bi2urc\" data-section=\"AliMagic-bi2urc\" data-section-title=\"Products Description\" class=\"magic-0\">Descri\u00e7\u00e3o dos produtos<\/div><\/div><\/p>\n<p>      <div module-id=\"31970885043\" module-title=\"detailSingleImage\" render=\"true\" class=\"J_module\"><div class=\"icbu-pc-images magic-1\"><div><div class=\"flex-layout-v\"><div class=\"flex-layout-h magic-1\"><div class=\"magic-2\"><img src=\"https:\/\/qgsgroup.com\/wp-content\/uploads\/aliexpress\/h66b32e77f97246fe9616b4201ce0b4d5l.jpg\" class=\"magic-3\"\/><\/div><\/div><\/div><\/div><\/div><\/div><\/p>\n<p>      <div module-id=\"31970885044\" module-title=\"detailTableNoTitle\" render=\"true\" class=\"J_module\"><div class=\"ife-detail-decorate-table\"><table class=\"all magic-4\"><tbody><tr><td colspan=\"1\" rowspan=\"1\"><div class=\"magic-5\">Material<\/div><\/td><td colspan=\"3\" rowspan=\"1\"><div class=\"magic-6\">plastic<\/div><\/td><\/tr><tr><td colspan=\"1\" rowspan=\"1\"><div class=\"magic-5\">Cor<\/div><\/td><td colspan=\"3\" rowspan=\"1\"><div class=\"magic-6\">white<\/div><\/td><\/tr><tr><td colspan=\"1\" rowspan=\"1\"><div class=\"magic-5\">Quantidade m\u00ednima<\/div><\/td><td colspan=\"3\" rowspan=\"1\"><div class=\"magic-6\">10000 pcs<\/div><\/td><\/tr><tr><td colspan=\"1\" rowspan=\"1\"><div class=\"magic-5\">Pacote<\/div><\/td><td colspan=\"3\" rowspan=\"1\"><div class=\"magic-6\">CTN<\/div><\/td><\/tr><tr><td colspan=\"1\" rowspan=\"1\"><div class=\"magic-5\">Prazo de entrega<\/div><\/td><td colspan=\"3\" rowspan=\"1\"><div class=\"magic-6\">20DAYS<\/div><\/td><\/tr><\/tbody><\/table><\/div><\/div><\/p>\n<p>      <div module-id=\"31970885045\" module-title=\"detailManyImage\" render=\"true\" class=\"J_module\"><div class=\"icbu-pc-detailManyImage magic-10\"><div class=\"magic-11\"><img src=\"https:\/\/qgsgroup.com\/wp-content\/uploads\/aliexpress\/htb15tnrbevrk1rjsszfq6xjnvxan.jpg\" class=\"magic-12\"\/><\/div><div class=\"magic-11\"><img src=\"https:\/\/qgsgroup.com\/wp-content\/uploads\/aliexpress\/htb1vbttbzduk1rjsszdq6xglpxad.jpg\" class=\"magic-12\"\/><\/div><div class=\"magic-11\"><img src=\"https:\/\/qgsgroup.com\/wp-content\/uploads\/aliexpress\/htb1fl8ubydxk1rjy1zcq6ygexxar.jpg\" class=\"magic-12\"\/><\/div><div class=\"magic-11\"><img src=\"https:\/\/qgsgroup.com\/wp-content\/uploads\/aliexpress\/htb1c2imbjluk1rjy0fhq6xpdfxaw.jpg\" class=\"magic-12\"\/><\/div><div class=\"magic-11\"><img src=\"https:\/\/qgsgroup.com\/wp-content\/uploads\/aliexpress\/htb1vqrdbzduk1rjy1zjq6zrafxa3.jpg\" class=\"magic-12\"\/><\/div><\/div><\/div><\/p>\n<p>      <div module-id=\"31970885046\" module-title=\"detailProductNavigation\" render=\"true\" class=\"J_module\"><div id=\"ali-anchor-AliMagic-svzlxx\" data-section=\"AliMagic-svzlxx\" data-section-title=\"Recommend Products\" class=\"magic-0\">Recommend Products<\/div><\/div><\/p>\n<p>      <div module-id=\"31970885047\" module-title=\"detailSellerRecommend\" render=\"true\" class=\"J_module\"><div data-magic=\"{&quot;mds&quot;:{&quot;assetsVersion&quot;:&quot;0.0.14&quot;,&quot;assetsPackageName&quot;:&quot;icbumod&quot;,&quot;moduleNameAlias&quot;:&quot;icbu-pc-detailSellerRecommend&quot;,&quot;moduleData&quot;:{&quot;config&quot;:{&quot;columnCount&quot;:4,&quot;titleKey&quot;:6,&quot;products&quot;:[1600674810793,1600674916234,1600674750930,1600669354716,1600669370793,1600669448090,1600669366759,1600669364850]}}},&quot;version&quot;:1}\" class=\"icbu-pc-detailSellerRecommend magic-13\"><\/div><\/div><\/p>\n<p>      <div module-id=\"31970885048\" module-title=\"detailTwoImages\" render=\"true\" class=\"J_module\"><div class=\"icbu-pc-images magic-1\"><div><div class=\"flex-layout-v\"><div class=\"flex-layout-h magic-1\"><div class=\"magic-14\"><a href=\"https:\/\/reven.en.alibaba.com\/contactinfo.html\" target=\"_blank\" rel=\"noopener\"><img src=\"https:\/\/qgsgroup.com\/wp-content\/uploads\/aliexpress\/h06e3d6daf5c34be5acf46d47224cb2fdf.png\" class=\"magic-15\"\/><\/a><\/div><div class=\"magic-16\"><a href=\"https:\/\/reven.en.alibaba.com\/contactinfo.html\" target=\"_blank\" rel=\"noopener\"><img src=\"https:\/\/qgsgroup.com\/wp-content\/uploads\/aliexpress\/ha021031a26bc47929ced95cf7e536140x.png\" class=\"magic-15\"\/><\/a><\/div><\/div><\/div><\/div><\/div><\/div><\/p>\n<p>      <div module-id=\"31970885049\" module-title=\"detailProductNavigation\" render=\"true\" class=\"J_module\"><div id=\"ali-anchor-AliMagic-q70suo\" data-section=\"AliMagic-q70suo\" data-section-title=\"Product Paramenters\" class=\"magic-0\">Product Paramenters<\/div><\/div><\/p>\n<p>      <div module-id=\"31970885050\" module-title=\"detailSingleImage\" render=\"true\" class=\"J_module\"><div class=\"icbu-pc-images magic-1\"><div><div class=\"flex-layout-v\"><div class=\"flex-layout-h magic-1\"><div class=\"magic-17\"><img src=\"https:\/\/qgsgroup.com\/wp-content\/uploads\/aliexpress\/h251e653a53ac4e36a5c3c43e027d6211j.jpg\" usemap=\"#5-dd-109-a1ad\" class=\"magic-18\"\/><\/div><\/div><\/div><\/div><\/div><\/div><\/p>\n<p><\/DIV><\/p>","protected":false},"excerpt":{"rendered":"<p>Key attributes Industry-specific attributes Design Style Contemporary Other attributes Place of Origin Zhejiang, China Type Single Brand Name OEM Model Number RF-P0010 Curtain Poles, Tracks &#038; Accessories Type Curtain Accessories Material plastic Type Curtain Poles, Tracks &#038; Accessories Material plastic Color white Delivery time 20DAYS Colors White Packing CTN Packaging and delivery Packaging Details CTN Port ningbo,shanghai,etc&#8230; Supply Ability Supply Ability 5000000 Piece\/Pieces per Month Customization Customized logo Min. order:20 Customized packaging Min. order:20 Graphic customization Min. order:20 Products Description MaterialplasticColorwhiteMOQ10000 pcsPackageCTNDelivery time20DAYS Recommend Products Product Paramenters<\/p>","protected":false},"featured_media":7686,"template":"","meta":{"site-sidebar-layout":"default","site-content-layout":"","ast-site-content-layout":"","site-content-style":"default","site-sidebar-style":"default","ast-global-header-display":"","ast-banner-title-visibility":"","ast-main-header-display":"","ast-hfb-above-header-display":"","ast-hfb-below-header-display":"","ast-hfb-mobile-header-display":"","site-post-title":"","ast-breadcrumbs-content":"","ast-featured-img":"","footer-sml-layout":"","theme-transparent-header-meta":"","adv-header-id-meta":"","stick-header-meta":"","header-above-stick-meta":"","header-main-stick-meta":"","header-below-stick-meta":"","astra-migrate-meta-layouts":"default","ast-page-background-enabled":"default","ast-page-background-meta":{"desktop":{"background-color":"","background-image":"","background-repeat":"repeat","background-position":"center center","background-size":"auto","background-attachment":"scroll","background-type":"","background-media":"","overlay-type":"","overlay-color":"","overlay-opacity":"","overlay-gradient":""},"tablet":{"background-color":"","background-image":"","background-repeat":"repeat","background-position":"center center","background-size":"auto","background-attachment":"scroll","background-type":"","background-media":"","overlay-type":"","overlay-color":"","overlay-opacity":"","overlay-gradient":""},"mobile":{"background-color":"","background-image":"","background-repeat":"repeat","background-position":"center center","background-size":"auto","background-attachment":"scroll","background-type":"","background-media":"","overlay-type":"","overlay-color":"","overlay-opacity":"","overlay-gradient":""}},"ast-content-background-meta":{"desktop":{"background-color":"var(--ast-global-color-5)","background-image":"","background-repeat":"repeat","background-position":"center center","background-size":"auto","background-attachment":"scroll","background-type":"","background-media":"","overlay-type":"","overlay-color":"","overlay-opacity":"","overlay-gradient":""},"tablet":{"background-color":"var(--ast-global-color-5)","background-image":"","background-repeat":"repeat","background-position":"center center","background-size":"auto","background-attachment":"scroll","background-type":"","background-media":"","overlay-type":"","overlay-color":"","overlay-opacity":"","overlay-gradient":""},"mobile":{"background-color":"var(--ast-global-color-5)","background-image":"","background-repeat":"repeat","background-position":"center center","background-size":"auto","background-attachment":"scroll","background-type":"","background-media":"","overlay-type":"","overlay-color":"","overlay-opacity":"","overlay-gradient":""}}},"product_brand":[],"product_cat":[92],"product_tag":[],"class_list":{"0":"post-7687","1":"product","2":"type-product","3":"status-publish","4":"has-post-thumbnail","6":"product_cat-plastic-hooks","7":"desktop-align-left","8":"tablet-align-left","9":"mobile-align-left","11":"first","12":"instock","13":"shipping-taxable","14":"product-type-simple"},"yoast_head":"<!-- This site is optimized with the Yoast SEO plugin v27.4 - https:\/\/yoast.com\/product\/yoast-seo-wordpress\/ -->\n<title>High quality customization White 1.2cm Window Curtain Door Shower Curtain Plastic Curtain Hooks - Q.G.S<\/title>\n<meta name=\"robots\" content=\"index, follow, max-snippet:-1, max-image-preview:large, max-video-preview:-1\" \/>\n<link rel=\"canonical\" href=\"https:\/\/qgsgroup.com\/pt\/produto\/high-quality-customization-white-1-2cm-window-curtain-door-shower-curtain-plastic-curtain-hooks-2\/\" \/>\n<meta property=\"og:locale\" content=\"pt_PT\" \/>\n<meta property=\"og:type\" content=\"article\" \/>\n<meta property=\"og:title\" content=\"High quality customization White 1.2cm Window Curtain Door Shower Curtain Plastic Curtain Hooks - Q.G.S\" \/>\n<meta property=\"og:description\" content=\"Key attributes Industry-specific attributes Design Style Contemporary Other attributes Place of Origin Zhejiang, China Type Single Brand Name OEM Model Number RF-P0010 Curtain Poles, Tracks &#038; Accessories Type Curtain Accessories Material plastic Type Curtain Poles, Tracks &#038; Accessories Material plastic Color white Delivery time 20DAYS Colors White Packing CTN Packaging and delivery Packaging Details CTN Port ningbo,shanghai,etc&#8230; Supply Ability Supply Ability 5000000 Piece\/Pieces per Month Customization Customized logo Min. order:20 Customized packaging Min. order:20 Graphic customization Min. order:20 Products Description MaterialplasticColorwhiteMOQ10000 pcsPackageCTNDelivery time20DAYS Recommend Products Product Paramenters\" \/>\n<meta property=\"og:url\" content=\"https:\/\/qgsgroup.com\/pt\/produto\/high-quality-customization-white-1-2cm-window-curtain-door-shower-curtain-plastic-curtain-hooks-2\/\" \/>\n<meta property=\"og:site_name\" content=\"Q.G.S\" \/>\n<meta property=\"article:modified_time\" content=\"2024-03-31T05:47:00+00:00\" \/>\n<meta property=\"og:image\" content=\"https:\/\/qgsgroup.com\/wp-content\/uploads\/2024\/03\/hf442e5e356ab40fc96b67af77282e53d8.jpg\" \/>\n\t<meta property=\"og:image:width\" content=\"750\" \/>\n\t<meta property=\"og:image:height\" content=\"750\" \/>\n\t<meta property=\"og:image:type\" content=\"image\/jpeg\" \/>\n<meta name=\"twitter:card\" content=\"summary_large_image\" \/>\n<script type=\"application\/ld+json\" class=\"yoast-schema-graph\">{\"@context\":\"https:\\\/\\\/schema.org\",\"@graph\":[{\"@type\":\"WebPage\",\"@id\":\"https:\\\/\\\/qgsgroup.com\\\/product\\\/high-quality-customization-white-1-2cm-window-curtain-door-shower-curtain-plastic-curtain-hooks-2\\\/\",\"url\":\"https:\\\/\\\/qgsgroup.com\\\/product\\\/high-quality-customization-white-1-2cm-window-curtain-door-shower-curtain-plastic-curtain-hooks-2\\\/\",\"name\":\"High quality customization White 1.2cm Window Curtain Door Shower Curtain Plastic Curtain Hooks - Q.G.S\",\"isPartOf\":{\"@id\":\"https:\\\/\\\/rebornbusiness.com\\\/#website\"},\"primaryImageOfPage\":{\"@id\":\"https:\\\/\\\/qgsgroup.com\\\/product\\\/high-quality-customization-white-1-2cm-window-curtain-door-shower-curtain-plastic-curtain-hooks-2\\\/#primaryimage\"},\"image\":{\"@id\":\"https:\\\/\\\/qgsgroup.com\\\/product\\\/high-quality-customization-white-1-2cm-window-curtain-door-shower-curtain-plastic-curtain-hooks-2\\\/#primaryimage\"},\"thumbnailUrl\":\"https:\\\/\\\/qgsgroup.com\\\/wp-content\\\/uploads\\\/2024\\\/03\\\/hf442e5e356ab40fc96b67af77282e53d8.jpg\",\"datePublished\":\"2024-03-31T05:46:58+00:00\",\"dateModified\":\"2024-03-31T05:47:00+00:00\",\"breadcrumb\":{\"@id\":\"https:\\\/\\\/qgsgroup.com\\\/product\\\/high-quality-customization-white-1-2cm-window-curtain-door-shower-curtain-plastic-curtain-hooks-2\\\/#breadcrumb\"},\"inLanguage\":\"pt-PT\",\"potentialAction\":[{\"@type\":\"ReadAction\",\"target\":[\"https:\\\/\\\/qgsgroup.com\\\/product\\\/high-quality-customization-white-1-2cm-window-curtain-door-shower-curtain-plastic-curtain-hooks-2\\\/\"]}]},{\"@type\":\"ImageObject\",\"inLanguage\":\"pt-PT\",\"@id\":\"https:\\\/\\\/qgsgroup.com\\\/product\\\/high-quality-customization-white-1-2cm-window-curtain-door-shower-curtain-plastic-curtain-hooks-2\\\/#primaryimage\",\"url\":\"https:\\\/\\\/qgsgroup.com\\\/wp-content\\\/uploads\\\/2024\\\/03\\\/hf442e5e356ab40fc96b67af77282e53d8.jpg\",\"contentUrl\":\"https:\\\/\\\/qgsgroup.com\\\/wp-content\\\/uploads\\\/2024\\\/03\\\/hf442e5e356ab40fc96b67af77282e53d8.jpg\",\"width\":750,\"height\":750},{\"@type\":\"BreadcrumbList\",\"@id\":\"https:\\\/\\\/qgsgroup.com\\\/product\\\/high-quality-customization-white-1-2cm-window-curtain-door-shower-curtain-plastic-curtain-hooks-2\\\/#breadcrumb\",\"itemListElement\":[{\"@type\":\"ListItem\",\"position\":1,\"name\":\"Home\",\"item\":\"https:\\\/\\\/qgsgroup.com\\\/\"},{\"@type\":\"ListItem\",\"position\":2,\"name\":\"Products\",\"item\":\"https:\\\/\\\/qgsgroup.com\\\/products\\\/\"},{\"@type\":\"ListItem\",\"position\":3,\"name\":\"High quality customization White 1.2cm Window Curtain Door Shower Curtain Plastic Curtain Hooks\"}]},{\"@type\":\"WebSite\",\"@id\":\"https:\\\/\\\/rebornbusiness.com\\\/#website\",\"url\":\"https:\\\/\\\/rebornbusiness.com\\\/\",\"name\":\"Q.G.S\",\"description\":\"Q.G.S group company\",\"publisher\":{\"@id\":\"https:\\\/\\\/rebornbusiness.com\\\/#organization\"},\"potentialAction\":[{\"@type\":\"SearchAction\",\"target\":{\"@type\":\"EntryPoint\",\"urlTemplate\":\"https:\\\/\\\/rebornbusiness.com\\\/?s={search_term_string}\"},\"query-input\":{\"@type\":\"PropertyValueSpecification\",\"valueRequired\":true,\"valueName\":\"search_term_string\"}}],\"inLanguage\":\"pt-PT\"},{\"@type\":\"Organization\",\"@id\":\"https:\\\/\\\/rebornbusiness.com\\\/#organization\",\"name\":\"Q.G.S\",\"url\":\"https:\\\/\\\/rebornbusiness.com\\\/\",\"logo\":{\"@type\":\"ImageObject\",\"inLanguage\":\"pt-PT\",\"@id\":\"https:\\\/\\\/rebornbusiness.com\\\/#\\\/schema\\\/logo\\\/image\\\/\",\"url\":\"https:\\\/\\\/qgsgroup.com\\\/wp-content\\\/uploads\\\/2024\\\/03\\\/logo-electric-tools.png\",\"contentUrl\":\"https:\\\/\\\/qgsgroup.com\\\/wp-content\\\/uploads\\\/2024\\\/03\\\/logo-electric-tools.png\",\"width\":11090,\"height\":2459,\"caption\":\"Q.G.S\"},\"image\":{\"@id\":\"https:\\\/\\\/rebornbusiness.com\\\/#\\\/schema\\\/logo\\\/image\\\/\"}}]}<\/script>\n<!-- \/ Yoast SEO plugin. -->","yoast_head_json":{"title":"High quality customization White 1.2cm Window Curtain Door Shower Curtain Plastic Curtain Hooks - Q.G.S","robots":{"index":"index","follow":"follow","max-snippet":"max-snippet:-1","max-image-preview":"max-image-preview:large","max-video-preview":"max-video-preview:-1"},"canonical":"https:\/\/qgsgroup.com\/pt\/produto\/high-quality-customization-white-1-2cm-window-curtain-door-shower-curtain-plastic-curtain-hooks-2\/","og_locale":"pt_PT","og_type":"article","og_title":"High quality customization White 1.2cm Window Curtain Door Shower Curtain Plastic Curtain Hooks - Q.G.S","og_description":"Key attributes Industry-specific attributes Design Style Contemporary Other attributes Place of Origin Zhejiang, China Type Single Brand Name OEM Model Number RF-P0010 Curtain Poles, Tracks &#038; Accessories Type Curtain Accessories Material plastic Type Curtain Poles, Tracks &#038; Accessories Material plastic Color white Delivery time 20DAYS Colors White Packing CTN Packaging and delivery Packaging Details CTN Port ningbo,shanghai,etc&#8230; Supply Ability Supply Ability 5000000 Piece\/Pieces per Month Customization Customized logo Min. order:20 Customized packaging Min. order:20 Graphic customization Min. order:20 Products Description MaterialplasticColorwhiteMOQ10000 pcsPackageCTNDelivery time20DAYS Recommend Products Product Paramenters","og_url":"https:\/\/qgsgroup.com\/pt\/produto\/high-quality-customization-white-1-2cm-window-curtain-door-shower-curtain-plastic-curtain-hooks-2\/","og_site_name":"Q.G.S","article_modified_time":"2024-03-31T05:47:00+00:00","og_image":[{"width":750,"height":750,"url":"https:\/\/qgsgroup.com\/wp-content\/uploads\/2024\/03\/hf442e5e356ab40fc96b67af77282e53d8.jpg","type":"image\/jpeg"}],"twitter_card":"summary_large_image","schema":{"@context":"https:\/\/schema.org","@graph":[{"@type":"WebPage","@id":"https:\/\/qgsgroup.com\/product\/high-quality-customization-white-1-2cm-window-curtain-door-shower-curtain-plastic-curtain-hooks-2\/","url":"https:\/\/qgsgroup.com\/product\/high-quality-customization-white-1-2cm-window-curtain-door-shower-curtain-plastic-curtain-hooks-2\/","name":"High quality customization White 1.2cm Window Curtain Door Shower Curtain Plastic Curtain Hooks - Q.G.S","isPartOf":{"@id":"https:\/\/rebornbusiness.com\/#website"},"primaryImageOfPage":{"@id":"https:\/\/qgsgroup.com\/product\/high-quality-customization-white-1-2cm-window-curtain-door-shower-curtain-plastic-curtain-hooks-2\/#primaryimage"},"image":{"@id":"https:\/\/qgsgroup.com\/product\/high-quality-customization-white-1-2cm-window-curtain-door-shower-curtain-plastic-curtain-hooks-2\/#primaryimage"},"thumbnailUrl":"https:\/\/qgsgroup.com\/wp-content\/uploads\/2024\/03\/hf442e5e356ab40fc96b67af77282e53d8.jpg","datePublished":"2024-03-31T05:46:58+00:00","dateModified":"2024-03-31T05:47:00+00:00","breadcrumb":{"@id":"https:\/\/qgsgroup.com\/product\/high-quality-customization-white-1-2cm-window-curtain-door-shower-curtain-plastic-curtain-hooks-2\/#breadcrumb"},"inLanguage":"pt-PT","potentialAction":[{"@type":"ReadAction","target":["https:\/\/qgsgroup.com\/product\/high-quality-customization-white-1-2cm-window-curtain-door-shower-curtain-plastic-curtain-hooks-2\/"]}]},{"@type":"ImageObject","inLanguage":"pt-PT","@id":"https:\/\/qgsgroup.com\/product\/high-quality-customization-white-1-2cm-window-curtain-door-shower-curtain-plastic-curtain-hooks-2\/#primaryimage","url":"https:\/\/qgsgroup.com\/wp-content\/uploads\/2024\/03\/hf442e5e356ab40fc96b67af77282e53d8.jpg","contentUrl":"https:\/\/qgsgroup.com\/wp-content\/uploads\/2024\/03\/hf442e5e356ab40fc96b67af77282e53d8.jpg","width":750,"height":750},{"@type":"BreadcrumbList","@id":"https:\/\/qgsgroup.com\/product\/high-quality-customization-white-1-2cm-window-curtain-door-shower-curtain-plastic-curtain-hooks-2\/#breadcrumb","itemListElement":[{"@type":"ListItem","position":1,"name":"Home","item":"https:\/\/qgsgroup.com\/"},{"@type":"ListItem","position":2,"name":"Products","item":"https:\/\/qgsgroup.com\/products\/"},{"@type":"ListItem","position":3,"name":"High quality customization White 1.2cm Window Curtain Door Shower Curtain Plastic Curtain Hooks"}]},{"@type":"WebSite","@id":"https:\/\/rebornbusiness.com\/#website","url":"https:\/\/rebornbusiness.com\/","name":"Q.G.S","description":"Q.G.S group company","publisher":{"@id":"https:\/\/rebornbusiness.com\/#organization"},"potentialAction":[{"@type":"SearchAction","target":{"@type":"EntryPoint","urlTemplate":"https:\/\/rebornbusiness.com\/?s={search_term_string}"},"query-input":{"@type":"PropertyValueSpecification","valueRequired":true,"valueName":"search_term_string"}}],"inLanguage":"pt-PT"},{"@type":"Organization","@id":"https:\/\/rebornbusiness.com\/#organization","name":"Q.G.S","url":"https:\/\/rebornbusiness.com\/","logo":{"@type":"ImageObject","inLanguage":"pt-PT","@id":"https:\/\/rebornbusiness.com\/#\/schema\/logo\/image\/","url":"https:\/\/qgsgroup.com\/wp-content\/uploads\/2024\/03\/logo-electric-tools.png","contentUrl":"https:\/\/qgsgroup.com\/wp-content\/uploads\/2024\/03\/logo-electric-tools.png","width":11090,"height":2459,"caption":"Q.G.S"},"image":{"@id":"https:\/\/rebornbusiness.com\/#\/schema\/logo\/image\/"}}]}},"_links":{"self":[{"href":"https:\/\/qgsgroup.com\/pt\/wp-json\/wp\/v2\/product\/7687","targetHints":{"allow":["GET"]}}],"collection":[{"href":"https:\/\/qgsgroup.com\/pt\/wp-json\/wp\/v2\/product"}],"about":[{"href":"https:\/\/qgsgroup.com\/pt\/wp-json\/wp\/v2\/types\/product"}],"wp:featuredmedia":[{"embeddable":true,"href":"https:\/\/qgsgroup.com\/pt\/wp-json\/wp\/v2\/media\/7686"}],"wp:attachment":[{"href":"https:\/\/qgsgroup.com\/pt\/wp-json\/wp\/v2\/media?parent=7687"}],"wp:term":[{"taxonomy":"product_brand","embeddable":true,"href":"https:\/\/qgsgroup.com\/pt\/wp-json\/wp\/v2\/product_brand?post=7687"},{"taxonomy":"product_cat","embeddable":true,"href":"https:\/\/qgsgroup.com\/pt\/wp-json\/wp\/v2\/product_cat?post=7687"},{"taxonomy":"product_tag","embeddable":true,"href":"https:\/\/qgsgroup.com\/pt\/wp-json\/wp\/v2\/product_tag?post=7687"}],"curies":[{"name":"wp","href":"https:\/\/api.w.org\/{rel}","templated":true}]}}