{"id":5724,"date":"2024-03-30T14:41:02","date_gmt":"2024-03-30T14:41:02","guid":{"rendered":"https:\/\/qgsgroup.com\/products\/antique-brass-classical-crystal-head-mental-curtain-rods-and-accessories-curtain-poles-finials\/"},"modified":"2024-03-30T14:41:09","modified_gmt":"2024-03-30T14:41:09","slug":"antique-brass-classical-crystal-head-mental-curtain-rods-and-accessories-curtain-poles-finials","status":"publish","type":"product","link":"https:\/\/qgsgroup.com\/sv\/produkt\/antique-brass-classical-crystal-head-mental-curtain-rods-and-accessories-curtain-poles-finials\/","title":{"rendered":"Antik m\u00e4ssing Klassisk kristallhuvud Mental gardinst\u00e4nger och tillbeh\u00f6r Gardinst\u00e4nger Finials"},"content":{"rendered":"<div class=\"product-key-attributes\">\n<h3>Nyckelattribut<\/h3>\n<h4>Branschspecifika attribut<\/h4>\n<ul>\n<li><label>Designstil<\/label>\n<div>Modern<\/div>\n<\/li>\n<\/ul>\n<h4>Andra attribut<\/h4>\n<ul>\n<li><label>H\u00e4rstamning<\/label>\n<div>Zhejiang, Kina<\/div>\n<\/li>\n<li><label>Typ<\/label>\n<div>Enda<\/div>\n<\/li>\n<li><label>Varum\u00e4rke<\/label>\n<div>OEM<\/div>\n<\/li>\n<li><label>Modellnummer<\/label>\n<div>RA-F005<\/div>\n<\/li>\n<li><label>Gardinst\u00e4nger, sp\u00e5r och tillbeh\u00f6r Typ<\/label>\n<div>Gardintillbeh\u00f6r<\/div>\n<\/li>\n<li><label>Material<\/label>\n<div>Plast<\/div>\n<\/li>\n<li><label>l\u00e4ngd<\/label>\n<div>35mm, 26mm<\/div>\n<\/li>\n<li><label>Typ<\/label>\n<div>Gardinst\u00e4nger, sp\u00e5r &amp; tillbeh\u00f6r<\/div>\n<\/li>\n<li><label>Material<\/label>\n<div>Plast<\/div>\n<\/li>\n<li><label>F\u00e4rg<\/label>\n<div>Golden, silver, bronze, coffee, etc&#8230;<\/div>\n<\/li>\n<li><label>Storlek<\/label>\n<div>Diameter:26mm, 35mm<\/div>\n<\/li>\n<\/ul>\n<h4>Paketering och leverans<\/h4>\n<ul>\n<li><label>f\u00f6rpackningsdetaljer<\/label>\n<div>OPP<\/div>\n<\/li>\n<li><label>Hamn<\/label>\n<div>Ningbo, Shanghai<\/div>\n<\/li>\n<\/ul>\n<h4>F\u00f6rs\u00f6rjningsf\u00f6rm\u00e5ga<\/h4>\n<ul>\n<li><label>F\u00f6rs\u00f6rjningsf\u00f6rm\u00e5ga<\/label>\n<div>1000000 stycken\/stycken per m\u00e5nad<\/div>\n<\/li>\n<\/ul>\n<\/div>\n<p><div data-magic-global=\"%7B%22bizId%22%3A3210435406%2C%22pageId%22%3A21195708301%2C%22siteId%22%3A5005373107%7D\" id=\"detail_decorate_root\"><br \/>\n      <div module-id=\"33636476556\" module-title=\"detailSingleImage\" render=\"true\" class=\"J_module\"><div class=\"icbu-pc-images magic-0\"><div><div class=\"flex-layout-v\"><div class=\"flex-layout-h magic-0\"><div class=\"magic-1\"><img src=\"https:\/\/qgsgroup.com\/wp-content\/uploads\/aliexpress\/h5175047b0a0e4ad7a22e9513ef1a33acm.jpg\" usemap=\"#4-10-754-e17e\" class=\"magic-2\"\/><\/div><\/div><\/div><\/div><\/div><\/div><\/p>\n<p>      <div module-id=\"33636476557\" module-title=\"detailProductNavigation\" render=\"true\" class=\"J_module\"><div id=\"ali-anchor-AliMagic-jy5bwv\" data-section=\"AliMagic-jy5bwv\" data-section-title=\"Products Description\" class=\"magic-3\">Produktbeskrivning<\/div><\/div><\/p>\n<p>      <div module-id=\"32644823779\" module-title=\"detailTableNoTitle\" render=\"true\" class=\"J_module\"><div class=\"ife-detail-decorate-table\"><table class=\"all magic-4\"><tbody><tr><td colspan=\"1\" rowspan=\"1\"><div class=\"magic-5\">Material<\/div><\/td><td colspan=\"3\" rowspan=\"1\"><div class=\"magic-6\">Plast<\/div><\/td><\/tr><tr><td colspan=\"1\" rowspan=\"1\"><div class=\"magic-5\">Storlek<\/div><\/td><td colspan=\"3\" rowspan=\"1\"><div class=\"magic-6\">Diameter:26mm, 35mm<\/div><\/td><\/tr><tr><td colspan=\"1\" rowspan=\"1\"><div class=\"magic-5\">F\u00e4rg<\/div><\/td><td colspan=\"3\" rowspan=\"1\"><div class=\"magic-6\">Golden, silver, bronze, coffee, etc&#8230;<\/div><\/td><\/tr><tr><td colspan=\"1\" rowspan=\"1\"><div class=\"magic-5\">MOQ<\/div><\/td><td colspan=\"3\" rowspan=\"1\"><div class=\"magic-6\">1000 Sets<\/div><\/td><\/tr><tr><td colspan=\"1\" rowspan=\"1\"><div class=\"magic-5\">Paket<\/div><\/td><td colspan=\"3\" rowspan=\"1\"><div class=\"magic-6\">OPP<\/div><\/td><\/tr><\/tbody><\/table><\/div><\/div><\/p>\n<p>      <div module-id=\"32644823780\" module-title=\"detailManyImage\" render=\"true\" class=\"J_module\"><div class=\"icbu-pc-detailManyImage magic-10\"><div class=\"magic-11\"><img src=\"https:\/\/qgsgroup.com\/wp-content\/uploads\/aliexpress\/hf234437f760147db9cb75be2d4d1ef45h.png\" class=\"magic-12\"\/><\/div><div class=\"magic-11\"><img src=\"https:\/\/qgsgroup.com\/wp-content\/uploads\/aliexpress\/h06121055be074bc4bc059765c3b1b287o.png\" class=\"magic-12\"\/><\/div><div class=\"magic-11\"><img src=\"https:\/\/qgsgroup.com\/wp-content\/uploads\/aliexpress\/h2102703a7fec44139ffc32625b25c2f28.png\" class=\"magic-12\"\/><\/div><div class=\"magic-11\"><img src=\"https:\/\/qgsgroup.com\/wp-content\/uploads\/aliexpress\/h3399f3092b2446a2ac0941ca8246457c3.png\" class=\"magic-12\"\/><\/div><div class=\"magic-11\"><img src=\"https:\/\/qgsgroup.com\/wp-content\/uploads\/aliexpress\/hf30a15d64b354de3adf5b022385cce5cx.png\" class=\"magic-12\"\/><\/div><div class=\"magic-11\"><img src=\"https:\/\/qgsgroup.com\/wp-content\/uploads\/aliexpress\/h63000931af76451980de7738d2232238l.png\" class=\"magic-12\"\/><\/div><\/div><\/div><\/p>\n<p>      <div module-id=\"33636476560\" module-title=\"detailSingleImage\" render=\"true\" class=\"J_module\"><div class=\"icbu-pc-images magic-0\"><div><div class=\"flex-layout-v\"><div class=\"flex-layout-h magic-0\"><div class=\"magic-13\"><img src=\"https:\/\/qgsgroup.com\/wp-content\/uploads\/aliexpress\/hea1474d1449e48738f187618f545d275w.jpg\" class=\"magic-14\"\/><\/div><\/div><\/div><\/div><\/div><\/div><\/p>\n<p>      <div module-id=\"33636476561\" module-title=\"detailSingleImage\" render=\"true\" class=\"J_module\"><div class=\"icbu-pc-images magic-0\"><div><div class=\"flex-layout-v\"><div class=\"flex-layout-h magic-0\"><div class=\"magic-15\"><img src=\"https:\/\/qgsgroup.com\/wp-content\/uploads\/aliexpress\/h7980e415ddab43d7918a50f6d1e84b88s.jpg\" class=\"magic-16\"\/><\/div><\/div><\/div><\/div><\/div><\/div><\/p>\n<p><\/DIV><\/p>","protected":false},"excerpt":{"rendered":"<p>Key attributes Industry-specific attributes Design Style Modern Other attributes Place of Origin Zhejiang, China Type Single Brand Name OEM Model Number RA-F005 Curtain Poles, Tracks &#038; Accessories Type Curtain Accessories Material Plastic length 35mm, 26mm Type Curtain Poles, Tracks &#038; Accessories Material Plastic Color Golden, silver, bronze, coffee, etc&#8230; Size Diameter:26mm, 35mm Packaging and delivery Packaging Details OPP Port Ningbo, Shanghai Supply Ability Supply Ability 1000000 Piece\/Pieces per Month Products Description MaterialPlasticSizeDiameter:26mm, 35mmColorGolden, silver, bronze, coffee, etc&#8230;MOQ1000 SetsPackageOPP<\/p>","protected":false},"featured_media":5723,"template":"","meta":{"site-sidebar-layout":"default","site-content-layout":"","ast-site-content-layout":"","site-content-style":"default","site-sidebar-style":"default","ast-global-header-display":"","ast-banner-title-visibility":"","ast-main-header-display":"","ast-hfb-above-header-display":"","ast-hfb-below-header-display":"","ast-hfb-mobile-header-display":"","site-post-title":"","ast-breadcrumbs-content":"","ast-featured-img":"","footer-sml-layout":"","theme-transparent-header-meta":"","adv-header-id-meta":"","stick-header-meta":"","header-above-stick-meta":"","header-main-stick-meta":"","header-below-stick-meta":"","astra-migrate-meta-layouts":"default","ast-page-background-enabled":"default","ast-page-background-meta":{"desktop":{"background-color":"","background-image":"","background-repeat":"repeat","background-position":"center center","background-size":"auto","background-attachment":"scroll","background-type":"","background-media":"","overlay-type":"","overlay-color":"","overlay-opacity":"","overlay-gradient":""},"tablet":{"background-color":"","background-image":"","background-repeat":"repeat","background-position":"center center","background-size":"auto","background-attachment":"scroll","background-type":"","background-media":"","overlay-type":"","overlay-color":"","overlay-opacity":"","overlay-gradient":""},"mobile":{"background-color":"","background-image":"","background-repeat":"repeat","background-position":"center center","background-size":"auto","background-attachment":"scroll","background-type":"","background-media":"","overlay-type":"","overlay-color":"","overlay-opacity":"","overlay-gradient":""}},"ast-content-background-meta":{"desktop":{"background-color":"var(--ast-global-color-5)","background-image":"","background-repeat":"repeat","background-position":"center center","background-size":"auto","background-attachment":"scroll","background-type":"","background-media":"","overlay-type":"","overlay-color":"","overlay-opacity":"","overlay-gradient":""},"tablet":{"background-color":"var(--ast-global-color-5)","background-image":"","background-repeat":"repeat","background-position":"center center","background-size":"auto","background-attachment":"scroll","background-type":"","background-media":"","overlay-type":"","overlay-color":"","overlay-opacity":"","overlay-gradient":""},"mobile":{"background-color":"var(--ast-global-color-5)","background-image":"","background-repeat":"repeat","background-position":"center center","background-size":"auto","background-attachment":"scroll","background-type":"","background-media":"","overlay-type":"","overlay-color":"","overlay-opacity":"","overlay-gradient":""}}},"product_brand":[],"product_cat":[74],"product_tag":[],"class_list":{"0":"post-5724","1":"product","2":"type-product","3":"status-publish","4":"has-post-thumbnail","6":"product_cat-curtain-finials","7":"desktop-align-left","8":"tablet-align-left","9":"mobile-align-left","11":"first","12":"instock","13":"shipping-taxable","14":"product-type-simple"},"yoast_head":"<!-- This site is optimized with the Yoast SEO plugin v27.4 - https:\/\/yoast.com\/product\/yoast-seo-wordpress\/ -->\n<title>Antique Brass Classical Crystal Head Mental Curtain Rods And Accessories Curtain Poles Finials - Q.G.S<\/title>\n<meta name=\"robots\" content=\"index, follow, max-snippet:-1, max-image-preview:large, max-video-preview:-1\" \/>\n<link rel=\"canonical\" href=\"https:\/\/qgsgroup.com\/sv\/produkt\/antique-brass-classical-crystal-head-mental-curtain-rods-and-accessories-curtain-poles-finials\/\" \/>\n<meta property=\"og:locale\" content=\"sv_SE\" \/>\n<meta property=\"og:type\" content=\"article\" \/>\n<meta property=\"og:title\" content=\"Antique Brass Classical Crystal Head Mental Curtain Rods And Accessories Curtain Poles Finials - Q.G.S\" \/>\n<meta property=\"og:description\" content=\"Key attributes Industry-specific attributes Design Style Modern Other attributes Place of Origin Zhejiang, China Type Single Brand Name OEM Model Number RA-F005 Curtain Poles, Tracks &#038; Accessories Type Curtain Accessories Material Plastic length 35mm, 26mm Type Curtain Poles, Tracks &#038; Accessories Material Plastic Color Golden, silver, bronze, coffee, etc&#8230; Size Diameter:26mm, 35mm Packaging and delivery Packaging Details OPP Port Ningbo, Shanghai Supply Ability Supply Ability 1000000 Piece\/Pieces per Month Products Description MaterialPlasticSizeDiameter:26mm, 35mmColorGolden, silver, bronze, coffee, etc&#8230;MOQ1000 SetsPackageOPP\" \/>\n<meta property=\"og:url\" content=\"https:\/\/qgsgroup.com\/sv\/produkt\/antique-brass-classical-crystal-head-mental-curtain-rods-and-accessories-curtain-poles-finials\/\" \/>\n<meta property=\"og:site_name\" content=\"Q.G.S\" \/>\n<meta property=\"article:modified_time\" content=\"2024-03-30T14:41:09+00:00\" \/>\n<meta property=\"og:image\" content=\"https:\/\/qgsgroup.com\/wp-content\/uploads\/2024\/03\/hfde878a940fe4de8b31bc7b8b4cfe2b0f.jpg\" \/>\n\t<meta property=\"og:image:width\" content=\"960\" \/>\n\t<meta property=\"og:image:height\" content=\"960\" \/>\n\t<meta property=\"og:image:type\" content=\"image\/jpeg\" \/>\n<meta name=\"twitter:card\" content=\"summary_large_image\" \/>\n<script type=\"application\/ld+json\" class=\"yoast-schema-graph\">{\"@context\":\"https:\\\/\\\/schema.org\",\"@graph\":[{\"@type\":\"WebPage\",\"@id\":\"https:\\\/\\\/qgsgroup.com\\\/product\\\/antique-brass-classical-crystal-head-mental-curtain-rods-and-accessories-curtain-poles-finials\\\/\",\"url\":\"https:\\\/\\\/qgsgroup.com\\\/product\\\/antique-brass-classical-crystal-head-mental-curtain-rods-and-accessories-curtain-poles-finials\\\/\",\"name\":\"Antique Brass Classical Crystal Head Mental Curtain Rods And Accessories Curtain Poles Finials - Q.G.S\",\"isPartOf\":{\"@id\":\"https:\\\/\\\/rebornbusiness.com\\\/#website\"},\"primaryImageOfPage\":{\"@id\":\"https:\\\/\\\/qgsgroup.com\\\/product\\\/antique-brass-classical-crystal-head-mental-curtain-rods-and-accessories-curtain-poles-finials\\\/#primaryimage\"},\"image\":{\"@id\":\"https:\\\/\\\/qgsgroup.com\\\/product\\\/antique-brass-classical-crystal-head-mental-curtain-rods-and-accessories-curtain-poles-finials\\\/#primaryimage\"},\"thumbnailUrl\":\"https:\\\/\\\/qgsgroup.com\\\/wp-content\\\/uploads\\\/2024\\\/03\\\/hfde878a940fe4de8b31bc7b8b4cfe2b0f.jpg\",\"datePublished\":\"2024-03-30T14:41:02+00:00\",\"dateModified\":\"2024-03-30T14:41:09+00:00\",\"breadcrumb\":{\"@id\":\"https:\\\/\\\/qgsgroup.com\\\/product\\\/antique-brass-classical-crystal-head-mental-curtain-rods-and-accessories-curtain-poles-finials\\\/#breadcrumb\"},\"inLanguage\":\"sv-SE\",\"potentialAction\":[{\"@type\":\"ReadAction\",\"target\":[\"https:\\\/\\\/qgsgroup.com\\\/product\\\/antique-brass-classical-crystal-head-mental-curtain-rods-and-accessories-curtain-poles-finials\\\/\"]}]},{\"@type\":\"ImageObject\",\"inLanguage\":\"sv-SE\",\"@id\":\"https:\\\/\\\/qgsgroup.com\\\/product\\\/antique-brass-classical-crystal-head-mental-curtain-rods-and-accessories-curtain-poles-finials\\\/#primaryimage\",\"url\":\"https:\\\/\\\/qgsgroup.com\\\/wp-content\\\/uploads\\\/2024\\\/03\\\/hfde878a940fe4de8b31bc7b8b4cfe2b0f.jpg\",\"contentUrl\":\"https:\\\/\\\/qgsgroup.com\\\/wp-content\\\/uploads\\\/2024\\\/03\\\/hfde878a940fe4de8b31bc7b8b4cfe2b0f.jpg\",\"width\":960,\"height\":960},{\"@type\":\"BreadcrumbList\",\"@id\":\"https:\\\/\\\/qgsgroup.com\\\/product\\\/antique-brass-classical-crystal-head-mental-curtain-rods-and-accessories-curtain-poles-finials\\\/#breadcrumb\",\"itemListElement\":[{\"@type\":\"ListItem\",\"position\":1,\"name\":\"Home\",\"item\":\"https:\\\/\\\/qgsgroup.com\\\/\"},{\"@type\":\"ListItem\",\"position\":2,\"name\":\"Products\",\"item\":\"https:\\\/\\\/qgsgroup.com\\\/products\\\/\"},{\"@type\":\"ListItem\",\"position\":3,\"name\":\"Antique Brass Classical Crystal Head Mental Curtain Rods And Accessories Curtain Poles Finials\"}]},{\"@type\":\"WebSite\",\"@id\":\"https:\\\/\\\/rebornbusiness.com\\\/#website\",\"url\":\"https:\\\/\\\/rebornbusiness.com\\\/\",\"name\":\"Q.G.S\",\"description\":\"Q.G.S group company\",\"publisher\":{\"@id\":\"https:\\\/\\\/rebornbusiness.com\\\/#organization\"},\"potentialAction\":[{\"@type\":\"SearchAction\",\"target\":{\"@type\":\"EntryPoint\",\"urlTemplate\":\"https:\\\/\\\/rebornbusiness.com\\\/?s={search_term_string}\"},\"query-input\":{\"@type\":\"PropertyValueSpecification\",\"valueRequired\":true,\"valueName\":\"search_term_string\"}}],\"inLanguage\":\"sv-SE\"},{\"@type\":\"Organization\",\"@id\":\"https:\\\/\\\/rebornbusiness.com\\\/#organization\",\"name\":\"Q.G.S\",\"url\":\"https:\\\/\\\/rebornbusiness.com\\\/\",\"logo\":{\"@type\":\"ImageObject\",\"inLanguage\":\"sv-SE\",\"@id\":\"https:\\\/\\\/rebornbusiness.com\\\/#\\\/schema\\\/logo\\\/image\\\/\",\"url\":\"https:\\\/\\\/qgsgroup.com\\\/wp-content\\\/uploads\\\/2024\\\/03\\\/logo-electric-tools.png\",\"contentUrl\":\"https:\\\/\\\/qgsgroup.com\\\/wp-content\\\/uploads\\\/2024\\\/03\\\/logo-electric-tools.png\",\"width\":11090,\"height\":2459,\"caption\":\"Q.G.S\"},\"image\":{\"@id\":\"https:\\\/\\\/rebornbusiness.com\\\/#\\\/schema\\\/logo\\\/image\\\/\"}}]}<\/script>\n<!-- \/ Yoast SEO plugin. -->","yoast_head_json":{"title":"Antique Brass Classical Crystal Head Mental Curtain Rods And Accessories Curtain Poles Finials - Q.G.S","robots":{"index":"index","follow":"follow","max-snippet":"max-snippet:-1","max-image-preview":"max-image-preview:large","max-video-preview":"max-video-preview:-1"},"canonical":"https:\/\/qgsgroup.com\/sv\/produkt\/antique-brass-classical-crystal-head-mental-curtain-rods-and-accessories-curtain-poles-finials\/","og_locale":"sv_SE","og_type":"article","og_title":"Antique Brass Classical Crystal Head Mental Curtain Rods And Accessories Curtain Poles Finials - Q.G.S","og_description":"Key attributes Industry-specific attributes Design Style Modern Other attributes Place of Origin Zhejiang, China Type Single Brand Name OEM Model Number RA-F005 Curtain Poles, Tracks &#038; Accessories Type Curtain Accessories Material Plastic length 35mm, 26mm Type Curtain Poles, Tracks &#038; Accessories Material Plastic Color Golden, silver, bronze, coffee, etc&#8230; Size Diameter:26mm, 35mm Packaging and delivery Packaging Details OPP Port Ningbo, Shanghai Supply Ability Supply Ability 1000000 Piece\/Pieces per Month Products Description MaterialPlasticSizeDiameter:26mm, 35mmColorGolden, silver, bronze, coffee, etc&#8230;MOQ1000 SetsPackageOPP","og_url":"https:\/\/qgsgroup.com\/sv\/produkt\/antique-brass-classical-crystal-head-mental-curtain-rods-and-accessories-curtain-poles-finials\/","og_site_name":"Q.G.S","article_modified_time":"2024-03-30T14:41:09+00:00","og_image":[{"width":960,"height":960,"url":"https:\/\/qgsgroup.com\/wp-content\/uploads\/2024\/03\/hfde878a940fe4de8b31bc7b8b4cfe2b0f.jpg","type":"image\/jpeg"}],"twitter_card":"summary_large_image","schema":{"@context":"https:\/\/schema.org","@graph":[{"@type":"WebPage","@id":"https:\/\/qgsgroup.com\/product\/antique-brass-classical-crystal-head-mental-curtain-rods-and-accessories-curtain-poles-finials\/","url":"https:\/\/qgsgroup.com\/product\/antique-brass-classical-crystal-head-mental-curtain-rods-and-accessories-curtain-poles-finials\/","name":"Antique Brass Classical Crystal Head Mental Curtain Rods And Accessories Curtain Poles Finials - Q.G.S","isPartOf":{"@id":"https:\/\/rebornbusiness.com\/#website"},"primaryImageOfPage":{"@id":"https:\/\/qgsgroup.com\/product\/antique-brass-classical-crystal-head-mental-curtain-rods-and-accessories-curtain-poles-finials\/#primaryimage"},"image":{"@id":"https:\/\/qgsgroup.com\/product\/antique-brass-classical-crystal-head-mental-curtain-rods-and-accessories-curtain-poles-finials\/#primaryimage"},"thumbnailUrl":"https:\/\/qgsgroup.com\/wp-content\/uploads\/2024\/03\/hfde878a940fe4de8b31bc7b8b4cfe2b0f.jpg","datePublished":"2024-03-30T14:41:02+00:00","dateModified":"2024-03-30T14:41:09+00:00","breadcrumb":{"@id":"https:\/\/qgsgroup.com\/product\/antique-brass-classical-crystal-head-mental-curtain-rods-and-accessories-curtain-poles-finials\/#breadcrumb"},"inLanguage":"sv-SE","potentialAction":[{"@type":"ReadAction","target":["https:\/\/qgsgroup.com\/product\/antique-brass-classical-crystal-head-mental-curtain-rods-and-accessories-curtain-poles-finials\/"]}]},{"@type":"ImageObject","inLanguage":"sv-SE","@id":"https:\/\/qgsgroup.com\/product\/antique-brass-classical-crystal-head-mental-curtain-rods-and-accessories-curtain-poles-finials\/#primaryimage","url":"https:\/\/qgsgroup.com\/wp-content\/uploads\/2024\/03\/hfde878a940fe4de8b31bc7b8b4cfe2b0f.jpg","contentUrl":"https:\/\/qgsgroup.com\/wp-content\/uploads\/2024\/03\/hfde878a940fe4de8b31bc7b8b4cfe2b0f.jpg","width":960,"height":960},{"@type":"BreadcrumbList","@id":"https:\/\/qgsgroup.com\/product\/antique-brass-classical-crystal-head-mental-curtain-rods-and-accessories-curtain-poles-finials\/#breadcrumb","itemListElement":[{"@type":"ListItem","position":1,"name":"Home","item":"https:\/\/qgsgroup.com\/"},{"@type":"ListItem","position":2,"name":"Products","item":"https:\/\/qgsgroup.com\/products\/"},{"@type":"ListItem","position":3,"name":"Antique Brass Classical Crystal Head Mental Curtain Rods And Accessories Curtain Poles Finials"}]},{"@type":"WebSite","@id":"https:\/\/rebornbusiness.com\/#website","url":"https:\/\/rebornbusiness.com\/","name":"Q.G.S","description":"Q.G.S group company","publisher":{"@id":"https:\/\/rebornbusiness.com\/#organization"},"potentialAction":[{"@type":"SearchAction","target":{"@type":"EntryPoint","urlTemplate":"https:\/\/rebornbusiness.com\/?s={search_term_string}"},"query-input":{"@type":"PropertyValueSpecification","valueRequired":true,"valueName":"search_term_string"}}],"inLanguage":"sv-SE"},{"@type":"Organization","@id":"https:\/\/rebornbusiness.com\/#organization","name":"Q.G.S","url":"https:\/\/rebornbusiness.com\/","logo":{"@type":"ImageObject","inLanguage":"sv-SE","@id":"https:\/\/rebornbusiness.com\/#\/schema\/logo\/image\/","url":"https:\/\/qgsgroup.com\/wp-content\/uploads\/2024\/03\/logo-electric-tools.png","contentUrl":"https:\/\/qgsgroup.com\/wp-content\/uploads\/2024\/03\/logo-electric-tools.png","width":11090,"height":2459,"caption":"Q.G.S"},"image":{"@id":"https:\/\/rebornbusiness.com\/#\/schema\/logo\/image\/"}}]}},"_links":{"self":[{"href":"https:\/\/qgsgroup.com\/sv\/wp-json\/wp\/v2\/product\/5724","targetHints":{"allow":["GET"]}}],"collection":[{"href":"https:\/\/qgsgroup.com\/sv\/wp-json\/wp\/v2\/product"}],"about":[{"href":"https:\/\/qgsgroup.com\/sv\/wp-json\/wp\/v2\/types\/product"}],"wp:featuredmedia":[{"embeddable":true,"href":"https:\/\/qgsgroup.com\/sv\/wp-json\/wp\/v2\/media\/5723"}],"wp:attachment":[{"href":"https:\/\/qgsgroup.com\/sv\/wp-json\/wp\/v2\/media?parent=5724"}],"wp:term":[{"taxonomy":"product_brand","embeddable":true,"href":"https:\/\/qgsgroup.com\/sv\/wp-json\/wp\/v2\/product_brand?post=5724"},{"taxonomy":"product_cat","embeddable":true,"href":"https:\/\/qgsgroup.com\/sv\/wp-json\/wp\/v2\/product_cat?post=5724"},{"taxonomy":"product_tag","embeddable":true,"href":"https:\/\/qgsgroup.com\/sv\/wp-json\/wp\/v2\/product_tag?post=5724"}],"curies":[{"name":"wp","href":"https:\/\/api.w.org\/{rel}","templated":true}]}}