{"id":5758,"date":"2024-03-30T14:51:07","date_gmt":"2024-03-30T14:51:07","guid":{"rendered":"https:\/\/qgsgroup.com\/products\/contemporary-curtain-accessories-hanging-metal-curtain-iron-pipes-poles-tubes-rods\/"},"modified":"2024-04-15T08:20:42","modified_gmt":"2024-04-15T08:20:42","slug":"contemporary-curtain-accessories-hanging-metal-curtain-iron-pipes-poles-tubes-rods","status":"publish","type":"product","link":"https:\/\/qgsgroup.com\/sv\/produkt\/contemporary-curtain-accessories-hanging-metal-curtain-iron-pipes-poles-tubes-rods\/","title":{"rendered":"Contemporary Curtain Accessories Hanging Metal Curtain iron Pipes\/poles\/tubes\/rods"},"content":{"rendered":"<div class=\"product-key-attributes\">\n<h3>Nyckelattribut<\/h3>\n<h4>Branschspecifika attribut<\/h4>\n<ul>\n<li><label>Designstil<\/label>\n<div>Samtida<\/div>\n<\/li>\n<\/ul>\n<h4>Andra attribut<\/h4>\n<ul>\n<li><label>H\u00e4rstamning<\/label>\n<div>Zhejiang, Kina<\/div>\n<\/li>\n<li><label>Typ<\/label>\n<div>Enda<\/div>\n<\/li>\n<li><label>Varum\u00e4rke<\/label>\n<div>OEM<\/div>\n<\/li>\n<li><label>Modellnummer<\/label>\n<div>RA-P005<\/div>\n<\/li>\n<li><label>Gardinst\u00e4nger, sp\u00e5r och tillbeh\u00f6r Typ<\/label>\n<div>Gardinst\u00e4nger<\/div>\n<\/li>\n<li><label>Material<\/label>\n<div>Metall<\/div>\n<\/li>\n<li><label>l\u00e4ngd<\/label>\n<div>1-6m, customization<\/div>\n<\/li>\n<li><label>Material<\/label>\n<div>J\u00e4rn<\/div>\n<\/li>\n<li><label>F\u00e4rg<\/label>\n<div>AB, AC, guld, silver, krom, svart, vit, etc...<\/div>\n<\/li>\n<li><label>Diameter<\/label>\n<div>12 mm, 16 mm, 19 mm, 22 mm, 25 mm, 28 mm<\/div>\n<\/li>\n<li><label>L\u00e4ngd<\/label>\n<div>1m-6m anpassning<\/div>\n<\/li>\n<\/ul>\n<h4>Paketering och leverans<\/h4>\n<ul>\n<li><label>f\u00f6rpackningsdetaljer<\/label>\n<div>CTN,bag<\/div>\n<\/li>\n<li><label>Hamn<\/label>\n<div>Ningbo,Shanghai,Yantian<\/div>\n<\/li>\n<\/ul>\n<h4>F\u00f6rs\u00f6rjningsf\u00f6rm\u00e5ga<\/h4>\n<ul>\n<li><label>F\u00f6rs\u00f6rjningsf\u00f6rm\u00e5ga<\/label>\n<div>1000000 stycken\/stycken per m\u00e5nad<\/div>\n<\/li>\n<\/ul>\n<\/div>\n<div class=\"product-customization\">\n<h3>Anpassning<\/h3>\n<div>\n<div>\n<p>OEM<\/p>\n<p><label>Min. best\u00e4lla:<\/label>500<\/p>\n<\/div>\n<div>\n<p>Anpassad logotyp<\/p>\n<p><label>Min. best\u00e4lla:<\/label>1000<\/p>\n<\/div>\n<div>\n<p>Skr\u00e4ddarsydd f\u00f6rpackning<\/p>\n<p><label>Min. best\u00e4lla:<\/label>1000<\/p>\n<\/div>\n<div>\n<p>Grafisk anpassning<\/p>\n<p><label>Min. best\u00e4lla:<\/label>1000<\/p>\n<\/div>\n<\/div>\n<\/div>\n<p><div data-magic-global=\"%7B%22bizId%22%3A3210435406%2C%22pageId%22%3A21233175983%2C%22siteId%22%3A5005373107%7D\" id=\"detail_decorate_root\"><br \/>\n      <div module-id=\"33523656098\" module-title=\"detailSingleImage\" render=\"true\" class=\"J_module\"><div class=\"icbu-pc-images magic-0\"><div><div class=\"flex-layout-v\"><div class=\"flex-layout-h magic-0\"><div class=\"magic-1\"><img src=\"https:\/\/qgsgroup.com\/wp-content\/uploads\/aliexpress\/h5175047b0a0e4ad7a22e9513ef1a33acm.jpg\" usemap=\"#3-56-a9d-3a95\" class=\"magic-2\"\/><\/div><\/div><\/div><\/div><\/div><\/div><\/p>\n<p>      <div module-id=\"33523656100\" module-title=\"detailProductNavigation\" render=\"true\" class=\"J_module\"><div id=\"ali-anchor-AliMagic-d51ms4\" data-section=\"AliMagic-d51ms4\" data-section-title=\"Products Description\" class=\"magic-3\">Produktbeskrivning<\/div><\/div><\/p>\n<p>      <div module-id=\"33523656102\" module-title=\"detailTableNoTitle\" render=\"true\" class=\"J_module\"><div class=\"ife-detail-decorate-table\"><table class=\"all magic-4\"><tbody><tr><td colspan=\"1\" rowspan=\"1\"><div class=\"magic-5\">Material<\/div><\/td><td colspan=\"3\" rowspan=\"1\"><div class=\"magic-6\">J\u00e4rn<\/div><\/td><\/tr><tr><td colspan=\"1\" rowspan=\"1\"><div class=\"magic-5\">Storlek<\/div><\/td><td colspan=\"3\" rowspan=\"1\"><div class=\"magic-6\">Diameter:12mm,16mm,19mm,22mm,25mm,28mm<br\/>Length:1m-6m customization<\/div><\/td><\/tr><tr><td colspan=\"1\" rowspan=\"1\"><div class=\"magic-5\">F\u00e4rg<\/div><\/td><td colspan=\"3\" rowspan=\"1\"><div class=\"magic-6\">AB, AC, guld, silver, krom, svart, vit, etc...<\/div><\/td><\/tr><tr><td colspan=\"1\" rowspan=\"1\"><div class=\"magic-5\">Leveranstid<\/div><\/td><td colspan=\"3\" rowspan=\"1\"><div class=\"magic-6\">20-40 days<\/div><\/td><\/tr><tr><td colspan=\"1\" rowspan=\"1\"><div class=\"magic-5\">Paket<\/div><\/td><td colspan=\"3\" rowspan=\"1\"><div class=\"magic-6\">OPP, PVC<\/div><\/td><\/tr><tr><td colspan=\"1\" rowspan=\"1\"><div class=\"magic-5\">Paket<\/div><\/td><td colspan=\"3\" rowspan=\"1\"><div class=\"magic-6\">Kartong<\/div><\/td><\/tr><\/tbody><\/table><\/div><\/div><\/p>\n<p>      <div module-id=\"33523656104\" module-title=\"detailManyImage\" render=\"true\" class=\"J_module\"><div class=\"icbu-pc-detailManyImage magic-10\"><div class=\"magic-11\"><img src=\"https:\/\/qgsgroup.com\/wp-content\/uploads\/aliexpress\/hedaa8bf837bc48c2aaa8e101465eccd41.png\" class=\"magic-12\"\/><\/div><div class=\"magic-11\"><img src=\"https:\/\/qgsgroup.com\/wp-content\/uploads\/aliexpress\/hfaf7c7814aa64b4e842706951424e5402.png\" class=\"magic-12\"\/><\/div><div class=\"magic-11\"><img src=\"https:\/\/qgsgroup.com\/wp-content\/uploads\/aliexpress\/h65bc404f72774a3dbb00b51ac3b38690g.png\" class=\"magic-12\"\/><\/div><div class=\"magic-11\"><img src=\"https:\/\/qgsgroup.com\/wp-content\/uploads\/aliexpress\/h026d90c97ee84e9a916158d4ea6d1e2da.jpg\" class=\"magic-12\"\/><\/div><div class=\"magic-11\"><img src=\"https:\/\/qgsgroup.com\/wp-content\/uploads\/aliexpress\/h256ead00aec84d4fa5c6694f619af3f46.jpg\" class=\"magic-12\"\/><\/div><\/div><\/div><\/p>\n<p>      <div module-id=\"33523656106\" module-title=\"detailSingleImage\" render=\"true\" class=\"J_module\"><div class=\"icbu-pc-images magic-0\"><div><div class=\"flex-layout-v\"><div class=\"flex-layout-h magic-0\"><div class=\"magic-13\"><img src=\"https:\/\/qgsgroup.com\/wp-content\/uploads\/aliexpress\/hea1474d1449e48738f187618f545d275w.jpg\" class=\"magic-14\"\/><\/div><\/div><\/div><\/div><\/div><\/div><\/p>\n<p>      <div module-id=\"33523656108\" module-title=\"detailSingleImage\" render=\"true\" class=\"J_module\"><div class=\"icbu-pc-images magic-0\"><div><div class=\"flex-layout-v\"><div class=\"flex-layout-h magic-0\"><div class=\"magic-15\"><img src=\"https:\/\/qgsgroup.com\/wp-content\/uploads\/aliexpress\/h7980e415ddab43d7918a50f6d1e84b88s.jpg\" class=\"magic-16\"\/><\/div><\/div><\/div><\/div><\/div><\/div><\/p>\n<p><\/DIV><\/p>","protected":false},"excerpt":{"rendered":"<p>Key attributes Industry-specific attributes Design Style Contemporary Other attributes Place of Origin Zhejiang, China Type Single Brand Name OEM Model Number RA-P005 Curtain Poles, Tracks &#038; Accessories Type Curtain Poles Material Metal length 1-6m, customization Material Iron Color AB,AC,golden,silver,chrome,black,white,etc&#8230; Diameter 12mm,16mm,19mm,22mm,25mm,28mm Length 1m-6m customization Packaging and delivery Packaging Details CTN,bag Port Ningbo,Shanghai,Yantian Supply Ability Supply Ability 1000000 Piece\/Pieces per Month Customization OEM Min. order:500 Customized logo Min. order:1000 Customized packaging Min. order:1000 Graphic customization Min. order:1000 Products Description MaterialIronSizeDiameter:12mm,16mm,19mm,22mm,25mm,28mmLength:1m-6m customizationColorAB,AC,golden,silver,chrome,black,white,etc&#8230;Delivery time20-40 daysPackageOPP, PVCPackageCarton<\/p>","protected":false},"featured_media":4966,"template":"","meta":{"site-sidebar-layout":"default","site-content-layout":"","ast-site-content-layout":"","site-content-style":"default","site-sidebar-style":"default","ast-global-header-display":"","ast-banner-title-visibility":"","ast-main-header-display":"","ast-hfb-above-header-display":"","ast-hfb-below-header-display":"","ast-hfb-mobile-header-display":"","site-post-title":"","ast-breadcrumbs-content":"","ast-featured-img":"","footer-sml-layout":"","theme-transparent-header-meta":"","adv-header-id-meta":"","stick-header-meta":"","header-above-stick-meta":"","header-main-stick-meta":"","header-below-stick-meta":"","astra-migrate-meta-layouts":"default","ast-page-background-enabled":"default","ast-page-background-meta":{"desktop":{"background-color":"","background-image":"","background-repeat":"repeat","background-position":"center center","background-size":"auto","background-attachment":"scroll","background-type":"","background-media":"","overlay-type":"","overlay-color":"","overlay-opacity":"","overlay-gradient":""},"tablet":{"background-color":"","background-image":"","background-repeat":"repeat","background-position":"center center","background-size":"auto","background-attachment":"scroll","background-type":"","background-media":"","overlay-type":"","overlay-color":"","overlay-opacity":"","overlay-gradient":""},"mobile":{"background-color":"","background-image":"","background-repeat":"repeat","background-position":"center center","background-size":"auto","background-attachment":"scroll","background-type":"","background-media":"","overlay-type":"","overlay-color":"","overlay-opacity":"","overlay-gradient":""}},"ast-content-background-meta":{"desktop":{"background-color":"var(--ast-global-color-5)","background-image":"","background-repeat":"repeat","background-position":"center center","background-size":"auto","background-attachment":"scroll","background-type":"","background-media":"","overlay-type":"","overlay-color":"","overlay-opacity":"","overlay-gradient":""},"tablet":{"background-color":"var(--ast-global-color-5)","background-image":"","background-repeat":"repeat","background-position":"center center","background-size":"auto","background-attachment":"scroll","background-type":"","background-media":"","overlay-type":"","overlay-color":"","overlay-opacity":"","overlay-gradient":""},"mobile":{"background-color":"var(--ast-global-color-5)","background-image":"","background-repeat":"repeat","background-position":"center center","background-size":"auto","background-attachment":"scroll","background-type":"","background-media":"","overlay-type":"","overlay-color":"","overlay-opacity":"","overlay-gradient":""}}},"product_brand":[],"product_cat":[66],"product_tag":[],"class_list":{"0":"post-5758","1":"product","2":"type-product","3":"status-publish","4":"has-post-thumbnail","6":"product_cat-curtain-poles-pipes-tubes","7":"desktop-align-left","8":"tablet-align-left","9":"mobile-align-left","11":"first","12":"instock","13":"shipping-taxable","14":"product-type-simple"},"yoast_head":"<!-- This site is optimized with the Yoast SEO plugin v27.4 - https:\/\/yoast.com\/product\/yoast-seo-wordpress\/ -->\n<title>Contemporary Curtain Accessories Hanging Metal Curtain iron Pipes\/poles\/tubes\/rods - Q.G.S<\/title>\n<meta name=\"robots\" content=\"index, follow, max-snippet:-1, max-image-preview:large, max-video-preview:-1\" \/>\n<link rel=\"canonical\" href=\"https:\/\/qgsgroup.com\/sv\/produkt\/contemporary-curtain-accessories-hanging-metal-curtain-iron-pipes-poles-tubes-rods\/\" \/>\n<meta property=\"og:locale\" content=\"sv_SE\" \/>\n<meta property=\"og:type\" content=\"article\" \/>\n<meta property=\"og:title\" content=\"Contemporary Curtain Accessories Hanging Metal Curtain iron Pipes\/poles\/tubes\/rods - Q.G.S\" \/>\n<meta property=\"og:description\" content=\"Key attributes Industry-specific attributes Design Style Contemporary Other attributes Place of Origin Zhejiang, China Type Single Brand Name OEM Model Number RA-P005 Curtain Poles, Tracks &#038; Accessories Type Curtain Poles Material Metal length 1-6m, customization Material Iron Color AB,AC,golden,silver,chrome,black,white,etc&#8230; Diameter 12mm,16mm,19mm,22mm,25mm,28mm Length 1m-6m customization Packaging and delivery Packaging Details CTN,bag Port Ningbo,Shanghai,Yantian Supply Ability Supply Ability 1000000 Piece\/Pieces per Month Customization OEM Min. order:500 Customized logo Min. order:1000 Customized packaging Min. order:1000 Graphic customization Min. order:1000 Products Description MaterialIronSizeDiameter:12mm,16mm,19mm,22mm,25mm,28mmLength:1m-6m customizationColorAB,AC,golden,silver,chrome,black,white,etc&#8230;Delivery time20-40 daysPackageOPP, PVCPackageCarton\" \/>\n<meta property=\"og:url\" content=\"https:\/\/qgsgroup.com\/sv\/produkt\/contemporary-curtain-accessories-hanging-metal-curtain-iron-pipes-poles-tubes-rods\/\" \/>\n<meta property=\"og:site_name\" content=\"Q.G.S\" \/>\n<meta property=\"article:modified_time\" content=\"2024-04-15T08:20:42+00:00\" \/>\n<meta property=\"og:image\" content=\"https:\/\/qgsgroup.com\/wp-content\/uploads\/aliexpress\/h9ade674985124cc29613b39817d76f88p.png\" \/>\n\t<meta property=\"og:image:width\" content=\"750\" \/>\n\t<meta property=\"og:image:height\" content=\"750\" \/>\n\t<meta property=\"og:image:type\" content=\"image\/jpeg\" \/>\n<meta name=\"twitter:card\" content=\"summary_large_image\" \/>\n<meta name=\"twitter:label1\" content=\"Ber\u00e4knad l\u00e4stid\" \/>\n\t<meta name=\"twitter:data1\" content=\"1 minut\" \/>\n<script type=\"application\/ld+json\" class=\"yoast-schema-graph\">{\"@context\":\"https:\\\/\\\/schema.org\",\"@graph\":[{\"@type\":\"WebPage\",\"@id\":\"https:\\\/\\\/qgsgroup.com\\\/product\\\/contemporary-curtain-accessories-hanging-metal-curtain-iron-pipes-poles-tubes-rods\\\/\",\"url\":\"https:\\\/\\\/qgsgroup.com\\\/product\\\/contemporary-curtain-accessories-hanging-metal-curtain-iron-pipes-poles-tubes-rods\\\/\",\"name\":\"Contemporary Curtain Accessories Hanging Metal Curtain iron Pipes\\\/poles\\\/tubes\\\/rods - Q.G.S\",\"isPartOf\":{\"@id\":\"https:\\\/\\\/rebornbusiness.com\\\/#website\"},\"primaryImageOfPage\":{\"@id\":\"https:\\\/\\\/qgsgroup.com\\\/product\\\/contemporary-curtain-accessories-hanging-metal-curtain-iron-pipes-poles-tubes-rods\\\/#primaryimage\"},\"image\":{\"@id\":\"https:\\\/\\\/qgsgroup.com\\\/product\\\/contemporary-curtain-accessories-hanging-metal-curtain-iron-pipes-poles-tubes-rods\\\/#primaryimage\"},\"thumbnailUrl\":\"https:\\\/\\\/qgsgroup.com\\\/wp-content\\\/uploads\\\/aliexpress\\\/h9ade674985124cc29613b39817d76f88p.png\",\"datePublished\":\"2024-03-30T14:51:07+00:00\",\"dateModified\":\"2024-04-15T08:20:42+00:00\",\"breadcrumb\":{\"@id\":\"https:\\\/\\\/qgsgroup.com\\\/product\\\/contemporary-curtain-accessories-hanging-metal-curtain-iron-pipes-poles-tubes-rods\\\/#breadcrumb\"},\"inLanguage\":\"sv-SE\",\"potentialAction\":[{\"@type\":\"ReadAction\",\"target\":[\"https:\\\/\\\/qgsgroup.com\\\/product\\\/contemporary-curtain-accessories-hanging-metal-curtain-iron-pipes-poles-tubes-rods\\\/\"]}]},{\"@type\":\"ImageObject\",\"inLanguage\":\"sv-SE\",\"@id\":\"https:\\\/\\\/qgsgroup.com\\\/product\\\/contemporary-curtain-accessories-hanging-metal-curtain-iron-pipes-poles-tubes-rods\\\/#primaryimage\",\"url\":\"https:\\\/\\\/qgsgroup.com\\\/wp-content\\\/uploads\\\/aliexpress\\\/h9ade674985124cc29613b39817d76f88p.png\",\"contentUrl\":\"https:\\\/\\\/qgsgroup.com\\\/wp-content\\\/uploads\\\/aliexpress\\\/h9ade674985124cc29613b39817d76f88p.png\",\"width\":750,\"height\":750},{\"@type\":\"BreadcrumbList\",\"@id\":\"https:\\\/\\\/qgsgroup.com\\\/product\\\/contemporary-curtain-accessories-hanging-metal-curtain-iron-pipes-poles-tubes-rods\\\/#breadcrumb\",\"itemListElement\":[{\"@type\":\"ListItem\",\"position\":1,\"name\":\"Home\",\"item\":\"https:\\\/\\\/qgsgroup.com\\\/\"},{\"@type\":\"ListItem\",\"position\":2,\"name\":\"Products\",\"item\":\"https:\\\/\\\/qgsgroup.com\\\/products\\\/\"},{\"@type\":\"ListItem\",\"position\":3,\"name\":\"Contemporary Curtain Accessories Hanging Metal Curtain iron Pipes\\\/poles\\\/tubes\\\/rods\"}]},{\"@type\":\"WebSite\",\"@id\":\"https:\\\/\\\/rebornbusiness.com\\\/#website\",\"url\":\"https:\\\/\\\/rebornbusiness.com\\\/\",\"name\":\"Q.G.S\",\"description\":\"Q.G.S group company\",\"publisher\":{\"@id\":\"https:\\\/\\\/rebornbusiness.com\\\/#organization\"},\"potentialAction\":[{\"@type\":\"SearchAction\",\"target\":{\"@type\":\"EntryPoint\",\"urlTemplate\":\"https:\\\/\\\/rebornbusiness.com\\\/?s={search_term_string}\"},\"query-input\":{\"@type\":\"PropertyValueSpecification\",\"valueRequired\":true,\"valueName\":\"search_term_string\"}}],\"inLanguage\":\"sv-SE\"},{\"@type\":\"Organization\",\"@id\":\"https:\\\/\\\/rebornbusiness.com\\\/#organization\",\"name\":\"Q.G.S\",\"url\":\"https:\\\/\\\/rebornbusiness.com\\\/\",\"logo\":{\"@type\":\"ImageObject\",\"inLanguage\":\"sv-SE\",\"@id\":\"https:\\\/\\\/rebornbusiness.com\\\/#\\\/schema\\\/logo\\\/image\\\/\",\"url\":\"https:\\\/\\\/qgsgroup.com\\\/wp-content\\\/uploads\\\/2024\\\/03\\\/logo-electric-tools.png\",\"contentUrl\":\"https:\\\/\\\/qgsgroup.com\\\/wp-content\\\/uploads\\\/2024\\\/03\\\/logo-electric-tools.png\",\"width\":11090,\"height\":2459,\"caption\":\"Q.G.S\"},\"image\":{\"@id\":\"https:\\\/\\\/rebornbusiness.com\\\/#\\\/schema\\\/logo\\\/image\\\/\"}}]}<\/script>\n<!-- \/ Yoast SEO plugin. -->","yoast_head_json":{"title":"Contemporary Curtain Accessories Hanging Metal Curtain iron Pipes\/poles\/tubes\/rods - Q.G.S","robots":{"index":"index","follow":"follow","max-snippet":"max-snippet:-1","max-image-preview":"max-image-preview:large","max-video-preview":"max-video-preview:-1"},"canonical":"https:\/\/qgsgroup.com\/sv\/produkt\/contemporary-curtain-accessories-hanging-metal-curtain-iron-pipes-poles-tubes-rods\/","og_locale":"sv_SE","og_type":"article","og_title":"Contemporary Curtain Accessories Hanging Metal Curtain iron Pipes\/poles\/tubes\/rods - Q.G.S","og_description":"Key attributes Industry-specific attributes Design Style Contemporary Other attributes Place of Origin Zhejiang, China Type Single Brand Name OEM Model Number RA-P005 Curtain Poles, Tracks &#038; Accessories Type Curtain Poles Material Metal length 1-6m, customization Material Iron Color AB,AC,golden,silver,chrome,black,white,etc&#8230; Diameter 12mm,16mm,19mm,22mm,25mm,28mm Length 1m-6m customization Packaging and delivery Packaging Details CTN,bag Port Ningbo,Shanghai,Yantian Supply Ability Supply Ability 1000000 Piece\/Pieces per Month Customization OEM Min. order:500 Customized logo Min. order:1000 Customized packaging Min. order:1000 Graphic customization Min. order:1000 Products Description MaterialIronSizeDiameter:12mm,16mm,19mm,22mm,25mm,28mmLength:1m-6m customizationColorAB,AC,golden,silver,chrome,black,white,etc&#8230;Delivery time20-40 daysPackageOPP, PVCPackageCarton","og_url":"https:\/\/qgsgroup.com\/sv\/produkt\/contemporary-curtain-accessories-hanging-metal-curtain-iron-pipes-poles-tubes-rods\/","og_site_name":"Q.G.S","article_modified_time":"2024-04-15T08:20:42+00:00","og_image":[{"width":750,"height":750,"url":"https:\/\/qgsgroup.com\/wp-content\/uploads\/aliexpress\/h9ade674985124cc29613b39817d76f88p.png","type":"image\/jpeg"}],"twitter_card":"summary_large_image","twitter_misc":{"Ber\u00e4knad l\u00e4stid":"1 minut"},"schema":{"@context":"https:\/\/schema.org","@graph":[{"@type":"WebPage","@id":"https:\/\/qgsgroup.com\/product\/contemporary-curtain-accessories-hanging-metal-curtain-iron-pipes-poles-tubes-rods\/","url":"https:\/\/qgsgroup.com\/product\/contemporary-curtain-accessories-hanging-metal-curtain-iron-pipes-poles-tubes-rods\/","name":"Contemporary Curtain Accessories Hanging Metal Curtain iron Pipes\/poles\/tubes\/rods - Q.G.S","isPartOf":{"@id":"https:\/\/rebornbusiness.com\/#website"},"primaryImageOfPage":{"@id":"https:\/\/qgsgroup.com\/product\/contemporary-curtain-accessories-hanging-metal-curtain-iron-pipes-poles-tubes-rods\/#primaryimage"},"image":{"@id":"https:\/\/qgsgroup.com\/product\/contemporary-curtain-accessories-hanging-metal-curtain-iron-pipes-poles-tubes-rods\/#primaryimage"},"thumbnailUrl":"https:\/\/qgsgroup.com\/wp-content\/uploads\/aliexpress\/h9ade674985124cc29613b39817d76f88p.png","datePublished":"2024-03-30T14:51:07+00:00","dateModified":"2024-04-15T08:20:42+00:00","breadcrumb":{"@id":"https:\/\/qgsgroup.com\/product\/contemporary-curtain-accessories-hanging-metal-curtain-iron-pipes-poles-tubes-rods\/#breadcrumb"},"inLanguage":"sv-SE","potentialAction":[{"@type":"ReadAction","target":["https:\/\/qgsgroup.com\/product\/contemporary-curtain-accessories-hanging-metal-curtain-iron-pipes-poles-tubes-rods\/"]}]},{"@type":"ImageObject","inLanguage":"sv-SE","@id":"https:\/\/qgsgroup.com\/product\/contemporary-curtain-accessories-hanging-metal-curtain-iron-pipes-poles-tubes-rods\/#primaryimage","url":"https:\/\/qgsgroup.com\/wp-content\/uploads\/aliexpress\/h9ade674985124cc29613b39817d76f88p.png","contentUrl":"https:\/\/qgsgroup.com\/wp-content\/uploads\/aliexpress\/h9ade674985124cc29613b39817d76f88p.png","width":750,"height":750},{"@type":"BreadcrumbList","@id":"https:\/\/qgsgroup.com\/product\/contemporary-curtain-accessories-hanging-metal-curtain-iron-pipes-poles-tubes-rods\/#breadcrumb","itemListElement":[{"@type":"ListItem","position":1,"name":"Home","item":"https:\/\/qgsgroup.com\/"},{"@type":"ListItem","position":2,"name":"Products","item":"https:\/\/qgsgroup.com\/products\/"},{"@type":"ListItem","position":3,"name":"Contemporary Curtain Accessories Hanging Metal Curtain iron Pipes\/poles\/tubes\/rods"}]},{"@type":"WebSite","@id":"https:\/\/rebornbusiness.com\/#website","url":"https:\/\/rebornbusiness.com\/","name":"Q.G.S","description":"Q.G.S group company","publisher":{"@id":"https:\/\/rebornbusiness.com\/#organization"},"potentialAction":[{"@type":"SearchAction","target":{"@type":"EntryPoint","urlTemplate":"https:\/\/rebornbusiness.com\/?s={search_term_string}"},"query-input":{"@type":"PropertyValueSpecification","valueRequired":true,"valueName":"search_term_string"}}],"inLanguage":"sv-SE"},{"@type":"Organization","@id":"https:\/\/rebornbusiness.com\/#organization","name":"Q.G.S","url":"https:\/\/rebornbusiness.com\/","logo":{"@type":"ImageObject","inLanguage":"sv-SE","@id":"https:\/\/rebornbusiness.com\/#\/schema\/logo\/image\/","url":"https:\/\/qgsgroup.com\/wp-content\/uploads\/2024\/03\/logo-electric-tools.png","contentUrl":"https:\/\/qgsgroup.com\/wp-content\/uploads\/2024\/03\/logo-electric-tools.png","width":11090,"height":2459,"caption":"Q.G.S"},"image":{"@id":"https:\/\/rebornbusiness.com\/#\/schema\/logo\/image\/"}}]}},"_links":{"self":[{"href":"https:\/\/qgsgroup.com\/sv\/wp-json\/wp\/v2\/product\/5758","targetHints":{"allow":["GET"]}}],"collection":[{"href":"https:\/\/qgsgroup.com\/sv\/wp-json\/wp\/v2\/product"}],"about":[{"href":"https:\/\/qgsgroup.com\/sv\/wp-json\/wp\/v2\/types\/product"}],"wp:featuredmedia":[{"embeddable":true,"href":"https:\/\/qgsgroup.com\/sv\/wp-json\/wp\/v2\/media\/4966"}],"wp:attachment":[{"href":"https:\/\/qgsgroup.com\/sv\/wp-json\/wp\/v2\/media?parent=5758"}],"wp:term":[{"taxonomy":"product_brand","embeddable":true,"href":"https:\/\/qgsgroup.com\/sv\/wp-json\/wp\/v2\/product_brand?post=5758"},{"taxonomy":"product_cat","embeddable":true,"href":"https:\/\/qgsgroup.com\/sv\/wp-json\/wp\/v2\/product_cat?post=5758"},{"taxonomy":"product_tag","embeddable":true,"href":"https:\/\/qgsgroup.com\/sv\/wp-json\/wp\/v2\/product_tag?post=5758"}],"curies":[{"name":"wp","href":"https:\/\/api.w.org\/{rel}","templated":true}]}}