{"id":6058,"date":"2024-03-30T15:39:06","date_gmt":"2024-03-30T15:39:06","guid":{"rendered":"https:\/\/qgsgroup.com\/products\/curtain-rod-aluminium-ceiling-mounted-hospital-curtain-pole-with-curtain-finials\/"},"modified":"2024-03-30T15:39:07","modified_gmt":"2024-03-30T15:39:07","slug":"curtain-rod-aluminium-ceiling-mounted-hospital-curtain-pole-with-curtain-finials","status":"publish","type":"product","link":"https:\/\/qgsgroup.com\/sv\/produkt\/curtain-rod-aluminium-ceiling-mounted-hospital-curtain-pole-with-curtain-finials\/","title":{"rendered":"gardinst\u00e5ng aluminium takmonterad sjukhusgardinst\u00e5ng med gardinslut"},"content":{"rendered":"<div class=\"product-key-attributes\">\n<h3>Nyckelattribut<\/h3>\n<h4>Branschspecifika attribut<\/h4>\n<ul>\n<li><label>Designstil<\/label>\n<div>Modern<\/div>\n<\/li>\n<\/ul>\n<h4>Andra attribut<\/h4>\n<ul>\n<li><label>H\u00e4rstamning<\/label>\n<div>Zhejiang, Kina<\/div>\n<\/li>\n<li><label>Typ<\/label>\n<div>Enda<\/div>\n<\/li>\n<li><label>Varum\u00e4rke<\/label>\n<div>OEM<\/div>\n<\/li>\n<li><label>Modellnummer<\/label>\n<div>RA-C078<\/div>\n<\/li>\n<li><label>Gardinst\u00e4nger, sp\u00e5r och tillbeh\u00f6r Typ<\/label>\n<div>Gardintillbeh\u00f6r<\/div>\n<\/li>\n<li><label>Material<\/label>\n<div>Metall<\/div>\n<\/li>\n<li><label>Material<\/label>\n<div>Aluminium<\/div>\n<\/li>\n<li><label>F\u00e4rg<\/label>\n<div>AB, AC, gyllene, silver, svart, vit, etc...<\/div>\n<\/li>\n<li><label>Storlek<\/label>\n<div>Diameter: 19mm, 28mm<\/div>\n<\/li>\n<li><label>Leveranstid<\/label>\n<div>25-30 dagar<\/div>\n<\/li>\n<\/ul>\n<h4>Paketering och leverans<\/h4>\n<ul>\n<li><label>f\u00f6rpackningsdetaljer<\/label>\n<div>OPP, PVC<\/div>\n<\/li>\n<li><label>Hamn<\/label>\n<div>Ningbo, Shanghai<\/div>\n<\/li>\n<\/ul>\n<h4>F\u00f6rs\u00f6rjningsf\u00f6rm\u00e5ga<\/h4>\n<ul>\n<li><label>F\u00f6rs\u00f6rjningsf\u00f6rm\u00e5ga<\/label>\n<div>100 000 stycken\/stycken per m\u00e5nad<\/div>\n<\/li>\n<\/ul>\n<\/div>\n<div class=\"product-customization\">\n<h3>Anpassning<\/h3>\n<div>\n<div>\n<p>Anpassad logotyp<\/p>\n<p><label>Min. best\u00e4lla:<\/label>500<\/p>\n<\/div>\n<div>\n<p>Skr\u00e4ddarsydd f\u00f6rpackning<\/p>\n<p><label>Min. best\u00e4lla:<\/label>500<\/p>\n<\/div>\n<div>\n<p>Grafisk anpassning<\/p>\n<p><label>Min. best\u00e4lla:<\/label>500<\/p>\n<\/div>\n<\/div>\n<\/div>\n<p><div data-magic-global=\"%7B%22bizId%22%3A3210435406%2C%22pageId%22%3A21231300083%2C%22siteId%22%3A5005373107%7D\" id=\"detail_decorate_root\"><br \/>\n      <div module-id=\"33598622977\" module-title=\"detailSingleImage\" render=\"true\" class=\"J_module\"><div class=\"icbu-pc-images magic-0\"><div><div class=\"flex-layout-v\"><div class=\"flex-layout-h magic-0\"><div class=\"magic-1\"><img src=\"https:\/\/qgsgroup.com\/wp-content\/uploads\/aliexpress\/h5175047b0a0e4ad7a22e9513ef1a33acm.jpg\" usemap=\"#8-de-de6-8e28\" class=\"magic-2\"\/><\/div><\/div><\/div><\/div><\/div><\/div><\/p>\n<p>      <div module-id=\"33598622978\" module-title=\"detailProductNavigation\" render=\"true\" class=\"J_module\"><div id=\"ali-anchor-AliMagic-mi3jol\" data-section=\"AliMagic-mi3jol\" data-section-title=\"Products Description\" class=\"magic-3\">Produktbeskrivning<\/div><\/div><\/p>\n<p>      <div module-id=\"33598622979\" module-title=\"detailTableNoTitle\" render=\"true\" class=\"J_module\"><div class=\"ife-detail-decorate-table\"><table class=\"all magic-4\"><tbody><tr><td colspan=\"1\" rowspan=\"1\"><div class=\"magic-5\">Material<\/div><\/td><td colspan=\"3\" rowspan=\"1\"><div class=\"magic-6\">Aluminium<\/div><\/td><\/tr><tr><td colspan=\"1\" rowspan=\"1\"><div class=\"magic-5\">Storlek<\/div><\/td><td colspan=\"3\" rowspan=\"1\"><div class=\"magic-6\">Diameter: 19mm, 28mm<\/div><\/td><\/tr><tr><td colspan=\"1\" rowspan=\"1\"><div class=\"magic-5\">F\u00e4rg<\/div><\/td><td colspan=\"3\" rowspan=\"1\"><div class=\"magic-6\">AB, AC, gyllene, silver, svart, vit, etc...<\/div><\/td><\/tr><tr><td colspan=\"1\" rowspan=\"1\"><div class=\"magic-5\">MOQ<\/div><\/td><td colspan=\"3\" rowspan=\"1\"><div class=\"magic-6\">500 set<\/div><\/td><\/tr><tr><td colspan=\"1\" rowspan=\"1\"><div class=\"magic-5\">Paket<\/div><\/td><td colspan=\"3\" rowspan=\"1\"><div class=\"magic-6\">OPP, PVC<\/div><\/td><\/tr><tr><td colspan=\"1\" rowspan=\"1\"><div class=\"magic-5\">Paket<\/div><\/td><td colspan=\"3\" rowspan=\"1\"><div class=\"magic-6\">Kartong<\/div><\/td><\/tr><\/tbody><\/table><\/div><\/div><\/p>\n<p>      <div module-id=\"33598622980\" module-title=\"detailManyImage\" render=\"true\" class=\"J_module\"><div class=\"icbu-pc-detailManyImage magic-10\"><div class=\"magic-11\"><img src=\"https:\/\/qgsgroup.com\/wp-content\/uploads\/aliexpress\/h4dffc6fd0a6347a0b7051dc8c6eb027cd.png\" class=\"magic-12\"\/><\/div><div class=\"magic-11\"><img src=\"https:\/\/qgsgroup.com\/wp-content\/uploads\/aliexpress\/h113694c8c9ef4b229c90e20ab540e6f39.png\" class=\"magic-12\"\/><\/div><\/div><\/div><\/p>\n<p>      <div module-id=\"33598622981\" module-title=\"detailSingleImage\" render=\"true\" class=\"J_module\"><div class=\"icbu-pc-images magic-0\"><div><div class=\"flex-layout-v\"><div class=\"flex-layout-h magic-0\"><div class=\"magic-13\"><img src=\"https:\/\/qgsgroup.com\/wp-content\/uploads\/aliexpress\/hea1474d1449e48738f187618f545d275w.jpg\" class=\"magic-14\"\/><\/div><\/div><\/div><\/div><\/div><\/div><\/p>\n<p>      <div module-id=\"33598622982\" module-title=\"detailSingleImage\" render=\"true\" class=\"J_module\"><div class=\"icbu-pc-images magic-0\"><div><div class=\"flex-layout-v\"><div class=\"flex-layout-h magic-0\"><div class=\"magic-15\"><img src=\"https:\/\/qgsgroup.com\/wp-content\/uploads\/aliexpress\/h7980e415ddab43d7918a50f6d1e84b88s.jpg\" class=\"magic-16\"\/><\/div><\/div><\/div><\/div><\/div><\/div><\/p>\n<p><\/DIV><\/p>","protected":false},"excerpt":{"rendered":"<p>Key attributes Industry-specific attributes Design Style Modern Other attributes Place of Origin Zhejiang, China Type Single Brand Name OEM Model Number RA-C078 Curtain Poles, Tracks &#038; Accessories Type Curtain Accessories Material Metal Material Aluminum Color AB,AC,golden,silver,black,white,etc&#8230; Size Diameter:19mm, 28mm Delivery time 25-30days Packaging and delivery Packaging Details OPP, PVC Port Ningbo, Shanghai Supply Ability Supply Ability 100000 Piece\/Pieces per Month Customization Customized logo Min. order:500 Customized packaging Min. order:500 Graphic customization Min. order:500 Products Description MaterialAluminumSizeDiameter:19mm, 28mmColorAB, AC, golden, silver, black, white, etc&#8230;MOQ500 SetsPackageOPP, PVCPackageCarton<\/p>","protected":false},"featured_media":6057,"template":"","meta":{"site-sidebar-layout":"default","site-content-layout":"","ast-site-content-layout":"","site-content-style":"default","site-sidebar-style":"default","ast-global-header-display":"","ast-banner-title-visibility":"","ast-main-header-display":"","ast-hfb-above-header-display":"","ast-hfb-below-header-display":"","ast-hfb-mobile-header-display":"","site-post-title":"","ast-breadcrumbs-content":"","ast-featured-img":"","footer-sml-layout":"","theme-transparent-header-meta":"","adv-header-id-meta":"","stick-header-meta":"","header-above-stick-meta":"","header-main-stick-meta":"","header-below-stick-meta":"","astra-migrate-meta-layouts":"default","ast-page-background-enabled":"default","ast-page-background-meta":{"desktop":{"background-color":"","background-image":"","background-repeat":"repeat","background-position":"center center","background-size":"auto","background-attachment":"scroll","background-type":"","background-media":"","overlay-type":"","overlay-color":"","overlay-opacity":"","overlay-gradient":""},"tablet":{"background-color":"","background-image":"","background-repeat":"repeat","background-position":"center center","background-size":"auto","background-attachment":"scroll","background-type":"","background-media":"","overlay-type":"","overlay-color":"","overlay-opacity":"","overlay-gradient":""},"mobile":{"background-color":"","background-image":"","background-repeat":"repeat","background-position":"center center","background-size":"auto","background-attachment":"scroll","background-type":"","background-media":"","overlay-type":"","overlay-color":"","overlay-opacity":"","overlay-gradient":""}},"ast-content-background-meta":{"desktop":{"background-color":"var(--ast-global-color-5)","background-image":"","background-repeat":"repeat","background-position":"center center","background-size":"auto","background-attachment":"scroll","background-type":"","background-media":"","overlay-type":"","overlay-color":"","overlay-opacity":"","overlay-gradient":""},"tablet":{"background-color":"var(--ast-global-color-5)","background-image":"","background-repeat":"repeat","background-position":"center center","background-size":"auto","background-attachment":"scroll","background-type":"","background-media":"","overlay-type":"","overlay-color":"","overlay-opacity":"","overlay-gradient":""},"mobile":{"background-color":"var(--ast-global-color-5)","background-image":"","background-repeat":"repeat","background-position":"center center","background-size":"auto","background-attachment":"scroll","background-type":"","background-media":"","overlay-type":"","overlay-color":"","overlay-opacity":"","overlay-gradient":""}}},"product_brand":[],"product_cat":[74],"product_tag":[],"class_list":{"0":"post-6058","1":"product","2":"type-product","3":"status-publish","4":"has-post-thumbnail","6":"product_cat-curtain-finials","7":"desktop-align-left","8":"tablet-align-left","9":"mobile-align-left","11":"first","12":"instock","13":"shipping-taxable","14":"product-type-simple"},"yoast_head":"<!-- This site is optimized with the Yoast SEO plugin v27.4 - https:\/\/yoast.com\/product\/yoast-seo-wordpress\/ -->\n<title>curtain rod aluminium ceiling mounted hospital curtain pole with curtain finials - Q.G.S<\/title>\n<meta name=\"robots\" content=\"index, follow, max-snippet:-1, max-image-preview:large, max-video-preview:-1\" \/>\n<link rel=\"canonical\" href=\"https:\/\/qgsgroup.com\/sv\/produkt\/curtain-rod-aluminium-ceiling-mounted-hospital-curtain-pole-with-curtain-finials\/\" \/>\n<meta property=\"og:locale\" content=\"sv_SE\" \/>\n<meta property=\"og:type\" content=\"article\" \/>\n<meta property=\"og:title\" content=\"curtain rod aluminium ceiling mounted hospital curtain pole with curtain finials - Q.G.S\" \/>\n<meta property=\"og:description\" content=\"Key attributes Industry-specific attributes Design Style Modern Other attributes Place of Origin Zhejiang, China Type Single Brand Name OEM Model Number RA-C078 Curtain Poles, Tracks &#038; Accessories Type Curtain Accessories Material Metal Material Aluminum Color AB,AC,golden,silver,black,white,etc&#8230; Size Diameter:19mm, 28mm Delivery time 25-30days Packaging and delivery Packaging Details OPP, PVC Port Ningbo, Shanghai Supply Ability Supply Ability 100000 Piece\/Pieces per Month Customization Customized logo Min. order:500 Customized packaging Min. order:500 Graphic customization Min. order:500 Products Description MaterialAluminumSizeDiameter:19mm, 28mmColorAB, AC, golden, silver, black, white, etc&#8230;MOQ500 SetsPackageOPP, PVCPackageCarton\" \/>\n<meta property=\"og:url\" content=\"https:\/\/qgsgroup.com\/sv\/produkt\/curtain-rod-aluminium-ceiling-mounted-hospital-curtain-pole-with-curtain-finials\/\" \/>\n<meta property=\"og:site_name\" content=\"Q.G.S\" \/>\n<meta property=\"article:modified_time\" content=\"2024-03-30T15:39:07+00:00\" \/>\n<meta property=\"og:image\" content=\"https:\/\/qgsgroup.com\/wp-content\/uploads\/2024\/03\/he2509a2eddbd41709e10100c1607e6b2s.jpg\" \/>\n\t<meta property=\"og:image:width\" content=\"750\" \/>\n\t<meta property=\"og:image:height\" content=\"750\" \/>\n\t<meta property=\"og:image:type\" content=\"image\/jpeg\" \/>\n<meta name=\"twitter:card\" content=\"summary_large_image\" \/>\n<script type=\"application\/ld+json\" class=\"yoast-schema-graph\">{\"@context\":\"https:\\\/\\\/schema.org\",\"@graph\":[{\"@type\":\"WebPage\",\"@id\":\"https:\\\/\\\/qgsgroup.com\\\/product\\\/curtain-rod-aluminium-ceiling-mounted-hospital-curtain-pole-with-curtain-finials\\\/\",\"url\":\"https:\\\/\\\/qgsgroup.com\\\/product\\\/curtain-rod-aluminium-ceiling-mounted-hospital-curtain-pole-with-curtain-finials\\\/\",\"name\":\"curtain rod aluminium ceiling mounted hospital curtain pole with curtain finials - Q.G.S\",\"isPartOf\":{\"@id\":\"https:\\\/\\\/rebornbusiness.com\\\/#website\"},\"primaryImageOfPage\":{\"@id\":\"https:\\\/\\\/qgsgroup.com\\\/product\\\/curtain-rod-aluminium-ceiling-mounted-hospital-curtain-pole-with-curtain-finials\\\/#primaryimage\"},\"image\":{\"@id\":\"https:\\\/\\\/qgsgroup.com\\\/product\\\/curtain-rod-aluminium-ceiling-mounted-hospital-curtain-pole-with-curtain-finials\\\/#primaryimage\"},\"thumbnailUrl\":\"https:\\\/\\\/qgsgroup.com\\\/wp-content\\\/uploads\\\/2024\\\/03\\\/he2509a2eddbd41709e10100c1607e6b2s.jpg\",\"datePublished\":\"2024-03-30T15:39:06+00:00\",\"dateModified\":\"2024-03-30T15:39:07+00:00\",\"breadcrumb\":{\"@id\":\"https:\\\/\\\/qgsgroup.com\\\/product\\\/curtain-rod-aluminium-ceiling-mounted-hospital-curtain-pole-with-curtain-finials\\\/#breadcrumb\"},\"inLanguage\":\"sv-SE\",\"potentialAction\":[{\"@type\":\"ReadAction\",\"target\":[\"https:\\\/\\\/qgsgroup.com\\\/product\\\/curtain-rod-aluminium-ceiling-mounted-hospital-curtain-pole-with-curtain-finials\\\/\"]}]},{\"@type\":\"ImageObject\",\"inLanguage\":\"sv-SE\",\"@id\":\"https:\\\/\\\/qgsgroup.com\\\/product\\\/curtain-rod-aluminium-ceiling-mounted-hospital-curtain-pole-with-curtain-finials\\\/#primaryimage\",\"url\":\"https:\\\/\\\/qgsgroup.com\\\/wp-content\\\/uploads\\\/2024\\\/03\\\/he2509a2eddbd41709e10100c1607e6b2s.jpg\",\"contentUrl\":\"https:\\\/\\\/qgsgroup.com\\\/wp-content\\\/uploads\\\/2024\\\/03\\\/he2509a2eddbd41709e10100c1607e6b2s.jpg\",\"width\":750,\"height\":750},{\"@type\":\"BreadcrumbList\",\"@id\":\"https:\\\/\\\/qgsgroup.com\\\/product\\\/curtain-rod-aluminium-ceiling-mounted-hospital-curtain-pole-with-curtain-finials\\\/#breadcrumb\",\"itemListElement\":[{\"@type\":\"ListItem\",\"position\":1,\"name\":\"Home\",\"item\":\"https:\\\/\\\/qgsgroup.com\\\/\"},{\"@type\":\"ListItem\",\"position\":2,\"name\":\"Products\",\"item\":\"https:\\\/\\\/qgsgroup.com\\\/products\\\/\"},{\"@type\":\"ListItem\",\"position\":3,\"name\":\"curtain rod aluminium ceiling mounted hospital curtain pole with curtain finials\"}]},{\"@type\":\"WebSite\",\"@id\":\"https:\\\/\\\/rebornbusiness.com\\\/#website\",\"url\":\"https:\\\/\\\/rebornbusiness.com\\\/\",\"name\":\"Q.G.S\",\"description\":\"Q.G.S group company\",\"publisher\":{\"@id\":\"https:\\\/\\\/rebornbusiness.com\\\/#organization\"},\"potentialAction\":[{\"@type\":\"SearchAction\",\"target\":{\"@type\":\"EntryPoint\",\"urlTemplate\":\"https:\\\/\\\/rebornbusiness.com\\\/?s={search_term_string}\"},\"query-input\":{\"@type\":\"PropertyValueSpecification\",\"valueRequired\":true,\"valueName\":\"search_term_string\"}}],\"inLanguage\":\"sv-SE\"},{\"@type\":\"Organization\",\"@id\":\"https:\\\/\\\/rebornbusiness.com\\\/#organization\",\"name\":\"Q.G.S\",\"url\":\"https:\\\/\\\/rebornbusiness.com\\\/\",\"logo\":{\"@type\":\"ImageObject\",\"inLanguage\":\"sv-SE\",\"@id\":\"https:\\\/\\\/rebornbusiness.com\\\/#\\\/schema\\\/logo\\\/image\\\/\",\"url\":\"https:\\\/\\\/qgsgroup.com\\\/wp-content\\\/uploads\\\/2024\\\/03\\\/logo-electric-tools.png\",\"contentUrl\":\"https:\\\/\\\/qgsgroup.com\\\/wp-content\\\/uploads\\\/2024\\\/03\\\/logo-electric-tools.png\",\"width\":11090,\"height\":2459,\"caption\":\"Q.G.S\"},\"image\":{\"@id\":\"https:\\\/\\\/rebornbusiness.com\\\/#\\\/schema\\\/logo\\\/image\\\/\"}}]}<\/script>\n<!-- \/ Yoast SEO plugin. -->","yoast_head_json":{"title":"curtain rod aluminium ceiling mounted hospital curtain pole with curtain finials - Q.G.S","robots":{"index":"index","follow":"follow","max-snippet":"max-snippet:-1","max-image-preview":"max-image-preview:large","max-video-preview":"max-video-preview:-1"},"canonical":"https:\/\/qgsgroup.com\/sv\/produkt\/curtain-rod-aluminium-ceiling-mounted-hospital-curtain-pole-with-curtain-finials\/","og_locale":"sv_SE","og_type":"article","og_title":"curtain rod aluminium ceiling mounted hospital curtain pole with curtain finials - Q.G.S","og_description":"Key attributes Industry-specific attributes Design Style Modern Other attributes Place of Origin Zhejiang, China Type Single Brand Name OEM Model Number RA-C078 Curtain Poles, Tracks &#038; Accessories Type Curtain Accessories Material Metal Material Aluminum Color AB,AC,golden,silver,black,white,etc&#8230; Size Diameter:19mm, 28mm Delivery time 25-30days Packaging and delivery Packaging Details OPP, PVC Port Ningbo, Shanghai Supply Ability Supply Ability 100000 Piece\/Pieces per Month Customization Customized logo Min. order:500 Customized packaging Min. order:500 Graphic customization Min. order:500 Products Description MaterialAluminumSizeDiameter:19mm, 28mmColorAB, AC, golden, silver, black, white, etc&#8230;MOQ500 SetsPackageOPP, PVCPackageCarton","og_url":"https:\/\/qgsgroup.com\/sv\/produkt\/curtain-rod-aluminium-ceiling-mounted-hospital-curtain-pole-with-curtain-finials\/","og_site_name":"Q.G.S","article_modified_time":"2024-03-30T15:39:07+00:00","og_image":[{"width":750,"height":750,"url":"https:\/\/qgsgroup.com\/wp-content\/uploads\/2024\/03\/he2509a2eddbd41709e10100c1607e6b2s.jpg","type":"image\/jpeg"}],"twitter_card":"summary_large_image","schema":{"@context":"https:\/\/schema.org","@graph":[{"@type":"WebPage","@id":"https:\/\/qgsgroup.com\/product\/curtain-rod-aluminium-ceiling-mounted-hospital-curtain-pole-with-curtain-finials\/","url":"https:\/\/qgsgroup.com\/product\/curtain-rod-aluminium-ceiling-mounted-hospital-curtain-pole-with-curtain-finials\/","name":"curtain rod aluminium ceiling mounted hospital curtain pole with curtain finials - Q.G.S","isPartOf":{"@id":"https:\/\/rebornbusiness.com\/#website"},"primaryImageOfPage":{"@id":"https:\/\/qgsgroup.com\/product\/curtain-rod-aluminium-ceiling-mounted-hospital-curtain-pole-with-curtain-finials\/#primaryimage"},"image":{"@id":"https:\/\/qgsgroup.com\/product\/curtain-rod-aluminium-ceiling-mounted-hospital-curtain-pole-with-curtain-finials\/#primaryimage"},"thumbnailUrl":"https:\/\/qgsgroup.com\/wp-content\/uploads\/2024\/03\/he2509a2eddbd41709e10100c1607e6b2s.jpg","datePublished":"2024-03-30T15:39:06+00:00","dateModified":"2024-03-30T15:39:07+00:00","breadcrumb":{"@id":"https:\/\/qgsgroup.com\/product\/curtain-rod-aluminium-ceiling-mounted-hospital-curtain-pole-with-curtain-finials\/#breadcrumb"},"inLanguage":"sv-SE","potentialAction":[{"@type":"ReadAction","target":["https:\/\/qgsgroup.com\/product\/curtain-rod-aluminium-ceiling-mounted-hospital-curtain-pole-with-curtain-finials\/"]}]},{"@type":"ImageObject","inLanguage":"sv-SE","@id":"https:\/\/qgsgroup.com\/product\/curtain-rod-aluminium-ceiling-mounted-hospital-curtain-pole-with-curtain-finials\/#primaryimage","url":"https:\/\/qgsgroup.com\/wp-content\/uploads\/2024\/03\/he2509a2eddbd41709e10100c1607e6b2s.jpg","contentUrl":"https:\/\/qgsgroup.com\/wp-content\/uploads\/2024\/03\/he2509a2eddbd41709e10100c1607e6b2s.jpg","width":750,"height":750},{"@type":"BreadcrumbList","@id":"https:\/\/qgsgroup.com\/product\/curtain-rod-aluminium-ceiling-mounted-hospital-curtain-pole-with-curtain-finials\/#breadcrumb","itemListElement":[{"@type":"ListItem","position":1,"name":"Home","item":"https:\/\/qgsgroup.com\/"},{"@type":"ListItem","position":2,"name":"Products","item":"https:\/\/qgsgroup.com\/products\/"},{"@type":"ListItem","position":3,"name":"curtain rod aluminium ceiling mounted hospital curtain pole with curtain finials"}]},{"@type":"WebSite","@id":"https:\/\/rebornbusiness.com\/#website","url":"https:\/\/rebornbusiness.com\/","name":"Q.G.S","description":"Q.G.S group company","publisher":{"@id":"https:\/\/rebornbusiness.com\/#organization"},"potentialAction":[{"@type":"SearchAction","target":{"@type":"EntryPoint","urlTemplate":"https:\/\/rebornbusiness.com\/?s={search_term_string}"},"query-input":{"@type":"PropertyValueSpecification","valueRequired":true,"valueName":"search_term_string"}}],"inLanguage":"sv-SE"},{"@type":"Organization","@id":"https:\/\/rebornbusiness.com\/#organization","name":"Q.G.S","url":"https:\/\/rebornbusiness.com\/","logo":{"@type":"ImageObject","inLanguage":"sv-SE","@id":"https:\/\/rebornbusiness.com\/#\/schema\/logo\/image\/","url":"https:\/\/qgsgroup.com\/wp-content\/uploads\/2024\/03\/logo-electric-tools.png","contentUrl":"https:\/\/qgsgroup.com\/wp-content\/uploads\/2024\/03\/logo-electric-tools.png","width":11090,"height":2459,"caption":"Q.G.S"},"image":{"@id":"https:\/\/rebornbusiness.com\/#\/schema\/logo\/image\/"}}]}},"_links":{"self":[{"href":"https:\/\/qgsgroup.com\/sv\/wp-json\/wp\/v2\/product\/6058","targetHints":{"allow":["GET"]}}],"collection":[{"href":"https:\/\/qgsgroup.com\/sv\/wp-json\/wp\/v2\/product"}],"about":[{"href":"https:\/\/qgsgroup.com\/sv\/wp-json\/wp\/v2\/types\/product"}],"wp:featuredmedia":[{"embeddable":true,"href":"https:\/\/qgsgroup.com\/sv\/wp-json\/wp\/v2\/media\/6057"}],"wp:attachment":[{"href":"https:\/\/qgsgroup.com\/sv\/wp-json\/wp\/v2\/media?parent=6058"}],"wp:term":[{"taxonomy":"product_brand","embeddable":true,"href":"https:\/\/qgsgroup.com\/sv\/wp-json\/wp\/v2\/product_brand?post=6058"},{"taxonomy":"product_cat","embeddable":true,"href":"https:\/\/qgsgroup.com\/sv\/wp-json\/wp\/v2\/product_cat?post=6058"},{"taxonomy":"product_tag","embeddable":true,"href":"https:\/\/qgsgroup.com\/sv\/wp-json\/wp\/v2\/product_tag?post=6058"}],"curies":[{"name":"wp","href":"https:\/\/api.w.org\/{rel}","templated":true}]}}