{"id":6192,"date":"2024-03-31T01:27:31","date_gmt":"2024-03-31T01:27:31","guid":{"rendered":"https:\/\/qgsgroup.com\/products\/19mm-25mm-manufacture-curtain-bracket-holder-design-metal-curtain-bracket-for-curtain-rod\/"},"modified":"2024-03-31T01:27:32","modified_gmt":"2024-03-31T01:27:32","slug":"19mm-25mm-manufacture-curtain-bracket-holder-design-metal-curtain-bracket-for-curtain-rod","status":"publish","type":"product","link":"https:\/\/qgsgroup.com\/sv\/produkt\/19mm-25mm-manufacture-curtain-bracket-holder-design-metal-curtain-bracket-for-curtain-rod\/","title":{"rendered":"19mm 25mm Tillverkning Gardinf\u00e4ste H\u00e5llare Design Metall Gardinf\u00e4ste f\u00f6r gardinst\u00e5ng"},"content":{"rendered":"<div class=\"product-key-attributes\">\n<h3>Nyckelattribut<\/h3>\n<h4>Branschspecifika attribut<\/h4>\n<ul>\n<li><label>Designstil<\/label>\n<div>Samtida<\/div>\n<\/li>\n<\/ul>\n<h4>Andra attribut<\/h4>\n<ul>\n<li><label>H\u00e4rstamning<\/label>\n<div>Zhejiang, Kina<\/div>\n<\/li>\n<li><label>Typ<\/label>\n<div>Enda<\/div>\n<\/li>\n<li><label>Varum\u00e4rke<\/label>\n<div>OEM<\/div>\n<\/li>\n<li><label>Modellnummer<\/label>\n<div>RD-E060<\/div>\n<\/li>\n<li><label>Gardinst\u00e4nger, sp\u00e5r och tillbeh\u00f6r Typ<\/label>\n<div>Gardintillbeh\u00f6r<\/div>\n<\/li>\n<li><label>Material<\/label>\n<div>Metall<\/div>\n<\/li>\n<li><label>Material<\/label>\n<div>plast<\/div>\n<\/li>\n<li><label>F\u00e4rg<\/label>\n<div>chrome,golden,black<\/div>\n<\/li>\n<li><label>Storlek<\/label>\n<div>diameter:19mm,25mm<\/div>\n<\/li>\n<li><label>Funktion<\/label>\n<div>M\u00e5nga stilar, kan anpassas<\/div>\n<\/li>\n<li><label>produktnamn<\/label>\n<div>Gardinf\u00e4sten<\/div>\n<\/li>\n<li><label>Anv\u00e4ndande<\/label>\n<div>F\u00f6nstergardin Heminredning<\/div>\n<\/li>\n<li><label>Stil<\/label>\n<div>Modern Window Hardware<\/div>\n<\/li>\n<li><label>Function<\/label>\n<div>Easily Slide<\/div>\n<\/li>\n<li><label>F\u00f6rdel<\/label>\n<div>Long Service Time<\/div>\n<\/li>\n<li><label>Anv\u00e4nda sig av<\/label>\n<div>Home Furniture<\/div>\n<\/li>\n<\/ul>\n<h4>Paketering och leverans<\/h4>\n<ul>\n<li><label>f\u00f6rpackningsdetaljer<\/label>\n<div>OPP, BOX<\/div>\n<\/li>\n<li><label>Hamn<\/label>\n<div>Ningbo, Shanghai<\/div>\n<\/li>\n<\/ul>\n<h4>F\u00f6rs\u00f6rjningsf\u00f6rm\u00e5ga<\/h4>\n<ul>\n<li><label>F\u00f6rs\u00f6rjningsf\u00f6rm\u00e5ga<\/label>\n<div>100 000 stycken\/stycken per m\u00e5nad<\/div>\n<\/li>\n<\/ul>\n<\/div>\n<div class=\"product-customization\">\n<h3>Anpassning<\/h3>\n<div>\n<div>\n<p>OEM<\/p>\n<p><label>Min. best\u00e4lla:<\/label>500<\/p>\n<\/div>\n<div>\n<p>Anpassad logotyp<\/p>\n<p><label>Min. best\u00e4lla:<\/label>500<\/p>\n<\/div>\n<div>\n<p>Skr\u00e4ddarsydd f\u00f6rpackning<\/p>\n<p><label>Min. best\u00e4lla:<\/label>500<\/p>\n<\/div>\n<div>\n<p>Grafisk anpassning<\/p>\n<p><label>Min. best\u00e4lla:<\/label>500<\/p>\n<\/div>\n<\/div>\n<\/div>\n<p><div data-magic-global=\"%7B%22bizId%22%3A3210435406%2C%22pageId%22%3A21230821315%2C%22siteId%22%3A5005373107%7D\" id=\"detail_decorate_root\"><br \/>\n      <div module-id=\"33652983442\" module-title=\"detailSingleImage\" render=\"true\" class=\"J_module\"><div class=\"icbu-pc-images magic-0\"><div><div class=\"flex-layout-v\"><div class=\"flex-layout-h magic-0\"><div class=\"magic-1\"><img src=\"https:\/\/qgsgroup.com\/wp-content\/uploads\/aliexpress\/h5175047b0a0e4ad7a22e9513ef1a33acm.jpg\" usemap=\"#5-91-3c5-7684\" class=\"magic-2\"\/><\/div><\/div><\/div><\/div><\/div><\/div><\/p>\n<p>      <div module-id=\"33652983443\" module-title=\"detailProductNavigation\" render=\"true\" class=\"J_module\"><div id=\"ali-anchor-AliMagic-mb0jbd\" data-section=\"AliMagic-mb0jbd\" data-section-title=\"Products Description\" class=\"magic-3\">Produktbeskrivning<\/div><\/div><\/p>\n<p>      <div module-id=\"33652983444\" module-title=\"detailTableNoTitle\" render=\"true\" class=\"J_module\"><div class=\"ife-detail-decorate-table\"><table class=\"all magic-4\"><tbody><tr><td colspan=\"1\" rowspan=\"1\"><div class=\"magic-5\">Material<\/div><\/td><td colspan=\"3\" rowspan=\"1\"><div class=\"magic-6\">plast<\/div><\/td><\/tr><tr><td colspan=\"1\" rowspan=\"1\"><div class=\"magic-5\">Storlek<\/div><\/td><td colspan=\"3\" rowspan=\"1\"><div class=\"magic-6\">diameter\uff1a19mm\uff0c25mm<\/div><\/td><\/tr><tr><td colspan=\"1\" rowspan=\"1\"><div class=\"magic-5\">F\u00e4rg<\/div><\/td><td colspan=\"3\" rowspan=\"1\"><div class=\"magic-6\">chrome\uff0cgolden\uff0cblack<\/div><\/td><\/tr><tr><td colspan=\"1\" rowspan=\"1\"><div class=\"magic-5\">Funktion<\/div><\/td><td colspan=\"3\" rowspan=\"1\"><div class=\"magic-6\">M\u00e5nga stilar, kan anpassas<\/div><\/td><\/tr><tr><td colspan=\"1\" rowspan=\"1\"><div class=\"magic-5\">MOQ<\/div><\/td><td colspan=\"3\" rowspan=\"1\"><div class=\"magic-6\">500 st<\/div><\/td><\/tr><tr><td colspan=\"1\" rowspan=\"1\"><div class=\"magic-5\">Paket<\/div><\/td><td colspan=\"3\" rowspan=\"1\"><div class=\"magic-6\">OPP, BOX<\/div><\/td><\/tr><\/tbody><\/table><\/div><\/div><\/p>\n<p>      <div module-id=\"33652983445\" module-title=\"detailManyImage\" render=\"true\" class=\"J_module\"><div class=\"icbu-pc-detailManyImage magic-10\"><div class=\"magic-11\"><img src=\"https:\/\/qgsgroup.com\/wp-content\/uploads\/aliexpress\/h1fb450fb35f84bf4b72535d1b3e813ef2.jpg\" class=\"magic-12\"\/><\/div><div class=\"magic-11\"><img src=\"https:\/\/qgsgroup.com\/wp-content\/uploads\/aliexpress\/h475b0b65cc7949edbe74893541e46ec6m.jpg\" class=\"magic-12\"\/><\/div><div class=\"magic-11\"><img src=\"https:\/\/qgsgroup.com\/wp-content\/uploads\/aliexpress\/h2e5f03168c2e477c8ef8b0315be73aa1f.jpg\" class=\"magic-12\"\/><\/div><\/div><\/div><\/p>\n<p>      <div module-id=\"33652983446\" module-title=\"detailSingleImage\" render=\"true\" class=\"J_module\"><div class=\"icbu-pc-images magic-0\"><div><div class=\"flex-layout-v\"><div class=\"flex-layout-h magic-0\"><div class=\"magic-13\"><img src=\"https:\/\/qgsgroup.com\/wp-content\/uploads\/aliexpress\/hea1474d1449e48738f187618f545d275w.jpg\" class=\"magic-14\"\/><\/div><\/div><\/div><\/div><\/div><\/div><\/p>\n<p>      <div module-id=\"33652983447\" module-title=\"detailSingleImage\" render=\"true\" class=\"J_module\"><div class=\"icbu-pc-images magic-0\"><div><div class=\"flex-layout-v\"><div class=\"flex-layout-h magic-0\"><div class=\"magic-15\"><img src=\"https:\/\/qgsgroup.com\/wp-content\/uploads\/aliexpress\/h7980e415ddab43d7918a50f6d1e84b88s.jpg\" class=\"magic-16\"\/><\/div><\/div><\/div><\/div><\/div><\/div><\/p>\n<p><\/DIV><\/p>","protected":false},"excerpt":{"rendered":"<p>Key attributes Industry-specific attributes Design Style Contemporary Other attributes Place of Origin Zhejiang, China Type Single Brand Name OEM Model Number RD-E060 Curtain Poles, Tracks &#038; Accessories Type Curtain Accessories Material Metal Material plastic Color chrome,golden,black Size diameter:19mm,25mm Feature Many styles, can be customized Product Name Curtain Brackets Usage Window Curtain Home Decoration Style Modern Window Hardware Function Easily Slide Advantage Long Service Time Use Home Furniture Packaging and delivery Packaging Details OPP, BOX Port Ningbo, Shanghai Supply Ability Supply Ability 100000 Piece\/Pieces per Month Customization OEM Min. order:500 Customized logo Min. order:500 Customized packaging Min. order:500 Graphic customization Min. order:500 Products Description MaterialplasticSizediameter\uff1a19mm\uff0c25mmColorchrome\uff0cgolden\uff0cblackFeatureMany styles, can be customizedMOQ500 PCSPackageOPP, BOX<\/p>","protected":false},"featured_media":4244,"template":"","meta":{"site-sidebar-layout":"default","site-content-layout":"","ast-site-content-layout":"","site-content-style":"default","site-sidebar-style":"default","ast-global-header-display":"","ast-banner-title-visibility":"","ast-main-header-display":"","ast-hfb-above-header-display":"","ast-hfb-below-header-display":"","ast-hfb-mobile-header-display":"","site-post-title":"","ast-breadcrumbs-content":"","ast-featured-img":"","footer-sml-layout":"","theme-transparent-header-meta":"","adv-header-id-meta":"","stick-header-meta":"","header-above-stick-meta":"","header-main-stick-meta":"","header-below-stick-meta":"","astra-migrate-meta-layouts":"default","ast-page-background-enabled":"default","ast-page-background-meta":{"desktop":{"background-color":"","background-image":"","background-repeat":"repeat","background-position":"center center","background-size":"auto","background-attachment":"scroll","background-type":"","background-media":"","overlay-type":"","overlay-color":"","overlay-opacity":"","overlay-gradient":""},"tablet":{"background-color":"","background-image":"","background-repeat":"repeat","background-position":"center center","background-size":"auto","background-attachment":"scroll","background-type":"","background-media":"","overlay-type":"","overlay-color":"","overlay-opacity":"","overlay-gradient":""},"mobile":{"background-color":"","background-image":"","background-repeat":"repeat","background-position":"center center","background-size":"auto","background-attachment":"scroll","background-type":"","background-media":"","overlay-type":"","overlay-color":"","overlay-opacity":"","overlay-gradient":""}},"ast-content-background-meta":{"desktop":{"background-color":"var(--ast-global-color-5)","background-image":"","background-repeat":"repeat","background-position":"center center","background-size":"auto","background-attachment":"scroll","background-type":"","background-media":"","overlay-type":"","overlay-color":"","overlay-opacity":"","overlay-gradient":""},"tablet":{"background-color":"var(--ast-global-color-5)","background-image":"","background-repeat":"repeat","background-position":"center center","background-size":"auto","background-attachment":"scroll","background-type":"","background-media":"","overlay-type":"","overlay-color":"","overlay-opacity":"","overlay-gradient":""},"mobile":{"background-color":"var(--ast-global-color-5)","background-image":"","background-repeat":"repeat","background-position":"center center","background-size":"auto","background-attachment":"scroll","background-type":"","background-media":"","overlay-type":"","overlay-color":"","overlay-opacity":"","overlay-gradient":""}}},"product_brand":[],"product_cat":[81],"product_tag":[],"class_list":{"0":"post-6192","1":"product","2":"type-product","3":"status-publish","4":"has-post-thumbnail","6":"product_cat-curtain-brackets","7":"desktop-align-left","8":"tablet-align-left","9":"mobile-align-left","11":"first","12":"instock","13":"shipping-taxable","14":"product-type-simple"},"yoast_head":"<!-- This site is optimized with the Yoast SEO plugin v27.4 - https:\/\/yoast.com\/product\/yoast-seo-wordpress\/ -->\n<title>19mm 25mm Manufacture Curtain Bracket Holder Design Metal Curtain Bracket For Curtain Rod - Q.G.S<\/title>\n<meta name=\"robots\" content=\"index, follow, max-snippet:-1, max-image-preview:large, max-video-preview:-1\" \/>\n<link rel=\"canonical\" href=\"https:\/\/qgsgroup.com\/sv\/produkt\/19mm-25mm-manufacture-curtain-bracket-holder-design-metal-curtain-bracket-for-curtain-rod\/\" \/>\n<meta property=\"og:locale\" content=\"sv_SE\" \/>\n<meta property=\"og:type\" content=\"article\" \/>\n<meta property=\"og:title\" content=\"19mm 25mm Manufacture Curtain Bracket Holder Design Metal Curtain Bracket For Curtain Rod - Q.G.S\" \/>\n<meta property=\"og:description\" content=\"Key attributes Industry-specific attributes Design Style Contemporary Other attributes Place of Origin Zhejiang, China Type Single Brand Name OEM Model Number RD-E060 Curtain Poles, Tracks &#038; Accessories Type Curtain Accessories Material Metal Material plastic Color chrome,golden,black Size diameter:19mm,25mm Feature Many styles, can be customized Product Name Curtain Brackets Usage Window Curtain Home Decoration Style Modern Window Hardware Function Easily Slide Advantage Long Service Time Use Home Furniture Packaging and delivery Packaging Details OPP, BOX Port Ningbo, Shanghai Supply Ability Supply Ability 100000 Piece\/Pieces per Month Customization OEM Min. order:500 Customized logo Min. order:500 Customized packaging Min. order:500 Graphic customization Min. order:500 Products Description MaterialplasticSizediameter\uff1a19mm\uff0c25mmColorchrome\uff0cgolden\uff0cblackFeatureMany styles, can be customizedMOQ500 PCSPackageOPP, BOX\" \/>\n<meta property=\"og:url\" content=\"https:\/\/qgsgroup.com\/sv\/produkt\/19mm-25mm-manufacture-curtain-bracket-holder-design-metal-curtain-bracket-for-curtain-rod\/\" \/>\n<meta property=\"og:site_name\" content=\"Q.G.S\" \/>\n<meta property=\"article:modified_time\" content=\"2024-03-31T01:27:32+00:00\" \/>\n<meta property=\"og:image\" content=\"https:\/\/qgsgroup.com\/wp-content\/uploads\/aliexpress\/h6b076fa3083749a1ba1a30852fc9d1edu.jpg\" \/>\n\t<meta property=\"og:image:width\" content=\"800\" \/>\n\t<meta property=\"og:image:height\" content=\"800\" \/>\n\t<meta property=\"og:image:type\" content=\"image\/jpeg\" \/>\n<meta name=\"twitter:card\" content=\"summary_large_image\" \/>\n<script type=\"application\/ld+json\" class=\"yoast-schema-graph\">{\"@context\":\"https:\\\/\\\/schema.org\",\"@graph\":[{\"@type\":\"WebPage\",\"@id\":\"https:\\\/\\\/qgsgroup.com\\\/product\\\/19mm-25mm-manufacture-curtain-bracket-holder-design-metal-curtain-bracket-for-curtain-rod\\\/\",\"url\":\"https:\\\/\\\/qgsgroup.com\\\/product\\\/19mm-25mm-manufacture-curtain-bracket-holder-design-metal-curtain-bracket-for-curtain-rod\\\/\",\"name\":\"19mm 25mm Manufacture Curtain Bracket Holder Design Metal Curtain Bracket For Curtain Rod - Q.G.S\",\"isPartOf\":{\"@id\":\"https:\\\/\\\/rebornbusiness.com\\\/#website\"},\"primaryImageOfPage\":{\"@id\":\"https:\\\/\\\/qgsgroup.com\\\/product\\\/19mm-25mm-manufacture-curtain-bracket-holder-design-metal-curtain-bracket-for-curtain-rod\\\/#primaryimage\"},\"image\":{\"@id\":\"https:\\\/\\\/qgsgroup.com\\\/product\\\/19mm-25mm-manufacture-curtain-bracket-holder-design-metal-curtain-bracket-for-curtain-rod\\\/#primaryimage\"},\"thumbnailUrl\":\"https:\\\/\\\/qgsgroup.com\\\/wp-content\\\/uploads\\\/aliexpress\\\/h6b076fa3083749a1ba1a30852fc9d1edu.jpg\",\"datePublished\":\"2024-03-31T01:27:31+00:00\",\"dateModified\":\"2024-03-31T01:27:32+00:00\",\"breadcrumb\":{\"@id\":\"https:\\\/\\\/qgsgroup.com\\\/product\\\/19mm-25mm-manufacture-curtain-bracket-holder-design-metal-curtain-bracket-for-curtain-rod\\\/#breadcrumb\"},\"inLanguage\":\"sv-SE\",\"potentialAction\":[{\"@type\":\"ReadAction\",\"target\":[\"https:\\\/\\\/qgsgroup.com\\\/product\\\/19mm-25mm-manufacture-curtain-bracket-holder-design-metal-curtain-bracket-for-curtain-rod\\\/\"]}]},{\"@type\":\"ImageObject\",\"inLanguage\":\"sv-SE\",\"@id\":\"https:\\\/\\\/qgsgroup.com\\\/product\\\/19mm-25mm-manufacture-curtain-bracket-holder-design-metal-curtain-bracket-for-curtain-rod\\\/#primaryimage\",\"url\":\"https:\\\/\\\/qgsgroup.com\\\/wp-content\\\/uploads\\\/aliexpress\\\/h6b076fa3083749a1ba1a30852fc9d1edu.jpg\",\"contentUrl\":\"https:\\\/\\\/qgsgroup.com\\\/wp-content\\\/uploads\\\/aliexpress\\\/h6b076fa3083749a1ba1a30852fc9d1edu.jpg\",\"width\":800,\"height\":800},{\"@type\":\"BreadcrumbList\",\"@id\":\"https:\\\/\\\/qgsgroup.com\\\/product\\\/19mm-25mm-manufacture-curtain-bracket-holder-design-metal-curtain-bracket-for-curtain-rod\\\/#breadcrumb\",\"itemListElement\":[{\"@type\":\"ListItem\",\"position\":1,\"name\":\"Home\",\"item\":\"https:\\\/\\\/qgsgroup.com\\\/\"},{\"@type\":\"ListItem\",\"position\":2,\"name\":\"Products\",\"item\":\"https:\\\/\\\/qgsgroup.com\\\/products\\\/\"},{\"@type\":\"ListItem\",\"position\":3,\"name\":\"19mm 25mm Manufacture Curtain Bracket Holder Design Metal Curtain Bracket For Curtain Rod\"}]},{\"@type\":\"WebSite\",\"@id\":\"https:\\\/\\\/rebornbusiness.com\\\/#website\",\"url\":\"https:\\\/\\\/rebornbusiness.com\\\/\",\"name\":\"Q.G.S\",\"description\":\"Q.G.S group company\",\"publisher\":{\"@id\":\"https:\\\/\\\/rebornbusiness.com\\\/#organization\"},\"potentialAction\":[{\"@type\":\"SearchAction\",\"target\":{\"@type\":\"EntryPoint\",\"urlTemplate\":\"https:\\\/\\\/rebornbusiness.com\\\/?s={search_term_string}\"},\"query-input\":{\"@type\":\"PropertyValueSpecification\",\"valueRequired\":true,\"valueName\":\"search_term_string\"}}],\"inLanguage\":\"sv-SE\"},{\"@type\":\"Organization\",\"@id\":\"https:\\\/\\\/rebornbusiness.com\\\/#organization\",\"name\":\"Q.G.S\",\"url\":\"https:\\\/\\\/rebornbusiness.com\\\/\",\"logo\":{\"@type\":\"ImageObject\",\"inLanguage\":\"sv-SE\",\"@id\":\"https:\\\/\\\/rebornbusiness.com\\\/#\\\/schema\\\/logo\\\/image\\\/\",\"url\":\"https:\\\/\\\/qgsgroup.com\\\/wp-content\\\/uploads\\\/2024\\\/03\\\/logo-electric-tools.png\",\"contentUrl\":\"https:\\\/\\\/qgsgroup.com\\\/wp-content\\\/uploads\\\/2024\\\/03\\\/logo-electric-tools.png\",\"width\":11090,\"height\":2459,\"caption\":\"Q.G.S\"},\"image\":{\"@id\":\"https:\\\/\\\/rebornbusiness.com\\\/#\\\/schema\\\/logo\\\/image\\\/\"}}]}<\/script>\n<!-- \/ Yoast SEO plugin. -->","yoast_head_json":{"title":"19mm 25mm Manufacture Curtain Bracket Holder Design Metal Curtain Bracket For Curtain Rod - Q.G.S","robots":{"index":"index","follow":"follow","max-snippet":"max-snippet:-1","max-image-preview":"max-image-preview:large","max-video-preview":"max-video-preview:-1"},"canonical":"https:\/\/qgsgroup.com\/sv\/produkt\/19mm-25mm-manufacture-curtain-bracket-holder-design-metal-curtain-bracket-for-curtain-rod\/","og_locale":"sv_SE","og_type":"article","og_title":"19mm 25mm Manufacture Curtain Bracket Holder Design Metal Curtain Bracket For Curtain Rod - Q.G.S","og_description":"Key attributes Industry-specific attributes Design Style Contemporary Other attributes Place of Origin Zhejiang, China Type Single Brand Name OEM Model Number RD-E060 Curtain Poles, Tracks &#038; Accessories Type Curtain Accessories Material Metal Material plastic Color chrome,golden,black Size diameter:19mm,25mm Feature Many styles, can be customized Product Name Curtain Brackets Usage Window Curtain Home Decoration Style Modern Window Hardware Function Easily Slide Advantage Long Service Time Use Home Furniture Packaging and delivery Packaging Details OPP, BOX Port Ningbo, Shanghai Supply Ability Supply Ability 100000 Piece\/Pieces per Month Customization OEM Min. order:500 Customized logo Min. order:500 Customized packaging Min. order:500 Graphic customization Min. order:500 Products Description MaterialplasticSizediameter\uff1a19mm\uff0c25mmColorchrome\uff0cgolden\uff0cblackFeatureMany styles, can be customizedMOQ500 PCSPackageOPP, BOX","og_url":"https:\/\/qgsgroup.com\/sv\/produkt\/19mm-25mm-manufacture-curtain-bracket-holder-design-metal-curtain-bracket-for-curtain-rod\/","og_site_name":"Q.G.S","article_modified_time":"2024-03-31T01:27:32+00:00","og_image":[{"width":800,"height":800,"url":"https:\/\/qgsgroup.com\/wp-content\/uploads\/aliexpress\/h6b076fa3083749a1ba1a30852fc9d1edu.jpg","type":"image\/jpeg"}],"twitter_card":"summary_large_image","schema":{"@context":"https:\/\/schema.org","@graph":[{"@type":"WebPage","@id":"https:\/\/qgsgroup.com\/product\/19mm-25mm-manufacture-curtain-bracket-holder-design-metal-curtain-bracket-for-curtain-rod\/","url":"https:\/\/qgsgroup.com\/product\/19mm-25mm-manufacture-curtain-bracket-holder-design-metal-curtain-bracket-for-curtain-rod\/","name":"19mm 25mm Manufacture Curtain Bracket Holder Design Metal Curtain Bracket For Curtain Rod - Q.G.S","isPartOf":{"@id":"https:\/\/rebornbusiness.com\/#website"},"primaryImageOfPage":{"@id":"https:\/\/qgsgroup.com\/product\/19mm-25mm-manufacture-curtain-bracket-holder-design-metal-curtain-bracket-for-curtain-rod\/#primaryimage"},"image":{"@id":"https:\/\/qgsgroup.com\/product\/19mm-25mm-manufacture-curtain-bracket-holder-design-metal-curtain-bracket-for-curtain-rod\/#primaryimage"},"thumbnailUrl":"https:\/\/qgsgroup.com\/wp-content\/uploads\/aliexpress\/h6b076fa3083749a1ba1a30852fc9d1edu.jpg","datePublished":"2024-03-31T01:27:31+00:00","dateModified":"2024-03-31T01:27:32+00:00","breadcrumb":{"@id":"https:\/\/qgsgroup.com\/product\/19mm-25mm-manufacture-curtain-bracket-holder-design-metal-curtain-bracket-for-curtain-rod\/#breadcrumb"},"inLanguage":"sv-SE","potentialAction":[{"@type":"ReadAction","target":["https:\/\/qgsgroup.com\/product\/19mm-25mm-manufacture-curtain-bracket-holder-design-metal-curtain-bracket-for-curtain-rod\/"]}]},{"@type":"ImageObject","inLanguage":"sv-SE","@id":"https:\/\/qgsgroup.com\/product\/19mm-25mm-manufacture-curtain-bracket-holder-design-metal-curtain-bracket-for-curtain-rod\/#primaryimage","url":"https:\/\/qgsgroup.com\/wp-content\/uploads\/aliexpress\/h6b076fa3083749a1ba1a30852fc9d1edu.jpg","contentUrl":"https:\/\/qgsgroup.com\/wp-content\/uploads\/aliexpress\/h6b076fa3083749a1ba1a30852fc9d1edu.jpg","width":800,"height":800},{"@type":"BreadcrumbList","@id":"https:\/\/qgsgroup.com\/product\/19mm-25mm-manufacture-curtain-bracket-holder-design-metal-curtain-bracket-for-curtain-rod\/#breadcrumb","itemListElement":[{"@type":"ListItem","position":1,"name":"Home","item":"https:\/\/qgsgroup.com\/"},{"@type":"ListItem","position":2,"name":"Products","item":"https:\/\/qgsgroup.com\/products\/"},{"@type":"ListItem","position":3,"name":"19mm 25mm Manufacture Curtain Bracket Holder Design Metal Curtain Bracket For Curtain Rod"}]},{"@type":"WebSite","@id":"https:\/\/rebornbusiness.com\/#website","url":"https:\/\/rebornbusiness.com\/","name":"Q.G.S","description":"Q.G.S group company","publisher":{"@id":"https:\/\/rebornbusiness.com\/#organization"},"potentialAction":[{"@type":"SearchAction","target":{"@type":"EntryPoint","urlTemplate":"https:\/\/rebornbusiness.com\/?s={search_term_string}"},"query-input":{"@type":"PropertyValueSpecification","valueRequired":true,"valueName":"search_term_string"}}],"inLanguage":"sv-SE"},{"@type":"Organization","@id":"https:\/\/rebornbusiness.com\/#organization","name":"Q.G.S","url":"https:\/\/rebornbusiness.com\/","logo":{"@type":"ImageObject","inLanguage":"sv-SE","@id":"https:\/\/rebornbusiness.com\/#\/schema\/logo\/image\/","url":"https:\/\/qgsgroup.com\/wp-content\/uploads\/2024\/03\/logo-electric-tools.png","contentUrl":"https:\/\/qgsgroup.com\/wp-content\/uploads\/2024\/03\/logo-electric-tools.png","width":11090,"height":2459,"caption":"Q.G.S"},"image":{"@id":"https:\/\/rebornbusiness.com\/#\/schema\/logo\/image\/"}}]}},"_links":{"self":[{"href":"https:\/\/qgsgroup.com\/sv\/wp-json\/wp\/v2\/product\/6192","targetHints":{"allow":["GET"]}}],"collection":[{"href":"https:\/\/qgsgroup.com\/sv\/wp-json\/wp\/v2\/product"}],"about":[{"href":"https:\/\/qgsgroup.com\/sv\/wp-json\/wp\/v2\/types\/product"}],"wp:featuredmedia":[{"embeddable":true,"href":"https:\/\/qgsgroup.com\/sv\/wp-json\/wp\/v2\/media\/4244"}],"wp:attachment":[{"href":"https:\/\/qgsgroup.com\/sv\/wp-json\/wp\/v2\/media?parent=6192"}],"wp:term":[{"taxonomy":"product_brand","embeddable":true,"href":"https:\/\/qgsgroup.com\/sv\/wp-json\/wp\/v2\/product_brand?post=6192"},{"taxonomy":"product_cat","embeddable":true,"href":"https:\/\/qgsgroup.com\/sv\/wp-json\/wp\/v2\/product_cat?post=6192"},{"taxonomy":"product_tag","embeddable":true,"href":"https:\/\/qgsgroup.com\/sv\/wp-json\/wp\/v2\/product_tag?post=6192"}],"curies":[{"name":"wp","href":"https:\/\/api.w.org\/{rel}","templated":true}]}}