{"id":6501,"date":"2024-03-31T03:01:37","date_gmt":"2024-03-31T03:01:37","guid":{"rendered":"https:\/\/qgsgroup.com\/products\/hot-sale-supplier-affordable-price-decoration-curtain-accessories-eyelet-curtain-ring\/"},"modified":"2024-03-31T03:01:46","modified_gmt":"2024-03-31T03:01:46","slug":"hot-sale-supplier-affordable-price-decoration-curtain-accessories-eyelet-curtain-ring","status":"publish","type":"product","link":"https:\/\/qgsgroup.com\/sv\/produkt\/hot-sale-supplier-affordable-price-decoration-curtain-accessories-eyelet-curtain-ring\/","title":{"rendered":"Hot Sale Supplier Affordable Price Decoration Curtain Accessories Eyelet Curtain Ring"},"content":{"rendered":"<div class=\"product-key-attributes\">\n<h3>Nyckelattribut<\/h3>\n<h4>Branschspecifika attribut<\/h4>\n<ul>\n<li><label>Designstil<\/label>\n<div>\u00d6vrig<\/div>\n<\/li>\n<\/ul>\n<h4>Andra attribut<\/h4>\n<ul>\n<li><label>H\u00e4rstamning<\/label>\n<div>Zhejiang, Kina<\/div>\n<\/li>\n<li><label>Typ<\/label>\n<div>Enda<\/div>\n<\/li>\n<li><label>Varum\u00e4rke<\/label>\n<div>Gardin\u00f6glor<\/div>\n<\/li>\n<li><label>Modellnummer<\/label>\n<div>RR026<\/div>\n<\/li>\n<li><label>Gardinst\u00e4nger, sp\u00e5r och tillbeh\u00f6r Typ<\/label>\n<div>Gardintillbeh\u00f6r<\/div>\n<\/li>\n<li><label>Material<\/label>\n<div>Plast<\/div>\n<\/li>\n<li><label>Typ<\/label>\n<div>Gardinst\u00e4nger, sp\u00e5r &amp; tillbeh\u00f6r<\/div>\n<\/li>\n<li><label>namn<\/label>\n<div>Gardin\u00f6glor i plast<\/div>\n<\/li>\n<li><label>F\u00e4rg<\/label>\n<div>Guld\/ Silver\/ Kaffe\/ Lila\/Vit\/ Svart eller som anpassning<\/div>\n<\/li>\n<li><label>Allm\u00e4n anv\u00e4ndning<\/label>\n<div>f\u00f6nster gardiner<\/div>\n<\/li>\n<li><label>Yttre diameter<\/label>\n<div>86mm<\/div>\n<\/li>\n<li><label>Innerdiameter<\/label>\n<div>41 mm<\/div>\n<\/li>\n<li><label>H\u00f6jd<\/label>\n<div>15mm<\/div>\n<\/li>\n<li><label>produktnamn<\/label>\n<div>Eyelet Curtain Ring<\/div>\n<\/li>\n<li><label>Anv\u00e4ndande<\/label>\n<div>Curtian tillbeh\u00f6r<\/div>\n<\/li>\n<li><label>Ans\u00f6kan<\/label>\n<div>Hem. Hotell. Sjukhus. Kaf\u00e9. Kontor.Skola<\/div>\n<\/li>\n<\/ul>\n<h4>Paketering och leverans<\/h4>\n<ul>\n<li><label>f\u00f6rpackningsdetaljer<\/label>\n<div>1st\/polyp\u00e5se 50st\/l\u00e5da 40box\/ctn<\/div>\n<\/li>\n<\/ul>\n<h4>F\u00f6rs\u00f6rjningsf\u00f6rm\u00e5ga<\/h4>\n<ul>\n<li><label>F\u00f6rs\u00f6rjningsf\u00f6rm\u00e5ga<\/label>\n<div>200 000 stycken\/stycken per dag<\/div>\n<\/li>\n<\/ul>\n<\/div>\n<div class=\"product-customization\">\n<h3>Anpassning<\/h3>\n<div>\n<div>\n<p>Anpassad logotyp<\/p>\n<p><label>Min. best\u00e4lla:<\/label>1000<\/p>\n<\/div>\n<div>\n<p>Skr\u00e4ddarsydd f\u00f6rpackning<\/p>\n<p><label>Min. best\u00e4lla:<\/label>1000<\/p>\n<\/div>\n<div>\n<p>Grafisk anpassning<\/p>\n<p><label>Min. best\u00e4lla:<\/label>1000<\/p>\n<\/div>\n<\/div>\n<\/div>\n<p><div data-magic-global=\"%7B%22bizId%22%3A3210435406%2C%22pageId%22%3A21364896451%2C%22siteId%22%3A5005373107%7D\" id=\"detail_decorate_root\"><br \/>\n      <div module-id=\"37404938121\" module-title=\"detailSingleImage\" render=\"true\" class=\"J_module\"><div class=\"icbu-pc-images magic-0\"><div><div class=\"flex-layout-v\"><div class=\"flex-layout-h magic-0\"><div class=\"magic-1\"><img src=\"https:\/\/qgsgroup.com\/wp-content\/uploads\/aliexpress\/h5175047b0a0e4ad7a22e9513ef1a33acm.jpg\" usemap=\"#4-55-055-7be8\" class=\"magic-2\"\/><\/div><\/div><\/div><\/div><\/div><\/div><\/p>\n<p>      <div module-id=\"37404938122\" module-title=\"detailTableNoTitle\" render=\"true\" class=\"J_module\"><div class=\"ife-detail-decorate-table\"><table class=\"all magic-3\"><tbody><tr><td colspan=\"1\" rowspan=\"1\"><div class=\"magic-4\">Material<\/div><\/td><td colspan=\"3\" rowspan=\"1\"><div class=\"magic-5\">Plast<\/div><\/td><\/tr><tr><td colspan=\"1\" rowspan=\"1\"><div class=\"magic-4\">Typ av plast<\/div><\/td><td colspan=\"3\" rowspan=\"1\"><div class=\"magic-5\"> PP\/ABS<\/div><\/td><\/tr><tr><td colspan=\"1\" rowspan=\"1\"><div class=\"magic-4\">F\u00e4rg<\/div><\/td><td colspan=\"3\" rowspan=\"1\"><div class=\"magic-5\">Guld\/ Silver\/ Kaffe\/ Lila\/Vit\/ Svart eller som anpassning<\/div><\/td><\/tr><tr><td colspan=\"1\" rowspan=\"1\"><div class=\"magic-4\">Yttre diameter<\/div><\/td><td colspan=\"3\" rowspan=\"1\"><div class=\"magic-5\">86mm<\/div><\/td><\/tr><tr><td colspan=\"1\" rowspan=\"1\"><div class=\"magic-4\">Innerdiameter<\/div><\/td><td colspan=\"3\" rowspan=\"1\"><div class=\"magic-5\">41 mm<\/div><\/td><\/tr><tr><td colspan=\"1\" rowspan=\"1\"><div class=\"magic-4\">H\u00f6jd<\/div><\/td><td colspan=\"3\" rowspan=\"1\"><div class=\"magic-9\">15mm<\/div><\/td><\/tr><\/tbody><\/table><\/div><\/div><\/p>\n<p>      <div module-id=\"37404938123\" module-title=\"detailManyImage\" render=\"true\" class=\"J_module\"><div class=\"icbu-pc-detailManyImage magic-12\"><div class=\"magic-13\"><img src=\"https:\/\/qgsgroup.com\/wp-content\/uploads\/aliexpress\/htb1b70mkf5tbunjsspcq6zngfxat.jpg\" class=\"magic-14\"\/><\/div><div class=\"magic-13\"><img src=\"https:\/\/qgsgroup.com\/wp-content\/uploads\/aliexpress\/htb1wfn2pz7nbknjszleq6zxcfxaz.jpg\" class=\"magic-14\"\/><\/div><div class=\"magic-13\"><img src=\"https:\/\/qgsgroup.com\/wp-content\/uploads\/aliexpress\/htb1diazkbuwbunjsszgq6z8jvxaa.jpg\" class=\"magic-14\"\/><\/div><div class=\"magic-13\"><img src=\"https:\/\/qgsgroup.com\/wp-content\/uploads\/aliexpress\/htb1q2ldbocybunkhfccq6ahtvxae.jpg\" class=\"magic-14\"\/><\/div><div class=\"magic-13\"><img src=\"https:\/\/qgsgroup.com\/wp-content\/uploads\/aliexpress\/htb1cvtnkxgwbunjy0fbq6z4sxxac.jpg\" class=\"magic-14\"\/><\/div><div class=\"magic-13\"><img src=\"https:\/\/qgsgroup.com\/wp-content\/uploads\/aliexpress\/htb1qftek3zc2unjszfnq6yxzpxav.jpg\" class=\"magic-14\"\/><\/div><\/div><\/div><\/p>\n<p>      <div module-id=\"37404938124\" module-title=\"detailSingleImage\" render=\"true\" class=\"J_module\"><div class=\"icbu-pc-images magic-0\"><div><div class=\"flex-layout-v\"><div class=\"flex-layout-h magic-0\"><div class=\"magic-15\"><img src=\"https:\/\/qgsgroup.com\/wp-content\/uploads\/aliexpress\/hea1474d1449e48738f187618f545d275w.jpg\" class=\"magic-16\"\/><\/div><\/div><\/div><\/div><\/div><\/div><\/p>\n<p>      <div module-id=\"37404938125\" module-title=\"detailSingleImage\" render=\"true\" class=\"J_module\"><div class=\"icbu-pc-images magic-0\"><div><div class=\"flex-layout-v\"><div class=\"flex-layout-h magic-0\"><div class=\"magic-17\"><img src=\"https:\/\/qgsgroup.com\/wp-content\/uploads\/aliexpress\/h7980e415ddab43d7918a50f6d1e84b88s.jpg\" class=\"magic-18\"\/><\/div><\/div><\/div><\/div><\/div><\/div><\/p>\n<p><\/DIV><\/p>","protected":false},"excerpt":{"rendered":"<p>Key attributes Industry-specific attributes Design Style other Other attributes Place of Origin Zhejiang, China Type Single Brand Name Curtain eyelet rings Model Number RR026 Curtain Poles, Tracks &#038; Accessories Type Curtain Accessories Material Plastic Type Curtain Poles, Tracks &#038; Accessories Name Plastic curtain eyelet rings Color Gold\/ Silver\/ Coffee\/ Purple\/White\/ Black or as Customization General Use window curtains External diameter 86mm Inner diameter 41mm Height 15mm Product Name Eyelet Curtain Ring Usage Curtian Accessories Application Home. Hotel. Hospital. Cafe. Office.School Packaging and delivery Packaging Details 1pcs\/polybag 50pcs\/box 40box\/ctn Supply Ability Supply Ability 200000 Piece\/Pieces per Day Customization Customized logo Min. order:1000 Customized packaging Min. order:1000 Graphic customization Min. order:1000 MaterialPlasticPlastic Type PP\/ABSColorGold\/ Silver\/ Coffee\/ Purple\/White\/ Black or as CustomizationExternal diameter86mmInner diameter41mmHeight15mm<\/p>","protected":false},"featured_media":5238,"template":"","meta":{"site-sidebar-layout":"default","site-content-layout":"","ast-site-content-layout":"","site-content-style":"default","site-sidebar-style":"default","ast-global-header-display":"","ast-banner-title-visibility":"","ast-main-header-display":"","ast-hfb-above-header-display":"","ast-hfb-below-header-display":"","ast-hfb-mobile-header-display":"","site-post-title":"","ast-breadcrumbs-content":"","ast-featured-img":"","footer-sml-layout":"","theme-transparent-header-meta":"","adv-header-id-meta":"","stick-header-meta":"","header-above-stick-meta":"","header-main-stick-meta":"","header-below-stick-meta":"","astra-migrate-meta-layouts":"default","ast-page-background-enabled":"default","ast-page-background-meta":{"desktop":{"background-color":"","background-image":"","background-repeat":"repeat","background-position":"center center","background-size":"auto","background-attachment":"scroll","background-type":"","background-media":"","overlay-type":"","overlay-color":"","overlay-opacity":"","overlay-gradient":""},"tablet":{"background-color":"","background-image":"","background-repeat":"repeat","background-position":"center center","background-size":"auto","background-attachment":"scroll","background-type":"","background-media":"","overlay-type":"","overlay-color":"","overlay-opacity":"","overlay-gradient":""},"mobile":{"background-color":"","background-image":"","background-repeat":"repeat","background-position":"center center","background-size":"auto","background-attachment":"scroll","background-type":"","background-media":"","overlay-type":"","overlay-color":"","overlay-opacity":"","overlay-gradient":""}},"ast-content-background-meta":{"desktop":{"background-color":"var(--ast-global-color-5)","background-image":"","background-repeat":"repeat","background-position":"center center","background-size":"auto","background-attachment":"scroll","background-type":"","background-media":"","overlay-type":"","overlay-color":"","overlay-opacity":"","overlay-gradient":""},"tablet":{"background-color":"var(--ast-global-color-5)","background-image":"","background-repeat":"repeat","background-position":"center center","background-size":"auto","background-attachment":"scroll","background-type":"","background-media":"","overlay-type":"","overlay-color":"","overlay-opacity":"","overlay-gradient":""},"mobile":{"background-color":"var(--ast-global-color-5)","background-image":"","background-repeat":"repeat","background-position":"center center","background-size":"auto","background-attachment":"scroll","background-type":"","background-media":"","overlay-type":"","overlay-color":"","overlay-opacity":"","overlay-gradient":""}}},"product_brand":[],"product_cat":[90],"product_tag":[],"class_list":{"0":"post-6501","1":"product","2":"type-product","3":"status-publish","4":"has-post-thumbnail","6":"product_cat-curtain-eyelet-rings","7":"desktop-align-left","8":"tablet-align-left","9":"mobile-align-left","11":"first","12":"instock","13":"shipping-taxable","14":"product-type-simple"},"yoast_head":"<!-- This site is optimized with the Yoast SEO plugin v27.6 - https:\/\/yoast.com\/product\/yoast-seo-wordpress\/ -->\n<title>Hot Sale Supplier Affordable Price Decoration Curtain Accessories Eyelet Curtain Ring - Q.G.S<\/title>\n<meta name=\"robots\" content=\"index, follow, max-snippet:-1, max-image-preview:large, max-video-preview:-1\" \/>\n<link rel=\"canonical\" href=\"https:\/\/qgsgroup.com\/sv\/produkt\/hot-sale-supplier-affordable-price-decoration-curtain-accessories-eyelet-curtain-ring\/\" \/>\n<meta property=\"og:locale\" content=\"sv_SE\" \/>\n<meta property=\"og:type\" content=\"article\" \/>\n<meta property=\"og:title\" content=\"Hot Sale Supplier Affordable Price Decoration Curtain Accessories Eyelet Curtain Ring - Q.G.S\" \/>\n<meta property=\"og:description\" content=\"Key attributes Industry-specific attributes Design Style other Other attributes Place of Origin Zhejiang, China Type Single Brand Name Curtain eyelet rings Model Number RR026 Curtain Poles, Tracks &#038; Accessories Type Curtain Accessories Material Plastic Type Curtain Poles, Tracks &#038; Accessories Name Plastic curtain eyelet rings Color Gold\/ Silver\/ Coffee\/ Purple\/White\/ Black or as Customization General Use window curtains External diameter 86mm Inner diameter 41mm Height 15mm Product Name Eyelet Curtain Ring Usage Curtian Accessories Application Home. Hotel. Hospital. Cafe. Office.School Packaging and delivery Packaging Details 1pcs\/polybag 50pcs\/box 40box\/ctn Supply Ability Supply Ability 200000 Piece\/Pieces per Day Customization Customized logo Min. order:1000 Customized packaging Min. order:1000 Graphic customization Min. order:1000 MaterialPlasticPlastic Type PP\/ABSColorGold\/ Silver\/ Coffee\/ Purple\/White\/ Black or as CustomizationExternal diameter86mmInner diameter41mmHeight15mm\" \/>\n<meta property=\"og:url\" content=\"https:\/\/qgsgroup.com\/sv\/produkt\/hot-sale-supplier-affordable-price-decoration-curtain-accessories-eyelet-curtain-ring\/\" \/>\n<meta property=\"og:site_name\" content=\"Q.G.S\" \/>\n<meta property=\"article:modified_time\" content=\"2024-03-31T03:01:46+00:00\" \/>\n<meta property=\"og:image\" content=\"https:\/\/qgsgroup.com\/wp-content\/uploads\/aliexpress\/had4e02dc37414f559c1c42910a2cc112s.png\" \/>\n\t<meta property=\"og:image:width\" content=\"750\" \/>\n\t<meta property=\"og:image:height\" content=\"750\" \/>\n\t<meta property=\"og:image:type\" content=\"image\/jpeg\" \/>\n<meta name=\"twitter:card\" content=\"summary_large_image\" \/>\n<meta name=\"twitter:label1\" content=\"Ber\u00e4knad l\u00e4stid\" \/>\n\t<meta name=\"twitter:data1\" content=\"1 minut\" \/>\n<script type=\"application\/ld+json\" class=\"yoast-schema-graph\">{\"@context\":\"https:\\\/\\\/schema.org\",\"@graph\":[{\"@type\":\"WebPage\",\"@id\":\"https:\\\/\\\/qgsgroup.com\\\/product\\\/hot-sale-supplier-affordable-price-decoration-curtain-accessories-eyelet-curtain-ring\\\/\",\"url\":\"https:\\\/\\\/qgsgroup.com\\\/product\\\/hot-sale-supplier-affordable-price-decoration-curtain-accessories-eyelet-curtain-ring\\\/\",\"name\":\"Hot Sale Supplier Affordable Price Decoration Curtain Accessories Eyelet Curtain Ring - Q.G.S\",\"isPartOf\":{\"@id\":\"https:\\\/\\\/rebornbusiness.com\\\/#website\"},\"primaryImageOfPage\":{\"@id\":\"https:\\\/\\\/qgsgroup.com\\\/product\\\/hot-sale-supplier-affordable-price-decoration-curtain-accessories-eyelet-curtain-ring\\\/#primaryimage\"},\"image\":{\"@id\":\"https:\\\/\\\/qgsgroup.com\\\/product\\\/hot-sale-supplier-affordable-price-decoration-curtain-accessories-eyelet-curtain-ring\\\/#primaryimage\"},\"thumbnailUrl\":\"https:\\\/\\\/qgsgroup.com\\\/wp-content\\\/uploads\\\/aliexpress\\\/had4e02dc37414f559c1c42910a2cc112s.png\",\"datePublished\":\"2024-03-31T03:01:37+00:00\",\"dateModified\":\"2024-03-31T03:01:46+00:00\",\"breadcrumb\":{\"@id\":\"https:\\\/\\\/qgsgroup.com\\\/product\\\/hot-sale-supplier-affordable-price-decoration-curtain-accessories-eyelet-curtain-ring\\\/#breadcrumb\"},\"inLanguage\":\"sv-SE\",\"potentialAction\":[{\"@type\":\"ReadAction\",\"target\":[\"https:\\\/\\\/qgsgroup.com\\\/product\\\/hot-sale-supplier-affordable-price-decoration-curtain-accessories-eyelet-curtain-ring\\\/\"]}]},{\"@type\":\"ImageObject\",\"inLanguage\":\"sv-SE\",\"@id\":\"https:\\\/\\\/qgsgroup.com\\\/product\\\/hot-sale-supplier-affordable-price-decoration-curtain-accessories-eyelet-curtain-ring\\\/#primaryimage\",\"url\":\"https:\\\/\\\/qgsgroup.com\\\/wp-content\\\/uploads\\\/aliexpress\\\/had4e02dc37414f559c1c42910a2cc112s.png\",\"contentUrl\":\"https:\\\/\\\/qgsgroup.com\\\/wp-content\\\/uploads\\\/aliexpress\\\/had4e02dc37414f559c1c42910a2cc112s.png\",\"width\":750,\"height\":750},{\"@type\":\"BreadcrumbList\",\"@id\":\"https:\\\/\\\/qgsgroup.com\\\/product\\\/hot-sale-supplier-affordable-price-decoration-curtain-accessories-eyelet-curtain-ring\\\/#breadcrumb\",\"itemListElement\":[{\"@type\":\"ListItem\",\"position\":1,\"name\":\"Home\",\"item\":\"https:\\\/\\\/qgsgroup.com\\\/\"},{\"@type\":\"ListItem\",\"position\":2,\"name\":\"Products\",\"item\":\"https:\\\/\\\/qgsgroup.com\\\/products\\\/\"},{\"@type\":\"ListItem\",\"position\":3,\"name\":\"Hot Sale Supplier Affordable Price Decoration Curtain Accessories Eyelet Curtain Ring\"}]},{\"@type\":\"WebSite\",\"@id\":\"https:\\\/\\\/rebornbusiness.com\\\/#website\",\"url\":\"https:\\\/\\\/rebornbusiness.com\\\/\",\"name\":\"Q.G.S\",\"description\":\"Q.G.S group company\",\"publisher\":{\"@id\":\"https:\\\/\\\/rebornbusiness.com\\\/#organization\"},\"potentialAction\":[{\"@type\":\"SearchAction\",\"target\":{\"@type\":\"EntryPoint\",\"urlTemplate\":\"https:\\\/\\\/rebornbusiness.com\\\/?s={search_term_string}\"},\"query-input\":{\"@type\":\"PropertyValueSpecification\",\"valueRequired\":true,\"valueName\":\"search_term_string\"}}],\"inLanguage\":\"sv-SE\"},{\"@type\":\"Organization\",\"@id\":\"https:\\\/\\\/rebornbusiness.com\\\/#organization\",\"name\":\"Q.G.S\",\"url\":\"https:\\\/\\\/rebornbusiness.com\\\/\",\"logo\":{\"@type\":\"ImageObject\",\"inLanguage\":\"sv-SE\",\"@id\":\"https:\\\/\\\/rebornbusiness.com\\\/#\\\/schema\\\/logo\\\/image\\\/\",\"url\":\"https:\\\/\\\/qgsgroup.com\\\/wp-content\\\/uploads\\\/2024\\\/03\\\/logo-electric-tools.png\",\"contentUrl\":\"https:\\\/\\\/qgsgroup.com\\\/wp-content\\\/uploads\\\/2024\\\/03\\\/logo-electric-tools.png\",\"width\":11090,\"height\":2459,\"caption\":\"Q.G.S\"},\"image\":{\"@id\":\"https:\\\/\\\/rebornbusiness.com\\\/#\\\/schema\\\/logo\\\/image\\\/\"}}]}<\/script>\n<!-- \/ Yoast SEO plugin. -->","yoast_head_json":{"title":"Hot Sale Supplier Affordable Price Decoration Curtain Accessories Eyelet Curtain Ring - Q.G.S","robots":{"index":"index","follow":"follow","max-snippet":"max-snippet:-1","max-image-preview":"max-image-preview:large","max-video-preview":"max-video-preview:-1"},"canonical":"https:\/\/qgsgroup.com\/sv\/produkt\/hot-sale-supplier-affordable-price-decoration-curtain-accessories-eyelet-curtain-ring\/","og_locale":"sv_SE","og_type":"article","og_title":"Hot Sale Supplier Affordable Price Decoration Curtain Accessories Eyelet Curtain Ring - Q.G.S","og_description":"Key attributes Industry-specific attributes Design Style other Other attributes Place of Origin Zhejiang, China Type Single Brand Name Curtain eyelet rings Model Number RR026 Curtain Poles, Tracks &#038; Accessories Type Curtain Accessories Material Plastic Type Curtain Poles, Tracks &#038; Accessories Name Plastic curtain eyelet rings Color Gold\/ Silver\/ Coffee\/ Purple\/White\/ Black or as Customization General Use window curtains External diameter 86mm Inner diameter 41mm Height 15mm Product Name Eyelet Curtain Ring Usage Curtian Accessories Application Home. Hotel. Hospital. Cafe. Office.School Packaging and delivery Packaging Details 1pcs\/polybag 50pcs\/box 40box\/ctn Supply Ability Supply Ability 200000 Piece\/Pieces per Day Customization Customized logo Min. order:1000 Customized packaging Min. order:1000 Graphic customization Min. order:1000 MaterialPlasticPlastic Type PP\/ABSColorGold\/ Silver\/ Coffee\/ Purple\/White\/ Black or as CustomizationExternal diameter86mmInner diameter41mmHeight15mm","og_url":"https:\/\/qgsgroup.com\/sv\/produkt\/hot-sale-supplier-affordable-price-decoration-curtain-accessories-eyelet-curtain-ring\/","og_site_name":"Q.G.S","article_modified_time":"2024-03-31T03:01:46+00:00","og_image":[{"width":750,"height":750,"url":"https:\/\/qgsgroup.com\/wp-content\/uploads\/aliexpress\/had4e02dc37414f559c1c42910a2cc112s.png","type":"image\/jpeg"}],"twitter_card":"summary_large_image","twitter_misc":{"Ber\u00e4knad l\u00e4stid":"1 minut"},"schema":{"@context":"https:\/\/schema.org","@graph":[{"@type":"WebPage","@id":"https:\/\/qgsgroup.com\/product\/hot-sale-supplier-affordable-price-decoration-curtain-accessories-eyelet-curtain-ring\/","url":"https:\/\/qgsgroup.com\/product\/hot-sale-supplier-affordable-price-decoration-curtain-accessories-eyelet-curtain-ring\/","name":"Hot Sale Supplier Affordable Price Decoration Curtain Accessories Eyelet Curtain Ring - Q.G.S","isPartOf":{"@id":"https:\/\/rebornbusiness.com\/#website"},"primaryImageOfPage":{"@id":"https:\/\/qgsgroup.com\/product\/hot-sale-supplier-affordable-price-decoration-curtain-accessories-eyelet-curtain-ring\/#primaryimage"},"image":{"@id":"https:\/\/qgsgroup.com\/product\/hot-sale-supplier-affordable-price-decoration-curtain-accessories-eyelet-curtain-ring\/#primaryimage"},"thumbnailUrl":"https:\/\/qgsgroup.com\/wp-content\/uploads\/aliexpress\/had4e02dc37414f559c1c42910a2cc112s.png","datePublished":"2024-03-31T03:01:37+00:00","dateModified":"2024-03-31T03:01:46+00:00","breadcrumb":{"@id":"https:\/\/qgsgroup.com\/product\/hot-sale-supplier-affordable-price-decoration-curtain-accessories-eyelet-curtain-ring\/#breadcrumb"},"inLanguage":"sv-SE","potentialAction":[{"@type":"ReadAction","target":["https:\/\/qgsgroup.com\/product\/hot-sale-supplier-affordable-price-decoration-curtain-accessories-eyelet-curtain-ring\/"]}]},{"@type":"ImageObject","inLanguage":"sv-SE","@id":"https:\/\/qgsgroup.com\/product\/hot-sale-supplier-affordable-price-decoration-curtain-accessories-eyelet-curtain-ring\/#primaryimage","url":"https:\/\/qgsgroup.com\/wp-content\/uploads\/aliexpress\/had4e02dc37414f559c1c42910a2cc112s.png","contentUrl":"https:\/\/qgsgroup.com\/wp-content\/uploads\/aliexpress\/had4e02dc37414f559c1c42910a2cc112s.png","width":750,"height":750},{"@type":"BreadcrumbList","@id":"https:\/\/qgsgroup.com\/product\/hot-sale-supplier-affordable-price-decoration-curtain-accessories-eyelet-curtain-ring\/#breadcrumb","itemListElement":[{"@type":"ListItem","position":1,"name":"Home","item":"https:\/\/qgsgroup.com\/"},{"@type":"ListItem","position":2,"name":"Products","item":"https:\/\/qgsgroup.com\/products\/"},{"@type":"ListItem","position":3,"name":"Hot Sale Supplier Affordable Price Decoration Curtain Accessories Eyelet Curtain Ring"}]},{"@type":"WebSite","@id":"https:\/\/rebornbusiness.com\/#website","url":"https:\/\/rebornbusiness.com\/","name":"Q.G.S","description":"Q.G.S group company","publisher":{"@id":"https:\/\/rebornbusiness.com\/#organization"},"potentialAction":[{"@type":"SearchAction","target":{"@type":"EntryPoint","urlTemplate":"https:\/\/rebornbusiness.com\/?s={search_term_string}"},"query-input":{"@type":"PropertyValueSpecification","valueRequired":true,"valueName":"search_term_string"}}],"inLanguage":"sv-SE"},{"@type":"Organization","@id":"https:\/\/rebornbusiness.com\/#organization","name":"Q.G.S","url":"https:\/\/rebornbusiness.com\/","logo":{"@type":"ImageObject","inLanguage":"sv-SE","@id":"https:\/\/rebornbusiness.com\/#\/schema\/logo\/image\/","url":"https:\/\/qgsgroup.com\/wp-content\/uploads\/2024\/03\/logo-electric-tools.png","contentUrl":"https:\/\/qgsgroup.com\/wp-content\/uploads\/2024\/03\/logo-electric-tools.png","width":11090,"height":2459,"caption":"Q.G.S"},"image":{"@id":"https:\/\/rebornbusiness.com\/#\/schema\/logo\/image\/"}}]}},"_links":{"self":[{"href":"https:\/\/qgsgroup.com\/sv\/wp-json\/wp\/v2\/product\/6501","targetHints":{"allow":["GET"]}}],"collection":[{"href":"https:\/\/qgsgroup.com\/sv\/wp-json\/wp\/v2\/product"}],"about":[{"href":"https:\/\/qgsgroup.com\/sv\/wp-json\/wp\/v2\/types\/product"}],"wp:featuredmedia":[{"embeddable":true,"href":"https:\/\/qgsgroup.com\/sv\/wp-json\/wp\/v2\/media\/5238"}],"wp:attachment":[{"href":"https:\/\/qgsgroup.com\/sv\/wp-json\/wp\/v2\/media?parent=6501"}],"wp:term":[{"taxonomy":"product_brand","embeddable":true,"href":"https:\/\/qgsgroup.com\/sv\/wp-json\/wp\/v2\/product_brand?post=6501"},{"taxonomy":"product_cat","embeddable":true,"href":"https:\/\/qgsgroup.com\/sv\/wp-json\/wp\/v2\/product_cat?post=6501"},{"taxonomy":"product_tag","embeddable":true,"href":"https:\/\/qgsgroup.com\/sv\/wp-json\/wp\/v2\/product_tag?post=6501"}],"curies":[{"name":"wp","href":"https:\/\/api.w.org\/{rel}","templated":true}]}}