{"id":6815,"date":"2024-03-31T03:48:04","date_gmt":"2024-03-31T03:48:04","guid":{"rendered":"https:\/\/qgsgroup.com\/products\/factory-wholesale-nordic-style-chrome-cabinet-metal-sofa-legs-chrome-coffee-table-furniture-legs-for-bed-sofa\/"},"modified":"2024-03-31T03:48:10","modified_gmt":"2024-03-31T03:48:10","slug":"factory-wholesale-nordic-style-chrome-cabinet-metal-sofa-legs-chrome-coffee-table-furniture-legs-for-bed-sofa","status":"publish","type":"product","link":"https:\/\/qgsgroup.com\/sv\/produkt\/factory-wholesale-nordic-style-chrome-cabinet-metal-sofa-legs-chrome-coffee-table-furniture-legs-for-bed-sofa\/","title":{"rendered":"fabriksgrossist Nordic Style krom sk\u00e5p metall soffben krom soffbord m\u00f6belben F\u00f6r B\u00e4ddsoffa"},"content":{"rendered":"<div class=\"product-key-attributes\">\n<h3>Nyckelattribut<\/h3>\n<h4>Andra attribut<\/h4>\n<ul>\n<li><label>Mail packing<\/label>\n<div>N<\/div>\n<\/li>\n<li><label>H\u00e4rstamning<\/label>\n<div>Zhejiang, Kina<\/div>\n<\/li>\n<li><label>Typ<\/label>\n<div>Furniture Leg<\/div>\n<\/li>\n<li><label>Material<\/label>\n<div>Metall<\/div>\n<\/li>\n<li><label>Anv\u00e4nda sig av<\/label>\n<div>Sofa<\/div>\n<\/li>\n<li><label>Varum\u00e4rke<\/label>\n<div>sofa leg<\/div>\n<\/li>\n<li><label>Modellnummer<\/label>\n<div>Sofa leg<\/div>\n<\/li>\n<li><label>Anv\u00e4ndande<\/label>\n<div>Furniture Base Part<\/div>\n<\/li>\n<li><label>Material<\/label>\n<div>Metal, Iron<\/div>\n<\/li>\n<li><label>Finishing<\/label>\n<div>Chrome,Matt Nickel<\/div>\n<\/li>\n<li><label>Ans\u00f6kan<\/label>\n<div>Sofa Cabinet Table<\/div>\n<\/li>\n<li><label>F\u00f6rpackning<\/label>\n<div>1pc\/poly bag, 100pcs\/ctn<\/div>\n<\/li>\n<li><label>Stil<\/label>\n<div>Modern Simple Industrail<\/div>\n<\/li>\n<li><label>Funktion<\/label>\n<div>Steady<\/div>\n<\/li>\n<li><label>MOQ<\/label>\n<div>500pcs<\/div>\n<\/li>\n<li><label>Quality<\/label>\n<div>Guaranteed<\/div>\n<\/li>\n<li><label>F\u00e4rg<\/label>\n<div>Silver<\/div>\n<\/li>\n<\/ul>\n<h4>Paketering och leverans<\/h4>\n<ul>\n<li><label>f\u00f6rpackningsdetaljer<\/label>\n<div>1pc\/poly bag, 100pcs\/ctn<\/div>\n<\/li>\n<li><label>Hamn<\/label>\n<div>Ningbo<\/div>\n<\/li>\n<\/ul>\n<h4>F\u00f6rs\u00f6rjningsf\u00f6rm\u00e5ga<\/h4>\n<ul>\n<li><label>F\u00f6rs\u00f6rjningsf\u00f6rm\u00e5ga<\/label>\n<div>10000 Piece\/Pieces per   Month<\/div>\n<\/li>\n<\/ul>\n<\/div>","protected":false},"excerpt":{"rendered":"<p>Key attributes Other attributes Mail packing N Place of Origin Zhejiang, China Type Furniture Leg Material Metal Use Sofa Brand Name sofa leg Model Number Sofa leg Usage Furniture Base Part Material Metal, Iron Finishing Chrome,Matt Nickel Application Sofa Cabinet Table Packing 1pc\/poly bag, 100pcs\/ctn Style Modern Simple Industrail Feature Steady MOQ 500pcs Quality Guaranteed Color Silver Packaging and delivery Packaging Details 1pc\/poly bag, 100pcs\/ctn Port Ningbo Supply Ability Supply Ability 10000 Piece\/Pieces per Month<\/p>","protected":false},"featured_media":6814,"template":"","meta":{"site-sidebar-layout":"default","site-content-layout":"","ast-site-content-layout":"","site-content-style":"default","site-sidebar-style":"default","ast-global-header-display":"","ast-banner-title-visibility":"","ast-main-header-display":"","ast-hfb-above-header-display":"","ast-hfb-below-header-display":"","ast-hfb-mobile-header-display":"","site-post-title":"","ast-breadcrumbs-content":"","ast-featured-img":"","footer-sml-layout":"","theme-transparent-header-meta":"","adv-header-id-meta":"","stick-header-meta":"","header-above-stick-meta":"","header-main-stick-meta":"","header-below-stick-meta":"","astra-migrate-meta-layouts":"default","ast-page-background-enabled":"default","ast-page-background-meta":{"desktop":{"background-color":"","background-image":"","background-repeat":"repeat","background-position":"center center","background-size":"auto","background-attachment":"scroll","background-type":"","background-media":"","overlay-type":"","overlay-color":"","overlay-opacity":"","overlay-gradient":""},"tablet":{"background-color":"","background-image":"","background-repeat":"repeat","background-position":"center center","background-size":"auto","background-attachment":"scroll","background-type":"","background-media":"","overlay-type":"","overlay-color":"","overlay-opacity":"","overlay-gradient":""},"mobile":{"background-color":"","background-image":"","background-repeat":"repeat","background-position":"center center","background-size":"auto","background-attachment":"scroll","background-type":"","background-media":"","overlay-type":"","overlay-color":"","overlay-opacity":"","overlay-gradient":""}},"ast-content-background-meta":{"desktop":{"background-color":"var(--ast-global-color-5)","background-image":"","background-repeat":"repeat","background-position":"center center","background-size":"auto","background-attachment":"scroll","background-type":"","background-media":"","overlay-type":"","overlay-color":"","overlay-opacity":"","overlay-gradient":""},"tablet":{"background-color":"var(--ast-global-color-5)","background-image":"","background-repeat":"repeat","background-position":"center center","background-size":"auto","background-attachment":"scroll","background-type":"","background-media":"","overlay-type":"","overlay-color":"","overlay-opacity":"","overlay-gradient":""},"mobile":{"background-color":"var(--ast-global-color-5)","background-image":"","background-repeat":"repeat","background-position":"center center","background-size":"auto","background-attachment":"scroll","background-type":"","background-media":"","overlay-type":"","overlay-color":"","overlay-opacity":"","overlay-gradient":""}}},"product_brand":[],"product_cat":[99],"product_tag":[],"class_list":{"0":"post-6815","1":"product","2":"type-product","3":"status-publish","4":"has-post-thumbnail","6":"product_cat-sofa-legs","7":"desktop-align-left","8":"tablet-align-left","9":"mobile-align-left","11":"first","12":"instock","13":"shipping-taxable","14":"product-type-simple"},"yoast_head":"<!-- This site is optimized with the Yoast SEO plugin v27.4 - https:\/\/yoast.com\/product\/yoast-seo-wordpress\/ -->\n<title>factory wholesale Nordic Style chrome cabinet metal sofa legs chrome coffee table furniture legs For Bed Sofa - Q.G.S<\/title>\n<meta name=\"robots\" content=\"index, follow, max-snippet:-1, max-image-preview:large, max-video-preview:-1\" \/>\n<link rel=\"canonical\" href=\"https:\/\/qgsgroup.com\/sv\/produkt\/factory-wholesale-nordic-style-chrome-cabinet-metal-sofa-legs-chrome-coffee-table-furniture-legs-for-bed-sofa\/\" \/>\n<meta property=\"og:locale\" content=\"sv_SE\" \/>\n<meta property=\"og:type\" content=\"article\" \/>\n<meta property=\"og:title\" content=\"factory wholesale Nordic Style chrome cabinet metal sofa legs chrome coffee table furniture legs For Bed Sofa - Q.G.S\" \/>\n<meta property=\"og:description\" content=\"Key attributes Other attributes Mail packing N Place of Origin Zhejiang, China Type Furniture Leg Material Metal Use Sofa Brand Name sofa leg Model Number Sofa leg Usage Furniture Base Part Material Metal, Iron Finishing Chrome,Matt Nickel Application Sofa Cabinet Table Packing 1pc\/poly bag, 100pcs\/ctn Style Modern Simple Industrail Feature Steady MOQ 500pcs Quality Guaranteed Color Silver Packaging and delivery Packaging Details 1pc\/poly bag, 100pcs\/ctn Port Ningbo Supply Ability Supply Ability 10000 Piece\/Pieces per Month\" \/>\n<meta property=\"og:url\" content=\"https:\/\/qgsgroup.com\/sv\/produkt\/factory-wholesale-nordic-style-chrome-cabinet-metal-sofa-legs-chrome-coffee-table-furniture-legs-for-bed-sofa\/\" \/>\n<meta property=\"og:site_name\" content=\"Q.G.S\" \/>\n<meta property=\"article:modified_time\" content=\"2024-03-31T03:48:10+00:00\" \/>\n<meta property=\"og:image\" content=\"https:\/\/qgsgroup.com\/wp-content\/uploads\/2024\/03\/htb1ffrlkr9ybunjy0fgq6axcxxad.jpg\" \/>\n\t<meta property=\"og:image:width\" content=\"750\" \/>\n\t<meta property=\"og:image:height\" content=\"750\" \/>\n\t<meta property=\"og:image:type\" content=\"image\/jpeg\" \/>\n<meta name=\"twitter:card\" content=\"summary_large_image\" \/>\n<script type=\"application\/ld+json\" class=\"yoast-schema-graph\">{\"@context\":\"https:\\\/\\\/schema.org\",\"@graph\":[{\"@type\":\"WebPage\",\"@id\":\"https:\\\/\\\/qgsgroup.com\\\/product\\\/factory-wholesale-nordic-style-chrome-cabinet-metal-sofa-legs-chrome-coffee-table-furniture-legs-for-bed-sofa\\\/\",\"url\":\"https:\\\/\\\/qgsgroup.com\\\/product\\\/factory-wholesale-nordic-style-chrome-cabinet-metal-sofa-legs-chrome-coffee-table-furniture-legs-for-bed-sofa\\\/\",\"name\":\"factory wholesale Nordic Style chrome cabinet metal sofa legs chrome coffee table furniture legs For Bed Sofa - Q.G.S\",\"isPartOf\":{\"@id\":\"https:\\\/\\\/rebornbusiness.com\\\/#website\"},\"primaryImageOfPage\":{\"@id\":\"https:\\\/\\\/qgsgroup.com\\\/product\\\/factory-wholesale-nordic-style-chrome-cabinet-metal-sofa-legs-chrome-coffee-table-furniture-legs-for-bed-sofa\\\/#primaryimage\"},\"image\":{\"@id\":\"https:\\\/\\\/qgsgroup.com\\\/product\\\/factory-wholesale-nordic-style-chrome-cabinet-metal-sofa-legs-chrome-coffee-table-furniture-legs-for-bed-sofa\\\/#primaryimage\"},\"thumbnailUrl\":\"https:\\\/\\\/qgsgroup.com\\\/wp-content\\\/uploads\\\/2024\\\/03\\\/htb1ffrlkr9ybunjy0fgq6axcxxad.jpg\",\"datePublished\":\"2024-03-31T03:48:04+00:00\",\"dateModified\":\"2024-03-31T03:48:10+00:00\",\"breadcrumb\":{\"@id\":\"https:\\\/\\\/qgsgroup.com\\\/product\\\/factory-wholesale-nordic-style-chrome-cabinet-metal-sofa-legs-chrome-coffee-table-furniture-legs-for-bed-sofa\\\/#breadcrumb\"},\"inLanguage\":\"sv-SE\",\"potentialAction\":[{\"@type\":\"ReadAction\",\"target\":[\"https:\\\/\\\/qgsgroup.com\\\/product\\\/factory-wholesale-nordic-style-chrome-cabinet-metal-sofa-legs-chrome-coffee-table-furniture-legs-for-bed-sofa\\\/\"]}]},{\"@type\":\"ImageObject\",\"inLanguage\":\"sv-SE\",\"@id\":\"https:\\\/\\\/qgsgroup.com\\\/product\\\/factory-wholesale-nordic-style-chrome-cabinet-metal-sofa-legs-chrome-coffee-table-furniture-legs-for-bed-sofa\\\/#primaryimage\",\"url\":\"https:\\\/\\\/qgsgroup.com\\\/wp-content\\\/uploads\\\/2024\\\/03\\\/htb1ffrlkr9ybunjy0fgq6axcxxad.jpg\",\"contentUrl\":\"https:\\\/\\\/qgsgroup.com\\\/wp-content\\\/uploads\\\/2024\\\/03\\\/htb1ffrlkr9ybunjy0fgq6axcxxad.jpg\",\"width\":750,\"height\":750},{\"@type\":\"BreadcrumbList\",\"@id\":\"https:\\\/\\\/qgsgroup.com\\\/product\\\/factory-wholesale-nordic-style-chrome-cabinet-metal-sofa-legs-chrome-coffee-table-furniture-legs-for-bed-sofa\\\/#breadcrumb\",\"itemListElement\":[{\"@type\":\"ListItem\",\"position\":1,\"name\":\"Home\",\"item\":\"https:\\\/\\\/qgsgroup.com\\\/\"},{\"@type\":\"ListItem\",\"position\":2,\"name\":\"Products\",\"item\":\"https:\\\/\\\/qgsgroup.com\\\/products\\\/\"},{\"@type\":\"ListItem\",\"position\":3,\"name\":\"factory wholesale Nordic Style chrome cabinet metal sofa legs chrome coffee table furniture legs For Bed Sofa\"}]},{\"@type\":\"WebSite\",\"@id\":\"https:\\\/\\\/rebornbusiness.com\\\/#website\",\"url\":\"https:\\\/\\\/rebornbusiness.com\\\/\",\"name\":\"Q.G.S\",\"description\":\"Q.G.S group company\",\"publisher\":{\"@id\":\"https:\\\/\\\/rebornbusiness.com\\\/#organization\"},\"potentialAction\":[{\"@type\":\"SearchAction\",\"target\":{\"@type\":\"EntryPoint\",\"urlTemplate\":\"https:\\\/\\\/rebornbusiness.com\\\/?s={search_term_string}\"},\"query-input\":{\"@type\":\"PropertyValueSpecification\",\"valueRequired\":true,\"valueName\":\"search_term_string\"}}],\"inLanguage\":\"sv-SE\"},{\"@type\":\"Organization\",\"@id\":\"https:\\\/\\\/rebornbusiness.com\\\/#organization\",\"name\":\"Q.G.S\",\"url\":\"https:\\\/\\\/rebornbusiness.com\\\/\",\"logo\":{\"@type\":\"ImageObject\",\"inLanguage\":\"sv-SE\",\"@id\":\"https:\\\/\\\/rebornbusiness.com\\\/#\\\/schema\\\/logo\\\/image\\\/\",\"url\":\"https:\\\/\\\/qgsgroup.com\\\/wp-content\\\/uploads\\\/2024\\\/03\\\/logo-electric-tools.png\",\"contentUrl\":\"https:\\\/\\\/qgsgroup.com\\\/wp-content\\\/uploads\\\/2024\\\/03\\\/logo-electric-tools.png\",\"width\":11090,\"height\":2459,\"caption\":\"Q.G.S\"},\"image\":{\"@id\":\"https:\\\/\\\/rebornbusiness.com\\\/#\\\/schema\\\/logo\\\/image\\\/\"}}]}<\/script>\n<!-- \/ Yoast SEO plugin. -->","yoast_head_json":{"title":"factory wholesale Nordic Style chrome cabinet metal sofa legs chrome coffee table furniture legs For Bed Sofa - Q.G.S","robots":{"index":"index","follow":"follow","max-snippet":"max-snippet:-1","max-image-preview":"max-image-preview:large","max-video-preview":"max-video-preview:-1"},"canonical":"https:\/\/qgsgroup.com\/sv\/produkt\/factory-wholesale-nordic-style-chrome-cabinet-metal-sofa-legs-chrome-coffee-table-furniture-legs-for-bed-sofa\/","og_locale":"sv_SE","og_type":"article","og_title":"factory wholesale Nordic Style chrome cabinet metal sofa legs chrome coffee table furniture legs For Bed Sofa - Q.G.S","og_description":"Key attributes Other attributes Mail packing N Place of Origin Zhejiang, China Type Furniture Leg Material Metal Use Sofa Brand Name sofa leg Model Number Sofa leg Usage Furniture Base Part Material Metal, Iron Finishing Chrome,Matt Nickel Application Sofa Cabinet Table Packing 1pc\/poly bag, 100pcs\/ctn Style Modern Simple Industrail Feature Steady MOQ 500pcs Quality Guaranteed Color Silver Packaging and delivery Packaging Details 1pc\/poly bag, 100pcs\/ctn Port Ningbo Supply Ability Supply Ability 10000 Piece\/Pieces per Month","og_url":"https:\/\/qgsgroup.com\/sv\/produkt\/factory-wholesale-nordic-style-chrome-cabinet-metal-sofa-legs-chrome-coffee-table-furniture-legs-for-bed-sofa\/","og_site_name":"Q.G.S","article_modified_time":"2024-03-31T03:48:10+00:00","og_image":[{"width":750,"height":750,"url":"https:\/\/qgsgroup.com\/wp-content\/uploads\/2024\/03\/htb1ffrlkr9ybunjy0fgq6axcxxad.jpg","type":"image\/jpeg"}],"twitter_card":"summary_large_image","schema":{"@context":"https:\/\/schema.org","@graph":[{"@type":"WebPage","@id":"https:\/\/qgsgroup.com\/product\/factory-wholesale-nordic-style-chrome-cabinet-metal-sofa-legs-chrome-coffee-table-furniture-legs-for-bed-sofa\/","url":"https:\/\/qgsgroup.com\/product\/factory-wholesale-nordic-style-chrome-cabinet-metal-sofa-legs-chrome-coffee-table-furniture-legs-for-bed-sofa\/","name":"factory wholesale Nordic Style chrome cabinet metal sofa legs chrome coffee table furniture legs For Bed Sofa - Q.G.S","isPartOf":{"@id":"https:\/\/rebornbusiness.com\/#website"},"primaryImageOfPage":{"@id":"https:\/\/qgsgroup.com\/product\/factory-wholesale-nordic-style-chrome-cabinet-metal-sofa-legs-chrome-coffee-table-furniture-legs-for-bed-sofa\/#primaryimage"},"image":{"@id":"https:\/\/qgsgroup.com\/product\/factory-wholesale-nordic-style-chrome-cabinet-metal-sofa-legs-chrome-coffee-table-furniture-legs-for-bed-sofa\/#primaryimage"},"thumbnailUrl":"https:\/\/qgsgroup.com\/wp-content\/uploads\/2024\/03\/htb1ffrlkr9ybunjy0fgq6axcxxad.jpg","datePublished":"2024-03-31T03:48:04+00:00","dateModified":"2024-03-31T03:48:10+00:00","breadcrumb":{"@id":"https:\/\/qgsgroup.com\/product\/factory-wholesale-nordic-style-chrome-cabinet-metal-sofa-legs-chrome-coffee-table-furniture-legs-for-bed-sofa\/#breadcrumb"},"inLanguage":"sv-SE","potentialAction":[{"@type":"ReadAction","target":["https:\/\/qgsgroup.com\/product\/factory-wholesale-nordic-style-chrome-cabinet-metal-sofa-legs-chrome-coffee-table-furniture-legs-for-bed-sofa\/"]}]},{"@type":"ImageObject","inLanguage":"sv-SE","@id":"https:\/\/qgsgroup.com\/product\/factory-wholesale-nordic-style-chrome-cabinet-metal-sofa-legs-chrome-coffee-table-furniture-legs-for-bed-sofa\/#primaryimage","url":"https:\/\/qgsgroup.com\/wp-content\/uploads\/2024\/03\/htb1ffrlkr9ybunjy0fgq6axcxxad.jpg","contentUrl":"https:\/\/qgsgroup.com\/wp-content\/uploads\/2024\/03\/htb1ffrlkr9ybunjy0fgq6axcxxad.jpg","width":750,"height":750},{"@type":"BreadcrumbList","@id":"https:\/\/qgsgroup.com\/product\/factory-wholesale-nordic-style-chrome-cabinet-metal-sofa-legs-chrome-coffee-table-furniture-legs-for-bed-sofa\/#breadcrumb","itemListElement":[{"@type":"ListItem","position":1,"name":"Home","item":"https:\/\/qgsgroup.com\/"},{"@type":"ListItem","position":2,"name":"Products","item":"https:\/\/qgsgroup.com\/products\/"},{"@type":"ListItem","position":3,"name":"factory wholesale Nordic Style chrome cabinet metal sofa legs chrome coffee table furniture legs For Bed Sofa"}]},{"@type":"WebSite","@id":"https:\/\/rebornbusiness.com\/#website","url":"https:\/\/rebornbusiness.com\/","name":"Q.G.S","description":"Q.G.S group company","publisher":{"@id":"https:\/\/rebornbusiness.com\/#organization"},"potentialAction":[{"@type":"SearchAction","target":{"@type":"EntryPoint","urlTemplate":"https:\/\/rebornbusiness.com\/?s={search_term_string}"},"query-input":{"@type":"PropertyValueSpecification","valueRequired":true,"valueName":"search_term_string"}}],"inLanguage":"sv-SE"},{"@type":"Organization","@id":"https:\/\/rebornbusiness.com\/#organization","name":"Q.G.S","url":"https:\/\/rebornbusiness.com\/","logo":{"@type":"ImageObject","inLanguage":"sv-SE","@id":"https:\/\/rebornbusiness.com\/#\/schema\/logo\/image\/","url":"https:\/\/qgsgroup.com\/wp-content\/uploads\/2024\/03\/logo-electric-tools.png","contentUrl":"https:\/\/qgsgroup.com\/wp-content\/uploads\/2024\/03\/logo-electric-tools.png","width":11090,"height":2459,"caption":"Q.G.S"},"image":{"@id":"https:\/\/rebornbusiness.com\/#\/schema\/logo\/image\/"}}]}},"_links":{"self":[{"href":"https:\/\/qgsgroup.com\/sv\/wp-json\/wp\/v2\/product\/6815","targetHints":{"allow":["GET"]}}],"collection":[{"href":"https:\/\/qgsgroup.com\/sv\/wp-json\/wp\/v2\/product"}],"about":[{"href":"https:\/\/qgsgroup.com\/sv\/wp-json\/wp\/v2\/types\/product"}],"wp:featuredmedia":[{"embeddable":true,"href":"https:\/\/qgsgroup.com\/sv\/wp-json\/wp\/v2\/media\/6814"}],"wp:attachment":[{"href":"https:\/\/qgsgroup.com\/sv\/wp-json\/wp\/v2\/media?parent=6815"}],"wp:term":[{"taxonomy":"product_brand","embeddable":true,"href":"https:\/\/qgsgroup.com\/sv\/wp-json\/wp\/v2\/product_brand?post=6815"},{"taxonomy":"product_cat","embeddable":true,"href":"https:\/\/qgsgroup.com\/sv\/wp-json\/wp\/v2\/product_cat?post=6815"},{"taxonomy":"product_tag","embeddable":true,"href":"https:\/\/qgsgroup.com\/sv\/wp-json\/wp\/v2\/product_tag?post=6815"}],"curies":[{"name":"wp","href":"https:\/\/api.w.org\/{rel}","templated":true}]}}