{"id":6886,"date":"2024-03-31T03:52:12","date_gmt":"2024-03-31T03:52:12","guid":{"rendered":"https:\/\/qgsgroup.com\/products\/wholesale-single-line-plastic-pvc-curtain-rail-white-sliding-curtain-track-curtain-accessories\/"},"modified":"2024-03-31T03:52:16","modified_gmt":"2024-03-31T03:52:16","slug":"wholesale-single-line-plastic-pvc-curtain-rail-white-sliding-curtain-track-curtain-accessories","status":"publish","type":"product","link":"https:\/\/qgsgroup.com\/sv\/produkt\/wholesale-single-line-plastic-pvc-curtain-rail-white-sliding-curtain-track-curtain-accessories\/","title":{"rendered":"Wholesale single line plastic pvc curtain rail white sliding curtain track curtain accessories"},"content":{"rendered":"<div class=\"product-key-attributes\">\n<h3>Nyckelattribut<\/h3>\n<h4>Branschspecifika attribut<\/h4>\n<ul>\n<li><label>Designstil<\/label>\n<div>Samtida<\/div>\n<\/li>\n<\/ul>\n<h4>Andra attribut<\/h4>\n<ul>\n<li><label>H\u00e4rstamning<\/label>\n<div>Zhejiang, Kina<\/div>\n<\/li>\n<li><label>Typ<\/label>\n<div>Enda<\/div>\n<\/li>\n<li><label>Varum\u00e4rke<\/label>\n<div>Joreven<\/div>\n<\/li>\n<li><label>Modellnummer<\/label>\n<div>curtain track RE001<\/div>\n<\/li>\n<li><label>Gardinst\u00e4nger, sp\u00e5r och tillbeh\u00f6r Typ<\/label>\n<div>Gardinsp\u00e5r<\/div>\n<\/li>\n<li><label>Material<\/label>\n<div>Plast<\/div>\n<\/li>\n<li><label>produktnamn<\/label>\n<div>Curtain track\/Curtain rail<\/div>\n<\/li>\n<li><label>Material<\/label>\n<div>PVC<\/div>\n<\/li>\n<li><label>thickness<\/label>\n<div>2mm<\/div>\n<\/li>\n<li><label>Storlek<\/label>\n<div>14*23mm<\/div>\n<\/li>\n<li><label>COLOUR<\/label>\n<div>Vit<\/div>\n<\/li>\n<li><label>L\u00e4ngd<\/label>\n<div>1-6.6m , or  as required<\/div>\n<\/li>\n<li><label>F\u00f6rpackning<\/label>\n<div>20pcs per ctn<\/div>\n<\/li>\n<li><label>Anv\u00e4ndande<\/label>\n<div>F\u00f6nstergardin Heminredning<\/div>\n<\/li>\n<li><label>F\u00e4rg<\/label>\n<div>Vit<\/div>\n<\/li>\n<li><label>Ans\u00f6kan<\/label>\n<div>Familjehotell kontorsdekoration<\/div>\n<\/li>\n<\/ul>\n<h4>Paketering och leverans<\/h4>\n<ul>\n<li><label>f\u00f6rpackningsdetaljer<\/label>\n<div>Packing Details:<br \/>\n<br \/>1. Track Packing : each curtain track in a plastic bag, 20 pcs \/bundle with woven ourside or with carton outside<br \/>\n<br \/>2. Accessories : Shipped in 15-30 days after order confirm.<\/div>\n<\/li>\n<li><label>Hamn<\/label>\n<div>NINGBO\/SHANGHAI<\/div>\n<\/li>\n<\/ul>\n<h4>F\u00f6rs\u00f6rjningsf\u00f6rm\u00e5ga<\/h4>\n<ul>\n<li><label>F\u00f6rs\u00f6rjningsf\u00f6rm\u00e5ga<\/label>\n<div>100000 Meter\/Meters per   Month<\/div>\n<\/li>\n<\/ul>\n<\/div>\n<div class=\"product-customization\">\n<h3>Anpassning<\/h3>\n<div>\n<div>\n<p>Anpassad logotyp<\/p>\n<p><label>Min. best\u00e4lla:<\/label>6000<\/p>\n<\/div>\n<div>\n<p>Skr\u00e4ddarsydd f\u00f6rpackning<\/p>\n<p><label>Min. best\u00e4lla:<\/label>6000<\/p>\n<\/div>\n<div>\n<p>Grafisk anpassning<\/p>\n<p><label>Min. best\u00e4lla:<\/label>6000<\/p>\n<\/div>\n<\/div>\n<\/div>\n<p><div data-magic-global=\"%7B%22bizId%22%3A3210435406%2C%22pageId%22%3A21229081991%2C%22siteId%22%3A5005373107%7D\" id=\"detail_decorate_root\"><br \/>\n      <div module-id=\"33633787699\" module-title=\"detailSingleImage\" render=\"true\" class=\"J_module\"><div class=\"icbu-pc-images magic-0\"><div><div class=\"flex-layout-v\"><div class=\"flex-layout-h magic-0\"><div class=\"magic-1\"><img src=\"https:\/\/qgsgroup.com\/wp-content\/uploads\/aliexpress\/h5175047b0a0e4ad7a22e9513ef1a33acm.jpg\" usemap=\"#6-af-ea6-0cfd\" class=\"magic-2\"\/><\/div><\/div><\/div><\/div><\/div><\/div><\/p>\n<p>      <div module-id=\"33633787700\" module-title=\"detailProductNavigation\" render=\"true\" class=\"J_module\"><div id=\"ali-anchor-AliMagic-xl6non\" data-section=\"AliMagic-xl6non\" data-section-title=\"Products Description\" class=\"magic-3\">Produktbeskrivning<\/div><\/div><\/p>\n<p>      <div module-id=\"33633787701\" module-title=\"detailTableNoTitle\" render=\"true\" class=\"J_module\"><div class=\"ife-detail-decorate-table\"><table class=\"all magic-4\"><tbody><tr><td colspan=\"1\" rowspan=\"1\"><div class=\"magic-5\">Material<\/div><\/td><td colspan=\"3\" rowspan=\"1\"><div class=\"magic-6\">PVC<\/div><\/td><\/tr><tr><td colspan=\"1\" rowspan=\"1\"><div class=\"magic-5\">Storlek<\/div><\/td><td colspan=\"3\" rowspan=\"1\"><div class=\"magic-6\">14*23mm; thickness: 2mm; length: 1-6.6m, or as required<\/div><\/td><\/tr><tr><td colspan=\"1\" rowspan=\"1\"><div class=\"magic-5\">F\u00e4rg<\/div><\/td><td colspan=\"3\" rowspan=\"1\"><div class=\"magic-6\">Vit<\/div><\/td><\/tr><tr><td colspan=\"1\" rowspan=\"1\"><div class=\"magic-5\">MOQ<\/div><\/td><td colspan=\"3\" rowspan=\"1\"><div class=\"magic-6\">2000 Sets<\/div><\/td><\/tr><tr><td colspan=\"1\" rowspan=\"1\"><div class=\"magic-5\">Paket<\/div><\/td><td colspan=\"3\" rowspan=\"1\"><div class=\"magic-6\">1. Track Packing : each curtain track in a plastic bag, 20 pcs \/bundle with woven ourside or with carton outside<br\/>2. Accessories : Shipped in 15-30 days after order confirm.<\/div><\/td><\/tr><\/tbody><\/table><\/div><\/div><\/p>\n<p>      <div module-id=\"33633787702\" module-title=\"detailManyImage\" render=\"true\" class=\"J_module\"><div class=\"icbu-pc-detailManyImage magic-10\"><div class=\"magic-11\"><img src=\"https:\/\/qgsgroup.com\/wp-content\/uploads\/aliexpress\/hc31e3f74e21d40dfb779c4555f5c2f6c5.jpg\" class=\"magic-12\"\/><\/div><div class=\"magic-11\"><img src=\"https:\/\/qgsgroup.com\/wp-content\/uploads\/aliexpress\/h555b0784d942489681389e5ea7bd9b3ai.jpg\" class=\"magic-12\"\/><\/div><div class=\"magic-11\"><img src=\"https:\/\/qgsgroup.com\/wp-content\/uploads\/aliexpress\/hf4171e174c1e4f038f0e482374b221aew.jpg\" class=\"magic-12\"\/><\/div><div class=\"magic-11\"><img src=\"https:\/\/qgsgroup.com\/wp-content\/uploads\/aliexpress\/ha4846eccf08348fdaca74522f0c9d9615.jpg\" class=\"magic-12\"\/><\/div><div class=\"magic-11\"><img src=\"https:\/\/qgsgroup.com\/wp-content\/uploads\/aliexpress\/h4e763568493643539cc77da2318535c27.jpg\" class=\"magic-12\"\/><\/div><\/div><\/div><\/p>\n<p>      <div module-id=\"33633787703\" module-title=\"detailSingleImage\" render=\"true\" class=\"J_module\"><div class=\"icbu-pc-images magic-0\"><div><div class=\"flex-layout-v\"><div class=\"flex-layout-h magic-0\"><div class=\"magic-13\"><img src=\"https:\/\/qgsgroup.com\/wp-content\/uploads\/aliexpress\/hea1474d1449e48738f187618f545d275w.jpg\" class=\"magic-14\"\/><\/div><\/div><\/div><\/div><\/div><\/div><\/p>\n<p>      <div module-id=\"33633787704\" module-title=\"detailSingleImage\" render=\"true\" class=\"J_module\"><div class=\"icbu-pc-images magic-0\"><div><div class=\"flex-layout-v\"><div class=\"flex-layout-h magic-0\"><div class=\"magic-15\"><img src=\"https:\/\/qgsgroup.com\/wp-content\/uploads\/aliexpress\/h7980e415ddab43d7918a50f6d1e84b88s.jpg\" class=\"magic-16\"\/><\/div><\/div><\/div><\/div><\/div><\/div><\/p>\n<p><\/DIV><\/p>","protected":false},"excerpt":{"rendered":"<p>Key attributes Industry-specific attributes Design Style Contemporary Other attributes Place of Origin Zhejiang, China Type Single Brand Name Joreven Model Number curtain track RE001 Curtain Poles, Tracks &#038; Accessories Type Curtain Tracks Material Plastic Product Name Curtain track\/Curtain rail Material PVC thickness 2mm Size 14*23mm COLOUR White Length 1-6.6m , or as required Packing 20pcs per ctn Usage Window Curtain Home Decoration Color White Application Family Hotel Office Decoration Packaging and delivery Packaging Details Packing Details: 1. Track Packing : each curtain track in a plastic bag, 20 pcs \/bundle with woven ourside or with carton outside 2. Accessories : Shipped in 15-30 days after order confirm. Port NINGBO\/SHANGHAI Supply Ability Supply Ability 100000 Meter\/Meters per Month Customization Customized logo Min. order:6000 Customized packaging Min. order:6000 Graphic customization Min. order:6000 Products Description MaterialPVCSize14*23mm; thickness: 2mm; length: 1-6.6m, or as requiredColorWhiteMOQ2000 SetsPackage1. Track Packing : each curtain track in a plastic bag, 20 pcs \/bundle with woven ourside or with carton outside2. Accessories : Shipped in 15-30 days after order confirm.<\/p>","protected":false},"featured_media":5119,"template":"","meta":{"site-sidebar-layout":"default","site-content-layout":"","ast-site-content-layout":"","site-content-style":"default","site-sidebar-style":"default","ast-global-header-display":"","ast-banner-title-visibility":"","ast-main-header-display":"","ast-hfb-above-header-display":"","ast-hfb-below-header-display":"","ast-hfb-mobile-header-display":"","site-post-title":"","ast-breadcrumbs-content":"","ast-featured-img":"","footer-sml-layout":"","theme-transparent-header-meta":"","adv-header-id-meta":"","stick-header-meta":"","header-above-stick-meta":"","header-main-stick-meta":"","header-below-stick-meta":"","astra-migrate-meta-layouts":"default","ast-page-background-enabled":"default","ast-page-background-meta":{"desktop":{"background-color":"","background-image":"","background-repeat":"repeat","background-position":"center center","background-size":"auto","background-attachment":"scroll","background-type":"","background-media":"","overlay-type":"","overlay-color":"","overlay-opacity":"","overlay-gradient":""},"tablet":{"background-color":"","background-image":"","background-repeat":"repeat","background-position":"center center","background-size":"auto","background-attachment":"scroll","background-type":"","background-media":"","overlay-type":"","overlay-color":"","overlay-opacity":"","overlay-gradient":""},"mobile":{"background-color":"","background-image":"","background-repeat":"repeat","background-position":"center center","background-size":"auto","background-attachment":"scroll","background-type":"","background-media":"","overlay-type":"","overlay-color":"","overlay-opacity":"","overlay-gradient":""}},"ast-content-background-meta":{"desktop":{"background-color":"var(--ast-global-color-5)","background-image":"","background-repeat":"repeat","background-position":"center center","background-size":"auto","background-attachment":"scroll","background-type":"","background-media":"","overlay-type":"","overlay-color":"","overlay-opacity":"","overlay-gradient":""},"tablet":{"background-color":"var(--ast-global-color-5)","background-image":"","background-repeat":"repeat","background-position":"center center","background-size":"auto","background-attachment":"scroll","background-type":"","background-media":"","overlay-type":"","overlay-color":"","overlay-opacity":"","overlay-gradient":""},"mobile":{"background-color":"var(--ast-global-color-5)","background-image":"","background-repeat":"repeat","background-position":"center center","background-size":"auto","background-attachment":"scroll","background-type":"","background-media":"","overlay-type":"","overlay-color":"","overlay-opacity":"","overlay-gradient":""}}},"product_brand":[],"product_cat":[91],"product_tag":[],"class_list":{"0":"post-6886","1":"product","2":"type-product","3":"status-publish","4":"has-post-thumbnail","6":"product_cat-pvc-rial-series","7":"desktop-align-left","8":"tablet-align-left","9":"mobile-align-left","11":"first","12":"instock","13":"shipping-taxable","14":"product-type-simple"},"yoast_head":"<!-- This site is optimized with the Yoast SEO plugin v27.4 - https:\/\/yoast.com\/product\/yoast-seo-wordpress\/ -->\n<title>Wholesale single line plastic pvc curtain rail white sliding curtain track curtain accessories - Q.G.S<\/title>\n<meta name=\"robots\" content=\"index, follow, max-snippet:-1, max-image-preview:large, max-video-preview:-1\" \/>\n<link rel=\"canonical\" href=\"https:\/\/qgsgroup.com\/sv\/produkt\/wholesale-single-line-plastic-pvc-curtain-rail-white-sliding-curtain-track-curtain-accessories\/\" \/>\n<meta property=\"og:locale\" content=\"sv_SE\" \/>\n<meta property=\"og:type\" content=\"article\" \/>\n<meta property=\"og:title\" content=\"Wholesale single line plastic pvc curtain rail white sliding curtain track curtain accessories - Q.G.S\" \/>\n<meta property=\"og:description\" content=\"Key attributes Industry-specific attributes Design Style Contemporary Other attributes Place of Origin Zhejiang, China Type Single Brand Name Joreven Model Number curtain track RE001 Curtain Poles, Tracks &#038; Accessories Type Curtain Tracks Material Plastic Product Name Curtain track\/Curtain rail Material PVC thickness 2mm Size 14*23mm COLOUR White Length 1-6.6m , or as required Packing 20pcs per ctn Usage Window Curtain Home Decoration Color White Application Family Hotel Office Decoration Packaging and delivery Packaging Details Packing Details: 1. Track Packing : each curtain track in a plastic bag, 20 pcs \/bundle with woven ourside or with carton outside 2. Accessories : Shipped in 15-30 days after order confirm. Port NINGBO\/SHANGHAI Supply Ability Supply Ability 100000 Meter\/Meters per Month Customization Customized logo Min. order:6000 Customized packaging Min. order:6000 Graphic customization Min. order:6000 Products Description MaterialPVCSize14*23mm; thickness: 2mm; length: 1-6.6m, or as requiredColorWhiteMOQ2000 SetsPackage1. Track Packing : each curtain track in a plastic bag, 20 pcs \/bundle with woven ourside or with carton outside2. Accessories : Shipped in 15-30 days after order confirm.\" \/>\n<meta property=\"og:url\" content=\"https:\/\/qgsgroup.com\/sv\/produkt\/wholesale-single-line-plastic-pvc-curtain-rail-white-sliding-curtain-track-curtain-accessories\/\" \/>\n<meta property=\"og:site_name\" content=\"Q.G.S\" \/>\n<meta property=\"article:modified_time\" content=\"2024-03-31T03:52:16+00:00\" \/>\n<meta property=\"og:image\" content=\"https:\/\/qgsgroup.com\/wp-content\/uploads\/aliexpress\/ha4846eccf08348fdaca74522f0c9d9615.jpg\" \/>\n\t<meta property=\"og:image:width\" content=\"750\" \/>\n\t<meta property=\"og:image:height\" content=\"750\" \/>\n\t<meta property=\"og:image:type\" content=\"image\/jpeg\" \/>\n<meta name=\"twitter:card\" content=\"summary_large_image\" \/>\n<meta name=\"twitter:label1\" content=\"Ber\u00e4knad l\u00e4stid\" \/>\n\t<meta name=\"twitter:data1\" content=\"1 minut\" \/>\n<script type=\"application\/ld+json\" class=\"yoast-schema-graph\">{\"@context\":\"https:\\\/\\\/schema.org\",\"@graph\":[{\"@type\":\"WebPage\",\"@id\":\"https:\\\/\\\/qgsgroup.com\\\/product\\\/wholesale-single-line-plastic-pvc-curtain-rail-white-sliding-curtain-track-curtain-accessories\\\/\",\"url\":\"https:\\\/\\\/qgsgroup.com\\\/product\\\/wholesale-single-line-plastic-pvc-curtain-rail-white-sliding-curtain-track-curtain-accessories\\\/\",\"name\":\"Wholesale single line plastic pvc curtain rail white sliding curtain track curtain accessories - Q.G.S\",\"isPartOf\":{\"@id\":\"https:\\\/\\\/rebornbusiness.com\\\/#website\"},\"primaryImageOfPage\":{\"@id\":\"https:\\\/\\\/qgsgroup.com\\\/product\\\/wholesale-single-line-plastic-pvc-curtain-rail-white-sliding-curtain-track-curtain-accessories\\\/#primaryimage\"},\"image\":{\"@id\":\"https:\\\/\\\/qgsgroup.com\\\/product\\\/wholesale-single-line-plastic-pvc-curtain-rail-white-sliding-curtain-track-curtain-accessories\\\/#primaryimage\"},\"thumbnailUrl\":\"https:\\\/\\\/qgsgroup.com\\\/wp-content\\\/uploads\\\/aliexpress\\\/ha4846eccf08348fdaca74522f0c9d9615.jpg\",\"datePublished\":\"2024-03-31T03:52:12+00:00\",\"dateModified\":\"2024-03-31T03:52:16+00:00\",\"breadcrumb\":{\"@id\":\"https:\\\/\\\/qgsgroup.com\\\/product\\\/wholesale-single-line-plastic-pvc-curtain-rail-white-sliding-curtain-track-curtain-accessories\\\/#breadcrumb\"},\"inLanguage\":\"sv-SE\",\"potentialAction\":[{\"@type\":\"ReadAction\",\"target\":[\"https:\\\/\\\/qgsgroup.com\\\/product\\\/wholesale-single-line-plastic-pvc-curtain-rail-white-sliding-curtain-track-curtain-accessories\\\/\"]}]},{\"@type\":\"ImageObject\",\"inLanguage\":\"sv-SE\",\"@id\":\"https:\\\/\\\/qgsgroup.com\\\/product\\\/wholesale-single-line-plastic-pvc-curtain-rail-white-sliding-curtain-track-curtain-accessories\\\/#primaryimage\",\"url\":\"https:\\\/\\\/qgsgroup.com\\\/wp-content\\\/uploads\\\/aliexpress\\\/ha4846eccf08348fdaca74522f0c9d9615.jpg\",\"contentUrl\":\"https:\\\/\\\/qgsgroup.com\\\/wp-content\\\/uploads\\\/aliexpress\\\/ha4846eccf08348fdaca74522f0c9d9615.jpg\",\"width\":750,\"height\":750},{\"@type\":\"BreadcrumbList\",\"@id\":\"https:\\\/\\\/qgsgroup.com\\\/product\\\/wholesale-single-line-plastic-pvc-curtain-rail-white-sliding-curtain-track-curtain-accessories\\\/#breadcrumb\",\"itemListElement\":[{\"@type\":\"ListItem\",\"position\":1,\"name\":\"Home\",\"item\":\"https:\\\/\\\/qgsgroup.com\\\/\"},{\"@type\":\"ListItem\",\"position\":2,\"name\":\"Products\",\"item\":\"https:\\\/\\\/qgsgroup.com\\\/products\\\/\"},{\"@type\":\"ListItem\",\"position\":3,\"name\":\"Wholesale single line plastic pvc curtain rail white sliding curtain track curtain accessories\"}]},{\"@type\":\"WebSite\",\"@id\":\"https:\\\/\\\/rebornbusiness.com\\\/#website\",\"url\":\"https:\\\/\\\/rebornbusiness.com\\\/\",\"name\":\"Q.G.S\",\"description\":\"Q.G.S group company\",\"publisher\":{\"@id\":\"https:\\\/\\\/rebornbusiness.com\\\/#organization\"},\"potentialAction\":[{\"@type\":\"SearchAction\",\"target\":{\"@type\":\"EntryPoint\",\"urlTemplate\":\"https:\\\/\\\/rebornbusiness.com\\\/?s={search_term_string}\"},\"query-input\":{\"@type\":\"PropertyValueSpecification\",\"valueRequired\":true,\"valueName\":\"search_term_string\"}}],\"inLanguage\":\"sv-SE\"},{\"@type\":\"Organization\",\"@id\":\"https:\\\/\\\/rebornbusiness.com\\\/#organization\",\"name\":\"Q.G.S\",\"url\":\"https:\\\/\\\/rebornbusiness.com\\\/\",\"logo\":{\"@type\":\"ImageObject\",\"inLanguage\":\"sv-SE\",\"@id\":\"https:\\\/\\\/rebornbusiness.com\\\/#\\\/schema\\\/logo\\\/image\\\/\",\"url\":\"https:\\\/\\\/qgsgroup.com\\\/wp-content\\\/uploads\\\/2024\\\/03\\\/logo-electric-tools.png\",\"contentUrl\":\"https:\\\/\\\/qgsgroup.com\\\/wp-content\\\/uploads\\\/2024\\\/03\\\/logo-electric-tools.png\",\"width\":11090,\"height\":2459,\"caption\":\"Q.G.S\"},\"image\":{\"@id\":\"https:\\\/\\\/rebornbusiness.com\\\/#\\\/schema\\\/logo\\\/image\\\/\"}}]}<\/script>\n<!-- \/ Yoast SEO plugin. -->","yoast_head_json":{"title":"Wholesale single line plastic pvc curtain rail white sliding curtain track curtain accessories - Q.G.S","robots":{"index":"index","follow":"follow","max-snippet":"max-snippet:-1","max-image-preview":"max-image-preview:large","max-video-preview":"max-video-preview:-1"},"canonical":"https:\/\/qgsgroup.com\/sv\/produkt\/wholesale-single-line-plastic-pvc-curtain-rail-white-sliding-curtain-track-curtain-accessories\/","og_locale":"sv_SE","og_type":"article","og_title":"Wholesale single line plastic pvc curtain rail white sliding curtain track curtain accessories - Q.G.S","og_description":"Key attributes Industry-specific attributes Design Style Contemporary Other attributes Place of Origin Zhejiang, China Type Single Brand Name Joreven Model Number curtain track RE001 Curtain Poles, Tracks &#038; Accessories Type Curtain Tracks Material Plastic Product Name Curtain track\/Curtain rail Material PVC thickness 2mm Size 14*23mm COLOUR White Length 1-6.6m , or as required Packing 20pcs per ctn Usage Window Curtain Home Decoration Color White Application Family Hotel Office Decoration Packaging and delivery Packaging Details Packing Details: 1. Track Packing : each curtain track in a plastic bag, 20 pcs \/bundle with woven ourside or with carton outside 2. Accessories : Shipped in 15-30 days after order confirm. Port NINGBO\/SHANGHAI Supply Ability Supply Ability 100000 Meter\/Meters per Month Customization Customized logo Min. order:6000 Customized packaging Min. order:6000 Graphic customization Min. order:6000 Products Description MaterialPVCSize14*23mm; thickness: 2mm; length: 1-6.6m, or as requiredColorWhiteMOQ2000 SetsPackage1. Track Packing : each curtain track in a plastic bag, 20 pcs \/bundle with woven ourside or with carton outside2. Accessories : Shipped in 15-30 days after order confirm.","og_url":"https:\/\/qgsgroup.com\/sv\/produkt\/wholesale-single-line-plastic-pvc-curtain-rail-white-sliding-curtain-track-curtain-accessories\/","og_site_name":"Q.G.S","article_modified_time":"2024-03-31T03:52:16+00:00","og_image":[{"width":750,"height":750,"url":"https:\/\/qgsgroup.com\/wp-content\/uploads\/aliexpress\/ha4846eccf08348fdaca74522f0c9d9615.jpg","type":"image\/jpeg"}],"twitter_card":"summary_large_image","twitter_misc":{"Ber\u00e4knad l\u00e4stid":"1 minut"},"schema":{"@context":"https:\/\/schema.org","@graph":[{"@type":"WebPage","@id":"https:\/\/qgsgroup.com\/product\/wholesale-single-line-plastic-pvc-curtain-rail-white-sliding-curtain-track-curtain-accessories\/","url":"https:\/\/qgsgroup.com\/product\/wholesale-single-line-plastic-pvc-curtain-rail-white-sliding-curtain-track-curtain-accessories\/","name":"Wholesale single line plastic pvc curtain rail white sliding curtain track curtain accessories - Q.G.S","isPartOf":{"@id":"https:\/\/rebornbusiness.com\/#website"},"primaryImageOfPage":{"@id":"https:\/\/qgsgroup.com\/product\/wholesale-single-line-plastic-pvc-curtain-rail-white-sliding-curtain-track-curtain-accessories\/#primaryimage"},"image":{"@id":"https:\/\/qgsgroup.com\/product\/wholesale-single-line-plastic-pvc-curtain-rail-white-sliding-curtain-track-curtain-accessories\/#primaryimage"},"thumbnailUrl":"https:\/\/qgsgroup.com\/wp-content\/uploads\/aliexpress\/ha4846eccf08348fdaca74522f0c9d9615.jpg","datePublished":"2024-03-31T03:52:12+00:00","dateModified":"2024-03-31T03:52:16+00:00","breadcrumb":{"@id":"https:\/\/qgsgroup.com\/product\/wholesale-single-line-plastic-pvc-curtain-rail-white-sliding-curtain-track-curtain-accessories\/#breadcrumb"},"inLanguage":"sv-SE","potentialAction":[{"@type":"ReadAction","target":["https:\/\/qgsgroup.com\/product\/wholesale-single-line-plastic-pvc-curtain-rail-white-sliding-curtain-track-curtain-accessories\/"]}]},{"@type":"ImageObject","inLanguage":"sv-SE","@id":"https:\/\/qgsgroup.com\/product\/wholesale-single-line-plastic-pvc-curtain-rail-white-sliding-curtain-track-curtain-accessories\/#primaryimage","url":"https:\/\/qgsgroup.com\/wp-content\/uploads\/aliexpress\/ha4846eccf08348fdaca74522f0c9d9615.jpg","contentUrl":"https:\/\/qgsgroup.com\/wp-content\/uploads\/aliexpress\/ha4846eccf08348fdaca74522f0c9d9615.jpg","width":750,"height":750},{"@type":"BreadcrumbList","@id":"https:\/\/qgsgroup.com\/product\/wholesale-single-line-plastic-pvc-curtain-rail-white-sliding-curtain-track-curtain-accessories\/#breadcrumb","itemListElement":[{"@type":"ListItem","position":1,"name":"Home","item":"https:\/\/qgsgroup.com\/"},{"@type":"ListItem","position":2,"name":"Products","item":"https:\/\/qgsgroup.com\/products\/"},{"@type":"ListItem","position":3,"name":"Wholesale single line plastic pvc curtain rail white sliding curtain track curtain accessories"}]},{"@type":"WebSite","@id":"https:\/\/rebornbusiness.com\/#website","url":"https:\/\/rebornbusiness.com\/","name":"Q.G.S","description":"Q.G.S group company","publisher":{"@id":"https:\/\/rebornbusiness.com\/#organization"},"potentialAction":[{"@type":"SearchAction","target":{"@type":"EntryPoint","urlTemplate":"https:\/\/rebornbusiness.com\/?s={search_term_string}"},"query-input":{"@type":"PropertyValueSpecification","valueRequired":true,"valueName":"search_term_string"}}],"inLanguage":"sv-SE"},{"@type":"Organization","@id":"https:\/\/rebornbusiness.com\/#organization","name":"Q.G.S","url":"https:\/\/rebornbusiness.com\/","logo":{"@type":"ImageObject","inLanguage":"sv-SE","@id":"https:\/\/rebornbusiness.com\/#\/schema\/logo\/image\/","url":"https:\/\/qgsgroup.com\/wp-content\/uploads\/2024\/03\/logo-electric-tools.png","contentUrl":"https:\/\/qgsgroup.com\/wp-content\/uploads\/2024\/03\/logo-electric-tools.png","width":11090,"height":2459,"caption":"Q.G.S"},"image":{"@id":"https:\/\/rebornbusiness.com\/#\/schema\/logo\/image\/"}}]}},"_links":{"self":[{"href":"https:\/\/qgsgroup.com\/sv\/wp-json\/wp\/v2\/product\/6886","targetHints":{"allow":["GET"]}}],"collection":[{"href":"https:\/\/qgsgroup.com\/sv\/wp-json\/wp\/v2\/product"}],"about":[{"href":"https:\/\/qgsgroup.com\/sv\/wp-json\/wp\/v2\/types\/product"}],"wp:featuredmedia":[{"embeddable":true,"href":"https:\/\/qgsgroup.com\/sv\/wp-json\/wp\/v2\/media\/5119"}],"wp:attachment":[{"href":"https:\/\/qgsgroup.com\/sv\/wp-json\/wp\/v2\/media?parent=6886"}],"wp:term":[{"taxonomy":"product_brand","embeddable":true,"href":"https:\/\/qgsgroup.com\/sv\/wp-json\/wp\/v2\/product_brand?post=6886"},{"taxonomy":"product_cat","embeddable":true,"href":"https:\/\/qgsgroup.com\/sv\/wp-json\/wp\/v2\/product_cat?post=6886"},{"taxonomy":"product_tag","embeddable":true,"href":"https:\/\/qgsgroup.com\/sv\/wp-json\/wp\/v2\/product_tag?post=6886"}],"curies":[{"name":"wp","href":"https:\/\/api.w.org\/{rel}","templated":true}]}}