{"id":7508,"date":"2024-03-31T04:40:02","date_gmt":"2024-03-31T04:40:02","guid":{"rendered":"https:\/\/qgsgroup.com\/products\/home-decorative-new-pattern-pp-material-ring-plastic-curtain-eyelets-plastic-curtain-circles\/"},"modified":"2024-03-31T04:40:07","modified_gmt":"2024-03-31T04:40:07","slug":"home-decorative-new-pattern-pp-material-ring-plastic-curtain-eyelets-plastic-curtain-circles","status":"publish","type":"product","link":"https:\/\/qgsgroup.com\/sv\/produkt\/home-decorative-new-pattern-pp-material-ring-plastic-curtain-eyelets-plastic-curtain-circles\/","title":{"rendered":"Hem dekorativt nytt m\u00f6nster PP material ring plast gardin \u00f6ljetter plast gardin cirklar"},"content":{"rendered":"<div class=\"product-key-attributes\">\n<h3>Nyckelattribut<\/h3>\n<h4>Branschspecifika attribut<\/h4>\n<ul>\n<li><label>Designstil<\/label>\n<div>Modern<\/div>\n<\/li>\n<\/ul>\n<h4>Andra attribut<\/h4>\n<ul>\n<li><label>H\u00e4rstamning<\/label>\n<div>Zhejiang, Kina<\/div>\n<\/li>\n<li><label>Typ<\/label>\n<div>Enda<\/div>\n<\/li>\n<li><label>Varum\u00e4rke<\/label>\n<div>Gardin\u00f6glor<\/div>\n<\/li>\n<li><label>Modellnummer<\/label>\n<div>RR036<\/div>\n<\/li>\n<li><label>Gardinst\u00e4nger, sp\u00e5r och tillbeh\u00f6r Typ<\/label>\n<div>Gardintillbeh\u00f6r<\/div>\n<\/li>\n<li><label>Material<\/label>\n<div>Plast<\/div>\n<\/li>\n<li><label>namn<\/label>\n<div>Gardin\u00f6glor i plast<\/div>\n<\/li>\n<li><label>F\u00e4rg<\/label>\n<div>Guld\/ Silver\/ Kaffe\/ Lila\/Vit\/ Svart eller som anpassning<\/div>\n<\/li>\n<li><label>Allm\u00e4n anv\u00e4ndning<\/label>\n<div>f\u00f6nster gardiner<\/div>\n<\/li>\n<li><label>Yttre diameter<\/label>\n<div>75mm<\/div>\n<\/li>\n<li><label>Innerdiameter<\/label>\n<div>42 mm<\/div>\n<\/li>\n<li><label>H\u00f6jd<\/label>\n<div>13mm<\/div>\n<\/li>\n<li><label>produktnamn<\/label>\n<div>gardin\u00f6glor<\/div>\n<\/li>\n<li><label>Anv\u00e4ndande<\/label>\n<div>Curtian tillbeh\u00f6r<\/div>\n<\/li>\n<li><label>Ans\u00f6kan<\/label>\n<div>Hem. Hotell. Sjukhus. Kaf\u00e9. Kontor.Skola<\/div>\n<\/li>\n<li><label>Stil<\/label>\n<div>Modern minimalistisk<\/div>\n<\/li>\n<\/ul>\n<h4>Paketering och leverans<\/h4>\n<ul>\n<li><label>f\u00f6rpackningsdetaljer<\/label>\n<div>1 st\/polyp\u00e5se, 100st\/p\u00e5se, 20p\u00e5sar\/ctn<\/div>\n<\/li>\n<li><label>Hamn<\/label>\n<div>Ningbo\/ Shanghai<\/div>\n<\/li>\n<\/ul>\n<h4>F\u00f6rs\u00f6rjningsf\u00f6rm\u00e5ga<\/h4>\n<ul>\n<li><label>F\u00f6rs\u00f6rjningsf\u00f6rm\u00e5ga<\/label>\n<div>200 000 stycken\/stycken per dag<\/div>\n<\/li>\n<\/ul>\n<\/div>\n<div class=\"product-customization\">\n<h3>Anpassning<\/h3>\n<div>\n<div>\n<p>oem<\/p>\n<p><label>Min. best\u00e4lla:<\/label>2000<\/p>\n<\/div>\n<\/div>\n<\/div>\n<p><div data-magic-global=\"%7B%22bizId%22%3A3210435406%2C%22pageId%22%3A21232719535%2C%22siteId%22%3A5005373107%7D\" id=\"detail_decorate_root\"><br \/>\n      <div module-id=\"33630039810\" module-title=\"detailSingleImage\" render=\"true\" class=\"J_module\"><div class=\"icbu-pc-images magic-0\"><div><div class=\"flex-layout-v\"><div class=\"flex-layout-h magic-0\"><div class=\"magic-1\"><img src=\"https:\/\/qgsgroup.com\/wp-content\/uploads\/aliexpress\/h5175047b0a0e4ad7a22e9513ef1a33acm.jpg\" usemap=\"#7-ab-55d-a37c\" class=\"magic-2\"\/><\/div><\/div><\/div><\/div><\/div><\/div><\/p>\n<p>      <div module-id=\"33630039811\" module-title=\"detailProductNavigation\" render=\"true\" class=\"J_module\"><div id=\"ali-anchor-AliMagic-eizgfa\" data-section=\"AliMagic-eizgfa\" data-section-title=\"Products Description\" class=\"magic-3\">Produktbeskrivning<\/div><\/div><\/p>\n<p>      <div module-id=\"33630039812\" module-title=\"detailTableNoTitle\" render=\"true\" class=\"J_module\"><div class=\"ife-detail-decorate-table\"><table class=\"all magic-4\"><tbody><tr><td colspan=\"1\" rowspan=\"1\"><div class=\"magic-5\">Produkttyp<\/div><\/td><td colspan=\"3\" rowspan=\"1\"><div class=\"magic-6\">Gardin \u00d6ljering<\/div><\/td><\/tr><tr><td colspan=\"1\" rowspan=\"1\"><div class=\"magic-5\">Material<\/div><\/td><td colspan=\"3\" rowspan=\"1\"><div class=\"magic-6\">Plast, PP<\/div><\/td><\/tr><tr><td colspan=\"1\" rowspan=\"1\"><div class=\"magic-5\">Allm\u00e4n anv\u00e4ndning<\/div><\/td><td colspan=\"3\" rowspan=\"1\"><div class=\"magic-6\">F\u00f6nster Gardiner<\/div><\/td><\/tr><tr><td colspan=\"1\" rowspan=\"1\"><div class=\"magic-5\">Form<\/div><\/td><td colspan=\"3\" rowspan=\"1\"><div class=\"magic-6\">Runda<\/div><\/td><\/tr><tr><td colspan=\"1\" rowspan=\"1\"><div class=\"magic-5\">Yttre diameter<\/div><\/td><td colspan=\"3\" rowspan=\"1\"><div class=\"magic-6\">75mm<\/div><\/td><\/tr><tr><td colspan=\"1\" rowspan=\"1\"><div class=\"magic-5\">Innerdiameter<\/div><\/td><td colspan=\"3\" rowspan=\"1\"><div class=\"magic-6\">42 mm<\/div><\/td><\/tr><tr><td colspan=\"1\" rowspan=\"1\"><div class=\"magic-5\">H\u00f6jd<\/div><\/td><td colspan=\"3\" rowspan=\"1\"><div class=\"magic-6\">13mm<\/div><\/td><\/tr><\/tbody><\/table><\/div><\/div><\/p>\n<p>      <div module-id=\"33641648050\" module-title=\"detailTableNoTitle\" render=\"true\" class=\"J_module\"><div class=\"ife-detail-decorate-table\"><table class=\"all magic-4\"><tbody><tr><td colspan=\"2\" rowspan=\"1\"><div class=\"magic-10\"><div class=\"magic-11\"><b class=\"magic-12\">Betalnings- och fraktvillkor: FOB<\/b><\/div><\/div><\/td><\/tr><tr><td colspan=\"1\" rowspan=\"1\"><div class=\"magic-14\"> Minimum antal<\/div><\/td><td colspan=\"1\" rowspan=\"1\"><div class=\"magic-15\">2000 st<\/div><\/td><\/tr><tr><td colspan=\"1\" rowspan=\"1\"><div class=\"magic-14\"> Hamn<\/div><\/td><td colspan=\"1\" rowspan=\"1\"><div class=\"magic-15\">Ningbo\/ Shanghai<\/div><\/td><\/tr><tr><td colspan=\"1\" rowspan=\"1\"><div class=\"magic-14\"> f\u00f6rpackningsdetaljer<\/div><\/td><td colspan=\"1\" rowspan=\"1\"><div class=\"magic-15\">1 st\/polyp\u00e5se, 100st\/p\u00e5se, 20p\u00e5sar\/ctn<\/div><\/td><\/tr><tr><td colspan=\"1\" rowspan=\"1\"><div class=\"magic-14\"> Leveranstid<\/div><\/td><td colspan=\"1\" rowspan=\"1\"><div class=\"magic-15\">15 dagar<\/div><\/td><\/tr><\/tbody><\/table><\/div><\/div><\/p>\n<p>      <div module-id=\"33630039813\" module-title=\"detailManyImage\" render=\"true\" class=\"J_module\"><div class=\"icbu-pc-detailManyImage magic-16\"><div class=\"magic-17\"><img src=\"https:\/\/qgsgroup.com\/wp-content\/uploads\/aliexpress\/htb1j6_bb2usbunkhfqdq6xfhvxax.jpg\" class=\"magic-18\"\/><\/div><div class=\"magic-17\"><img src=\"https:\/\/qgsgroup.com\/wp-content\/uploads\/aliexpress\/htb1mj_bb2usbunkhfqdq6xfhvxal.jpg\" class=\"magic-18\"\/><\/div><div class=\"magic-17\"><img src=\"https:\/\/qgsgroup.com\/wp-content\/uploads\/aliexpress\/htb1qbhydi6guurjy1xdq6yawpxao.jpg\" class=\"magic-18\"\/><\/div><div class=\"magic-17\"><img src=\"https:\/\/qgsgroup.com\/wp-content\/uploads\/aliexpress\/htb1dlrpb3ktbunksne1q6yjoxxaf.jpg\" class=\"magic-18\"\/><\/div><div class=\"magic-17\"><img src=\"https:\/\/qgsgroup.com\/wp-content\/uploads\/aliexpress\/htb1i7yqkgmtbunjy1xbq6ymrvxa7.jpg\" class=\"magic-18\"\/><\/div><div class=\"magic-17\"><img src=\"https:\/\/qgsgroup.com\/wp-content\/uploads\/aliexpress\/htb1yssvkhsybunjssphq6zgvvxap.jpg\" class=\"magic-18\"\/><\/div><div class=\"magic-17\"><img src=\"https:\/\/qgsgroup.com\/wp-content\/uploads\/aliexpress\/htb16rmpb2isbunksnhjq6zdcpxaw.jpg\" class=\"magic-18\"\/><\/div><\/div><\/div><\/p>\n<p>      <div module-id=\"33630039814\" module-title=\"detailSingleImage\" render=\"true\" class=\"J_module\"><div class=\"icbu-pc-images magic-0\"><div><div class=\"flex-layout-v\"><div class=\"flex-layout-h magic-0\"><div class=\"magic-19\"><img src=\"https:\/\/qgsgroup.com\/wp-content\/uploads\/aliexpress\/hea1474d1449e48738f187618f545d275w.jpg\" class=\"magic-20\"\/><\/div><\/div><\/div><\/div><\/div><\/div><\/p>\n<p>      <div module-id=\"33630039815\" module-title=\"detailSingleImage\" render=\"true\" class=\"J_module\"><div class=\"icbu-pc-images magic-0\"><div><div class=\"flex-layout-v\"><div class=\"flex-layout-h magic-0\"><div class=\"magic-21\"><img src=\"https:\/\/qgsgroup.com\/wp-content\/uploads\/aliexpress\/h7980e415ddab43d7918a50f6d1e84b88s.jpg\" class=\"magic-22\"\/><\/div><\/div><\/div><\/div><\/div><\/div><\/p>\n<p><\/DIV><\/p>","protected":false},"excerpt":{"rendered":"<p>Key attributes Industry-specific attributes Design Style Modern Other attributes Place of Origin Zhejiang, China Type Single Brand Name Curtain eyelet rings Model Number RR036 Curtain Poles, Tracks &#038; Accessories Type Curtain Accessories Material Plastic Name Plastic curtain eyelet rings Color Gold\/ Silver\/ Coffee\/ Purple\/White\/ Black or as Customization General Use window curtains External diameter 75mm Inner diameter 42mm Height 13mm Product Name curtain eyelet rings Usage Curtian Accessories Application Home. Hotel. Hospital. Cafe. Office.School Style Modern Minimalist Packaging and delivery Packaging Details 1pcs\/polybag, 100pcs\/bag, 20bags\/ctn Port Ningbo\/ Shanghai Supply Ability Supply Ability 200000 Piece\/Pieces per Day Customization oem Min. order:2000 Products Description Product TypeCurtain Eyelet RingMaterialPlastic, PPGeneral UseWindow CurtainsShapeRoundExternal diameter75mmInner diameter42mmHeight13mm Payment &amp; Shipping Terms: FOB Minimum Order Quantity2000PCS PortNingbo\/ Shanghai Packaging Details1pcs\/polybag, 100pcs\/bag, 20bags\/ctn Delivery Time15days<\/p>","protected":false},"featured_media":7507,"template":"","meta":{"site-sidebar-layout":"default","site-content-layout":"","ast-site-content-layout":"","site-content-style":"default","site-sidebar-style":"default","ast-global-header-display":"","ast-banner-title-visibility":"","ast-main-header-display":"","ast-hfb-above-header-display":"","ast-hfb-below-header-display":"","ast-hfb-mobile-header-display":"","site-post-title":"","ast-breadcrumbs-content":"","ast-featured-img":"","footer-sml-layout":"","theme-transparent-header-meta":"","adv-header-id-meta":"","stick-header-meta":"","header-above-stick-meta":"","header-main-stick-meta":"","header-below-stick-meta":"","astra-migrate-meta-layouts":"default","ast-page-background-enabled":"default","ast-page-background-meta":{"desktop":{"background-color":"","background-image":"","background-repeat":"repeat","background-position":"center center","background-size":"auto","background-attachment":"scroll","background-type":"","background-media":"","overlay-type":"","overlay-color":"","overlay-opacity":"","overlay-gradient":""},"tablet":{"background-color":"","background-image":"","background-repeat":"repeat","background-position":"center center","background-size":"auto","background-attachment":"scroll","background-type":"","background-media":"","overlay-type":"","overlay-color":"","overlay-opacity":"","overlay-gradient":""},"mobile":{"background-color":"","background-image":"","background-repeat":"repeat","background-position":"center center","background-size":"auto","background-attachment":"scroll","background-type":"","background-media":"","overlay-type":"","overlay-color":"","overlay-opacity":"","overlay-gradient":""}},"ast-content-background-meta":{"desktop":{"background-color":"var(--ast-global-color-5)","background-image":"","background-repeat":"repeat","background-position":"center center","background-size":"auto","background-attachment":"scroll","background-type":"","background-media":"","overlay-type":"","overlay-color":"","overlay-opacity":"","overlay-gradient":""},"tablet":{"background-color":"var(--ast-global-color-5)","background-image":"","background-repeat":"repeat","background-position":"center center","background-size":"auto","background-attachment":"scroll","background-type":"","background-media":"","overlay-type":"","overlay-color":"","overlay-opacity":"","overlay-gradient":""},"mobile":{"background-color":"var(--ast-global-color-5)","background-image":"","background-repeat":"repeat","background-position":"center center","background-size":"auto","background-attachment":"scroll","background-type":"","background-media":"","overlay-type":"","overlay-color":"","overlay-opacity":"","overlay-gradient":""}}},"product_brand":[],"product_cat":[90],"product_tag":[],"class_list":{"0":"post-7508","1":"product","2":"type-product","3":"status-publish","4":"has-post-thumbnail","6":"product_cat-curtain-eyelet-rings","7":"desktop-align-left","8":"tablet-align-left","9":"mobile-align-left","11":"first","12":"instock","13":"shipping-taxable","14":"product-type-simple"},"yoast_head":"<!-- This site is optimized with the Yoast SEO plugin v27.6 - https:\/\/yoast.com\/product\/yoast-seo-wordpress\/ -->\n<title>Home decorative new pattern PP material ring plastic curtain eyelets plastic curtain circles - Q.G.S<\/title>\n<meta name=\"robots\" content=\"index, follow, max-snippet:-1, max-image-preview:large, max-video-preview:-1\" \/>\n<link rel=\"canonical\" href=\"https:\/\/qgsgroup.com\/sv\/produkt\/home-decorative-new-pattern-pp-material-ring-plastic-curtain-eyelets-plastic-curtain-circles\/\" \/>\n<meta property=\"og:locale\" content=\"sv_SE\" \/>\n<meta property=\"og:type\" content=\"article\" \/>\n<meta property=\"og:title\" content=\"Home decorative new pattern PP material ring plastic curtain eyelets plastic curtain circles - Q.G.S\" \/>\n<meta property=\"og:description\" content=\"Key attributes Industry-specific attributes Design Style Modern Other attributes Place of Origin Zhejiang, China Type Single Brand Name Curtain eyelet rings Model Number RR036 Curtain Poles, Tracks &#038; Accessories Type Curtain Accessories Material Plastic Name Plastic curtain eyelet rings Color Gold\/ Silver\/ Coffee\/ Purple\/White\/ Black or as Customization General Use window curtains External diameter 75mm Inner diameter 42mm Height 13mm Product Name curtain eyelet rings Usage Curtian Accessories Application Home. Hotel. Hospital. Cafe. Office.School Style Modern Minimalist Packaging and delivery Packaging Details 1pcs\/polybag, 100pcs\/bag, 20bags\/ctn Port Ningbo\/ Shanghai Supply Ability Supply Ability 200000 Piece\/Pieces per Day Customization oem Min. order:2000 Products Description Product TypeCurtain Eyelet RingMaterialPlastic, PPGeneral UseWindow CurtainsShapeRoundExternal diameter75mmInner diameter42mmHeight13mm Payment &amp; Shipping Terms: FOB Minimum Order Quantity2000PCS PortNingbo\/ Shanghai Packaging Details1pcs\/polybag, 100pcs\/bag, 20bags\/ctn Delivery Time15days\" \/>\n<meta property=\"og:url\" content=\"https:\/\/qgsgroup.com\/sv\/produkt\/home-decorative-new-pattern-pp-material-ring-plastic-curtain-eyelets-plastic-curtain-circles\/\" \/>\n<meta property=\"og:site_name\" content=\"Q.G.S\" \/>\n<meta property=\"article:modified_time\" content=\"2024-03-31T04:40:07+00:00\" \/>\n<meta property=\"og:image\" content=\"https:\/\/qgsgroup.com\/wp-content\/uploads\/2024\/03\/hf8b21f3e4b214d14905fdab6b32768cdz.jpg\" \/>\n\t<meta property=\"og:image:width\" content=\"750\" \/>\n\t<meta property=\"og:image:height\" content=\"750\" \/>\n\t<meta property=\"og:image:type\" content=\"image\/jpeg\" \/>\n<meta name=\"twitter:card\" content=\"summary_large_image\" \/>\n<meta name=\"twitter:label1\" content=\"Ber\u00e4knad l\u00e4stid\" \/>\n\t<meta name=\"twitter:data1\" content=\"1 minut\" \/>\n<script type=\"application\/ld+json\" class=\"yoast-schema-graph\">{\"@context\":\"https:\\\/\\\/schema.org\",\"@graph\":[{\"@type\":\"WebPage\",\"@id\":\"https:\\\/\\\/qgsgroup.com\\\/product\\\/home-decorative-new-pattern-pp-material-ring-plastic-curtain-eyelets-plastic-curtain-circles\\\/\",\"url\":\"https:\\\/\\\/qgsgroup.com\\\/product\\\/home-decorative-new-pattern-pp-material-ring-plastic-curtain-eyelets-plastic-curtain-circles\\\/\",\"name\":\"Home decorative new pattern PP material ring plastic curtain eyelets plastic curtain circles - Q.G.S\",\"isPartOf\":{\"@id\":\"https:\\\/\\\/rebornbusiness.com\\\/#website\"},\"primaryImageOfPage\":{\"@id\":\"https:\\\/\\\/qgsgroup.com\\\/product\\\/home-decorative-new-pattern-pp-material-ring-plastic-curtain-eyelets-plastic-curtain-circles\\\/#primaryimage\"},\"image\":{\"@id\":\"https:\\\/\\\/qgsgroup.com\\\/product\\\/home-decorative-new-pattern-pp-material-ring-plastic-curtain-eyelets-plastic-curtain-circles\\\/#primaryimage\"},\"thumbnailUrl\":\"https:\\\/\\\/qgsgroup.com\\\/wp-content\\\/uploads\\\/2024\\\/03\\\/hf8b21f3e4b214d14905fdab6b32768cdz.jpg\",\"datePublished\":\"2024-03-31T04:40:02+00:00\",\"dateModified\":\"2024-03-31T04:40:07+00:00\",\"breadcrumb\":{\"@id\":\"https:\\\/\\\/qgsgroup.com\\\/product\\\/home-decorative-new-pattern-pp-material-ring-plastic-curtain-eyelets-plastic-curtain-circles\\\/#breadcrumb\"},\"inLanguage\":\"sv-SE\",\"potentialAction\":[{\"@type\":\"ReadAction\",\"target\":[\"https:\\\/\\\/qgsgroup.com\\\/product\\\/home-decorative-new-pattern-pp-material-ring-plastic-curtain-eyelets-plastic-curtain-circles\\\/\"]}]},{\"@type\":\"ImageObject\",\"inLanguage\":\"sv-SE\",\"@id\":\"https:\\\/\\\/qgsgroup.com\\\/product\\\/home-decorative-new-pattern-pp-material-ring-plastic-curtain-eyelets-plastic-curtain-circles\\\/#primaryimage\",\"url\":\"https:\\\/\\\/qgsgroup.com\\\/wp-content\\\/uploads\\\/2024\\\/03\\\/hf8b21f3e4b214d14905fdab6b32768cdz.jpg\",\"contentUrl\":\"https:\\\/\\\/qgsgroup.com\\\/wp-content\\\/uploads\\\/2024\\\/03\\\/hf8b21f3e4b214d14905fdab6b32768cdz.jpg\",\"width\":750,\"height\":750},{\"@type\":\"BreadcrumbList\",\"@id\":\"https:\\\/\\\/qgsgroup.com\\\/product\\\/home-decorative-new-pattern-pp-material-ring-plastic-curtain-eyelets-plastic-curtain-circles\\\/#breadcrumb\",\"itemListElement\":[{\"@type\":\"ListItem\",\"position\":1,\"name\":\"Home\",\"item\":\"https:\\\/\\\/qgsgroup.com\\\/\"},{\"@type\":\"ListItem\",\"position\":2,\"name\":\"Products\",\"item\":\"https:\\\/\\\/qgsgroup.com\\\/products\\\/\"},{\"@type\":\"ListItem\",\"position\":3,\"name\":\"Home decorative new pattern PP material ring plastic curtain eyelets plastic curtain circles\"}]},{\"@type\":\"WebSite\",\"@id\":\"https:\\\/\\\/rebornbusiness.com\\\/#website\",\"url\":\"https:\\\/\\\/rebornbusiness.com\\\/\",\"name\":\"Q.G.S\",\"description\":\"Q.G.S group company\",\"publisher\":{\"@id\":\"https:\\\/\\\/rebornbusiness.com\\\/#organization\"},\"potentialAction\":[{\"@type\":\"SearchAction\",\"target\":{\"@type\":\"EntryPoint\",\"urlTemplate\":\"https:\\\/\\\/rebornbusiness.com\\\/?s={search_term_string}\"},\"query-input\":{\"@type\":\"PropertyValueSpecification\",\"valueRequired\":true,\"valueName\":\"search_term_string\"}}],\"inLanguage\":\"sv-SE\"},{\"@type\":\"Organization\",\"@id\":\"https:\\\/\\\/rebornbusiness.com\\\/#organization\",\"name\":\"Q.G.S\",\"url\":\"https:\\\/\\\/rebornbusiness.com\\\/\",\"logo\":{\"@type\":\"ImageObject\",\"inLanguage\":\"sv-SE\",\"@id\":\"https:\\\/\\\/rebornbusiness.com\\\/#\\\/schema\\\/logo\\\/image\\\/\",\"url\":\"https:\\\/\\\/qgsgroup.com\\\/wp-content\\\/uploads\\\/2024\\\/03\\\/logo-electric-tools.png\",\"contentUrl\":\"https:\\\/\\\/qgsgroup.com\\\/wp-content\\\/uploads\\\/2024\\\/03\\\/logo-electric-tools.png\",\"width\":11090,\"height\":2459,\"caption\":\"Q.G.S\"},\"image\":{\"@id\":\"https:\\\/\\\/rebornbusiness.com\\\/#\\\/schema\\\/logo\\\/image\\\/\"}}]}<\/script>\n<!-- \/ Yoast SEO plugin. -->","yoast_head_json":{"title":"Home decorative new pattern PP material ring plastic curtain eyelets plastic curtain circles - Q.G.S","robots":{"index":"index","follow":"follow","max-snippet":"max-snippet:-1","max-image-preview":"max-image-preview:large","max-video-preview":"max-video-preview:-1"},"canonical":"https:\/\/qgsgroup.com\/sv\/produkt\/home-decorative-new-pattern-pp-material-ring-plastic-curtain-eyelets-plastic-curtain-circles\/","og_locale":"sv_SE","og_type":"article","og_title":"Home decorative new pattern PP material ring plastic curtain eyelets plastic curtain circles - Q.G.S","og_description":"Key attributes Industry-specific attributes Design Style Modern Other attributes Place of Origin Zhejiang, China Type Single Brand Name Curtain eyelet rings Model Number RR036 Curtain Poles, Tracks &#038; Accessories Type Curtain Accessories Material Plastic Name Plastic curtain eyelet rings Color Gold\/ Silver\/ Coffee\/ Purple\/White\/ Black or as Customization General Use window curtains External diameter 75mm Inner diameter 42mm Height 13mm Product Name curtain eyelet rings Usage Curtian Accessories Application Home. Hotel. Hospital. Cafe. Office.School Style Modern Minimalist Packaging and delivery Packaging Details 1pcs\/polybag, 100pcs\/bag, 20bags\/ctn Port Ningbo\/ Shanghai Supply Ability Supply Ability 200000 Piece\/Pieces per Day Customization oem Min. order:2000 Products Description Product TypeCurtain Eyelet RingMaterialPlastic, PPGeneral UseWindow CurtainsShapeRoundExternal diameter75mmInner diameter42mmHeight13mm Payment &amp; Shipping Terms: FOB Minimum Order Quantity2000PCS PortNingbo\/ Shanghai Packaging Details1pcs\/polybag, 100pcs\/bag, 20bags\/ctn Delivery Time15days","og_url":"https:\/\/qgsgroup.com\/sv\/produkt\/home-decorative-new-pattern-pp-material-ring-plastic-curtain-eyelets-plastic-curtain-circles\/","og_site_name":"Q.G.S","article_modified_time":"2024-03-31T04:40:07+00:00","og_image":[{"width":750,"height":750,"url":"https:\/\/qgsgroup.com\/wp-content\/uploads\/2024\/03\/hf8b21f3e4b214d14905fdab6b32768cdz.jpg","type":"image\/jpeg"}],"twitter_card":"summary_large_image","twitter_misc":{"Ber\u00e4knad l\u00e4stid":"1 minut"},"schema":{"@context":"https:\/\/schema.org","@graph":[{"@type":"WebPage","@id":"https:\/\/qgsgroup.com\/product\/home-decorative-new-pattern-pp-material-ring-plastic-curtain-eyelets-plastic-curtain-circles\/","url":"https:\/\/qgsgroup.com\/product\/home-decorative-new-pattern-pp-material-ring-plastic-curtain-eyelets-plastic-curtain-circles\/","name":"Home decorative new pattern PP material ring plastic curtain eyelets plastic curtain circles - Q.G.S","isPartOf":{"@id":"https:\/\/rebornbusiness.com\/#website"},"primaryImageOfPage":{"@id":"https:\/\/qgsgroup.com\/product\/home-decorative-new-pattern-pp-material-ring-plastic-curtain-eyelets-plastic-curtain-circles\/#primaryimage"},"image":{"@id":"https:\/\/qgsgroup.com\/product\/home-decorative-new-pattern-pp-material-ring-plastic-curtain-eyelets-plastic-curtain-circles\/#primaryimage"},"thumbnailUrl":"https:\/\/qgsgroup.com\/wp-content\/uploads\/2024\/03\/hf8b21f3e4b214d14905fdab6b32768cdz.jpg","datePublished":"2024-03-31T04:40:02+00:00","dateModified":"2024-03-31T04:40:07+00:00","breadcrumb":{"@id":"https:\/\/qgsgroup.com\/product\/home-decorative-new-pattern-pp-material-ring-plastic-curtain-eyelets-plastic-curtain-circles\/#breadcrumb"},"inLanguage":"sv-SE","potentialAction":[{"@type":"ReadAction","target":["https:\/\/qgsgroup.com\/product\/home-decorative-new-pattern-pp-material-ring-plastic-curtain-eyelets-plastic-curtain-circles\/"]}]},{"@type":"ImageObject","inLanguage":"sv-SE","@id":"https:\/\/qgsgroup.com\/product\/home-decorative-new-pattern-pp-material-ring-plastic-curtain-eyelets-plastic-curtain-circles\/#primaryimage","url":"https:\/\/qgsgroup.com\/wp-content\/uploads\/2024\/03\/hf8b21f3e4b214d14905fdab6b32768cdz.jpg","contentUrl":"https:\/\/qgsgroup.com\/wp-content\/uploads\/2024\/03\/hf8b21f3e4b214d14905fdab6b32768cdz.jpg","width":750,"height":750},{"@type":"BreadcrumbList","@id":"https:\/\/qgsgroup.com\/product\/home-decorative-new-pattern-pp-material-ring-plastic-curtain-eyelets-plastic-curtain-circles\/#breadcrumb","itemListElement":[{"@type":"ListItem","position":1,"name":"Home","item":"https:\/\/qgsgroup.com\/"},{"@type":"ListItem","position":2,"name":"Products","item":"https:\/\/qgsgroup.com\/products\/"},{"@type":"ListItem","position":3,"name":"Home decorative new pattern PP material ring plastic curtain eyelets plastic curtain circles"}]},{"@type":"WebSite","@id":"https:\/\/rebornbusiness.com\/#website","url":"https:\/\/rebornbusiness.com\/","name":"Q.G.S","description":"Q.G.S group company","publisher":{"@id":"https:\/\/rebornbusiness.com\/#organization"},"potentialAction":[{"@type":"SearchAction","target":{"@type":"EntryPoint","urlTemplate":"https:\/\/rebornbusiness.com\/?s={search_term_string}"},"query-input":{"@type":"PropertyValueSpecification","valueRequired":true,"valueName":"search_term_string"}}],"inLanguage":"sv-SE"},{"@type":"Organization","@id":"https:\/\/rebornbusiness.com\/#organization","name":"Q.G.S","url":"https:\/\/rebornbusiness.com\/","logo":{"@type":"ImageObject","inLanguage":"sv-SE","@id":"https:\/\/rebornbusiness.com\/#\/schema\/logo\/image\/","url":"https:\/\/qgsgroup.com\/wp-content\/uploads\/2024\/03\/logo-electric-tools.png","contentUrl":"https:\/\/qgsgroup.com\/wp-content\/uploads\/2024\/03\/logo-electric-tools.png","width":11090,"height":2459,"caption":"Q.G.S"},"image":{"@id":"https:\/\/rebornbusiness.com\/#\/schema\/logo\/image\/"}}]}},"_links":{"self":[{"href":"https:\/\/qgsgroup.com\/sv\/wp-json\/wp\/v2\/product\/7508","targetHints":{"allow":["GET"]}}],"collection":[{"href":"https:\/\/qgsgroup.com\/sv\/wp-json\/wp\/v2\/product"}],"about":[{"href":"https:\/\/qgsgroup.com\/sv\/wp-json\/wp\/v2\/types\/product"}],"wp:featuredmedia":[{"embeddable":true,"href":"https:\/\/qgsgroup.com\/sv\/wp-json\/wp\/v2\/media\/7507"}],"wp:attachment":[{"href":"https:\/\/qgsgroup.com\/sv\/wp-json\/wp\/v2\/media?parent=7508"}],"wp:term":[{"taxonomy":"product_brand","embeddable":true,"href":"https:\/\/qgsgroup.com\/sv\/wp-json\/wp\/v2\/product_brand?post=7508"},{"taxonomy":"product_cat","embeddable":true,"href":"https:\/\/qgsgroup.com\/sv\/wp-json\/wp\/v2\/product_cat?post=7508"},{"taxonomy":"product_tag","embeddable":true,"href":"https:\/\/qgsgroup.com\/sv\/wp-json\/wp\/v2\/product_tag?post=7508"}],"curies":[{"name":"wp","href":"https:\/\/api.w.org\/{rel}","templated":true}]}}