{"id":6166,"date":"2024-03-30T16:07:32","date_gmt":"2024-03-30T16:07:32","guid":{"rendered":"https:\/\/qgsgroup.com\/products\/wholesale-adjustable-ceiling-iron-size-wrought-iron-angle-brackets-curtain-rod-bracket\/"},"modified":"2024-03-30T16:07:37","modified_gmt":"2024-03-30T16:07:37","slug":"wholesale-adjustable-ceiling-iron-size-wrought-iron-angle-brackets-curtain-rod-bracket","status":"publish","type":"product","link":"https:\/\/qgsgroup.com\/tr\/urun\/wholesale-adjustable-ceiling-iron-size-wrought-iron-angle-brackets-curtain-rod-bracket\/","title":{"rendered":"Toptan ayarlanabilir Tavan demir boyutu ferforje k\u00f6\u015feli mesnetler perde \u00e7ubuk braketi"},"content":{"rendered":"<div class=\"product-key-attributes\">\n<h3>Anahtar nitelikler<\/h3>\n<h4>Sekt\u00f6re \u00f6zg\u00fc \u00f6zellikler<\/h4>\n<ul>\n<li><label>Tasar\u0131m Stili<\/label>\n<div>Modern<\/div>\n<\/li>\n<\/ul>\n<h4>Di\u011fer \u00f6zellikler<\/h4>\n<ul>\n<li><label>Anavatan<\/label>\n<div>Zhejiang, \u00c7in<\/div>\n<\/li>\n<li><label>Tip<\/label>\n<div>Bekar<\/div>\n<\/li>\n<li><label>Marka ad\u0131<\/label>\n<div>OEM<\/div>\n<\/li>\n<li><label>Model numaras\u0131<\/label>\n<div>RA-B077<\/div>\n<\/li>\n<li><label>Perde Direkleri, Raylar\u0131 ve Aksesuarlar\u0131 T\u00fcr\u00fc<\/label>\n<div>Perde Aksesuarlar\u0131<\/div>\n<\/li>\n<li><label>Malzeme<\/label>\n<div>Metal<\/div>\n<\/li>\n<li><label>Malzeme<\/label>\n<div>\u00dct\u00fc<\/div>\n<\/li>\n<li><label>Renk<\/label>\n<div>Alt\u0131n, g\u00fcm\u00fc\u015f, bronz, siyah<\/div>\n<\/li>\n<li><label>Boyut<\/label>\n<div>\u00e7ap: 35mm+26mm, 26mm+26mm<\/div>\n<\/li>\n<li><label>\u00d6zellik<\/label>\n<div>Bir\u00e7ok stil \u00f6zelle\u015ftirilebilir<\/div>\n<\/li>\n<li><label>Tip<\/label>\n<div>Perde Direkleri, Raylar\u0131 ve Aksesuarlar\u0131<\/div>\n<\/li>\n<li><label>Ticari Al\u0131c\u01311<\/label>\n<div>\u00d6zel ma\u011fazalar<\/div>\n<\/li>\n<li><label>Ticari Al\u0131c\u01312<\/label>\n<div>B\u00fcy\u00fck Ma\u011fazalar<\/div>\n<\/li>\n<li><label>Ticari Al\u0131c\u01313<\/label>\n<div>S\u00fcper Marketler<\/div>\n<\/li>\n<li><label>Ticari Al\u0131c\u01314<\/label>\n<div>Marketler<\/div>\n<\/li>\n<li><label>\u00dcr\u00fcn ad\u0131<\/label>\n<div>Perde Braketleri<\/div>\n<\/li>\n<\/ul>\n<h4>Paketleme ve teslimat<\/h4>\n<ul>\n<li><label>paketleme Detaylar\u0131<\/label>\n<div>OPP, KUTU<\/div>\n<\/li>\n<li><label>Liman<\/label>\n<div>Ningbo, \u015eangay<\/div>\n<\/li>\n<\/ul>\n<h4>Tedarik Yetene\u011fi<\/h4>\n<ul>\n<li><label>Tedarik Yetene\u011fi<\/label>\n<div>Ayda 100000 Adet \/ Adet<\/div>\n<\/li>\n<\/ul>\n<\/div>\n<p><div data-magic-global=\"%7B%22bizId%22%3A3210435406%2C%22pageId%22%3A21233012791%2C%22siteId%22%3A5005373107%7D\" id=\"detail_decorate_root\"><br \/>\n      <div module-id=\"33590029520\" module-title=\"detailSingleImage\" render=\"true\" class=\"J_module\"><div class=\"icbu-pc-images magic-0\"><div><div class=\"flex-layout-v\"><div class=\"flex-layout-h magic-0\"><div class=\"magic-1\"><img src=\"https:\/\/qgsgroup.com\/wp-content\/uploads\/aliexpress\/h5175047b0a0e4ad7a22e9513ef1a33acm.jpg\" usemap=\"#e-48-bad-d3d1\" class=\"magic-2\"\/><\/div><\/div><\/div><\/div><\/div><\/div><\/p>\n<p>      <div module-id=\"33590029521\" module-title=\"detailProductNavigation\" render=\"true\" class=\"J_module\"><div id=\"ali-anchor-AliMagic-75vrxd\" data-section=\"AliMagic-75vrxd\" data-section-title=\"Products Description\" class=\"magic-3\">\u00dcr\u00fcn A\u00e7\u0131klamas\u0131<\/div><\/div><\/p>\n<p>      <div module-id=\"33590029522\" module-title=\"detailTableNoTitle\" render=\"true\" class=\"J_module\"><div class=\"ife-detail-decorate-table\"><table class=\"all magic-4\"><tbody><tr><td colspan=\"1\" rowspan=\"1\"><div class=\"magic-5\">Malzeme<\/div><\/td><td colspan=\"3\" rowspan=\"1\"><div class=\"magic-6\">\u00dct\u00fc<\/div><\/td><\/tr><tr><td colspan=\"1\" rowspan=\"1\"><div class=\"magic-5\">Boyut<\/div><\/td><td colspan=\"3\" rowspan=\"1\"><div class=\"magic-6\">\u00c7ap: 35mm+26mm, 26mm+26mm<\/div><\/td><\/tr><tr><td colspan=\"1\" rowspan=\"1\"><div class=\"magic-5\">Renk<\/div><\/td><td colspan=\"3\" rowspan=\"1\"><div class=\"magic-6\">Alt\u0131n, g\u00fcm\u00fc\u015f, bronz, siyah<\/div><\/td><\/tr><tr><td colspan=\"1\" rowspan=\"1\"><div class=\"magic-5\">\u00d6zellik<\/div><\/td><td colspan=\"3\" rowspan=\"1\"><div class=\"magic-6\">Bir\u00e7ok stil \u00f6zelle\u015ftirilebilir<\/div><\/td><\/tr><tr><td colspan=\"1\" rowspan=\"1\"><div class=\"magic-5\">Adedi<\/div><\/td><td colspan=\"3\" rowspan=\"1\"><div class=\"magic-6\">500 adet<\/div><\/td><\/tr><tr><td colspan=\"1\" rowspan=\"1\"><div class=\"magic-5\">Paket<\/div><\/td><td colspan=\"3\" rowspan=\"1\"><div class=\"magic-6\">OPP, KUTU<\/div><\/td><\/tr><\/tbody><\/table><\/div><\/div><\/p>\n<p>      <div module-id=\"33590029523\" module-title=\"detailManyImage\" render=\"true\" class=\"J_module\"><div class=\"icbu-pc-detailManyImage magic-10\"><div class=\"magic-11\"><img src=\"https:\/\/qgsgroup.com\/wp-content\/uploads\/aliexpress\/hc4bc32fa639f4c3ca023aba155420c5dh.jpg\" class=\"magic-12\"\/><\/div><div class=\"magic-11\"><img src=\"https:\/\/qgsgroup.com\/wp-content\/uploads\/aliexpress\/h8c20d5aa7e3a43eb8642894b38e9757cs.jpg\" class=\"magic-12\"\/><\/div><div class=\"magic-11\"><img src=\"https:\/\/qgsgroup.com\/wp-content\/uploads\/aliexpress\/h3e2e355bb34049fdaf7f378ccdeb2335k.jpg\" class=\"magic-12\"\/><\/div><div class=\"magic-11\"><img src=\"https:\/\/qgsgroup.com\/wp-content\/uploads\/aliexpress\/h634ef0ebbc5543228232b9fbfe3fbc9cy.jpg\" class=\"magic-12\"\/><\/div><div class=\"magic-11\"><img src=\"https:\/\/qgsgroup.com\/wp-content\/uploads\/aliexpress\/h3030420df7ed41879243f711cc3ac95da.jpg\" class=\"magic-12\"\/><\/div><div class=\"magic-11\"><img src=\"https:\/\/qgsgroup.com\/wp-content\/uploads\/aliexpress\/h66113224b50042bb8a838b8c8eec79460.jpg\" class=\"magic-12\"\/><\/div><\/div><\/div><\/p>\n<p>      <div module-id=\"33590029524\" module-title=\"detailSingleImage\" render=\"true\" class=\"J_module\"><div class=\"icbu-pc-images magic-0\"><div><div class=\"flex-layout-v\"><div class=\"flex-layout-h magic-0\"><div class=\"magic-13\"><img src=\"https:\/\/qgsgroup.com\/wp-content\/uploads\/aliexpress\/hea1474d1449e48738f187618f545d275w.jpg\" class=\"magic-14\"\/><\/div><\/div><\/div><\/div><\/div><\/div><\/p>\n<p>      <div module-id=\"33590029525\" module-title=\"detailSingleImage\" render=\"true\" class=\"J_module\"><div class=\"icbu-pc-images magic-0\"><div><div class=\"flex-layout-v\"><div class=\"flex-layout-h magic-0\"><div class=\"magic-15\"><img src=\"https:\/\/qgsgroup.com\/wp-content\/uploads\/aliexpress\/h7980e415ddab43d7918a50f6d1e84b88s.jpg\" class=\"magic-16\"\/><\/div><\/div><\/div><\/div><\/div><\/div><\/p>\n<p><\/DIV><\/p>","protected":false},"excerpt":{"rendered":"<p>Key attributes Industry-specific attributes Design Style Modern Other attributes Place of Origin Zhejiang, China Type Single Brand Name OEM Model Number RA-B077 Curtain Poles, Tracks &#038; Accessories Type Curtain Accessories Material Metal Material Iron Color Golden, silver, bronze, black Size diameter: 35mm+26mm, 26mm+26mm Feature Many styles, can be customized Type Curtain Poles, Tracks &#038; Accessories Commercial Buyer1 Specialty Stores Commercial Buyer2 Department Stores Commercial Buyer3 Super Markets Commercial Buyer4 Convenience Stores Product Name Curtain Brackets Packaging and delivery Packaging Details OPP, BOX Port Ningbo, Shanghai Supply Ability Supply Ability 100000 Piece\/Pieces per Month Products Description MaterialIronSizeDiameter:35mm+26mm, 26mm+26mmColorGolden, silver, bronze, blackFeatureMany styles, can be customizedMOQ500 PCSPackageOPP, BOX<\/p>","protected":false},"featured_media":6165,"template":"","meta":{"site-sidebar-layout":"default","site-content-layout":"","ast-site-content-layout":"","site-content-style":"default","site-sidebar-style":"default","ast-global-header-display":"","ast-banner-title-visibility":"","ast-main-header-display":"","ast-hfb-above-header-display":"","ast-hfb-below-header-display":"","ast-hfb-mobile-header-display":"","site-post-title":"","ast-breadcrumbs-content":"","ast-featured-img":"","footer-sml-layout":"","theme-transparent-header-meta":"","adv-header-id-meta":"","stick-header-meta":"","header-above-stick-meta":"","header-main-stick-meta":"","header-below-stick-meta":"","astra-migrate-meta-layouts":"default","ast-page-background-enabled":"default","ast-page-background-meta":{"desktop":{"background-color":"","background-image":"","background-repeat":"repeat","background-position":"center center","background-size":"auto","background-attachment":"scroll","background-type":"","background-media":"","overlay-type":"","overlay-color":"","overlay-opacity":"","overlay-gradient":""},"tablet":{"background-color":"","background-image":"","background-repeat":"repeat","background-position":"center center","background-size":"auto","background-attachment":"scroll","background-type":"","background-media":"","overlay-type":"","overlay-color":"","overlay-opacity":"","overlay-gradient":""},"mobile":{"background-color":"","background-image":"","background-repeat":"repeat","background-position":"center center","background-size":"auto","background-attachment":"scroll","background-type":"","background-media":"","overlay-type":"","overlay-color":"","overlay-opacity":"","overlay-gradient":""}},"ast-content-background-meta":{"desktop":{"background-color":"var(--ast-global-color-5)","background-image":"","background-repeat":"repeat","background-position":"center center","background-size":"auto","background-attachment":"scroll","background-type":"","background-media":"","overlay-type":"","overlay-color":"","overlay-opacity":"","overlay-gradient":""},"tablet":{"background-color":"var(--ast-global-color-5)","background-image":"","background-repeat":"repeat","background-position":"center center","background-size":"auto","background-attachment":"scroll","background-type":"","background-media":"","overlay-type":"","overlay-color":"","overlay-opacity":"","overlay-gradient":""},"mobile":{"background-color":"var(--ast-global-color-5)","background-image":"","background-repeat":"repeat","background-position":"center center","background-size":"auto","background-attachment":"scroll","background-type":"","background-media":"","overlay-type":"","overlay-color":"","overlay-opacity":"","overlay-gradient":""}}},"product_brand":[],"product_cat":[81],"product_tag":[],"class_list":{"0":"post-6166","1":"product","2":"type-product","3":"status-publish","4":"has-post-thumbnail","6":"product_cat-curtain-brackets","7":"desktop-align-left","8":"tablet-align-left","9":"mobile-align-left","11":"first","12":"instock","13":"shipping-taxable","14":"product-type-simple"},"yoast_head":"<!-- This site is optimized with the Yoast SEO plugin v27.4 - https:\/\/yoast.com\/product\/yoast-seo-wordpress\/ -->\n<title>Wholesale adjustable Ceiling iron size wrought iron angle brackets curtain rod bracket - Q.G.S<\/title>\n<meta name=\"robots\" content=\"index, follow, max-snippet:-1, max-image-preview:large, max-video-preview:-1\" \/>\n<link rel=\"canonical\" href=\"https:\/\/qgsgroup.com\/tr\/urun\/wholesale-adjustable-ceiling-iron-size-wrought-iron-angle-brackets-curtain-rod-bracket\/\" \/>\n<meta property=\"og:locale\" content=\"tr_TR\" \/>\n<meta property=\"og:type\" content=\"article\" \/>\n<meta property=\"og:title\" content=\"Wholesale adjustable Ceiling iron size wrought iron angle brackets curtain rod bracket - Q.G.S\" \/>\n<meta property=\"og:description\" content=\"Key attributes Industry-specific attributes Design Style Modern Other attributes Place of Origin Zhejiang, China Type Single Brand Name OEM Model Number RA-B077 Curtain Poles, Tracks &#038; Accessories Type Curtain Accessories Material Metal Material Iron Color Golden, silver, bronze, black Size diameter: 35mm+26mm, 26mm+26mm Feature Many styles, can be customized Type Curtain Poles, Tracks &#038; Accessories Commercial Buyer1 Specialty Stores Commercial Buyer2 Department Stores Commercial Buyer3 Super Markets Commercial Buyer4 Convenience Stores Product Name Curtain Brackets Packaging and delivery Packaging Details OPP, BOX Port Ningbo, Shanghai Supply Ability Supply Ability 100000 Piece\/Pieces per Month Products Description MaterialIronSizeDiameter:35mm+26mm, 26mm+26mmColorGolden, silver, bronze, blackFeatureMany styles, can be customizedMOQ500 PCSPackageOPP, BOX\" \/>\n<meta property=\"og:url\" content=\"https:\/\/qgsgroup.com\/tr\/urun\/wholesale-adjustable-ceiling-iron-size-wrought-iron-angle-brackets-curtain-rod-bracket\/\" \/>\n<meta property=\"og:site_name\" content=\"Q.G.S\" \/>\n<meta property=\"article:modified_time\" content=\"2024-03-30T16:07:37+00:00\" \/>\n<meta property=\"og:image\" content=\"https:\/\/qgsgroup.com\/wp-content\/uploads\/2024\/03\/hc4f9924c55d44bc9ab0e5bc14ba7c70fv.jpg\" \/>\n\t<meta property=\"og:image:width\" content=\"750\" \/>\n\t<meta property=\"og:image:height\" content=\"750\" \/>\n\t<meta property=\"og:image:type\" content=\"image\/jpeg\" \/>\n<meta name=\"twitter:card\" content=\"summary_large_image\" \/>\n<script type=\"application\/ld+json\" class=\"yoast-schema-graph\">{\"@context\":\"https:\\\/\\\/schema.org\",\"@graph\":[{\"@type\":\"WebPage\",\"@id\":\"https:\\\/\\\/qgsgroup.com\\\/product\\\/wholesale-adjustable-ceiling-iron-size-wrought-iron-angle-brackets-curtain-rod-bracket\\\/\",\"url\":\"https:\\\/\\\/qgsgroup.com\\\/product\\\/wholesale-adjustable-ceiling-iron-size-wrought-iron-angle-brackets-curtain-rod-bracket\\\/\",\"name\":\"Wholesale adjustable Ceiling iron size wrought iron angle brackets curtain rod bracket - Q.G.S\",\"isPartOf\":{\"@id\":\"https:\\\/\\\/rebornbusiness.com\\\/#website\"},\"primaryImageOfPage\":{\"@id\":\"https:\\\/\\\/qgsgroup.com\\\/product\\\/wholesale-adjustable-ceiling-iron-size-wrought-iron-angle-brackets-curtain-rod-bracket\\\/#primaryimage\"},\"image\":{\"@id\":\"https:\\\/\\\/qgsgroup.com\\\/product\\\/wholesale-adjustable-ceiling-iron-size-wrought-iron-angle-brackets-curtain-rod-bracket\\\/#primaryimage\"},\"thumbnailUrl\":\"https:\\\/\\\/qgsgroup.com\\\/wp-content\\\/uploads\\\/2024\\\/03\\\/hc4f9924c55d44bc9ab0e5bc14ba7c70fv.jpg\",\"datePublished\":\"2024-03-30T16:07:32+00:00\",\"dateModified\":\"2024-03-30T16:07:37+00:00\",\"breadcrumb\":{\"@id\":\"https:\\\/\\\/qgsgroup.com\\\/product\\\/wholesale-adjustable-ceiling-iron-size-wrought-iron-angle-brackets-curtain-rod-bracket\\\/#breadcrumb\"},\"inLanguage\":\"tr\",\"potentialAction\":[{\"@type\":\"ReadAction\",\"target\":[\"https:\\\/\\\/qgsgroup.com\\\/product\\\/wholesale-adjustable-ceiling-iron-size-wrought-iron-angle-brackets-curtain-rod-bracket\\\/\"]}]},{\"@type\":\"ImageObject\",\"inLanguage\":\"tr\",\"@id\":\"https:\\\/\\\/qgsgroup.com\\\/product\\\/wholesale-adjustable-ceiling-iron-size-wrought-iron-angle-brackets-curtain-rod-bracket\\\/#primaryimage\",\"url\":\"https:\\\/\\\/qgsgroup.com\\\/wp-content\\\/uploads\\\/2024\\\/03\\\/hc4f9924c55d44bc9ab0e5bc14ba7c70fv.jpg\",\"contentUrl\":\"https:\\\/\\\/qgsgroup.com\\\/wp-content\\\/uploads\\\/2024\\\/03\\\/hc4f9924c55d44bc9ab0e5bc14ba7c70fv.jpg\",\"width\":750,\"height\":750},{\"@type\":\"BreadcrumbList\",\"@id\":\"https:\\\/\\\/qgsgroup.com\\\/product\\\/wholesale-adjustable-ceiling-iron-size-wrought-iron-angle-brackets-curtain-rod-bracket\\\/#breadcrumb\",\"itemListElement\":[{\"@type\":\"ListItem\",\"position\":1,\"name\":\"Home\",\"item\":\"https:\\\/\\\/qgsgroup.com\\\/\"},{\"@type\":\"ListItem\",\"position\":2,\"name\":\"Products\",\"item\":\"https:\\\/\\\/qgsgroup.com\\\/products\\\/\"},{\"@type\":\"ListItem\",\"position\":3,\"name\":\"Wholesale adjustable Ceiling iron size wrought iron angle brackets curtain rod bracket\"}]},{\"@type\":\"WebSite\",\"@id\":\"https:\\\/\\\/rebornbusiness.com\\\/#website\",\"url\":\"https:\\\/\\\/rebornbusiness.com\\\/\",\"name\":\"Q.G.S\",\"description\":\"Q.G.S group company\",\"publisher\":{\"@id\":\"https:\\\/\\\/rebornbusiness.com\\\/#organization\"},\"potentialAction\":[{\"@type\":\"SearchAction\",\"target\":{\"@type\":\"EntryPoint\",\"urlTemplate\":\"https:\\\/\\\/rebornbusiness.com\\\/?s={search_term_string}\"},\"query-input\":{\"@type\":\"PropertyValueSpecification\",\"valueRequired\":true,\"valueName\":\"search_term_string\"}}],\"inLanguage\":\"tr\"},{\"@type\":\"Organization\",\"@id\":\"https:\\\/\\\/rebornbusiness.com\\\/#organization\",\"name\":\"Q.G.S\",\"url\":\"https:\\\/\\\/rebornbusiness.com\\\/\",\"logo\":{\"@type\":\"ImageObject\",\"inLanguage\":\"tr\",\"@id\":\"https:\\\/\\\/rebornbusiness.com\\\/#\\\/schema\\\/logo\\\/image\\\/\",\"url\":\"https:\\\/\\\/qgsgroup.com\\\/wp-content\\\/uploads\\\/2024\\\/03\\\/logo-electric-tools.png\",\"contentUrl\":\"https:\\\/\\\/qgsgroup.com\\\/wp-content\\\/uploads\\\/2024\\\/03\\\/logo-electric-tools.png\",\"width\":11090,\"height\":2459,\"caption\":\"Q.G.S\"},\"image\":{\"@id\":\"https:\\\/\\\/rebornbusiness.com\\\/#\\\/schema\\\/logo\\\/image\\\/\"}}]}<\/script>\n<!-- \/ Yoast SEO plugin. -->","yoast_head_json":{"title":"Wholesale adjustable Ceiling iron size wrought iron angle brackets curtain rod bracket - Q.G.S","robots":{"index":"index","follow":"follow","max-snippet":"max-snippet:-1","max-image-preview":"max-image-preview:large","max-video-preview":"max-video-preview:-1"},"canonical":"https:\/\/qgsgroup.com\/tr\/urun\/wholesale-adjustable-ceiling-iron-size-wrought-iron-angle-brackets-curtain-rod-bracket\/","og_locale":"tr_TR","og_type":"article","og_title":"Wholesale adjustable Ceiling iron size wrought iron angle brackets curtain rod bracket - Q.G.S","og_description":"Key attributes Industry-specific attributes Design Style Modern Other attributes Place of Origin Zhejiang, China Type Single Brand Name OEM Model Number RA-B077 Curtain Poles, Tracks &#038; Accessories Type Curtain Accessories Material Metal Material Iron Color Golden, silver, bronze, black Size diameter: 35mm+26mm, 26mm+26mm Feature Many styles, can be customized Type Curtain Poles, Tracks &#038; Accessories Commercial Buyer1 Specialty Stores Commercial Buyer2 Department Stores Commercial Buyer3 Super Markets Commercial Buyer4 Convenience Stores Product Name Curtain Brackets Packaging and delivery Packaging Details OPP, BOX Port Ningbo, Shanghai Supply Ability Supply Ability 100000 Piece\/Pieces per Month Products Description MaterialIronSizeDiameter:35mm+26mm, 26mm+26mmColorGolden, silver, bronze, blackFeatureMany styles, can be customizedMOQ500 PCSPackageOPP, BOX","og_url":"https:\/\/qgsgroup.com\/tr\/urun\/wholesale-adjustable-ceiling-iron-size-wrought-iron-angle-brackets-curtain-rod-bracket\/","og_site_name":"Q.G.S","article_modified_time":"2024-03-30T16:07:37+00:00","og_image":[{"width":750,"height":750,"url":"https:\/\/qgsgroup.com\/wp-content\/uploads\/2024\/03\/hc4f9924c55d44bc9ab0e5bc14ba7c70fv.jpg","type":"image\/jpeg"}],"twitter_card":"summary_large_image","schema":{"@context":"https:\/\/schema.org","@graph":[{"@type":"WebPage","@id":"https:\/\/qgsgroup.com\/product\/wholesale-adjustable-ceiling-iron-size-wrought-iron-angle-brackets-curtain-rod-bracket\/","url":"https:\/\/qgsgroup.com\/product\/wholesale-adjustable-ceiling-iron-size-wrought-iron-angle-brackets-curtain-rod-bracket\/","name":"Wholesale adjustable Ceiling iron size wrought iron angle brackets curtain rod bracket - Q.G.S","isPartOf":{"@id":"https:\/\/rebornbusiness.com\/#website"},"primaryImageOfPage":{"@id":"https:\/\/qgsgroup.com\/product\/wholesale-adjustable-ceiling-iron-size-wrought-iron-angle-brackets-curtain-rod-bracket\/#primaryimage"},"image":{"@id":"https:\/\/qgsgroup.com\/product\/wholesale-adjustable-ceiling-iron-size-wrought-iron-angle-brackets-curtain-rod-bracket\/#primaryimage"},"thumbnailUrl":"https:\/\/qgsgroup.com\/wp-content\/uploads\/2024\/03\/hc4f9924c55d44bc9ab0e5bc14ba7c70fv.jpg","datePublished":"2024-03-30T16:07:32+00:00","dateModified":"2024-03-30T16:07:37+00:00","breadcrumb":{"@id":"https:\/\/qgsgroup.com\/product\/wholesale-adjustable-ceiling-iron-size-wrought-iron-angle-brackets-curtain-rod-bracket\/#breadcrumb"},"inLanguage":"tr","potentialAction":[{"@type":"ReadAction","target":["https:\/\/qgsgroup.com\/product\/wholesale-adjustable-ceiling-iron-size-wrought-iron-angle-brackets-curtain-rod-bracket\/"]}]},{"@type":"ImageObject","inLanguage":"tr","@id":"https:\/\/qgsgroup.com\/product\/wholesale-adjustable-ceiling-iron-size-wrought-iron-angle-brackets-curtain-rod-bracket\/#primaryimage","url":"https:\/\/qgsgroup.com\/wp-content\/uploads\/2024\/03\/hc4f9924c55d44bc9ab0e5bc14ba7c70fv.jpg","contentUrl":"https:\/\/qgsgroup.com\/wp-content\/uploads\/2024\/03\/hc4f9924c55d44bc9ab0e5bc14ba7c70fv.jpg","width":750,"height":750},{"@type":"BreadcrumbList","@id":"https:\/\/qgsgroup.com\/product\/wholesale-adjustable-ceiling-iron-size-wrought-iron-angle-brackets-curtain-rod-bracket\/#breadcrumb","itemListElement":[{"@type":"ListItem","position":1,"name":"Home","item":"https:\/\/qgsgroup.com\/"},{"@type":"ListItem","position":2,"name":"Products","item":"https:\/\/qgsgroup.com\/products\/"},{"@type":"ListItem","position":3,"name":"Wholesale adjustable Ceiling iron size wrought iron angle brackets curtain rod bracket"}]},{"@type":"WebSite","@id":"https:\/\/rebornbusiness.com\/#website","url":"https:\/\/rebornbusiness.com\/","name":"Q.G.S","description":"Q.G.S group company","publisher":{"@id":"https:\/\/rebornbusiness.com\/#organization"},"potentialAction":[{"@type":"SearchAction","target":{"@type":"EntryPoint","urlTemplate":"https:\/\/rebornbusiness.com\/?s={search_term_string}"},"query-input":{"@type":"PropertyValueSpecification","valueRequired":true,"valueName":"search_term_string"}}],"inLanguage":"tr"},{"@type":"Organization","@id":"https:\/\/rebornbusiness.com\/#organization","name":"Q.G.S","url":"https:\/\/rebornbusiness.com\/","logo":{"@type":"ImageObject","inLanguage":"tr","@id":"https:\/\/rebornbusiness.com\/#\/schema\/logo\/image\/","url":"https:\/\/qgsgroup.com\/wp-content\/uploads\/2024\/03\/logo-electric-tools.png","contentUrl":"https:\/\/qgsgroup.com\/wp-content\/uploads\/2024\/03\/logo-electric-tools.png","width":11090,"height":2459,"caption":"Q.G.S"},"image":{"@id":"https:\/\/rebornbusiness.com\/#\/schema\/logo\/image\/"}}]}},"_links":{"self":[{"href":"https:\/\/qgsgroup.com\/tr\/wp-json\/wp\/v2\/product\/6166","targetHints":{"allow":["GET"]}}],"collection":[{"href":"https:\/\/qgsgroup.com\/tr\/wp-json\/wp\/v2\/product"}],"about":[{"href":"https:\/\/qgsgroup.com\/tr\/wp-json\/wp\/v2\/types\/product"}],"wp:featuredmedia":[{"embeddable":true,"href":"https:\/\/qgsgroup.com\/tr\/wp-json\/wp\/v2\/media\/6165"}],"wp:attachment":[{"href":"https:\/\/qgsgroup.com\/tr\/wp-json\/wp\/v2\/media?parent=6166"}],"wp:term":[{"taxonomy":"product_brand","embeddable":true,"href":"https:\/\/qgsgroup.com\/tr\/wp-json\/wp\/v2\/product_brand?post=6166"},{"taxonomy":"product_cat","embeddable":true,"href":"https:\/\/qgsgroup.com\/tr\/wp-json\/wp\/v2\/product_cat?post=6166"},{"taxonomy":"product_tag","embeddable":true,"href":"https:\/\/qgsgroup.com\/tr\/wp-json\/wp\/v2\/product_tag?post=6166"}],"curies":[{"name":"wp","href":"https:\/\/api.w.org\/{rel}","templated":true}]}}