{"id":6232,"date":"2024-03-31T01:30:14","date_gmt":"2024-03-31T01:30:14","guid":{"rendered":"https:\/\/qgsgroup.com\/products\/hot-sell-crystal-curtain-finials-glass-curtain-rod-accessories-glass-curtain-rods-finials\/"},"modified":"2024-03-31T01:32:06","modified_gmt":"2024-03-31T01:32:06","slug":"hot-sell-crystal-curtain-finials-glass-curtain-rod-accessories-glass-curtain-rods-finials","status":"publish","type":"product","link":"https:\/\/qgsgroup.com\/tr\/urun\/hot-sell-crystal-curtain-finials-glass-curtain-rod-accessories-glass-curtain-rods-finials\/","title":{"rendered":"Hot sell crystal curtain finials glass curtain rod accessories glass curtain rods finials"},"content":{"rendered":"<div class=\"product-key-attributes\">\n<h3>Anahtar nitelikler<\/h3>\n<h4>Sekt\u00f6re \u00f6zg\u00fc \u00f6zellikler<\/h4>\n<ul>\n<li><label>Kullanmak<\/label>\n<div>Home Decoration<\/div>\n<\/li>\n<\/ul>\n<h4>Di\u011fer \u00f6zellikler<\/h4>\n<ul>\n<li><label>Anavatan<\/label>\n<div>Zhejiang, \u00c7in<\/div>\n<\/li>\n<li><label>Model numaras\u0131<\/label>\n<div>RA-C058<\/div>\n<\/li>\n<li><label>Tip<\/label>\n<div>Perde Aksesuarlar\u0131<\/div>\n<\/li>\n<li><label>Occasion<\/label>\n<div>Christmas<\/div>\n<\/li>\n<li><label>Tip<\/label>\n<div>Perde Direkleri, Raylar\u0131 ve Aksesuarlar\u0131<\/div>\n<\/li>\n<li><label>Malzeme<\/label>\n<div>crystal<\/div>\n<\/li>\n<li><label>Renk<\/label>\n<div>AB,AC,golden,silver,black,white,etc&#8230;<\/div>\n<\/li>\n<li><label>Boyut<\/label>\n<div>\u00c7ap: 19mm, 28mm<\/div>\n<\/li>\n<li><label>Teslimat s\u00fcresi<\/label>\n<div>25-30days<\/div>\n<\/li>\n<li><label>\u00dcr\u00fcn ad\u0131<\/label>\n<div>Perde Kaplamalar\u0131<\/div>\n<\/li>\n<li><label>Adedi<\/label>\n<div>100PCS<\/div>\n<\/li>\n<li><label>Anahtar kelimeler<\/label>\n<div>Curtain Accessoreis<\/div>\n<\/li>\n<li><label>Kullanmak<\/label>\n<div>Home. Hotel. Hospital. Cafe. Office.ect<\/div>\n<\/li>\n<\/ul>\n<h4>Paketleme ve teslimat<\/h4>\n<ul>\n<li><label>paketleme Detaylar\u0131<\/label>\n<div>OPP, PVC<\/div>\n<\/li>\n<li><label>Liman<\/label>\n<div>Ningbo, \u015eangay<\/div>\n<\/li>\n<\/ul>\n<h4>Tedarik Yetene\u011fi<\/h4>\n<ul>\n<li><label>Tedarik Yetene\u011fi<\/label>\n<div>Ayda 100000 Adet \/ Adet<\/div>\n<\/li>\n<\/ul>\n<\/div>\n<div class=\"product-customization\">\n<h3>\u00d6zelle\u015ftirme<\/h3>\n<div>\n<div>\n<p>\u00d6zelle\u015ftirilmi\u015f logo<\/p>\n<p><label>Min. emir:<\/label>500<\/p>\n<\/div>\n<div>\n<p>\u00d6zelle\u015ftirilmi\u015f ambalaj<\/p>\n<p><label>Min. emir:<\/label>500<\/p>\n<\/div>\n<div>\n<p>Grafik \u00f6zelle\u015ftirme<\/p>\n<p><label>Min. emir:<\/label>500<\/p>\n<\/div>\n<\/div>\n<\/div>\n<p><div data-magic-global=\"%7B%22bizId%22%3A3210435406%2C%22pageId%22%3A21246032943%2C%22siteId%22%3A5005373107%7D\" id=\"detail_decorate_root\"><br \/>\n      <div module-id=\"34029148500\" module-title=\"detailSingleImage\" render=\"true\" class=\"J_module\"><div class=\"icbu-pc-images magic-0\"><div><div class=\"flex-layout-v\"><div class=\"flex-layout-h magic-0\"><div class=\"magic-1\"><img src=\"https:\/\/qgsgroup.com\/wp-content\/uploads\/aliexpress\/h5175047b0a0e4ad7a22e9513ef1a33acm.jpg\" usemap=\"#5-54-de9-bef9\" class=\"magic-2\"\/><\/div><\/div><\/div><\/div><\/div><\/div><\/p>\n<p>      <div module-id=\"34029148501\" module-title=\"detailProductNavigation\" render=\"true\" class=\"J_module\"><div id=\"ali-anchor-AliMagic-s580oq\" data-section=\"AliMagic-s580oq\" data-section-title=\"Products Description\" class=\"magic-3\">\u00dcr\u00fcn A\u00e7\u0131klamas\u0131<\/div><\/div><\/p>\n<p>      <div module-id=\"34029148502\" module-title=\"detailTableNoTitle\" render=\"true\" class=\"J_module\"><div class=\"ife-detail-decorate-table\"><table class=\"all magic-4\"><tbody><tr><td colspan=\"1\" rowspan=\"1\"><div class=\"magic-5\">Malzeme<\/div><\/td><td colspan=\"3\" rowspan=\"1\"><div class=\"magic-6\">Al\u00fcminyum<\/div><\/td><\/tr><tr><td colspan=\"1\" rowspan=\"1\"><div class=\"magic-5\">Boyut<\/div><\/td><td colspan=\"3\" rowspan=\"1\"><div class=\"magic-6\">\u00c7ap: 19mm, 28mm<\/div><\/td><\/tr><tr><td colspan=\"1\" rowspan=\"1\"><div class=\"magic-5\">Renk<\/div><\/td><td colspan=\"3\" rowspan=\"1\"><div class=\"magic-6\">AB, AC, golden, silver, black, white, etc&#8230;<\/div><\/td><\/tr><tr><td colspan=\"1\" rowspan=\"1\"><div class=\"magic-5\">Adedi<\/div><\/td><td colspan=\"3\" rowspan=\"1\"><div class=\"magic-6\">500 Sets<\/div><\/td><\/tr><tr><td colspan=\"1\" rowspan=\"1\"><div class=\"magic-5\">Paket<\/div><\/td><td colspan=\"3\" rowspan=\"1\"><div class=\"magic-6\">OPP, PVC<\/div><\/td><\/tr><tr><td colspan=\"1\" rowspan=\"1\"><div class=\"magic-5\">Paket<\/div><\/td><td colspan=\"3\" rowspan=\"1\"><div class=\"magic-6\">karton<\/div><\/td><\/tr><\/tbody><\/table><\/div><\/div><\/p>\n<p>      <div module-id=\"34029148503\" module-title=\"detailManyImage\" render=\"true\" class=\"J_module\"><div class=\"icbu-pc-detailManyImage magic-10\"><div class=\"magic-11\"><img src=\"https:\/\/qgsgroup.com\/wp-content\/uploads\/aliexpress\/ha2a1321219e24bdfb8f24da6263594feu.jpg\" class=\"magic-12\"\/><\/div><div class=\"magic-11\"><img src=\"https:\/\/qgsgroup.com\/wp-content\/uploads\/aliexpress\/h626efc49307c47d48c1dcb78c40a1c56j.jpg\" class=\"magic-12\"\/><\/div><div class=\"magic-11\"><img src=\"https:\/\/qgsgroup.com\/wp-content\/uploads\/aliexpress\/h1a816907e8694c8da9b6d54d457f343bq.jpg\" class=\"magic-12\"\/><\/div><div class=\"magic-11\"><img src=\"https:\/\/qgsgroup.com\/wp-content\/uploads\/aliexpress\/hdd0b99e2334a41f29ee2ca0346f9f71ao.jpg\" class=\"magic-12\"\/><\/div><div class=\"magic-11\"><img src=\"https:\/\/qgsgroup.com\/wp-content\/uploads\/aliexpress\/hfb719ff3971d49278afa5d34dbe2fc675.jpg\" class=\"magic-12\"\/><\/div><div class=\"magic-11\"><img src=\"https:\/\/qgsgroup.com\/wp-content\/uploads\/aliexpress\/h6cb6f1af28064f72aede587cbe2094d7z.jpg\" class=\"magic-12\"\/><\/div><div class=\"magic-11\"><img src=\"https:\/\/qgsgroup.com\/wp-content\/uploads\/aliexpress\/h4dffc6fd0a6347a0b7051dc8c6eb027cd.png\" class=\"magic-12\"\/><\/div><div class=\"magic-11\"><img src=\"https:\/\/qgsgroup.com\/wp-content\/uploads\/aliexpress\/h113694c8c9ef4b229c90e20ab540e6f39.png\" class=\"magic-12\"\/><\/div><\/div><\/div><\/p>\n<p>      <div module-id=\"34029148504\" module-title=\"detailSingleImage\" render=\"true\" class=\"J_module\"><div class=\"icbu-pc-images magic-0\"><div><div class=\"flex-layout-v\"><div class=\"flex-layout-h magic-0\"><div class=\"magic-13\"><img src=\"https:\/\/qgsgroup.com\/wp-content\/uploads\/aliexpress\/hea1474d1449e48738f187618f545d275w.jpg\" class=\"magic-14\"\/><\/div><\/div><\/div><\/div><\/div><\/div><\/p>\n<p>      <div module-id=\"34029148505\" module-title=\"detailSingleImage\" render=\"true\" class=\"J_module\"><div class=\"icbu-pc-images magic-0\"><div><div class=\"flex-layout-v\"><div class=\"flex-layout-h magic-0\"><div class=\"magic-15\"><img src=\"https:\/\/qgsgroup.com\/wp-content\/uploads\/aliexpress\/h7980e415ddab43d7918a50f6d1e84b88s.jpg\" class=\"magic-16\"\/><\/div><\/div><\/div><\/div><\/div><\/div><\/p>\n<p><\/DIV><\/p>","protected":false},"excerpt":{"rendered":"<p>Key attributes Industry-specific attributes Use Home Decoration Other attributes Place of Origin Zhejiang, China Model Number RA-C058 Type Curtain Accessories Occasion Christmas Type Curtain Poles, Tracks &#038; Accessories Material crystal Color AB,AC,golden,silver,black,white,etc&#8230; Size Diameter:19mm, 28mm Delivery time 25-30days Product Name Curtain Finials MOQ 100PCS Keywords Curtain Accessoreis Use Home. Hotel. Hospital. Cafe. Office.ect Packaging and delivery Packaging Details OPP, PVC Port Ningbo, Shanghai Supply Ability Supply Ability 100000 Piece\/Pieces per Month Customization Customized logo Min. order:500 Customized packaging Min. order:500 Graphic customization Min. order:500 Products Description MaterialAluminumSizeDiameter:19mm, 28mmColorAB, AC, golden, silver, black, white, etc&#8230;MOQ500 SetsPackageOPP, PVCPackageCarton<\/p>","protected":false},"featured_media":6231,"template":"","meta":{"site-sidebar-layout":"default","site-content-layout":"","ast-site-content-layout":"","site-content-style":"default","site-sidebar-style":"default","ast-global-header-display":"","ast-banner-title-visibility":"","ast-main-header-display":"","ast-hfb-above-header-display":"","ast-hfb-below-header-display":"","ast-hfb-mobile-header-display":"","site-post-title":"","ast-breadcrumbs-content":"","ast-featured-img":"","footer-sml-layout":"","theme-transparent-header-meta":"","adv-header-id-meta":"","stick-header-meta":"","header-above-stick-meta":"","header-main-stick-meta":"","header-below-stick-meta":"","astra-migrate-meta-layouts":"default","ast-page-background-enabled":"default","ast-page-background-meta":{"desktop":{"background-color":"","background-image":"","background-repeat":"repeat","background-position":"center center","background-size":"auto","background-attachment":"scroll","background-type":"","background-media":"","overlay-type":"","overlay-color":"","overlay-opacity":"","overlay-gradient":""},"tablet":{"background-color":"","background-image":"","background-repeat":"repeat","background-position":"center center","background-size":"auto","background-attachment":"scroll","background-type":"","background-media":"","overlay-type":"","overlay-color":"","overlay-opacity":"","overlay-gradient":""},"mobile":{"background-color":"","background-image":"","background-repeat":"repeat","background-position":"center center","background-size":"auto","background-attachment":"scroll","background-type":"","background-media":"","overlay-type":"","overlay-color":"","overlay-opacity":"","overlay-gradient":""}},"ast-content-background-meta":{"desktop":{"background-color":"var(--ast-global-color-5)","background-image":"","background-repeat":"repeat","background-position":"center center","background-size":"auto","background-attachment":"scroll","background-type":"","background-media":"","overlay-type":"","overlay-color":"","overlay-opacity":"","overlay-gradient":""},"tablet":{"background-color":"var(--ast-global-color-5)","background-image":"","background-repeat":"repeat","background-position":"center center","background-size":"auto","background-attachment":"scroll","background-type":"","background-media":"","overlay-type":"","overlay-color":"","overlay-opacity":"","overlay-gradient":""},"mobile":{"background-color":"var(--ast-global-color-5)","background-image":"","background-repeat":"repeat","background-position":"center center","background-size":"auto","background-attachment":"scroll","background-type":"","background-media":"","overlay-type":"","overlay-color":"","overlay-opacity":"","overlay-gradient":""}}},"product_brand":[],"product_cat":[74],"product_tag":[],"class_list":{"0":"post-6232","1":"product","2":"type-product","3":"status-publish","4":"has-post-thumbnail","6":"product_cat-curtain-finials","7":"desktop-align-left","8":"tablet-align-left","9":"mobile-align-left","11":"first","12":"instock","13":"shipping-taxable","14":"product-type-simple"},"yoast_head":"<!-- This site is optimized with the Yoast SEO plugin v27.4 - https:\/\/yoast.com\/product\/yoast-seo-wordpress\/ -->\n<title>Hot sell crystal curtain finials glass curtain rod accessories glass curtain rods finials - Q.G.S<\/title>\n<meta name=\"robots\" content=\"index, follow, max-snippet:-1, max-image-preview:large, max-video-preview:-1\" \/>\n<link rel=\"canonical\" href=\"https:\/\/qgsgroup.com\/tr\/urun\/hot-sell-crystal-curtain-finials-glass-curtain-rod-accessories-glass-curtain-rods-finials\/\" \/>\n<meta property=\"og:locale\" content=\"tr_TR\" \/>\n<meta property=\"og:type\" content=\"article\" \/>\n<meta property=\"og:title\" content=\"Hot sell crystal curtain finials glass curtain rod accessories glass curtain rods finials - Q.G.S\" \/>\n<meta property=\"og:description\" content=\"Key attributes Industry-specific attributes Use Home Decoration Other attributes Place of Origin Zhejiang, China Model Number RA-C058 Type Curtain Accessories Occasion Christmas Type Curtain Poles, Tracks &#038; Accessories Material crystal Color AB,AC,golden,silver,black,white,etc&#8230; Size Diameter:19mm, 28mm Delivery time 25-30days Product Name Curtain Finials MOQ 100PCS Keywords Curtain Accessoreis Use Home. Hotel. Hospital. Cafe. Office.ect Packaging and delivery Packaging Details OPP, PVC Port Ningbo, Shanghai Supply Ability Supply Ability 100000 Piece\/Pieces per Month Customization Customized logo Min. order:500 Customized packaging Min. order:500 Graphic customization Min. order:500 Products Description MaterialAluminumSizeDiameter:19mm, 28mmColorAB, AC, golden, silver, black, white, etc&#8230;MOQ500 SetsPackageOPP, PVCPackageCarton\" \/>\n<meta property=\"og:url\" content=\"https:\/\/qgsgroup.com\/tr\/urun\/hot-sell-crystal-curtain-finials-glass-curtain-rod-accessories-glass-curtain-rods-finials\/\" \/>\n<meta property=\"og:site_name\" content=\"Q.G.S\" \/>\n<meta property=\"article:modified_time\" content=\"2024-03-31T01:32:06+00:00\" \/>\n<meta property=\"og:image\" content=\"https:\/\/qgsgroup.com\/wp-content\/uploads\/2024\/03\/h014f403e303240bdb0abe47ef8770718d-scaled.jpg\" \/>\n\t<meta property=\"og:image:width\" content=\"2560\" \/>\n\t<meta property=\"og:image:height\" content=\"2560\" \/>\n\t<meta property=\"og:image:type\" content=\"image\/jpeg\" \/>\n<meta name=\"twitter:card\" content=\"summary_large_image\" \/>\n<script type=\"application\/ld+json\" class=\"yoast-schema-graph\">{\"@context\":\"https:\\\/\\\/schema.org\",\"@graph\":[{\"@type\":\"WebPage\",\"@id\":\"https:\\\/\\\/qgsgroup.com\\\/product\\\/hot-sell-crystal-curtain-finials-glass-curtain-rod-accessories-glass-curtain-rods-finials\\\/\",\"url\":\"https:\\\/\\\/qgsgroup.com\\\/product\\\/hot-sell-crystal-curtain-finials-glass-curtain-rod-accessories-glass-curtain-rods-finials\\\/\",\"name\":\"Hot sell crystal curtain finials glass curtain rod accessories glass curtain rods finials - Q.G.S\",\"isPartOf\":{\"@id\":\"https:\\\/\\\/rebornbusiness.com\\\/#website\"},\"primaryImageOfPage\":{\"@id\":\"https:\\\/\\\/qgsgroup.com\\\/product\\\/hot-sell-crystal-curtain-finials-glass-curtain-rod-accessories-glass-curtain-rods-finials\\\/#primaryimage\"},\"image\":{\"@id\":\"https:\\\/\\\/qgsgroup.com\\\/product\\\/hot-sell-crystal-curtain-finials-glass-curtain-rod-accessories-glass-curtain-rods-finials\\\/#primaryimage\"},\"thumbnailUrl\":\"https:\\\/\\\/qgsgroup.com\\\/wp-content\\\/uploads\\\/2024\\\/03\\\/h014f403e303240bdb0abe47ef8770718d-scaled.jpg\",\"datePublished\":\"2024-03-31T01:30:14+00:00\",\"dateModified\":\"2024-03-31T01:32:06+00:00\",\"breadcrumb\":{\"@id\":\"https:\\\/\\\/qgsgroup.com\\\/product\\\/hot-sell-crystal-curtain-finials-glass-curtain-rod-accessories-glass-curtain-rods-finials\\\/#breadcrumb\"},\"inLanguage\":\"tr\",\"potentialAction\":[{\"@type\":\"ReadAction\",\"target\":[\"https:\\\/\\\/qgsgroup.com\\\/product\\\/hot-sell-crystal-curtain-finials-glass-curtain-rod-accessories-glass-curtain-rods-finials\\\/\"]}]},{\"@type\":\"ImageObject\",\"inLanguage\":\"tr\",\"@id\":\"https:\\\/\\\/qgsgroup.com\\\/product\\\/hot-sell-crystal-curtain-finials-glass-curtain-rod-accessories-glass-curtain-rods-finials\\\/#primaryimage\",\"url\":\"https:\\\/\\\/qgsgroup.com\\\/wp-content\\\/uploads\\\/2024\\\/03\\\/h014f403e303240bdb0abe47ef8770718d-scaled.jpg\",\"contentUrl\":\"https:\\\/\\\/qgsgroup.com\\\/wp-content\\\/uploads\\\/2024\\\/03\\\/h014f403e303240bdb0abe47ef8770718d-scaled.jpg\",\"width\":2560,\"height\":2560},{\"@type\":\"BreadcrumbList\",\"@id\":\"https:\\\/\\\/qgsgroup.com\\\/product\\\/hot-sell-crystal-curtain-finials-glass-curtain-rod-accessories-glass-curtain-rods-finials\\\/#breadcrumb\",\"itemListElement\":[{\"@type\":\"ListItem\",\"position\":1,\"name\":\"Home\",\"item\":\"https:\\\/\\\/qgsgroup.com\\\/\"},{\"@type\":\"ListItem\",\"position\":2,\"name\":\"Products\",\"item\":\"https:\\\/\\\/qgsgroup.com\\\/products\\\/\"},{\"@type\":\"ListItem\",\"position\":3,\"name\":\"Hot sell crystal curtain finials glass curtain rod accessories glass curtain rods finials\"}]},{\"@type\":\"WebSite\",\"@id\":\"https:\\\/\\\/rebornbusiness.com\\\/#website\",\"url\":\"https:\\\/\\\/rebornbusiness.com\\\/\",\"name\":\"Q.G.S\",\"description\":\"Q.G.S group company\",\"publisher\":{\"@id\":\"https:\\\/\\\/rebornbusiness.com\\\/#organization\"},\"potentialAction\":[{\"@type\":\"SearchAction\",\"target\":{\"@type\":\"EntryPoint\",\"urlTemplate\":\"https:\\\/\\\/rebornbusiness.com\\\/?s={search_term_string}\"},\"query-input\":{\"@type\":\"PropertyValueSpecification\",\"valueRequired\":true,\"valueName\":\"search_term_string\"}}],\"inLanguage\":\"tr\"},{\"@type\":\"Organization\",\"@id\":\"https:\\\/\\\/rebornbusiness.com\\\/#organization\",\"name\":\"Q.G.S\",\"url\":\"https:\\\/\\\/rebornbusiness.com\\\/\",\"logo\":{\"@type\":\"ImageObject\",\"inLanguage\":\"tr\",\"@id\":\"https:\\\/\\\/rebornbusiness.com\\\/#\\\/schema\\\/logo\\\/image\\\/\",\"url\":\"https:\\\/\\\/qgsgroup.com\\\/wp-content\\\/uploads\\\/2024\\\/03\\\/logo-electric-tools.png\",\"contentUrl\":\"https:\\\/\\\/qgsgroup.com\\\/wp-content\\\/uploads\\\/2024\\\/03\\\/logo-electric-tools.png\",\"width\":11090,\"height\":2459,\"caption\":\"Q.G.S\"},\"image\":{\"@id\":\"https:\\\/\\\/rebornbusiness.com\\\/#\\\/schema\\\/logo\\\/image\\\/\"}}]}<\/script>\n<!-- \/ Yoast SEO plugin. -->","yoast_head_json":{"title":"Hot sell crystal curtain finials glass curtain rod accessories glass curtain rods finials - Q.G.S","robots":{"index":"index","follow":"follow","max-snippet":"max-snippet:-1","max-image-preview":"max-image-preview:large","max-video-preview":"max-video-preview:-1"},"canonical":"https:\/\/qgsgroup.com\/tr\/urun\/hot-sell-crystal-curtain-finials-glass-curtain-rod-accessories-glass-curtain-rods-finials\/","og_locale":"tr_TR","og_type":"article","og_title":"Hot sell crystal curtain finials glass curtain rod accessories glass curtain rods finials - Q.G.S","og_description":"Key attributes Industry-specific attributes Use Home Decoration Other attributes Place of Origin Zhejiang, China Model Number RA-C058 Type Curtain Accessories Occasion Christmas Type Curtain Poles, Tracks &#038; Accessories Material crystal Color AB,AC,golden,silver,black,white,etc&#8230; Size Diameter:19mm, 28mm Delivery time 25-30days Product Name Curtain Finials MOQ 100PCS Keywords Curtain Accessoreis Use Home. Hotel. Hospital. Cafe. Office.ect Packaging and delivery Packaging Details OPP, PVC Port Ningbo, Shanghai Supply Ability Supply Ability 100000 Piece\/Pieces per Month Customization Customized logo Min. order:500 Customized packaging Min. order:500 Graphic customization Min. order:500 Products Description MaterialAluminumSizeDiameter:19mm, 28mmColorAB, AC, golden, silver, black, white, etc&#8230;MOQ500 SetsPackageOPP, PVCPackageCarton","og_url":"https:\/\/qgsgroup.com\/tr\/urun\/hot-sell-crystal-curtain-finials-glass-curtain-rod-accessories-glass-curtain-rods-finials\/","og_site_name":"Q.G.S","article_modified_time":"2024-03-31T01:32:06+00:00","og_image":[{"width":2560,"height":2560,"url":"https:\/\/qgsgroup.com\/wp-content\/uploads\/2024\/03\/h014f403e303240bdb0abe47ef8770718d-scaled.jpg","type":"image\/jpeg"}],"twitter_card":"summary_large_image","schema":{"@context":"https:\/\/schema.org","@graph":[{"@type":"WebPage","@id":"https:\/\/qgsgroup.com\/product\/hot-sell-crystal-curtain-finials-glass-curtain-rod-accessories-glass-curtain-rods-finials\/","url":"https:\/\/qgsgroup.com\/product\/hot-sell-crystal-curtain-finials-glass-curtain-rod-accessories-glass-curtain-rods-finials\/","name":"Hot sell crystal curtain finials glass curtain rod accessories glass curtain rods finials - Q.G.S","isPartOf":{"@id":"https:\/\/rebornbusiness.com\/#website"},"primaryImageOfPage":{"@id":"https:\/\/qgsgroup.com\/product\/hot-sell-crystal-curtain-finials-glass-curtain-rod-accessories-glass-curtain-rods-finials\/#primaryimage"},"image":{"@id":"https:\/\/qgsgroup.com\/product\/hot-sell-crystal-curtain-finials-glass-curtain-rod-accessories-glass-curtain-rods-finials\/#primaryimage"},"thumbnailUrl":"https:\/\/qgsgroup.com\/wp-content\/uploads\/2024\/03\/h014f403e303240bdb0abe47ef8770718d-scaled.jpg","datePublished":"2024-03-31T01:30:14+00:00","dateModified":"2024-03-31T01:32:06+00:00","breadcrumb":{"@id":"https:\/\/qgsgroup.com\/product\/hot-sell-crystal-curtain-finials-glass-curtain-rod-accessories-glass-curtain-rods-finials\/#breadcrumb"},"inLanguage":"tr","potentialAction":[{"@type":"ReadAction","target":["https:\/\/qgsgroup.com\/product\/hot-sell-crystal-curtain-finials-glass-curtain-rod-accessories-glass-curtain-rods-finials\/"]}]},{"@type":"ImageObject","inLanguage":"tr","@id":"https:\/\/qgsgroup.com\/product\/hot-sell-crystal-curtain-finials-glass-curtain-rod-accessories-glass-curtain-rods-finials\/#primaryimage","url":"https:\/\/qgsgroup.com\/wp-content\/uploads\/2024\/03\/h014f403e303240bdb0abe47ef8770718d-scaled.jpg","contentUrl":"https:\/\/qgsgroup.com\/wp-content\/uploads\/2024\/03\/h014f403e303240bdb0abe47ef8770718d-scaled.jpg","width":2560,"height":2560},{"@type":"BreadcrumbList","@id":"https:\/\/qgsgroup.com\/product\/hot-sell-crystal-curtain-finials-glass-curtain-rod-accessories-glass-curtain-rods-finials\/#breadcrumb","itemListElement":[{"@type":"ListItem","position":1,"name":"Home","item":"https:\/\/qgsgroup.com\/"},{"@type":"ListItem","position":2,"name":"Products","item":"https:\/\/qgsgroup.com\/products\/"},{"@type":"ListItem","position":3,"name":"Hot sell crystal curtain finials glass curtain rod accessories glass curtain rods finials"}]},{"@type":"WebSite","@id":"https:\/\/rebornbusiness.com\/#website","url":"https:\/\/rebornbusiness.com\/","name":"Q.G.S","description":"Q.G.S group company","publisher":{"@id":"https:\/\/rebornbusiness.com\/#organization"},"potentialAction":[{"@type":"SearchAction","target":{"@type":"EntryPoint","urlTemplate":"https:\/\/rebornbusiness.com\/?s={search_term_string}"},"query-input":{"@type":"PropertyValueSpecification","valueRequired":true,"valueName":"search_term_string"}}],"inLanguage":"tr"},{"@type":"Organization","@id":"https:\/\/rebornbusiness.com\/#organization","name":"Q.G.S","url":"https:\/\/rebornbusiness.com\/","logo":{"@type":"ImageObject","inLanguage":"tr","@id":"https:\/\/rebornbusiness.com\/#\/schema\/logo\/image\/","url":"https:\/\/qgsgroup.com\/wp-content\/uploads\/2024\/03\/logo-electric-tools.png","contentUrl":"https:\/\/qgsgroup.com\/wp-content\/uploads\/2024\/03\/logo-electric-tools.png","width":11090,"height":2459,"caption":"Q.G.S"},"image":{"@id":"https:\/\/rebornbusiness.com\/#\/schema\/logo\/image\/"}}]}},"_links":{"self":[{"href":"https:\/\/qgsgroup.com\/tr\/wp-json\/wp\/v2\/product\/6232","targetHints":{"allow":["GET"]}}],"collection":[{"href":"https:\/\/qgsgroup.com\/tr\/wp-json\/wp\/v2\/product"}],"about":[{"href":"https:\/\/qgsgroup.com\/tr\/wp-json\/wp\/v2\/types\/product"}],"wp:featuredmedia":[{"embeddable":true,"href":"https:\/\/qgsgroup.com\/tr\/wp-json\/wp\/v2\/media\/6231"}],"wp:attachment":[{"href":"https:\/\/qgsgroup.com\/tr\/wp-json\/wp\/v2\/media?parent=6232"}],"wp:term":[{"taxonomy":"product_brand","embeddable":true,"href":"https:\/\/qgsgroup.com\/tr\/wp-json\/wp\/v2\/product_brand?post=6232"},{"taxonomy":"product_cat","embeddable":true,"href":"https:\/\/qgsgroup.com\/tr\/wp-json\/wp\/v2\/product_cat?post=6232"},{"taxonomy":"product_tag","embeddable":true,"href":"https:\/\/qgsgroup.com\/tr\/wp-json\/wp\/v2\/product_tag?post=6232"}],"curies":[{"name":"wp","href":"https:\/\/api.w.org\/{rel}","templated":true}]}}