{"id":6351,"date":"2024-03-31T02:15:44","date_gmt":"2024-03-31T02:15:44","guid":{"rendered":"https:\/\/qgsgroup.com\/products\/wholesale-smart-home-motorized-curtain-accessories-t5-electric-curtain-belt-built-in-molybdenum-alloy-steel-wire\/"},"modified":"2024-03-31T02:15:50","modified_gmt":"2024-03-31T02:15:50","slug":"wholesale-smart-home-motorized-curtain-accessories-t5-electric-curtain-belt-built-in-molybdenum-alloy-steel-wire","status":"publish","type":"product","link":"https:\/\/qgsgroup.com\/tr\/urun\/wholesale-smart-home-motorized-curtain-accessories-t5-electric-curtain-belt-built-in-molybdenum-alloy-steel-wire\/","title":{"rendered":"Wholesale smart home motorized curtain accessories T5 electric curtain belt Built-in Molybdenum alloy steel wire"},"content":{"rendered":"<div class=\"product-key-attributes\">\n<h3>Anahtar nitelikler<\/h3>\n<h4>Sekt\u00f6re \u00f6zg\u00fc \u00f6zellikler<\/h4>\n<ul>\n<li><label>Tasar\u0131m Stili<\/label>\n<div>Eklektik<\/div>\n<\/li>\n<\/ul>\n<h4>Di\u011fer \u00f6zellikler<\/h4>\n<ul>\n<li><label>Anavatan<\/label>\n<div>Zhejiang, \u00c7in<\/div>\n<\/li>\n<li><label>Tip<\/label>\n<div>Bekar<\/div>\n<\/li>\n<li><label>Marka ad\u0131<\/label>\n<div>JOREVEN<\/div>\n<\/li>\n<li><label>Model numaras\u0131<\/label>\n<div>T5<\/div>\n<\/li>\n<li><label>Perde Direkleri, Raylar\u0131 ve Aksesuarlar\u0131 T\u00fcr\u00fc<\/label>\n<div>Perde Aksesuarlar\u0131<\/div>\n<\/li>\n<li><label>Malzeme<\/label>\n<div>PU+steel wire<\/div>\n<\/li>\n<li><label>uzunluk<\/label>\n<div>100, 500<\/div>\n<\/li>\n<li><label>\u00dcr\u00fcn ad\u0131<\/label>\n<div>motorized curtain belt<\/div>\n<\/li>\n<li><label>Boyut<\/label>\n<div>10.5mm \/ 11.5mm<\/div>\n<\/li>\n<li><label>Paketleme<\/label>\n<div>100 m\/roll or 500m\/roll<\/div>\n<\/li>\n<li><label>OEM\/ODM<\/label>\n<div>Warm  Welcomed<\/div>\n<\/li>\n<\/ul>\n<h4>Paketleme ve teslimat<\/h4>\n<ul>\n<li><label>paketleme Detaylar\u0131<\/label>\n<div>100 m\/roll, 10 roll\/ctn<\/div>\n<\/li>\n<li><label>Liman<\/label>\n<div>Ningbo<\/div>\n<\/li>\n<\/ul>\n<h4>Tedarik Yetene\u011fi<\/h4>\n<ul>\n<li><label>Tedarik Yetene\u011fi<\/label>\n<div>100000 Meter\/Meters per   Week<\/div>\n<\/li>\n<\/ul>\n<\/div>\n<div class=\"product-customization\">\n<h3>\u00d6zelle\u015ftirme<\/h3>\n<div>\n<div>\n<p>\u00d6zelle\u015ftirilmi\u015f logo<\/p>\n<p><label>Min. emir:<\/label>200000<\/p>\n<\/div>\n<div>\n<p>\u00d6zelle\u015ftirilmi\u015f ambalaj<\/p>\n<p><label>Min. emir:<\/label>200000<\/p>\n<\/div>\n<\/div>\n<\/div>\n<p><div data-magic-global=\"%7B%22bizId%22%3A3210435406%2C%22pageId%22%3A21310792577%2C%22siteId%22%3A5005373107%7D\" id=\"detail_decorate_root\"><br \/>\n      <div module-id=\"36233545155\" module-title=\"detailProductNavigation\" render=\"true\" class=\"J_module\"><div id=\"ali-anchor-AliMagic-jwxxr1\" data-section=\"AliMagic-jwxxr1\" data-section-title=\"Product Description\" class=\"magic-0\">\u00dcr\u00fcn A\u00e7\u0131klamas\u0131<\/div><\/div><\/p>\n<p>      <div module-id=\"36233545156\" module-title=\"detailManyImage\" render=\"true\" class=\"J_module\"><div class=\"icbu-pc-detailManyImage magic-1\"><div class=\"magic-2\"><img src=\"https:\/\/qgsgroup.com\/wp-content\/uploads\/aliexpress\/ha8502cd338ab4d37839c3bfc4d28ba2dq.jpg\" class=\"magic-3\"\/><\/div><div class=\"magic-2\"><img src=\"https:\/\/qgsgroup.com\/wp-content\/uploads\/aliexpress\/h2886534e306d4775b8913b40702e26ae9.jpg\" class=\"magic-3\"\/><\/div><div class=\"magic-2\"><img src=\"https:\/\/qgsgroup.com\/wp-content\/uploads\/aliexpress\/h84555e89342b4356b4864a635933d0abx.jpg\" class=\"magic-3\"\/><\/div><div class=\"magic-2\"><img src=\"https:\/\/qgsgroup.com\/wp-content\/uploads\/aliexpress\/h70f7b3416a0546ccb305757cb6a92144v.jpg\" class=\"magic-3\"\/><\/div><\/div><\/div><\/p>\n<p>      <div module-id=\"36233545157\" module-title=\"detailProductNavigation\" render=\"true\" class=\"J_module\"><div id=\"ali-anchor-AliMagic-ksiaqm\" data-section=\"AliMagic-ksiaqm\" data-section-title=\"Specification\" class=\"magic-0\">Specification<\/div><\/div><\/p>\n<p>      <div module-id=\"36233545158\" module-title=\"detailTableHorizontal\" render=\"true\" class=\"J_module\"><div class=\"ife-detail-decorate-table\"><table class=\"has-title all magic-4\"><tbody><tr><td colspan=\"1\" rowspan=\"1\"><div class=\"magic-5\">item<\/div><\/td><td colspan=\"1\" rowspan=\"1\"><div class=\"magic-6\">value<\/div><\/td><\/tr><tr><td colspan=\"1\" rowspan=\"1\"><div class=\"magic-5\">Tip<\/div><\/td><td colspan=\"1\" rowspan=\"1\"><div class=\"magic-6\">Bekar<\/div><\/td><\/tr><tr><td colspan=\"1\" rowspan=\"1\"><div class=\"magic-5\">Tasar\u0131m Stili<\/div><\/td><td colspan=\"1\" rowspan=\"1\"><div class=\"magic-6\">Eklektik<\/div><\/td><\/tr><tr><td colspan=\"1\" rowspan=\"1\"><div class=\"magic-5\">Anavatan<\/div><\/td><td colspan=\"1\" rowspan=\"1\"><div class=\"magic-6\">\u00c7in<\/div><\/td><\/tr><tr><td colspan=\"1\" rowspan=\"1\"><div class=\"magic-5\"><\/div><\/td><td colspan=\"1\" rowspan=\"1\"><div class=\"magic-6\">Zhejiang<\/div><\/td><\/tr><tr><td colspan=\"1\" rowspan=\"1\"><div class=\"magic-5\">Marka ad\u0131<\/div><\/td><td colspan=\"1\" rowspan=\"1\"><div class=\"magic-6\">JOREVEN<\/div><\/td><\/tr><tr><td colspan=\"1\" rowspan=\"1\"><div class=\"magic-5\">Model numaras\u0131<\/div><\/td><td colspan=\"1\" rowspan=\"1\"><div class=\"magic-6\">T5<\/div><\/td><\/tr><tr><td colspan=\"1\" rowspan=\"1\"><div class=\"magic-5\">Curtain Poles, Tracks &amp; Accessories Type<\/div><\/td><td colspan=\"1\" rowspan=\"1\"><div class=\"magic-6\">Perde Aksesuarlar\u0131<\/div><\/td><\/tr><tr><td colspan=\"1\" rowspan=\"1\"><div class=\"magic-5\">Malzeme<\/div><\/td><td colspan=\"1\" rowspan=\"1\"><div class=\"magic-6\">PU+steel wire<\/div><\/td><\/tr><tr><td colspan=\"1\" rowspan=\"1\"><div class=\"magic-5\">uzunluk<\/div><\/td><td colspan=\"1\" rowspan=\"1\"><div class=\"magic-6\">100, 500<\/div><\/td><\/tr><tr><td colspan=\"1\" rowspan=\"1\"><div class=\"magic-5\">\u00dcr\u00fcn ad\u0131<\/div><\/td><td colspan=\"1\" rowspan=\"1\"><div class=\"magic-6\">motorized curtain belt<\/div><\/td><\/tr><tr><td colspan=\"1\" rowspan=\"1\"><div class=\"magic-5\">Boyut<\/div><\/td><td colspan=\"1\" rowspan=\"1\"><div class=\"magic-6\">10.5mm \/ 11.5mm<\/div><\/td><\/tr><tr><td colspan=\"1\" rowspan=\"1\"><div class=\"magic-5\">Paketleme<\/div><\/td><td colspan=\"1\" rowspan=\"1\"><div class=\"magic-6\">100 m\/roll or 500m\/roll<\/div><\/td><\/tr><tr><td colspan=\"1\" rowspan=\"1\"><div class=\"magic-5\">OEM\/ODM<\/div><\/td><td colspan=\"1\" rowspan=\"1\"><div class=\"magic-6\">Warm  Welcomed<\/div><\/td><\/tr><\/tbody><\/table><\/div><\/div><\/p>\n<p>      <div module-id=\"36233545159\" module-title=\"detailProductNavigation\" render=\"true\" class=\"J_module\"><div id=\"ali-anchor-AliMagic-xxv129\" data-section=\"AliMagic-xxv129\" data-section-title=\"Packing &#038; Delivery\" class=\"magic-0\">Packing &amp; Delivery<\/div><\/div><\/p>\n<p>      <div module-id=\"36233545160\" module-title=\"detailTwoImages\" render=\"true\" class=\"J_module\"><div class=\"icbu-pc-images magic-7\"><div><div class=\"flex-layout-v\"><div class=\"flex-layout-h magic-7\"><div class=\"magic-8\"><img src=\"https:\/\/qgsgroup.com\/wp-content\/uploads\/aliexpress\/h86ddda1834794fec9940cd478b5b1daft.jpg\" class=\"magic-9\"\/><\/div><div class=\"magic-10\"><img src=\"https:\/\/qgsgroup.com\/wp-content\/uploads\/aliexpress\/h148b25b5e60b48429b9116dbeea8f72ek.jpg\" class=\"magic-9\"\/><\/div><\/div><\/div><\/div><\/div><\/div><\/p>\n<p>      <div module-id=\"36233545161\" module-title=\"detailTextContent\" render=\"true\" class=\"J_module\"><div class=\"detail-decorate-json-renderer-container\"><div class=\"magic-11\"><div class=\"magic-12\"><div class=\"magic-13\"><div class=\"magic-14\">To better ensure the safety of your goods, professional, environmentally friendly, convenient and efficient packaging services will be provided.<\/div><\/div><\/div><\/div><\/div><\/div><\/p>\n<p><\/DIV><\/p>","protected":false},"excerpt":{"rendered":"<p>Key attributes Industry-specific attributes Design Style Eclectic Other attributes Place of Origin Zhejiang, China Type Single Brand Name JOREVEN Model Number T5 Curtain Poles, Tracks &#038; Accessories Type Curtain Accessories Material PU+steel wire length 100, 500 Product Name motorized curtain belt Size 10.5mm \/ 11.5mm Packing 100 m\/roll or 500m\/roll OEM\/ODM Warm Welcomed Packaging and delivery Packaging Details 100 m\/roll, 10 roll\/ctn Port Ningbo Supply Ability Supply Ability 100000 Meter\/Meters per Week Customization Customized logo Min. order:200000 Customized packaging Min. order:200000 Product Description Specification itemvalueTypeSingleDesign StyleEclecticPlace of OriginChinaZhejiangBrand NameJOREVENModel NumberT5Curtain Poles, Tracks &amp; Accessories TypeCurtain AccessoriesMaterialPU+steel wirelength100, 500Product Namemotorized curtain beltSize10.5mm \/ 11.5mmPacking100 m\/roll or 500m\/rollOEM\/ODMWarm Welcomed Packing &amp; Delivery To better ensure the safety of your goods, professional, environmentally friendly, convenient and efficient packaging services will be provided.<\/p>","protected":false},"featured_media":4331,"template":"","meta":{"site-sidebar-layout":"default","site-content-layout":"","ast-site-content-layout":"","site-content-style":"default","site-sidebar-style":"default","ast-global-header-display":"","ast-banner-title-visibility":"","ast-main-header-display":"","ast-hfb-above-header-display":"","ast-hfb-below-header-display":"","ast-hfb-mobile-header-display":"","site-post-title":"","ast-breadcrumbs-content":"","ast-featured-img":"","footer-sml-layout":"","theme-transparent-header-meta":"","adv-header-id-meta":"","stick-header-meta":"","header-above-stick-meta":"","header-main-stick-meta":"","header-below-stick-meta":"","astra-migrate-meta-layouts":"default","ast-page-background-enabled":"default","ast-page-background-meta":{"desktop":{"background-color":"","background-image":"","background-repeat":"repeat","background-position":"center center","background-size":"auto","background-attachment":"scroll","background-type":"","background-media":"","overlay-type":"","overlay-color":"","overlay-opacity":"","overlay-gradient":""},"tablet":{"background-color":"","background-image":"","background-repeat":"repeat","background-position":"center center","background-size":"auto","background-attachment":"scroll","background-type":"","background-media":"","overlay-type":"","overlay-color":"","overlay-opacity":"","overlay-gradient":""},"mobile":{"background-color":"","background-image":"","background-repeat":"repeat","background-position":"center center","background-size":"auto","background-attachment":"scroll","background-type":"","background-media":"","overlay-type":"","overlay-color":"","overlay-opacity":"","overlay-gradient":""}},"ast-content-background-meta":{"desktop":{"background-color":"var(--ast-global-color-5)","background-image":"","background-repeat":"repeat","background-position":"center center","background-size":"auto","background-attachment":"scroll","background-type":"","background-media":"","overlay-type":"","overlay-color":"","overlay-opacity":"","overlay-gradient":""},"tablet":{"background-color":"var(--ast-global-color-5)","background-image":"","background-repeat":"repeat","background-position":"center center","background-size":"auto","background-attachment":"scroll","background-type":"","background-media":"","overlay-type":"","overlay-color":"","overlay-opacity":"","overlay-gradient":""},"mobile":{"background-color":"var(--ast-global-color-5)","background-image":"","background-repeat":"repeat","background-position":"center center","background-size":"auto","background-attachment":"scroll","background-type":"","background-media":"","overlay-type":"","overlay-color":"","overlay-opacity":"","overlay-gradient":""}}},"product_brand":[],"product_cat":[78],"product_tag":[],"class_list":{"0":"post-6351","1":"product","2":"type-product","3":"status-publish","4":"has-post-thumbnail","6":"product_cat-electric-curtain-tracks","7":"desktop-align-left","8":"tablet-align-left","9":"mobile-align-left","11":"first","12":"instock","13":"shipping-taxable","14":"product-type-simple"},"yoast_head":"<!-- This site is optimized with the Yoast SEO plugin v27.4 - https:\/\/yoast.com\/product\/yoast-seo-wordpress\/ -->\n<title>Wholesale smart home motorized curtain accessories T5 electric curtain belt Built-in Molybdenum alloy steel wire - Q.G.S<\/title>\n<meta name=\"robots\" content=\"index, follow, max-snippet:-1, max-image-preview:large, max-video-preview:-1\" \/>\n<link rel=\"canonical\" href=\"https:\/\/qgsgroup.com\/tr\/urun\/wholesale-smart-home-motorized-curtain-accessories-t5-electric-curtain-belt-built-in-molybdenum-alloy-steel-wire\/\" \/>\n<meta property=\"og:locale\" content=\"tr_TR\" \/>\n<meta property=\"og:type\" content=\"article\" \/>\n<meta property=\"og:title\" content=\"Wholesale smart home motorized curtain accessories T5 electric curtain belt Built-in Molybdenum alloy steel wire - Q.G.S\" \/>\n<meta property=\"og:description\" content=\"Key attributes Industry-specific attributes Design Style Eclectic Other attributes Place of Origin Zhejiang, China Type Single Brand Name JOREVEN Model Number T5 Curtain Poles, Tracks &#038; Accessories Type Curtain Accessories Material PU+steel wire length 100, 500 Product Name motorized curtain belt Size 10.5mm \/ 11.5mm Packing 100 m\/roll or 500m\/roll OEM\/ODM Warm Welcomed Packaging and delivery Packaging Details 100 m\/roll, 10 roll\/ctn Port Ningbo Supply Ability Supply Ability 100000 Meter\/Meters per Week Customization Customized logo Min. order:200000 Customized packaging Min. order:200000 Product Description Specification itemvalueTypeSingleDesign StyleEclecticPlace of OriginChinaZhejiangBrand NameJOREVENModel NumberT5Curtain Poles, Tracks &amp; Accessories TypeCurtain AccessoriesMaterialPU+steel wirelength100, 500Product Namemotorized curtain beltSize10.5mm \/ 11.5mmPacking100 m\/roll or 500m\/rollOEM\/ODMWarm Welcomed Packing &amp; Delivery To better ensure the safety of your goods, professional, environmentally friendly, convenient and efficient packaging services will be provided.\" \/>\n<meta property=\"og:url\" content=\"https:\/\/qgsgroup.com\/tr\/urun\/wholesale-smart-home-motorized-curtain-accessories-t5-electric-curtain-belt-built-in-molybdenum-alloy-steel-wire\/\" \/>\n<meta property=\"og:site_name\" content=\"Q.G.S\" \/>\n<meta property=\"article:modified_time\" content=\"2024-03-31T02:15:50+00:00\" \/>\n<meta property=\"og:image\" content=\"https:\/\/qgsgroup.com\/wp-content\/uploads\/aliexpress\/h7113a939a8a64cefa95ebdcf91ea9e8ay.jpg\" \/>\n\t<meta property=\"og:image:width\" content=\"900\" \/>\n\t<meta property=\"og:image:height\" content=\"900\" \/>\n\t<meta property=\"og:image:type\" content=\"image\/jpeg\" \/>\n<meta name=\"twitter:card\" content=\"summary_large_image\" \/>\n<meta name=\"twitter:label1\" content=\"Tahmini okuma s\u00fcresi\" \/>\n\t<meta name=\"twitter:data1\" content=\"1 dakika\" \/>\n<script type=\"application\/ld+json\" class=\"yoast-schema-graph\">{\"@context\":\"https:\\\/\\\/schema.org\",\"@graph\":[{\"@type\":\"WebPage\",\"@id\":\"https:\\\/\\\/qgsgroup.com\\\/product\\\/wholesale-smart-home-motorized-curtain-accessories-t5-electric-curtain-belt-built-in-molybdenum-alloy-steel-wire\\\/\",\"url\":\"https:\\\/\\\/qgsgroup.com\\\/product\\\/wholesale-smart-home-motorized-curtain-accessories-t5-electric-curtain-belt-built-in-molybdenum-alloy-steel-wire\\\/\",\"name\":\"Wholesale smart home motorized curtain accessories T5 electric curtain belt Built-in Molybdenum alloy steel wire - Q.G.S\",\"isPartOf\":{\"@id\":\"https:\\\/\\\/rebornbusiness.com\\\/#website\"},\"primaryImageOfPage\":{\"@id\":\"https:\\\/\\\/qgsgroup.com\\\/product\\\/wholesale-smart-home-motorized-curtain-accessories-t5-electric-curtain-belt-built-in-molybdenum-alloy-steel-wire\\\/#primaryimage\"},\"image\":{\"@id\":\"https:\\\/\\\/qgsgroup.com\\\/product\\\/wholesale-smart-home-motorized-curtain-accessories-t5-electric-curtain-belt-built-in-molybdenum-alloy-steel-wire\\\/#primaryimage\"},\"thumbnailUrl\":\"https:\\\/\\\/qgsgroup.com\\\/wp-content\\\/uploads\\\/aliexpress\\\/h7113a939a8a64cefa95ebdcf91ea9e8ay.jpg\",\"datePublished\":\"2024-03-31T02:15:44+00:00\",\"dateModified\":\"2024-03-31T02:15:50+00:00\",\"breadcrumb\":{\"@id\":\"https:\\\/\\\/qgsgroup.com\\\/product\\\/wholesale-smart-home-motorized-curtain-accessories-t5-electric-curtain-belt-built-in-molybdenum-alloy-steel-wire\\\/#breadcrumb\"},\"inLanguage\":\"tr\",\"potentialAction\":[{\"@type\":\"ReadAction\",\"target\":[\"https:\\\/\\\/qgsgroup.com\\\/product\\\/wholesale-smart-home-motorized-curtain-accessories-t5-electric-curtain-belt-built-in-molybdenum-alloy-steel-wire\\\/\"]}]},{\"@type\":\"ImageObject\",\"inLanguage\":\"tr\",\"@id\":\"https:\\\/\\\/qgsgroup.com\\\/product\\\/wholesale-smart-home-motorized-curtain-accessories-t5-electric-curtain-belt-built-in-molybdenum-alloy-steel-wire\\\/#primaryimage\",\"url\":\"https:\\\/\\\/qgsgroup.com\\\/wp-content\\\/uploads\\\/aliexpress\\\/h7113a939a8a64cefa95ebdcf91ea9e8ay.jpg\",\"contentUrl\":\"https:\\\/\\\/qgsgroup.com\\\/wp-content\\\/uploads\\\/aliexpress\\\/h7113a939a8a64cefa95ebdcf91ea9e8ay.jpg\",\"width\":900,\"height\":900},{\"@type\":\"BreadcrumbList\",\"@id\":\"https:\\\/\\\/qgsgroup.com\\\/product\\\/wholesale-smart-home-motorized-curtain-accessories-t5-electric-curtain-belt-built-in-molybdenum-alloy-steel-wire\\\/#breadcrumb\",\"itemListElement\":[{\"@type\":\"ListItem\",\"position\":1,\"name\":\"Home\",\"item\":\"https:\\\/\\\/qgsgroup.com\\\/\"},{\"@type\":\"ListItem\",\"position\":2,\"name\":\"Products\",\"item\":\"https:\\\/\\\/qgsgroup.com\\\/products\\\/\"},{\"@type\":\"ListItem\",\"position\":3,\"name\":\"Wholesale smart home motorized curtain accessories T5 electric curtain belt Built-in Molybdenum alloy steel wire\"}]},{\"@type\":\"WebSite\",\"@id\":\"https:\\\/\\\/rebornbusiness.com\\\/#website\",\"url\":\"https:\\\/\\\/rebornbusiness.com\\\/\",\"name\":\"Q.G.S\",\"description\":\"Q.G.S group company\",\"publisher\":{\"@id\":\"https:\\\/\\\/rebornbusiness.com\\\/#organization\"},\"potentialAction\":[{\"@type\":\"SearchAction\",\"target\":{\"@type\":\"EntryPoint\",\"urlTemplate\":\"https:\\\/\\\/rebornbusiness.com\\\/?s={search_term_string}\"},\"query-input\":{\"@type\":\"PropertyValueSpecification\",\"valueRequired\":true,\"valueName\":\"search_term_string\"}}],\"inLanguage\":\"tr\"},{\"@type\":\"Organization\",\"@id\":\"https:\\\/\\\/rebornbusiness.com\\\/#organization\",\"name\":\"Q.G.S\",\"url\":\"https:\\\/\\\/rebornbusiness.com\\\/\",\"logo\":{\"@type\":\"ImageObject\",\"inLanguage\":\"tr\",\"@id\":\"https:\\\/\\\/rebornbusiness.com\\\/#\\\/schema\\\/logo\\\/image\\\/\",\"url\":\"https:\\\/\\\/qgsgroup.com\\\/wp-content\\\/uploads\\\/2024\\\/03\\\/logo-electric-tools.png\",\"contentUrl\":\"https:\\\/\\\/qgsgroup.com\\\/wp-content\\\/uploads\\\/2024\\\/03\\\/logo-electric-tools.png\",\"width\":11090,\"height\":2459,\"caption\":\"Q.G.S\"},\"image\":{\"@id\":\"https:\\\/\\\/rebornbusiness.com\\\/#\\\/schema\\\/logo\\\/image\\\/\"}}]}<\/script>\n<!-- \/ Yoast SEO plugin. -->","yoast_head_json":{"title":"Wholesale smart home motorized curtain accessories T5 electric curtain belt Built-in Molybdenum alloy steel wire - Q.G.S","robots":{"index":"index","follow":"follow","max-snippet":"max-snippet:-1","max-image-preview":"max-image-preview:large","max-video-preview":"max-video-preview:-1"},"canonical":"https:\/\/qgsgroup.com\/tr\/urun\/wholesale-smart-home-motorized-curtain-accessories-t5-electric-curtain-belt-built-in-molybdenum-alloy-steel-wire\/","og_locale":"tr_TR","og_type":"article","og_title":"Wholesale smart home motorized curtain accessories T5 electric curtain belt Built-in Molybdenum alloy steel wire - Q.G.S","og_description":"Key attributes Industry-specific attributes Design Style Eclectic Other attributes Place of Origin Zhejiang, China Type Single Brand Name JOREVEN Model Number T5 Curtain Poles, Tracks &#038; Accessories Type Curtain Accessories Material PU+steel wire length 100, 500 Product Name motorized curtain belt Size 10.5mm \/ 11.5mm Packing 100 m\/roll or 500m\/roll OEM\/ODM Warm Welcomed Packaging and delivery Packaging Details 100 m\/roll, 10 roll\/ctn Port Ningbo Supply Ability Supply Ability 100000 Meter\/Meters per Week Customization Customized logo Min. order:200000 Customized packaging Min. order:200000 Product Description Specification itemvalueTypeSingleDesign StyleEclecticPlace of OriginChinaZhejiangBrand NameJOREVENModel NumberT5Curtain Poles, Tracks &amp; Accessories TypeCurtain AccessoriesMaterialPU+steel wirelength100, 500Product Namemotorized curtain beltSize10.5mm \/ 11.5mmPacking100 m\/roll or 500m\/rollOEM\/ODMWarm Welcomed Packing &amp; Delivery To better ensure the safety of your goods, professional, environmentally friendly, convenient and efficient packaging services will be provided.","og_url":"https:\/\/qgsgroup.com\/tr\/urun\/wholesale-smart-home-motorized-curtain-accessories-t5-electric-curtain-belt-built-in-molybdenum-alloy-steel-wire\/","og_site_name":"Q.G.S","article_modified_time":"2024-03-31T02:15:50+00:00","og_image":[{"width":900,"height":900,"url":"https:\/\/qgsgroup.com\/wp-content\/uploads\/aliexpress\/h7113a939a8a64cefa95ebdcf91ea9e8ay.jpg","type":"image\/jpeg"}],"twitter_card":"summary_large_image","twitter_misc":{"Tahmini okuma s\u00fcresi":"1 dakika"},"schema":{"@context":"https:\/\/schema.org","@graph":[{"@type":"WebPage","@id":"https:\/\/qgsgroup.com\/product\/wholesale-smart-home-motorized-curtain-accessories-t5-electric-curtain-belt-built-in-molybdenum-alloy-steel-wire\/","url":"https:\/\/qgsgroup.com\/product\/wholesale-smart-home-motorized-curtain-accessories-t5-electric-curtain-belt-built-in-molybdenum-alloy-steel-wire\/","name":"Wholesale smart home motorized curtain accessories T5 electric curtain belt Built-in Molybdenum alloy steel wire - Q.G.S","isPartOf":{"@id":"https:\/\/rebornbusiness.com\/#website"},"primaryImageOfPage":{"@id":"https:\/\/qgsgroup.com\/product\/wholesale-smart-home-motorized-curtain-accessories-t5-electric-curtain-belt-built-in-molybdenum-alloy-steel-wire\/#primaryimage"},"image":{"@id":"https:\/\/qgsgroup.com\/product\/wholesale-smart-home-motorized-curtain-accessories-t5-electric-curtain-belt-built-in-molybdenum-alloy-steel-wire\/#primaryimage"},"thumbnailUrl":"https:\/\/qgsgroup.com\/wp-content\/uploads\/aliexpress\/h7113a939a8a64cefa95ebdcf91ea9e8ay.jpg","datePublished":"2024-03-31T02:15:44+00:00","dateModified":"2024-03-31T02:15:50+00:00","breadcrumb":{"@id":"https:\/\/qgsgroup.com\/product\/wholesale-smart-home-motorized-curtain-accessories-t5-electric-curtain-belt-built-in-molybdenum-alloy-steel-wire\/#breadcrumb"},"inLanguage":"tr","potentialAction":[{"@type":"ReadAction","target":["https:\/\/qgsgroup.com\/product\/wholesale-smart-home-motorized-curtain-accessories-t5-electric-curtain-belt-built-in-molybdenum-alloy-steel-wire\/"]}]},{"@type":"ImageObject","inLanguage":"tr","@id":"https:\/\/qgsgroup.com\/product\/wholesale-smart-home-motorized-curtain-accessories-t5-electric-curtain-belt-built-in-molybdenum-alloy-steel-wire\/#primaryimage","url":"https:\/\/qgsgroup.com\/wp-content\/uploads\/aliexpress\/h7113a939a8a64cefa95ebdcf91ea9e8ay.jpg","contentUrl":"https:\/\/qgsgroup.com\/wp-content\/uploads\/aliexpress\/h7113a939a8a64cefa95ebdcf91ea9e8ay.jpg","width":900,"height":900},{"@type":"BreadcrumbList","@id":"https:\/\/qgsgroup.com\/product\/wholesale-smart-home-motorized-curtain-accessories-t5-electric-curtain-belt-built-in-molybdenum-alloy-steel-wire\/#breadcrumb","itemListElement":[{"@type":"ListItem","position":1,"name":"Home","item":"https:\/\/qgsgroup.com\/"},{"@type":"ListItem","position":2,"name":"Products","item":"https:\/\/qgsgroup.com\/products\/"},{"@type":"ListItem","position":3,"name":"Wholesale smart home motorized curtain accessories T5 electric curtain belt Built-in Molybdenum alloy steel wire"}]},{"@type":"WebSite","@id":"https:\/\/rebornbusiness.com\/#website","url":"https:\/\/rebornbusiness.com\/","name":"Q.G.S","description":"Q.G.S group company","publisher":{"@id":"https:\/\/rebornbusiness.com\/#organization"},"potentialAction":[{"@type":"SearchAction","target":{"@type":"EntryPoint","urlTemplate":"https:\/\/rebornbusiness.com\/?s={search_term_string}"},"query-input":{"@type":"PropertyValueSpecification","valueRequired":true,"valueName":"search_term_string"}}],"inLanguage":"tr"},{"@type":"Organization","@id":"https:\/\/rebornbusiness.com\/#organization","name":"Q.G.S","url":"https:\/\/rebornbusiness.com\/","logo":{"@type":"ImageObject","inLanguage":"tr","@id":"https:\/\/rebornbusiness.com\/#\/schema\/logo\/image\/","url":"https:\/\/qgsgroup.com\/wp-content\/uploads\/2024\/03\/logo-electric-tools.png","contentUrl":"https:\/\/qgsgroup.com\/wp-content\/uploads\/2024\/03\/logo-electric-tools.png","width":11090,"height":2459,"caption":"Q.G.S"},"image":{"@id":"https:\/\/rebornbusiness.com\/#\/schema\/logo\/image\/"}}]}},"_links":{"self":[{"href":"https:\/\/qgsgroup.com\/tr\/wp-json\/wp\/v2\/product\/6351","targetHints":{"allow":["GET"]}}],"collection":[{"href":"https:\/\/qgsgroup.com\/tr\/wp-json\/wp\/v2\/product"}],"about":[{"href":"https:\/\/qgsgroup.com\/tr\/wp-json\/wp\/v2\/types\/product"}],"wp:featuredmedia":[{"embeddable":true,"href":"https:\/\/qgsgroup.com\/tr\/wp-json\/wp\/v2\/media\/4331"}],"wp:attachment":[{"href":"https:\/\/qgsgroup.com\/tr\/wp-json\/wp\/v2\/media?parent=6351"}],"wp:term":[{"taxonomy":"product_brand","embeddable":true,"href":"https:\/\/qgsgroup.com\/tr\/wp-json\/wp\/v2\/product_brand?post=6351"},{"taxonomy":"product_cat","embeddable":true,"href":"https:\/\/qgsgroup.com\/tr\/wp-json\/wp\/v2\/product_cat?post=6351"},{"taxonomy":"product_tag","embeddable":true,"href":"https:\/\/qgsgroup.com\/tr\/wp-json\/wp\/v2\/product_tag?post=6351"}],"curies":[{"name":"wp","href":"https:\/\/api.w.org\/{rel}","templated":true}]}}