{"id":7136,"date":"2024-03-31T04:08:53","date_gmt":"2024-03-31T04:08:53","guid":{"rendered":"https:\/\/qgsgroup.com\/products\/curtain-accessories-stainless-steel-pulley-slider-for-electric-curtain-rod-aluminum-curtain-rail\/"},"modified":"2024-03-31T04:08:53","modified_gmt":"2024-03-31T04:08:53","slug":"curtain-accessories-stainless-steel-pulley-slider-for-electric-curtain-rod-aluminum-curtain-rail","status":"publish","type":"product","link":"https:\/\/qgsgroup.com\/tr\/urun\/curtain-accessories-stainless-steel-pulley-slider-for-electric-curtain-rod-aluminum-curtain-rail\/","title":{"rendered":"perde aksesuarlar\u0131 elektrikli perde \u00e7ubu\u011fu al\u00fcminyum perde ray\u0131 i\u00e7in paslanmaz \u00e7elik kasnak kayd\u0131r\u0131c\u0131"},"content":{"rendered":"<div class=\"product-key-attributes\">\n<h3>Anahtar nitelikler<\/h3>\n<h4>Sekt\u00f6re \u00f6zg\u00fc \u00f6zellikler<\/h4>\n<ul>\n<li><label>Tasar\u0131m Stili<\/label>\n<div>Modern<\/div>\n<\/li>\n<\/ul>\n<h4>Di\u011fer \u00f6zellikler<\/h4>\n<ul>\n<li><label>Anavatan<\/label>\n<div>Zhejiang, \u00c7in<\/div>\n<\/li>\n<li><label>Tip<\/label>\n<div>Bekar<\/div>\n<\/li>\n<li><label>Marka ad\u0131<\/label>\n<div>OEM<\/div>\n<\/li>\n<li><label>Model numaras\u0131<\/label>\n<div>NT-A012<\/div>\n<\/li>\n<li><label>Perde Direkleri, Raylar\u0131 ve Aksesuarlar\u0131 T\u00fcr\u00fc<\/label>\n<div>Perde Aksesuarlar\u0131<\/div>\n<\/li>\n<li><label>Malzeme<\/label>\n<div>Stainless steel,plastic<\/div>\n<\/li>\n<li><label>Malzeme<\/label>\n<div>Paslanmaz \u00e7elik, plastik<\/div>\n<\/li>\n<li><label>Renk<\/label>\n<div>SS<\/div>\n<\/li>\n<li><label>Stil<\/label>\n<div>Basit Modern<\/div>\n<\/li>\n<li><label>Anahtar kelimeler<\/label>\n<div>Curtain Accessoreis<\/div>\n<\/li>\n<li><label>Kullan\u0131m<\/label>\n<div>Pencere Perde Ev Dekorasyonu<\/div>\n<\/li>\n<li><label>\u00dcr\u00fcn ad\u0131<\/label>\n<div>curtain track slider<\/div>\n<\/li>\n<li><label>Adedi<\/label>\n<div>100pcs<\/div>\n<\/li>\n<\/ul>\n<h4>Paketleme ve teslimat<\/h4>\n<ul>\n<li><label>Liman<\/label>\n<div>Ningbo, \u015eangay<\/div>\n<\/li>\n<\/ul>\n<h4>Tedarik Yetene\u011fi<\/h4>\n<ul>\n<li><label>Tedarik Yetene\u011fi<\/label>\n<div>Ayda 1000000 Adet \/ Adet<\/div>\n<\/li>\n<\/ul>\n<\/div>\n<div class=\"product-customization\">\n<h3>\u00d6zelle\u015ftirme<\/h3>\n<div>\n<div>\n<p>\u00d6zelle\u015ftirilmi\u015f logo<\/p>\n<p><label>Min. emir:<\/label>1000<\/p>\n<\/div>\n<div>\n<p>\u00d6zelle\u015ftirilmi\u015f ambalaj<\/p>\n<p><label>Min. emir:<\/label>1000<\/p>\n<\/div>\n<div>\n<p>Grafik \u00f6zelle\u015ftirme<\/p>\n<p><label>Min. emir:<\/label>1000<\/p>\n<\/div>\n<\/div>\n<\/div>\n<p><div data-magic-global=\"%7B%22bizId%22%3A3210435406%2C%22pageId%22%3A21231957483%2C%22siteId%22%3A5005373107%7D\" id=\"detail_decorate_root\"><br \/>\n      <div module-id=\"33583762698\" module-title=\"detailSingleImage\" render=\"true\" class=\"J_module\"><div class=\"icbu-pc-images magic-0\"><div><div class=\"flex-layout-v\"><div class=\"flex-layout-h magic-0\"><div class=\"magic-1\"><img src=\"https:\/\/qgsgroup.com\/wp-content\/uploads\/aliexpress\/h5175047b0a0e4ad7a22e9513ef1a33acm.jpg\" usemap=\"#e-0d-4f4-4f0c\" class=\"magic-2\"\/><\/div><\/div><\/div><\/div><\/div><\/div><\/p>\n<p>      <div module-id=\"33583762699\" module-title=\"detailProductNavigation\" render=\"true\" class=\"J_module\"><div id=\"ali-anchor-AliMagic-araat3\" data-section=\"AliMagic-araat3\" data-section-title=\"Products Description\" class=\"magic-3\">\u00dcr\u00fcn A\u00e7\u0131klamas\u0131<\/div><\/div><\/p>\n<p>      <div module-id=\"33612535724\" module-title=\"detailTableNoTitle\" render=\"true\" class=\"J_module\"><div class=\"ife-detail-decorate-table\"><table class=\"all magic-4\"><tbody><tr><td colspan=\"1\" rowspan=\"1\"><div class=\"magic-5\">Malzeme<\/div><\/td><td colspan=\"3\" rowspan=\"1\"><div class=\"magic-6\">Paslanmaz \u00e7elik, plastik<\/div><\/td><\/tr><tr><td colspan=\"1\" rowspan=\"1\"><div class=\"magic-5\">Renk<\/div><\/td><td colspan=\"3\" rowspan=\"1\"><div class=\"magic-6\">SS<\/div><\/td><\/tr><tr><td colspan=\"1\" rowspan=\"1\"><div class=\"magic-5\">Adedi<\/div><\/td><td colspan=\"3\" rowspan=\"1\"><div class=\"magic-6\">500 adet<\/div><\/td><\/tr><\/tbody><\/table><\/div><\/div><\/p>\n<p>      <div module-id=\"33637176488\" module-title=\"detailManyImage\" render=\"true\" class=\"J_module\"><div class=\"icbu-pc-detailManyImage magic-10\"><div class=\"magic-11\"><img src=\"https:\/\/qgsgroup.com\/wp-content\/uploads\/aliexpress\/hf7319811523548cfa8cb78380a3d89dfo.jpg\" class=\"magic-12\"\/><\/div><\/div><\/div><\/p>\n<p>      <div module-id=\"33583762702\" module-title=\"detailSingleImage\" render=\"true\" class=\"J_module\"><div class=\"icbu-pc-images magic-0\"><div><div class=\"flex-layout-v\"><div class=\"flex-layout-h magic-0\"><div class=\"magic-13\"><img src=\"https:\/\/qgsgroup.com\/wp-content\/uploads\/aliexpress\/hea1474d1449e48738f187618f545d275w.jpg\" class=\"magic-14\"\/><\/div><\/div><\/div><\/div><\/div><\/div><\/p>\n<p>      <div module-id=\"33583762703\" module-title=\"detailSingleImage\" render=\"true\" class=\"J_module\"><div class=\"icbu-pc-images magic-0\"><div><div class=\"flex-layout-v\"><div class=\"flex-layout-h magic-0\"><div class=\"magic-15\"><img src=\"https:\/\/qgsgroup.com\/wp-content\/uploads\/aliexpress\/h7980e415ddab43d7918a50f6d1e84b88s.jpg\" class=\"magic-16\"\/><\/div><\/div><\/div><\/div><\/div><\/div><\/p>\n<p><\/DIV><\/p>","protected":false},"excerpt":{"rendered":"<p>Key attributes Industry-specific attributes Design Style Contemporary Other attributes Place of Origin Zhejiang, China Type Single Brand Name OEM Model Number NT-A012 Curtain Poles, Tracks &#038; Accessories Type Curtain Accessories Material Stainless steel,plastic Material Stainless steel, plastic Color SS Style Simple Modern Keywords Curtain Accessoreis Usage Window Curtain Home Decoration Product Name curtain track slider MOQ 100pcs Packaging and delivery Port Ningbo, Shanghai Supply Ability Supply Ability 1000000 Piece\/Pieces per Month Customization Customized logo Min. order:1000 Customized packaging Min. order:1000 Graphic customization Min. order:1000 Products Description MaterialStainless steel, plasticColorSSMOQ500 PCS<\/p>","protected":false},"featured_media":7135,"template":"","meta":{"site-sidebar-layout":"default","site-content-layout":"","ast-site-content-layout":"","site-content-style":"default","site-sidebar-style":"default","ast-global-header-display":"","ast-banner-title-visibility":"","ast-main-header-display":"","ast-hfb-above-header-display":"","ast-hfb-below-header-display":"","ast-hfb-mobile-header-display":"","site-post-title":"","ast-breadcrumbs-content":"","ast-featured-img":"","footer-sml-layout":"","theme-transparent-header-meta":"","adv-header-id-meta":"","stick-header-meta":"","header-above-stick-meta":"","header-main-stick-meta":"","header-below-stick-meta":"","astra-migrate-meta-layouts":"default","ast-page-background-enabled":"default","ast-page-background-meta":{"desktop":{"background-color":"","background-image":"","background-repeat":"repeat","background-position":"center center","background-size":"auto","background-attachment":"scroll","background-type":"","background-media":"","overlay-type":"","overlay-color":"","overlay-opacity":"","overlay-gradient":""},"tablet":{"background-color":"","background-image":"","background-repeat":"repeat","background-position":"center center","background-size":"auto","background-attachment":"scroll","background-type":"","background-media":"","overlay-type":"","overlay-color":"","overlay-opacity":"","overlay-gradient":""},"mobile":{"background-color":"","background-image":"","background-repeat":"repeat","background-position":"center center","background-size":"auto","background-attachment":"scroll","background-type":"","background-media":"","overlay-type":"","overlay-color":"","overlay-opacity":"","overlay-gradient":""}},"ast-content-background-meta":{"desktop":{"background-color":"var(--ast-global-color-5)","background-image":"","background-repeat":"repeat","background-position":"center center","background-size":"auto","background-attachment":"scroll","background-type":"","background-media":"","overlay-type":"","overlay-color":"","overlay-opacity":"","overlay-gradient":""},"tablet":{"background-color":"var(--ast-global-color-5)","background-image":"","background-repeat":"repeat","background-position":"center center","background-size":"auto","background-attachment":"scroll","background-type":"","background-media":"","overlay-type":"","overlay-color":"","overlay-opacity":"","overlay-gradient":""},"mobile":{"background-color":"var(--ast-global-color-5)","background-image":"","background-repeat":"repeat","background-position":"center center","background-size":"auto","background-attachment":"scroll","background-type":"","background-media":"","overlay-type":"","overlay-color":"","overlay-opacity":"","overlay-gradient":""}}},"product_brand":[],"product_cat":[78],"product_tag":[],"class_list":{"0":"post-7136","1":"product","2":"type-product","3":"status-publish","4":"has-post-thumbnail","6":"product_cat-electric-curtain-tracks","7":"desktop-align-left","8":"tablet-align-left","9":"mobile-align-left","11":"first","12":"instock","13":"shipping-taxable","14":"product-type-simple"},"yoast_head":"<!-- This site is optimized with the Yoast SEO plugin v27.4 - https:\/\/yoast.com\/product\/yoast-seo-wordpress\/ -->\n<title>curtain accessories stainless steel pulley slider for electric curtain rod aluminum curtain rail - Q.G.S<\/title>\n<meta name=\"robots\" content=\"index, follow, max-snippet:-1, max-image-preview:large, max-video-preview:-1\" \/>\n<link rel=\"canonical\" href=\"https:\/\/qgsgroup.com\/tr\/urun\/curtain-accessories-stainless-steel-pulley-slider-for-electric-curtain-rod-aluminum-curtain-rail\/\" \/>\n<meta property=\"og:locale\" content=\"tr_TR\" \/>\n<meta property=\"og:type\" content=\"article\" \/>\n<meta property=\"og:title\" content=\"curtain accessories stainless steel pulley slider for electric curtain rod aluminum curtain rail - Q.G.S\" \/>\n<meta property=\"og:description\" content=\"Key attributes Industry-specific attributes Design Style Contemporary Other attributes Place of Origin Zhejiang, China Type Single Brand Name OEM Model Number NT-A012 Curtain Poles, Tracks &#038; Accessories Type Curtain Accessories Material Stainless steel,plastic Material Stainless steel, plastic Color SS Style Simple Modern Keywords Curtain Accessoreis Usage Window Curtain Home Decoration Product Name curtain track slider MOQ 100pcs Packaging and delivery Port Ningbo, Shanghai Supply Ability Supply Ability 1000000 Piece\/Pieces per Month Customization Customized logo Min. order:1000 Customized packaging Min. order:1000 Graphic customization Min. order:1000 Products Description MaterialStainless steel, plasticColorSSMOQ500 PCS\" \/>\n<meta property=\"og:url\" content=\"https:\/\/qgsgroup.com\/tr\/urun\/curtain-accessories-stainless-steel-pulley-slider-for-electric-curtain-rod-aluminum-curtain-rail\/\" \/>\n<meta property=\"og:site_name\" content=\"Q.G.S\" \/>\n<meta property=\"og:image\" content=\"https:\/\/qgsgroup.com\/wp-content\/uploads\/2024\/03\/htb1pqlfxcfrk1rjy1xdq6yemfxaf.jpg\" \/>\n\t<meta property=\"og:image:width\" content=\"750\" \/>\n\t<meta property=\"og:image:height\" content=\"750\" \/>\n\t<meta property=\"og:image:type\" content=\"image\/jpeg\" \/>\n<meta name=\"twitter:card\" content=\"summary_large_image\" \/>\n<script type=\"application\/ld+json\" class=\"yoast-schema-graph\">{\"@context\":\"https:\\\/\\\/schema.org\",\"@graph\":[{\"@type\":\"WebPage\",\"@id\":\"https:\\\/\\\/qgsgroup.com\\\/product\\\/curtain-accessories-stainless-steel-pulley-slider-for-electric-curtain-rod-aluminum-curtain-rail\\\/\",\"url\":\"https:\\\/\\\/qgsgroup.com\\\/product\\\/curtain-accessories-stainless-steel-pulley-slider-for-electric-curtain-rod-aluminum-curtain-rail\\\/\",\"name\":\"curtain accessories stainless steel pulley slider for electric curtain rod aluminum curtain rail - Q.G.S\",\"isPartOf\":{\"@id\":\"https:\\\/\\\/rebornbusiness.com\\\/#website\"},\"primaryImageOfPage\":{\"@id\":\"https:\\\/\\\/qgsgroup.com\\\/product\\\/curtain-accessories-stainless-steel-pulley-slider-for-electric-curtain-rod-aluminum-curtain-rail\\\/#primaryimage\"},\"image\":{\"@id\":\"https:\\\/\\\/qgsgroup.com\\\/product\\\/curtain-accessories-stainless-steel-pulley-slider-for-electric-curtain-rod-aluminum-curtain-rail\\\/#primaryimage\"},\"thumbnailUrl\":\"https:\\\/\\\/qgsgroup.com\\\/wp-content\\\/uploads\\\/2024\\\/03\\\/htb1pqlfxcfrk1rjy1xdq6yemfxaf.jpg\",\"datePublished\":\"2024-03-31T04:08:53+00:00\",\"breadcrumb\":{\"@id\":\"https:\\\/\\\/qgsgroup.com\\\/product\\\/curtain-accessories-stainless-steel-pulley-slider-for-electric-curtain-rod-aluminum-curtain-rail\\\/#breadcrumb\"},\"inLanguage\":\"tr\",\"potentialAction\":[{\"@type\":\"ReadAction\",\"target\":[\"https:\\\/\\\/qgsgroup.com\\\/product\\\/curtain-accessories-stainless-steel-pulley-slider-for-electric-curtain-rod-aluminum-curtain-rail\\\/\"]}]},{\"@type\":\"ImageObject\",\"inLanguage\":\"tr\",\"@id\":\"https:\\\/\\\/qgsgroup.com\\\/product\\\/curtain-accessories-stainless-steel-pulley-slider-for-electric-curtain-rod-aluminum-curtain-rail\\\/#primaryimage\",\"url\":\"https:\\\/\\\/qgsgroup.com\\\/wp-content\\\/uploads\\\/2024\\\/03\\\/htb1pqlfxcfrk1rjy1xdq6yemfxaf.jpg\",\"contentUrl\":\"https:\\\/\\\/qgsgroup.com\\\/wp-content\\\/uploads\\\/2024\\\/03\\\/htb1pqlfxcfrk1rjy1xdq6yemfxaf.jpg\",\"width\":750,\"height\":750},{\"@type\":\"BreadcrumbList\",\"@id\":\"https:\\\/\\\/qgsgroup.com\\\/product\\\/curtain-accessories-stainless-steel-pulley-slider-for-electric-curtain-rod-aluminum-curtain-rail\\\/#breadcrumb\",\"itemListElement\":[{\"@type\":\"ListItem\",\"position\":1,\"name\":\"Home\",\"item\":\"https:\\\/\\\/qgsgroup.com\\\/\"},{\"@type\":\"ListItem\",\"position\":2,\"name\":\"Products\",\"item\":\"https:\\\/\\\/qgsgroup.com\\\/products\\\/\"},{\"@type\":\"ListItem\",\"position\":3,\"name\":\"curtain accessories stainless steel pulley slider for electric curtain rod aluminum curtain rail\"}]},{\"@type\":\"WebSite\",\"@id\":\"https:\\\/\\\/rebornbusiness.com\\\/#website\",\"url\":\"https:\\\/\\\/rebornbusiness.com\\\/\",\"name\":\"Q.G.S\",\"description\":\"Q.G.S group company\",\"publisher\":{\"@id\":\"https:\\\/\\\/rebornbusiness.com\\\/#organization\"},\"potentialAction\":[{\"@type\":\"SearchAction\",\"target\":{\"@type\":\"EntryPoint\",\"urlTemplate\":\"https:\\\/\\\/rebornbusiness.com\\\/?s={search_term_string}\"},\"query-input\":{\"@type\":\"PropertyValueSpecification\",\"valueRequired\":true,\"valueName\":\"search_term_string\"}}],\"inLanguage\":\"tr\"},{\"@type\":\"Organization\",\"@id\":\"https:\\\/\\\/rebornbusiness.com\\\/#organization\",\"name\":\"Q.G.S\",\"url\":\"https:\\\/\\\/rebornbusiness.com\\\/\",\"logo\":{\"@type\":\"ImageObject\",\"inLanguage\":\"tr\",\"@id\":\"https:\\\/\\\/rebornbusiness.com\\\/#\\\/schema\\\/logo\\\/image\\\/\",\"url\":\"https:\\\/\\\/qgsgroup.com\\\/wp-content\\\/uploads\\\/2024\\\/03\\\/logo-electric-tools.png\",\"contentUrl\":\"https:\\\/\\\/qgsgroup.com\\\/wp-content\\\/uploads\\\/2024\\\/03\\\/logo-electric-tools.png\",\"width\":11090,\"height\":2459,\"caption\":\"Q.G.S\"},\"image\":{\"@id\":\"https:\\\/\\\/rebornbusiness.com\\\/#\\\/schema\\\/logo\\\/image\\\/\"}}]}<\/script>\n<!-- \/ Yoast SEO plugin. -->","yoast_head_json":{"title":"curtain accessories stainless steel pulley slider for electric curtain rod aluminum curtain rail - Q.G.S","robots":{"index":"index","follow":"follow","max-snippet":"max-snippet:-1","max-image-preview":"max-image-preview:large","max-video-preview":"max-video-preview:-1"},"canonical":"https:\/\/qgsgroup.com\/tr\/urun\/curtain-accessories-stainless-steel-pulley-slider-for-electric-curtain-rod-aluminum-curtain-rail\/","og_locale":"tr_TR","og_type":"article","og_title":"curtain accessories stainless steel pulley slider for electric curtain rod aluminum curtain rail - Q.G.S","og_description":"Key attributes Industry-specific attributes Design Style Contemporary Other attributes Place of Origin Zhejiang, China Type Single Brand Name OEM Model Number NT-A012 Curtain Poles, Tracks &#038; Accessories Type Curtain Accessories Material Stainless steel,plastic Material Stainless steel, plastic Color SS Style Simple Modern Keywords Curtain Accessoreis Usage Window Curtain Home Decoration Product Name curtain track slider MOQ 100pcs Packaging and delivery Port Ningbo, Shanghai Supply Ability Supply Ability 1000000 Piece\/Pieces per Month Customization Customized logo Min. order:1000 Customized packaging Min. order:1000 Graphic customization Min. order:1000 Products Description MaterialStainless steel, plasticColorSSMOQ500 PCS","og_url":"https:\/\/qgsgroup.com\/tr\/urun\/curtain-accessories-stainless-steel-pulley-slider-for-electric-curtain-rod-aluminum-curtain-rail\/","og_site_name":"Q.G.S","og_image":[{"width":750,"height":750,"url":"https:\/\/qgsgroup.com\/wp-content\/uploads\/2024\/03\/htb1pqlfxcfrk1rjy1xdq6yemfxaf.jpg","type":"image\/jpeg"}],"twitter_card":"summary_large_image","schema":{"@context":"https:\/\/schema.org","@graph":[{"@type":"WebPage","@id":"https:\/\/qgsgroup.com\/product\/curtain-accessories-stainless-steel-pulley-slider-for-electric-curtain-rod-aluminum-curtain-rail\/","url":"https:\/\/qgsgroup.com\/product\/curtain-accessories-stainless-steel-pulley-slider-for-electric-curtain-rod-aluminum-curtain-rail\/","name":"curtain accessories stainless steel pulley slider for electric curtain rod aluminum curtain rail - Q.G.S","isPartOf":{"@id":"https:\/\/rebornbusiness.com\/#website"},"primaryImageOfPage":{"@id":"https:\/\/qgsgroup.com\/product\/curtain-accessories-stainless-steel-pulley-slider-for-electric-curtain-rod-aluminum-curtain-rail\/#primaryimage"},"image":{"@id":"https:\/\/qgsgroup.com\/product\/curtain-accessories-stainless-steel-pulley-slider-for-electric-curtain-rod-aluminum-curtain-rail\/#primaryimage"},"thumbnailUrl":"https:\/\/qgsgroup.com\/wp-content\/uploads\/2024\/03\/htb1pqlfxcfrk1rjy1xdq6yemfxaf.jpg","datePublished":"2024-03-31T04:08:53+00:00","breadcrumb":{"@id":"https:\/\/qgsgroup.com\/product\/curtain-accessories-stainless-steel-pulley-slider-for-electric-curtain-rod-aluminum-curtain-rail\/#breadcrumb"},"inLanguage":"tr","potentialAction":[{"@type":"ReadAction","target":["https:\/\/qgsgroup.com\/product\/curtain-accessories-stainless-steel-pulley-slider-for-electric-curtain-rod-aluminum-curtain-rail\/"]}]},{"@type":"ImageObject","inLanguage":"tr","@id":"https:\/\/qgsgroup.com\/product\/curtain-accessories-stainless-steel-pulley-slider-for-electric-curtain-rod-aluminum-curtain-rail\/#primaryimage","url":"https:\/\/qgsgroup.com\/wp-content\/uploads\/2024\/03\/htb1pqlfxcfrk1rjy1xdq6yemfxaf.jpg","contentUrl":"https:\/\/qgsgroup.com\/wp-content\/uploads\/2024\/03\/htb1pqlfxcfrk1rjy1xdq6yemfxaf.jpg","width":750,"height":750},{"@type":"BreadcrumbList","@id":"https:\/\/qgsgroup.com\/product\/curtain-accessories-stainless-steel-pulley-slider-for-electric-curtain-rod-aluminum-curtain-rail\/#breadcrumb","itemListElement":[{"@type":"ListItem","position":1,"name":"Home","item":"https:\/\/qgsgroup.com\/"},{"@type":"ListItem","position":2,"name":"Products","item":"https:\/\/qgsgroup.com\/products\/"},{"@type":"ListItem","position":3,"name":"curtain accessories stainless steel pulley slider for electric curtain rod aluminum curtain rail"}]},{"@type":"WebSite","@id":"https:\/\/rebornbusiness.com\/#website","url":"https:\/\/rebornbusiness.com\/","name":"Q.G.S","description":"Q.G.S group company","publisher":{"@id":"https:\/\/rebornbusiness.com\/#organization"},"potentialAction":[{"@type":"SearchAction","target":{"@type":"EntryPoint","urlTemplate":"https:\/\/rebornbusiness.com\/?s={search_term_string}"},"query-input":{"@type":"PropertyValueSpecification","valueRequired":true,"valueName":"search_term_string"}}],"inLanguage":"tr"},{"@type":"Organization","@id":"https:\/\/rebornbusiness.com\/#organization","name":"Q.G.S","url":"https:\/\/rebornbusiness.com\/","logo":{"@type":"ImageObject","inLanguage":"tr","@id":"https:\/\/rebornbusiness.com\/#\/schema\/logo\/image\/","url":"https:\/\/qgsgroup.com\/wp-content\/uploads\/2024\/03\/logo-electric-tools.png","contentUrl":"https:\/\/qgsgroup.com\/wp-content\/uploads\/2024\/03\/logo-electric-tools.png","width":11090,"height":2459,"caption":"Q.G.S"},"image":{"@id":"https:\/\/rebornbusiness.com\/#\/schema\/logo\/image\/"}}]}},"_links":{"self":[{"href":"https:\/\/qgsgroup.com\/tr\/wp-json\/wp\/v2\/product\/7136","targetHints":{"allow":["GET"]}}],"collection":[{"href":"https:\/\/qgsgroup.com\/tr\/wp-json\/wp\/v2\/product"}],"about":[{"href":"https:\/\/qgsgroup.com\/tr\/wp-json\/wp\/v2\/types\/product"}],"wp:featuredmedia":[{"embeddable":true,"href":"https:\/\/qgsgroup.com\/tr\/wp-json\/wp\/v2\/media\/7135"}],"wp:attachment":[{"href":"https:\/\/qgsgroup.com\/tr\/wp-json\/wp\/v2\/media?parent=7136"}],"wp:term":[{"taxonomy":"product_brand","embeddable":true,"href":"https:\/\/qgsgroup.com\/tr\/wp-json\/wp\/v2\/product_brand?post=7136"},{"taxonomy":"product_cat","embeddable":true,"href":"https:\/\/qgsgroup.com\/tr\/wp-json\/wp\/v2\/product_cat?post=7136"},{"taxonomy":"product_tag","embeddable":true,"href":"https:\/\/qgsgroup.com\/tr\/wp-json\/wp\/v2\/product_tag?post=7136"}],"curies":[{"name":"wp","href":"https:\/\/api.w.org\/{rel}","templated":true}]}}