{"id":7405,"date":"2024-03-31T04:31:30","date_gmt":"2024-03-31T04:31:30","guid":{"rendered":"https:\/\/qgsgroup.com\/products\/adjustable-curtain-rod-brackets-curtain-rod-wholesale-adjustable-curtain-rod-accessories-brackets\/"},"modified":"2024-03-31T04:31:31","modified_gmt":"2024-03-31T04:31:31","slug":"adjustable-curtain-rod-brackets-curtain-rod-wholesale-adjustable-curtain-rod-accessories-brackets","status":"publish","type":"product","link":"https:\/\/qgsgroup.com\/tr\/urun\/adjustable-curtain-rod-brackets-curtain-rod-wholesale-adjustable-curtain-rod-accessories-brackets\/","title":{"rendered":"Ayarlanabilir perde \u00e7ubuk braketleri Perde \u00e7ubu\u011fu toptan ayarlanabilir perde \u00e7ubuk aksesuarlar\u0131 braketleri"},"content":{"rendered":"<div class=\"product-key-attributes\">\n<h3>Anahtar nitelikler<\/h3>\n<h4>Sekt\u00f6re \u00f6zg\u00fc \u00f6zellikler<\/h4>\n<ul>\n<li><label>Tasar\u0131m Stili<\/label>\n<div>Modern<\/div>\n<\/li>\n<\/ul>\n<h4>Di\u011fer \u00f6zellikler<\/h4>\n<ul>\n<li><label>Anavatan<\/label>\n<div>Zhejiang, \u00c7in<\/div>\n<\/li>\n<li><label>Tip<\/label>\n<div>Bekar<\/div>\n<\/li>\n<li><label>Marka ad\u0131<\/label>\n<div>REVEN curtain rod<\/div>\n<\/li>\n<li><label>Model numaras\u0131<\/label>\n<div>RA-R200<\/div>\n<\/li>\n<li><label>Perde Direkleri, Raylar\u0131 ve Aksesuarlar\u0131 T\u00fcr\u00fc<\/label>\n<div>Perde Direkleri<\/div>\n<\/li>\n<li><label>Malzeme<\/label>\n<div>Metal<\/div>\n<\/li>\n<li><label>uzunluk<\/label>\n<div>1m, 2m, 3m, 4m<\/div>\n<\/li>\n<li><label>Curtain Rod Color<\/label>\n<div>beyaz<\/div>\n<\/li>\n<li><label>Curtain Rod Diam<\/label>\n<div>25,28mm<\/div>\n<\/li>\n<li><label>Finial Material<\/label>\n<div>\u00dct\u00fc<\/div>\n<\/li>\n<li><label>PIPE Material<\/label>\n<div>\u00dct\u00fc<\/div>\n<\/li>\n<li><label>BRACKET Material<\/label>\n<div>\u00dct\u00fc<\/div>\n<\/li>\n<li><label>RINGS Material<\/label>\n<div>\u00dct\u00fc<\/div>\n<\/li>\n<li><label>Kullan\u0131m<\/label>\n<div>Curtian Aksesuarlar\u0131<\/div>\n<\/li>\n<li><label>Ba\u015fvuru<\/label>\n<div>Ev.ofis.otel.end\u00fcstri<\/div>\n<\/li>\n<li><label>Stil<\/label>\n<div>Europen<\/div>\n<\/li>\n<li><label>Adedi<\/label>\n<div>50 sets<\/div>\n<\/li>\n<\/ul>\n<h4>Paketleme ve teslimat<\/h4>\n<ul>\n<li><label>paketleme Detaylar\u0131<\/label>\n<div>Full set PVC packing 12 sets in master carton<\/div>\n<\/li>\n<li><label>Liman<\/label>\n<div>NINGBO\/ \u015eANGAY<\/div>\n<\/li>\n<\/ul>\n<h4>Tedarik Yetene\u011fi<\/h4>\n<ul>\n<li><label>Tedarik Yetene\u011fi<\/label>\n<div>10000 Set\/Sets per   Month<\/div>\n<\/li>\n<\/ul>\n<\/div>\n<p><div data-magic-global=\"%7B%22bizId%22%3A3210435406%2C%22pageId%22%3A21231018665%2C%22siteId%22%3A5005373107%7D\" id=\"detail_decorate_root\"><br \/>\n      <div module-id=\"33546332117\" module-title=\"detailSingleImage\" render=\"true\" class=\"J_module\"><div class=\"icbu-pc-images magic-0\"><div><div class=\"flex-layout-v\"><div class=\"flex-layout-h magic-0\"><div class=\"magic-1\"><img src=\"https:\/\/qgsgroup.com\/wp-content\/uploads\/aliexpress\/h5175047b0a0e4ad7a22e9513ef1a33acm.jpg\" usemap=\"#2-19-117-c541\" class=\"magic-2\"\/><\/div><\/div><\/div><\/div><\/div><\/div><\/p>\n<p>      <div module-id=\"33546332118\" module-title=\"detailProductNavigation\" render=\"true\" class=\"J_module\"><div id=\"ali-anchor-AliMagic-u97tck\" data-section=\"AliMagic-u97tck\" data-section-title=\"Products Description\" class=\"magic-3\">\u00dcr\u00fcn A\u00e7\u0131klamas\u0131<\/div><\/div><\/p>\n<p>      <div module-id=\"33514484835\" module-title=\"detailManyImage\" render=\"true\" class=\"J_module\"><div class=\"icbu-pc-detailManyImage magic-4\"><div class=\"magic-5\"><img src=\"https:\/\/qgsgroup.com\/wp-content\/uploads\/aliexpress\/h1835e50d02b249da9d0e5948ac08b1dau.jpg\" class=\"magic-6\"\/><\/div><div class=\"magic-5\"><img src=\"https:\/\/qgsgroup.com\/wp-content\/uploads\/aliexpress\/hefa8542e15064457a94e8875681d67777.jpg\" class=\"magic-6\"\/><\/div><div class=\"magic-5\"><img src=\"https:\/\/qgsgroup.com\/wp-content\/uploads\/aliexpress\/h4dffc6fd0a6347a0b7051dc8c6eb027cd.png\" class=\"magic-6\"\/><\/div><div class=\"magic-5\"><img src=\"https:\/\/qgsgroup.com\/wp-content\/uploads\/aliexpress\/h113694c8c9ef4b229c90e20ab540e6f39.png\" class=\"magic-6\"\/><\/div><\/div><\/div><\/p>\n<p>      <div module-id=\"33546332120\" module-title=\"detailTableNoTitle\" render=\"true\" class=\"J_module\"><div class=\"ife-detail-decorate-table\"><table class=\"all magic-7\"><tbody><tr><td colspan=\"1\" rowspan=\"1\"><div class=\"magic-8\"><b>Curtain Rod Material<\/b><\/div><\/td><td colspan=\"3\" rowspan=\"1\"><div class=\"magic-9\">\u00dct\u00fc<\/div><\/td><\/tr><tr><td colspan=\"1\" rowspan=\"1\"><div class=\"magic-8\"><b>Curtain Size<\/b><\/div><\/td><td colspan=\"3\" rowspan=\"1\"><div class=\"magic-9\">25,28mm<\/div><\/td><\/tr><tr><td colspan=\"1\" rowspan=\"1\"><div class=\"magic-8\"><b>Renk<\/b><\/div><\/td><td colspan=\"3\" rowspan=\"1\"><div class=\"magic-9\">Beyaz<\/div><\/td><\/tr><tr><td colspan=\"1\" rowspan=\"1\"><div class=\"magic-8\"><b>Paketleme<\/b><\/div><\/td><td colspan=\"3\" rowspan=\"1\"><div class=\"magic-9\">Full set PVC packing 10 or12 sets in master carton<\/div><\/td><\/tr><tr><td colspan=\"1\" rowspan=\"1\"><div class=\"magic-8\"><b>OEM<\/b><\/div><\/td><td colspan=\"3\" rowspan=\"1\"><div class=\"magic-9\">Accepted<\/div><\/td><\/tr><tr><td colspan=\"1\" rowspan=\"1\"><div class=\"magic-8\"><b>Teslimat s\u00fcresi<\/b><\/div><\/td><td colspan=\"3\" rowspan=\"1\"><div class=\"magic-9\">15-30DAYS<\/div><\/td><\/tr><\/tbody><\/table><\/div><\/div><\/p>\n<p>      <div module-id=\"33546332121\" module-title=\"detailSingleImage\" render=\"true\" class=\"J_module\"><div class=\"icbu-pc-images magic-0\"><div><div class=\"flex-layout-v\"><div class=\"flex-layout-h magic-0\"><div class=\"magic-13\"><img src=\"https:\/\/qgsgroup.com\/wp-content\/uploads\/aliexpress\/hea1474d1449e48738f187618f545d275w.jpg\" class=\"magic-14\"\/><\/div><\/div><\/div><\/div><\/div><\/div><\/p>\n<p>      <div module-id=\"33546332122\" module-title=\"detailSingleImage\" render=\"true\" class=\"J_module\"><div class=\"icbu-pc-images magic-0\"><div><div class=\"flex-layout-v\"><div class=\"flex-layout-h magic-0\"><div class=\"magic-15\"><img src=\"https:\/\/qgsgroup.com\/wp-content\/uploads\/aliexpress\/h7980e415ddab43d7918a50f6d1e84b88s.jpg\" class=\"magic-16\"\/><\/div><\/div><\/div><\/div><\/div><\/div><\/p>\n<p><\/DIV><\/p>","protected":false},"excerpt":{"rendered":"<p>Key attributes Industry-specific attributes Design Style Modern Other attributes Place of Origin Zhejiang, China Type Single Brand Name REVEN curtain rod Model Number RA-R200 Curtain Poles, Tracks &#038; Accessories Type Curtain Poles Material Metal length 1m, 2m, 3m, 4m Curtain Rod Color white Curtain Rod Diam 25,28mm Finial Material Iron PIPE Material Iron BRACKET Material Iron RINGS Material Iron Usage Curtian Accessories Application Home.office.hotel.industy Style Europen MOQ 50 sets Packaging and delivery Packaging Details Full set PVC packing 12 sets in master carton Port NINGBO\/ SHANGHAI Supply Ability Supply Ability 10000 Set\/Sets per Month Products Description Curtain Rod MaterialIronCurtain Size25,28mmColorWhitePackingFull set PVC packing 10 or12 sets in master cartonOEMAcceptedDelivery time15-30DAYS<\/p>","protected":false},"featured_media":7404,"template":"","meta":{"site-sidebar-layout":"default","site-content-layout":"","ast-site-content-layout":"","site-content-style":"default","site-sidebar-style":"default","ast-global-header-display":"","ast-banner-title-visibility":"","ast-main-header-display":"","ast-hfb-above-header-display":"","ast-hfb-below-header-display":"","ast-hfb-mobile-header-display":"","site-post-title":"","ast-breadcrumbs-content":"","ast-featured-img":"","footer-sml-layout":"","theme-transparent-header-meta":"","adv-header-id-meta":"","stick-header-meta":"","header-above-stick-meta":"","header-main-stick-meta":"","header-below-stick-meta":"","astra-migrate-meta-layouts":"default","ast-page-background-enabled":"default","ast-page-background-meta":{"desktop":{"background-color":"","background-image":"","background-repeat":"repeat","background-position":"center center","background-size":"auto","background-attachment":"scroll","background-type":"","background-media":"","overlay-type":"","overlay-color":"","overlay-opacity":"","overlay-gradient":""},"tablet":{"background-color":"","background-image":"","background-repeat":"repeat","background-position":"center center","background-size":"auto","background-attachment":"scroll","background-type":"","background-media":"","overlay-type":"","overlay-color":"","overlay-opacity":"","overlay-gradient":""},"mobile":{"background-color":"","background-image":"","background-repeat":"repeat","background-position":"center center","background-size":"auto","background-attachment":"scroll","background-type":"","background-media":"","overlay-type":"","overlay-color":"","overlay-opacity":"","overlay-gradient":""}},"ast-content-background-meta":{"desktop":{"background-color":"var(--ast-global-color-5)","background-image":"","background-repeat":"repeat","background-position":"center center","background-size":"auto","background-attachment":"scroll","background-type":"","background-media":"","overlay-type":"","overlay-color":"","overlay-opacity":"","overlay-gradient":""},"tablet":{"background-color":"var(--ast-global-color-5)","background-image":"","background-repeat":"repeat","background-position":"center center","background-size":"auto","background-attachment":"scroll","background-type":"","background-media":"","overlay-type":"","overlay-color":"","overlay-opacity":"","overlay-gradient":""},"mobile":{"background-color":"var(--ast-global-color-5)","background-image":"","background-repeat":"repeat","background-position":"center center","background-size":"auto","background-attachment":"scroll","background-type":"","background-media":"","overlay-type":"","overlay-color":"","overlay-opacity":"","overlay-gradient":""}}},"product_brand":[],"product_cat":[86],"product_tag":[],"class_list":{"0":"post-7405","1":"product","2":"type-product","3":"status-publish","4":"has-post-thumbnail","6":"product_cat-25-28mm-curtain-rods","7":"desktop-align-left","8":"tablet-align-left","9":"mobile-align-left","11":"first","12":"instock","13":"shipping-taxable","14":"product-type-simple"},"yoast_head":"<!-- This site is optimized with the Yoast SEO plugin v27.4 - https:\/\/yoast.com\/product\/yoast-seo-wordpress\/ -->\n<title>adjustable curtain rod brackets Curtain rod wholesale adjustable curtain rod accessories brackets - Q.G.S<\/title>\n<meta name=\"robots\" content=\"index, follow, max-snippet:-1, max-image-preview:large, max-video-preview:-1\" \/>\n<link rel=\"canonical\" href=\"https:\/\/qgsgroup.com\/tr\/urun\/adjustable-curtain-rod-brackets-curtain-rod-wholesale-adjustable-curtain-rod-accessories-brackets\/\" \/>\n<meta property=\"og:locale\" content=\"tr_TR\" \/>\n<meta property=\"og:type\" content=\"article\" \/>\n<meta property=\"og:title\" content=\"adjustable curtain rod brackets Curtain rod wholesale adjustable curtain rod accessories brackets - Q.G.S\" \/>\n<meta property=\"og:description\" content=\"Key attributes Industry-specific attributes Design Style Modern Other attributes Place of Origin Zhejiang, China Type Single Brand Name REVEN curtain rod Model Number RA-R200 Curtain Poles, Tracks &#038; Accessories Type Curtain Poles Material Metal length 1m, 2m, 3m, 4m Curtain Rod Color white Curtain Rod Diam 25,28mm Finial Material Iron PIPE Material Iron BRACKET Material Iron RINGS Material Iron Usage Curtian Accessories Application Home.office.hotel.industy Style Europen MOQ 50 sets Packaging and delivery Packaging Details Full set PVC packing 12 sets in master carton Port NINGBO\/ SHANGHAI Supply Ability Supply Ability 10000 Set\/Sets per Month Products Description Curtain Rod MaterialIronCurtain Size25,28mmColorWhitePackingFull set PVC packing 10 or12 sets in master cartonOEMAcceptedDelivery time15-30DAYS\" \/>\n<meta property=\"og:url\" content=\"https:\/\/qgsgroup.com\/tr\/urun\/adjustable-curtain-rod-brackets-curtain-rod-wholesale-adjustable-curtain-rod-accessories-brackets\/\" \/>\n<meta property=\"og:site_name\" content=\"Q.G.S\" \/>\n<meta property=\"article:modified_time\" content=\"2024-03-31T04:31:31+00:00\" \/>\n<meta property=\"og:image\" content=\"https:\/\/qgsgroup.com\/wp-content\/uploads\/2024\/03\/he41df92d1d604897871bb6eaf0937cd9x.jpg\" \/>\n\t<meta property=\"og:image:width\" content=\"750\" \/>\n\t<meta property=\"og:image:height\" content=\"750\" \/>\n\t<meta property=\"og:image:type\" content=\"image\/jpeg\" \/>\n<meta name=\"twitter:card\" content=\"summary_large_image\" \/>\n<script type=\"application\/ld+json\" class=\"yoast-schema-graph\">{\"@context\":\"https:\\\/\\\/schema.org\",\"@graph\":[{\"@type\":\"WebPage\",\"@id\":\"https:\\\/\\\/qgsgroup.com\\\/product\\\/adjustable-curtain-rod-brackets-curtain-rod-wholesale-adjustable-curtain-rod-accessories-brackets\\\/\",\"url\":\"https:\\\/\\\/qgsgroup.com\\\/product\\\/adjustable-curtain-rod-brackets-curtain-rod-wholesale-adjustable-curtain-rod-accessories-brackets\\\/\",\"name\":\"adjustable curtain rod brackets Curtain rod wholesale adjustable curtain rod accessories brackets - Q.G.S\",\"isPartOf\":{\"@id\":\"https:\\\/\\\/rebornbusiness.com\\\/#website\"},\"primaryImageOfPage\":{\"@id\":\"https:\\\/\\\/qgsgroup.com\\\/product\\\/adjustable-curtain-rod-brackets-curtain-rod-wholesale-adjustable-curtain-rod-accessories-brackets\\\/#primaryimage\"},\"image\":{\"@id\":\"https:\\\/\\\/qgsgroup.com\\\/product\\\/adjustable-curtain-rod-brackets-curtain-rod-wholesale-adjustable-curtain-rod-accessories-brackets\\\/#primaryimage\"},\"thumbnailUrl\":\"https:\\\/\\\/qgsgroup.com\\\/wp-content\\\/uploads\\\/2024\\\/03\\\/he41df92d1d604897871bb6eaf0937cd9x.jpg\",\"datePublished\":\"2024-03-31T04:31:30+00:00\",\"dateModified\":\"2024-03-31T04:31:31+00:00\",\"breadcrumb\":{\"@id\":\"https:\\\/\\\/qgsgroup.com\\\/product\\\/adjustable-curtain-rod-brackets-curtain-rod-wholesale-adjustable-curtain-rod-accessories-brackets\\\/#breadcrumb\"},\"inLanguage\":\"tr\",\"potentialAction\":[{\"@type\":\"ReadAction\",\"target\":[\"https:\\\/\\\/qgsgroup.com\\\/product\\\/adjustable-curtain-rod-brackets-curtain-rod-wholesale-adjustable-curtain-rod-accessories-brackets\\\/\"]}]},{\"@type\":\"ImageObject\",\"inLanguage\":\"tr\",\"@id\":\"https:\\\/\\\/qgsgroup.com\\\/product\\\/adjustable-curtain-rod-brackets-curtain-rod-wholesale-adjustable-curtain-rod-accessories-brackets\\\/#primaryimage\",\"url\":\"https:\\\/\\\/qgsgroup.com\\\/wp-content\\\/uploads\\\/2024\\\/03\\\/he41df92d1d604897871bb6eaf0937cd9x.jpg\",\"contentUrl\":\"https:\\\/\\\/qgsgroup.com\\\/wp-content\\\/uploads\\\/2024\\\/03\\\/he41df92d1d604897871bb6eaf0937cd9x.jpg\",\"width\":750,\"height\":750},{\"@type\":\"BreadcrumbList\",\"@id\":\"https:\\\/\\\/qgsgroup.com\\\/product\\\/adjustable-curtain-rod-brackets-curtain-rod-wholesale-adjustable-curtain-rod-accessories-brackets\\\/#breadcrumb\",\"itemListElement\":[{\"@type\":\"ListItem\",\"position\":1,\"name\":\"Home\",\"item\":\"https:\\\/\\\/qgsgroup.com\\\/\"},{\"@type\":\"ListItem\",\"position\":2,\"name\":\"Products\",\"item\":\"https:\\\/\\\/qgsgroup.com\\\/products\\\/\"},{\"@type\":\"ListItem\",\"position\":3,\"name\":\"adjustable curtain rod brackets Curtain rod wholesale adjustable curtain rod accessories brackets\"}]},{\"@type\":\"WebSite\",\"@id\":\"https:\\\/\\\/rebornbusiness.com\\\/#website\",\"url\":\"https:\\\/\\\/rebornbusiness.com\\\/\",\"name\":\"Q.G.S\",\"description\":\"Q.G.S group company\",\"publisher\":{\"@id\":\"https:\\\/\\\/rebornbusiness.com\\\/#organization\"},\"potentialAction\":[{\"@type\":\"SearchAction\",\"target\":{\"@type\":\"EntryPoint\",\"urlTemplate\":\"https:\\\/\\\/rebornbusiness.com\\\/?s={search_term_string}\"},\"query-input\":{\"@type\":\"PropertyValueSpecification\",\"valueRequired\":true,\"valueName\":\"search_term_string\"}}],\"inLanguage\":\"tr\"},{\"@type\":\"Organization\",\"@id\":\"https:\\\/\\\/rebornbusiness.com\\\/#organization\",\"name\":\"Q.G.S\",\"url\":\"https:\\\/\\\/rebornbusiness.com\\\/\",\"logo\":{\"@type\":\"ImageObject\",\"inLanguage\":\"tr\",\"@id\":\"https:\\\/\\\/rebornbusiness.com\\\/#\\\/schema\\\/logo\\\/image\\\/\",\"url\":\"https:\\\/\\\/qgsgroup.com\\\/wp-content\\\/uploads\\\/2024\\\/03\\\/logo-electric-tools.png\",\"contentUrl\":\"https:\\\/\\\/qgsgroup.com\\\/wp-content\\\/uploads\\\/2024\\\/03\\\/logo-electric-tools.png\",\"width\":11090,\"height\":2459,\"caption\":\"Q.G.S\"},\"image\":{\"@id\":\"https:\\\/\\\/rebornbusiness.com\\\/#\\\/schema\\\/logo\\\/image\\\/\"}}]}<\/script>\n<!-- \/ Yoast SEO plugin. -->","yoast_head_json":{"title":"adjustable curtain rod brackets Curtain rod wholesale adjustable curtain rod accessories brackets - Q.G.S","robots":{"index":"index","follow":"follow","max-snippet":"max-snippet:-1","max-image-preview":"max-image-preview:large","max-video-preview":"max-video-preview:-1"},"canonical":"https:\/\/qgsgroup.com\/tr\/urun\/adjustable-curtain-rod-brackets-curtain-rod-wholesale-adjustable-curtain-rod-accessories-brackets\/","og_locale":"tr_TR","og_type":"article","og_title":"adjustable curtain rod brackets Curtain rod wholesale adjustable curtain rod accessories brackets - Q.G.S","og_description":"Key attributes Industry-specific attributes Design Style Modern Other attributes Place of Origin Zhejiang, China Type Single Brand Name REVEN curtain rod Model Number RA-R200 Curtain Poles, Tracks &#038; Accessories Type Curtain Poles Material Metal length 1m, 2m, 3m, 4m Curtain Rod Color white Curtain Rod Diam 25,28mm Finial Material Iron PIPE Material Iron BRACKET Material Iron RINGS Material Iron Usage Curtian Accessories Application Home.office.hotel.industy Style Europen MOQ 50 sets Packaging and delivery Packaging Details Full set PVC packing 12 sets in master carton Port NINGBO\/ SHANGHAI Supply Ability Supply Ability 10000 Set\/Sets per Month Products Description Curtain Rod MaterialIronCurtain Size25,28mmColorWhitePackingFull set PVC packing 10 or12 sets in master cartonOEMAcceptedDelivery time15-30DAYS","og_url":"https:\/\/qgsgroup.com\/tr\/urun\/adjustable-curtain-rod-brackets-curtain-rod-wholesale-adjustable-curtain-rod-accessories-brackets\/","og_site_name":"Q.G.S","article_modified_time":"2024-03-31T04:31:31+00:00","og_image":[{"width":750,"height":750,"url":"https:\/\/qgsgroup.com\/wp-content\/uploads\/2024\/03\/he41df92d1d604897871bb6eaf0937cd9x.jpg","type":"image\/jpeg"}],"twitter_card":"summary_large_image","schema":{"@context":"https:\/\/schema.org","@graph":[{"@type":"WebPage","@id":"https:\/\/qgsgroup.com\/product\/adjustable-curtain-rod-brackets-curtain-rod-wholesale-adjustable-curtain-rod-accessories-brackets\/","url":"https:\/\/qgsgroup.com\/product\/adjustable-curtain-rod-brackets-curtain-rod-wholesale-adjustable-curtain-rod-accessories-brackets\/","name":"adjustable curtain rod brackets Curtain rod wholesale adjustable curtain rod accessories brackets - Q.G.S","isPartOf":{"@id":"https:\/\/rebornbusiness.com\/#website"},"primaryImageOfPage":{"@id":"https:\/\/qgsgroup.com\/product\/adjustable-curtain-rod-brackets-curtain-rod-wholesale-adjustable-curtain-rod-accessories-brackets\/#primaryimage"},"image":{"@id":"https:\/\/qgsgroup.com\/product\/adjustable-curtain-rod-brackets-curtain-rod-wholesale-adjustable-curtain-rod-accessories-brackets\/#primaryimage"},"thumbnailUrl":"https:\/\/qgsgroup.com\/wp-content\/uploads\/2024\/03\/he41df92d1d604897871bb6eaf0937cd9x.jpg","datePublished":"2024-03-31T04:31:30+00:00","dateModified":"2024-03-31T04:31:31+00:00","breadcrumb":{"@id":"https:\/\/qgsgroup.com\/product\/adjustable-curtain-rod-brackets-curtain-rod-wholesale-adjustable-curtain-rod-accessories-brackets\/#breadcrumb"},"inLanguage":"tr","potentialAction":[{"@type":"ReadAction","target":["https:\/\/qgsgroup.com\/product\/adjustable-curtain-rod-brackets-curtain-rod-wholesale-adjustable-curtain-rod-accessories-brackets\/"]}]},{"@type":"ImageObject","inLanguage":"tr","@id":"https:\/\/qgsgroup.com\/product\/adjustable-curtain-rod-brackets-curtain-rod-wholesale-adjustable-curtain-rod-accessories-brackets\/#primaryimage","url":"https:\/\/qgsgroup.com\/wp-content\/uploads\/2024\/03\/he41df92d1d604897871bb6eaf0937cd9x.jpg","contentUrl":"https:\/\/qgsgroup.com\/wp-content\/uploads\/2024\/03\/he41df92d1d604897871bb6eaf0937cd9x.jpg","width":750,"height":750},{"@type":"BreadcrumbList","@id":"https:\/\/qgsgroup.com\/product\/adjustable-curtain-rod-brackets-curtain-rod-wholesale-adjustable-curtain-rod-accessories-brackets\/#breadcrumb","itemListElement":[{"@type":"ListItem","position":1,"name":"Home","item":"https:\/\/qgsgroup.com\/"},{"@type":"ListItem","position":2,"name":"Products","item":"https:\/\/qgsgroup.com\/products\/"},{"@type":"ListItem","position":3,"name":"adjustable curtain rod brackets Curtain rod wholesale adjustable curtain rod accessories brackets"}]},{"@type":"WebSite","@id":"https:\/\/rebornbusiness.com\/#website","url":"https:\/\/rebornbusiness.com\/","name":"Q.G.S","description":"Q.G.S group company","publisher":{"@id":"https:\/\/rebornbusiness.com\/#organization"},"potentialAction":[{"@type":"SearchAction","target":{"@type":"EntryPoint","urlTemplate":"https:\/\/rebornbusiness.com\/?s={search_term_string}"},"query-input":{"@type":"PropertyValueSpecification","valueRequired":true,"valueName":"search_term_string"}}],"inLanguage":"tr"},{"@type":"Organization","@id":"https:\/\/rebornbusiness.com\/#organization","name":"Q.G.S","url":"https:\/\/rebornbusiness.com\/","logo":{"@type":"ImageObject","inLanguage":"tr","@id":"https:\/\/rebornbusiness.com\/#\/schema\/logo\/image\/","url":"https:\/\/qgsgroup.com\/wp-content\/uploads\/2024\/03\/logo-electric-tools.png","contentUrl":"https:\/\/qgsgroup.com\/wp-content\/uploads\/2024\/03\/logo-electric-tools.png","width":11090,"height":2459,"caption":"Q.G.S"},"image":{"@id":"https:\/\/rebornbusiness.com\/#\/schema\/logo\/image\/"}}]}},"_links":{"self":[{"href":"https:\/\/qgsgroup.com\/tr\/wp-json\/wp\/v2\/product\/7405","targetHints":{"allow":["GET"]}}],"collection":[{"href":"https:\/\/qgsgroup.com\/tr\/wp-json\/wp\/v2\/product"}],"about":[{"href":"https:\/\/qgsgroup.com\/tr\/wp-json\/wp\/v2\/types\/product"}],"wp:featuredmedia":[{"embeddable":true,"href":"https:\/\/qgsgroup.com\/tr\/wp-json\/wp\/v2\/media\/7404"}],"wp:attachment":[{"href":"https:\/\/qgsgroup.com\/tr\/wp-json\/wp\/v2\/media?parent=7405"}],"wp:term":[{"taxonomy":"product_brand","embeddable":true,"href":"https:\/\/qgsgroup.com\/tr\/wp-json\/wp\/v2\/product_brand?post=7405"},{"taxonomy":"product_cat","embeddable":true,"href":"https:\/\/qgsgroup.com\/tr\/wp-json\/wp\/v2\/product_cat?post=7405"},{"taxonomy":"product_tag","embeddable":true,"href":"https:\/\/qgsgroup.com\/tr\/wp-json\/wp\/v2\/product_tag?post=7405"}],"curies":[{"name":"wp","href":"https:\/\/api.w.org\/{rel}","templated":true}]}}