{"id":7543,"date":"2024-03-31T04:41:50","date_gmt":"2024-03-31T04:41:50","guid":{"rendered":"https:\/\/qgsgroup.com\/products\/low-curtain-rod-price-iron-rod-28mm-curtains-pole-twist-pipe-morocco-ab-color\/"},"modified":"2024-03-31T04:42:21","modified_gmt":"2024-03-31T04:42:21","slug":"low-curtain-rod-price-iron-rod-28mm-curtains-pole-twist-pipe-morocco-ab-color","status":"publish","type":"product","link":"https:\/\/qgsgroup.com\/tr\/urun\/low-curtain-rod-price-iron-rod-28mm-curtains-pole-twist-pipe-morocco-ab-color\/","title":{"rendered":"D\u00fc\u015f\u00fck perde \u00e7ubuk fiyat\u0131 demir \u00e7ubuk 28mm perde dire\u011fi b\u00fck\u00fcm boru Fas AB rengi"},"content":{"rendered":"<div class=\"product-key-attributes\">\n<h3>Anahtar nitelikler<\/h3>\n<h4>Sekt\u00f6re \u00f6zg\u00fc \u00f6zellikler<\/h4>\n<ul>\n<li><label>Tasar\u0131m Stili<\/label>\n<div>Modern<\/div>\n<\/li>\n<\/ul>\n<h4>Di\u011fer \u00f6zellikler<\/h4>\n<ul>\n<li><label>Anavatan<\/label>\n<div>Zhejiang, \u00c7in<\/div>\n<\/li>\n<li><label>Tip<\/label>\n<div>Bekar<\/div>\n<\/li>\n<li><label>Marka ad\u0131<\/label>\n<div>OEM<\/div>\n<\/li>\n<li><label>Model numaras\u0131<\/label>\n<div>RA-P011<\/div>\n<\/li>\n<li><label>Perde Direkleri, Raylar\u0131 ve Aksesuarlar\u0131 T\u00fcr\u00fc<\/label>\n<div>Perde Direkleri<\/div>\n<\/li>\n<li><label>Malzeme<\/label>\n<div>Metal<\/div>\n<\/li>\n<li><label>Malzeme<\/label>\n<div>\u00dct\u00fc<\/div>\n<\/li>\n<li><label>Renk<\/label>\n<div>AB, AC, alt\u0131n, g\u00fcm\u00fc\u015f, krom, siyah, beyaz vb\u2026<\/div>\n<\/li>\n<li><label>\u00c7ap<\/label>\n<div>12mm,16mm,19mm,22mm,25mm,28mm,28mm<\/div>\n<\/li>\n<li><label>Uzunluk<\/label>\n<div>1m-6m \u00f6zelle\u015ftirme<\/div>\n<\/li>\n<li><label>\u00dcr\u00fcn ad\u0131<\/label>\n<div>twist curtain rod<\/div>\n<\/li>\n<li><label>Adedi<\/label>\n<div>500 adet<\/div>\n<\/li>\n<li><label>Kullan\u0131m<\/label>\n<div>Pencere Perde Ev Dekorasyonu<\/div>\n<\/li>\n<li><label>Anahtar kelimeler<\/label>\n<div>curtian rod<\/div>\n<\/li>\n<li><label>Marka<\/label>\n<div>JOREVEN<\/div>\n<\/li>\n<li><label>Stil<\/label>\n<div>b\u00fck\u00fcm boru<\/div>\n<\/li>\n<\/ul>\n<h4>Paketleme ve teslimat<\/h4>\n<ul>\n<li><label>paketleme Detaylar\u0131<\/label>\n<div>CTN,bag<\/div>\n<\/li>\n<li><label>Liman<\/label>\n<div>Ningbo, \u015eanghay, Yantian<\/div>\n<\/li>\n<\/ul>\n<h4>Tedarik Yetene\u011fi<\/h4>\n<ul>\n<li><label>Tedarik Yetene\u011fi<\/label>\n<div>Ayda 1000000 Adet \/ Adet<\/div>\n<\/li>\n<\/ul>\n<\/div>\n<div class=\"product-customization\">\n<h3>\u00d6zelle\u015ftirme<\/h3>\n<div>\n<div>\n<p>\u00d6zelle\u015ftirilmi\u015f logo<\/p>\n<p><label>Min. emir:<\/label>1000<\/p>\n<\/div>\n<div>\n<p>\u00d6zelle\u015ftirilmi\u015f ambalaj<\/p>\n<p><label>Min. emir:<\/label>1000<\/p>\n<\/div>\n<div>\n<p>Grafik \u00f6zelle\u015ftirme<\/p>\n<p><label>Min. emir:<\/label>1000<\/p>\n<\/div>\n<\/div>\n<\/div>\n<p><div data-magic-global=\"%7B%22bizId%22%3A3210435406%2C%22pageId%22%3A21232475953%2C%22siteId%22%3A5005373107%7D\" id=\"detail_decorate_root\"><br \/>\n      <div module-id=\"33601130563\" module-title=\"detailSingleImage\" render=\"true\" class=\"J_module\"><div class=\"icbu-pc-images magic-0\"><div><div class=\"flex-layout-v\"><div class=\"flex-layout-h magic-0\"><div class=\"magic-1\"><img src=\"https:\/\/qgsgroup.com\/wp-content\/uploads\/aliexpress\/h5175047b0a0e4ad7a22e9513ef1a33acm.jpg\" usemap=\"#2-4f-462-147d\" class=\"magic-2\"\/><\/div><\/div><\/div><\/div><\/div><\/div><\/p>\n<p>      <div module-id=\"33601130564\" module-title=\"detailProductNavigation\" render=\"true\" class=\"J_module\"><div id=\"ali-anchor-AliMagic-jyls4w\" data-section=\"AliMagic-jyls4w\" data-section-title=\"Products Description\" class=\"magic-3\">\u00dcr\u00fcn A\u00e7\u0131klamas\u0131<\/div><\/div><\/p>\n<p>      <div module-id=\"33601130565\" module-title=\"detailTableNoTitle\" render=\"true\" class=\"J_module\"><div class=\"ife-detail-decorate-table\"><table class=\"all magic-4\"><tbody><tr><td colspan=\"1\" rowspan=\"1\"><div class=\"magic-5\">Malzeme<\/div><\/td><td colspan=\"3\" rowspan=\"1\"><div class=\"magic-6\">\u00dct\u00fc<\/div><\/td><\/tr><tr><td colspan=\"1\" rowspan=\"1\"><div class=\"magic-5\">Boyut<\/div><\/td><td colspan=\"3\" rowspan=\"1\"><div class=\"magic-6\">\u00c7ap: 12mm,16mm,19mm,22mm,25mm,28mm<br\/>Uzunluk: 1m-6m \u00f6zelle\u015ftirme<\/div><\/td><\/tr><tr><td colspan=\"1\" rowspan=\"1\"><div class=\"magic-5\">Renk<\/div><\/td><td colspan=\"3\" rowspan=\"1\"><div class=\"magic-6\">AB, AC, alt\u0131n, g\u00fcm\u00fc\u015f, krom, siyah, beyaz vb\u2026<\/div><\/td><\/tr><tr><td colspan=\"1\" rowspan=\"1\"><div class=\"magic-5\">Teslimat s\u00fcresi<\/div><\/td><td colspan=\"3\" rowspan=\"1\"><div class=\"magic-6\">20-40 g\u00fcn<\/div><\/td><\/tr><\/tbody><\/table><\/div><\/div><\/p>\n<p>      <div module-id=\"33601130566\" module-title=\"detailManyImage\" render=\"true\" class=\"J_module\"><div class=\"icbu-pc-detailManyImage magic-10\"><div class=\"magic-11\"><img src=\"https:\/\/qgsgroup.com\/wp-content\/uploads\/aliexpress\/h15e6611e68674435a5df135cf4b1d8c7k.jpg\" class=\"magic-12\"\/><\/div><div class=\"magic-11\"><img src=\"https:\/\/qgsgroup.com\/wp-content\/uploads\/aliexpress\/h6d49d99a086142129a52565156e88eb1m.jpg\" class=\"magic-12\"\/><\/div><div class=\"magic-11\"><img src=\"https:\/\/qgsgroup.com\/wp-content\/uploads\/aliexpress\/h74a90a287f4f4f49b3004f6b5a1015fbj.jpg\" class=\"magic-12\"\/><\/div><div class=\"magic-11\"><img src=\"https:\/\/qgsgroup.com\/wp-content\/uploads\/aliexpress\/hea2d1a22977d4ee38f26e08c13ce0092d.jpg\" class=\"magic-12\"\/><\/div><div class=\"magic-11\"><img src=\"https:\/\/qgsgroup.com\/wp-content\/uploads\/aliexpress\/he13db18519224b919e55307a18bd59d07.jpg\" class=\"magic-12\"\/><\/div><\/div><\/div><\/p>\n<p>      <div module-id=\"33601130567\" module-title=\"detailSingleImage\" render=\"true\" class=\"J_module\"><div class=\"icbu-pc-images magic-0\"><div><div class=\"flex-layout-v\"><div class=\"flex-layout-h magic-0\"><div class=\"magic-13\"><img src=\"https:\/\/qgsgroup.com\/wp-content\/uploads\/aliexpress\/hea1474d1449e48738f187618f545d275w.jpg\" class=\"magic-14\"\/><\/div><\/div><\/div><\/div><\/div><\/div><\/p>\n<p>      <div module-id=\"33601130568\" module-title=\"detailSingleImage\" render=\"true\" class=\"J_module\"><div class=\"icbu-pc-images magic-0\"><div><div class=\"flex-layout-v\"><div class=\"flex-layout-h magic-0\"><div class=\"magic-15\"><img src=\"https:\/\/qgsgroup.com\/wp-content\/uploads\/aliexpress\/h7980e415ddab43d7918a50f6d1e84b88s.jpg\" class=\"magic-16\"\/><\/div><\/div><\/div><\/div><\/div><\/div><\/p>\n<p><\/DIV><\/p>","protected":false},"excerpt":{"rendered":"<p>Key attributes Industry-specific attributes Design Style Contemporary Other attributes Place of Origin Zhejiang, China Type Single Brand Name OEM Model Number RA-P011 Curtain Poles, Tracks &#038; Accessories Type Curtain Poles Material Metal Material Iron Color AB,AC,golden,silver,chrome,black,white,etc&#8230; Diameter 12mm,16mm,19mm,22mm,25mm,28mm,28mm Length 1m-6m customization Product Name twist curtain rod MOQ 500pcs Usage Window Curtain Home Decoration Keywords curtian rod Brand JOREVEN Style twist pipe Packaging and delivery Packaging Details CTN,bag Port Ningbo,Shanghai,Yantian Supply Ability Supply Ability 1000000 Piece\/Pieces per Month Customization Customized logo Min. order:1000 Customized packaging Min. order:1000 Graphic customization Min. order:1000 Products Description MaterialIronSizeDiameter:12mm,16mm,19mm,22mm,25mm,28mmLength:1m-6m customizationColorAB,AC,golden,silver,chrome,black,white,etc&#8230;Delivery time20-40 days<\/p>","protected":false},"featured_media":3479,"template":"","meta":{"site-sidebar-layout":"default","site-content-layout":"","ast-site-content-layout":"","site-content-style":"default","site-sidebar-style":"default","ast-global-header-display":"","ast-banner-title-visibility":"","ast-main-header-display":"","ast-hfb-above-header-display":"","ast-hfb-below-header-display":"","ast-hfb-mobile-header-display":"","site-post-title":"","ast-breadcrumbs-content":"","ast-featured-img":"","footer-sml-layout":"","theme-transparent-header-meta":"","adv-header-id-meta":"","stick-header-meta":"","header-above-stick-meta":"","header-main-stick-meta":"","header-below-stick-meta":"","astra-migrate-meta-layouts":"default","ast-page-background-enabled":"default","ast-page-background-meta":{"desktop":{"background-color":"","background-image":"","background-repeat":"repeat","background-position":"center center","background-size":"auto","background-attachment":"scroll","background-type":"","background-media":"","overlay-type":"","overlay-color":"","overlay-opacity":"","overlay-gradient":""},"tablet":{"background-color":"","background-image":"","background-repeat":"repeat","background-position":"center center","background-size":"auto","background-attachment":"scroll","background-type":"","background-media":"","overlay-type":"","overlay-color":"","overlay-opacity":"","overlay-gradient":""},"mobile":{"background-color":"","background-image":"","background-repeat":"repeat","background-position":"center center","background-size":"auto","background-attachment":"scroll","background-type":"","background-media":"","overlay-type":"","overlay-color":"","overlay-opacity":"","overlay-gradient":""}},"ast-content-background-meta":{"desktop":{"background-color":"var(--ast-global-color-5)","background-image":"","background-repeat":"repeat","background-position":"center center","background-size":"auto","background-attachment":"scroll","background-type":"","background-media":"","overlay-type":"","overlay-color":"","overlay-opacity":"","overlay-gradient":""},"tablet":{"background-color":"var(--ast-global-color-5)","background-image":"","background-repeat":"repeat","background-position":"center center","background-size":"auto","background-attachment":"scroll","background-type":"","background-media":"","overlay-type":"","overlay-color":"","overlay-opacity":"","overlay-gradient":""},"mobile":{"background-color":"var(--ast-global-color-5)","background-image":"","background-repeat":"repeat","background-position":"center center","background-size":"auto","background-attachment":"scroll","background-type":"","background-media":"","overlay-type":"","overlay-color":"","overlay-opacity":"","overlay-gradient":""}}},"product_brand":[],"product_cat":[66],"product_tag":[],"class_list":{"0":"post-7543","1":"product","2":"type-product","3":"status-publish","4":"has-post-thumbnail","6":"product_cat-curtain-poles-pipes-tubes","7":"desktop-align-left","8":"tablet-align-left","9":"mobile-align-left","11":"first","12":"instock","13":"shipping-taxable","14":"product-type-simple"},"yoast_head":"<!-- This site is optimized with the Yoast SEO plugin v27.4 - https:\/\/yoast.com\/product\/yoast-seo-wordpress\/ -->\n<title>Low curtain rod price iron rod 28mm curtains pole twist pipe Morocco AB color - Q.G.S<\/title>\n<meta name=\"robots\" content=\"index, follow, max-snippet:-1, max-image-preview:large, max-video-preview:-1\" \/>\n<link rel=\"canonical\" href=\"https:\/\/qgsgroup.com\/tr\/urun\/low-curtain-rod-price-iron-rod-28mm-curtains-pole-twist-pipe-morocco-ab-color\/\" \/>\n<meta property=\"og:locale\" content=\"tr_TR\" \/>\n<meta property=\"og:type\" content=\"article\" \/>\n<meta property=\"og:title\" content=\"Low curtain rod price iron rod 28mm curtains pole twist pipe Morocco AB color - Q.G.S\" \/>\n<meta property=\"og:description\" content=\"Key attributes Industry-specific attributes Design Style Contemporary Other attributes Place of Origin Zhejiang, China Type Single Brand Name OEM Model Number RA-P011 Curtain Poles, Tracks &#038; Accessories Type Curtain Poles Material Metal Material Iron Color AB,AC,golden,silver,chrome,black,white,etc&#8230; Diameter 12mm,16mm,19mm,22mm,25mm,28mm,28mm Length 1m-6m customization Product Name twist curtain rod MOQ 500pcs Usage Window Curtain Home Decoration Keywords curtian rod Brand JOREVEN Style twist pipe Packaging and delivery Packaging Details CTN,bag Port Ningbo,Shanghai,Yantian Supply Ability Supply Ability 1000000 Piece\/Pieces per Month Customization Customized logo Min. order:1000 Customized packaging Min. order:1000 Graphic customization Min. order:1000 Products Description MaterialIronSizeDiameter:12mm,16mm,19mm,22mm,25mm,28mmLength:1m-6m customizationColorAB,AC,golden,silver,chrome,black,white,etc&#8230;Delivery time20-40 days\" \/>\n<meta property=\"og:url\" content=\"https:\/\/qgsgroup.com\/tr\/urun\/low-curtain-rod-price-iron-rod-28mm-curtains-pole-twist-pipe-morocco-ab-color\/\" \/>\n<meta property=\"og:site_name\" content=\"Q.G.S\" \/>\n<meta property=\"article:modified_time\" content=\"2024-03-31T04:42:21+00:00\" \/>\n<meta property=\"og:image\" content=\"https:\/\/qgsgroup.com\/wp-content\/uploads\/aliexpress\/h37feab71a97947c691ab29e6cfbabcc1l.jpg\" \/>\n\t<meta property=\"og:image:width\" content=\"800\" \/>\n\t<meta property=\"og:image:height\" content=\"800\" \/>\n\t<meta property=\"og:image:type\" content=\"image\/jpeg\" \/>\n<meta name=\"twitter:card\" content=\"summary_large_image\" \/>\n<meta name=\"twitter:label1\" content=\"Tahmini okuma s\u00fcresi\" \/>\n\t<meta name=\"twitter:data1\" content=\"1 dakika\" \/>\n<script type=\"application\/ld+json\" class=\"yoast-schema-graph\">{\"@context\":\"https:\\\/\\\/schema.org\",\"@graph\":[{\"@type\":\"WebPage\",\"@id\":\"https:\\\/\\\/qgsgroup.com\\\/product\\\/low-curtain-rod-price-iron-rod-28mm-curtains-pole-twist-pipe-morocco-ab-color\\\/\",\"url\":\"https:\\\/\\\/qgsgroup.com\\\/product\\\/low-curtain-rod-price-iron-rod-28mm-curtains-pole-twist-pipe-morocco-ab-color\\\/\",\"name\":\"Low curtain rod price iron rod 28mm curtains pole twist pipe Morocco AB color - Q.G.S\",\"isPartOf\":{\"@id\":\"https:\\\/\\\/rebornbusiness.com\\\/#website\"},\"primaryImageOfPage\":{\"@id\":\"https:\\\/\\\/qgsgroup.com\\\/product\\\/low-curtain-rod-price-iron-rod-28mm-curtains-pole-twist-pipe-morocco-ab-color\\\/#primaryimage\"},\"image\":{\"@id\":\"https:\\\/\\\/qgsgroup.com\\\/product\\\/low-curtain-rod-price-iron-rod-28mm-curtains-pole-twist-pipe-morocco-ab-color\\\/#primaryimage\"},\"thumbnailUrl\":\"https:\\\/\\\/qgsgroup.com\\\/wp-content\\\/uploads\\\/aliexpress\\\/h37feab71a97947c691ab29e6cfbabcc1l.jpg\",\"datePublished\":\"2024-03-31T04:41:50+00:00\",\"dateModified\":\"2024-03-31T04:42:21+00:00\",\"breadcrumb\":{\"@id\":\"https:\\\/\\\/qgsgroup.com\\\/product\\\/low-curtain-rod-price-iron-rod-28mm-curtains-pole-twist-pipe-morocco-ab-color\\\/#breadcrumb\"},\"inLanguage\":\"tr\",\"potentialAction\":[{\"@type\":\"ReadAction\",\"target\":[\"https:\\\/\\\/qgsgroup.com\\\/product\\\/low-curtain-rod-price-iron-rod-28mm-curtains-pole-twist-pipe-morocco-ab-color\\\/\"]}]},{\"@type\":\"ImageObject\",\"inLanguage\":\"tr\",\"@id\":\"https:\\\/\\\/qgsgroup.com\\\/product\\\/low-curtain-rod-price-iron-rod-28mm-curtains-pole-twist-pipe-morocco-ab-color\\\/#primaryimage\",\"url\":\"https:\\\/\\\/qgsgroup.com\\\/wp-content\\\/uploads\\\/aliexpress\\\/h37feab71a97947c691ab29e6cfbabcc1l.jpg\",\"contentUrl\":\"https:\\\/\\\/qgsgroup.com\\\/wp-content\\\/uploads\\\/aliexpress\\\/h37feab71a97947c691ab29e6cfbabcc1l.jpg\",\"width\":800,\"height\":800,\"caption\":\"Low curtain rod price iron rod 28mm curtains pole twist pipe Morocco AB color\"},{\"@type\":\"BreadcrumbList\",\"@id\":\"https:\\\/\\\/qgsgroup.com\\\/product\\\/low-curtain-rod-price-iron-rod-28mm-curtains-pole-twist-pipe-morocco-ab-color\\\/#breadcrumb\",\"itemListElement\":[{\"@type\":\"ListItem\",\"position\":1,\"name\":\"Home\",\"item\":\"https:\\\/\\\/qgsgroup.com\\\/\"},{\"@type\":\"ListItem\",\"position\":2,\"name\":\"Products\",\"item\":\"https:\\\/\\\/qgsgroup.com\\\/products\\\/\"},{\"@type\":\"ListItem\",\"position\":3,\"name\":\"Low curtain rod price iron rod 28mm curtains pole twist pipe Morocco AB color\"}]},{\"@type\":\"WebSite\",\"@id\":\"https:\\\/\\\/rebornbusiness.com\\\/#website\",\"url\":\"https:\\\/\\\/rebornbusiness.com\\\/\",\"name\":\"Q.G.S\",\"description\":\"Q.G.S group company\",\"publisher\":{\"@id\":\"https:\\\/\\\/rebornbusiness.com\\\/#organization\"},\"potentialAction\":[{\"@type\":\"SearchAction\",\"target\":{\"@type\":\"EntryPoint\",\"urlTemplate\":\"https:\\\/\\\/rebornbusiness.com\\\/?s={search_term_string}\"},\"query-input\":{\"@type\":\"PropertyValueSpecification\",\"valueRequired\":true,\"valueName\":\"search_term_string\"}}],\"inLanguage\":\"tr\"},{\"@type\":\"Organization\",\"@id\":\"https:\\\/\\\/rebornbusiness.com\\\/#organization\",\"name\":\"Q.G.S\",\"url\":\"https:\\\/\\\/rebornbusiness.com\\\/\",\"logo\":{\"@type\":\"ImageObject\",\"inLanguage\":\"tr\",\"@id\":\"https:\\\/\\\/rebornbusiness.com\\\/#\\\/schema\\\/logo\\\/image\\\/\",\"url\":\"https:\\\/\\\/qgsgroup.com\\\/wp-content\\\/uploads\\\/2024\\\/03\\\/logo-electric-tools.png\",\"contentUrl\":\"https:\\\/\\\/qgsgroup.com\\\/wp-content\\\/uploads\\\/2024\\\/03\\\/logo-electric-tools.png\",\"width\":11090,\"height\":2459,\"caption\":\"Q.G.S\"},\"image\":{\"@id\":\"https:\\\/\\\/rebornbusiness.com\\\/#\\\/schema\\\/logo\\\/image\\\/\"}}]}<\/script>\n<!-- \/ Yoast SEO plugin. -->","yoast_head_json":{"title":"Low curtain rod price iron rod 28mm curtains pole twist pipe Morocco AB color - Q.G.S","robots":{"index":"index","follow":"follow","max-snippet":"max-snippet:-1","max-image-preview":"max-image-preview:large","max-video-preview":"max-video-preview:-1"},"canonical":"https:\/\/qgsgroup.com\/tr\/urun\/low-curtain-rod-price-iron-rod-28mm-curtains-pole-twist-pipe-morocco-ab-color\/","og_locale":"tr_TR","og_type":"article","og_title":"Low curtain rod price iron rod 28mm curtains pole twist pipe Morocco AB color - Q.G.S","og_description":"Key attributes Industry-specific attributes Design Style Contemporary Other attributes Place of Origin Zhejiang, China Type Single Brand Name OEM Model Number RA-P011 Curtain Poles, Tracks &#038; Accessories Type Curtain Poles Material Metal Material Iron Color AB,AC,golden,silver,chrome,black,white,etc&#8230; Diameter 12mm,16mm,19mm,22mm,25mm,28mm,28mm Length 1m-6m customization Product Name twist curtain rod MOQ 500pcs Usage Window Curtain Home Decoration Keywords curtian rod Brand JOREVEN Style twist pipe Packaging and delivery Packaging Details CTN,bag Port Ningbo,Shanghai,Yantian Supply Ability Supply Ability 1000000 Piece\/Pieces per Month Customization Customized logo Min. order:1000 Customized packaging Min. order:1000 Graphic customization Min. order:1000 Products Description MaterialIronSizeDiameter:12mm,16mm,19mm,22mm,25mm,28mmLength:1m-6m customizationColorAB,AC,golden,silver,chrome,black,white,etc&#8230;Delivery time20-40 days","og_url":"https:\/\/qgsgroup.com\/tr\/urun\/low-curtain-rod-price-iron-rod-28mm-curtains-pole-twist-pipe-morocco-ab-color\/","og_site_name":"Q.G.S","article_modified_time":"2024-03-31T04:42:21+00:00","og_image":[{"width":800,"height":800,"url":"https:\/\/qgsgroup.com\/wp-content\/uploads\/aliexpress\/h37feab71a97947c691ab29e6cfbabcc1l.jpg","type":"image\/jpeg"}],"twitter_card":"summary_large_image","twitter_misc":{"Tahmini okuma s\u00fcresi":"1 dakika"},"schema":{"@context":"https:\/\/schema.org","@graph":[{"@type":"WebPage","@id":"https:\/\/qgsgroup.com\/product\/low-curtain-rod-price-iron-rod-28mm-curtains-pole-twist-pipe-morocco-ab-color\/","url":"https:\/\/qgsgroup.com\/product\/low-curtain-rod-price-iron-rod-28mm-curtains-pole-twist-pipe-morocco-ab-color\/","name":"Low curtain rod price iron rod 28mm curtains pole twist pipe Morocco AB color - Q.G.S","isPartOf":{"@id":"https:\/\/rebornbusiness.com\/#website"},"primaryImageOfPage":{"@id":"https:\/\/qgsgroup.com\/product\/low-curtain-rod-price-iron-rod-28mm-curtains-pole-twist-pipe-morocco-ab-color\/#primaryimage"},"image":{"@id":"https:\/\/qgsgroup.com\/product\/low-curtain-rod-price-iron-rod-28mm-curtains-pole-twist-pipe-morocco-ab-color\/#primaryimage"},"thumbnailUrl":"https:\/\/qgsgroup.com\/wp-content\/uploads\/aliexpress\/h37feab71a97947c691ab29e6cfbabcc1l.jpg","datePublished":"2024-03-31T04:41:50+00:00","dateModified":"2024-03-31T04:42:21+00:00","breadcrumb":{"@id":"https:\/\/qgsgroup.com\/product\/low-curtain-rod-price-iron-rod-28mm-curtains-pole-twist-pipe-morocco-ab-color\/#breadcrumb"},"inLanguage":"tr","potentialAction":[{"@type":"ReadAction","target":["https:\/\/qgsgroup.com\/product\/low-curtain-rod-price-iron-rod-28mm-curtains-pole-twist-pipe-morocco-ab-color\/"]}]},{"@type":"ImageObject","inLanguage":"tr","@id":"https:\/\/qgsgroup.com\/product\/low-curtain-rod-price-iron-rod-28mm-curtains-pole-twist-pipe-morocco-ab-color\/#primaryimage","url":"https:\/\/qgsgroup.com\/wp-content\/uploads\/aliexpress\/h37feab71a97947c691ab29e6cfbabcc1l.jpg","contentUrl":"https:\/\/qgsgroup.com\/wp-content\/uploads\/aliexpress\/h37feab71a97947c691ab29e6cfbabcc1l.jpg","width":800,"height":800,"caption":"Low curtain rod price iron rod 28mm curtains pole twist pipe Morocco AB color"},{"@type":"BreadcrumbList","@id":"https:\/\/qgsgroup.com\/product\/low-curtain-rod-price-iron-rod-28mm-curtains-pole-twist-pipe-morocco-ab-color\/#breadcrumb","itemListElement":[{"@type":"ListItem","position":1,"name":"Home","item":"https:\/\/qgsgroup.com\/"},{"@type":"ListItem","position":2,"name":"Products","item":"https:\/\/qgsgroup.com\/products\/"},{"@type":"ListItem","position":3,"name":"Low curtain rod price iron rod 28mm curtains pole twist pipe Morocco AB color"}]},{"@type":"WebSite","@id":"https:\/\/rebornbusiness.com\/#website","url":"https:\/\/rebornbusiness.com\/","name":"Q.G.S","description":"Q.G.S group company","publisher":{"@id":"https:\/\/rebornbusiness.com\/#organization"},"potentialAction":[{"@type":"SearchAction","target":{"@type":"EntryPoint","urlTemplate":"https:\/\/rebornbusiness.com\/?s={search_term_string}"},"query-input":{"@type":"PropertyValueSpecification","valueRequired":true,"valueName":"search_term_string"}}],"inLanguage":"tr"},{"@type":"Organization","@id":"https:\/\/rebornbusiness.com\/#organization","name":"Q.G.S","url":"https:\/\/rebornbusiness.com\/","logo":{"@type":"ImageObject","inLanguage":"tr","@id":"https:\/\/rebornbusiness.com\/#\/schema\/logo\/image\/","url":"https:\/\/qgsgroup.com\/wp-content\/uploads\/2024\/03\/logo-electric-tools.png","contentUrl":"https:\/\/qgsgroup.com\/wp-content\/uploads\/2024\/03\/logo-electric-tools.png","width":11090,"height":2459,"caption":"Q.G.S"},"image":{"@id":"https:\/\/rebornbusiness.com\/#\/schema\/logo\/image\/"}}]}},"_links":{"self":[{"href":"https:\/\/qgsgroup.com\/tr\/wp-json\/wp\/v2\/product\/7543","targetHints":{"allow":["GET"]}}],"collection":[{"href":"https:\/\/qgsgroup.com\/tr\/wp-json\/wp\/v2\/product"}],"about":[{"href":"https:\/\/qgsgroup.com\/tr\/wp-json\/wp\/v2\/types\/product"}],"wp:featuredmedia":[{"embeddable":true,"href":"https:\/\/qgsgroup.com\/tr\/wp-json\/wp\/v2\/media\/3479"}],"wp:attachment":[{"href":"https:\/\/qgsgroup.com\/tr\/wp-json\/wp\/v2\/media?parent=7543"}],"wp:term":[{"taxonomy":"product_brand","embeddable":true,"href":"https:\/\/qgsgroup.com\/tr\/wp-json\/wp\/v2\/product_brand?post=7543"},{"taxonomy":"product_cat","embeddable":true,"href":"https:\/\/qgsgroup.com\/tr\/wp-json\/wp\/v2\/product_cat?post=7543"},{"taxonomy":"product_tag","embeddable":true,"href":"https:\/\/qgsgroup.com\/tr\/wp-json\/wp\/v2\/product_tag?post=7543"}],"curies":[{"name":"wp","href":"https:\/\/api.w.org\/{rel}","templated":true}]}}