{"id":7693,"date":"2024-03-31T05:47:45","date_gmt":"2024-03-31T05:47:45","guid":{"rendered":"https:\/\/qgsgroup.com\/products\/factory-price-curtain-plastic-pin-hooks-s-type-curtain-hooks-wave-curtain-runner-hooks\/"},"modified":"2024-03-31T05:47:47","modified_gmt":"2024-03-31T05:47:47","slug":"factory-price-curtain-plastic-pin-hooks-s-type-curtain-hooks-wave-curtain-runner-hooks","status":"publish","type":"product","link":"https:\/\/qgsgroup.com\/tr\/urun\/factory-price-curtain-plastic-pin-hooks-s-type-curtain-hooks-wave-curtain-runner-hooks\/","title":{"rendered":"Fabrika Fiyat Perde Plastik Pim Kancalar\u0131 S Tipi Perde Kancalar\u0131 Dalga Perde Ko\u015fucu Kancalar\u0131"},"content":{"rendered":"<div class=\"product-key-attributes\">\n<h3>Anahtar nitelikler<\/h3>\n<h4>Sekt\u00f6re \u00f6zg\u00fc \u00f6zellikler<\/h4>\n<ul>\n<li><label>Tasar\u0131m Stili<\/label>\n<div>Modern<\/div>\n<\/li>\n<\/ul>\n<h4>Di\u011fer \u00f6zellikler<\/h4>\n<ul>\n<li><label>Anavatan<\/label>\n<div>Zhejiang, \u00c7in<\/div>\n<\/li>\n<li><label>Tip<\/label>\n<div>Bekar<\/div>\n<\/li>\n<li><label>Marka ad\u0131<\/label>\n<div>OEM<\/div>\n<\/li>\n<li><label>Model numaras\u0131<\/label>\n<div>RF-P008<\/div>\n<\/li>\n<li><label>Perde Direkleri, Raylar\u0131 ve Aksesuarlar\u0131 T\u00fcr\u00fc<\/label>\n<div>Perde Aksesuarlar\u0131<\/div>\n<\/li>\n<li><label>Malzeme<\/label>\n<div>plastik<\/div>\n<\/li>\n<li><label>Tip<\/label>\n<div>Perde Direkleri, Raylar\u0131 ve Aksesuarlar\u0131<\/div>\n<\/li>\n<li><label>Malzeme<\/label>\n<div>plastik<\/div>\n<\/li>\n<li><label>Renk<\/label>\n<div>beyaz<\/div>\n<\/li>\n<li><label>Teslimat s\u00fcresi<\/label>\n<div>20DAYS<\/div>\n<\/li>\n<li><label>Colors<\/label>\n<div>Beyaz<\/div>\n<\/li>\n<li><label>Paketleme<\/label>\n<div>CTN<\/div>\n<\/li>\n<\/ul>\n<h4>Paketleme ve teslimat<\/h4>\n<ul>\n<li><label>paketleme Detaylar\u0131<\/label>\n<div>CTN<\/div>\n<\/li>\n<li><label>Liman<\/label>\n<div>ningbo,shanghai,etc&#8230;<\/div>\n<\/li>\n<\/ul>\n<h4>Tedarik Yetene\u011fi<\/h4>\n<ul>\n<li><label>Tedarik Yetene\u011fi<\/label>\n<div>5000000 Piece\/Pieces per   Month<\/div>\n<\/li>\n<\/ul>\n<\/div>\n<div class=\"product-customization\">\n<h3>\u00d6zelle\u015ftirme<\/h3>\n<div>\n<div>\n<p>\u00d6zelle\u015ftirilmi\u015f logo<\/p>\n<p><label>Min. emir:<\/label>20<\/p>\n<\/div>\n<div>\n<p>\u00d6zelle\u015ftirilmi\u015f ambalaj<\/p>\n<p><label>Min. emir:<\/label>20<\/p>\n<\/div>\n<div>\n<p>Grafik \u00f6zelle\u015ftirme<\/p>\n<p><label>Min. emir:<\/label>20<\/p>\n<\/div>\n<\/div>\n<\/div>\n<p><div data-magic-global=\"%7B%22bizId%22%3A3210435406%2C%22pageId%22%3A21171869701%2C%22siteId%22%3A5005373107%7D\" id=\"detail_decorate_root\"><br \/>\n      <div module-id=\"31975425138\" module-title=\"detailProductNavigation\" render=\"true\" class=\"J_module\"><div id=\"ali-anchor-AliMagic-ef3r4i\" data-section=\"AliMagic-ef3r4i\" data-section-title=\"Products Description\" class=\"magic-0\">\u00dcr\u00fcn A\u00e7\u0131klamas\u0131<\/div><\/div><\/p>\n<p>      <div module-id=\"31975425139\" module-title=\"detailSingleImage\" render=\"true\" class=\"J_module\"><div class=\"icbu-pc-images magic-1\"><div><div class=\"flex-layout-v\"><div class=\"flex-layout-h magic-1\"><div class=\"magic-2\"><img src=\"https:\/\/qgsgroup.com\/wp-content\/uploads\/aliexpress\/h66b32e77f97246fe9616b4201ce0b4d5l.jpg\" class=\"magic-3\"\/><\/div><\/div><\/div><\/div><\/div><\/div><\/p>\n<p>      <div module-id=\"31975425140\" module-title=\"detailTableNoTitle\" render=\"true\" class=\"J_module\"><div class=\"ife-detail-decorate-table\"><table class=\"all magic-4\"><tbody><tr><td colspan=\"1\" rowspan=\"1\"><div class=\"magic-5\">Malzeme<\/div><\/td><td colspan=\"3\" rowspan=\"1\"><div class=\"magic-6\">plastik<\/div><\/td><\/tr><tr><td colspan=\"1\" rowspan=\"1\"><div class=\"magic-5\">Renk<\/div><\/td><td colspan=\"3\" rowspan=\"1\"><div class=\"magic-6\">beyaz<\/div><\/td><\/tr><tr><td colspan=\"1\" rowspan=\"1\"><div class=\"magic-5\">Adedi<\/div><\/td><td colspan=\"3\" rowspan=\"1\"><div class=\"magic-6\">10000 pcs<\/div><\/td><\/tr><tr><td colspan=\"1\" rowspan=\"1\"><div class=\"magic-5\">Paket<\/div><\/td><td colspan=\"3\" rowspan=\"1\"><div class=\"magic-6\">CTN<\/div><\/td><\/tr><tr><td colspan=\"1\" rowspan=\"1\"><div class=\"magic-5\">Teslimat s\u00fcresi<\/div><\/td><td colspan=\"3\" rowspan=\"1\"><div class=\"magic-6\">20DAYS<\/div><\/td><\/tr><\/tbody><\/table><\/div><\/div><\/p>\n<p>      <div module-id=\"31975425141\" module-title=\"detailManyImage\" render=\"true\" class=\"J_module\"><div class=\"icbu-pc-detailManyImage magic-10\"><div class=\"magic-11\"><img src=\"https:\/\/qgsgroup.com\/wp-content\/uploads\/aliexpress\/htb1bbrjbevrk1rjsspcq6zzsxxal.jpg\" class=\"magic-12\"\/><\/div><div class=\"magic-11\"><img src=\"https:\/\/qgsgroup.com\/wp-content\/uploads\/aliexpress\/htb1dxfybsnrk1rjsspkq6yuvxxat.jpg\" class=\"magic-12\"\/><\/div><div class=\"magic-11\"><img src=\"https:\/\/qgsgroup.com\/wp-content\/uploads\/aliexpress\/htb1gtnvbxrvk1rjsszeq6yobfxar.jpg\" class=\"magic-12\"\/><\/div><div class=\"magic-11\"><img src=\"https:\/\/qgsgroup.com\/wp-content\/uploads\/aliexpress\/htb1gkvkbyrxk1rkhfccq6aqcvxa4.jpg\" class=\"magic-12\"\/><\/div><div class=\"magic-11\"><img src=\"https:\/\/qgsgroup.com\/wp-content\/uploads\/aliexpress\/htb11ufabsfrk1rjy1xdq6yemfxar.jpg\" class=\"magic-12\"\/><\/div><div class=\"magic-11\"><img src=\"https:\/\/qgsgroup.com\/wp-content\/uploads\/aliexpress\/htb1egfwbs_vk1rksmryq6xwupxa5.jpg\" class=\"magic-12\"\/><\/div><\/div><\/div><\/p>\n<p>      <div module-id=\"31975425142\" module-title=\"detailProductNavigation\" render=\"true\" class=\"J_module\"><div id=\"ali-anchor-AliMagic-yh065j\" data-section=\"AliMagic-yh065j\" data-section-title=\"Recommend Products\" class=\"magic-0\">Recommend Products<\/div><\/div><\/p>\n<p>      <div module-id=\"31975425143\" module-title=\"detailSellerRecommend\" render=\"true\" class=\"J_module\"><div data-magic=\"{&quot;mds&quot;:{&quot;assetsVersion&quot;:&quot;0.0.14&quot;,&quot;assetsPackageName&quot;:&quot;icbumod&quot;,&quot;moduleNameAlias&quot;:&quot;icbu-pc-detailSellerRecommend&quot;,&quot;moduleData&quot;:{&quot;config&quot;:{&quot;columnCount&quot;:4,&quot;titleKey&quot;:6,&quot;products&quot;:[1600674810793,1600674916234,1600674750930,1600669354716,1600669370793,1600669448090,1600669366759,1600669364850]}}},&quot;version&quot;:1}\" class=\"icbu-pc-detailSellerRecommend magic-13\"><\/div><\/div><\/p>\n<p>      <div module-id=\"31975425144\" module-title=\"detailTwoImages\" render=\"true\" class=\"J_module\"><div class=\"icbu-pc-images magic-1\"><div><div class=\"flex-layout-v\"><div class=\"flex-layout-h magic-1\"><div class=\"magic-14\"><a href=\"https:\/\/reven.en.alibaba.com\/contactinfo.html\" target=\"_blank\" rel=\"noopener\"><img src=\"https:\/\/qgsgroup.com\/wp-content\/uploads\/aliexpress\/h06e3d6daf5c34be5acf46d47224cb2fdf.png\" class=\"magic-15\"\/><\/a><\/div><div class=\"magic-16\"><a href=\"https:\/\/reven.en.alibaba.com\/contactinfo.html\" target=\"_blank\" rel=\"noopener\"><img src=\"https:\/\/qgsgroup.com\/wp-content\/uploads\/aliexpress\/ha021031a26bc47929ced95cf7e536140x.png\" class=\"magic-15\"\/><\/a><\/div><\/div><\/div><\/div><\/div><\/div><\/p>\n<p>      <div module-id=\"31975425145\" module-title=\"detailProductNavigation\" render=\"true\" class=\"J_module\"><div id=\"ali-anchor-AliMagic-1ipbg6\" data-section=\"AliMagic-1ipbg6\" data-section-title=\"Product Paramenters\" class=\"magic-0\">Product Paramenters<\/div><\/div><\/p>\n<p>      <div module-id=\"31975425146\" module-title=\"detailSingleImage\" render=\"true\" class=\"J_module\"><div class=\"icbu-pc-images magic-1\"><div><div class=\"flex-layout-v\"><div class=\"flex-layout-h magic-1\"><div class=\"magic-17\"><img src=\"https:\/\/qgsgroup.com\/wp-content\/uploads\/aliexpress\/h251e653a53ac4e36a5c3c43e027d6211j.jpg\" usemap=\"#1-5d-099-085f\" class=\"magic-18\"\/><\/div><\/div><\/div><\/div><\/div><\/div><\/p>\n<p><\/DIV><\/p>","protected":false},"excerpt":{"rendered":"<p>Key attributes Industry-specific attributes Design Style Contemporary Other attributes Place of Origin Zhejiang, China Type Single Brand Name OEM Model Number RF-P008 Curtain Poles, Tracks &#038; Accessories Type Curtain Accessories Material plastic Type Curtain Poles, Tracks &#038; Accessories Material plastic Color white Delivery time 20DAYS Colors White Packing CTN Packaging and delivery Packaging Details CTN Port ningbo,shanghai,etc&#8230; Supply Ability Supply Ability 5000000 Piece\/Pieces per Month Customization Customized logo Min. order:20 Customized packaging Min. order:20 Graphic customization Min. order:20 Products Description MaterialplasticColorwhiteMOQ10000 pcsPackageCTNDelivery time20DAYS Recommend Products Product Paramenters<\/p>","protected":false},"featured_media":4766,"template":"","meta":{"site-sidebar-layout":"default","site-content-layout":"","ast-site-content-layout":"","site-content-style":"default","site-sidebar-style":"default","ast-global-header-display":"","ast-banner-title-visibility":"","ast-main-header-display":"","ast-hfb-above-header-display":"","ast-hfb-below-header-display":"","ast-hfb-mobile-header-display":"","site-post-title":"","ast-breadcrumbs-content":"","ast-featured-img":"","footer-sml-layout":"","theme-transparent-header-meta":"","adv-header-id-meta":"","stick-header-meta":"","header-above-stick-meta":"","header-main-stick-meta":"","header-below-stick-meta":"","astra-migrate-meta-layouts":"default","ast-page-background-enabled":"default","ast-page-background-meta":{"desktop":{"background-color":"","background-image":"","background-repeat":"repeat","background-position":"center center","background-size":"auto","background-attachment":"scroll","background-type":"","background-media":"","overlay-type":"","overlay-color":"","overlay-opacity":"","overlay-gradient":""},"tablet":{"background-color":"","background-image":"","background-repeat":"repeat","background-position":"center center","background-size":"auto","background-attachment":"scroll","background-type":"","background-media":"","overlay-type":"","overlay-color":"","overlay-opacity":"","overlay-gradient":""},"mobile":{"background-color":"","background-image":"","background-repeat":"repeat","background-position":"center center","background-size":"auto","background-attachment":"scroll","background-type":"","background-media":"","overlay-type":"","overlay-color":"","overlay-opacity":"","overlay-gradient":""}},"ast-content-background-meta":{"desktop":{"background-color":"var(--ast-global-color-5)","background-image":"","background-repeat":"repeat","background-position":"center center","background-size":"auto","background-attachment":"scroll","background-type":"","background-media":"","overlay-type":"","overlay-color":"","overlay-opacity":"","overlay-gradient":""},"tablet":{"background-color":"var(--ast-global-color-5)","background-image":"","background-repeat":"repeat","background-position":"center center","background-size":"auto","background-attachment":"scroll","background-type":"","background-media":"","overlay-type":"","overlay-color":"","overlay-opacity":"","overlay-gradient":""},"mobile":{"background-color":"var(--ast-global-color-5)","background-image":"","background-repeat":"repeat","background-position":"center center","background-size":"auto","background-attachment":"scroll","background-type":"","background-media":"","overlay-type":"","overlay-color":"","overlay-opacity":"","overlay-gradient":""}}},"product_brand":[],"product_cat":[92],"product_tag":[],"class_list":{"0":"post-7693","1":"product","2":"type-product","3":"status-publish","4":"has-post-thumbnail","6":"product_cat-plastic-hooks","7":"desktop-align-left","8":"tablet-align-left","9":"mobile-align-left","11":"first","12":"instock","13":"shipping-taxable","14":"product-type-simple"},"yoast_head":"<!-- This site is optimized with the Yoast SEO plugin v27.4 - https:\/\/yoast.com\/product\/yoast-seo-wordpress\/ -->\n<title>Factory Price Curtain Plastic Pin Hooks S Type Curtain Hooks Wave Curtain Runner Hooks - Q.G.S<\/title>\n<meta name=\"robots\" content=\"index, follow, max-snippet:-1, max-image-preview:large, max-video-preview:-1\" \/>\n<link rel=\"canonical\" href=\"https:\/\/qgsgroup.com\/tr\/urun\/factory-price-curtain-plastic-pin-hooks-s-type-curtain-hooks-wave-curtain-runner-hooks\/\" \/>\n<meta property=\"og:locale\" content=\"tr_TR\" \/>\n<meta property=\"og:type\" content=\"article\" \/>\n<meta property=\"og:title\" content=\"Factory Price Curtain Plastic Pin Hooks S Type Curtain Hooks Wave Curtain Runner Hooks - Q.G.S\" \/>\n<meta property=\"og:description\" content=\"Key attributes Industry-specific attributes Design Style Contemporary Other attributes Place of Origin Zhejiang, China Type Single Brand Name OEM Model Number RF-P008 Curtain Poles, Tracks &#038; Accessories Type Curtain Accessories Material plastic Type Curtain Poles, Tracks &#038; Accessories Material plastic Color white Delivery time 20DAYS Colors White Packing CTN Packaging and delivery Packaging Details CTN Port ningbo,shanghai,etc&#8230; Supply Ability Supply Ability 5000000 Piece\/Pieces per Month Customization Customized logo Min. order:20 Customized packaging Min. order:20 Graphic customization Min. order:20 Products Description MaterialplasticColorwhiteMOQ10000 pcsPackageCTNDelivery time20DAYS Recommend Products Product Paramenters\" \/>\n<meta property=\"og:url\" content=\"https:\/\/qgsgroup.com\/tr\/urun\/factory-price-curtain-plastic-pin-hooks-s-type-curtain-hooks-wave-curtain-runner-hooks\/\" \/>\n<meta property=\"og:site_name\" content=\"Q.G.S\" \/>\n<meta property=\"article:modified_time\" content=\"2024-03-31T05:47:47+00:00\" \/>\n<meta property=\"og:image\" content=\"https:\/\/qgsgroup.com\/wp-content\/uploads\/aliexpress\/h8d7d6f099fd548dd896324627947386an.jpg\" \/>\n\t<meta property=\"og:image:width\" content=\"750\" \/>\n\t<meta property=\"og:image:height\" content=\"750\" \/>\n\t<meta property=\"og:image:type\" content=\"image\/jpeg\" \/>\n<meta name=\"twitter:card\" content=\"summary_large_image\" \/>\n<script type=\"application\/ld+json\" class=\"yoast-schema-graph\">{\"@context\":\"https:\\\/\\\/schema.org\",\"@graph\":[{\"@type\":\"WebPage\",\"@id\":\"https:\\\/\\\/qgsgroup.com\\\/product\\\/factory-price-curtain-plastic-pin-hooks-s-type-curtain-hooks-wave-curtain-runner-hooks\\\/\",\"url\":\"https:\\\/\\\/qgsgroup.com\\\/product\\\/factory-price-curtain-plastic-pin-hooks-s-type-curtain-hooks-wave-curtain-runner-hooks\\\/\",\"name\":\"Factory Price Curtain Plastic Pin Hooks S Type Curtain Hooks Wave Curtain Runner Hooks - Q.G.S\",\"isPartOf\":{\"@id\":\"https:\\\/\\\/rebornbusiness.com\\\/#website\"},\"primaryImageOfPage\":{\"@id\":\"https:\\\/\\\/qgsgroup.com\\\/product\\\/factory-price-curtain-plastic-pin-hooks-s-type-curtain-hooks-wave-curtain-runner-hooks\\\/#primaryimage\"},\"image\":{\"@id\":\"https:\\\/\\\/qgsgroup.com\\\/product\\\/factory-price-curtain-plastic-pin-hooks-s-type-curtain-hooks-wave-curtain-runner-hooks\\\/#primaryimage\"},\"thumbnailUrl\":\"https:\\\/\\\/qgsgroup.com\\\/wp-content\\\/uploads\\\/aliexpress\\\/h8d7d6f099fd548dd896324627947386an.jpg\",\"datePublished\":\"2024-03-31T05:47:45+00:00\",\"dateModified\":\"2024-03-31T05:47:47+00:00\",\"breadcrumb\":{\"@id\":\"https:\\\/\\\/qgsgroup.com\\\/product\\\/factory-price-curtain-plastic-pin-hooks-s-type-curtain-hooks-wave-curtain-runner-hooks\\\/#breadcrumb\"},\"inLanguage\":\"tr\",\"potentialAction\":[{\"@type\":\"ReadAction\",\"target\":[\"https:\\\/\\\/qgsgroup.com\\\/product\\\/factory-price-curtain-plastic-pin-hooks-s-type-curtain-hooks-wave-curtain-runner-hooks\\\/\"]}]},{\"@type\":\"ImageObject\",\"inLanguage\":\"tr\",\"@id\":\"https:\\\/\\\/qgsgroup.com\\\/product\\\/factory-price-curtain-plastic-pin-hooks-s-type-curtain-hooks-wave-curtain-runner-hooks\\\/#primaryimage\",\"url\":\"https:\\\/\\\/qgsgroup.com\\\/wp-content\\\/uploads\\\/aliexpress\\\/h8d7d6f099fd548dd896324627947386an.jpg\",\"contentUrl\":\"https:\\\/\\\/qgsgroup.com\\\/wp-content\\\/uploads\\\/aliexpress\\\/h8d7d6f099fd548dd896324627947386an.jpg\",\"width\":750,\"height\":750},{\"@type\":\"BreadcrumbList\",\"@id\":\"https:\\\/\\\/qgsgroup.com\\\/product\\\/factory-price-curtain-plastic-pin-hooks-s-type-curtain-hooks-wave-curtain-runner-hooks\\\/#breadcrumb\",\"itemListElement\":[{\"@type\":\"ListItem\",\"position\":1,\"name\":\"Home\",\"item\":\"https:\\\/\\\/qgsgroup.com\\\/\"},{\"@type\":\"ListItem\",\"position\":2,\"name\":\"Products\",\"item\":\"https:\\\/\\\/qgsgroup.com\\\/products\\\/\"},{\"@type\":\"ListItem\",\"position\":3,\"name\":\"Factory Price Curtain Plastic Pin Hooks S Type Curtain Hooks Wave Curtain Runner Hooks\"}]},{\"@type\":\"WebSite\",\"@id\":\"https:\\\/\\\/rebornbusiness.com\\\/#website\",\"url\":\"https:\\\/\\\/rebornbusiness.com\\\/\",\"name\":\"Q.G.S\",\"description\":\"Q.G.S group company\",\"publisher\":{\"@id\":\"https:\\\/\\\/rebornbusiness.com\\\/#organization\"},\"potentialAction\":[{\"@type\":\"SearchAction\",\"target\":{\"@type\":\"EntryPoint\",\"urlTemplate\":\"https:\\\/\\\/rebornbusiness.com\\\/?s={search_term_string}\"},\"query-input\":{\"@type\":\"PropertyValueSpecification\",\"valueRequired\":true,\"valueName\":\"search_term_string\"}}],\"inLanguage\":\"tr\"},{\"@type\":\"Organization\",\"@id\":\"https:\\\/\\\/rebornbusiness.com\\\/#organization\",\"name\":\"Q.G.S\",\"url\":\"https:\\\/\\\/rebornbusiness.com\\\/\",\"logo\":{\"@type\":\"ImageObject\",\"inLanguage\":\"tr\",\"@id\":\"https:\\\/\\\/rebornbusiness.com\\\/#\\\/schema\\\/logo\\\/image\\\/\",\"url\":\"https:\\\/\\\/qgsgroup.com\\\/wp-content\\\/uploads\\\/2024\\\/03\\\/logo-electric-tools.png\",\"contentUrl\":\"https:\\\/\\\/qgsgroup.com\\\/wp-content\\\/uploads\\\/2024\\\/03\\\/logo-electric-tools.png\",\"width\":11090,\"height\":2459,\"caption\":\"Q.G.S\"},\"image\":{\"@id\":\"https:\\\/\\\/rebornbusiness.com\\\/#\\\/schema\\\/logo\\\/image\\\/\"}}]}<\/script>\n<!-- \/ Yoast SEO plugin. -->","yoast_head_json":{"title":"Factory Price Curtain Plastic Pin Hooks S Type Curtain Hooks Wave Curtain Runner Hooks - Q.G.S","robots":{"index":"index","follow":"follow","max-snippet":"max-snippet:-1","max-image-preview":"max-image-preview:large","max-video-preview":"max-video-preview:-1"},"canonical":"https:\/\/qgsgroup.com\/tr\/urun\/factory-price-curtain-plastic-pin-hooks-s-type-curtain-hooks-wave-curtain-runner-hooks\/","og_locale":"tr_TR","og_type":"article","og_title":"Factory Price Curtain Plastic Pin Hooks S Type Curtain Hooks Wave Curtain Runner Hooks - Q.G.S","og_description":"Key attributes Industry-specific attributes Design Style Contemporary Other attributes Place of Origin Zhejiang, China Type Single Brand Name OEM Model Number RF-P008 Curtain Poles, Tracks &#038; Accessories Type Curtain Accessories Material plastic Type Curtain Poles, Tracks &#038; Accessories Material plastic Color white Delivery time 20DAYS Colors White Packing CTN Packaging and delivery Packaging Details CTN Port ningbo,shanghai,etc&#8230; Supply Ability Supply Ability 5000000 Piece\/Pieces per Month Customization Customized logo Min. order:20 Customized packaging Min. order:20 Graphic customization Min. order:20 Products Description MaterialplasticColorwhiteMOQ10000 pcsPackageCTNDelivery time20DAYS Recommend Products Product Paramenters","og_url":"https:\/\/qgsgroup.com\/tr\/urun\/factory-price-curtain-plastic-pin-hooks-s-type-curtain-hooks-wave-curtain-runner-hooks\/","og_site_name":"Q.G.S","article_modified_time":"2024-03-31T05:47:47+00:00","og_image":[{"width":750,"height":750,"url":"https:\/\/qgsgroup.com\/wp-content\/uploads\/aliexpress\/h8d7d6f099fd548dd896324627947386an.jpg","type":"image\/jpeg"}],"twitter_card":"summary_large_image","schema":{"@context":"https:\/\/schema.org","@graph":[{"@type":"WebPage","@id":"https:\/\/qgsgroup.com\/product\/factory-price-curtain-plastic-pin-hooks-s-type-curtain-hooks-wave-curtain-runner-hooks\/","url":"https:\/\/qgsgroup.com\/product\/factory-price-curtain-plastic-pin-hooks-s-type-curtain-hooks-wave-curtain-runner-hooks\/","name":"Factory Price Curtain Plastic Pin Hooks S Type Curtain Hooks Wave Curtain Runner Hooks - Q.G.S","isPartOf":{"@id":"https:\/\/rebornbusiness.com\/#website"},"primaryImageOfPage":{"@id":"https:\/\/qgsgroup.com\/product\/factory-price-curtain-plastic-pin-hooks-s-type-curtain-hooks-wave-curtain-runner-hooks\/#primaryimage"},"image":{"@id":"https:\/\/qgsgroup.com\/product\/factory-price-curtain-plastic-pin-hooks-s-type-curtain-hooks-wave-curtain-runner-hooks\/#primaryimage"},"thumbnailUrl":"https:\/\/qgsgroup.com\/wp-content\/uploads\/aliexpress\/h8d7d6f099fd548dd896324627947386an.jpg","datePublished":"2024-03-31T05:47:45+00:00","dateModified":"2024-03-31T05:47:47+00:00","breadcrumb":{"@id":"https:\/\/qgsgroup.com\/product\/factory-price-curtain-plastic-pin-hooks-s-type-curtain-hooks-wave-curtain-runner-hooks\/#breadcrumb"},"inLanguage":"tr","potentialAction":[{"@type":"ReadAction","target":["https:\/\/qgsgroup.com\/product\/factory-price-curtain-plastic-pin-hooks-s-type-curtain-hooks-wave-curtain-runner-hooks\/"]}]},{"@type":"ImageObject","inLanguage":"tr","@id":"https:\/\/qgsgroup.com\/product\/factory-price-curtain-plastic-pin-hooks-s-type-curtain-hooks-wave-curtain-runner-hooks\/#primaryimage","url":"https:\/\/qgsgroup.com\/wp-content\/uploads\/aliexpress\/h8d7d6f099fd548dd896324627947386an.jpg","contentUrl":"https:\/\/qgsgroup.com\/wp-content\/uploads\/aliexpress\/h8d7d6f099fd548dd896324627947386an.jpg","width":750,"height":750},{"@type":"BreadcrumbList","@id":"https:\/\/qgsgroup.com\/product\/factory-price-curtain-plastic-pin-hooks-s-type-curtain-hooks-wave-curtain-runner-hooks\/#breadcrumb","itemListElement":[{"@type":"ListItem","position":1,"name":"Home","item":"https:\/\/qgsgroup.com\/"},{"@type":"ListItem","position":2,"name":"Products","item":"https:\/\/qgsgroup.com\/products\/"},{"@type":"ListItem","position":3,"name":"Factory Price Curtain Plastic Pin Hooks S Type Curtain Hooks Wave Curtain Runner Hooks"}]},{"@type":"WebSite","@id":"https:\/\/rebornbusiness.com\/#website","url":"https:\/\/rebornbusiness.com\/","name":"Q.G.S","description":"Q.G.S group company","publisher":{"@id":"https:\/\/rebornbusiness.com\/#organization"},"potentialAction":[{"@type":"SearchAction","target":{"@type":"EntryPoint","urlTemplate":"https:\/\/rebornbusiness.com\/?s={search_term_string}"},"query-input":{"@type":"PropertyValueSpecification","valueRequired":true,"valueName":"search_term_string"}}],"inLanguage":"tr"},{"@type":"Organization","@id":"https:\/\/rebornbusiness.com\/#organization","name":"Q.G.S","url":"https:\/\/rebornbusiness.com\/","logo":{"@type":"ImageObject","inLanguage":"tr","@id":"https:\/\/rebornbusiness.com\/#\/schema\/logo\/image\/","url":"https:\/\/qgsgroup.com\/wp-content\/uploads\/2024\/03\/logo-electric-tools.png","contentUrl":"https:\/\/qgsgroup.com\/wp-content\/uploads\/2024\/03\/logo-electric-tools.png","width":11090,"height":2459,"caption":"Q.G.S"},"image":{"@id":"https:\/\/rebornbusiness.com\/#\/schema\/logo\/image\/"}}]}},"_links":{"self":[{"href":"https:\/\/qgsgroup.com\/tr\/wp-json\/wp\/v2\/product\/7693","targetHints":{"allow":["GET"]}}],"collection":[{"href":"https:\/\/qgsgroup.com\/tr\/wp-json\/wp\/v2\/product"}],"about":[{"href":"https:\/\/qgsgroup.com\/tr\/wp-json\/wp\/v2\/types\/product"}],"wp:featuredmedia":[{"embeddable":true,"href":"https:\/\/qgsgroup.com\/tr\/wp-json\/wp\/v2\/media\/4766"}],"wp:attachment":[{"href":"https:\/\/qgsgroup.com\/tr\/wp-json\/wp\/v2\/media?parent=7693"}],"wp:term":[{"taxonomy":"product_brand","embeddable":true,"href":"https:\/\/qgsgroup.com\/tr\/wp-json\/wp\/v2\/product_brand?post=7693"},{"taxonomy":"product_cat","embeddable":true,"href":"https:\/\/qgsgroup.com\/tr\/wp-json\/wp\/v2\/product_cat?post=7693"},{"taxonomy":"product_tag","embeddable":true,"href":"https:\/\/qgsgroup.com\/tr\/wp-json\/wp\/v2\/product_tag?post=7693"}],"curies":[{"name":"wp","href":"https:\/\/api.w.org\/{rel}","templated":true}]}}