{"id":5455,"date":"2024-03-30T12:47:40","date_gmt":"2024-03-30T12:47:40","guid":{"rendered":"https:\/\/qgsgroup.com\/products\/wholesale-double-curtain-rod-sets-with-curtain-accessories-curtain-brackets-finials\/"},"modified":"2024-03-30T12:47:41","modified_gmt":"2024-03-30T12:47:41","slug":"wholesale-double-curtain-rod-sets-with-curtain-accessories-curtain-brackets-finials","status":"publish","type":"product","link":"https:\/\/qgsgroup.com\/vi\/san-pham\/wholesale-double-curtain-rod-sets-with-curtain-accessories-curtain-brackets-finials\/","title":{"rendered":"B\u00e1n bu\u00f4n B\u1ed9 thanh treo r\u00e8m \u0111\u00f4i k\u00e8m ph\u1ee5 ki\u1ec7n r\u00e8m, gi\u00e1 \u0111\u1ee1 r\u00e8m"},"content":{"rendered":"<div class=\"product-key-attributes\">\n<h3>Nh\u1eefng \u0111i\u1ec3m ch\u00ednh<\/h3>\n<h4>Thu\u1ed9c t\u00ednh c\u1ee5 th\u1ec3 c\u1ee7a ng\u00e0nh<\/h4>\n<ul>\n<li><label>Phong c\u00e1ch thi\u1ebft k\u1ebf<\/label>\n<div>Hi\u1ec7n \u0111\u1ea1i<\/div>\n<\/li>\n<\/ul>\n<h4>C\u00e1c thu\u1ed9c t\u00ednh kh\u00e1c<\/h4>\n<ul>\n<li><label>Ngu\u1ed3n g\u1ed1c<\/label>\n<div>Chi\u1ebft Giang, Trung Qu\u1ed1c<\/div>\n<\/li>\n<li><label>Ki\u1ec3u<\/label>\n<div>\u0110\u01a1n<\/div>\n<\/li>\n<li><label>T\u00ean th\u01b0\u01a1ng hi\u1ec7u<\/label>\n<div>OEM<\/div>\n<\/li>\n<li><label>S\u1ed1 m\u00f4 h\u00ecnh<\/label>\n<div>RA-R082<\/div>\n<\/li>\n<li><label>Lo\u1ea1i c\u1ed9t r\u00e8m, \u0111\u01b0\u1eddng ray &amp; ph\u1ee5 ki\u1ec7n<\/label>\n<div>C\u1ed9t r\u00e8m<\/div>\n<\/li>\n<li><label>V\u1eadt li\u1ec7u<\/label>\n<div>Kim lo\u1ea1i<\/div>\n<\/li>\n<li><label>chi\u1ec1u d\u00e0i<\/label>\n<div>customization<\/div>\n<\/li>\n<li><label>V\u1eadt li\u1ec7u<\/label>\n<div>pipe:iron; final:aluminum alloy; bracket:aluminum alloy; ring:plastic<\/div>\n<\/li>\n<li><label>M\u00e0u s\u1eafc<\/label>\n<div>AB, AC, v\u00e0ng, b\u1ea1c, \u0111en, tr\u1eafng, v.v...<\/div>\n<\/li>\n<li><label>K\u00edch c\u1ee1<\/label>\n<div>\u0111\u01b0\u1eddng k\u00ednh: 28mm + 19mm; k\u00edch th\u01b0\u1edbc: 1,6m, 2m, 2,5m, 3 m, 6m, t\u00f9y ch\u1ec9nh<\/div>\n<\/li>\n<li><label>T\u00ednh n\u0103ng<\/label>\n<div>Nhi\u1ec1u phong c\u00e1ch, c\u00f3 th\u1ec3 \u0111\u01b0\u1ee3c t\u00f9y ch\u1ec9nh<\/div>\n<\/li>\n<\/ul>\n<h4>\u0110\u00f3ng g\u00f3i v\u00e0 giao h\u00e0ng<\/h4>\n<ul>\n<li><label>chi ti\u1ebft \u0111\u00f3ng g\u00f3i<\/label>\n<div>PVC, H\u1ed8P<\/div>\n<\/li>\n<li><label>H\u1ea3i c\u1ea3ng<\/label>\n<div>Ninh Ba, Th\u01b0\u1ee3ng H\u1ea3i<\/div>\n<\/li>\n<\/ul>\n<h4>Kh\u1ea3 n\u0103ng cung c\u1ea5p<\/h4>\n<ul>\n<li><label>Kh\u1ea3 n\u0103ng cung c\u1ea5p<\/label>\n<div>120000 B\u1ed9 \/ B\u1ed9 m\u1ed7i th\u00e1ng<\/div>\n<\/li>\n<\/ul>\n<\/div>\n<div class=\"product-customization\">\n<h3>T\u00f9y ch\u1ec9nh<\/h3>\n<div>\n<div>\n<p>bi\u1ec3u t\u01b0\u1ee3ng t\u00f9y ch\u1ec9nh<\/p>\n<p><label>T\u1ed1i thi\u1ec3u. \u0111\u1eb7t h\u00e0ng:<\/label>500<\/p>\n<\/div>\n<div>\n<p>Bao b\u00ec t\u00f9y ch\u1ec9nh<\/p>\n<p><label>T\u1ed1i thi\u1ec3u. \u0111\u1eb7t h\u00e0ng:<\/label>500<\/p>\n<\/div>\n<div>\n<p>T\u00f9y ch\u1ec9nh \u0111\u1ed3 h\u1ecda<\/p>\n<p><label>T\u1ed1i thi\u1ec3u. \u0111\u1eb7t h\u00e0ng:<\/label>500<\/p>\n<\/div>\n<\/div>\n<\/div>\n<p><div data-magic-global=\"%7B%22bizId%22%3A3210435406%2C%22pageId%22%3A21235345519%2C%22siteId%22%3A5005373107%7D\" id=\"detail_decorate_root\"><br \/>\n      <div module-id=\"33550722349\" module-title=\"detailSingleImage\" render=\"true\" class=\"J_module\"><div class=\"icbu-pc-images magic-0\"><div><div class=\"flex-layout-v\"><div class=\"flex-layout-h magic-0\"><div class=\"magic-1\"><img src=\"https:\/\/qgsgroup.com\/wp-content\/uploads\/aliexpress\/h5175047b0a0e4ad7a22e9513ef1a33acm.jpg\" usemap=\"#3-d5-dce-9249\" class=\"magic-2\"\/><\/div><\/div><\/div><\/div><\/div><\/div><\/p>\n<p>      <div module-id=\"33550722350\" module-title=\"detailProductNavigation\" render=\"true\" class=\"J_module\"><div id=\"ali-anchor-AliMagic-kexvfy\" data-section=\"AliMagic-kexvfy\" data-section-title=\"Products Description\" class=\"magic-3\">M\u00f4 t\u1ea3 s\u1ea3n ph\u1ea9m<\/div><\/div><\/p>\n<p>      <div module-id=\"33550722351\" module-title=\"detailTableNoTitle\" render=\"true\" class=\"J_module\"><div class=\"ife-detail-decorate-table\"><table class=\"all magic-4\"><tbody><tr><td colspan=\"1\" rowspan=\"1\"><div class=\"magic-5\">V\u1eadt li\u1ec7u<\/div><\/td><td colspan=\"3\" rowspan=\"1\"><div class=\"magic-6\">\u1ed0ng: s\u1eaft<br\/>Cu\u1ed1i c\u00f9ng: nh\u1ef1a<br\/>Gi\u00e1 \u0111\u1ee1: s\u1eaft<br\/>V\u00f2ng: nh\u1ef1a<\/div><\/td><\/tr><tr><td colspan=\"1\" rowspan=\"1\"><div class=\"magic-5\">K\u00edch c\u1ee1<\/div><\/td><td colspan=\"3\" rowspan=\"1\"><div class=\"magic-6\">\u0110\u01b0\u1eddng k\u00ednh: 16mm-19mm<br\/>K\u00edch th\u01b0\u1edbc:1,2m-2,1m,1,6m-3,0m<br\/>T\u00f9y ch\u1ec9nh<br\/>Phong c\u00e1ch: \u0111\u00f4i<\/div><\/td><\/tr><tr><td colspan=\"1\" rowspan=\"1\"><div class=\"magic-5\">M\u00e0u s\u1eafc<\/div><\/td><td colspan=\"3\" rowspan=\"1\"><div class=\"magic-6\">AB, AC, v\u00e0ng, b\u1ea1c, \u0111en, tr\u1eafng, v.v...<\/div><\/td><\/tr><tr><td colspan=\"1\" rowspan=\"1\"><div class=\"magic-5\">T\u00ednh n\u0103ng<\/div><\/td><td colspan=\"3\" rowspan=\"1\"><div class=\"magic-6\">Nhi\u1ec1u phong c\u00e1ch, c\u00f3 th\u1ec3 \u0111\u01b0\u1ee3c t\u00f9y ch\u1ec9nh<\/div><\/td><\/tr><tr><td colspan=\"1\" rowspan=\"1\"><div class=\"magic-5\">MOQ<\/div><\/td><td colspan=\"3\" rowspan=\"1\"><div class=\"magic-6\">50 b\u1ed9<\/div><\/td><\/tr><tr><td colspan=\"1\" rowspan=\"1\"><div class=\"magic-5\">B\u01b0u ki\u1ec7n<\/div><\/td><td colspan=\"3\" rowspan=\"1\"><div class=\"magic-6\">PVC, H\u1ed8P<\/div><\/td><\/tr><\/tbody><\/table><\/div><\/div><\/p>\n<p>      <div module-id=\"33550722352\" module-title=\"detailManyImage\" render=\"true\" class=\"J_module\"><div class=\"icbu-pc-detailManyImage magic-10\"><div class=\"magic-11\"><img src=\"https:\/\/qgsgroup.com\/wp-content\/uploads\/aliexpress\/h4dffc6fd0a6347a0b7051dc8c6eb027cd.png\" class=\"magic-12\"\/><\/div><div class=\"magic-11\"><img src=\"https:\/\/qgsgroup.com\/wp-content\/uploads\/aliexpress\/h113694c8c9ef4b229c90e20ab540e6f39.png\" class=\"magic-12\"\/><\/div><div class=\"magic-11\"><img src=\"https:\/\/qgsgroup.com\/wp-content\/uploads\/aliexpress\/h29f09e4837144924b3299ee9b19765d1k.jpg\" class=\"magic-12\"\/><\/div><div class=\"magic-11\"><img src=\"https:\/\/qgsgroup.com\/wp-content\/uploads\/aliexpress\/h0fa1d37c86724d4984df1a9a51e84a58o.jpg\" class=\"magic-12\"\/><\/div><div class=\"magic-11\"><img src=\"https:\/\/qgsgroup.com\/wp-content\/uploads\/aliexpress\/h7fc2899933d440d8a91b37c7353138fag.jpg\" class=\"magic-12\"\/><\/div><div class=\"magic-11\"><img src=\"https:\/\/qgsgroup.com\/wp-content\/uploads\/aliexpress\/h8cd4701dc03c4acfa2e5cb142100bdd9u.jpg\" class=\"magic-12\"\/><\/div><div class=\"magic-11\"><img src=\"https:\/\/qgsgroup.com\/wp-content\/uploads\/aliexpress\/hd5ab2888aefb4edb877111212634ea77h.jpg\" class=\"magic-12\"\/><\/div><\/div><\/div><\/p>\n<p>      <div module-id=\"33550722353\" module-title=\"detailSingleImage\" render=\"true\" class=\"J_module\"><div class=\"icbu-pc-images magic-0\"><div><div class=\"flex-layout-v\"><div class=\"flex-layout-h magic-0\"><div class=\"magic-13\"><img src=\"https:\/\/qgsgroup.com\/wp-content\/uploads\/aliexpress\/hea1474d1449e48738f187618f545d275w.jpg\" class=\"magic-14\"\/><\/div><\/div><\/div><\/div><\/div><\/div><\/p>\n<p>      <div module-id=\"33550722354\" module-title=\"detailSingleImage\" render=\"true\" class=\"J_module\"><div class=\"icbu-pc-images magic-0\"><div><div class=\"flex-layout-v\"><div class=\"flex-layout-h magic-0\"><div class=\"magic-15\"><img src=\"https:\/\/qgsgroup.com\/wp-content\/uploads\/aliexpress\/h7980e415ddab43d7918a50f6d1e84b88s.jpg\" class=\"magic-16\"\/><\/div><\/div><\/div><\/div><\/div><\/div><\/p>\n<p><\/DIV><\/p>","protected":false},"excerpt":{"rendered":"<p>Key attributes Industry-specific attributes Design Style Modern Other attributes Place of Origin Zhejiang, China Type Single Brand Name OEM Model Number RA-R082 Curtain Poles, Tracks &#038; Accessories Type Curtain Poles Material Metal length customization Material pipe:iron; final:aluminum alloy; bracket:aluminum alloy; ring:plastic Color AB, AC, gold, silver, black, white, etc&#8230; Size diameter:28mm+19mm;size:1.6m,2m,2.5m,3m,6m, customization Feature Many styles, can be customized Packaging and delivery Packaging Details PVC, BOX Port Ningbo,Shanghai Supply Ability Supply Ability 120000 Set\/Sets per Month Customization Customized logo Min. order:500 Customized packaging Min. order:500 Graphic customization Min. order:500 Products Description MaterialPipe:ironFinal:resinBracket:ironRing:plasticSizeDiameter:16mm-19mmSize:1.2m-2.1m,1.6m-3.0mCustomizationStyle:doubleColorAB, AC, gold, silver, black, white, etc&#8230;FeatureMany styles, can be customizedMOQ50 SetsPackagePVC, BOX<\/p>","protected":false},"featured_media":3011,"template":"","meta":{"site-sidebar-layout":"default","site-content-layout":"","ast-site-content-layout":"","site-content-style":"default","site-sidebar-style":"default","ast-global-header-display":"","ast-banner-title-visibility":"","ast-main-header-display":"","ast-hfb-above-header-display":"","ast-hfb-below-header-display":"","ast-hfb-mobile-header-display":"","site-post-title":"","ast-breadcrumbs-content":"","ast-featured-img":"","footer-sml-layout":"","theme-transparent-header-meta":"","adv-header-id-meta":"","stick-header-meta":"","header-above-stick-meta":"","header-main-stick-meta":"","header-below-stick-meta":"","astra-migrate-meta-layouts":"default","ast-page-background-enabled":"default","ast-page-background-meta":{"desktop":{"background-color":"","background-image":"","background-repeat":"repeat","background-position":"center center","background-size":"auto","background-attachment":"scroll","background-type":"","background-media":"","overlay-type":"","overlay-color":"","overlay-opacity":"","overlay-gradient":""},"tablet":{"background-color":"","background-image":"","background-repeat":"repeat","background-position":"center center","background-size":"auto","background-attachment":"scroll","background-type":"","background-media":"","overlay-type":"","overlay-color":"","overlay-opacity":"","overlay-gradient":""},"mobile":{"background-color":"","background-image":"","background-repeat":"repeat","background-position":"center center","background-size":"auto","background-attachment":"scroll","background-type":"","background-media":"","overlay-type":"","overlay-color":"","overlay-opacity":"","overlay-gradient":""}},"ast-content-background-meta":{"desktop":{"background-color":"var(--ast-global-color-5)","background-image":"","background-repeat":"repeat","background-position":"center center","background-size":"auto","background-attachment":"scroll","background-type":"","background-media":"","overlay-type":"","overlay-color":"","overlay-opacity":"","overlay-gradient":""},"tablet":{"background-color":"var(--ast-global-color-5)","background-image":"","background-repeat":"repeat","background-position":"center center","background-size":"auto","background-attachment":"scroll","background-type":"","background-media":"","overlay-type":"","overlay-color":"","overlay-opacity":"","overlay-gradient":""},"mobile":{"background-color":"var(--ast-global-color-5)","background-image":"","background-repeat":"repeat","background-position":"center center","background-size":"auto","background-attachment":"scroll","background-type":"","background-media":"","overlay-type":"","overlay-color":"","overlay-opacity":"","overlay-gradient":""}}},"product_brand":[],"product_cat":[71],"product_tag":[],"class_list":{"0":"post-5455","1":"product","2":"type-product","3":"status-publish","4":"has-post-thumbnail","6":"product_cat-19-28mm-curtain-rods","7":"desktop-align-left","8":"tablet-align-left","9":"mobile-align-left","11":"first","12":"instock","13":"shipping-taxable","14":"product-type-simple"},"yoast_head":"<!-- This site is optimized with the Yoast SEO plugin v27.4 - https:\/\/yoast.com\/product\/yoast-seo-wordpress\/ -->\n<title>Wholesale Double Curtain Rod Sets with curtain accessories curtain brackets finials - Q.G.S<\/title>\n<meta name=\"robots\" content=\"index, follow, max-snippet:-1, max-image-preview:large, max-video-preview:-1\" \/>\n<link rel=\"canonical\" href=\"https:\/\/qgsgroup.com\/vi\/san-pham\/wholesale-double-curtain-rod-sets-with-curtain-accessories-curtain-brackets-finials\/\" \/>\n<meta property=\"og:locale\" content=\"vi_VN\" \/>\n<meta property=\"og:type\" content=\"article\" \/>\n<meta property=\"og:title\" content=\"Wholesale Double Curtain Rod Sets with curtain accessories curtain brackets finials - Q.G.S\" \/>\n<meta property=\"og:description\" content=\"Key attributes Industry-specific attributes Design Style Modern Other attributes Place of Origin Zhejiang, China Type Single Brand Name OEM Model Number RA-R082 Curtain Poles, Tracks &#038; Accessories Type Curtain Poles Material Metal length customization Material pipe:iron; final:aluminum alloy; bracket:aluminum alloy; ring:plastic Color AB, AC, gold, silver, black, white, etc&#8230; Size diameter:28mm+19mm;size:1.6m,2m,2.5m,3m,6m, customization Feature Many styles, can be customized Packaging and delivery Packaging Details PVC, BOX Port Ningbo,Shanghai Supply Ability Supply Ability 120000 Set\/Sets per Month Customization Customized logo Min. order:500 Customized packaging Min. order:500 Graphic customization Min. order:500 Products Description MaterialPipe:ironFinal:resinBracket:ironRing:plasticSizeDiameter:16mm-19mmSize:1.2m-2.1m,1.6m-3.0mCustomizationStyle:doubleColorAB, AC, gold, silver, black, white, etc&#8230;FeatureMany styles, can be customizedMOQ50 SetsPackagePVC, BOX\" \/>\n<meta property=\"og:url\" content=\"https:\/\/qgsgroup.com\/vi\/san-pham\/wholesale-double-curtain-rod-sets-with-curtain-accessories-curtain-brackets-finials\/\" \/>\n<meta property=\"og:site_name\" content=\"Q.G.S\" \/>\n<meta property=\"article:modified_time\" content=\"2024-03-30T12:47:41+00:00\" \/>\n<meta property=\"og:image\" content=\"https:\/\/qgsgroup.com\/wp-content\/uploads\/aliexpress\/h194cadb588ac48b6954e9fbf2567a84cb.jpg\" \/>\n\t<meta property=\"og:image:width\" content=\"750\" \/>\n\t<meta property=\"og:image:height\" content=\"750\" \/>\n\t<meta property=\"og:image:type\" content=\"image\/jpeg\" \/>\n<meta name=\"twitter:card\" content=\"summary_large_image\" \/>\n<meta name=\"twitter:label1\" content=\"\u01af\u1edbc t\u00ednh th\u1eddi gian \u0111\u1ecdc\" \/>\n\t<meta name=\"twitter:data1\" content=\"1 ph\u00fat\" \/>\n<script type=\"application\/ld+json\" class=\"yoast-schema-graph\">{\"@context\":\"https:\\\/\\\/schema.org\",\"@graph\":[{\"@type\":\"WebPage\",\"@id\":\"https:\\\/\\\/qgsgroup.com\\\/product\\\/wholesale-double-curtain-rod-sets-with-curtain-accessories-curtain-brackets-finials\\\/\",\"url\":\"https:\\\/\\\/qgsgroup.com\\\/product\\\/wholesale-double-curtain-rod-sets-with-curtain-accessories-curtain-brackets-finials\\\/\",\"name\":\"Wholesale Double Curtain Rod Sets with curtain accessories curtain brackets finials - Q.G.S\",\"isPartOf\":{\"@id\":\"https:\\\/\\\/rebornbusiness.com\\\/#website\"},\"primaryImageOfPage\":{\"@id\":\"https:\\\/\\\/qgsgroup.com\\\/product\\\/wholesale-double-curtain-rod-sets-with-curtain-accessories-curtain-brackets-finials\\\/#primaryimage\"},\"image\":{\"@id\":\"https:\\\/\\\/qgsgroup.com\\\/product\\\/wholesale-double-curtain-rod-sets-with-curtain-accessories-curtain-brackets-finials\\\/#primaryimage\"},\"thumbnailUrl\":\"https:\\\/\\\/qgsgroup.com\\\/wp-content\\\/uploads\\\/aliexpress\\\/h194cadb588ac48b6954e9fbf2567a84cb.jpg\",\"datePublished\":\"2024-03-30T12:47:40+00:00\",\"dateModified\":\"2024-03-30T12:47:41+00:00\",\"breadcrumb\":{\"@id\":\"https:\\\/\\\/qgsgroup.com\\\/product\\\/wholesale-double-curtain-rod-sets-with-curtain-accessories-curtain-brackets-finials\\\/#breadcrumb\"},\"inLanguage\":\"vi\",\"potentialAction\":[{\"@type\":\"ReadAction\",\"target\":[\"https:\\\/\\\/qgsgroup.com\\\/product\\\/wholesale-double-curtain-rod-sets-with-curtain-accessories-curtain-brackets-finials\\\/\"]}]},{\"@type\":\"ImageObject\",\"inLanguage\":\"vi\",\"@id\":\"https:\\\/\\\/qgsgroup.com\\\/product\\\/wholesale-double-curtain-rod-sets-with-curtain-accessories-curtain-brackets-finials\\\/#primaryimage\",\"url\":\"https:\\\/\\\/qgsgroup.com\\\/wp-content\\\/uploads\\\/aliexpress\\\/h194cadb588ac48b6954e9fbf2567a84cb.jpg\",\"contentUrl\":\"https:\\\/\\\/qgsgroup.com\\\/wp-content\\\/uploads\\\/aliexpress\\\/h194cadb588ac48b6954e9fbf2567a84cb.jpg\",\"width\":750,\"height\":750},{\"@type\":\"BreadcrumbList\",\"@id\":\"https:\\\/\\\/qgsgroup.com\\\/product\\\/wholesale-double-curtain-rod-sets-with-curtain-accessories-curtain-brackets-finials\\\/#breadcrumb\",\"itemListElement\":[{\"@type\":\"ListItem\",\"position\":1,\"name\":\"Home\",\"item\":\"https:\\\/\\\/qgsgroup.com\\\/\"},{\"@type\":\"ListItem\",\"position\":2,\"name\":\"Products\",\"item\":\"https:\\\/\\\/qgsgroup.com\\\/products\\\/\"},{\"@type\":\"ListItem\",\"position\":3,\"name\":\"Wholesale Double Curtain Rod Sets with curtain accessories curtain brackets finials\"}]},{\"@type\":\"WebSite\",\"@id\":\"https:\\\/\\\/rebornbusiness.com\\\/#website\",\"url\":\"https:\\\/\\\/rebornbusiness.com\\\/\",\"name\":\"Q.G.S\",\"description\":\"Q.G.S group company\",\"publisher\":{\"@id\":\"https:\\\/\\\/rebornbusiness.com\\\/#organization\"},\"potentialAction\":[{\"@type\":\"SearchAction\",\"target\":{\"@type\":\"EntryPoint\",\"urlTemplate\":\"https:\\\/\\\/rebornbusiness.com\\\/?s={search_term_string}\"},\"query-input\":{\"@type\":\"PropertyValueSpecification\",\"valueRequired\":true,\"valueName\":\"search_term_string\"}}],\"inLanguage\":\"vi\"},{\"@type\":\"Organization\",\"@id\":\"https:\\\/\\\/rebornbusiness.com\\\/#organization\",\"name\":\"Q.G.S\",\"url\":\"https:\\\/\\\/rebornbusiness.com\\\/\",\"logo\":{\"@type\":\"ImageObject\",\"inLanguage\":\"vi\",\"@id\":\"https:\\\/\\\/rebornbusiness.com\\\/#\\\/schema\\\/logo\\\/image\\\/\",\"url\":\"https:\\\/\\\/qgsgroup.com\\\/wp-content\\\/uploads\\\/2024\\\/03\\\/logo-electric-tools.png\",\"contentUrl\":\"https:\\\/\\\/qgsgroup.com\\\/wp-content\\\/uploads\\\/2024\\\/03\\\/logo-electric-tools.png\",\"width\":11090,\"height\":2459,\"caption\":\"Q.G.S\"},\"image\":{\"@id\":\"https:\\\/\\\/rebornbusiness.com\\\/#\\\/schema\\\/logo\\\/image\\\/\"}}]}<\/script>\n<!-- \/ Yoast SEO plugin. -->","yoast_head_json":{"title":"Wholesale Double Curtain Rod Sets with curtain accessories curtain brackets finials - Q.G.S","robots":{"index":"index","follow":"follow","max-snippet":"max-snippet:-1","max-image-preview":"max-image-preview:large","max-video-preview":"max-video-preview:-1"},"canonical":"https:\/\/qgsgroup.com\/vi\/san-pham\/wholesale-double-curtain-rod-sets-with-curtain-accessories-curtain-brackets-finials\/","og_locale":"vi_VN","og_type":"article","og_title":"Wholesale Double Curtain Rod Sets with curtain accessories curtain brackets finials - Q.G.S","og_description":"Key attributes Industry-specific attributes Design Style Modern Other attributes Place of Origin Zhejiang, China Type Single Brand Name OEM Model Number RA-R082 Curtain Poles, Tracks &#038; Accessories Type Curtain Poles Material Metal length customization Material pipe:iron; final:aluminum alloy; bracket:aluminum alloy; ring:plastic Color AB, AC, gold, silver, black, white, etc&#8230; Size diameter:28mm+19mm;size:1.6m,2m,2.5m,3m,6m, customization Feature Many styles, can be customized Packaging and delivery Packaging Details PVC, BOX Port Ningbo,Shanghai Supply Ability Supply Ability 120000 Set\/Sets per Month Customization Customized logo Min. order:500 Customized packaging Min. order:500 Graphic customization Min. order:500 Products Description MaterialPipe:ironFinal:resinBracket:ironRing:plasticSizeDiameter:16mm-19mmSize:1.2m-2.1m,1.6m-3.0mCustomizationStyle:doubleColorAB, AC, gold, silver, black, white, etc&#8230;FeatureMany styles, can be customizedMOQ50 SetsPackagePVC, BOX","og_url":"https:\/\/qgsgroup.com\/vi\/san-pham\/wholesale-double-curtain-rod-sets-with-curtain-accessories-curtain-brackets-finials\/","og_site_name":"Q.G.S","article_modified_time":"2024-03-30T12:47:41+00:00","og_image":[{"width":750,"height":750,"url":"https:\/\/qgsgroup.com\/wp-content\/uploads\/aliexpress\/h194cadb588ac48b6954e9fbf2567a84cb.jpg","type":"image\/jpeg"}],"twitter_card":"summary_large_image","twitter_misc":{"\u01af\u1edbc t\u00ednh th\u1eddi gian \u0111\u1ecdc":"1 ph\u00fat"},"schema":{"@context":"https:\/\/schema.org","@graph":[{"@type":"WebPage","@id":"https:\/\/qgsgroup.com\/product\/wholesale-double-curtain-rod-sets-with-curtain-accessories-curtain-brackets-finials\/","url":"https:\/\/qgsgroup.com\/product\/wholesale-double-curtain-rod-sets-with-curtain-accessories-curtain-brackets-finials\/","name":"Wholesale Double Curtain Rod Sets with curtain accessories curtain brackets finials - Q.G.S","isPartOf":{"@id":"https:\/\/rebornbusiness.com\/#website"},"primaryImageOfPage":{"@id":"https:\/\/qgsgroup.com\/product\/wholesale-double-curtain-rod-sets-with-curtain-accessories-curtain-brackets-finials\/#primaryimage"},"image":{"@id":"https:\/\/qgsgroup.com\/product\/wholesale-double-curtain-rod-sets-with-curtain-accessories-curtain-brackets-finials\/#primaryimage"},"thumbnailUrl":"https:\/\/qgsgroup.com\/wp-content\/uploads\/aliexpress\/h194cadb588ac48b6954e9fbf2567a84cb.jpg","datePublished":"2024-03-30T12:47:40+00:00","dateModified":"2024-03-30T12:47:41+00:00","breadcrumb":{"@id":"https:\/\/qgsgroup.com\/product\/wholesale-double-curtain-rod-sets-with-curtain-accessories-curtain-brackets-finials\/#breadcrumb"},"inLanguage":"vi","potentialAction":[{"@type":"ReadAction","target":["https:\/\/qgsgroup.com\/product\/wholesale-double-curtain-rod-sets-with-curtain-accessories-curtain-brackets-finials\/"]}]},{"@type":"ImageObject","inLanguage":"vi","@id":"https:\/\/qgsgroup.com\/product\/wholesale-double-curtain-rod-sets-with-curtain-accessories-curtain-brackets-finials\/#primaryimage","url":"https:\/\/qgsgroup.com\/wp-content\/uploads\/aliexpress\/h194cadb588ac48b6954e9fbf2567a84cb.jpg","contentUrl":"https:\/\/qgsgroup.com\/wp-content\/uploads\/aliexpress\/h194cadb588ac48b6954e9fbf2567a84cb.jpg","width":750,"height":750},{"@type":"BreadcrumbList","@id":"https:\/\/qgsgroup.com\/product\/wholesale-double-curtain-rod-sets-with-curtain-accessories-curtain-brackets-finials\/#breadcrumb","itemListElement":[{"@type":"ListItem","position":1,"name":"Home","item":"https:\/\/qgsgroup.com\/"},{"@type":"ListItem","position":2,"name":"Products","item":"https:\/\/qgsgroup.com\/products\/"},{"@type":"ListItem","position":3,"name":"Wholesale Double Curtain Rod Sets with curtain accessories curtain brackets finials"}]},{"@type":"WebSite","@id":"https:\/\/rebornbusiness.com\/#website","url":"https:\/\/rebornbusiness.com\/","name":"Q.G.S","description":"Q.G.S group company","publisher":{"@id":"https:\/\/rebornbusiness.com\/#organization"},"potentialAction":[{"@type":"SearchAction","target":{"@type":"EntryPoint","urlTemplate":"https:\/\/rebornbusiness.com\/?s={search_term_string}"},"query-input":{"@type":"PropertyValueSpecification","valueRequired":true,"valueName":"search_term_string"}}],"inLanguage":"vi"},{"@type":"Organization","@id":"https:\/\/rebornbusiness.com\/#organization","name":"Q.G.S","url":"https:\/\/rebornbusiness.com\/","logo":{"@type":"ImageObject","inLanguage":"vi","@id":"https:\/\/rebornbusiness.com\/#\/schema\/logo\/image\/","url":"https:\/\/qgsgroup.com\/wp-content\/uploads\/2024\/03\/logo-electric-tools.png","contentUrl":"https:\/\/qgsgroup.com\/wp-content\/uploads\/2024\/03\/logo-electric-tools.png","width":11090,"height":2459,"caption":"Q.G.S"},"image":{"@id":"https:\/\/rebornbusiness.com\/#\/schema\/logo\/image\/"}}]}},"_links":{"self":[{"href":"https:\/\/qgsgroup.com\/vi\/wp-json\/wp\/v2\/product\/5455","targetHints":{"allow":["GET"]}}],"collection":[{"href":"https:\/\/qgsgroup.com\/vi\/wp-json\/wp\/v2\/product"}],"about":[{"href":"https:\/\/qgsgroup.com\/vi\/wp-json\/wp\/v2\/types\/product"}],"wp:featuredmedia":[{"embeddable":true,"href":"https:\/\/qgsgroup.com\/vi\/wp-json\/wp\/v2\/media\/3011"}],"wp:attachment":[{"href":"https:\/\/qgsgroup.com\/vi\/wp-json\/wp\/v2\/media?parent=5455"}],"wp:term":[{"taxonomy":"product_brand","embeddable":true,"href":"https:\/\/qgsgroup.com\/vi\/wp-json\/wp\/v2\/product_brand?post=5455"},{"taxonomy":"product_cat","embeddable":true,"href":"https:\/\/qgsgroup.com\/vi\/wp-json\/wp\/v2\/product_cat?post=5455"},{"taxonomy":"product_tag","embeddable":true,"href":"https:\/\/qgsgroup.com\/vi\/wp-json\/wp\/v2\/product_tag?post=5455"}],"curies":[{"name":"wp","href":"https:\/\/api.w.org\/{rel}","templated":true}]}}