{"id":5613,"date":"2024-03-30T14:18:59","date_gmt":"2024-03-30T14:18:59","guid":{"rendered":"https:\/\/qgsgroup.com\/products\/wholesale-curtain-accessories-plastic-curtain-rings-86mm-abs-curtain-drapery-rings\/"},"modified":"2024-03-30T14:19:02","modified_gmt":"2024-03-30T14:19:02","slug":"wholesale-curtain-accessories-plastic-curtain-rings-86mm-abs-curtain-drapery-rings","status":"publish","type":"product","link":"https:\/\/qgsgroup.com\/vi\/san-pham\/wholesale-curtain-accessories-plastic-curtain-rings-86mm-abs-curtain-drapery-rings\/","title":{"rendered":"B\u00e1n bu\u00f4n ph\u1ee5 ki\u1ec7n r\u00e8m V\u00f2ng r\u00e8m nh\u1ef1a 86mm ABS V\u00f2ng treo r\u00e8m"},"content":{"rendered":"<div class=\"product-key-attributes\">\n<h3>Nh\u1eefng \u0111i\u1ec3m ch\u00ednh<\/h3>\n<h4>Thu\u1ed9c t\u00ednh c\u1ee5 th\u1ec3 c\u1ee7a ng\u00e0nh<\/h4>\n<ul>\n<li><label>Phong c\u00e1ch thi\u1ebft k\u1ebf<\/label>\n<div>kh\u00e1c<\/div>\n<\/li>\n<\/ul>\n<h4>C\u00e1c thu\u1ed9c t\u00ednh kh\u00e1c<\/h4>\n<ul>\n<li><label>Ngu\u1ed3n g\u1ed1c<\/label>\n<div>Chi\u1ebft Giang, Trung Qu\u1ed1c<\/div>\n<\/li>\n<li><label>Ki\u1ec3u<\/label>\n<div>\u0110\u01a1n<\/div>\n<\/li>\n<li><label>T\u00ean th\u01b0\u01a1ng hi\u1ec7u<\/label>\n<div>V\u00f2ng l\u1ed7 g\u1eafn r\u00e8m<\/div>\n<\/li>\n<li><label>S\u1ed1 m\u00f4 h\u00ecnh<\/label>\n<div>RR023<\/div>\n<\/li>\n<li><label>Lo\u1ea1i c\u1ed9t r\u00e8m, \u0111\u01b0\u1eddng ray &amp; ph\u1ee5 ki\u1ec7n<\/label>\n<div>Ph\u1ee5 ki\u1ec7n r\u00e8m<\/div>\n<\/li>\n<li><label>V\u1eadt li\u1ec7u<\/label>\n<div>Nh\u1ef1a<\/div>\n<\/li>\n<li><label>Ki\u1ec3u<\/label>\n<div>C\u1ed9t r\u00e8m, \u0111\u01b0\u1eddng ray &amp; ph\u1ee5 ki\u1ec7n<\/div>\n<\/li>\n<li><label>T\u00ean<\/label>\n<div>V\u00f2ng khoen r\u00e8m b\u1eb1ng nh\u1ef1a<\/div>\n<\/li>\n<li><label>M\u00e0u s\u1eafc<\/label>\n<div>V\u00e0ng\/B\u1ea1c\/C\u00e0 ph\u00ea\/T\u00edm\/Tr\u1eafng\/\u0110en ho\u1eb7c t\u00f9y ch\u1ec9nh<\/div>\n<\/li>\n<li><label>S\u1eed d\u1ee5ng chung<\/label>\n<div>r\u00e8m c\u1eeda s\u1ed5<\/div>\n<\/li>\n<li><label>\u0110\u01b0\u1eddng k\u00ednh ngo\u00e0i<\/label>\n<div>86mm<\/div>\n<\/li>\n<li><label>\u0110\u01b0\u1eddng k\u00ednh trong<\/label>\n<div>41mm<\/div>\n<\/li>\n<li><label>Chi\u1ec1u cao<\/label>\n<div>15mm<\/div>\n<\/li>\n<li><label>t\u00ean s\u1ea3n ph\u1ea9m<\/label>\n<div>V\u00f2ng treo r\u00e8m c\u1eeda<\/div>\n<\/li>\n<li><label>C\u00e1ch s\u1eed d\u1ee5ng<\/label>\n<div>Ph\u1ee5 ki\u1ec7n Curtian<\/div>\n<\/li>\n<li><label>\u1ee8ng d\u1ee5ng<\/label>\n<div>Trang ch\u1ee7. Kh\u00e1ch s\u1ea1n. B\u1ec7nh vi\u1ec7n. Qu\u00e1n c\u00e0 ph\u00ea. V\u0103n ph\u00f2ng.Tr\u01b0\u1eddng h\u1ecdc<\/div>\n<\/li>\n<\/ul>\n<h4>\u0110\u00f3ng g\u00f3i v\u00e0 giao h\u00e0ng<\/h4>\n<ul>\n<li><label>chi ti\u1ebft \u0111\u00f3ng g\u00f3i<\/label>\n<div>1 c\u00e1i\/polybag 50 c\u00e1i\/h\u1ed9p 40 h\u1ed9p\/ctn<\/div>\n<\/li>\n<li><label>H\u1ea3i c\u1ea3ng<\/label>\n<div>Ninh Ba\/Th\u01b0\u1ee3ng H\u1ea3i<\/div>\n<\/li>\n<\/ul>\n<h4>Kh\u1ea3 n\u0103ng cung c\u1ea5p<\/h4>\n<ul>\n<li><label>Kh\u1ea3 n\u0103ng cung c\u1ea5p<\/label>\n<div>200000 m\u1ea3nh\/m\u1ea3nh m\u1ed7i ng\u00e0y<\/div>\n<\/li>\n<\/ul>\n<\/div>\n<div class=\"product-customization\">\n<h3>T\u00f9y ch\u1ec9nh<\/h3>\n<div>\n<div>\n<p>bi\u1ec3u t\u01b0\u1ee3ng t\u00f9y ch\u1ec9nh<\/p>\n<p><label>T\u1ed1i thi\u1ec3u. \u0111\u1eb7t h\u00e0ng:<\/label>1000<\/p>\n<\/div>\n<div>\n<p>Bao b\u00ec t\u00f9y ch\u1ec9nh<\/p>\n<p><label>T\u1ed1i thi\u1ec3u. \u0111\u1eb7t h\u00e0ng:<\/label>1000<\/p>\n<\/div>\n<div>\n<p>T\u00f9y ch\u1ec9nh \u0111\u1ed3 h\u1ecda<\/p>\n<p><label>T\u1ed1i thi\u1ec3u. \u0111\u1eb7t h\u00e0ng:<\/label>1000<\/p>\n<\/div>\n<\/div>\n<\/div>\n<p><div data-magic-global=\"%7B%22bizId%22%3A3210435406%2C%22pageId%22%3A21177075625%2C%22siteId%22%3A5005373107%7D\" id=\"detail_decorate_root\"><br \/>\n      <div module-id=\"33545024387\" module-title=\"detailSingleImage\" render=\"true\" class=\"J_module\"><div class=\"icbu-pc-images magic-0\"><div><div class=\"flex-layout-v\"><div class=\"flex-layout-h magic-0\"><div class=\"magic-1\"><img src=\"https:\/\/qgsgroup.com\/wp-content\/uploads\/aliexpress\/h5175047b0a0e4ad7a22e9513ef1a33acm.jpg\" usemap=\"#d-8a-8a2-2b7d\" class=\"magic-2\"\/><\/div><\/div><\/div><\/div><\/div><\/div><\/p>\n<p>      <div module-id=\"32107626038\" module-title=\"detailTableNoTitle\" render=\"true\" class=\"J_module\"><div class=\"ife-detail-decorate-table\"><table class=\"all magic-3\"><tbody><tr><td colspan=\"1\" rowspan=\"1\"><div class=\"magic-4\">V\u1eadt li\u1ec7u<\/div><\/td><td colspan=\"3\" rowspan=\"1\"><div class=\"magic-5\">Nh\u1ef1a<\/div><\/td><\/tr><tr><td colspan=\"1\" rowspan=\"1\"><div class=\"magic-4\">Lo\u1ea1i nh\u1ef1a<\/div><\/td><td colspan=\"3\" rowspan=\"1\"><div class=\"magic-5\"> PP\/ABS<\/div><\/td><\/tr><tr><td colspan=\"1\" rowspan=\"1\"><div class=\"magic-4\">M\u00e0u s\u1eafc<\/div><\/td><td colspan=\"3\" rowspan=\"1\"><div class=\"magic-5\">V\u00e0ng\/B\u1ea1c\/C\u00e0 ph\u00ea\/T\u00edm\/Tr\u1eafng\/\u0110en ho\u1eb7c t\u00f9y ch\u1ec9nh<\/div><\/td><\/tr><tr><td colspan=\"1\" rowspan=\"1\"><div class=\"magic-4\">\u0110\u01b0\u1eddng k\u00ednh ngo\u00e0i<\/div><\/td><td colspan=\"3\" rowspan=\"1\"><div class=\"magic-5\">86mm<\/div><\/td><\/tr><tr><td colspan=\"1\" rowspan=\"1\"><div class=\"magic-4\">\u0110\u01b0\u1eddng k\u00ednh trong<\/div><\/td><td colspan=\"3\" rowspan=\"1\"><div class=\"magic-5\">41mm<\/div><\/td><\/tr><tr><td colspan=\"1\" rowspan=\"1\"><div class=\"magic-4\">Chi\u1ec1u cao<\/div><\/td><td colspan=\"3\" rowspan=\"1\"><div class=\"magic-9\">15mm<\/div><\/td><\/tr><\/tbody><\/table><\/div><\/div><\/p>\n<p>      <div module-id=\"32107626039\" module-title=\"detailManyImage\" render=\"true\" class=\"J_module\"><div class=\"icbu-pc-detailManyImage magic-12\"><div class=\"magic-13\"><img src=\"https:\/\/qgsgroup.com\/wp-content\/uploads\/aliexpress\/htb1b70mkf5tbunjsspcq6zngfxat.jpg\" class=\"magic-14\"\/><\/div><div class=\"magic-13\"><img src=\"https:\/\/qgsgroup.com\/wp-content\/uploads\/aliexpress\/htb1wfn2pz7nbknjszleq6zxcfxaz.jpg\" class=\"magic-14\"\/><\/div><div class=\"magic-13\"><img src=\"https:\/\/qgsgroup.com\/wp-content\/uploads\/aliexpress\/htb1diazkbuwbunjsszgq6z8jvxaa.jpg\" class=\"magic-14\"\/><\/div><div class=\"magic-13\"><img src=\"https:\/\/qgsgroup.com\/wp-content\/uploads\/aliexpress\/htb1q2ldbocybunkhfccq6ahtvxae.jpg\" class=\"magic-14\"\/><\/div><div class=\"magic-13\"><img src=\"https:\/\/qgsgroup.com\/wp-content\/uploads\/aliexpress\/htb1cvtnkxgwbunjy0fbq6z4sxxac.jpg\" class=\"magic-14\"\/><\/div><div class=\"magic-13\"><img src=\"https:\/\/qgsgroup.com\/wp-content\/uploads\/aliexpress\/htb1qftek3zc2unjszfnq6yxzpxav.jpg\" class=\"magic-14\"\/><\/div><\/div><\/div><\/p>\n<p>      <div module-id=\"33545024391\" module-title=\"detailSingleImage\" render=\"true\" class=\"J_module\"><div class=\"icbu-pc-images magic-0\"><div><div class=\"flex-layout-v\"><div class=\"flex-layout-h magic-0\"><div class=\"magic-15\"><img src=\"https:\/\/qgsgroup.com\/wp-content\/uploads\/aliexpress\/hea1474d1449e48738f187618f545d275w.jpg\" class=\"magic-16\"\/><\/div><\/div><\/div><\/div><\/div><\/div><\/p>\n<p>      <div module-id=\"33545024392\" module-title=\"detailSingleImage\" render=\"true\" class=\"J_module\"><div class=\"icbu-pc-images magic-0\"><div><div class=\"flex-layout-v\"><div class=\"flex-layout-h magic-0\"><div class=\"magic-17\"><img src=\"https:\/\/qgsgroup.com\/wp-content\/uploads\/aliexpress\/h7980e415ddab43d7918a50f6d1e84b88s.jpg\" class=\"magic-18\"\/><\/div><\/div><\/div><\/div><\/div><\/div><\/p>\n<p><\/DIV><\/p>","protected":false},"excerpt":{"rendered":"<p>Key attributes Industry-specific attributes Design Style other Other attributes Place of Origin Zhejiang, China Type Single Brand Name Curtain eyelet rings Model Number RR023 Curtain Poles, Tracks &#038; Accessories Type Curtain Accessories Material Plastic Type Curtain Poles, Tracks &#038; Accessories Name Plastic curtain eyelet rings Color Gold\/ Silver\/ Coffee\/ Purple\/White\/ Black or as Customization General Use window curtains External diameter 86mm Inner diameter 41mm Height 15mm Product Name Curtain drapery rings Usage Curtian Accessories Application Home. Hotel. Hospital. Cafe. Office.School Packaging and delivery Packaging Details 1pcs\/polybag 50pcs\/box 40box\/ctn Port Ningbo\/ Shanghai Supply Ability Supply Ability 200000 Piece\/Pieces per Day Customization Customized logo Min. order:1000 Customized packaging Min. order:1000 Graphic customization Min. order:1000 MaterialPlasticPlastic Type PP\/ABSColorGold\/ Silver\/ Coffee\/ Purple\/White\/ Black or as CustomizationExternal diameter86mmInner diameter41mmHeight15mm<\/p>","protected":false},"featured_media":3885,"template":"","meta":{"site-sidebar-layout":"default","site-content-layout":"","ast-site-content-layout":"","site-content-style":"default","site-sidebar-style":"default","ast-global-header-display":"","ast-banner-title-visibility":"","ast-main-header-display":"","ast-hfb-above-header-display":"","ast-hfb-below-header-display":"","ast-hfb-mobile-header-display":"","site-post-title":"","ast-breadcrumbs-content":"","ast-featured-img":"","footer-sml-layout":"","theme-transparent-header-meta":"","adv-header-id-meta":"","stick-header-meta":"","header-above-stick-meta":"","header-main-stick-meta":"","header-below-stick-meta":"","astra-migrate-meta-layouts":"default","ast-page-background-enabled":"default","ast-page-background-meta":{"desktop":{"background-color":"","background-image":"","background-repeat":"repeat","background-position":"center center","background-size":"auto","background-attachment":"scroll","background-type":"","background-media":"","overlay-type":"","overlay-color":"","overlay-opacity":"","overlay-gradient":""},"tablet":{"background-color":"","background-image":"","background-repeat":"repeat","background-position":"center center","background-size":"auto","background-attachment":"scroll","background-type":"","background-media":"","overlay-type":"","overlay-color":"","overlay-opacity":"","overlay-gradient":""},"mobile":{"background-color":"","background-image":"","background-repeat":"repeat","background-position":"center center","background-size":"auto","background-attachment":"scroll","background-type":"","background-media":"","overlay-type":"","overlay-color":"","overlay-opacity":"","overlay-gradient":""}},"ast-content-background-meta":{"desktop":{"background-color":"var(--ast-global-color-5)","background-image":"","background-repeat":"repeat","background-position":"center center","background-size":"auto","background-attachment":"scroll","background-type":"","background-media":"","overlay-type":"","overlay-color":"","overlay-opacity":"","overlay-gradient":""},"tablet":{"background-color":"var(--ast-global-color-5)","background-image":"","background-repeat":"repeat","background-position":"center center","background-size":"auto","background-attachment":"scroll","background-type":"","background-media":"","overlay-type":"","overlay-color":"","overlay-opacity":"","overlay-gradient":""},"mobile":{"background-color":"var(--ast-global-color-5)","background-image":"","background-repeat":"repeat","background-position":"center center","background-size":"auto","background-attachment":"scroll","background-type":"","background-media":"","overlay-type":"","overlay-color":"","overlay-opacity":"","overlay-gradient":""}}},"product_brand":[],"product_cat":[90],"product_tag":[],"class_list":{"0":"post-5613","1":"product","2":"type-product","3":"status-publish","4":"has-post-thumbnail","6":"product_cat-curtain-eyelet-rings","7":"desktop-align-left","8":"tablet-align-left","9":"mobile-align-left","11":"first","12":"instock","13":"shipping-taxable","14":"product-type-simple"},"yoast_head":"<!-- This site is optimized with the Yoast SEO plugin v27.6 - https:\/\/yoast.com\/product\/yoast-seo-wordpress\/ -->\n<title>Wholesale Curtain Accessories Plastic Curtain Rings 86mm Abs Curtain drapery rings - Q.G.S<\/title>\n<meta name=\"robots\" content=\"index, follow, max-snippet:-1, max-image-preview:large, max-video-preview:-1\" \/>\n<link rel=\"canonical\" href=\"https:\/\/qgsgroup.com\/vi\/san-pham\/wholesale-curtain-accessories-plastic-curtain-rings-86mm-abs-curtain-drapery-rings\/\" \/>\n<meta property=\"og:locale\" content=\"vi_VN\" \/>\n<meta property=\"og:type\" content=\"article\" \/>\n<meta property=\"og:title\" content=\"Wholesale Curtain Accessories Plastic Curtain Rings 86mm Abs Curtain drapery rings - Q.G.S\" \/>\n<meta property=\"og:description\" content=\"Key attributes Industry-specific attributes Design Style other Other attributes Place of Origin Zhejiang, China Type Single Brand Name Curtain eyelet rings Model Number RR023 Curtain Poles, Tracks &#038; Accessories Type Curtain Accessories Material Plastic Type Curtain Poles, Tracks &#038; Accessories Name Plastic curtain eyelet rings Color Gold\/ Silver\/ Coffee\/ Purple\/White\/ Black or as Customization General Use window curtains External diameter 86mm Inner diameter 41mm Height 15mm Product Name Curtain drapery rings Usage Curtian Accessories Application Home. Hotel. Hospital. Cafe. Office.School Packaging and delivery Packaging Details 1pcs\/polybag 50pcs\/box 40box\/ctn Port Ningbo\/ Shanghai Supply Ability Supply Ability 200000 Piece\/Pieces per Day Customization Customized logo Min. order:1000 Customized packaging Min. order:1000 Graphic customization Min. order:1000 MaterialPlasticPlastic Type PP\/ABSColorGold\/ Silver\/ Coffee\/ Purple\/White\/ Black or as CustomizationExternal diameter86mmInner diameter41mmHeight15mm\" \/>\n<meta property=\"og:url\" content=\"https:\/\/qgsgroup.com\/vi\/san-pham\/wholesale-curtain-accessories-plastic-curtain-rings-86mm-abs-curtain-drapery-rings\/\" \/>\n<meta property=\"og:site_name\" content=\"Q.G.S\" \/>\n<meta property=\"article:modified_time\" content=\"2024-03-30T14:19:02+00:00\" \/>\n<meta property=\"og:image\" content=\"https:\/\/qgsgroup.com\/wp-content\/uploads\/aliexpress\/h52306a350b9a4e4d9a757349494dcf6dn.jpg\" \/>\n\t<meta property=\"og:image:width\" content=\"750\" \/>\n\t<meta property=\"og:image:height\" content=\"750\" \/>\n\t<meta property=\"og:image:type\" content=\"image\/jpeg\" \/>\n<meta name=\"twitter:card\" content=\"summary_large_image\" \/>\n<meta name=\"twitter:label1\" content=\"\u01af\u1edbc t\u00ednh th\u1eddi gian \u0111\u1ecdc\" \/>\n\t<meta name=\"twitter:data1\" content=\"1 ph\u00fat\" \/>\n<script type=\"application\/ld+json\" class=\"yoast-schema-graph\">{\"@context\":\"https:\\\/\\\/schema.org\",\"@graph\":[{\"@type\":\"WebPage\",\"@id\":\"https:\\\/\\\/qgsgroup.com\\\/product\\\/wholesale-curtain-accessories-plastic-curtain-rings-86mm-abs-curtain-drapery-rings\\\/\",\"url\":\"https:\\\/\\\/qgsgroup.com\\\/product\\\/wholesale-curtain-accessories-plastic-curtain-rings-86mm-abs-curtain-drapery-rings\\\/\",\"name\":\"Wholesale Curtain Accessories Plastic Curtain Rings 86mm Abs Curtain drapery rings - Q.G.S\",\"isPartOf\":{\"@id\":\"https:\\\/\\\/rebornbusiness.com\\\/#website\"},\"primaryImageOfPage\":{\"@id\":\"https:\\\/\\\/qgsgroup.com\\\/product\\\/wholesale-curtain-accessories-plastic-curtain-rings-86mm-abs-curtain-drapery-rings\\\/#primaryimage\"},\"image\":{\"@id\":\"https:\\\/\\\/qgsgroup.com\\\/product\\\/wholesale-curtain-accessories-plastic-curtain-rings-86mm-abs-curtain-drapery-rings\\\/#primaryimage\"},\"thumbnailUrl\":\"https:\\\/\\\/qgsgroup.com\\\/wp-content\\\/uploads\\\/aliexpress\\\/h52306a350b9a4e4d9a757349494dcf6dn.jpg\",\"datePublished\":\"2024-03-30T14:18:59+00:00\",\"dateModified\":\"2024-03-30T14:19:02+00:00\",\"breadcrumb\":{\"@id\":\"https:\\\/\\\/qgsgroup.com\\\/product\\\/wholesale-curtain-accessories-plastic-curtain-rings-86mm-abs-curtain-drapery-rings\\\/#breadcrumb\"},\"inLanguage\":\"vi\",\"potentialAction\":[{\"@type\":\"ReadAction\",\"target\":[\"https:\\\/\\\/qgsgroup.com\\\/product\\\/wholesale-curtain-accessories-plastic-curtain-rings-86mm-abs-curtain-drapery-rings\\\/\"]}]},{\"@type\":\"ImageObject\",\"inLanguage\":\"vi\",\"@id\":\"https:\\\/\\\/qgsgroup.com\\\/product\\\/wholesale-curtain-accessories-plastic-curtain-rings-86mm-abs-curtain-drapery-rings\\\/#primaryimage\",\"url\":\"https:\\\/\\\/qgsgroup.com\\\/wp-content\\\/uploads\\\/aliexpress\\\/h52306a350b9a4e4d9a757349494dcf6dn.jpg\",\"contentUrl\":\"https:\\\/\\\/qgsgroup.com\\\/wp-content\\\/uploads\\\/aliexpress\\\/h52306a350b9a4e4d9a757349494dcf6dn.jpg\",\"width\":750,\"height\":750},{\"@type\":\"BreadcrumbList\",\"@id\":\"https:\\\/\\\/qgsgroup.com\\\/product\\\/wholesale-curtain-accessories-plastic-curtain-rings-86mm-abs-curtain-drapery-rings\\\/#breadcrumb\",\"itemListElement\":[{\"@type\":\"ListItem\",\"position\":1,\"name\":\"Home\",\"item\":\"https:\\\/\\\/qgsgroup.com\\\/\"},{\"@type\":\"ListItem\",\"position\":2,\"name\":\"Products\",\"item\":\"https:\\\/\\\/qgsgroup.com\\\/products\\\/\"},{\"@type\":\"ListItem\",\"position\":3,\"name\":\"Wholesale Curtain Accessories Plastic Curtain Rings 86mm Abs Curtain drapery rings\"}]},{\"@type\":\"WebSite\",\"@id\":\"https:\\\/\\\/rebornbusiness.com\\\/#website\",\"url\":\"https:\\\/\\\/rebornbusiness.com\\\/\",\"name\":\"Q.G.S\",\"description\":\"Q.G.S group company\",\"publisher\":{\"@id\":\"https:\\\/\\\/rebornbusiness.com\\\/#organization\"},\"potentialAction\":[{\"@type\":\"SearchAction\",\"target\":{\"@type\":\"EntryPoint\",\"urlTemplate\":\"https:\\\/\\\/rebornbusiness.com\\\/?s={search_term_string}\"},\"query-input\":{\"@type\":\"PropertyValueSpecification\",\"valueRequired\":true,\"valueName\":\"search_term_string\"}}],\"inLanguage\":\"vi\"},{\"@type\":\"Organization\",\"@id\":\"https:\\\/\\\/rebornbusiness.com\\\/#organization\",\"name\":\"Q.G.S\",\"url\":\"https:\\\/\\\/rebornbusiness.com\\\/\",\"logo\":{\"@type\":\"ImageObject\",\"inLanguage\":\"vi\",\"@id\":\"https:\\\/\\\/rebornbusiness.com\\\/#\\\/schema\\\/logo\\\/image\\\/\",\"url\":\"https:\\\/\\\/qgsgroup.com\\\/wp-content\\\/uploads\\\/2024\\\/03\\\/logo-electric-tools.png\",\"contentUrl\":\"https:\\\/\\\/qgsgroup.com\\\/wp-content\\\/uploads\\\/2024\\\/03\\\/logo-electric-tools.png\",\"width\":11090,\"height\":2459,\"caption\":\"Q.G.S\"},\"image\":{\"@id\":\"https:\\\/\\\/rebornbusiness.com\\\/#\\\/schema\\\/logo\\\/image\\\/\"}}]}<\/script>\n<!-- \/ Yoast SEO plugin. -->","yoast_head_json":{"title":"Wholesale Curtain Accessories Plastic Curtain Rings 86mm Abs Curtain drapery rings - Q.G.S","robots":{"index":"index","follow":"follow","max-snippet":"max-snippet:-1","max-image-preview":"max-image-preview:large","max-video-preview":"max-video-preview:-1"},"canonical":"https:\/\/qgsgroup.com\/vi\/san-pham\/wholesale-curtain-accessories-plastic-curtain-rings-86mm-abs-curtain-drapery-rings\/","og_locale":"vi_VN","og_type":"article","og_title":"Wholesale Curtain Accessories Plastic Curtain Rings 86mm Abs Curtain drapery rings - Q.G.S","og_description":"Key attributes Industry-specific attributes Design Style other Other attributes Place of Origin Zhejiang, China Type Single Brand Name Curtain eyelet rings Model Number RR023 Curtain Poles, Tracks &#038; Accessories Type Curtain Accessories Material Plastic Type Curtain Poles, Tracks &#038; Accessories Name Plastic curtain eyelet rings Color Gold\/ Silver\/ Coffee\/ Purple\/White\/ Black or as Customization General Use window curtains External diameter 86mm Inner diameter 41mm Height 15mm Product Name Curtain drapery rings Usage Curtian Accessories Application Home. Hotel. Hospital. Cafe. Office.School Packaging and delivery Packaging Details 1pcs\/polybag 50pcs\/box 40box\/ctn Port Ningbo\/ Shanghai Supply Ability Supply Ability 200000 Piece\/Pieces per Day Customization Customized logo Min. order:1000 Customized packaging Min. order:1000 Graphic customization Min. order:1000 MaterialPlasticPlastic Type PP\/ABSColorGold\/ Silver\/ Coffee\/ Purple\/White\/ Black or as CustomizationExternal diameter86mmInner diameter41mmHeight15mm","og_url":"https:\/\/qgsgroup.com\/vi\/san-pham\/wholesale-curtain-accessories-plastic-curtain-rings-86mm-abs-curtain-drapery-rings\/","og_site_name":"Q.G.S","article_modified_time":"2024-03-30T14:19:02+00:00","og_image":[{"width":750,"height":750,"url":"https:\/\/qgsgroup.com\/wp-content\/uploads\/aliexpress\/h52306a350b9a4e4d9a757349494dcf6dn.jpg","type":"image\/jpeg"}],"twitter_card":"summary_large_image","twitter_misc":{"\u01af\u1edbc t\u00ednh th\u1eddi gian \u0111\u1ecdc":"1 ph\u00fat"},"schema":{"@context":"https:\/\/schema.org","@graph":[{"@type":"WebPage","@id":"https:\/\/qgsgroup.com\/product\/wholesale-curtain-accessories-plastic-curtain-rings-86mm-abs-curtain-drapery-rings\/","url":"https:\/\/qgsgroup.com\/product\/wholesale-curtain-accessories-plastic-curtain-rings-86mm-abs-curtain-drapery-rings\/","name":"Wholesale Curtain Accessories Plastic Curtain Rings 86mm Abs Curtain drapery rings - Q.G.S","isPartOf":{"@id":"https:\/\/rebornbusiness.com\/#website"},"primaryImageOfPage":{"@id":"https:\/\/qgsgroup.com\/product\/wholesale-curtain-accessories-plastic-curtain-rings-86mm-abs-curtain-drapery-rings\/#primaryimage"},"image":{"@id":"https:\/\/qgsgroup.com\/product\/wholesale-curtain-accessories-plastic-curtain-rings-86mm-abs-curtain-drapery-rings\/#primaryimage"},"thumbnailUrl":"https:\/\/qgsgroup.com\/wp-content\/uploads\/aliexpress\/h52306a350b9a4e4d9a757349494dcf6dn.jpg","datePublished":"2024-03-30T14:18:59+00:00","dateModified":"2024-03-30T14:19:02+00:00","breadcrumb":{"@id":"https:\/\/qgsgroup.com\/product\/wholesale-curtain-accessories-plastic-curtain-rings-86mm-abs-curtain-drapery-rings\/#breadcrumb"},"inLanguage":"vi","potentialAction":[{"@type":"ReadAction","target":["https:\/\/qgsgroup.com\/product\/wholesale-curtain-accessories-plastic-curtain-rings-86mm-abs-curtain-drapery-rings\/"]}]},{"@type":"ImageObject","inLanguage":"vi","@id":"https:\/\/qgsgroup.com\/product\/wholesale-curtain-accessories-plastic-curtain-rings-86mm-abs-curtain-drapery-rings\/#primaryimage","url":"https:\/\/qgsgroup.com\/wp-content\/uploads\/aliexpress\/h52306a350b9a4e4d9a757349494dcf6dn.jpg","contentUrl":"https:\/\/qgsgroup.com\/wp-content\/uploads\/aliexpress\/h52306a350b9a4e4d9a757349494dcf6dn.jpg","width":750,"height":750},{"@type":"BreadcrumbList","@id":"https:\/\/qgsgroup.com\/product\/wholesale-curtain-accessories-plastic-curtain-rings-86mm-abs-curtain-drapery-rings\/#breadcrumb","itemListElement":[{"@type":"ListItem","position":1,"name":"Home","item":"https:\/\/qgsgroup.com\/"},{"@type":"ListItem","position":2,"name":"Products","item":"https:\/\/qgsgroup.com\/products\/"},{"@type":"ListItem","position":3,"name":"Wholesale Curtain Accessories Plastic Curtain Rings 86mm Abs Curtain drapery rings"}]},{"@type":"WebSite","@id":"https:\/\/rebornbusiness.com\/#website","url":"https:\/\/rebornbusiness.com\/","name":"Q.G.S","description":"Q.G.S group company","publisher":{"@id":"https:\/\/rebornbusiness.com\/#organization"},"potentialAction":[{"@type":"SearchAction","target":{"@type":"EntryPoint","urlTemplate":"https:\/\/rebornbusiness.com\/?s={search_term_string}"},"query-input":{"@type":"PropertyValueSpecification","valueRequired":true,"valueName":"search_term_string"}}],"inLanguage":"vi"},{"@type":"Organization","@id":"https:\/\/rebornbusiness.com\/#organization","name":"Q.G.S","url":"https:\/\/rebornbusiness.com\/","logo":{"@type":"ImageObject","inLanguage":"vi","@id":"https:\/\/rebornbusiness.com\/#\/schema\/logo\/image\/","url":"https:\/\/qgsgroup.com\/wp-content\/uploads\/2024\/03\/logo-electric-tools.png","contentUrl":"https:\/\/qgsgroup.com\/wp-content\/uploads\/2024\/03\/logo-electric-tools.png","width":11090,"height":2459,"caption":"Q.G.S"},"image":{"@id":"https:\/\/rebornbusiness.com\/#\/schema\/logo\/image\/"}}]}},"_links":{"self":[{"href":"https:\/\/qgsgroup.com\/vi\/wp-json\/wp\/v2\/product\/5613","targetHints":{"allow":["GET"]}}],"collection":[{"href":"https:\/\/qgsgroup.com\/vi\/wp-json\/wp\/v2\/product"}],"about":[{"href":"https:\/\/qgsgroup.com\/vi\/wp-json\/wp\/v2\/types\/product"}],"wp:featuredmedia":[{"embeddable":true,"href":"https:\/\/qgsgroup.com\/vi\/wp-json\/wp\/v2\/media\/3885"}],"wp:attachment":[{"href":"https:\/\/qgsgroup.com\/vi\/wp-json\/wp\/v2\/media?parent=5613"}],"wp:term":[{"taxonomy":"product_brand","embeddable":true,"href":"https:\/\/qgsgroup.com\/vi\/wp-json\/wp\/v2\/product_brand?post=5613"},{"taxonomy":"product_cat","embeddable":true,"href":"https:\/\/qgsgroup.com\/vi\/wp-json\/wp\/v2\/product_cat?post=5613"},{"taxonomy":"product_tag","embeddable":true,"href":"https:\/\/qgsgroup.com\/vi\/wp-json\/wp\/v2\/product_tag?post=5613"}],"curies":[{"name":"wp","href":"https:\/\/api.w.org\/{rel}","templated":true}]}}