{"id":5644,"date":"2024-03-30T14:27:02","date_gmt":"2024-03-30T14:27:02","guid":{"rendered":"https:\/\/qgsgroup.com\/products\/hot-sell-crystal-ball-25-28mm-curtain-finials-curtain-accessories-for-double-curtain-rods\/"},"modified":"2024-03-30T14:27:41","modified_gmt":"2024-03-30T14:27:41","slug":"hot-sell-crystal-ball-25-28mm-curtain-finials-curtain-accessories-for-double-curtain-rods","status":"publish","type":"product","link":"https:\/\/qgsgroup.com\/vi\/san-pham\/hot-sell-crystal-ball-25-28mm-curtain-finials-curtain-accessories-for-double-curtain-rods\/","title":{"rendered":"Hot sell crystal ball 25\/28mm curtain finials curtain accessories for double curtain rods"},"content":{"rendered":"<div class=\"product-key-attributes\">\n<h3>Nh\u1eefng \u0111i\u1ec3m ch\u00ednh<\/h3>\n<h4>Thu\u1ed9c t\u00ednh c\u1ee5 th\u1ec3 c\u1ee7a ng\u00e0nh<\/h4>\n<ul>\n<li><label>Phong c\u00e1ch thi\u1ebft k\u1ebf<\/label>\n<div>\u0110\u1ed3ng th\u1eddi<\/div>\n<\/li>\n<\/ul>\n<h4>C\u00e1c thu\u1ed9c t\u00ednh kh\u00e1c<\/h4>\n<ul>\n<li><label>Ngu\u1ed3n g\u1ed1c<\/label>\n<div>Chi\u1ebft Giang, Trung Qu\u1ed1c<\/div>\n<\/li>\n<li><label>Ki\u1ec3u<\/label>\n<div>\u0110\u01a1n<\/div>\n<\/li>\n<li><label>T\u00ean th\u01b0\u01a1ng hi\u1ec7u<\/label>\n<div>OEM<\/div>\n<\/li>\n<li><label>S\u1ed1 m\u00f4 h\u00ecnh<\/label>\n<div>RA-C113<\/div>\n<\/li>\n<li><label>Lo\u1ea1i c\u1ed9t r\u00e8m, \u0111\u01b0\u1eddng ray &amp; ph\u1ee5 ki\u1ec7n<\/label>\n<div>Ph\u1ee5 ki\u1ec7n r\u00e8m<\/div>\n<\/li>\n<li><label>V\u1eadt li\u1ec7u<\/label>\n<div>Kim lo\u1ea1i<\/div>\n<\/li>\n<li><label>Ki\u1ec3u<\/label>\n<div>C\u1ed9t r\u00e8m, \u0111\u01b0\u1eddng ray &amp; ph\u1ee5 ki\u1ec7n<\/div>\n<\/li>\n<li><label>V\u1eadt li\u1ec7u<\/label>\n<div>pha l\u00ea<\/div>\n<\/li>\n<li><label>M\u00e0u s\u1eafc<\/label>\n<div>AB, AC, v\u00e0ng, b\u1ea1c, \u0111en, tr\u1eafng, v.v...<\/div>\n<\/li>\n<li><label>K\u00edch c\u1ee1<\/label>\n<div>\u0110\u01b0\u1eddng k\u00ednh: 19mm, 28mm<\/div>\n<\/li>\n<li><label>Th\u1eddi gian giao h\u00e0ng<\/label>\n<div>25-30 ng\u00e0y<\/div>\n<\/li>\n<li><label>t\u00ean s\u1ea3n ph\u1ea9m<\/label>\n<div>V\u00f2ng chung k\u1ebft r\u00e8m<\/div>\n<\/li>\n<li><label>MOQ<\/label>\n<div>100 C\u00c1I<\/div>\n<\/li>\n<li><label>T\u1eeb kh\u00f3a<\/label>\n<div>Ph\u1ee5 ki\u1ec7n r\u00e8m<\/div>\n<\/li>\n<li><label>S\u1eed d\u1ee5ng<\/label>\n<div>Trang ch\u1ee7. Kh\u00e1ch s\u1ea1n. B\u1ec7nh vi\u1ec7n. Qu\u00e1n c\u00e0 ph\u00ea. Office.ect<\/div>\n<\/li>\n<\/ul>\n<h4>\u0110\u00f3ng g\u00f3i v\u00e0 giao h\u00e0ng<\/h4>\n<ul>\n<li><label>chi ti\u1ebft \u0111\u00f3ng g\u00f3i<\/label>\n<div>OPP, PVC<\/div>\n<\/li>\n<li><label>H\u1ea3i c\u1ea3ng<\/label>\n<div>Ninh Ba, Th\u01b0\u1ee3ng H\u1ea3i<\/div>\n<\/li>\n<\/ul>\n<h4>Kh\u1ea3 n\u0103ng cung c\u1ea5p<\/h4>\n<ul>\n<li><label>Kh\u1ea3 n\u0103ng cung c\u1ea5p<\/label>\n<div>100000 m\u1ea3nh \/ m\u1ea3nh m\u1ed7i th\u00e1ng<\/div>\n<\/li>\n<\/ul>\n<\/div>\n<div class=\"product-customization\">\n<h3>T\u00f9y ch\u1ec9nh<\/h3>\n<div>\n<div>\n<p>bi\u1ec3u t\u01b0\u1ee3ng t\u00f9y ch\u1ec9nh<\/p>\n<p><label>T\u1ed1i thi\u1ec3u. \u0111\u1eb7t h\u00e0ng:<\/label>500<\/p>\n<\/div>\n<div>\n<p>Bao b\u00ec t\u00f9y ch\u1ec9nh<\/p>\n<p><label>T\u1ed1i thi\u1ec3u. \u0111\u1eb7t h\u00e0ng:<\/label>500<\/p>\n<\/div>\n<div>\n<p>T\u00f9y ch\u1ec9nh \u0111\u1ed3 h\u1ecda<\/p>\n<p><label>T\u1ed1i thi\u1ec3u. \u0111\u1eb7t h\u00e0ng:<\/label>500<\/p>\n<\/div>\n<\/div>\n<\/div>\n<p><div data-magic-global=\"%7B%22bizId%22%3A3210435406%2C%22pageId%22%3A21235512783%2C%22siteId%22%3A5005373107%7D\" id=\"detail_decorate_root\"><br \/>\n      <div module-id=\"33594234366\" module-title=\"detailSingleImage\" render=\"true\" class=\"J_module\"><div class=\"icbu-pc-images magic-0\"><div><div class=\"flex-layout-v\"><div class=\"flex-layout-h magic-0\"><div class=\"magic-1\"><img src=\"https:\/\/qgsgroup.com\/wp-content\/uploads\/aliexpress\/h5175047b0a0e4ad7a22e9513ef1a33acm.jpg\" usemap=\"#8-ce-edf-5f50\" class=\"magic-2\"\/><\/div><\/div><\/div><\/div><\/div><\/div><\/p>\n<p>      <div module-id=\"33594234367\" module-title=\"detailProductNavigation\" render=\"true\" class=\"J_module\"><div id=\"ali-anchor-AliMagic-frpf2r\" data-section=\"AliMagic-frpf2r\" data-section-title=\"Products Description\" class=\"magic-3\">M\u00f4 t\u1ea3 s\u1ea3n ph\u1ea9m<\/div><\/div><\/p>\n<p>      <div module-id=\"33594234368\" module-title=\"detailTableNoTitle\" render=\"true\" class=\"J_module\"><div class=\"ife-detail-decorate-table\"><table class=\"all magic-4\"><tbody><tr><td colspan=\"1\" rowspan=\"1\"><div class=\"magic-5\">V\u1eadt li\u1ec7u<\/div><\/td><td colspan=\"1\" rowspan=\"1\"><div class=\"magic-6\">pha l\u00ea<\/div><\/td><\/tr><tr><td colspan=\"1\" rowspan=\"1\"><div class=\"magic-5\">K\u00edch c\u1ee1<\/div><\/td><td colspan=\"3\" rowspan=\"1\"><div class=\"magic-6\">\u0110\u01b0\u1eddng k\u00ednh: 19mm, 28mm<\/div><\/td><\/tr><tr><td colspan=\"1\" rowspan=\"1\"><div class=\"magic-5\">M\u00e0u s\u1eafc<\/div><\/td><td colspan=\"3\" rowspan=\"1\"><div class=\"magic-6\">AB, AC, v\u00e0ng, b\u1ea1c, \u0111en, tr\u1eafng, v.v...<\/div><\/td><\/tr><tr><td colspan=\"1\" rowspan=\"1\"><div class=\"magic-5\">MOQ<\/div><\/td><td colspan=\"3\" rowspan=\"1\"><div class=\"magic-6\">500 b\u1ed9<\/div><\/td><\/tr><tr><td colspan=\"1\" rowspan=\"1\"><div class=\"magic-5\">B\u01b0u ki\u1ec7n<\/div><\/td><td colspan=\"3\" rowspan=\"1\"><div class=\"magic-6\">OPP, PVC<\/div><\/td><\/tr><tr><td colspan=\"1\" rowspan=\"1\"><div class=\"magic-5\">B\u01b0u ki\u1ec7n<\/div><\/td><td colspan=\"3\" rowspan=\"1\"><div class=\"magic-6\">th\u00f9ng carton<\/div><\/td><\/tr><\/tbody><\/table><\/div><\/div><\/p>\n<p>      <div module-id=\"33594234369\" module-title=\"detailManyImage\" render=\"true\" class=\"J_module\"><div class=\"icbu-pc-detailManyImage magic-10\"><div class=\"magic-11\"><img src=\"https:\/\/qgsgroup.com\/wp-content\/uploads\/aliexpress\/h4dffc6fd0a6347a0b7051dc8c6eb027cd.png\" class=\"magic-12\"\/><\/div><div class=\"magic-11\"><img src=\"https:\/\/qgsgroup.com\/wp-content\/uploads\/aliexpress\/h113694c8c9ef4b229c90e20ab540e6f39.png\" class=\"magic-12\"\/><\/div><\/div><\/div><\/p>\n<p>      <div module-id=\"33594234370\" module-title=\"detailSingleImage\" render=\"true\" class=\"J_module\"><div class=\"icbu-pc-images magic-0\"><div><div class=\"flex-layout-v\"><div class=\"flex-layout-h magic-0\"><div class=\"magic-13\"><img src=\"https:\/\/qgsgroup.com\/wp-content\/uploads\/aliexpress\/hea1474d1449e48738f187618f545d275w.jpg\" class=\"magic-14\"\/><\/div><\/div><\/div><\/div><\/div><\/div><\/p>\n<p>      <div module-id=\"33594234371\" module-title=\"detailSingleImage\" render=\"true\" class=\"J_module\"><div class=\"icbu-pc-images magic-0\"><div><div class=\"flex-layout-v\"><div class=\"flex-layout-h magic-0\"><div class=\"magic-15\"><img src=\"https:\/\/qgsgroup.com\/wp-content\/uploads\/aliexpress\/h7980e415ddab43d7918a50f6d1e84b88s.jpg\" class=\"magic-16\"\/><\/div><\/div><\/div><\/div><\/div><\/div><\/p>\n<p><\/DIV><\/p>","protected":false},"excerpt":{"rendered":"<p>Key attributes Industry-specific attributes Design Style Contemporary Other attributes Place of Origin Zhejiang, China Type Single Brand Name OEM Model Number RA-C113 Curtain Poles, Tracks &#038; Accessories Type Curtain Accessories Material Metal Type Curtain Poles, Tracks &#038; Accessories Material crystal Color AB,AC,golden,silver,black,white,etc&#8230; Size Diameter:19mm, 28mm Delivery time 25-30days Product Name Curtain Finials MOQ 100PCS Keywords Curtain Accessoreis Use Home. Hotel. Hospital. Cafe. Office.ect Packaging and delivery Packaging Details OPP, PVC Port Ningbo, Shanghai Supply Ability Supply Ability 100000 Piece\/Pieces per Month Customization Customized logo Min. order:500 Customized packaging Min. order:500 Graphic customization Min. order:500 Products Description MaterialcrystalSizeDiameter:19mm, 28mmColorAB, AC, golden, silver, black, white, etc&#8230;MOQ500 SetsPackageOPP, PVCPackageCarton<\/p>","protected":false},"featured_media":5643,"template":"","meta":{"site-sidebar-layout":"default","site-content-layout":"","ast-site-content-layout":"","site-content-style":"default","site-sidebar-style":"default","ast-global-header-display":"","ast-banner-title-visibility":"","ast-main-header-display":"","ast-hfb-above-header-display":"","ast-hfb-below-header-display":"","ast-hfb-mobile-header-display":"","site-post-title":"","ast-breadcrumbs-content":"","ast-featured-img":"","footer-sml-layout":"","theme-transparent-header-meta":"","adv-header-id-meta":"","stick-header-meta":"","header-above-stick-meta":"","header-main-stick-meta":"","header-below-stick-meta":"","astra-migrate-meta-layouts":"default","ast-page-background-enabled":"default","ast-page-background-meta":{"desktop":{"background-color":"","background-image":"","background-repeat":"repeat","background-position":"center center","background-size":"auto","background-attachment":"scroll","background-type":"","background-media":"","overlay-type":"","overlay-color":"","overlay-opacity":"","overlay-gradient":""},"tablet":{"background-color":"","background-image":"","background-repeat":"repeat","background-position":"center center","background-size":"auto","background-attachment":"scroll","background-type":"","background-media":"","overlay-type":"","overlay-color":"","overlay-opacity":"","overlay-gradient":""},"mobile":{"background-color":"","background-image":"","background-repeat":"repeat","background-position":"center center","background-size":"auto","background-attachment":"scroll","background-type":"","background-media":"","overlay-type":"","overlay-color":"","overlay-opacity":"","overlay-gradient":""}},"ast-content-background-meta":{"desktop":{"background-color":"var(--ast-global-color-5)","background-image":"","background-repeat":"repeat","background-position":"center center","background-size":"auto","background-attachment":"scroll","background-type":"","background-media":"","overlay-type":"","overlay-color":"","overlay-opacity":"","overlay-gradient":""},"tablet":{"background-color":"var(--ast-global-color-5)","background-image":"","background-repeat":"repeat","background-position":"center center","background-size":"auto","background-attachment":"scroll","background-type":"","background-media":"","overlay-type":"","overlay-color":"","overlay-opacity":"","overlay-gradient":""},"mobile":{"background-color":"var(--ast-global-color-5)","background-image":"","background-repeat":"repeat","background-position":"center center","background-size":"auto","background-attachment":"scroll","background-type":"","background-media":"","overlay-type":"","overlay-color":"","overlay-opacity":"","overlay-gradient":""}}},"product_brand":[],"product_cat":[74],"product_tag":[],"class_list":{"0":"post-5644","1":"product","2":"type-product","3":"status-publish","4":"has-post-thumbnail","6":"product_cat-curtain-finials","7":"desktop-align-left","8":"tablet-align-left","9":"mobile-align-left","11":"first","12":"instock","13":"shipping-taxable","14":"product-type-simple"},"yoast_head":"<!-- This site is optimized with the Yoast SEO plugin v27.4 - https:\/\/yoast.com\/product\/yoast-seo-wordpress\/ -->\n<title>Hot sell crystal ball 25\/28mm curtain finials curtain accessories for double curtain rods - Q.G.S<\/title>\n<meta name=\"robots\" content=\"index, follow, max-snippet:-1, max-image-preview:large, max-video-preview:-1\" \/>\n<link rel=\"canonical\" href=\"https:\/\/qgsgroup.com\/vi\/san-pham\/hot-sell-crystal-ball-25-28mm-curtain-finials-curtain-accessories-for-double-curtain-rods\/\" \/>\n<meta property=\"og:locale\" content=\"vi_VN\" \/>\n<meta property=\"og:type\" content=\"article\" \/>\n<meta property=\"og:title\" content=\"Hot sell crystal ball 25\/28mm curtain finials curtain accessories for double curtain rods - Q.G.S\" \/>\n<meta property=\"og:description\" content=\"Key attributes Industry-specific attributes Design Style Contemporary Other attributes Place of Origin Zhejiang, China Type Single Brand Name OEM Model Number RA-C113 Curtain Poles, Tracks &#038; Accessories Type Curtain Accessories Material Metal Type Curtain Poles, Tracks &#038; Accessories Material crystal Color AB,AC,golden,silver,black,white,etc&#8230; Size Diameter:19mm, 28mm Delivery time 25-30days Product Name Curtain Finials MOQ 100PCS Keywords Curtain Accessoreis Use Home. Hotel. Hospital. Cafe. Office.ect Packaging and delivery Packaging Details OPP, PVC Port Ningbo, Shanghai Supply Ability Supply Ability 100000 Piece\/Pieces per Month Customization Customized logo Min. order:500 Customized packaging Min. order:500 Graphic customization Min. order:500 Products Description MaterialcrystalSizeDiameter:19mm, 28mmColorAB, AC, golden, silver, black, white, etc&#8230;MOQ500 SetsPackageOPP, PVCPackageCarton\" \/>\n<meta property=\"og:url\" content=\"https:\/\/qgsgroup.com\/vi\/san-pham\/hot-sell-crystal-ball-25-28mm-curtain-finials-curtain-accessories-for-double-curtain-rods\/\" \/>\n<meta property=\"og:site_name\" content=\"Q.G.S\" \/>\n<meta property=\"article:modified_time\" content=\"2024-03-30T14:27:41+00:00\" \/>\n<meta property=\"og:image\" content=\"https:\/\/qgsgroup.com\/wp-content\/uploads\/2024\/03\/h75a942830e5e41bb9a53216b5da047c9n-scaled.jpg\" \/>\n\t<meta property=\"og:image:width\" content=\"2560\" \/>\n\t<meta property=\"og:image:height\" content=\"2560\" \/>\n\t<meta property=\"og:image:type\" content=\"image\/jpeg\" \/>\n<meta name=\"twitter:card\" content=\"summary_large_image\" \/>\n<script type=\"application\/ld+json\" class=\"yoast-schema-graph\">{\"@context\":\"https:\\\/\\\/schema.org\",\"@graph\":[{\"@type\":\"WebPage\",\"@id\":\"https:\\\/\\\/qgsgroup.com\\\/product\\\/hot-sell-crystal-ball-25-28mm-curtain-finials-curtain-accessories-for-double-curtain-rods\\\/\",\"url\":\"https:\\\/\\\/qgsgroup.com\\\/product\\\/hot-sell-crystal-ball-25-28mm-curtain-finials-curtain-accessories-for-double-curtain-rods\\\/\",\"name\":\"Hot sell crystal ball 25\\\/28mm curtain finials curtain accessories for double curtain rods - Q.G.S\",\"isPartOf\":{\"@id\":\"https:\\\/\\\/rebornbusiness.com\\\/#website\"},\"primaryImageOfPage\":{\"@id\":\"https:\\\/\\\/qgsgroup.com\\\/product\\\/hot-sell-crystal-ball-25-28mm-curtain-finials-curtain-accessories-for-double-curtain-rods\\\/#primaryimage\"},\"image\":{\"@id\":\"https:\\\/\\\/qgsgroup.com\\\/product\\\/hot-sell-crystal-ball-25-28mm-curtain-finials-curtain-accessories-for-double-curtain-rods\\\/#primaryimage\"},\"thumbnailUrl\":\"https:\\\/\\\/qgsgroup.com\\\/wp-content\\\/uploads\\\/2024\\\/03\\\/h75a942830e5e41bb9a53216b5da047c9n-scaled.jpg\",\"datePublished\":\"2024-03-30T14:27:02+00:00\",\"dateModified\":\"2024-03-30T14:27:41+00:00\",\"breadcrumb\":{\"@id\":\"https:\\\/\\\/qgsgroup.com\\\/product\\\/hot-sell-crystal-ball-25-28mm-curtain-finials-curtain-accessories-for-double-curtain-rods\\\/#breadcrumb\"},\"inLanguage\":\"vi\",\"potentialAction\":[{\"@type\":\"ReadAction\",\"target\":[\"https:\\\/\\\/qgsgroup.com\\\/product\\\/hot-sell-crystal-ball-25-28mm-curtain-finials-curtain-accessories-for-double-curtain-rods\\\/\"]}]},{\"@type\":\"ImageObject\",\"inLanguage\":\"vi\",\"@id\":\"https:\\\/\\\/qgsgroup.com\\\/product\\\/hot-sell-crystal-ball-25-28mm-curtain-finials-curtain-accessories-for-double-curtain-rods\\\/#primaryimage\",\"url\":\"https:\\\/\\\/qgsgroup.com\\\/wp-content\\\/uploads\\\/2024\\\/03\\\/h75a942830e5e41bb9a53216b5da047c9n-scaled.jpg\",\"contentUrl\":\"https:\\\/\\\/qgsgroup.com\\\/wp-content\\\/uploads\\\/2024\\\/03\\\/h75a942830e5e41bb9a53216b5da047c9n-scaled.jpg\",\"width\":2560,\"height\":2560},{\"@type\":\"BreadcrumbList\",\"@id\":\"https:\\\/\\\/qgsgroup.com\\\/product\\\/hot-sell-crystal-ball-25-28mm-curtain-finials-curtain-accessories-for-double-curtain-rods\\\/#breadcrumb\",\"itemListElement\":[{\"@type\":\"ListItem\",\"position\":1,\"name\":\"Home\",\"item\":\"https:\\\/\\\/qgsgroup.com\\\/\"},{\"@type\":\"ListItem\",\"position\":2,\"name\":\"Products\",\"item\":\"https:\\\/\\\/qgsgroup.com\\\/products\\\/\"},{\"@type\":\"ListItem\",\"position\":3,\"name\":\"Hot sell crystal ball 25\\\/28mm curtain finials curtain accessories for double curtain rods\"}]},{\"@type\":\"WebSite\",\"@id\":\"https:\\\/\\\/rebornbusiness.com\\\/#website\",\"url\":\"https:\\\/\\\/rebornbusiness.com\\\/\",\"name\":\"Q.G.S\",\"description\":\"Q.G.S group company\",\"publisher\":{\"@id\":\"https:\\\/\\\/rebornbusiness.com\\\/#organization\"},\"potentialAction\":[{\"@type\":\"SearchAction\",\"target\":{\"@type\":\"EntryPoint\",\"urlTemplate\":\"https:\\\/\\\/rebornbusiness.com\\\/?s={search_term_string}\"},\"query-input\":{\"@type\":\"PropertyValueSpecification\",\"valueRequired\":true,\"valueName\":\"search_term_string\"}}],\"inLanguage\":\"vi\"},{\"@type\":\"Organization\",\"@id\":\"https:\\\/\\\/rebornbusiness.com\\\/#organization\",\"name\":\"Q.G.S\",\"url\":\"https:\\\/\\\/rebornbusiness.com\\\/\",\"logo\":{\"@type\":\"ImageObject\",\"inLanguage\":\"vi\",\"@id\":\"https:\\\/\\\/rebornbusiness.com\\\/#\\\/schema\\\/logo\\\/image\\\/\",\"url\":\"https:\\\/\\\/qgsgroup.com\\\/wp-content\\\/uploads\\\/2024\\\/03\\\/logo-electric-tools.png\",\"contentUrl\":\"https:\\\/\\\/qgsgroup.com\\\/wp-content\\\/uploads\\\/2024\\\/03\\\/logo-electric-tools.png\",\"width\":11090,\"height\":2459,\"caption\":\"Q.G.S\"},\"image\":{\"@id\":\"https:\\\/\\\/rebornbusiness.com\\\/#\\\/schema\\\/logo\\\/image\\\/\"}}]}<\/script>\n<!-- \/ Yoast SEO plugin. -->","yoast_head_json":{"title":"Hot sell crystal ball 25\/28mm curtain finials curtain accessories for double curtain rods - Q.G.S","robots":{"index":"index","follow":"follow","max-snippet":"max-snippet:-1","max-image-preview":"max-image-preview:large","max-video-preview":"max-video-preview:-1"},"canonical":"https:\/\/qgsgroup.com\/vi\/san-pham\/hot-sell-crystal-ball-25-28mm-curtain-finials-curtain-accessories-for-double-curtain-rods\/","og_locale":"vi_VN","og_type":"article","og_title":"Hot sell crystal ball 25\/28mm curtain finials curtain accessories for double curtain rods - Q.G.S","og_description":"Key attributes Industry-specific attributes Design Style Contemporary Other attributes Place of Origin Zhejiang, China Type Single Brand Name OEM Model Number RA-C113 Curtain Poles, Tracks &#038; Accessories Type Curtain Accessories Material Metal Type Curtain Poles, Tracks &#038; Accessories Material crystal Color AB,AC,golden,silver,black,white,etc&#8230; Size Diameter:19mm, 28mm Delivery time 25-30days Product Name Curtain Finials MOQ 100PCS Keywords Curtain Accessoreis Use Home. Hotel. Hospital. Cafe. Office.ect Packaging and delivery Packaging Details OPP, PVC Port Ningbo, Shanghai Supply Ability Supply Ability 100000 Piece\/Pieces per Month Customization Customized logo Min. order:500 Customized packaging Min. order:500 Graphic customization Min. order:500 Products Description MaterialcrystalSizeDiameter:19mm, 28mmColorAB, AC, golden, silver, black, white, etc&#8230;MOQ500 SetsPackageOPP, PVCPackageCarton","og_url":"https:\/\/qgsgroup.com\/vi\/san-pham\/hot-sell-crystal-ball-25-28mm-curtain-finials-curtain-accessories-for-double-curtain-rods\/","og_site_name":"Q.G.S","article_modified_time":"2024-03-30T14:27:41+00:00","og_image":[{"width":2560,"height":2560,"url":"https:\/\/qgsgroup.com\/wp-content\/uploads\/2024\/03\/h75a942830e5e41bb9a53216b5da047c9n-scaled.jpg","type":"image\/jpeg"}],"twitter_card":"summary_large_image","schema":{"@context":"https:\/\/schema.org","@graph":[{"@type":"WebPage","@id":"https:\/\/qgsgroup.com\/product\/hot-sell-crystal-ball-25-28mm-curtain-finials-curtain-accessories-for-double-curtain-rods\/","url":"https:\/\/qgsgroup.com\/product\/hot-sell-crystal-ball-25-28mm-curtain-finials-curtain-accessories-for-double-curtain-rods\/","name":"Hot sell crystal ball 25\/28mm curtain finials curtain accessories for double curtain rods - Q.G.S","isPartOf":{"@id":"https:\/\/rebornbusiness.com\/#website"},"primaryImageOfPage":{"@id":"https:\/\/qgsgroup.com\/product\/hot-sell-crystal-ball-25-28mm-curtain-finials-curtain-accessories-for-double-curtain-rods\/#primaryimage"},"image":{"@id":"https:\/\/qgsgroup.com\/product\/hot-sell-crystal-ball-25-28mm-curtain-finials-curtain-accessories-for-double-curtain-rods\/#primaryimage"},"thumbnailUrl":"https:\/\/qgsgroup.com\/wp-content\/uploads\/2024\/03\/h75a942830e5e41bb9a53216b5da047c9n-scaled.jpg","datePublished":"2024-03-30T14:27:02+00:00","dateModified":"2024-03-30T14:27:41+00:00","breadcrumb":{"@id":"https:\/\/qgsgroup.com\/product\/hot-sell-crystal-ball-25-28mm-curtain-finials-curtain-accessories-for-double-curtain-rods\/#breadcrumb"},"inLanguage":"vi","potentialAction":[{"@type":"ReadAction","target":["https:\/\/qgsgroup.com\/product\/hot-sell-crystal-ball-25-28mm-curtain-finials-curtain-accessories-for-double-curtain-rods\/"]}]},{"@type":"ImageObject","inLanguage":"vi","@id":"https:\/\/qgsgroup.com\/product\/hot-sell-crystal-ball-25-28mm-curtain-finials-curtain-accessories-for-double-curtain-rods\/#primaryimage","url":"https:\/\/qgsgroup.com\/wp-content\/uploads\/2024\/03\/h75a942830e5e41bb9a53216b5da047c9n-scaled.jpg","contentUrl":"https:\/\/qgsgroup.com\/wp-content\/uploads\/2024\/03\/h75a942830e5e41bb9a53216b5da047c9n-scaled.jpg","width":2560,"height":2560},{"@type":"BreadcrumbList","@id":"https:\/\/qgsgroup.com\/product\/hot-sell-crystal-ball-25-28mm-curtain-finials-curtain-accessories-for-double-curtain-rods\/#breadcrumb","itemListElement":[{"@type":"ListItem","position":1,"name":"Home","item":"https:\/\/qgsgroup.com\/"},{"@type":"ListItem","position":2,"name":"Products","item":"https:\/\/qgsgroup.com\/products\/"},{"@type":"ListItem","position":3,"name":"Hot sell crystal ball 25\/28mm curtain finials curtain accessories for double curtain rods"}]},{"@type":"WebSite","@id":"https:\/\/rebornbusiness.com\/#website","url":"https:\/\/rebornbusiness.com\/","name":"Q.G.S","description":"Q.G.S group company","publisher":{"@id":"https:\/\/rebornbusiness.com\/#organization"},"potentialAction":[{"@type":"SearchAction","target":{"@type":"EntryPoint","urlTemplate":"https:\/\/rebornbusiness.com\/?s={search_term_string}"},"query-input":{"@type":"PropertyValueSpecification","valueRequired":true,"valueName":"search_term_string"}}],"inLanguage":"vi"},{"@type":"Organization","@id":"https:\/\/rebornbusiness.com\/#organization","name":"Q.G.S","url":"https:\/\/rebornbusiness.com\/","logo":{"@type":"ImageObject","inLanguage":"vi","@id":"https:\/\/rebornbusiness.com\/#\/schema\/logo\/image\/","url":"https:\/\/qgsgroup.com\/wp-content\/uploads\/2024\/03\/logo-electric-tools.png","contentUrl":"https:\/\/qgsgroup.com\/wp-content\/uploads\/2024\/03\/logo-electric-tools.png","width":11090,"height":2459,"caption":"Q.G.S"},"image":{"@id":"https:\/\/rebornbusiness.com\/#\/schema\/logo\/image\/"}}]}},"_links":{"self":[{"href":"https:\/\/qgsgroup.com\/vi\/wp-json\/wp\/v2\/product\/5644","targetHints":{"allow":["GET"]}}],"collection":[{"href":"https:\/\/qgsgroup.com\/vi\/wp-json\/wp\/v2\/product"}],"about":[{"href":"https:\/\/qgsgroup.com\/vi\/wp-json\/wp\/v2\/types\/product"}],"wp:featuredmedia":[{"embeddable":true,"href":"https:\/\/qgsgroup.com\/vi\/wp-json\/wp\/v2\/media\/5643"}],"wp:attachment":[{"href":"https:\/\/qgsgroup.com\/vi\/wp-json\/wp\/v2\/media?parent=5644"}],"wp:term":[{"taxonomy":"product_brand","embeddable":true,"href":"https:\/\/qgsgroup.com\/vi\/wp-json\/wp\/v2\/product_brand?post=5644"},{"taxonomy":"product_cat","embeddable":true,"href":"https:\/\/qgsgroup.com\/vi\/wp-json\/wp\/v2\/product_cat?post=5644"},{"taxonomy":"product_tag","embeddable":true,"href":"https:\/\/qgsgroup.com\/vi\/wp-json\/wp\/v2\/product_tag?post=5644"}],"curies":[{"name":"wp","href":"https:\/\/api.w.org\/{rel}","templated":true}]}}