{"id":5741,"date":"2024-03-30T14:50:41","date_gmt":"2024-03-30T14:50:41","guid":{"rendered":"https:\/\/qgsgroup.com\/products\/quick-delivery-plastic-curtain-accessories-3cm-white-hard-curtain-hooks-for-curtains\/"},"modified":"2024-03-30T14:50:43","modified_gmt":"2024-03-30T14:50:43","slug":"quick-delivery-plastic-curtain-accessories-3cm-white-hard-curtain-hooks-for-curtains","status":"publish","type":"product","link":"https:\/\/qgsgroup.com\/vi\/san-pham\/quick-delivery-plastic-curtain-accessories-3cm-white-hard-curtain-hooks-for-curtains\/","title":{"rendered":"Ph\u1ee5 ki\u1ec7n r\u00e8m c\u1eeda b\u1eb1ng nh\u1ef1a giao h\u00e0ng nhanh 3cm M\u00f3c r\u00e8m c\u1eeda c\u1ee9ng m\u00e0u tr\u1eafng cho r\u00e8m c\u1eeda"},"content":{"rendered":"<div class=\"product-key-attributes\">\n<h3>Nh\u1eefng \u0111i\u1ec3m ch\u00ednh<\/h3>\n<h4>Thu\u1ed9c t\u00ednh c\u1ee5 th\u1ec3 c\u1ee7a ng\u00e0nh<\/h4>\n<ul>\n<li><label>Phong c\u00e1ch thi\u1ebft k\u1ebf<\/label>\n<div>\u0110\u1ed3ng th\u1eddi<\/div>\n<\/li>\n<\/ul>\n<h4>C\u00e1c thu\u1ed9c t\u00ednh kh\u00e1c<\/h4>\n<ul>\n<li><label>Ngu\u1ed3n g\u1ed1c<\/label>\n<div>Chi\u1ebft Giang, Trung Qu\u1ed1c<\/div>\n<\/li>\n<li><label>Ki\u1ec3u<\/label>\n<div>\u0110\u01a1n<\/div>\n<\/li>\n<li><label>T\u00ean th\u01b0\u01a1ng hi\u1ec7u<\/label>\n<div>OEM<\/div>\n<\/li>\n<li><label>S\u1ed1 m\u00f4 h\u00ecnh<\/label>\n<div>RF-P006<\/div>\n<\/li>\n<li><label>Lo\u1ea1i c\u1ed9t r\u00e8m, \u0111\u01b0\u1eddng ray &amp; ph\u1ee5 ki\u1ec7n<\/label>\n<div>Ph\u1ee5 ki\u1ec7n r\u00e8m<\/div>\n<\/li>\n<li><label>V\u1eadt li\u1ec7u<\/label>\n<div>nh\u1ef1a<\/div>\n<\/li>\n<li><label>chi\u1ec1u d\u00e0i<\/label>\n<div>T\u01b0 v\u1ea5n d\u1ecbch v\u1ee5 kh\u00e1ch h\u00e0ng<\/div>\n<\/li>\n<li><label>Ki\u1ec3u<\/label>\n<div>C\u1ed9t r\u00e8m, \u0111\u01b0\u1eddng ray &amp; ph\u1ee5 ki\u1ec7n<\/div>\n<\/li>\n<li><label>V\u1eadt li\u1ec7u<\/label>\n<div>nh\u1ef1a<\/div>\n<\/li>\n<li><label>M\u00e0u s\u1eafc<\/label>\n<div>tr\u1eafng<\/div>\n<\/li>\n<li><label>Th\u1eddi gian giao h\u00e0ng<\/label>\n<div>20 NG\u00c0Y<\/div>\n<\/li>\n<li><label>M\u00e0u s\u1eafc<\/label>\n<div>Tr\u1eafng<\/div>\n<\/li>\n<li><label>\u0111\u00f3ng g\u00f3i<\/label>\n<div>CTN<\/div>\n<\/li>\n<li><label>t\u00ean s\u1ea3n ph\u1ea9m<\/label>\n<div>Plastic Curtain Hooks<\/div>\n<\/li>\n<li><label>C\u00e1ch s\u1eed d\u1ee5ng<\/label>\n<div>Ph\u1ee5 ki\u1ec7n Curtian<\/div>\n<\/li>\n<li><label>\u1ee8ng d\u1ee5ng<\/label>\n<div>Trang ch\u1ee7. Kh\u00e1ch s\u1ea1n. B\u1ec7nh vi\u1ec7n. Qu\u00e1n c\u00e0 ph\u00ea. V\u0103n ph\u00f2ng.Tr\u01b0\u1eddng h\u1ecdc<\/div>\n<\/li>\n<li><label>T\u00ednh n\u0103ng<\/label>\n<div>Ph\u1ed5 bi\u1ebfn<\/div>\n<\/li>\n<\/ul>\n<h4>\u0110\u00f3ng g\u00f3i v\u00e0 giao h\u00e0ng<\/h4>\n<ul>\n<li><label>chi ti\u1ebft \u0111\u00f3ng g\u00f3i<\/label>\n<div>CTN<\/div>\n<\/li>\n<li><label>H\u1ea3i c\u1ea3ng<\/label>\n<div>Ninh Ba, Th\u01b0\u1ee3ng H\u1ea3i, v.v\u2026<\/div>\n<\/li>\n<\/ul>\n<h4>Kh\u1ea3 n\u0103ng cung c\u1ea5p<\/h4>\n<ul>\n<li><label>Kh\u1ea3 n\u0103ng cung c\u1ea5p<\/label>\n<div>5000000 M\u1ea3nh\/M\u1ea3nh m\u1ed7i th\u00e1ng<\/div>\n<\/li>\n<\/ul>\n<\/div>\n<div class=\"product-customization\">\n<h3>T\u00f9y ch\u1ec9nh<\/h3>\n<div>\n<div>\n<p>bi\u1ec3u t\u01b0\u1ee3ng t\u00f9y ch\u1ec9nh<\/p>\n<p><label>T\u1ed1i thi\u1ec3u. \u0111\u1eb7t h\u00e0ng:<\/label>20<\/p>\n<\/div>\n<div>\n<p>Bao b\u00ec t\u00f9y ch\u1ec9nh<\/p>\n<p><label>T\u1ed1i thi\u1ec3u. \u0111\u1eb7t h\u00e0ng:<\/label>20<\/p>\n<\/div>\n<div>\n<p>T\u00f9y ch\u1ec9nh \u0111\u1ed3 h\u1ecda<\/p>\n<p><label>T\u1ed1i thi\u1ec3u. \u0111\u1eb7t h\u00e0ng:<\/label>20<\/p>\n<\/div>\n<\/div>\n<\/div>\n<p><div data-magic-global=\"%7B%22bizId%22%3A3210435406%2C%22pageId%22%3A21203382479%2C%22siteId%22%3A5005373107%7D\" id=\"detail_decorate_root\"><br \/>\n    <div module-id=\"35551685933\" id=\"35551685933\" module-name=\"icbu-pc-shopCoupons\" module-title=\"shopCoupons\" module-vers=\"1.7.45\" module-data=\"%22%7B%5C%22data%5C%22%3A%7B%5C%22shopCoupon%5C%22%3A%5C%22%7B%5C%5C%5C%22currentPage%5C%5C%5C%22%3A0%2C%5C%5C%5C%22data%5C%5C%5C%22%3A%5B%5D%2C%5C%5C%5C%22encryptSellerId%5C%5C%5C%22%3A%5C%5C%5C%22Kx%2BabcwG4fw%3D%5C%5C%5C%22%2C%5C%5C%5C%22pageSize%5C%5C%5C%22%3A4%2C%5C%5C%5C%22totalPage%5C%5C%5C%22%3A0%2C%5C%5C%5C%22totalSize%5C%5C%5C%22%3A0%7D%5C%22%2C%5C%22aliMemberId%5C%22%3A-1%7D%2C%5C%22definition%5C%22%3A%7B%5C%22title%5C%22%3A%5C%22Shop%20Coupons%5C%22%2C%5C%22gridWidth%5C%22%3A1200%7D%2C%5C%22config%5C%22%3A%7B%7D%2C%5C%22i18n%5C%22%3A%7B%7D%7D%22\" render=\"false\" class=\"J_module\"><\/div><\/p>\n<p>    <div module-id=\"35639934270\" id=\"35639934270\" module-name=\"icbu-pc-timeLimitDiscount\" module-title=\"timeLimitDiscount\" module-vers=\"1.0.24\" module-data=\"%22%7B%5C%22data%5C%22%3A%7B%5C%22limitTimeDiscount%5C%22%3A%5C%22%7B%5C%5C%5C%22currentTime%5C%5C%5C%22%3A%5C%5C%5C%222023-09-08%2001%3A25%3A09%5C%5C%5C%22%2C%5C%5C%5C%22encryptSellerId%5C%5C%5C%22%3A%5C%5C%5C%22Kx%2BabcwG4fw%3D%5C%5C%5C%22%2C%5C%5C%5C%22url%5C%5C%5C%22%3A%5C%5C%5C%22https%3A%2F%2Factivity.alibaba.com%2Fpromotion%2Fdiscount.html%3FsellerId%3D-1%5C%5C%5C%22%7D%5C%22%2C%5C%22aliMemberId%5C%22%3A-1%7D%2C%5C%22definition%5C%22%3A%7B%5C%22title%5C%22%3A%5C%22Time%20limit%20discount%5C%22%2C%5C%22gridWidth%5C%22%3A1200%7D%2C%5C%22config%5C%22%3A%7B%7D%2C%5C%22i18n%5C%22%3A%7B%5C%22seeAll%5C%22%3A%5C%22_i18n_mod_start_%60shopModule.timeLimitDiscount.seeAll_i18n_mod_end_%5C%22%2C%5C%22_ns_%5C%22%3A%5C%22_i18n_ns_start_shopModule.timeLimitDiscount_i18n_ns_end_%5C%22%2C%5C%22discount%5C%22%3A%5C%22_i18n_mod_start_%60shopModule.timeLimitDiscount.discount_i18n_mod_end_%5C%22%2C%5C%22title%5C%22%3A%5C%22_i18n_mod_start_%60shopModule.timeLimitDiscount.title_i18n_mod_end_%5C%22%2C%5C%22moq%5C%22%3A%5C%22_i18n_mod_start_%60shopModule.timeLimitDiscount.moq_i18n_mod_end_%5C%22%2C%5C%22desc%5C%22%3A%5C%22_i18n_mod_start_%60shopModule.timeLimitDiscount.desc_i18n_mod_end_%5C%22%7D%7D%22\" render=\"false\" class=\"J_module\"><\/div><\/p>\n<p>      <div module-id=\"35559488206\" module-title=\"detailSellerRecommend\" render=\"true\" class=\"J_module\"><div data-magic=\"{&quot;mds&quot;:{&quot;assetsVersion&quot;:&quot;0.0.14&quot;,&quot;assetsPackageName&quot;:&quot;icbumod&quot;,&quot;moduleNameAlias&quot;:&quot;icbu-pc-detailSellerRecommend&quot;,&quot;moduleData&quot;:{&quot;config&quot;:{&quot;columnCount&quot;:4,&quot;titleKey&quot;:6,&quot;products&quot;:[1600824878976,1600824898740,1600824871901,60662098735,1600827042704,1600825968586,62031314938,62207527936,60806217176,1600715817917,1600854484003,1600838543842]}}},&quot;version&quot;:1}\" class=\"icbu-pc-detailSellerRecommend magic-0\"><\/div><\/div><\/p>\n<p>      <div module-id=\"33571980253\" module-title=\"detailSingleImage\" render=\"true\" class=\"J_module\"><div class=\"icbu-pc-images magic-1\"><div><div class=\"flex-layout-v\"><div class=\"flex-layout-h magic-1\"><div class=\"magic-2\"><img src=\"https:\/\/qgsgroup.com\/wp-content\/uploads\/aliexpress\/h5175047b0a0e4ad7a22e9513ef1a33acm.jpg\" usemap=\"#c-c8-082-604a\" class=\"magic-3\"\/><\/div><\/div><\/div><\/div><\/div><\/div><\/p>\n<p>      <div module-id=\"32987059652\" module-title=\"detailTableNoTitle\" render=\"true\" class=\"J_module\"><div class=\"ife-detail-decorate-table\"><table class=\"all magic-4\"><tbody><tr><td colspan=\"1\" rowspan=\"1\"><div class=\"magic-5\">V\u1eadt li\u1ec7u<\/div><\/td><td colspan=\"3\" rowspan=\"1\"><div class=\"magic-6\">nh\u1ef1a<\/div><\/td><\/tr><tr><td colspan=\"1\" rowspan=\"1\"><div class=\"magic-5\">M\u00e0u s\u1eafc<\/div><\/td><td colspan=\"3\" rowspan=\"1\"><div class=\"magic-6\">tr\u1eafng<\/div><\/td><\/tr><tr><td colspan=\"1\" rowspan=\"1\"><div class=\"magic-5\">MOQ<\/div><\/td><td colspan=\"3\" rowspan=\"1\"><div class=\"magic-6\">10000 chi\u1ebfc<\/div><\/td><\/tr><tr><td colspan=\"1\" rowspan=\"1\"><div class=\"magic-5\">B\u01b0u ki\u1ec7n<\/div><\/td><td colspan=\"3\" rowspan=\"1\"><div class=\"magic-6\">CTN<\/div><\/td><\/tr><tr><td colspan=\"1\" rowspan=\"1\"><div class=\"magic-5\">Th\u1eddi gian giao h\u00e0ng<\/div><\/td><td colspan=\"3\" rowspan=\"1\"><div class=\"magic-6\">20 NG\u00c0Y<\/div><\/td><\/tr><\/tbody><\/table><\/div><\/div><\/p>\n<p>      <div module-id=\"32987059653\" module-title=\"detailManyImage\" render=\"true\" class=\"J_module\"><div class=\"icbu-pc-detailManyImage magic-10\"><div class=\"magic-11\"><img src=\"https:\/\/qgsgroup.com\/wp-content\/uploads\/aliexpress\/htb1vhxtbs_vk1rjy0foq6xixvxaj.jpg\" class=\"magic-12\"\/><\/div><div class=\"magic-11\"><img src=\"https:\/\/qgsgroup.com\/wp-content\/uploads\/aliexpress\/htb1gahtbyzxk1rksnavq6xn9vxah.jpg\" class=\"magic-12\"\/><\/div><div class=\"magic-11\"><img src=\"https:\/\/qgsgroup.com\/wp-content\/uploads\/aliexpress\/htb1norobvlsk1rjy0fbq6xsexxaa.jpg\" class=\"magic-12\"\/><\/div><div class=\"magic-11\"><img src=\"https:\/\/qgsgroup.com\/wp-content\/uploads\/aliexpress\/htb1gghtbyzxk1rksnavq6xn9vxay.jpg\" class=\"magic-12\"\/><\/div><div class=\"magic-11\"><img src=\"https:\/\/qgsgroup.com\/wp-content\/uploads\/aliexpress\/htb1r5dobsfrk1rksmlyq6xgapxac.jpg\" class=\"magic-12\"\/><\/div><\/div><\/div><\/p>\n<p>      <div module-id=\"33571980257\" module-title=\"detailSingleImage\" render=\"true\" class=\"J_module\"><div class=\"icbu-pc-images magic-1\"><div><div class=\"flex-layout-v\"><div class=\"flex-layout-h magic-1\"><div class=\"magic-13\"><img src=\"https:\/\/qgsgroup.com\/wp-content\/uploads\/aliexpress\/hea1474d1449e48738f187618f545d275w.jpg\" class=\"magic-14\"\/><\/div><\/div><\/div><\/div><\/div><\/div><\/p>\n<p>      <div module-id=\"33571980258\" module-title=\"detailSingleImage\" render=\"true\" class=\"J_module\"><div class=\"icbu-pc-images magic-1\"><div><div class=\"flex-layout-v\"><div class=\"flex-layout-h magic-1\"><div class=\"magic-15\"><img src=\"https:\/\/qgsgroup.com\/wp-content\/uploads\/aliexpress\/h7980e415ddab43d7918a50f6d1e84b88s.jpg\" class=\"magic-16\"\/><\/div><\/div><\/div><\/div><\/div><\/div><\/p>\n<p><\/DIV><\/p>","protected":false},"excerpt":{"rendered":"<p>Key attributes Industry-specific attributes Design Style Contemporary Other attributes Place of Origin Zhejiang, China Type Single Brand Name OEM Model Number RF-P006 Curtain Poles, Tracks &#038; Accessories Type Curtain Accessories Material plastic length Consulting Customer Service Type Curtain Poles, Tracks &#038; Accessories Material plastic Color white Delivery time 20DAYS Colors White Packing CTN Product Name Plastic Curtain Hooks Usage Curtian Accessories Application Home. Hotel. Hospital. Cafe. Office.School Feature Popular Packaging and delivery Packaging Details CTN Port ningbo,shanghai,etc&#8230; Supply Ability Supply Ability 5000000 Piece\/Pieces per Month Customization Customized logo Min. order:20 Customized packaging Min. order:20 Graphic customization Min. order:20 MaterialplasticColorwhiteMOQ10000 pcsPackageCTNDelivery time20DAYS<\/p>","protected":false},"featured_media":3859,"template":"","meta":{"site-sidebar-layout":"default","site-content-layout":"","ast-site-content-layout":"","site-content-style":"default","site-sidebar-style":"default","ast-global-header-display":"","ast-banner-title-visibility":"","ast-main-header-display":"","ast-hfb-above-header-display":"","ast-hfb-below-header-display":"","ast-hfb-mobile-header-display":"","site-post-title":"","ast-breadcrumbs-content":"","ast-featured-img":"","footer-sml-layout":"","theme-transparent-header-meta":"","adv-header-id-meta":"","stick-header-meta":"","header-above-stick-meta":"","header-main-stick-meta":"","header-below-stick-meta":"","astra-migrate-meta-layouts":"default","ast-page-background-enabled":"default","ast-page-background-meta":{"desktop":{"background-color":"","background-image":"","background-repeat":"repeat","background-position":"center center","background-size":"auto","background-attachment":"scroll","background-type":"","background-media":"","overlay-type":"","overlay-color":"","overlay-opacity":"","overlay-gradient":""},"tablet":{"background-color":"","background-image":"","background-repeat":"repeat","background-position":"center center","background-size":"auto","background-attachment":"scroll","background-type":"","background-media":"","overlay-type":"","overlay-color":"","overlay-opacity":"","overlay-gradient":""},"mobile":{"background-color":"","background-image":"","background-repeat":"repeat","background-position":"center center","background-size":"auto","background-attachment":"scroll","background-type":"","background-media":"","overlay-type":"","overlay-color":"","overlay-opacity":"","overlay-gradient":""}},"ast-content-background-meta":{"desktop":{"background-color":"var(--ast-global-color-5)","background-image":"","background-repeat":"repeat","background-position":"center center","background-size":"auto","background-attachment":"scroll","background-type":"","background-media":"","overlay-type":"","overlay-color":"","overlay-opacity":"","overlay-gradient":""},"tablet":{"background-color":"var(--ast-global-color-5)","background-image":"","background-repeat":"repeat","background-position":"center center","background-size":"auto","background-attachment":"scroll","background-type":"","background-media":"","overlay-type":"","overlay-color":"","overlay-opacity":"","overlay-gradient":""},"mobile":{"background-color":"var(--ast-global-color-5)","background-image":"","background-repeat":"repeat","background-position":"center center","background-size":"auto","background-attachment":"scroll","background-type":"","background-media":"","overlay-type":"","overlay-color":"","overlay-opacity":"","overlay-gradient":""}}},"product_brand":[],"product_cat":[92],"product_tag":[],"class_list":{"0":"post-5741","1":"product","2":"type-product","3":"status-publish","4":"has-post-thumbnail","6":"product_cat-plastic-hooks","7":"desktop-align-left","8":"tablet-align-left","9":"mobile-align-left","11":"first","12":"instock","13":"shipping-taxable","14":"product-type-simple"},"yoast_head":"<!-- This site is optimized with the Yoast SEO plugin v27.4 - https:\/\/yoast.com\/product\/yoast-seo-wordpress\/ -->\n<title>Quick-Delivery Plastic Curtain Accessories 3Cm White Hard Curtain Hooks For Curtains - Q.G.S<\/title>\n<meta name=\"robots\" content=\"index, follow, max-snippet:-1, max-image-preview:large, max-video-preview:-1\" \/>\n<link rel=\"canonical\" href=\"https:\/\/qgsgroup.com\/vi\/san-pham\/quick-delivery-plastic-curtain-accessories-3cm-white-hard-curtain-hooks-for-curtains\/\" \/>\n<meta property=\"og:locale\" content=\"vi_VN\" \/>\n<meta property=\"og:type\" content=\"article\" \/>\n<meta property=\"og:title\" content=\"Quick-Delivery Plastic Curtain Accessories 3Cm White Hard Curtain Hooks For Curtains - Q.G.S\" \/>\n<meta property=\"og:description\" content=\"Key attributes Industry-specific attributes Design Style Contemporary Other attributes Place of Origin Zhejiang, China Type Single Brand Name OEM Model Number RF-P006 Curtain Poles, Tracks &#038; Accessories Type Curtain Accessories Material plastic length Consulting Customer Service Type Curtain Poles, Tracks &#038; Accessories Material plastic Color white Delivery time 20DAYS Colors White Packing CTN Product Name Plastic Curtain Hooks Usage Curtian Accessories Application Home. Hotel. Hospital. Cafe. Office.School Feature Popular Packaging and delivery Packaging Details CTN Port ningbo,shanghai,etc&#8230; Supply Ability Supply Ability 5000000 Piece\/Pieces per Month Customization Customized logo Min. order:20 Customized packaging Min. order:20 Graphic customization Min. order:20 MaterialplasticColorwhiteMOQ10000 pcsPackageCTNDelivery time20DAYS\" \/>\n<meta property=\"og:url\" content=\"https:\/\/qgsgroup.com\/vi\/san-pham\/quick-delivery-plastic-curtain-accessories-3cm-white-hard-curtain-hooks-for-curtains\/\" \/>\n<meta property=\"og:site_name\" content=\"Q.G.S\" \/>\n<meta property=\"article:modified_time\" content=\"2024-03-30T14:50:43+00:00\" \/>\n<meta property=\"og:image\" content=\"https:\/\/qgsgroup.com\/wp-content\/uploads\/aliexpress\/h50d198ff00664fa5a9662db507f85465d.png\" \/>\n\t<meta property=\"og:image:width\" content=\"750\" \/>\n\t<meta property=\"og:image:height\" content=\"750\" \/>\n\t<meta property=\"og:image:type\" content=\"image\/jpeg\" \/>\n<meta name=\"twitter:card\" content=\"summary_large_image\" \/>\n<script type=\"application\/ld+json\" class=\"yoast-schema-graph\">{\"@context\":\"https:\\\/\\\/schema.org\",\"@graph\":[{\"@type\":\"WebPage\",\"@id\":\"https:\\\/\\\/qgsgroup.com\\\/product\\\/quick-delivery-plastic-curtain-accessories-3cm-white-hard-curtain-hooks-for-curtains\\\/\",\"url\":\"https:\\\/\\\/qgsgroup.com\\\/product\\\/quick-delivery-plastic-curtain-accessories-3cm-white-hard-curtain-hooks-for-curtains\\\/\",\"name\":\"Quick-Delivery Plastic Curtain Accessories 3Cm White Hard Curtain Hooks For Curtains - Q.G.S\",\"isPartOf\":{\"@id\":\"https:\\\/\\\/rebornbusiness.com\\\/#website\"},\"primaryImageOfPage\":{\"@id\":\"https:\\\/\\\/qgsgroup.com\\\/product\\\/quick-delivery-plastic-curtain-accessories-3cm-white-hard-curtain-hooks-for-curtains\\\/#primaryimage\"},\"image\":{\"@id\":\"https:\\\/\\\/qgsgroup.com\\\/product\\\/quick-delivery-plastic-curtain-accessories-3cm-white-hard-curtain-hooks-for-curtains\\\/#primaryimage\"},\"thumbnailUrl\":\"https:\\\/\\\/qgsgroup.com\\\/wp-content\\\/uploads\\\/aliexpress\\\/h50d198ff00664fa5a9662db507f85465d.png\",\"datePublished\":\"2024-03-30T14:50:41+00:00\",\"dateModified\":\"2024-03-30T14:50:43+00:00\",\"breadcrumb\":{\"@id\":\"https:\\\/\\\/qgsgroup.com\\\/product\\\/quick-delivery-plastic-curtain-accessories-3cm-white-hard-curtain-hooks-for-curtains\\\/#breadcrumb\"},\"inLanguage\":\"vi\",\"potentialAction\":[{\"@type\":\"ReadAction\",\"target\":[\"https:\\\/\\\/qgsgroup.com\\\/product\\\/quick-delivery-plastic-curtain-accessories-3cm-white-hard-curtain-hooks-for-curtains\\\/\"]}]},{\"@type\":\"ImageObject\",\"inLanguage\":\"vi\",\"@id\":\"https:\\\/\\\/qgsgroup.com\\\/product\\\/quick-delivery-plastic-curtain-accessories-3cm-white-hard-curtain-hooks-for-curtains\\\/#primaryimage\",\"url\":\"https:\\\/\\\/qgsgroup.com\\\/wp-content\\\/uploads\\\/aliexpress\\\/h50d198ff00664fa5a9662db507f85465d.png\",\"contentUrl\":\"https:\\\/\\\/qgsgroup.com\\\/wp-content\\\/uploads\\\/aliexpress\\\/h50d198ff00664fa5a9662db507f85465d.png\",\"width\":750,\"height\":750},{\"@type\":\"BreadcrumbList\",\"@id\":\"https:\\\/\\\/qgsgroup.com\\\/product\\\/quick-delivery-plastic-curtain-accessories-3cm-white-hard-curtain-hooks-for-curtains\\\/#breadcrumb\",\"itemListElement\":[{\"@type\":\"ListItem\",\"position\":1,\"name\":\"Home\",\"item\":\"https:\\\/\\\/qgsgroup.com\\\/\"},{\"@type\":\"ListItem\",\"position\":2,\"name\":\"Products\",\"item\":\"https:\\\/\\\/qgsgroup.com\\\/products\\\/\"},{\"@type\":\"ListItem\",\"position\":3,\"name\":\"Quick-Delivery Plastic Curtain Accessories 3Cm White Hard Curtain Hooks For Curtains\"}]},{\"@type\":\"WebSite\",\"@id\":\"https:\\\/\\\/rebornbusiness.com\\\/#website\",\"url\":\"https:\\\/\\\/rebornbusiness.com\\\/\",\"name\":\"Q.G.S\",\"description\":\"Q.G.S group company\",\"publisher\":{\"@id\":\"https:\\\/\\\/rebornbusiness.com\\\/#organization\"},\"potentialAction\":[{\"@type\":\"SearchAction\",\"target\":{\"@type\":\"EntryPoint\",\"urlTemplate\":\"https:\\\/\\\/rebornbusiness.com\\\/?s={search_term_string}\"},\"query-input\":{\"@type\":\"PropertyValueSpecification\",\"valueRequired\":true,\"valueName\":\"search_term_string\"}}],\"inLanguage\":\"vi\"},{\"@type\":\"Organization\",\"@id\":\"https:\\\/\\\/rebornbusiness.com\\\/#organization\",\"name\":\"Q.G.S\",\"url\":\"https:\\\/\\\/rebornbusiness.com\\\/\",\"logo\":{\"@type\":\"ImageObject\",\"inLanguage\":\"vi\",\"@id\":\"https:\\\/\\\/rebornbusiness.com\\\/#\\\/schema\\\/logo\\\/image\\\/\",\"url\":\"https:\\\/\\\/qgsgroup.com\\\/wp-content\\\/uploads\\\/2024\\\/03\\\/logo-electric-tools.png\",\"contentUrl\":\"https:\\\/\\\/qgsgroup.com\\\/wp-content\\\/uploads\\\/2024\\\/03\\\/logo-electric-tools.png\",\"width\":11090,\"height\":2459,\"caption\":\"Q.G.S\"},\"image\":{\"@id\":\"https:\\\/\\\/rebornbusiness.com\\\/#\\\/schema\\\/logo\\\/image\\\/\"}}]}<\/script>\n<!-- \/ Yoast SEO plugin. -->","yoast_head_json":{"title":"Quick-Delivery Plastic Curtain Accessories 3Cm White Hard Curtain Hooks For Curtains - Q.G.S","robots":{"index":"index","follow":"follow","max-snippet":"max-snippet:-1","max-image-preview":"max-image-preview:large","max-video-preview":"max-video-preview:-1"},"canonical":"https:\/\/qgsgroup.com\/vi\/san-pham\/quick-delivery-plastic-curtain-accessories-3cm-white-hard-curtain-hooks-for-curtains\/","og_locale":"vi_VN","og_type":"article","og_title":"Quick-Delivery Plastic Curtain Accessories 3Cm White Hard Curtain Hooks For Curtains - Q.G.S","og_description":"Key attributes Industry-specific attributes Design Style Contemporary Other attributes Place of Origin Zhejiang, China Type Single Brand Name OEM Model Number RF-P006 Curtain Poles, Tracks &#038; Accessories Type Curtain Accessories Material plastic length Consulting Customer Service Type Curtain Poles, Tracks &#038; Accessories Material plastic Color white Delivery time 20DAYS Colors White Packing CTN Product Name Plastic Curtain Hooks Usage Curtian Accessories Application Home. Hotel. Hospital. Cafe. Office.School Feature Popular Packaging and delivery Packaging Details CTN Port ningbo,shanghai,etc&#8230; Supply Ability Supply Ability 5000000 Piece\/Pieces per Month Customization Customized logo Min. order:20 Customized packaging Min. order:20 Graphic customization Min. order:20 MaterialplasticColorwhiteMOQ10000 pcsPackageCTNDelivery time20DAYS","og_url":"https:\/\/qgsgroup.com\/vi\/san-pham\/quick-delivery-plastic-curtain-accessories-3cm-white-hard-curtain-hooks-for-curtains\/","og_site_name":"Q.G.S","article_modified_time":"2024-03-30T14:50:43+00:00","og_image":[{"width":750,"height":750,"url":"https:\/\/qgsgroup.com\/wp-content\/uploads\/aliexpress\/h50d198ff00664fa5a9662db507f85465d.png","type":"image\/jpeg"}],"twitter_card":"summary_large_image","schema":{"@context":"https:\/\/schema.org","@graph":[{"@type":"WebPage","@id":"https:\/\/qgsgroup.com\/product\/quick-delivery-plastic-curtain-accessories-3cm-white-hard-curtain-hooks-for-curtains\/","url":"https:\/\/qgsgroup.com\/product\/quick-delivery-plastic-curtain-accessories-3cm-white-hard-curtain-hooks-for-curtains\/","name":"Quick-Delivery Plastic Curtain Accessories 3Cm White Hard Curtain Hooks For Curtains - Q.G.S","isPartOf":{"@id":"https:\/\/rebornbusiness.com\/#website"},"primaryImageOfPage":{"@id":"https:\/\/qgsgroup.com\/product\/quick-delivery-plastic-curtain-accessories-3cm-white-hard-curtain-hooks-for-curtains\/#primaryimage"},"image":{"@id":"https:\/\/qgsgroup.com\/product\/quick-delivery-plastic-curtain-accessories-3cm-white-hard-curtain-hooks-for-curtains\/#primaryimage"},"thumbnailUrl":"https:\/\/qgsgroup.com\/wp-content\/uploads\/aliexpress\/h50d198ff00664fa5a9662db507f85465d.png","datePublished":"2024-03-30T14:50:41+00:00","dateModified":"2024-03-30T14:50:43+00:00","breadcrumb":{"@id":"https:\/\/qgsgroup.com\/product\/quick-delivery-plastic-curtain-accessories-3cm-white-hard-curtain-hooks-for-curtains\/#breadcrumb"},"inLanguage":"vi","potentialAction":[{"@type":"ReadAction","target":["https:\/\/qgsgroup.com\/product\/quick-delivery-plastic-curtain-accessories-3cm-white-hard-curtain-hooks-for-curtains\/"]}]},{"@type":"ImageObject","inLanguage":"vi","@id":"https:\/\/qgsgroup.com\/product\/quick-delivery-plastic-curtain-accessories-3cm-white-hard-curtain-hooks-for-curtains\/#primaryimage","url":"https:\/\/qgsgroup.com\/wp-content\/uploads\/aliexpress\/h50d198ff00664fa5a9662db507f85465d.png","contentUrl":"https:\/\/qgsgroup.com\/wp-content\/uploads\/aliexpress\/h50d198ff00664fa5a9662db507f85465d.png","width":750,"height":750},{"@type":"BreadcrumbList","@id":"https:\/\/qgsgroup.com\/product\/quick-delivery-plastic-curtain-accessories-3cm-white-hard-curtain-hooks-for-curtains\/#breadcrumb","itemListElement":[{"@type":"ListItem","position":1,"name":"Home","item":"https:\/\/qgsgroup.com\/"},{"@type":"ListItem","position":2,"name":"Products","item":"https:\/\/qgsgroup.com\/products\/"},{"@type":"ListItem","position":3,"name":"Quick-Delivery Plastic Curtain Accessories 3Cm White Hard Curtain Hooks For Curtains"}]},{"@type":"WebSite","@id":"https:\/\/rebornbusiness.com\/#website","url":"https:\/\/rebornbusiness.com\/","name":"Q.G.S","description":"Q.G.S group company","publisher":{"@id":"https:\/\/rebornbusiness.com\/#organization"},"potentialAction":[{"@type":"SearchAction","target":{"@type":"EntryPoint","urlTemplate":"https:\/\/rebornbusiness.com\/?s={search_term_string}"},"query-input":{"@type":"PropertyValueSpecification","valueRequired":true,"valueName":"search_term_string"}}],"inLanguage":"vi"},{"@type":"Organization","@id":"https:\/\/rebornbusiness.com\/#organization","name":"Q.G.S","url":"https:\/\/rebornbusiness.com\/","logo":{"@type":"ImageObject","inLanguage":"vi","@id":"https:\/\/rebornbusiness.com\/#\/schema\/logo\/image\/","url":"https:\/\/qgsgroup.com\/wp-content\/uploads\/2024\/03\/logo-electric-tools.png","contentUrl":"https:\/\/qgsgroup.com\/wp-content\/uploads\/2024\/03\/logo-electric-tools.png","width":11090,"height":2459,"caption":"Q.G.S"},"image":{"@id":"https:\/\/rebornbusiness.com\/#\/schema\/logo\/image\/"}}]}},"_links":{"self":[{"href":"https:\/\/qgsgroup.com\/vi\/wp-json\/wp\/v2\/product\/5741","targetHints":{"allow":["GET"]}}],"collection":[{"href":"https:\/\/qgsgroup.com\/vi\/wp-json\/wp\/v2\/product"}],"about":[{"href":"https:\/\/qgsgroup.com\/vi\/wp-json\/wp\/v2\/types\/product"}],"wp:featuredmedia":[{"embeddable":true,"href":"https:\/\/qgsgroup.com\/vi\/wp-json\/wp\/v2\/media\/3859"}],"wp:attachment":[{"href":"https:\/\/qgsgroup.com\/vi\/wp-json\/wp\/v2\/media?parent=5741"}],"wp:term":[{"taxonomy":"product_brand","embeddable":true,"href":"https:\/\/qgsgroup.com\/vi\/wp-json\/wp\/v2\/product_brand?post=5741"},{"taxonomy":"product_cat","embeddable":true,"href":"https:\/\/qgsgroup.com\/vi\/wp-json\/wp\/v2\/product_cat?post=5741"},{"taxonomy":"product_tag","embeddable":true,"href":"https:\/\/qgsgroup.com\/vi\/wp-json\/wp\/v2\/product_tag?post=5741"}],"curies":[{"name":"wp","href":"https:\/\/api.w.org\/{rel}","templated":true}]}}