{"id":6787,"date":"2024-03-31T03:46:15","date_gmt":"2024-03-31T03:46:15","guid":{"rendered":"https:\/\/qgsgroup.com\/products\/stainless-steel-chrome-furniture-legs-for-sofa-accessories-modern-sofa-leg\/"},"modified":"2024-03-31T03:46:20","modified_gmt":"2024-03-31T03:46:20","slug":"stainless-steel-chrome-furniture-legs-for-sofa-accessories-modern-sofa-leg","status":"publish","type":"product","link":"https:\/\/qgsgroup.com\/vi\/san-pham\/stainless-steel-chrome-furniture-legs-for-sofa-accessories-modern-sofa-leg\/","title":{"rendered":"Stainless Steel Chrome Furniture Legs For Sofa Accessories Modern Sofa Leg"},"content":{"rendered":"<div class=\"product-key-attributes\">\n<h3>Nh\u1eefng \u0111i\u1ec3m ch\u00ednh<\/h3>\n<h4>Thu\u1ed9c t\u00ednh c\u1ee5 th\u1ec3 c\u1ee7a ng\u00e0nh<\/h4>\n<ul>\n<li><label>\u1ee8ng d\u1ee5ng<\/label>\n<div>Bathroom, Home Office, Living Room, Bedroom<\/div>\n<\/li>\n<li><label>Phong c\u00e1ch thi\u1ebft k\u1ebf<\/label>\n<div>Hi\u1ec7n \u0111\u1ea1i<\/div>\n<\/li>\n<\/ul>\n<h4>C\u00e1c thu\u1ed9c t\u00ednh kh\u00e1c<\/h4>\n<ul>\n<li><label>Mail packing<\/label>\n<div>N<\/div>\n<\/li>\n<li><label>Ngu\u1ed3n g\u1ed1c<\/label>\n<div>Chi\u1ebft Giang, Trung Qu\u1ed1c<\/div>\n<\/li>\n<li><label>Ki\u1ec3u<\/label>\n<div>Furniture Leg<\/div>\n<\/li>\n<li><label>V\u1eadt li\u1ec7u<\/label>\n<div>Kim lo\u1ea1i<\/div>\n<\/li>\n<li><label>S\u1eed d\u1ee5ng<\/label>\n<div>Sofa<\/div>\n<\/li>\n<li><label>T\u00ean th\u01b0\u01a1ng hi\u1ec7u<\/label>\n<div>sofa leg<\/div>\n<\/li>\n<li><label>S\u1ed1 m\u00f4 h\u00ecnh<\/label>\n<div>Sofa leg<\/div>\n<\/li>\n<li><label>C\u00e1ch s\u1eed d\u1ee5ng<\/label>\n<div>Furniture Base Part<\/div>\n<\/li>\n<li><label>V\u1eadt li\u1ec7u<\/label>\n<div>Metal, Iron<\/div>\n<\/li>\n<li><label>Finishing<\/label>\n<div>Chrome,Matt Nickel<\/div>\n<\/li>\n<\/ul>\n<h4>\u0110\u00f3ng g\u00f3i v\u00e0 giao h\u00e0ng<\/h4>\n<ul>\n<li><label>chi ti\u1ebft \u0111\u00f3ng g\u00f3i<\/label>\n<div>Sofa leg packing:every piece with opp bag,60 pcs\/ctn<\/div>\n<\/li>\n<li><label>H\u1ea3i c\u1ea3ng<\/label>\n<div>Ninh Ba<\/div>\n<\/li>\n<\/ul>\n<h4>Kh\u1ea3 n\u0103ng cung c\u1ea5p<\/h4>\n<ul>\n<li><label>Kh\u1ea3 n\u0103ng cung c\u1ea5p<\/label>\n<div>10000 Piece\/Pieces per   Month<\/div>\n<\/li>\n<\/ul>\n<\/div>\n<div class=\"product-customization\">\n<h3>T\u00f9y ch\u1ec9nh<\/h3>\n<div>\n<div>\n<p>OEM<\/p>\n<p><label>T\u1ed1i thi\u1ec3u. \u0111\u1eb7t h\u00e0ng:<\/label>500<\/p>\n<\/div>\n<\/div>\n<\/div>\n<p><p><a href=\"https:\/\/reven.en.alibaba.com\/?spm=a2700.7756200.1998619056.7.3b2b71d2TtIY4B\" target=\"_blank\" rel=\"noopener\"><img src=\"https:\/\/qgsgroup.com\/wp-content\/uploads\/aliexpress\/htb1g6fvcpgwbunjy0fbq6z4sxxac.jpg\" data-width=\"750\" ori-width=\"750\" ori-height=\"400\"\/><\/a><\/p><br \/>\n<p><span style=\"color: #33cccc; font-size: 32px;\">&nbsp;<\/span><\/p><br \/>\n<p><img src=\"https:\/\/qgsgroup.com\/wp-content\/uploads\/aliexpress\/htb1cq7eknmwbknjszfbq6xxufxaf.jpg\" ori-width=\"750\" ori-height=\"40\"\/><\/p><br \/>\n<p>&nbsp;<\/p><br \/>\n<div id=\"68m37\" style=\"box-sizing: border-box; margin: 0px; padding: 4px 0px; border: 0px; font-style: normal; font-weight: normal; font-size: 14px; line-height: inherit; vertical-align: top; color: #333333; background-color: #ffffff;\"><br \/>\n<h3 style=\"box-sizing: content-box; margin: 0px; padding: 0px; border: 0px; font-style: inherit; font-weight: bold; font-size: 16px; line-height: 20px; vertical-align: baseline; color: #333333;\">Stainless steel chrome furniture legs for sofa accessories<\/h3><br \/>\n<\/div><br \/>\n<div id=\"kws2l\" style=\"box-sizing: border-box; margin: 0px; padding: 4px 0px; border: 0px; font-style: normal; font-weight: normal; font-size: 14px; line-height: inherit; vertical-align: top; color: #333333; background-color: #ffffff;\"><br \/>\n<p style=\"box-sizing: content-box; margin: 0px; padding: 0px; border: 0px; font-style: inherit; font-weight: inherit; font-size: inherit; line-height: inherit; vertical-align: baseline;\">This item is made of heavy duty iron which is powerful enough to support your sofa or other furniture. It is easy to clean and maintain with its polished surface. This leg is plated with top quality chrome and comes with two different sizes for your choice.<\/p><br \/>\n<\/div><br \/>\n<p><img src=\"https:\/\/qgsgroup.com\/wp-content\/uploads\/aliexpress\/htb1bmg3b8ywbunksmfpq6xguvxa0.jpg\" data-alt=\"Stainless Steel Chrome Furniture Legs For Sofa Accessories Modern Sofa Leg\" ori-width=\"750\" ori-height=\"750\"\/><img src=\"https:\/\/qgsgroup.com\/wp-content\/uploads\/aliexpress\/htb10.5ekeosbunjy0fdq6zdnvxax.jpg\" data-alt=\"Stainless Steel Chrome Furniture Legs For Sofa Accessories Modern Sofa Leg\" ori-width=\"750\" ori-height=\"483\"\/><\/p><br \/>\n<p><span style=\"color: #ff0000;\"><strong><span style=\"line-height: 36px; font-size: 24px;\">If you have any questions, please contact us and we will try our best to meet your needs~<\/span><\/strong><\/span><\/p><br \/>\n<p><strong><span style=\"font-size: 32px;\"><\/span><\/strong><\/p><br \/>\n<p>&nbsp;<\/p><br \/>\n<p>&nbsp;<\/p><br \/>\n<p>&nbsp;<\/p><br \/>\n<p><img src=\"https:\/\/qgsgroup.com\/wp-content\/uploads\/aliexpress\/htb17nskxjnuk1rksmfpq6auzfxaa.jpg\" usemap=\"#Map20189191749\" border=\"0\" ori-width=\"750\" ori-height=\"390\"\/> <\/p><br \/>\n<p>&nbsp;<\/p><br \/>\n<p>&nbsp;&nbsp;<\/p><\/p>","protected":false},"excerpt":{"rendered":"<p>Key attributes Industry-specific attributes Application Bathroom, Home Office, Living Room, Bedroom Design Style Modern Other attributes Mail packing N Place of Origin Zhejiang, China Type Furniture Leg Material Metal Use Sofa Brand Name sofa leg Model Number Sofa leg Usage Furniture Base Part Material Metal, Iron Finishing Chrome,Matt Nickel Packaging and delivery Packaging Details Sofa leg packing:every piece with opp bag,60 pcs\/ctn Port Ningbo Supply Ability Supply Ability 10000 Piece\/Pieces per Month Customization OEM Min. order:500 &nbsp; &nbsp; Stainless steel chrome furniture legs for sofa accessories This item is made of heavy duty iron which is powerful enough to support your sofa or other furniture. It is easy to clean and maintain with its polished surface. This leg is plated with top quality chrome and comes with two different sizes for your choice. If you have any questions, please contact us and we will try our best to meet your needs~ &nbsp; &nbsp; &nbsp; &nbsp; &nbsp;&nbsp;<\/p>","protected":false},"featured_media":6786,"template":"","meta":{"site-sidebar-layout":"default","site-content-layout":"","ast-site-content-layout":"","site-content-style":"default","site-sidebar-style":"default","ast-global-header-display":"","ast-banner-title-visibility":"","ast-main-header-display":"","ast-hfb-above-header-display":"","ast-hfb-below-header-display":"","ast-hfb-mobile-header-display":"","site-post-title":"","ast-breadcrumbs-content":"","ast-featured-img":"","footer-sml-layout":"","theme-transparent-header-meta":"","adv-header-id-meta":"","stick-header-meta":"","header-above-stick-meta":"","header-main-stick-meta":"","header-below-stick-meta":"","astra-migrate-meta-layouts":"default","ast-page-background-enabled":"default","ast-page-background-meta":{"desktop":{"background-color":"","background-image":"","background-repeat":"repeat","background-position":"center center","background-size":"auto","background-attachment":"scroll","background-type":"","background-media":"","overlay-type":"","overlay-color":"","overlay-opacity":"","overlay-gradient":""},"tablet":{"background-color":"","background-image":"","background-repeat":"repeat","background-position":"center center","background-size":"auto","background-attachment":"scroll","background-type":"","background-media":"","overlay-type":"","overlay-color":"","overlay-opacity":"","overlay-gradient":""},"mobile":{"background-color":"","background-image":"","background-repeat":"repeat","background-position":"center center","background-size":"auto","background-attachment":"scroll","background-type":"","background-media":"","overlay-type":"","overlay-color":"","overlay-opacity":"","overlay-gradient":""}},"ast-content-background-meta":{"desktop":{"background-color":"var(--ast-global-color-5)","background-image":"","background-repeat":"repeat","background-position":"center center","background-size":"auto","background-attachment":"scroll","background-type":"","background-media":"","overlay-type":"","overlay-color":"","overlay-opacity":"","overlay-gradient":""},"tablet":{"background-color":"var(--ast-global-color-5)","background-image":"","background-repeat":"repeat","background-position":"center center","background-size":"auto","background-attachment":"scroll","background-type":"","background-media":"","overlay-type":"","overlay-color":"","overlay-opacity":"","overlay-gradient":""},"mobile":{"background-color":"var(--ast-global-color-5)","background-image":"","background-repeat":"repeat","background-position":"center center","background-size":"auto","background-attachment":"scroll","background-type":"","background-media":"","overlay-type":"","overlay-color":"","overlay-opacity":"","overlay-gradient":""}}},"product_brand":[],"product_cat":[99],"product_tag":[],"class_list":{"0":"post-6787","1":"product","2":"type-product","3":"status-publish","4":"has-post-thumbnail","6":"product_cat-sofa-legs","7":"desktop-align-left","8":"tablet-align-left","9":"mobile-align-left","11":"first","12":"instock","13":"shipping-taxable","14":"product-type-simple"},"yoast_head":"<!-- This site is optimized with the Yoast SEO plugin v27.4 - https:\/\/yoast.com\/product\/yoast-seo-wordpress\/ -->\n<title>Stainless Steel Chrome Furniture Legs For Sofa Accessories Modern Sofa Leg - Q.G.S<\/title>\n<meta name=\"robots\" content=\"index, follow, max-snippet:-1, max-image-preview:large, max-video-preview:-1\" \/>\n<link rel=\"canonical\" href=\"https:\/\/qgsgroup.com\/vi\/san-pham\/stainless-steel-chrome-furniture-legs-for-sofa-accessories-modern-sofa-leg\/\" \/>\n<meta property=\"og:locale\" content=\"vi_VN\" \/>\n<meta property=\"og:type\" content=\"article\" \/>\n<meta property=\"og:title\" content=\"Stainless Steel Chrome Furniture Legs For Sofa Accessories Modern Sofa Leg - Q.G.S\" \/>\n<meta property=\"og:description\" content=\"Key attributes Industry-specific attributes Application Bathroom, Home Office, Living Room, Bedroom Design Style Modern Other attributes Mail packing N Place of Origin Zhejiang, China Type Furniture Leg Material Metal Use Sofa Brand Name sofa leg Model Number Sofa leg Usage Furniture Base Part Material Metal, Iron Finishing Chrome,Matt Nickel Packaging and delivery Packaging Details Sofa leg packing:every piece with opp bag,60 pcs\/ctn Port Ningbo Supply Ability Supply Ability 10000 Piece\/Pieces per Month Customization OEM Min. order:500 &nbsp; &nbsp; Stainless steel chrome furniture legs for sofa accessories This item is made of heavy duty iron which is powerful enough to support your sofa or other furniture. It is easy to clean and maintain with its polished surface. This leg is plated with top quality chrome and comes with two different sizes for your choice. If you have any questions, please contact us and we will try our best to meet your needs~ &nbsp; &nbsp; &nbsp; &nbsp; &nbsp;&nbsp;\" \/>\n<meta property=\"og:url\" content=\"https:\/\/qgsgroup.com\/vi\/san-pham\/stainless-steel-chrome-furniture-legs-for-sofa-accessories-modern-sofa-leg\/\" \/>\n<meta property=\"og:site_name\" content=\"Q.G.S\" \/>\n<meta property=\"article:modified_time\" content=\"2024-03-31T03:46:20+00:00\" \/>\n<meta property=\"og:image\" content=\"https:\/\/qgsgroup.com\/wp-content\/uploads\/2024\/03\/htb15qntkeysbunjy1zdq6xpxfxa9.jpg\" \/>\n\t<meta property=\"og:image:width\" content=\"750\" \/>\n\t<meta property=\"og:image:height\" content=\"750\" \/>\n\t<meta property=\"og:image:type\" content=\"image\/jpeg\" \/>\n<meta name=\"twitter:card\" content=\"summary_large_image\" \/>\n<meta name=\"twitter:label1\" content=\"\u01af\u1edbc t\u00ednh th\u1eddi gian \u0111\u1ecdc\" \/>\n\t<meta name=\"twitter:data1\" content=\"1 ph\u00fat\" \/>\n<script type=\"application\/ld+json\" class=\"yoast-schema-graph\">{\"@context\":\"https:\\\/\\\/schema.org\",\"@graph\":[{\"@type\":\"WebPage\",\"@id\":\"https:\\\/\\\/qgsgroup.com\\\/product\\\/stainless-steel-chrome-furniture-legs-for-sofa-accessories-modern-sofa-leg\\\/\",\"url\":\"https:\\\/\\\/qgsgroup.com\\\/product\\\/stainless-steel-chrome-furniture-legs-for-sofa-accessories-modern-sofa-leg\\\/\",\"name\":\"Stainless Steel Chrome Furniture Legs For Sofa Accessories Modern Sofa Leg - Q.G.S\",\"isPartOf\":{\"@id\":\"https:\\\/\\\/rebornbusiness.com\\\/#website\"},\"primaryImageOfPage\":{\"@id\":\"https:\\\/\\\/qgsgroup.com\\\/product\\\/stainless-steel-chrome-furniture-legs-for-sofa-accessories-modern-sofa-leg\\\/#primaryimage\"},\"image\":{\"@id\":\"https:\\\/\\\/qgsgroup.com\\\/product\\\/stainless-steel-chrome-furniture-legs-for-sofa-accessories-modern-sofa-leg\\\/#primaryimage\"},\"thumbnailUrl\":\"https:\\\/\\\/qgsgroup.com\\\/wp-content\\\/uploads\\\/2024\\\/03\\\/htb15qntkeysbunjy1zdq6xpxfxa9.jpg\",\"datePublished\":\"2024-03-31T03:46:15+00:00\",\"dateModified\":\"2024-03-31T03:46:20+00:00\",\"breadcrumb\":{\"@id\":\"https:\\\/\\\/qgsgroup.com\\\/product\\\/stainless-steel-chrome-furniture-legs-for-sofa-accessories-modern-sofa-leg\\\/#breadcrumb\"},\"inLanguage\":\"vi\",\"potentialAction\":[{\"@type\":\"ReadAction\",\"target\":[\"https:\\\/\\\/qgsgroup.com\\\/product\\\/stainless-steel-chrome-furniture-legs-for-sofa-accessories-modern-sofa-leg\\\/\"]}]},{\"@type\":\"ImageObject\",\"inLanguage\":\"vi\",\"@id\":\"https:\\\/\\\/qgsgroup.com\\\/product\\\/stainless-steel-chrome-furniture-legs-for-sofa-accessories-modern-sofa-leg\\\/#primaryimage\",\"url\":\"https:\\\/\\\/qgsgroup.com\\\/wp-content\\\/uploads\\\/2024\\\/03\\\/htb15qntkeysbunjy1zdq6xpxfxa9.jpg\",\"contentUrl\":\"https:\\\/\\\/qgsgroup.com\\\/wp-content\\\/uploads\\\/2024\\\/03\\\/htb15qntkeysbunjy1zdq6xpxfxa9.jpg\",\"width\":750,\"height\":750},{\"@type\":\"BreadcrumbList\",\"@id\":\"https:\\\/\\\/qgsgroup.com\\\/product\\\/stainless-steel-chrome-furniture-legs-for-sofa-accessories-modern-sofa-leg\\\/#breadcrumb\",\"itemListElement\":[{\"@type\":\"ListItem\",\"position\":1,\"name\":\"Home\",\"item\":\"https:\\\/\\\/qgsgroup.com\\\/\"},{\"@type\":\"ListItem\",\"position\":2,\"name\":\"Products\",\"item\":\"https:\\\/\\\/qgsgroup.com\\\/products\\\/\"},{\"@type\":\"ListItem\",\"position\":3,\"name\":\"Stainless Steel Chrome Furniture Legs For Sofa Accessories Modern Sofa Leg\"}]},{\"@type\":\"WebSite\",\"@id\":\"https:\\\/\\\/rebornbusiness.com\\\/#website\",\"url\":\"https:\\\/\\\/rebornbusiness.com\\\/\",\"name\":\"Q.G.S\",\"description\":\"Q.G.S group company\",\"publisher\":{\"@id\":\"https:\\\/\\\/rebornbusiness.com\\\/#organization\"},\"potentialAction\":[{\"@type\":\"SearchAction\",\"target\":{\"@type\":\"EntryPoint\",\"urlTemplate\":\"https:\\\/\\\/rebornbusiness.com\\\/?s={search_term_string}\"},\"query-input\":{\"@type\":\"PropertyValueSpecification\",\"valueRequired\":true,\"valueName\":\"search_term_string\"}}],\"inLanguage\":\"vi\"},{\"@type\":\"Organization\",\"@id\":\"https:\\\/\\\/rebornbusiness.com\\\/#organization\",\"name\":\"Q.G.S\",\"url\":\"https:\\\/\\\/rebornbusiness.com\\\/\",\"logo\":{\"@type\":\"ImageObject\",\"inLanguage\":\"vi\",\"@id\":\"https:\\\/\\\/rebornbusiness.com\\\/#\\\/schema\\\/logo\\\/image\\\/\",\"url\":\"https:\\\/\\\/qgsgroup.com\\\/wp-content\\\/uploads\\\/2024\\\/03\\\/logo-electric-tools.png\",\"contentUrl\":\"https:\\\/\\\/qgsgroup.com\\\/wp-content\\\/uploads\\\/2024\\\/03\\\/logo-electric-tools.png\",\"width\":11090,\"height\":2459,\"caption\":\"Q.G.S\"},\"image\":{\"@id\":\"https:\\\/\\\/rebornbusiness.com\\\/#\\\/schema\\\/logo\\\/image\\\/\"}}]}<\/script>\n<!-- \/ Yoast SEO plugin. -->","yoast_head_json":{"title":"Stainless Steel Chrome Furniture Legs For Sofa Accessories Modern Sofa Leg - Q.G.S","robots":{"index":"index","follow":"follow","max-snippet":"max-snippet:-1","max-image-preview":"max-image-preview:large","max-video-preview":"max-video-preview:-1"},"canonical":"https:\/\/qgsgroup.com\/vi\/san-pham\/stainless-steel-chrome-furniture-legs-for-sofa-accessories-modern-sofa-leg\/","og_locale":"vi_VN","og_type":"article","og_title":"Stainless Steel Chrome Furniture Legs For Sofa Accessories Modern Sofa Leg - Q.G.S","og_description":"Key attributes Industry-specific attributes Application Bathroom, Home Office, Living Room, Bedroom Design Style Modern Other attributes Mail packing N Place of Origin Zhejiang, China Type Furniture Leg Material Metal Use Sofa Brand Name sofa leg Model Number Sofa leg Usage Furniture Base Part Material Metal, Iron Finishing Chrome,Matt Nickel Packaging and delivery Packaging Details Sofa leg packing:every piece with opp bag,60 pcs\/ctn Port Ningbo Supply Ability Supply Ability 10000 Piece\/Pieces per Month Customization OEM Min. order:500 &nbsp; &nbsp; Stainless steel chrome furniture legs for sofa accessories This item is made of heavy duty iron which is powerful enough to support your sofa or other furniture. It is easy to clean and maintain with its polished surface. This leg is plated with top quality chrome and comes with two different sizes for your choice. If you have any questions, please contact us and we will try our best to meet your needs~ &nbsp; &nbsp; &nbsp; &nbsp; &nbsp;&nbsp;","og_url":"https:\/\/qgsgroup.com\/vi\/san-pham\/stainless-steel-chrome-furniture-legs-for-sofa-accessories-modern-sofa-leg\/","og_site_name":"Q.G.S","article_modified_time":"2024-03-31T03:46:20+00:00","og_image":[{"width":750,"height":750,"url":"https:\/\/qgsgroup.com\/wp-content\/uploads\/2024\/03\/htb15qntkeysbunjy1zdq6xpxfxa9.jpg","type":"image\/jpeg"}],"twitter_card":"summary_large_image","twitter_misc":{"\u01af\u1edbc t\u00ednh th\u1eddi gian \u0111\u1ecdc":"1 ph\u00fat"},"schema":{"@context":"https:\/\/schema.org","@graph":[{"@type":"WebPage","@id":"https:\/\/qgsgroup.com\/product\/stainless-steel-chrome-furniture-legs-for-sofa-accessories-modern-sofa-leg\/","url":"https:\/\/qgsgroup.com\/product\/stainless-steel-chrome-furniture-legs-for-sofa-accessories-modern-sofa-leg\/","name":"Stainless Steel Chrome Furniture Legs For Sofa Accessories Modern Sofa Leg - Q.G.S","isPartOf":{"@id":"https:\/\/rebornbusiness.com\/#website"},"primaryImageOfPage":{"@id":"https:\/\/qgsgroup.com\/product\/stainless-steel-chrome-furniture-legs-for-sofa-accessories-modern-sofa-leg\/#primaryimage"},"image":{"@id":"https:\/\/qgsgroup.com\/product\/stainless-steel-chrome-furniture-legs-for-sofa-accessories-modern-sofa-leg\/#primaryimage"},"thumbnailUrl":"https:\/\/qgsgroup.com\/wp-content\/uploads\/2024\/03\/htb15qntkeysbunjy1zdq6xpxfxa9.jpg","datePublished":"2024-03-31T03:46:15+00:00","dateModified":"2024-03-31T03:46:20+00:00","breadcrumb":{"@id":"https:\/\/qgsgroup.com\/product\/stainless-steel-chrome-furniture-legs-for-sofa-accessories-modern-sofa-leg\/#breadcrumb"},"inLanguage":"vi","potentialAction":[{"@type":"ReadAction","target":["https:\/\/qgsgroup.com\/product\/stainless-steel-chrome-furniture-legs-for-sofa-accessories-modern-sofa-leg\/"]}]},{"@type":"ImageObject","inLanguage":"vi","@id":"https:\/\/qgsgroup.com\/product\/stainless-steel-chrome-furniture-legs-for-sofa-accessories-modern-sofa-leg\/#primaryimage","url":"https:\/\/qgsgroup.com\/wp-content\/uploads\/2024\/03\/htb15qntkeysbunjy1zdq6xpxfxa9.jpg","contentUrl":"https:\/\/qgsgroup.com\/wp-content\/uploads\/2024\/03\/htb15qntkeysbunjy1zdq6xpxfxa9.jpg","width":750,"height":750},{"@type":"BreadcrumbList","@id":"https:\/\/qgsgroup.com\/product\/stainless-steel-chrome-furniture-legs-for-sofa-accessories-modern-sofa-leg\/#breadcrumb","itemListElement":[{"@type":"ListItem","position":1,"name":"Home","item":"https:\/\/qgsgroup.com\/"},{"@type":"ListItem","position":2,"name":"Products","item":"https:\/\/qgsgroup.com\/products\/"},{"@type":"ListItem","position":3,"name":"Stainless Steel Chrome Furniture Legs For Sofa Accessories Modern Sofa Leg"}]},{"@type":"WebSite","@id":"https:\/\/rebornbusiness.com\/#website","url":"https:\/\/rebornbusiness.com\/","name":"Q.G.S","description":"Q.G.S group company","publisher":{"@id":"https:\/\/rebornbusiness.com\/#organization"},"potentialAction":[{"@type":"SearchAction","target":{"@type":"EntryPoint","urlTemplate":"https:\/\/rebornbusiness.com\/?s={search_term_string}"},"query-input":{"@type":"PropertyValueSpecification","valueRequired":true,"valueName":"search_term_string"}}],"inLanguage":"vi"},{"@type":"Organization","@id":"https:\/\/rebornbusiness.com\/#organization","name":"Q.G.S","url":"https:\/\/rebornbusiness.com\/","logo":{"@type":"ImageObject","inLanguage":"vi","@id":"https:\/\/rebornbusiness.com\/#\/schema\/logo\/image\/","url":"https:\/\/qgsgroup.com\/wp-content\/uploads\/2024\/03\/logo-electric-tools.png","contentUrl":"https:\/\/qgsgroup.com\/wp-content\/uploads\/2024\/03\/logo-electric-tools.png","width":11090,"height":2459,"caption":"Q.G.S"},"image":{"@id":"https:\/\/rebornbusiness.com\/#\/schema\/logo\/image\/"}}]}},"_links":{"self":[{"href":"https:\/\/qgsgroup.com\/vi\/wp-json\/wp\/v2\/product\/6787","targetHints":{"allow":["GET"]}}],"collection":[{"href":"https:\/\/qgsgroup.com\/vi\/wp-json\/wp\/v2\/product"}],"about":[{"href":"https:\/\/qgsgroup.com\/vi\/wp-json\/wp\/v2\/types\/product"}],"wp:featuredmedia":[{"embeddable":true,"href":"https:\/\/qgsgroup.com\/vi\/wp-json\/wp\/v2\/media\/6786"}],"wp:attachment":[{"href":"https:\/\/qgsgroup.com\/vi\/wp-json\/wp\/v2\/media?parent=6787"}],"wp:term":[{"taxonomy":"product_brand","embeddable":true,"href":"https:\/\/qgsgroup.com\/vi\/wp-json\/wp\/v2\/product_brand?post=6787"},{"taxonomy":"product_cat","embeddable":true,"href":"https:\/\/qgsgroup.com\/vi\/wp-json\/wp\/v2\/product_cat?post=6787"},{"taxonomy":"product_tag","embeddable":true,"href":"https:\/\/qgsgroup.com\/vi\/wp-json\/wp\/v2\/product_tag?post=6787"}],"curies":[{"name":"wp","href":"https:\/\/api.w.org\/{rel}","templated":true}]}}