{"id":7078,"date":"2024-03-31T04:06:29","date_gmt":"2024-03-31T04:06:29","guid":{"rendered":"https:\/\/qgsgroup.com\/products\/window-metal-curtain-rod-pole-color-customization-tube-for-curtain\/"},"modified":"2024-03-31T04:06:34","modified_gmt":"2024-03-31T04:06:34","slug":"window-metal-curtain-rod-pole-color-customization-tube-for-curtain","status":"publish","type":"product","link":"https:\/\/qgsgroup.com\/vi\/san-pham\/window-metal-curtain-rod-pole-color-customization-tube-for-curtain\/","title":{"rendered":"\u1ed0ng t\u00f9y ch\u1ec9nh m\u00e0u c\u1ef1c thanh r\u00e8m kim lo\u1ea1i cho r\u00e8m c\u1eeda s\u1ed5"},"content":{"rendered":"<div class=\"product-key-attributes\">\n<h3>Nh\u1eefng \u0111i\u1ec3m ch\u00ednh<\/h3>\n<h4>Thu\u1ed9c t\u00ednh c\u1ee5 th\u1ec3 c\u1ee7a ng\u00e0nh<\/h4>\n<ul>\n<li><label>Phong c\u00e1ch thi\u1ebft k\u1ebf<\/label>\n<div>Hi\u1ec7n \u0111\u1ea1i<\/div>\n<\/li>\n<\/ul>\n<h4>C\u00e1c thu\u1ed9c t\u00ednh kh\u00e1c<\/h4>\n<ul>\n<li><label>Ngu\u1ed3n g\u1ed1c<\/label>\n<div>Trung Qu\u1ed1c<\/div>\n<\/li>\n<li><label>Ki\u1ec3u<\/label>\n<div>\u0110\u01a1n<\/div>\n<\/li>\n<li><label>T\u00ean th\u01b0\u01a1ng hi\u1ec7u<\/label>\n<div>OEM<\/div>\n<\/li>\n<li><label>S\u1ed1 m\u00f4 h\u00ecnh<\/label>\n<div>RA-P004<\/div>\n<\/li>\n<li><label>Lo\u1ea1i c\u1ed9t r\u00e8m, \u0111\u01b0\u1eddng ray &amp; ph\u1ee5 ki\u1ec7n<\/label>\n<div>C\u1ed9t r\u00e8m<\/div>\n<\/li>\n<li><label>V\u1eadt li\u1ec7u<\/label>\n<div>Kim lo\u1ea1i<\/div>\n<\/li>\n<li><label>V\u1eadt li\u1ec7u<\/label>\n<div>S\u1eaft<\/div>\n<\/li>\n<li><label>M\u00e0u s\u1eafc<\/label>\n<div>AB, AC, v\u00e0ng, b\u1ea1c, chrome, \u0111en, tr\u1eafng, v.v...<\/div>\n<\/li>\n<li><label>\u0110\u01b0\u1eddng k\u00ednh<\/label>\n<div>12mm,16mm,19mm,22mm,25mm,28mm<\/div>\n<\/li>\n<li><label>Chi\u1ec1u d\u00e0i<\/label>\n<div>T\u00f9y ch\u1ec9nh 1m-6m<\/div>\n<\/li>\n<li><label>C\u00e1ch s\u1eed d\u1ee5ng<\/label>\n<div>R\u00e8m c\u1eeda s\u1ed5 trang tr\u00ed nh\u00e0 c\u1eeda<\/div>\n<\/li>\n<li><label>\u1ee8ng d\u1ee5ng<\/label>\n<div>Ph\u1ee5 ki\u1ec7n r\u00e8m c\u1eeda s\u1ed5<\/div>\n<\/li>\n<li><label>T\u00ednh n\u0103ng<\/label>\n<div>Th\u00e2n thi\u1ec7n v\u1edbi m\u00f4i tr\u01b0\u1eddng<\/div>\n<\/li>\n<li><label>MOQ<\/label>\n<div>500 chi\u1ebfc<\/div>\n<\/li>\n<li><label>Phong c\u00e1ch<\/label>\n<div>\u0110\u01a1n gi\u1ea3n c\u1ed5 \u0111i\u1ec3n<\/div>\n<\/li>\n<li><label>Th\u01b0\u01a1ng hi\u1ec7u<\/label>\n<div>D\u1ecbch v\u1ee5 OEM<\/div>\n<\/li>\n<\/ul>\n<h4>\u0110\u00f3ng g\u00f3i v\u00e0 giao h\u00e0ng<\/h4>\n<ul>\n<li><label>chi ti\u1ebft \u0111\u00f3ng g\u00f3i<\/label>\n<div>CTN,bag.<\/div>\n<\/li>\n<li><label>H\u1ea3i c\u1ea3ng<\/label>\n<div>Ningbo,Shanghai,Yantian<\/div>\n<\/li>\n<\/ul>\n<h4>Kh\u1ea3 n\u0103ng cung c\u1ea5p<\/h4>\n<ul>\n<li><label>Kh\u1ea3 n\u0103ng cung c\u1ea5p<\/label>\n<div>1000000 m\u1ea3nh \/ m\u1ea3nh m\u1ed7i th\u00e1ng<\/div>\n<\/li>\n<\/ul>\n<\/div>\n<div class=\"product-customization\">\n<h3>T\u00f9y ch\u1ec9nh<\/h3>\n<div>\n<div>\n<p>Bao b\u00ec t\u00f9y ch\u1ec9nh<\/p>\n<p><label>T\u1ed1i thi\u1ec3u. \u0111\u1eb7t h\u00e0ng:<\/label>1000<\/p>\n<\/div>\n<\/div>\n<\/div>\n<p><div data-magic-global=\"%7B%22bizId%22%3A3210435406%2C%22pageId%22%3A21225994821%2C%22siteId%22%3A5005373107%7D\" id=\"detail_decorate_root\"><br \/>\n      <div module-id=\"33629015313\" module-title=\"detailSingleImage\" render=\"true\" class=\"J_module\"><div class=\"icbu-pc-images magic-0\"><div><div class=\"flex-layout-v\"><div class=\"flex-layout-h magic-0\"><div class=\"magic-1\"><img src=\"https:\/\/qgsgroup.com\/wp-content\/uploads\/aliexpress\/h5175047b0a0e4ad7a22e9513ef1a33acm.jpg\" usemap=\"#1-67-d87-61c9\" class=\"magic-2\"\/><\/div><\/div><\/div><\/div><\/div><\/div><\/p>\n<p>      <div module-id=\"33629015314\" module-title=\"detailProductNavigation\" render=\"true\" class=\"J_module\"><div id=\"ali-anchor-AliMagic-qs86lu\" data-section=\"AliMagic-qs86lu\" data-section-title=\"Products Description\" class=\"magic-3\">M\u00f4 t\u1ea3 s\u1ea3n ph\u1ea9m<\/div><\/div><\/p>\n<p>      <div module-id=\"33629015315\" module-title=\"detailTableNoTitle\" render=\"true\" class=\"J_module\"><div class=\"ife-detail-decorate-table\"><table class=\"all magic-4\"><tbody><tr><td colspan=\"1\" rowspan=\"1\"><div class=\"magic-5\">V\u1eadt li\u1ec7u<\/div><\/td><td colspan=\"3\" rowspan=\"1\"><div class=\"magic-6\">S\u1eaft<\/div><\/td><\/tr><tr><td colspan=\"1\" rowspan=\"1\"><div class=\"magic-5\">K\u00edch c\u1ee1<\/div><\/td><td colspan=\"3\" rowspan=\"1\"><div class=\"magic-6\">Diameter:12mm,16mm,19mm,22mm,25mm,28mm<br\/>Length:1m-6m customization<\/div><\/td><\/tr><tr><td colspan=\"1\" rowspan=\"1\"><div class=\"magic-5\">M\u00e0u s\u1eafc<\/div><\/td><td colspan=\"3\" rowspan=\"1\"><div class=\"magic-6\">AB, AC, v\u00e0ng, b\u1ea1c, chrome, \u0111en, tr\u1eafng, v.v...<\/div><\/td><\/tr><tr><td colspan=\"1\" rowspan=\"1\"><div class=\"magic-5\">Th\u1eddi gian giao h\u00e0ng<\/div><\/td><td colspan=\"3\" rowspan=\"1\"><div class=\"magic-6\">20-40 days<\/div><\/td><\/tr><\/tbody><\/table><\/div><\/div><\/p>\n<p>      <div module-id=\"33629015316\" module-title=\"detailManyImage\" render=\"true\" class=\"J_module\"><div class=\"icbu-pc-detailManyImage magic-10\"><div class=\"magic-11\"><img src=\"https:\/\/qgsgroup.com\/wp-content\/uploads\/aliexpress\/he13db18519224b919e55307a18bd59d07.jpg\" class=\"magic-12\"\/><\/div><div class=\"magic-11\"><img src=\"https:\/\/qgsgroup.com\/wp-content\/uploads\/aliexpress\/h91f3feb9125b4ca688bc78fbe6d05f92t.jpg\" class=\"magic-12\"\/><\/div><div class=\"magic-11\"><img src=\"https:\/\/qgsgroup.com\/wp-content\/uploads\/aliexpress\/h0ae779480c8a4173886098c2291257a1w.jpg\" class=\"magic-12\"\/><\/div><\/div><\/div><\/p>\n<p>      <div module-id=\"33629015317\" module-title=\"detailSingleImage\" render=\"true\" class=\"J_module\"><div class=\"icbu-pc-images magic-0\"><div><div class=\"flex-layout-v\"><div class=\"flex-layout-h magic-0\"><div class=\"magic-13\"><img src=\"https:\/\/qgsgroup.com\/wp-content\/uploads\/aliexpress\/hea1474d1449e48738f187618f545d275w.jpg\" class=\"magic-14\"\/><\/div><\/div><\/div><\/div><\/div><\/div><\/p>\n<p>      <div module-id=\"33629015318\" module-title=\"detailSingleImage\" render=\"true\" class=\"J_module\"><div class=\"icbu-pc-images magic-0\"><div><div class=\"flex-layout-v\"><div class=\"flex-layout-h magic-0\"><div class=\"magic-15\"><img src=\"https:\/\/qgsgroup.com\/wp-content\/uploads\/aliexpress\/h7980e415ddab43d7918a50f6d1e84b88s.jpg\" class=\"magic-16\"\/><\/div><\/div><\/div><\/div><\/div><\/div><\/p>\n<p><\/DIV><\/p>","protected":false},"excerpt":{"rendered":"<p>Key attributes Industry-specific attributes Design Style Modern Other attributes Place of Origin China Type Single Brand Name OEM Model Number RA-P004 Curtain Poles, Tracks &#038; Accessories Type Curtain Poles Material Metal Material Iron Color AB,AC,golden,silver,chrome,black,white,etc&#8230; Diameter 12mm,16mm,19mm,22mm,25mm,28mm Length 1m-6m customization Usage Window Curtain Home Decoration Application Window Shade Curtain Accessory Feature Eco-friendly MOQ 500pcs Style Simple Classic Brand OEM Service Packaging and delivery Packaging Details CTN,bag. Port Ningbo,Shanghai,Yantian Supply Ability Supply Ability 1000000 Piece\/Pieces per Month Customization Customized packaging Min. order:1000 Products Description MaterialIronSizeDiameter:12mm,16mm,19mm,22mm,25mm,28mmLength:1m-6m customizationColorAB,AC,golden,silver,chrome,black,white,etc&#8230;Delivery time20-40 days<\/p>","protected":false},"featured_media":4840,"template":"","meta":{"site-sidebar-layout":"default","site-content-layout":"","ast-site-content-layout":"","site-content-style":"default","site-sidebar-style":"default","ast-global-header-display":"","ast-banner-title-visibility":"","ast-main-header-display":"","ast-hfb-above-header-display":"","ast-hfb-below-header-display":"","ast-hfb-mobile-header-display":"","site-post-title":"","ast-breadcrumbs-content":"","ast-featured-img":"","footer-sml-layout":"","theme-transparent-header-meta":"","adv-header-id-meta":"","stick-header-meta":"","header-above-stick-meta":"","header-main-stick-meta":"","header-below-stick-meta":"","astra-migrate-meta-layouts":"default","ast-page-background-enabled":"default","ast-page-background-meta":{"desktop":{"background-color":"","background-image":"","background-repeat":"repeat","background-position":"center center","background-size":"auto","background-attachment":"scroll","background-type":"","background-media":"","overlay-type":"","overlay-color":"","overlay-opacity":"","overlay-gradient":""},"tablet":{"background-color":"","background-image":"","background-repeat":"repeat","background-position":"center center","background-size":"auto","background-attachment":"scroll","background-type":"","background-media":"","overlay-type":"","overlay-color":"","overlay-opacity":"","overlay-gradient":""},"mobile":{"background-color":"","background-image":"","background-repeat":"repeat","background-position":"center center","background-size":"auto","background-attachment":"scroll","background-type":"","background-media":"","overlay-type":"","overlay-color":"","overlay-opacity":"","overlay-gradient":""}},"ast-content-background-meta":{"desktop":{"background-color":"var(--ast-global-color-5)","background-image":"","background-repeat":"repeat","background-position":"center center","background-size":"auto","background-attachment":"scroll","background-type":"","background-media":"","overlay-type":"","overlay-color":"","overlay-opacity":"","overlay-gradient":""},"tablet":{"background-color":"var(--ast-global-color-5)","background-image":"","background-repeat":"repeat","background-position":"center center","background-size":"auto","background-attachment":"scroll","background-type":"","background-media":"","overlay-type":"","overlay-color":"","overlay-opacity":"","overlay-gradient":""},"mobile":{"background-color":"var(--ast-global-color-5)","background-image":"","background-repeat":"repeat","background-position":"center center","background-size":"auto","background-attachment":"scroll","background-type":"","background-media":"","overlay-type":"","overlay-color":"","overlay-opacity":"","overlay-gradient":""}}},"product_brand":[],"product_cat":[66],"product_tag":[],"class_list":{"0":"post-7078","1":"product","2":"type-product","3":"status-publish","4":"has-post-thumbnail","6":"product_cat-curtain-poles-pipes-tubes","7":"desktop-align-left","8":"tablet-align-left","9":"mobile-align-left","11":"first","12":"instock","13":"shipping-taxable","14":"product-type-simple"},"yoast_head":"<!-- This site is optimized with the Yoast SEO plugin v27.4 - https:\/\/yoast.com\/product\/yoast-seo-wordpress\/ -->\n<title>Window metal curtain rod pole color customization tube for curtain - Q.G.S<\/title>\n<meta name=\"robots\" content=\"index, follow, max-snippet:-1, max-image-preview:large, max-video-preview:-1\" \/>\n<link rel=\"canonical\" href=\"https:\/\/qgsgroup.com\/vi\/san-pham\/window-metal-curtain-rod-pole-color-customization-tube-for-curtain\/\" \/>\n<meta property=\"og:locale\" content=\"vi_VN\" \/>\n<meta property=\"og:type\" content=\"article\" \/>\n<meta property=\"og:title\" content=\"Window metal curtain rod pole color customization tube for curtain - Q.G.S\" \/>\n<meta property=\"og:description\" content=\"Key attributes Industry-specific attributes Design Style Modern Other attributes Place of Origin China Type Single Brand Name OEM Model Number RA-P004 Curtain Poles, Tracks &#038; Accessories Type Curtain Poles Material Metal Material Iron Color AB,AC,golden,silver,chrome,black,white,etc&#8230; Diameter 12mm,16mm,19mm,22mm,25mm,28mm Length 1m-6m customization Usage Window Curtain Home Decoration Application Window Shade Curtain Accessory Feature Eco-friendly MOQ 500pcs Style Simple Classic Brand OEM Service Packaging and delivery Packaging Details CTN,bag. Port Ningbo,Shanghai,Yantian Supply Ability Supply Ability 1000000 Piece\/Pieces per Month Customization Customized packaging Min. order:1000 Products Description MaterialIronSizeDiameter:12mm,16mm,19mm,22mm,25mm,28mmLength:1m-6m customizationColorAB,AC,golden,silver,chrome,black,white,etc&#8230;Delivery time20-40 days\" \/>\n<meta property=\"og:url\" content=\"https:\/\/qgsgroup.com\/vi\/san-pham\/window-metal-curtain-rod-pole-color-customization-tube-for-curtain\/\" \/>\n<meta property=\"og:site_name\" content=\"Q.G.S\" \/>\n<meta property=\"article:modified_time\" content=\"2024-03-31T04:06:34+00:00\" \/>\n<meta property=\"og:image\" content=\"https:\/\/qgsgroup.com\/wp-content\/uploads\/aliexpress\/h91f3feb9125b4ca688bc78fbe6d05f92t.jpg\" \/>\n\t<meta property=\"og:image:width\" content=\"750\" \/>\n\t<meta property=\"og:image:height\" content=\"750\" \/>\n\t<meta property=\"og:image:type\" content=\"image\/jpeg\" \/>\n<meta name=\"twitter:card\" content=\"summary_large_image\" \/>\n<meta name=\"twitter:label1\" content=\"\u01af\u1edbc t\u00ednh th\u1eddi gian \u0111\u1ecdc\" \/>\n\t<meta name=\"twitter:data1\" content=\"1 ph\u00fat\" \/>\n<script type=\"application\/ld+json\" class=\"yoast-schema-graph\">{\"@context\":\"https:\\\/\\\/schema.org\",\"@graph\":[{\"@type\":\"WebPage\",\"@id\":\"https:\\\/\\\/qgsgroup.com\\\/product\\\/window-metal-curtain-rod-pole-color-customization-tube-for-curtain\\\/\",\"url\":\"https:\\\/\\\/qgsgroup.com\\\/product\\\/window-metal-curtain-rod-pole-color-customization-tube-for-curtain\\\/\",\"name\":\"Window metal curtain rod pole color customization tube for curtain - Q.G.S\",\"isPartOf\":{\"@id\":\"https:\\\/\\\/rebornbusiness.com\\\/#website\"},\"primaryImageOfPage\":{\"@id\":\"https:\\\/\\\/qgsgroup.com\\\/product\\\/window-metal-curtain-rod-pole-color-customization-tube-for-curtain\\\/#primaryimage\"},\"image\":{\"@id\":\"https:\\\/\\\/qgsgroup.com\\\/product\\\/window-metal-curtain-rod-pole-color-customization-tube-for-curtain\\\/#primaryimage\"},\"thumbnailUrl\":\"https:\\\/\\\/qgsgroup.com\\\/wp-content\\\/uploads\\\/aliexpress\\\/h91f3feb9125b4ca688bc78fbe6d05f92t.jpg\",\"datePublished\":\"2024-03-31T04:06:29+00:00\",\"dateModified\":\"2024-03-31T04:06:34+00:00\",\"breadcrumb\":{\"@id\":\"https:\\\/\\\/qgsgroup.com\\\/product\\\/window-metal-curtain-rod-pole-color-customization-tube-for-curtain\\\/#breadcrumb\"},\"inLanguage\":\"vi\",\"potentialAction\":[{\"@type\":\"ReadAction\",\"target\":[\"https:\\\/\\\/qgsgroup.com\\\/product\\\/window-metal-curtain-rod-pole-color-customization-tube-for-curtain\\\/\"]}]},{\"@type\":\"ImageObject\",\"inLanguage\":\"vi\",\"@id\":\"https:\\\/\\\/qgsgroup.com\\\/product\\\/window-metal-curtain-rod-pole-color-customization-tube-for-curtain\\\/#primaryimage\",\"url\":\"https:\\\/\\\/qgsgroup.com\\\/wp-content\\\/uploads\\\/aliexpress\\\/h91f3feb9125b4ca688bc78fbe6d05f92t.jpg\",\"contentUrl\":\"https:\\\/\\\/qgsgroup.com\\\/wp-content\\\/uploads\\\/aliexpress\\\/h91f3feb9125b4ca688bc78fbe6d05f92t.jpg\",\"width\":750,\"height\":750},{\"@type\":\"BreadcrumbList\",\"@id\":\"https:\\\/\\\/qgsgroup.com\\\/product\\\/window-metal-curtain-rod-pole-color-customization-tube-for-curtain\\\/#breadcrumb\",\"itemListElement\":[{\"@type\":\"ListItem\",\"position\":1,\"name\":\"Home\",\"item\":\"https:\\\/\\\/qgsgroup.com\\\/\"},{\"@type\":\"ListItem\",\"position\":2,\"name\":\"Products\",\"item\":\"https:\\\/\\\/qgsgroup.com\\\/products\\\/\"},{\"@type\":\"ListItem\",\"position\":3,\"name\":\"Window metal curtain rod pole color customization tube for curtain\"}]},{\"@type\":\"WebSite\",\"@id\":\"https:\\\/\\\/rebornbusiness.com\\\/#website\",\"url\":\"https:\\\/\\\/rebornbusiness.com\\\/\",\"name\":\"Q.G.S\",\"description\":\"Q.G.S group company\",\"publisher\":{\"@id\":\"https:\\\/\\\/rebornbusiness.com\\\/#organization\"},\"potentialAction\":[{\"@type\":\"SearchAction\",\"target\":{\"@type\":\"EntryPoint\",\"urlTemplate\":\"https:\\\/\\\/rebornbusiness.com\\\/?s={search_term_string}\"},\"query-input\":{\"@type\":\"PropertyValueSpecification\",\"valueRequired\":true,\"valueName\":\"search_term_string\"}}],\"inLanguage\":\"vi\"},{\"@type\":\"Organization\",\"@id\":\"https:\\\/\\\/rebornbusiness.com\\\/#organization\",\"name\":\"Q.G.S\",\"url\":\"https:\\\/\\\/rebornbusiness.com\\\/\",\"logo\":{\"@type\":\"ImageObject\",\"inLanguage\":\"vi\",\"@id\":\"https:\\\/\\\/rebornbusiness.com\\\/#\\\/schema\\\/logo\\\/image\\\/\",\"url\":\"https:\\\/\\\/qgsgroup.com\\\/wp-content\\\/uploads\\\/2024\\\/03\\\/logo-electric-tools.png\",\"contentUrl\":\"https:\\\/\\\/qgsgroup.com\\\/wp-content\\\/uploads\\\/2024\\\/03\\\/logo-electric-tools.png\",\"width\":11090,\"height\":2459,\"caption\":\"Q.G.S\"},\"image\":{\"@id\":\"https:\\\/\\\/rebornbusiness.com\\\/#\\\/schema\\\/logo\\\/image\\\/\"}}]}<\/script>\n<!-- \/ Yoast SEO plugin. -->","yoast_head_json":{"title":"Window metal curtain rod pole color customization tube for curtain - Q.G.S","robots":{"index":"index","follow":"follow","max-snippet":"max-snippet:-1","max-image-preview":"max-image-preview:large","max-video-preview":"max-video-preview:-1"},"canonical":"https:\/\/qgsgroup.com\/vi\/san-pham\/window-metal-curtain-rod-pole-color-customization-tube-for-curtain\/","og_locale":"vi_VN","og_type":"article","og_title":"Window metal curtain rod pole color customization tube for curtain - Q.G.S","og_description":"Key attributes Industry-specific attributes Design Style Modern Other attributes Place of Origin China Type Single Brand Name OEM Model Number RA-P004 Curtain Poles, Tracks &#038; Accessories Type Curtain Poles Material Metal Material Iron Color AB,AC,golden,silver,chrome,black,white,etc&#8230; Diameter 12mm,16mm,19mm,22mm,25mm,28mm Length 1m-6m customization Usage Window Curtain Home Decoration Application Window Shade Curtain Accessory Feature Eco-friendly MOQ 500pcs Style Simple Classic Brand OEM Service Packaging and delivery Packaging Details CTN,bag. Port Ningbo,Shanghai,Yantian Supply Ability Supply Ability 1000000 Piece\/Pieces per Month Customization Customized packaging Min. order:1000 Products Description MaterialIronSizeDiameter:12mm,16mm,19mm,22mm,25mm,28mmLength:1m-6m customizationColorAB,AC,golden,silver,chrome,black,white,etc&#8230;Delivery time20-40 days","og_url":"https:\/\/qgsgroup.com\/vi\/san-pham\/window-metal-curtain-rod-pole-color-customization-tube-for-curtain\/","og_site_name":"Q.G.S","article_modified_time":"2024-03-31T04:06:34+00:00","og_image":[{"width":750,"height":750,"url":"https:\/\/qgsgroup.com\/wp-content\/uploads\/aliexpress\/h91f3feb9125b4ca688bc78fbe6d05f92t.jpg","type":"image\/jpeg"}],"twitter_card":"summary_large_image","twitter_misc":{"\u01af\u1edbc t\u00ednh th\u1eddi gian \u0111\u1ecdc":"1 ph\u00fat"},"schema":{"@context":"https:\/\/schema.org","@graph":[{"@type":"WebPage","@id":"https:\/\/qgsgroup.com\/product\/window-metal-curtain-rod-pole-color-customization-tube-for-curtain\/","url":"https:\/\/qgsgroup.com\/product\/window-metal-curtain-rod-pole-color-customization-tube-for-curtain\/","name":"Window metal curtain rod pole color customization tube for curtain - Q.G.S","isPartOf":{"@id":"https:\/\/rebornbusiness.com\/#website"},"primaryImageOfPage":{"@id":"https:\/\/qgsgroup.com\/product\/window-metal-curtain-rod-pole-color-customization-tube-for-curtain\/#primaryimage"},"image":{"@id":"https:\/\/qgsgroup.com\/product\/window-metal-curtain-rod-pole-color-customization-tube-for-curtain\/#primaryimage"},"thumbnailUrl":"https:\/\/qgsgroup.com\/wp-content\/uploads\/aliexpress\/h91f3feb9125b4ca688bc78fbe6d05f92t.jpg","datePublished":"2024-03-31T04:06:29+00:00","dateModified":"2024-03-31T04:06:34+00:00","breadcrumb":{"@id":"https:\/\/qgsgroup.com\/product\/window-metal-curtain-rod-pole-color-customization-tube-for-curtain\/#breadcrumb"},"inLanguage":"vi","potentialAction":[{"@type":"ReadAction","target":["https:\/\/qgsgroup.com\/product\/window-metal-curtain-rod-pole-color-customization-tube-for-curtain\/"]}]},{"@type":"ImageObject","inLanguage":"vi","@id":"https:\/\/qgsgroup.com\/product\/window-metal-curtain-rod-pole-color-customization-tube-for-curtain\/#primaryimage","url":"https:\/\/qgsgroup.com\/wp-content\/uploads\/aliexpress\/h91f3feb9125b4ca688bc78fbe6d05f92t.jpg","contentUrl":"https:\/\/qgsgroup.com\/wp-content\/uploads\/aliexpress\/h91f3feb9125b4ca688bc78fbe6d05f92t.jpg","width":750,"height":750},{"@type":"BreadcrumbList","@id":"https:\/\/qgsgroup.com\/product\/window-metal-curtain-rod-pole-color-customization-tube-for-curtain\/#breadcrumb","itemListElement":[{"@type":"ListItem","position":1,"name":"Home","item":"https:\/\/qgsgroup.com\/"},{"@type":"ListItem","position":2,"name":"Products","item":"https:\/\/qgsgroup.com\/products\/"},{"@type":"ListItem","position":3,"name":"Window metal curtain rod pole color customization tube for curtain"}]},{"@type":"WebSite","@id":"https:\/\/rebornbusiness.com\/#website","url":"https:\/\/rebornbusiness.com\/","name":"Q.G.S","description":"Q.G.S group company","publisher":{"@id":"https:\/\/rebornbusiness.com\/#organization"},"potentialAction":[{"@type":"SearchAction","target":{"@type":"EntryPoint","urlTemplate":"https:\/\/rebornbusiness.com\/?s={search_term_string}"},"query-input":{"@type":"PropertyValueSpecification","valueRequired":true,"valueName":"search_term_string"}}],"inLanguage":"vi"},{"@type":"Organization","@id":"https:\/\/rebornbusiness.com\/#organization","name":"Q.G.S","url":"https:\/\/rebornbusiness.com\/","logo":{"@type":"ImageObject","inLanguage":"vi","@id":"https:\/\/rebornbusiness.com\/#\/schema\/logo\/image\/","url":"https:\/\/qgsgroup.com\/wp-content\/uploads\/2024\/03\/logo-electric-tools.png","contentUrl":"https:\/\/qgsgroup.com\/wp-content\/uploads\/2024\/03\/logo-electric-tools.png","width":11090,"height":2459,"caption":"Q.G.S"},"image":{"@id":"https:\/\/rebornbusiness.com\/#\/schema\/logo\/image\/"}}]}},"_links":{"self":[{"href":"https:\/\/qgsgroup.com\/vi\/wp-json\/wp\/v2\/product\/7078","targetHints":{"allow":["GET"]}}],"collection":[{"href":"https:\/\/qgsgroup.com\/vi\/wp-json\/wp\/v2\/product"}],"about":[{"href":"https:\/\/qgsgroup.com\/vi\/wp-json\/wp\/v2\/types\/product"}],"wp:featuredmedia":[{"embeddable":true,"href":"https:\/\/qgsgroup.com\/vi\/wp-json\/wp\/v2\/media\/4840"}],"wp:attachment":[{"href":"https:\/\/qgsgroup.com\/vi\/wp-json\/wp\/v2\/media?parent=7078"}],"wp:term":[{"taxonomy":"product_brand","embeddable":true,"href":"https:\/\/qgsgroup.com\/vi\/wp-json\/wp\/v2\/product_brand?post=7078"},{"taxonomy":"product_cat","embeddable":true,"href":"https:\/\/qgsgroup.com\/vi\/wp-json\/wp\/v2\/product_cat?post=7078"},{"taxonomy":"product_tag","embeddable":true,"href":"https:\/\/qgsgroup.com\/vi\/wp-json\/wp\/v2\/product_tag?post=7078"}],"curies":[{"name":"wp","href":"https:\/\/api.w.org\/{rel}","templated":true}]}}