{"id":7296,"date":"2024-03-31T04:16:10","date_gmt":"2024-03-31T04:16:10","guid":{"rendered":"https:\/\/qgsgroup.com\/products\/newest-sale-plated-magnetic-curtain-buckle-curtain-clip-curtain-holder\/"},"modified":"2024-03-31T04:16:17","modified_gmt":"2024-03-31T04:16:17","slug":"newest-sale-plated-magnetic-curtain-buckle-curtain-clip-curtain-holder","status":"publish","type":"product","link":"https:\/\/qgsgroup.com\/vi\/san-pham\/newest-sale-plated-magnetic-curtain-buckle-curtain-clip-curtain-holder\/","title":{"rendered":"M\u1edbi nh\u1ea5t b\u00e1n r\u00e8m c\u1eeda t\u1eeb t\u00ednh m\u1ea1 kh\u00f3a r\u00e8m k\u1eb9p r\u00e8m gi\u1eef r\u00e8m"},"content":{"rendered":"<div class=\"product-key-attributes\">\n<h3>Nh\u1eefng \u0111i\u1ec3m ch\u00ednh<\/h3>\n<h4>C\u00e1c thu\u1ed9c t\u00ednh kh\u00e1c<\/h4>\n<ul>\n<li><label>Ngu\u1ed3n g\u1ed1c<\/label>\n<div>Trung Qu\u1ed1c<\/div>\n<\/li>\n<li><label>Ki\u1ec3u<\/label>\n<div>C\u1ed9t r\u00e8m, \u0111\u01b0\u1eddng ray &amp; ph\u1ee5 ki\u1ec7n<\/div>\n<\/li>\n<li><label>T\u00ean th\u01b0\u01a1ng hi\u1ec7u<\/label>\n<div>OEM<\/div>\n<\/li>\n<li><label>S\u1ed1 m\u00f4 h\u00ecnh<\/label>\n<div>RQ030<\/div>\n<\/li>\n<li><label>Lo\u1ea1i c\u1ed9t r\u00e8m, \u0111\u01b0\u1eddng ray &amp; ph\u1ee5 ki\u1ec7n<\/label>\n<div>Ph\u1ee5 ki\u1ec7n r\u00e8m<\/div>\n<\/li>\n<li><label>V\u1eadt li\u1ec7u<\/label>\n<div>h\u1ee3p kim k\u1ebdm + nh\u1ef1a<\/div>\n<\/li>\n<li><label>V\u1eadt li\u1ec7u<\/label>\n<div>h\u1ee3p kim k\u1ebdm<\/div>\n<\/li>\n<li><label>M\u00e0u s\u1eafc<\/label>\n<div>v\u00e0ng\/b\u1ea1c<\/div>\n<\/li>\n<li><label>K\u00edch c\u1ee1<\/label>\n<div>64*210mm<\/div>\n<\/li>\n<li><label>Th\u1eddi gian giao h\u00e0ng<\/label>\n<div>10-15 NG\u00c0Y<\/div>\n<\/li>\n<li><label>\u1ee8ng d\u1ee5ng<\/label>\n<div>Home.office.hotel.industy<\/div>\n<\/li>\n<li><label>T\u00ednh n\u0103ng<\/label>\n<div>Th\u00e2n thi\u1ec7n v\u1edbi m\u00f4i tr\u01b0\u1eddng<\/div>\n<\/li>\n<li><label>Phong c\u00e1ch<\/label>\n<div>C\u1ed5 \u0111i\u1ec3n Ch\u00e2u \u00c2u<\/div>\n<\/li>\n<li><label>MOQ<\/label>\n<div>200 Pcs<\/div>\n<\/li>\n<li><label>H\u00ecnh d\u1ea1ng<\/label>\n<div>flower<\/div>\n<\/li>\n<li><label>T\u1eeb kh\u00f3a<\/label>\n<div>curtain holder magnetic<\/div>\n<\/li>\n<\/ul>\n<h4>\u0110\u00f3ng g\u00f3i v\u00e0 giao h\u00e0ng<\/h4>\n<ul>\n<li><label>chi ti\u1ebft \u0111\u00f3ng g\u00f3i<\/label>\n<div>m\u1ed9t chi\u1ebfc trong m\u1ed9t bao b\u00ec th\u1ebb, 200 chi\u1ebfc\/th\u00f9ng<\/div>\n<\/li>\n<li><label>H\u1ea3i c\u1ea3ng<\/label>\n<div>Ninh Ba\/Th\u01b0\u1ee3ng H\u1ea3i<\/div>\n<\/li>\n<\/ul>\n<h4>Kh\u1ea3 n\u0103ng cung c\u1ea5p<\/h4>\n<ul>\n<li><label>Kh\u1ea3 n\u0103ng cung c\u1ea5p<\/label>\n<div>100000 m\u1ea3nh \/ m\u1ea3nh m\u1ed7i th\u00e1ng<\/div>\n<\/li>\n<\/ul>\n<\/div>\n<div class=\"product-customization\">\n<h3>T\u00f9y ch\u1ec9nh<\/h3>\n<div>\n<div>\n<p>Bao b\u00ec t\u00f9y ch\u1ec9nh<\/p>\n<p><label>T\u1ed1i thi\u1ec3u. \u0111\u1eb7t h\u00e0ng:<\/label>1000<\/p>\n<\/div>\n<\/div>\n<\/div>","protected":false},"excerpt":{"rendered":"<p>Key attributes Other attributes Place of Origin China Type Curtain Poles, Tracks &#038; Accessories Brand Name OEM Model Number RQ030 Curtain Poles, Tracks &#038; Accessories Type Curtain Accessories Material zinc alloy + plastic Material zinc alloy Color gold\/silver Size 64*210mm Delivery time 10-15DAYS Application Home.office.hotel.industy Feature Eco-friendly Style European Classic MOQ 200 Pcs Shape flower Keywords curtain holder magnetic Packaging and delivery Packaging Details one pc in one card packing ,200pcs \/ctn Port NINGBO\/ SHANGHAI Supply Ability Supply Ability 100000 Piece\/Pieces per Month Customization Customized packaging Min. order:1000<\/p>","protected":false},"featured_media":7295,"template":"","meta":{"site-sidebar-layout":"default","site-content-layout":"","ast-site-content-layout":"","site-content-style":"default","site-sidebar-style":"default","ast-global-header-display":"","ast-banner-title-visibility":"","ast-main-header-display":"","ast-hfb-above-header-display":"","ast-hfb-below-header-display":"","ast-hfb-mobile-header-display":"","site-post-title":"","ast-breadcrumbs-content":"","ast-featured-img":"","footer-sml-layout":"","theme-transparent-header-meta":"","adv-header-id-meta":"","stick-header-meta":"","header-above-stick-meta":"","header-main-stick-meta":"","header-below-stick-meta":"","astra-migrate-meta-layouts":"default","ast-page-background-enabled":"default","ast-page-background-meta":{"desktop":{"background-color":"","background-image":"","background-repeat":"repeat","background-position":"center center","background-size":"auto","background-attachment":"scroll","background-type":"","background-media":"","overlay-type":"","overlay-color":"","overlay-opacity":"","overlay-gradient":""},"tablet":{"background-color":"","background-image":"","background-repeat":"repeat","background-position":"center center","background-size":"auto","background-attachment":"scroll","background-type":"","background-media":"","overlay-type":"","overlay-color":"","overlay-opacity":"","overlay-gradient":""},"mobile":{"background-color":"","background-image":"","background-repeat":"repeat","background-position":"center center","background-size":"auto","background-attachment":"scroll","background-type":"","background-media":"","overlay-type":"","overlay-color":"","overlay-opacity":"","overlay-gradient":""}},"ast-content-background-meta":{"desktop":{"background-color":"var(--ast-global-color-5)","background-image":"","background-repeat":"repeat","background-position":"center center","background-size":"auto","background-attachment":"scroll","background-type":"","background-media":"","overlay-type":"","overlay-color":"","overlay-opacity":"","overlay-gradient":""},"tablet":{"background-color":"var(--ast-global-color-5)","background-image":"","background-repeat":"repeat","background-position":"center center","background-size":"auto","background-attachment":"scroll","background-type":"","background-media":"","overlay-type":"","overlay-color":"","overlay-opacity":"","overlay-gradient":""},"mobile":{"background-color":"var(--ast-global-color-5)","background-image":"","background-repeat":"repeat","background-position":"center center","background-size":"auto","background-attachment":"scroll","background-type":"","background-media":"","overlay-type":"","overlay-color":"","overlay-opacity":"","overlay-gradient":""}}},"product_brand":[],"product_cat":[76],"product_tag":[],"class_list":{"0":"post-7296","1":"product","2":"type-product","3":"status-publish","4":"has-post-thumbnail","6":"product_cat-magnetic-curtain-clips","7":"desktop-align-left","8":"tablet-align-left","9":"mobile-align-left","11":"first","12":"instock","13":"shipping-taxable","14":"product-type-simple"},"yoast_head":"<!-- This site is optimized with the Yoast SEO plugin v27.4 - https:\/\/yoast.com\/product\/yoast-seo-wordpress\/ -->\n<title>Newest sale plated magnetic curtain buckle curtain clip curtain holder - Q.G.S<\/title>\n<meta name=\"robots\" content=\"index, follow, max-snippet:-1, max-image-preview:large, max-video-preview:-1\" \/>\n<link rel=\"canonical\" href=\"https:\/\/qgsgroup.com\/vi\/san-pham\/newest-sale-plated-magnetic-curtain-buckle-curtain-clip-curtain-holder\/\" \/>\n<meta property=\"og:locale\" content=\"vi_VN\" \/>\n<meta property=\"og:type\" content=\"article\" \/>\n<meta property=\"og:title\" content=\"Newest sale plated magnetic curtain buckle curtain clip curtain holder - Q.G.S\" \/>\n<meta property=\"og:description\" content=\"Key attributes Other attributes Place of Origin China Type Curtain Poles, Tracks &#038; Accessories Brand Name OEM Model Number RQ030 Curtain Poles, Tracks &#038; Accessories Type Curtain Accessories Material zinc alloy + plastic Material zinc alloy Color gold\/silver Size 64*210mm Delivery time 10-15DAYS Application Home.office.hotel.industy Feature Eco-friendly Style European Classic MOQ 200 Pcs Shape flower Keywords curtain holder magnetic Packaging and delivery Packaging Details one pc in one card packing ,200pcs \/ctn Port NINGBO\/ SHANGHAI Supply Ability Supply Ability 100000 Piece\/Pieces per Month Customization Customized packaging Min. order:1000\" \/>\n<meta property=\"og:url\" content=\"https:\/\/qgsgroup.com\/vi\/san-pham\/newest-sale-plated-magnetic-curtain-buckle-curtain-clip-curtain-holder\/\" \/>\n<meta property=\"og:site_name\" content=\"Q.G.S\" \/>\n<meta property=\"article:modified_time\" content=\"2024-03-31T04:16:17+00:00\" \/>\n<meta property=\"og:image\" content=\"https:\/\/qgsgroup.com\/wp-content\/uploads\/2024\/03\/htb10hu6aozxk1rjsspjq6as.pxam_.jpg\" \/>\n\t<meta property=\"og:image:width\" content=\"750\" \/>\n\t<meta property=\"og:image:height\" content=\"750\" \/>\n\t<meta property=\"og:image:type\" content=\"image\/jpeg\" \/>\n<meta name=\"twitter:card\" content=\"summary_large_image\" \/>\n<script type=\"application\/ld+json\" class=\"yoast-schema-graph\">{\"@context\":\"https:\\\/\\\/schema.org\",\"@graph\":[{\"@type\":\"WebPage\",\"@id\":\"https:\\\/\\\/qgsgroup.com\\\/product\\\/newest-sale-plated-magnetic-curtain-buckle-curtain-clip-curtain-holder\\\/\",\"url\":\"https:\\\/\\\/qgsgroup.com\\\/product\\\/newest-sale-plated-magnetic-curtain-buckle-curtain-clip-curtain-holder\\\/\",\"name\":\"Newest sale plated magnetic curtain buckle curtain clip curtain holder - Q.G.S\",\"isPartOf\":{\"@id\":\"https:\\\/\\\/rebornbusiness.com\\\/#website\"},\"primaryImageOfPage\":{\"@id\":\"https:\\\/\\\/qgsgroup.com\\\/product\\\/newest-sale-plated-magnetic-curtain-buckle-curtain-clip-curtain-holder\\\/#primaryimage\"},\"image\":{\"@id\":\"https:\\\/\\\/qgsgroup.com\\\/product\\\/newest-sale-plated-magnetic-curtain-buckle-curtain-clip-curtain-holder\\\/#primaryimage\"},\"thumbnailUrl\":\"https:\\\/\\\/qgsgroup.com\\\/wp-content\\\/uploads\\\/2024\\\/03\\\/htb10hu6aozxk1rjsspjq6as.pxam_.jpg\",\"datePublished\":\"2024-03-31T04:16:10+00:00\",\"dateModified\":\"2024-03-31T04:16:17+00:00\",\"breadcrumb\":{\"@id\":\"https:\\\/\\\/qgsgroup.com\\\/product\\\/newest-sale-plated-magnetic-curtain-buckle-curtain-clip-curtain-holder\\\/#breadcrumb\"},\"inLanguage\":\"vi\",\"potentialAction\":[{\"@type\":\"ReadAction\",\"target\":[\"https:\\\/\\\/qgsgroup.com\\\/product\\\/newest-sale-plated-magnetic-curtain-buckle-curtain-clip-curtain-holder\\\/\"]}]},{\"@type\":\"ImageObject\",\"inLanguage\":\"vi\",\"@id\":\"https:\\\/\\\/qgsgroup.com\\\/product\\\/newest-sale-plated-magnetic-curtain-buckle-curtain-clip-curtain-holder\\\/#primaryimage\",\"url\":\"https:\\\/\\\/qgsgroup.com\\\/wp-content\\\/uploads\\\/2024\\\/03\\\/htb10hu6aozxk1rjsspjq6as.pxam_.jpg\",\"contentUrl\":\"https:\\\/\\\/qgsgroup.com\\\/wp-content\\\/uploads\\\/2024\\\/03\\\/htb10hu6aozxk1rjsspjq6as.pxam_.jpg\",\"width\":750,\"height\":750},{\"@type\":\"BreadcrumbList\",\"@id\":\"https:\\\/\\\/qgsgroup.com\\\/product\\\/newest-sale-plated-magnetic-curtain-buckle-curtain-clip-curtain-holder\\\/#breadcrumb\",\"itemListElement\":[{\"@type\":\"ListItem\",\"position\":1,\"name\":\"Home\",\"item\":\"https:\\\/\\\/qgsgroup.com\\\/\"},{\"@type\":\"ListItem\",\"position\":2,\"name\":\"Products\",\"item\":\"https:\\\/\\\/qgsgroup.com\\\/products\\\/\"},{\"@type\":\"ListItem\",\"position\":3,\"name\":\"Newest sale plated magnetic curtain buckle curtain clip curtain holder\"}]},{\"@type\":\"WebSite\",\"@id\":\"https:\\\/\\\/rebornbusiness.com\\\/#website\",\"url\":\"https:\\\/\\\/rebornbusiness.com\\\/\",\"name\":\"Q.G.S\",\"description\":\"Q.G.S group company\",\"publisher\":{\"@id\":\"https:\\\/\\\/rebornbusiness.com\\\/#organization\"},\"potentialAction\":[{\"@type\":\"SearchAction\",\"target\":{\"@type\":\"EntryPoint\",\"urlTemplate\":\"https:\\\/\\\/rebornbusiness.com\\\/?s={search_term_string}\"},\"query-input\":{\"@type\":\"PropertyValueSpecification\",\"valueRequired\":true,\"valueName\":\"search_term_string\"}}],\"inLanguage\":\"vi\"},{\"@type\":\"Organization\",\"@id\":\"https:\\\/\\\/rebornbusiness.com\\\/#organization\",\"name\":\"Q.G.S\",\"url\":\"https:\\\/\\\/rebornbusiness.com\\\/\",\"logo\":{\"@type\":\"ImageObject\",\"inLanguage\":\"vi\",\"@id\":\"https:\\\/\\\/rebornbusiness.com\\\/#\\\/schema\\\/logo\\\/image\\\/\",\"url\":\"https:\\\/\\\/qgsgroup.com\\\/wp-content\\\/uploads\\\/2024\\\/03\\\/logo-electric-tools.png\",\"contentUrl\":\"https:\\\/\\\/qgsgroup.com\\\/wp-content\\\/uploads\\\/2024\\\/03\\\/logo-electric-tools.png\",\"width\":11090,\"height\":2459,\"caption\":\"Q.G.S\"},\"image\":{\"@id\":\"https:\\\/\\\/rebornbusiness.com\\\/#\\\/schema\\\/logo\\\/image\\\/\"}}]}<\/script>\n<!-- \/ Yoast SEO plugin. -->","yoast_head_json":{"title":"Newest sale plated magnetic curtain buckle curtain clip curtain holder - Q.G.S","robots":{"index":"index","follow":"follow","max-snippet":"max-snippet:-1","max-image-preview":"max-image-preview:large","max-video-preview":"max-video-preview:-1"},"canonical":"https:\/\/qgsgroup.com\/vi\/san-pham\/newest-sale-plated-magnetic-curtain-buckle-curtain-clip-curtain-holder\/","og_locale":"vi_VN","og_type":"article","og_title":"Newest sale plated magnetic curtain buckle curtain clip curtain holder - Q.G.S","og_description":"Key attributes Other attributes Place of Origin China Type Curtain Poles, Tracks &#038; Accessories Brand Name OEM Model Number RQ030 Curtain Poles, Tracks &#038; Accessories Type Curtain Accessories Material zinc alloy + plastic Material zinc alloy Color gold\/silver Size 64*210mm Delivery time 10-15DAYS Application Home.office.hotel.industy Feature Eco-friendly Style European Classic MOQ 200 Pcs Shape flower Keywords curtain holder magnetic Packaging and delivery Packaging Details one pc in one card packing ,200pcs \/ctn Port NINGBO\/ SHANGHAI Supply Ability Supply Ability 100000 Piece\/Pieces per Month Customization Customized packaging Min. order:1000","og_url":"https:\/\/qgsgroup.com\/vi\/san-pham\/newest-sale-plated-magnetic-curtain-buckle-curtain-clip-curtain-holder\/","og_site_name":"Q.G.S","article_modified_time":"2024-03-31T04:16:17+00:00","og_image":[{"width":750,"height":750,"url":"https:\/\/qgsgroup.com\/wp-content\/uploads\/2024\/03\/htb10hu6aozxk1rjsspjq6as.pxam_.jpg","type":"image\/jpeg"}],"twitter_card":"summary_large_image","schema":{"@context":"https:\/\/schema.org","@graph":[{"@type":"WebPage","@id":"https:\/\/qgsgroup.com\/product\/newest-sale-plated-magnetic-curtain-buckle-curtain-clip-curtain-holder\/","url":"https:\/\/qgsgroup.com\/product\/newest-sale-plated-magnetic-curtain-buckle-curtain-clip-curtain-holder\/","name":"Newest sale plated magnetic curtain buckle curtain clip curtain holder - Q.G.S","isPartOf":{"@id":"https:\/\/rebornbusiness.com\/#website"},"primaryImageOfPage":{"@id":"https:\/\/qgsgroup.com\/product\/newest-sale-plated-magnetic-curtain-buckle-curtain-clip-curtain-holder\/#primaryimage"},"image":{"@id":"https:\/\/qgsgroup.com\/product\/newest-sale-plated-magnetic-curtain-buckle-curtain-clip-curtain-holder\/#primaryimage"},"thumbnailUrl":"https:\/\/qgsgroup.com\/wp-content\/uploads\/2024\/03\/htb10hu6aozxk1rjsspjq6as.pxam_.jpg","datePublished":"2024-03-31T04:16:10+00:00","dateModified":"2024-03-31T04:16:17+00:00","breadcrumb":{"@id":"https:\/\/qgsgroup.com\/product\/newest-sale-plated-magnetic-curtain-buckle-curtain-clip-curtain-holder\/#breadcrumb"},"inLanguage":"vi","potentialAction":[{"@type":"ReadAction","target":["https:\/\/qgsgroup.com\/product\/newest-sale-plated-magnetic-curtain-buckle-curtain-clip-curtain-holder\/"]}]},{"@type":"ImageObject","inLanguage":"vi","@id":"https:\/\/qgsgroup.com\/product\/newest-sale-plated-magnetic-curtain-buckle-curtain-clip-curtain-holder\/#primaryimage","url":"https:\/\/qgsgroup.com\/wp-content\/uploads\/2024\/03\/htb10hu6aozxk1rjsspjq6as.pxam_.jpg","contentUrl":"https:\/\/qgsgroup.com\/wp-content\/uploads\/2024\/03\/htb10hu6aozxk1rjsspjq6as.pxam_.jpg","width":750,"height":750},{"@type":"BreadcrumbList","@id":"https:\/\/qgsgroup.com\/product\/newest-sale-plated-magnetic-curtain-buckle-curtain-clip-curtain-holder\/#breadcrumb","itemListElement":[{"@type":"ListItem","position":1,"name":"Home","item":"https:\/\/qgsgroup.com\/"},{"@type":"ListItem","position":2,"name":"Products","item":"https:\/\/qgsgroup.com\/products\/"},{"@type":"ListItem","position":3,"name":"Newest sale plated magnetic curtain buckle curtain clip curtain holder"}]},{"@type":"WebSite","@id":"https:\/\/rebornbusiness.com\/#website","url":"https:\/\/rebornbusiness.com\/","name":"Q.G.S","description":"Q.G.S group company","publisher":{"@id":"https:\/\/rebornbusiness.com\/#organization"},"potentialAction":[{"@type":"SearchAction","target":{"@type":"EntryPoint","urlTemplate":"https:\/\/rebornbusiness.com\/?s={search_term_string}"},"query-input":{"@type":"PropertyValueSpecification","valueRequired":true,"valueName":"search_term_string"}}],"inLanguage":"vi"},{"@type":"Organization","@id":"https:\/\/rebornbusiness.com\/#organization","name":"Q.G.S","url":"https:\/\/rebornbusiness.com\/","logo":{"@type":"ImageObject","inLanguage":"vi","@id":"https:\/\/rebornbusiness.com\/#\/schema\/logo\/image\/","url":"https:\/\/qgsgroup.com\/wp-content\/uploads\/2024\/03\/logo-electric-tools.png","contentUrl":"https:\/\/qgsgroup.com\/wp-content\/uploads\/2024\/03\/logo-electric-tools.png","width":11090,"height":2459,"caption":"Q.G.S"},"image":{"@id":"https:\/\/rebornbusiness.com\/#\/schema\/logo\/image\/"}}]}},"_links":{"self":[{"href":"https:\/\/qgsgroup.com\/vi\/wp-json\/wp\/v2\/product\/7296","targetHints":{"allow":["GET"]}}],"collection":[{"href":"https:\/\/qgsgroup.com\/vi\/wp-json\/wp\/v2\/product"}],"about":[{"href":"https:\/\/qgsgroup.com\/vi\/wp-json\/wp\/v2\/types\/product"}],"wp:featuredmedia":[{"embeddable":true,"href":"https:\/\/qgsgroup.com\/vi\/wp-json\/wp\/v2\/media\/7295"}],"wp:attachment":[{"href":"https:\/\/qgsgroup.com\/vi\/wp-json\/wp\/v2\/media?parent=7296"}],"wp:term":[{"taxonomy":"product_brand","embeddable":true,"href":"https:\/\/qgsgroup.com\/vi\/wp-json\/wp\/v2\/product_brand?post=7296"},{"taxonomy":"product_cat","embeddable":true,"href":"https:\/\/qgsgroup.com\/vi\/wp-json\/wp\/v2\/product_cat?post=7296"},{"taxonomy":"product_tag","embeddable":true,"href":"https:\/\/qgsgroup.com\/vi\/wp-json\/wp\/v2\/product_tag?post=7296"}],"curies":[{"name":"wp","href":"https:\/\/api.w.org\/{rel}","templated":true}]}}