{"id":7554,"date":"2024-03-31T05:05:02","date_gmt":"2024-03-31T05:05:02","guid":{"rendered":"https:\/\/qgsgroup.com\/products\/factory-price-curtain-rod-accessories-plastic-china-window-cheap-curtain-finials-new-design\/"},"modified":"2024-03-31T05:05:07","modified_gmt":"2024-03-31T05:05:07","slug":"factory-price-curtain-rod-accessories-plastic-china-window-cheap-curtain-finials-new-design","status":"publish","type":"product","link":"https:\/\/qgsgroup.com\/vi\/san-pham\/factory-price-curtain-rod-accessories-plastic-china-window-cheap-curtain-finials-new-design\/","title":{"rendered":"Factory Price curtain rod Accessories Plastic China Window cheap curtain finials new design"},"content":{"rendered":"<div class=\"product-key-attributes\">\n<h3>Nh\u1eefng \u0111i\u1ec3m ch\u00ednh<\/h3>\n<h4>Thu\u1ed9c t\u00ednh c\u1ee5 th\u1ec3 c\u1ee7a ng\u00e0nh<\/h4>\n<ul>\n<li><label>Phong c\u00e1ch thi\u1ebft k\u1ebf<\/label>\n<div>kh\u00e1c<\/div>\n<\/li>\n<\/ul>\n<h4>C\u00e1c thu\u1ed9c t\u00ednh kh\u00e1c<\/h4>\n<ul>\n<li><label>Ngu\u1ed3n g\u1ed1c<\/label>\n<div>Chi\u1ebft Giang, Trung Qu\u1ed1c<\/div>\n<\/li>\n<li><label>Ki\u1ec3u<\/label>\n<div>\u0110\u01a1n<\/div>\n<\/li>\n<li><label>T\u00ean th\u01b0\u01a1ng hi\u1ec7u<\/label>\n<div>OEM<\/div>\n<\/li>\n<li><label>S\u1ed1 m\u00f4 h\u00ecnh<\/label>\n<div>RQ023<\/div>\n<\/li>\n<li><label>Lo\u1ea1i c\u1ed9t r\u00e8m, \u0111\u01b0\u1eddng ray &amp; ph\u1ee5 ki\u1ec7n<\/label>\n<div>Ph\u1ee5 ki\u1ec7n r\u00e8m<\/div>\n<\/li>\n<li><label>V\u1eadt li\u1ec7u<\/label>\n<div>h\u1ee3p kim k\u1ebdm + nh\u1ef1a<\/div>\n<\/li>\n<li><label>V\u1eadt li\u1ec7u<\/label>\n<div>h\u1ee3p kim k\u1ebdm<\/div>\n<\/li>\n<li><label>M\u00e0u s\u1eafc<\/label>\n<div>v\u00e0ng\/b\u1ea1c<\/div>\n<\/li>\n<li><label>K\u00edch c\u1ee1<\/label>\n<div>64*210mm<\/div>\n<\/li>\n<li><label>Th\u1eddi gian giao h\u00e0ng<\/label>\n<div>10-15 NG\u00c0Y<\/div>\n<\/li>\n<\/ul>\n<h4>\u0110\u00f3ng g\u00f3i v\u00e0 giao h\u00e0ng<\/h4>\n<ul>\n<li><label>chi ti\u1ebft \u0111\u00f3ng g\u00f3i<\/label>\n<div>m\u1ed9t chi\u1ebfc trong m\u1ed9t bao b\u00ec th\u1ebb, 200 chi\u1ebfc\/th\u00f9ng<\/div>\n<\/li>\n<li><label>H\u1ea3i c\u1ea3ng<\/label>\n<div>Ninh Ba\/Th\u01b0\u1ee3ng H\u1ea3i<\/div>\n<\/li>\n<\/ul>\n<h4>Kh\u1ea3 n\u0103ng cung c\u1ea5p<\/h4>\n<ul>\n<li><label>Kh\u1ea3 n\u0103ng cung c\u1ea5p<\/label>\n<div>100000 m\u1ea3nh \/ m\u1ea3nh m\u1ed7i th\u00e1ng<\/div>\n<\/li>\n<\/ul>\n<\/div>\n<p><p><a href=\"https:\/\/reven.en.alibaba.com\/?spm=a2700.7756200.1998619056.7.3b2b71d2TtIY4B\" target=\"_blank\" rel=\"noopener\"><img src=\"https:\/\/qgsgroup.com\/wp-content\/uploads\/aliexpress\/htb1g6fvcpgwbunjy0fbq6z4sxxac.jpg\" data-width=\"750\" ori-width=\"750\" ori-height=\"400\"\/><\/a><\/p><br \/>\n<p>&nbsp;<\/p><br \/>\n<p><img src=\"https:\/\/qgsgroup.com\/wp-content\/uploads\/aliexpress\/htb1mbyqcrsybunjsspfq6azcpxas.jpg\" ori-width=\"750\" ori-height=\"45\"\/><\/p><br \/>\n<table class=\"aliDataTable\" style=\"box-sizing: content-box; margin: 0px; padding: 0px; font-style: normal; font-weight: normal; font-size: 14px; line-height: inherit; border-collapse: collapse; color: #333333; text-align: left; background-color: #ffffff; width: auto; word-wrap: break-word;\"><br \/>\n<tbody><br \/>\n<tr style=\"box-sizing: content-box; margin: 0px; padding: 0px; font-style: inherit; font-weight: inherit; font-size: inherit; line-height: inherit;\"><br \/>\n<td style=\"box-sizing: content-box; margin: 0px; padding: 1px; font-style: inherit; font-weight: 400; font-size: inherit; line-height: inherit; float: none !important; color: #000000; border: 1px solid #cccccc; background-color: #dae2ed;\"><br \/>\n<div style=\"box-sizing: content-box; margin: 0px; padding: 5px 10px; border: 0px; font-style: inherit; font-weight: inherit; font-size: inherit; line-height: inherit; vertical-align: baseline; width: 165px; height: auto; overflow: hidden;\"><strong>V\u1eadt li\u1ec7u<\/strong><\/div><br \/>\n<\/td><br \/>\n<td style=\"box-sizing: content-box; margin: 0px; padding: 1px; font-style: inherit; font-weight: 400; font-size: inherit; line-height: inherit; float: none !important; color: #000000; border: 1px solid #cccccc;\" colspan=\"3\"><br \/>\n<div style=\"box-sizing: content-box; margin: 0px; padding: 5px 10px; border: 0px; font-style: inherit; font-weight: inherit; font-size: inherit; line-height: inherit; vertical-align: baseline; width: 539px; height: auto; overflow: hidden;\">h\u1ee3p kim k\u1ebdm<\/div><br \/>\n<\/td><br \/>\n<\/tr><br \/>\n<tr style=\"box-sizing: content-box; margin: 0px; padding: 0px; font-style: inherit; font-weight: inherit; font-size: inherit; line-height: inherit;\"><br \/>\n<td style=\"box-sizing: content-box; margin: 0px; padding: 1px; font-style: inherit; font-weight: 400; font-size: inherit; line-height: inherit; float: none !important; color: #000000; border: 1px solid #cccccc; background-color: #dae2ed;\"><br \/>\n<div style=\"box-sizing: content-box; margin: 0px; padding: 5px 10px; border: 0px; font-style: inherit; font-weight: inherit; font-size: inherit; line-height: inherit; vertical-align: baseline; width: 165px; height: auto; overflow: hidden;\"><strong>K\u00edch c\u1ee1<\/strong><\/div><br \/>\n<\/td><br \/>\n<td style=\"box-sizing: content-box; margin: 0px; padding: 1px; font-style: inherit; font-weight: 400; font-size: inherit; line-height: inherit; float: none !important; color: #000000; border: 1px solid #cccccc;\" colspan=\"3\"><br \/>\n<div style=\"box-sizing: content-box; margin: 0px; padding: 5px 10px; border: 0px; font-style: inherit; font-weight: inherit; font-size: inherit; line-height: inherit; vertical-align: baseline; width: 539px; height: auto; overflow: hidden;\">64*210mm<\/div><br \/>\n<\/td><br \/>\n<\/tr><br \/>\n<tr style=\"box-sizing: content-box; margin: 0px; padding: 0px; font-style: inherit; font-weight: inherit; font-size: inherit; line-height: inherit;\"><br \/>\n<td style=\"box-sizing: content-box; margin: 0px; padding: 1px; font-style: inherit; font-weight: 400; font-size: inherit; line-height: inherit; float: none !important; color: #000000; border: 1px solid #cccccc; background-color: #dae2ed;\"><br \/>\n<div style=\"box-sizing: content-box; margin: 0px; padding: 5px 10px; border: 0px; font-style: inherit; font-weight: inherit; font-size: inherit; line-height: inherit; vertical-align: baseline; width: 165px; height: auto; overflow: hidden;\"><strong>M\u00e0u s\u1eafc<\/strong><\/div><br \/>\n<\/td><br \/>\n<td style=\"box-sizing: content-box; margin: 0px; padding: 1px; font-style: inherit; font-weight: 400; font-size: inherit; line-height: inherit; float: none !important; color: #000000; border: 1px solid #cccccc;\" colspan=\"3\"><br \/>\n<div style=\"box-sizing: content-box; margin: 0px; padding: 5px 10px; border: 0px; font-style: inherit; font-weight: inherit; font-size: inherit; line-height: inherit; vertical-align: baseline; width: 539px; height: auto; overflow: hidden;\">gold<\/div><br \/>\n<\/td><br \/>\n<\/tr><br \/>\n<tr style=\"box-sizing: content-box; margin: 0px; padding: 0px; font-style: inherit; font-weight: inherit; font-size: inherit; line-height: inherit;\"><br \/>\n<td style=\"box-sizing: content-box; margin: 0px; padding: 1px; font-style: inherit; font-weight: 400; font-size: inherit; line-height: inherit; float: none !important; color: #000000; border: 1px solid #cccccc; background-color: #dae2ed;\"><br \/>\n<div style=\"box-sizing: content-box; margin: 0px; padding: 5px 10px; border: 0px; font-style: inherit; font-weight: inherit; font-size: inherit; line-height: inherit; vertical-align: baseline; width: 165px; height: auto; overflow: hidden;\"><strong>MOQ<\/strong><\/div><br \/>\n<\/td><br \/>\n<td style=\"box-sizing: content-box; margin: 0px; padding: 1px; font-style: inherit; font-weight: 400; font-size: inherit; line-height: inherit; float: none !important; color: #000000; border: 1px solid #cccccc;\" colspan=\"3\"><br \/>\n<div style=\"box-sizing: content-box; margin: 0px; padding: 5px 10px; border: 0px; font-style: inherit; font-weight: inherit; font-size: inherit; line-height: inherit; vertical-align: baseline; width: 539px; height: auto; overflow: hidden;\">200&nbsp;pcs<\/div><br \/>\n<\/td><br \/>\n<\/tr><br \/>\n<tr style=\"box-sizing: content-box; margin: 0px; padding: 0px; font-style: inherit; font-weight: inherit; font-size: inherit; line-height: inherit;\"><br \/>\n<td style=\"box-sizing: content-box; margin: 0px; padding: 1px; font-style: inherit; font-weight: 400; font-size: inherit; line-height: inherit; float: none !important; color: #000000; border: 1px solid #cccccc; background-color: #dae2ed;\"><br \/>\n<div style=\"box-sizing: content-box; margin: 0px; padding: 5px 10px; border: 0px; font-style: inherit; font-weight: inherit; font-size: inherit; line-height: inherit; vertical-align: baseline; width: 165px; height: auto; overflow: hidden;\"><strong>B\u01b0u ki\u1ec7n<\/strong><\/div><br \/>\n<\/td><br \/>\n<td style=\"box-sizing: content-box; margin: 0px; padding: 1px; font-style: inherit; font-weight: 400; font-size: inherit; line-height: inherit; float: none !important; color: #000000; border: 1px solid #cccccc;\" colspan=\"3\"><br \/>\n<div style=\"box-sizing: content-box; margin: 0px; padding: 5px 10px; border: 0px; font-style: inherit; font-weight: inherit; font-size: inherit; line-height: inherit; vertical-align: baseline; width: 539px; height: auto; overflow: hidden;\">m\u1ed9t chi\u1ebfc trong m\u1ed9t bao b\u00ec th\u1ebb, 200 chi\u1ebfc\/th\u00f9ng<\/div><br \/>\n<\/td><br \/>\n<\/tr><br \/>\n<tr style=\"box-sizing: content-box; margin: 0px; padding: 0px; font-style: inherit; font-weight: inherit; font-size: inherit; line-height: inherit;\"><br \/>\n<td style=\"box-sizing: content-box; margin: 0px; padding: 1px; font-style: inherit; font-weight: 400; font-size: inherit; line-height: inherit; float: none !important; color: #000000; border: 1px solid #cccccc; background-color: #dae2ed;\"><br \/>\n<div style=\"box-sizing: content-box; margin: 0px; padding: 5px 10px; border: 0px; font-style: inherit; font-weight: inherit; font-size: inherit; line-height: inherit; vertical-align: baseline; width: 165px; height: auto; overflow: hidden;\"><strong>Th\u1eddi gian giao h\u00e0ng<\/strong><\/div><br \/>\n<\/td><br \/>\n<td style=\"box-sizing: content-box; margin: 0px; padding: 1px; font-style: inherit; font-weight: 400; font-size: inherit; line-height: inherit; float: none !important; color: #000000; border: 1px solid #cccccc;\" colspan=\"3\"><br \/>\n<div style=\"box-sizing: content-box; margin: 0px; padding: 5px 10px; border: 0px; font-style: inherit; font-weight: inherit; font-size: inherit; line-height: inherit; vertical-align: baseline; width: 539px; height: auto; overflow: hidden;\">10-15 NG\u00c0Y<\/div><br \/>\n<\/td><br \/>\n<\/tr><br \/>\n<\/tbody><br \/>\n<\/table><br \/>\n<p><img src=\"https:\/\/qgsgroup.com\/wp-content\/uploads\/aliexpress\/htb1cq7eknmwbknjszfbq6xxufxaf.jpg\" ori-width=\"750\" ori-height=\"40\"\/><\/p><br \/>\n<p><img src=\"https:\/\/qgsgroup.com\/wp-content\/uploads\/aliexpress\/htb1hmeuak6sk1rjssrbq6xbdxxau.jpg\" data-alt=\"Factory Price curtain rod Accessories Plastic China Window cheap curtain finials new design\" ori-width=\"750\" ori-height=\"750\"\/><img src=\"https:\/\/qgsgroup.com\/wp-content\/uploads\/aliexpress\/htb1qmquak6sk1rjssrbq6xbdxxal.jpg\" data-alt=\"Factory Price curtain rod Accessories Plastic China Window cheap curtain finials new design\" ori-width=\"750\" ori-height=\"750\"\/><\/p><\/p>","protected":false},"excerpt":{"rendered":"<p>Key attributes Industry-specific attributes Design Style other Other attributes Place of Origin Zhejiang, China Type Single Brand Name OEM Model Number RQ023 Curtain Poles, Tracks &#038; Accessories Type Curtain Accessories Material zinc alloy + plastic Material zinc alloy Color gold\/silver Size 64*210mm Delivery time 10-15DAYS Packaging and delivery Packaging Details one pc in one card packing ,200pcs \/ctn Port NINGBO\/ SHANGHAI Supply Ability Supply Ability 100000 Piece\/Pieces per Month &nbsp; Material zinc alloy Size 64*210mm Color gold MOQ 200&nbsp;pcs Package one pc in one card packing ,200pcs \/ctn Delivery time 10-15DAYS<\/p>","protected":false},"featured_media":4794,"template":"","meta":{"site-sidebar-layout":"default","site-content-layout":"","ast-site-content-layout":"","site-content-style":"default","site-sidebar-style":"default","ast-global-header-display":"","ast-banner-title-visibility":"","ast-main-header-display":"","ast-hfb-above-header-display":"","ast-hfb-below-header-display":"","ast-hfb-mobile-header-display":"","site-post-title":"","ast-breadcrumbs-content":"","ast-featured-img":"","footer-sml-layout":"","theme-transparent-header-meta":"","adv-header-id-meta":"","stick-header-meta":"","header-above-stick-meta":"","header-main-stick-meta":"","header-below-stick-meta":"","astra-migrate-meta-layouts":"default","ast-page-background-enabled":"default","ast-page-background-meta":{"desktop":{"background-color":"","background-image":"","background-repeat":"repeat","background-position":"center center","background-size":"auto","background-attachment":"scroll","background-type":"","background-media":"","overlay-type":"","overlay-color":"","overlay-opacity":"","overlay-gradient":""},"tablet":{"background-color":"","background-image":"","background-repeat":"repeat","background-position":"center center","background-size":"auto","background-attachment":"scroll","background-type":"","background-media":"","overlay-type":"","overlay-color":"","overlay-opacity":"","overlay-gradient":""},"mobile":{"background-color":"","background-image":"","background-repeat":"repeat","background-position":"center center","background-size":"auto","background-attachment":"scroll","background-type":"","background-media":"","overlay-type":"","overlay-color":"","overlay-opacity":"","overlay-gradient":""}},"ast-content-background-meta":{"desktop":{"background-color":"var(--ast-global-color-5)","background-image":"","background-repeat":"repeat","background-position":"center center","background-size":"auto","background-attachment":"scroll","background-type":"","background-media":"","overlay-type":"","overlay-color":"","overlay-opacity":"","overlay-gradient":""},"tablet":{"background-color":"var(--ast-global-color-5)","background-image":"","background-repeat":"repeat","background-position":"center center","background-size":"auto","background-attachment":"scroll","background-type":"","background-media":"","overlay-type":"","overlay-color":"","overlay-opacity":"","overlay-gradient":""},"mobile":{"background-color":"var(--ast-global-color-5)","background-image":"","background-repeat":"repeat","background-position":"center center","background-size":"auto","background-attachment":"scroll","background-type":"","background-media":"","overlay-type":"","overlay-color":"","overlay-opacity":"","overlay-gradient":""}}},"product_brand":[],"product_cat":[76],"product_tag":[],"class_list":{"0":"post-7554","1":"product","2":"type-product","3":"status-publish","4":"has-post-thumbnail","6":"product_cat-magnetic-curtain-clips","7":"desktop-align-left","8":"tablet-align-left","9":"mobile-align-left","11":"first","12":"instock","13":"shipping-taxable","14":"product-type-simple"},"yoast_head":"<!-- This site is optimized with the Yoast SEO plugin v27.4 - https:\/\/yoast.com\/product\/yoast-seo-wordpress\/ -->\n<title>Factory Price curtain rod Accessories Plastic China Window cheap curtain finials new design - Q.G.S<\/title>\n<meta name=\"robots\" content=\"index, follow, max-snippet:-1, max-image-preview:large, max-video-preview:-1\" \/>\n<link rel=\"canonical\" href=\"https:\/\/qgsgroup.com\/vi\/san-pham\/factory-price-curtain-rod-accessories-plastic-china-window-cheap-curtain-finials-new-design\/\" \/>\n<meta property=\"og:locale\" content=\"vi_VN\" \/>\n<meta property=\"og:type\" content=\"article\" \/>\n<meta property=\"og:title\" content=\"Factory Price curtain rod Accessories Plastic China Window cheap curtain finials new design - Q.G.S\" \/>\n<meta property=\"og:description\" content=\"Key attributes Industry-specific attributes Design Style other Other attributes Place of Origin Zhejiang, China Type Single Brand Name OEM Model Number RQ023 Curtain Poles, Tracks &#038; Accessories Type Curtain Accessories Material zinc alloy + plastic Material zinc alloy Color gold\/silver Size 64*210mm Delivery time 10-15DAYS Packaging and delivery Packaging Details one pc in one card packing ,200pcs \/ctn Port NINGBO\/ SHANGHAI Supply Ability Supply Ability 100000 Piece\/Pieces per Month &nbsp; Material zinc alloy Size 64*210mm Color gold MOQ 200&nbsp;pcs Package one pc in one card packing ,200pcs \/ctn Delivery time 10-15DAYS\" \/>\n<meta property=\"og:url\" content=\"https:\/\/qgsgroup.com\/vi\/san-pham\/factory-price-curtain-rod-accessories-plastic-china-window-cheap-curtain-finials-new-design\/\" \/>\n<meta property=\"og:site_name\" content=\"Q.G.S\" \/>\n<meta property=\"article:modified_time\" content=\"2024-03-31T05:05:07+00:00\" \/>\n<meta property=\"og:image\" content=\"https:\/\/qgsgroup.com\/wp-content\/uploads\/aliexpress\/h8f2442a56b504312af38e67004e74470h.png\" \/>\n\t<meta property=\"og:image:width\" content=\"750\" \/>\n\t<meta property=\"og:image:height\" content=\"750\" \/>\n\t<meta property=\"og:image:type\" content=\"image\/jpeg\" \/>\n<meta name=\"twitter:card\" content=\"summary_large_image\" \/>\n<script type=\"application\/ld+json\" class=\"yoast-schema-graph\">{\"@context\":\"https:\\\/\\\/schema.org\",\"@graph\":[{\"@type\":\"WebPage\",\"@id\":\"https:\\\/\\\/qgsgroup.com\\\/product\\\/factory-price-curtain-rod-accessories-plastic-china-window-cheap-curtain-finials-new-design\\\/\",\"url\":\"https:\\\/\\\/qgsgroup.com\\\/product\\\/factory-price-curtain-rod-accessories-plastic-china-window-cheap-curtain-finials-new-design\\\/\",\"name\":\"Factory Price curtain rod Accessories Plastic China Window cheap curtain finials new design - Q.G.S\",\"isPartOf\":{\"@id\":\"https:\\\/\\\/rebornbusiness.com\\\/#website\"},\"primaryImageOfPage\":{\"@id\":\"https:\\\/\\\/qgsgroup.com\\\/product\\\/factory-price-curtain-rod-accessories-plastic-china-window-cheap-curtain-finials-new-design\\\/#primaryimage\"},\"image\":{\"@id\":\"https:\\\/\\\/qgsgroup.com\\\/product\\\/factory-price-curtain-rod-accessories-plastic-china-window-cheap-curtain-finials-new-design\\\/#primaryimage\"},\"thumbnailUrl\":\"https:\\\/\\\/qgsgroup.com\\\/wp-content\\\/uploads\\\/aliexpress\\\/h8f2442a56b504312af38e67004e74470h.png\",\"datePublished\":\"2024-03-31T05:05:02+00:00\",\"dateModified\":\"2024-03-31T05:05:07+00:00\",\"breadcrumb\":{\"@id\":\"https:\\\/\\\/qgsgroup.com\\\/product\\\/factory-price-curtain-rod-accessories-plastic-china-window-cheap-curtain-finials-new-design\\\/#breadcrumb\"},\"inLanguage\":\"vi\",\"potentialAction\":[{\"@type\":\"ReadAction\",\"target\":[\"https:\\\/\\\/qgsgroup.com\\\/product\\\/factory-price-curtain-rod-accessories-plastic-china-window-cheap-curtain-finials-new-design\\\/\"]}]},{\"@type\":\"ImageObject\",\"inLanguage\":\"vi\",\"@id\":\"https:\\\/\\\/qgsgroup.com\\\/product\\\/factory-price-curtain-rod-accessories-plastic-china-window-cheap-curtain-finials-new-design\\\/#primaryimage\",\"url\":\"https:\\\/\\\/qgsgroup.com\\\/wp-content\\\/uploads\\\/aliexpress\\\/h8f2442a56b504312af38e67004e74470h.png\",\"contentUrl\":\"https:\\\/\\\/qgsgroup.com\\\/wp-content\\\/uploads\\\/aliexpress\\\/h8f2442a56b504312af38e67004e74470h.png\",\"width\":750,\"height\":750},{\"@type\":\"BreadcrumbList\",\"@id\":\"https:\\\/\\\/qgsgroup.com\\\/product\\\/factory-price-curtain-rod-accessories-plastic-china-window-cheap-curtain-finials-new-design\\\/#breadcrumb\",\"itemListElement\":[{\"@type\":\"ListItem\",\"position\":1,\"name\":\"Home\",\"item\":\"https:\\\/\\\/qgsgroup.com\\\/\"},{\"@type\":\"ListItem\",\"position\":2,\"name\":\"Products\",\"item\":\"https:\\\/\\\/qgsgroup.com\\\/products\\\/\"},{\"@type\":\"ListItem\",\"position\":3,\"name\":\"Factory Price curtain rod Accessories Plastic China Window cheap curtain finials new design\"}]},{\"@type\":\"WebSite\",\"@id\":\"https:\\\/\\\/rebornbusiness.com\\\/#website\",\"url\":\"https:\\\/\\\/rebornbusiness.com\\\/\",\"name\":\"Q.G.S\",\"description\":\"Q.G.S group company\",\"publisher\":{\"@id\":\"https:\\\/\\\/rebornbusiness.com\\\/#organization\"},\"potentialAction\":[{\"@type\":\"SearchAction\",\"target\":{\"@type\":\"EntryPoint\",\"urlTemplate\":\"https:\\\/\\\/rebornbusiness.com\\\/?s={search_term_string}\"},\"query-input\":{\"@type\":\"PropertyValueSpecification\",\"valueRequired\":true,\"valueName\":\"search_term_string\"}}],\"inLanguage\":\"vi\"},{\"@type\":\"Organization\",\"@id\":\"https:\\\/\\\/rebornbusiness.com\\\/#organization\",\"name\":\"Q.G.S\",\"url\":\"https:\\\/\\\/rebornbusiness.com\\\/\",\"logo\":{\"@type\":\"ImageObject\",\"inLanguage\":\"vi\",\"@id\":\"https:\\\/\\\/rebornbusiness.com\\\/#\\\/schema\\\/logo\\\/image\\\/\",\"url\":\"https:\\\/\\\/qgsgroup.com\\\/wp-content\\\/uploads\\\/2024\\\/03\\\/logo-electric-tools.png\",\"contentUrl\":\"https:\\\/\\\/qgsgroup.com\\\/wp-content\\\/uploads\\\/2024\\\/03\\\/logo-electric-tools.png\",\"width\":11090,\"height\":2459,\"caption\":\"Q.G.S\"},\"image\":{\"@id\":\"https:\\\/\\\/rebornbusiness.com\\\/#\\\/schema\\\/logo\\\/image\\\/\"}}]}<\/script>\n<!-- \/ Yoast SEO plugin. -->","yoast_head_json":{"title":"Factory Price curtain rod Accessories Plastic China Window cheap curtain finials new design - Q.G.S","robots":{"index":"index","follow":"follow","max-snippet":"max-snippet:-1","max-image-preview":"max-image-preview:large","max-video-preview":"max-video-preview:-1"},"canonical":"https:\/\/qgsgroup.com\/vi\/san-pham\/factory-price-curtain-rod-accessories-plastic-china-window-cheap-curtain-finials-new-design\/","og_locale":"vi_VN","og_type":"article","og_title":"Factory Price curtain rod Accessories Plastic China Window cheap curtain finials new design - Q.G.S","og_description":"Key attributes Industry-specific attributes Design Style other Other attributes Place of Origin Zhejiang, China Type Single Brand Name OEM Model Number RQ023 Curtain Poles, Tracks &#038; Accessories Type Curtain Accessories Material zinc alloy + plastic Material zinc alloy Color gold\/silver Size 64*210mm Delivery time 10-15DAYS Packaging and delivery Packaging Details one pc in one card packing ,200pcs \/ctn Port NINGBO\/ SHANGHAI Supply Ability Supply Ability 100000 Piece\/Pieces per Month &nbsp; Material zinc alloy Size 64*210mm Color gold MOQ 200&nbsp;pcs Package one pc in one card packing ,200pcs \/ctn Delivery time 10-15DAYS","og_url":"https:\/\/qgsgroup.com\/vi\/san-pham\/factory-price-curtain-rod-accessories-plastic-china-window-cheap-curtain-finials-new-design\/","og_site_name":"Q.G.S","article_modified_time":"2024-03-31T05:05:07+00:00","og_image":[{"width":750,"height":750,"url":"https:\/\/qgsgroup.com\/wp-content\/uploads\/aliexpress\/h8f2442a56b504312af38e67004e74470h.png","type":"image\/jpeg"}],"twitter_card":"summary_large_image","schema":{"@context":"https:\/\/schema.org","@graph":[{"@type":"WebPage","@id":"https:\/\/qgsgroup.com\/product\/factory-price-curtain-rod-accessories-plastic-china-window-cheap-curtain-finials-new-design\/","url":"https:\/\/qgsgroup.com\/product\/factory-price-curtain-rod-accessories-plastic-china-window-cheap-curtain-finials-new-design\/","name":"Factory Price curtain rod Accessories Plastic China Window cheap curtain finials new design - Q.G.S","isPartOf":{"@id":"https:\/\/rebornbusiness.com\/#website"},"primaryImageOfPage":{"@id":"https:\/\/qgsgroup.com\/product\/factory-price-curtain-rod-accessories-plastic-china-window-cheap-curtain-finials-new-design\/#primaryimage"},"image":{"@id":"https:\/\/qgsgroup.com\/product\/factory-price-curtain-rod-accessories-plastic-china-window-cheap-curtain-finials-new-design\/#primaryimage"},"thumbnailUrl":"https:\/\/qgsgroup.com\/wp-content\/uploads\/aliexpress\/h8f2442a56b504312af38e67004e74470h.png","datePublished":"2024-03-31T05:05:02+00:00","dateModified":"2024-03-31T05:05:07+00:00","breadcrumb":{"@id":"https:\/\/qgsgroup.com\/product\/factory-price-curtain-rod-accessories-plastic-china-window-cheap-curtain-finials-new-design\/#breadcrumb"},"inLanguage":"vi","potentialAction":[{"@type":"ReadAction","target":["https:\/\/qgsgroup.com\/product\/factory-price-curtain-rod-accessories-plastic-china-window-cheap-curtain-finials-new-design\/"]}]},{"@type":"ImageObject","inLanguage":"vi","@id":"https:\/\/qgsgroup.com\/product\/factory-price-curtain-rod-accessories-plastic-china-window-cheap-curtain-finials-new-design\/#primaryimage","url":"https:\/\/qgsgroup.com\/wp-content\/uploads\/aliexpress\/h8f2442a56b504312af38e67004e74470h.png","contentUrl":"https:\/\/qgsgroup.com\/wp-content\/uploads\/aliexpress\/h8f2442a56b504312af38e67004e74470h.png","width":750,"height":750},{"@type":"BreadcrumbList","@id":"https:\/\/qgsgroup.com\/product\/factory-price-curtain-rod-accessories-plastic-china-window-cheap-curtain-finials-new-design\/#breadcrumb","itemListElement":[{"@type":"ListItem","position":1,"name":"Home","item":"https:\/\/qgsgroup.com\/"},{"@type":"ListItem","position":2,"name":"Products","item":"https:\/\/qgsgroup.com\/products\/"},{"@type":"ListItem","position":3,"name":"Factory Price curtain rod Accessories Plastic China Window cheap curtain finials new design"}]},{"@type":"WebSite","@id":"https:\/\/rebornbusiness.com\/#website","url":"https:\/\/rebornbusiness.com\/","name":"Q.G.S","description":"Q.G.S group company","publisher":{"@id":"https:\/\/rebornbusiness.com\/#organization"},"potentialAction":[{"@type":"SearchAction","target":{"@type":"EntryPoint","urlTemplate":"https:\/\/rebornbusiness.com\/?s={search_term_string}"},"query-input":{"@type":"PropertyValueSpecification","valueRequired":true,"valueName":"search_term_string"}}],"inLanguage":"vi"},{"@type":"Organization","@id":"https:\/\/rebornbusiness.com\/#organization","name":"Q.G.S","url":"https:\/\/rebornbusiness.com\/","logo":{"@type":"ImageObject","inLanguage":"vi","@id":"https:\/\/rebornbusiness.com\/#\/schema\/logo\/image\/","url":"https:\/\/qgsgroup.com\/wp-content\/uploads\/2024\/03\/logo-electric-tools.png","contentUrl":"https:\/\/qgsgroup.com\/wp-content\/uploads\/2024\/03\/logo-electric-tools.png","width":11090,"height":2459,"caption":"Q.G.S"},"image":{"@id":"https:\/\/rebornbusiness.com\/#\/schema\/logo\/image\/"}}]}},"_links":{"self":[{"href":"https:\/\/qgsgroup.com\/vi\/wp-json\/wp\/v2\/product\/7554","targetHints":{"allow":["GET"]}}],"collection":[{"href":"https:\/\/qgsgroup.com\/vi\/wp-json\/wp\/v2\/product"}],"about":[{"href":"https:\/\/qgsgroup.com\/vi\/wp-json\/wp\/v2\/types\/product"}],"wp:featuredmedia":[{"embeddable":true,"href":"https:\/\/qgsgroup.com\/vi\/wp-json\/wp\/v2\/media\/4794"}],"wp:attachment":[{"href":"https:\/\/qgsgroup.com\/vi\/wp-json\/wp\/v2\/media?parent=7554"}],"wp:term":[{"taxonomy":"product_brand","embeddable":true,"href":"https:\/\/qgsgroup.com\/vi\/wp-json\/wp\/v2\/product_brand?post=7554"},{"taxonomy":"product_cat","embeddable":true,"href":"https:\/\/qgsgroup.com\/vi\/wp-json\/wp\/v2\/product_cat?post=7554"},{"taxonomy":"product_tag","embeddable":true,"href":"https:\/\/qgsgroup.com\/vi\/wp-json\/wp\/v2\/product_tag?post=7554"}],"curies":[{"name":"wp","href":"https:\/\/api.w.org\/{rel}","templated":true}]}}