{"id":7732,"date":"2024-03-31T05:56:22","date_gmt":"2024-03-31T05:56:22","guid":{"rendered":"https:\/\/qgsgroup.com\/products\/customized-best-quality-curtain-accessories-plastic-ring-curtain-eyelet-for-hotel-homes-window\/"},"modified":"2024-03-31T05:56:26","modified_gmt":"2024-03-31T05:56:26","slug":"customized-best-quality-curtain-accessories-plastic-ring-curtain-eyelet-for-hotel-homes-window","status":"publish","type":"product","link":"https:\/\/qgsgroup.com\/vi\/san-pham\/customized-best-quality-curtain-accessories-plastic-ring-curtain-eyelet-for-hotel-homes-window\/","title":{"rendered":"Customized Best Quality Curtain Accessories Plastic Ring Curtain Eyelet for Hotel Homes Window"},"content":{"rendered":"<div class=\"product-key-attributes\">\n<h3>Nh\u1eefng \u0111i\u1ec3m ch\u00ednh<\/h3>\n<h4>Thu\u1ed9c t\u00ednh c\u1ee5 th\u1ec3 c\u1ee7a ng\u00e0nh<\/h4>\n<ul>\n<li><label>Phong c\u00e1ch thi\u1ebft k\u1ebf<\/label>\n<div>kh\u00e1c<\/div>\n<\/li>\n<\/ul>\n<h4>C\u00e1c thu\u1ed9c t\u00ednh kh\u00e1c<\/h4>\n<ul>\n<li><label>Ngu\u1ed3n g\u1ed1c<\/label>\n<div>Chi\u1ebft Giang, Trung Qu\u1ed1c<\/div>\n<\/li>\n<li><label>Ki\u1ec3u<\/label>\n<div>\u0110\u01a1n<\/div>\n<\/li>\n<li><label>T\u00ean th\u01b0\u01a1ng hi\u1ec7u<\/label>\n<div>V\u00f2ng l\u1ed7 g\u1eafn r\u00e8m<\/div>\n<\/li>\n<li><label>S\u1ed1 m\u00f4 h\u00ecnh<\/label>\n<div>RR035<\/div>\n<\/li>\n<li><label>Lo\u1ea1i c\u1ed9t r\u00e8m, \u0111\u01b0\u1eddng ray &amp; ph\u1ee5 ki\u1ec7n<\/label>\n<div>Ph\u1ee5 ki\u1ec7n r\u00e8m<\/div>\n<\/li>\n<li><label>V\u1eadt li\u1ec7u<\/label>\n<div>Nh\u1ef1a<\/div>\n<\/li>\n<li><label>Ki\u1ec3u<\/label>\n<div>C\u1ed9t r\u00e8m, \u0111\u01b0\u1eddng ray &amp; ph\u1ee5 ki\u1ec7n<\/div>\n<\/li>\n<li><label>T\u00ean<\/label>\n<div>V\u00f2ng khoen r\u00e8m b\u1eb1ng nh\u1ef1a<\/div>\n<\/li>\n<li><label>M\u00e0u s\u1eafc<\/label>\n<div>V\u00e0ng\/B\u1ea1c\/C\u00e0 ph\u00ea\/T\u00edm\/Tr\u1eafng\/\u0110en ho\u1eb7c t\u00f9y ch\u1ec9nh<\/div>\n<\/li>\n<li><label>S\u1eed d\u1ee5ng chung<\/label>\n<div>r\u00e8m c\u1eeda s\u1ed5<\/div>\n<\/li>\n<li><label>\u0110\u01b0\u1eddng k\u00ednh ngo\u00e0i<\/label>\n<div>75mm<\/div>\n<\/li>\n<li><label>\u0110\u01b0\u1eddng k\u00ednh trong<\/label>\n<div>42mm<\/div>\n<\/li>\n<li><label>Chi\u1ec1u cao<\/label>\n<div>13mm<\/div>\n<\/li>\n<li><label>t\u00ean s\u1ea3n ph\u1ea9m<\/label>\n<div>RR035<\/div>\n<\/li>\n<li><label>C\u00e1ch s\u1eed d\u1ee5ng<\/label>\n<div>Ph\u1ee5 ki\u1ec7n Curtian<\/div>\n<\/li>\n<\/ul>\n<h4>\u0110\u00f3ng g\u00f3i v\u00e0 giao h\u00e0ng<\/h4>\n<ul>\n<li><label>chi ti\u1ebft \u0111\u00f3ng g\u00f3i<\/label>\n<div>1 c\u00e1i\/polybag 50 c\u00e1i\/h\u1ed9p 40 h\u1ed9p\/ctn<\/div>\n<\/li>\n<\/ul>\n<h4>Kh\u1ea3 n\u0103ng cung c\u1ea5p<\/h4>\n<ul>\n<li><label>Kh\u1ea3 n\u0103ng cung c\u1ea5p<\/label>\n<div>200000 m\u1ea3nh\/m\u1ea3nh m\u1ed7i ng\u00e0y<\/div>\n<\/li>\n<\/ul>\n<\/div>\n<div class=\"product-customization\">\n<h3>T\u00f9y ch\u1ec9nh<\/h3>\n<div>\n<div>\n<p>m\u00e0u s\u1eafc<\/p>\n<p><label>T\u1ed1i thi\u1ec3u. \u0111\u1eb7t h\u00e0ng:<\/label>2000<\/p>\n<\/div>\n<\/div>\n<\/div>\n<p><div data-magic-global=\"%7B%22bizId%22%3A3210435406%2C%22pageId%22%3A21361445405%2C%22siteId%22%3A5005373107%7D\" id=\"detail_decorate_root\"><br \/>\n      <div module-id=\"37405062037\" module-title=\"detailSingleImage\" render=\"true\" class=\"J_module\"><div class=\"icbu-pc-images magic-0\"><div><div class=\"flex-layout-v\"><div class=\"flex-layout-h magic-0\"><div class=\"magic-1\"><img src=\"https:\/\/qgsgroup.com\/wp-content\/uploads\/aliexpress\/h5175047b0a0e4ad7a22e9513ef1a33acm.jpg\" usemap=\"#7-23-8de-491a\" class=\"magic-2\"\/><\/div><\/div><\/div><\/div><\/div><\/div><\/p>\n<p>      <div module-id=\"37405062038\" module-title=\"detailProductNavigation\" render=\"true\" class=\"J_module\"><div id=\"ali-anchor-AliMagic-slh10w\" data-section=\"AliMagic-slh10w\" data-section-title=\"Products Description\" class=\"magic-3\">M\u00f4 t\u1ea3 s\u1ea3n ph\u1ea9m<\/div><\/div><\/p>\n<p>      <div module-id=\"37405062039\" module-title=\"detailTableNoTitle\" render=\"true\" class=\"J_module\"><div class=\"ife-detail-decorate-table\"><table class=\"all magic-4\"><tbody><tr><td colspan=\"1\" rowspan=\"1\"><div class=\"magic-5\">Lo\u1ea1i s\u1ea3n ph\u1ea9m<\/div><\/td><td colspan=\"3\" rowspan=\"1\"><div class=\"magic-6\">V\u00f2ng l\u1ed7 r\u00e8m c\u1eeda<\/div><\/td><\/tr><tr><td colspan=\"1\" rowspan=\"1\"><div class=\"magic-5\">V\u1eadt li\u1ec7u<\/div><\/td><td colspan=\"3\" rowspan=\"1\"><div class=\"magic-6\">Nh\u1ef1a, ABS<\/div><\/td><\/tr><tr><td colspan=\"1\" rowspan=\"1\"><div class=\"magic-5\">S\u1eed d\u1ee5ng chung<\/div><\/td><td colspan=\"3\" rowspan=\"1\"><div class=\"magic-6\">R\u00e8m c\u1eeda s\u1ed5<\/div><\/td><\/tr><tr><td colspan=\"1\" rowspan=\"1\"><div class=\"magic-5\">H\u00ecnh d\u1ea1ng<\/div><\/td><td colspan=\"3\" rowspan=\"1\"><div class=\"magic-6\">Tr\u00f2n<\/div><\/td><\/tr><tr><td colspan=\"1\" rowspan=\"1\"><div class=\"magic-5\">\u0110\u01b0\u1eddng k\u00ednh ngo\u00e0i<\/div><\/td><td colspan=\"3\" rowspan=\"1\"><div class=\"magic-6\">75mm<\/div><\/td><\/tr><tr><td colspan=\"1\" rowspan=\"1\"><div class=\"magic-5\">\u0110\u01b0\u1eddng k\u00ednh trong<\/div><\/td><td colspan=\"3\" rowspan=\"1\"><div class=\"magic-6\">42mm<\/div><\/td><\/tr><tr><td colspan=\"1\" rowspan=\"1\"><div class=\"magic-5\">Chi\u1ec1u cao<\/div><\/td><td colspan=\"3\" rowspan=\"1\"><div class=\"magic-6\">13mm<\/div><\/td><\/tr><\/tbody><\/table><\/div><\/div><\/p>\n<p>      <div module-id=\"37405062040\" module-title=\"detailTableNoTitle\" render=\"true\" class=\"J_module\"><div class=\"ife-detail-decorate-table\"><table class=\"all magic-4\"><tbody><tr><td colspan=\"2\" rowspan=\"1\"><div class=\"magic-10\"><div class=\"magic-11\"><b class=\"magic-12\">\u0110i\u1ec1u kho\u1ea3n thanh to\u00e1n v\u00e0 v\u1eadn chuy\u1ec3n: FOB<\/b><\/div><\/div><\/td><\/tr><tr><td colspan=\"1\" rowspan=\"1\"><div class=\"magic-14\"> S\u1ed1 l\u01b0\u1ee3ng \u0111\u1eb7t h\u00e0ng t\u1ed1i thi\u1ec3u<\/div><\/td><td colspan=\"1\" rowspan=\"1\"><div class=\"magic-15\">2000 CHI\u1ebeC<\/div><\/td><\/tr><tr><td colspan=\"1\" rowspan=\"1\"><div class=\"magic-14\"> H\u1ea3i c\u1ea3ng<\/div><\/td><td colspan=\"1\" rowspan=\"1\"><div class=\"magic-15\">Ninh Ba\/Th\u01b0\u1ee3ng H\u1ea3i<\/div><\/td><\/tr><tr><td colspan=\"1\" rowspan=\"1\"><div class=\"magic-14\"> chi ti\u1ebft \u0111\u00f3ng g\u00f3i<\/div><\/td><td colspan=\"1\" rowspan=\"1\"><div class=\"magic-15\">1pcs\/polybag, 50pcs\/box, 40box\/ctn<\/div><\/td><\/tr><tr><td colspan=\"1\" rowspan=\"1\"><div class=\"magic-14\"> Th\u1eddi gian giao h\u00e0ng<\/div><\/td><td colspan=\"1\" rowspan=\"1\"><div class=\"magic-15\">15 ng\u00e0y<\/div><\/td><\/tr><\/tbody><\/table><\/div><\/div><\/p>\n<p>      <div module-id=\"37405062041\" module-title=\"detailManyImage\" render=\"true\" class=\"J_module\"><div class=\"icbu-pc-detailManyImage magic-16\"><div class=\"magic-17\"><img src=\"https:\/\/qgsgroup.com\/wp-content\/uploads\/aliexpress\/htb1wdvkkf9tbunjy1zbq6xpepxad.jpg\" class=\"magic-18\"\/><\/div><div class=\"magic-17\"><img src=\"https:\/\/qgsgroup.com\/wp-content\/uploads\/aliexpress\/h486a282fd31048b69d2b615a10b8a9c8p.jpg\" class=\"magic-18\"\/><\/div><div class=\"magic-17\"><img src=\"https:\/\/qgsgroup.com\/wp-content\/uploads\/aliexpress\/h49bb9bfd72324080983e76965edfef7fv.jpg\" class=\"magic-18\"\/><\/div><div class=\"magic-17\"><img src=\"https:\/\/qgsgroup.com\/wp-content\/uploads\/aliexpress\/hdda638cdf2c644fc8178a7df6394286ec.jpg\" class=\"magic-18\"\/><\/div><div class=\"magic-17\"><img src=\"https:\/\/qgsgroup.com\/wp-content\/uploads\/aliexpress\/heda04ee5a8b346ef80a4179247d3a7e3r.jpg\" class=\"magic-18\"\/><\/div><div class=\"magic-17\"><img src=\"https:\/\/qgsgroup.com\/wp-content\/uploads\/aliexpress\/h5cbc8508635b4c4c84fd69dff65f824bj.jpg\" class=\"magic-18\"\/><\/div><div class=\"magic-17\"><img src=\"https:\/\/qgsgroup.com\/wp-content\/uploads\/aliexpress\/h4652a87f4c0f4d60a549fcd3e5d806e3b.jpg\" class=\"magic-18\"\/><\/div><div class=\"magic-17\"><img src=\"https:\/\/qgsgroup.com\/wp-content\/uploads\/aliexpress\/htb1fagxsvimbknjszflq6a43fxae.jpg\" class=\"magic-18\"\/><\/div><\/div><\/div><\/p>\n<p>      <div module-id=\"37405062042\" module-title=\"detailSingleImage\" render=\"true\" class=\"J_module\"><div class=\"icbu-pc-images magic-0\"><div><div class=\"flex-layout-v\"><div class=\"flex-layout-h magic-0\"><div class=\"magic-19\"><img src=\"https:\/\/qgsgroup.com\/wp-content\/uploads\/aliexpress\/hea1474d1449e48738f187618f545d275w.jpg\" class=\"magic-20\"\/><\/div><\/div><\/div><\/div><\/div><\/div><\/p>\n<p>      <div module-id=\"37405062043\" module-title=\"detailSingleImage\" render=\"true\" class=\"J_module\"><div class=\"icbu-pc-images magic-0\"><div><div class=\"flex-layout-v\"><div class=\"flex-layout-h magic-0\"><div class=\"magic-21\"><img src=\"https:\/\/qgsgroup.com\/wp-content\/uploads\/aliexpress\/h7980e415ddab43d7918a50f6d1e84b88s.jpg\" class=\"magic-22\"\/><\/div><\/div><\/div><\/div><\/div><\/div><\/p>\n<p><\/DIV><\/p>","protected":false},"excerpt":{"rendered":"<p>Key attributes Industry-specific attributes Design Style other Other attributes Place of Origin Zhejiang, China Type Single Brand Name Curtain eyelet rings Model Number RR035 Curtain Poles, Tracks &#038; Accessories Type Curtain Accessories Material Plastic Type Curtain Poles, Tracks &#038; Accessories Name Plastic curtain eyelet rings Color Gold\/ Silver\/ Coffee\/ Purple\/White\/ Black or as Customization General Use window curtains External diameter 75mm Inner diameter 42mm Height 13mm Product Name RR035 Usage Curtian Accessories Packaging and delivery Packaging Details 1pcs\/polybag 50pcs\/box 40box\/ctn Supply Ability Supply Ability 200000 Piece\/Pieces per Day Customization color Min. order:2000 Products Description Product TypeCurtain Eyelet RingMaterialPlastic, ABSGeneral UseWindow CurtainsShapeRoundExternal diameter75mmInner diameter42mmHeight13mm Payment &amp; Shipping Terms: FOB Minimum Order Quantity2000PCS PortNingbo\/ Shanghai Packaging Details1pcs\/polybag, 50pcs\/box, 40box\/ctn Delivery Time15days<\/p>","protected":false},"featured_media":4507,"template":"","meta":{"site-sidebar-layout":"default","site-content-layout":"","ast-site-content-layout":"","site-content-style":"default","site-sidebar-style":"default","ast-global-header-display":"","ast-banner-title-visibility":"","ast-main-header-display":"","ast-hfb-above-header-display":"","ast-hfb-below-header-display":"","ast-hfb-mobile-header-display":"","site-post-title":"","ast-breadcrumbs-content":"","ast-featured-img":"","footer-sml-layout":"","theme-transparent-header-meta":"","adv-header-id-meta":"","stick-header-meta":"","header-above-stick-meta":"","header-main-stick-meta":"","header-below-stick-meta":"","astra-migrate-meta-layouts":"default","ast-page-background-enabled":"default","ast-page-background-meta":{"desktop":{"background-color":"","background-image":"","background-repeat":"repeat","background-position":"center center","background-size":"auto","background-attachment":"scroll","background-type":"","background-media":"","overlay-type":"","overlay-color":"","overlay-opacity":"","overlay-gradient":""},"tablet":{"background-color":"","background-image":"","background-repeat":"repeat","background-position":"center center","background-size":"auto","background-attachment":"scroll","background-type":"","background-media":"","overlay-type":"","overlay-color":"","overlay-opacity":"","overlay-gradient":""},"mobile":{"background-color":"","background-image":"","background-repeat":"repeat","background-position":"center center","background-size":"auto","background-attachment":"scroll","background-type":"","background-media":"","overlay-type":"","overlay-color":"","overlay-opacity":"","overlay-gradient":""}},"ast-content-background-meta":{"desktop":{"background-color":"var(--ast-global-color-5)","background-image":"","background-repeat":"repeat","background-position":"center center","background-size":"auto","background-attachment":"scroll","background-type":"","background-media":"","overlay-type":"","overlay-color":"","overlay-opacity":"","overlay-gradient":""},"tablet":{"background-color":"var(--ast-global-color-5)","background-image":"","background-repeat":"repeat","background-position":"center center","background-size":"auto","background-attachment":"scroll","background-type":"","background-media":"","overlay-type":"","overlay-color":"","overlay-opacity":"","overlay-gradient":""},"mobile":{"background-color":"var(--ast-global-color-5)","background-image":"","background-repeat":"repeat","background-position":"center center","background-size":"auto","background-attachment":"scroll","background-type":"","background-media":"","overlay-type":"","overlay-color":"","overlay-opacity":"","overlay-gradient":""}}},"product_brand":[],"product_cat":[90],"product_tag":[],"class_list":{"0":"post-7732","1":"product","2":"type-product","3":"status-publish","4":"has-post-thumbnail","6":"product_cat-curtain-eyelet-rings","7":"desktop-align-left","8":"tablet-align-left","9":"mobile-align-left","11":"first","12":"instock","13":"shipping-taxable","14":"product-type-simple"},"yoast_head":"<!-- This site is optimized with the Yoast SEO plugin v27.6 - https:\/\/yoast.com\/product\/yoast-seo-wordpress\/ -->\n<title>Customized Best Quality Curtain Accessories Plastic Ring Curtain Eyelet for Hotel Homes Window - Q.G.S<\/title>\n<meta name=\"robots\" content=\"index, follow, max-snippet:-1, max-image-preview:large, max-video-preview:-1\" \/>\n<link rel=\"canonical\" href=\"https:\/\/qgsgroup.com\/vi\/san-pham\/customized-best-quality-curtain-accessories-plastic-ring-curtain-eyelet-for-hotel-homes-window\/\" \/>\n<meta property=\"og:locale\" content=\"vi_VN\" \/>\n<meta property=\"og:type\" content=\"article\" \/>\n<meta property=\"og:title\" content=\"Customized Best Quality Curtain Accessories Plastic Ring Curtain Eyelet for Hotel Homes Window - Q.G.S\" \/>\n<meta property=\"og:description\" content=\"Key attributes Industry-specific attributes Design Style other Other attributes Place of Origin Zhejiang, China Type Single Brand Name Curtain eyelet rings Model Number RR035 Curtain Poles, Tracks &#038; Accessories Type Curtain Accessories Material Plastic Type Curtain Poles, Tracks &#038; Accessories Name Plastic curtain eyelet rings Color Gold\/ Silver\/ Coffee\/ Purple\/White\/ Black or as Customization General Use window curtains External diameter 75mm Inner diameter 42mm Height 13mm Product Name RR035 Usage Curtian Accessories Packaging and delivery Packaging Details 1pcs\/polybag 50pcs\/box 40box\/ctn Supply Ability Supply Ability 200000 Piece\/Pieces per Day Customization color Min. order:2000 Products Description Product TypeCurtain Eyelet RingMaterialPlastic, ABSGeneral UseWindow CurtainsShapeRoundExternal diameter75mmInner diameter42mmHeight13mm Payment &amp; Shipping Terms: FOB Minimum Order Quantity2000PCS PortNingbo\/ Shanghai Packaging Details1pcs\/polybag, 50pcs\/box, 40box\/ctn Delivery Time15days\" \/>\n<meta property=\"og:url\" content=\"https:\/\/qgsgroup.com\/vi\/san-pham\/customized-best-quality-curtain-accessories-plastic-ring-curtain-eyelet-for-hotel-homes-window\/\" \/>\n<meta property=\"og:site_name\" content=\"Q.G.S\" \/>\n<meta property=\"article:modified_time\" content=\"2024-03-31T05:56:26+00:00\" \/>\n<meta property=\"og:image\" content=\"https:\/\/qgsgroup.com\/wp-content\/uploads\/aliexpress\/h7d6f3861dbe6493ea29363a7bb7b6123a.jpg\" \/>\n\t<meta property=\"og:image:width\" content=\"750\" \/>\n\t<meta property=\"og:image:height\" content=\"750\" \/>\n\t<meta property=\"og:image:type\" content=\"image\/jpeg\" \/>\n<meta name=\"twitter:card\" content=\"summary_large_image\" \/>\n<meta name=\"twitter:label1\" content=\"\u01af\u1edbc t\u00ednh th\u1eddi gian \u0111\u1ecdc\" \/>\n\t<meta name=\"twitter:data1\" content=\"1 ph\u00fat\" \/>\n<script type=\"application\/ld+json\" class=\"yoast-schema-graph\">{\"@context\":\"https:\\\/\\\/schema.org\",\"@graph\":[{\"@type\":\"WebPage\",\"@id\":\"https:\\\/\\\/qgsgroup.com\\\/product\\\/customized-best-quality-curtain-accessories-plastic-ring-curtain-eyelet-for-hotel-homes-window\\\/\",\"url\":\"https:\\\/\\\/qgsgroup.com\\\/product\\\/customized-best-quality-curtain-accessories-plastic-ring-curtain-eyelet-for-hotel-homes-window\\\/\",\"name\":\"Customized Best Quality Curtain Accessories Plastic Ring Curtain Eyelet for Hotel Homes Window - Q.G.S\",\"isPartOf\":{\"@id\":\"https:\\\/\\\/rebornbusiness.com\\\/#website\"},\"primaryImageOfPage\":{\"@id\":\"https:\\\/\\\/qgsgroup.com\\\/product\\\/customized-best-quality-curtain-accessories-plastic-ring-curtain-eyelet-for-hotel-homes-window\\\/#primaryimage\"},\"image\":{\"@id\":\"https:\\\/\\\/qgsgroup.com\\\/product\\\/customized-best-quality-curtain-accessories-plastic-ring-curtain-eyelet-for-hotel-homes-window\\\/#primaryimage\"},\"thumbnailUrl\":\"https:\\\/\\\/qgsgroup.com\\\/wp-content\\\/uploads\\\/aliexpress\\\/h7d6f3861dbe6493ea29363a7bb7b6123a.jpg\",\"datePublished\":\"2024-03-31T05:56:22+00:00\",\"dateModified\":\"2024-03-31T05:56:26+00:00\",\"breadcrumb\":{\"@id\":\"https:\\\/\\\/qgsgroup.com\\\/product\\\/customized-best-quality-curtain-accessories-plastic-ring-curtain-eyelet-for-hotel-homes-window\\\/#breadcrumb\"},\"inLanguage\":\"vi\",\"potentialAction\":[{\"@type\":\"ReadAction\",\"target\":[\"https:\\\/\\\/qgsgroup.com\\\/product\\\/customized-best-quality-curtain-accessories-plastic-ring-curtain-eyelet-for-hotel-homes-window\\\/\"]}]},{\"@type\":\"ImageObject\",\"inLanguage\":\"vi\",\"@id\":\"https:\\\/\\\/qgsgroup.com\\\/product\\\/customized-best-quality-curtain-accessories-plastic-ring-curtain-eyelet-for-hotel-homes-window\\\/#primaryimage\",\"url\":\"https:\\\/\\\/qgsgroup.com\\\/wp-content\\\/uploads\\\/aliexpress\\\/h7d6f3861dbe6493ea29363a7bb7b6123a.jpg\",\"contentUrl\":\"https:\\\/\\\/qgsgroup.com\\\/wp-content\\\/uploads\\\/aliexpress\\\/h7d6f3861dbe6493ea29363a7bb7b6123a.jpg\",\"width\":750,\"height\":750},{\"@type\":\"BreadcrumbList\",\"@id\":\"https:\\\/\\\/qgsgroup.com\\\/product\\\/customized-best-quality-curtain-accessories-plastic-ring-curtain-eyelet-for-hotel-homes-window\\\/#breadcrumb\",\"itemListElement\":[{\"@type\":\"ListItem\",\"position\":1,\"name\":\"Home\",\"item\":\"https:\\\/\\\/qgsgroup.com\\\/\"},{\"@type\":\"ListItem\",\"position\":2,\"name\":\"Products\",\"item\":\"https:\\\/\\\/qgsgroup.com\\\/products\\\/\"},{\"@type\":\"ListItem\",\"position\":3,\"name\":\"Customized Best Quality Curtain Accessories Plastic Ring Curtain Eyelet for Hotel Homes Window\"}]},{\"@type\":\"WebSite\",\"@id\":\"https:\\\/\\\/rebornbusiness.com\\\/#website\",\"url\":\"https:\\\/\\\/rebornbusiness.com\\\/\",\"name\":\"Q.G.S\",\"description\":\"Q.G.S group company\",\"publisher\":{\"@id\":\"https:\\\/\\\/rebornbusiness.com\\\/#organization\"},\"potentialAction\":[{\"@type\":\"SearchAction\",\"target\":{\"@type\":\"EntryPoint\",\"urlTemplate\":\"https:\\\/\\\/rebornbusiness.com\\\/?s={search_term_string}\"},\"query-input\":{\"@type\":\"PropertyValueSpecification\",\"valueRequired\":true,\"valueName\":\"search_term_string\"}}],\"inLanguage\":\"vi\"},{\"@type\":\"Organization\",\"@id\":\"https:\\\/\\\/rebornbusiness.com\\\/#organization\",\"name\":\"Q.G.S\",\"url\":\"https:\\\/\\\/rebornbusiness.com\\\/\",\"logo\":{\"@type\":\"ImageObject\",\"inLanguage\":\"vi\",\"@id\":\"https:\\\/\\\/rebornbusiness.com\\\/#\\\/schema\\\/logo\\\/image\\\/\",\"url\":\"https:\\\/\\\/qgsgroup.com\\\/wp-content\\\/uploads\\\/2024\\\/03\\\/logo-electric-tools.png\",\"contentUrl\":\"https:\\\/\\\/qgsgroup.com\\\/wp-content\\\/uploads\\\/2024\\\/03\\\/logo-electric-tools.png\",\"width\":11090,\"height\":2459,\"caption\":\"Q.G.S\"},\"image\":{\"@id\":\"https:\\\/\\\/rebornbusiness.com\\\/#\\\/schema\\\/logo\\\/image\\\/\"}}]}<\/script>\n<!-- \/ Yoast SEO plugin. -->","yoast_head_json":{"title":"Customized Best Quality Curtain Accessories Plastic Ring Curtain Eyelet for Hotel Homes Window - Q.G.S","robots":{"index":"index","follow":"follow","max-snippet":"max-snippet:-1","max-image-preview":"max-image-preview:large","max-video-preview":"max-video-preview:-1"},"canonical":"https:\/\/qgsgroup.com\/vi\/san-pham\/customized-best-quality-curtain-accessories-plastic-ring-curtain-eyelet-for-hotel-homes-window\/","og_locale":"vi_VN","og_type":"article","og_title":"Customized Best Quality Curtain Accessories Plastic Ring Curtain Eyelet for Hotel Homes Window - Q.G.S","og_description":"Key attributes Industry-specific attributes Design Style other Other attributes Place of Origin Zhejiang, China Type Single Brand Name Curtain eyelet rings Model Number RR035 Curtain Poles, Tracks &#038; Accessories Type Curtain Accessories Material Plastic Type Curtain Poles, Tracks &#038; Accessories Name Plastic curtain eyelet rings Color Gold\/ Silver\/ Coffee\/ Purple\/White\/ Black or as Customization General Use window curtains External diameter 75mm Inner diameter 42mm Height 13mm Product Name RR035 Usage Curtian Accessories Packaging and delivery Packaging Details 1pcs\/polybag 50pcs\/box 40box\/ctn Supply Ability Supply Ability 200000 Piece\/Pieces per Day Customization color Min. order:2000 Products Description Product TypeCurtain Eyelet RingMaterialPlastic, ABSGeneral UseWindow CurtainsShapeRoundExternal diameter75mmInner diameter42mmHeight13mm Payment &amp; Shipping Terms: FOB Minimum Order Quantity2000PCS PortNingbo\/ Shanghai Packaging Details1pcs\/polybag, 50pcs\/box, 40box\/ctn Delivery Time15days","og_url":"https:\/\/qgsgroup.com\/vi\/san-pham\/customized-best-quality-curtain-accessories-plastic-ring-curtain-eyelet-for-hotel-homes-window\/","og_site_name":"Q.G.S","article_modified_time":"2024-03-31T05:56:26+00:00","og_image":[{"width":750,"height":750,"url":"https:\/\/qgsgroup.com\/wp-content\/uploads\/aliexpress\/h7d6f3861dbe6493ea29363a7bb7b6123a.jpg","type":"image\/jpeg"}],"twitter_card":"summary_large_image","twitter_misc":{"\u01af\u1edbc t\u00ednh th\u1eddi gian \u0111\u1ecdc":"1 ph\u00fat"},"schema":{"@context":"https:\/\/schema.org","@graph":[{"@type":"WebPage","@id":"https:\/\/qgsgroup.com\/product\/customized-best-quality-curtain-accessories-plastic-ring-curtain-eyelet-for-hotel-homes-window\/","url":"https:\/\/qgsgroup.com\/product\/customized-best-quality-curtain-accessories-plastic-ring-curtain-eyelet-for-hotel-homes-window\/","name":"Customized Best Quality Curtain Accessories Plastic Ring Curtain Eyelet for Hotel Homes Window - Q.G.S","isPartOf":{"@id":"https:\/\/rebornbusiness.com\/#website"},"primaryImageOfPage":{"@id":"https:\/\/qgsgroup.com\/product\/customized-best-quality-curtain-accessories-plastic-ring-curtain-eyelet-for-hotel-homes-window\/#primaryimage"},"image":{"@id":"https:\/\/qgsgroup.com\/product\/customized-best-quality-curtain-accessories-plastic-ring-curtain-eyelet-for-hotel-homes-window\/#primaryimage"},"thumbnailUrl":"https:\/\/qgsgroup.com\/wp-content\/uploads\/aliexpress\/h7d6f3861dbe6493ea29363a7bb7b6123a.jpg","datePublished":"2024-03-31T05:56:22+00:00","dateModified":"2024-03-31T05:56:26+00:00","breadcrumb":{"@id":"https:\/\/qgsgroup.com\/product\/customized-best-quality-curtain-accessories-plastic-ring-curtain-eyelet-for-hotel-homes-window\/#breadcrumb"},"inLanguage":"vi","potentialAction":[{"@type":"ReadAction","target":["https:\/\/qgsgroup.com\/product\/customized-best-quality-curtain-accessories-plastic-ring-curtain-eyelet-for-hotel-homes-window\/"]}]},{"@type":"ImageObject","inLanguage":"vi","@id":"https:\/\/qgsgroup.com\/product\/customized-best-quality-curtain-accessories-plastic-ring-curtain-eyelet-for-hotel-homes-window\/#primaryimage","url":"https:\/\/qgsgroup.com\/wp-content\/uploads\/aliexpress\/h7d6f3861dbe6493ea29363a7bb7b6123a.jpg","contentUrl":"https:\/\/qgsgroup.com\/wp-content\/uploads\/aliexpress\/h7d6f3861dbe6493ea29363a7bb7b6123a.jpg","width":750,"height":750},{"@type":"BreadcrumbList","@id":"https:\/\/qgsgroup.com\/product\/customized-best-quality-curtain-accessories-plastic-ring-curtain-eyelet-for-hotel-homes-window\/#breadcrumb","itemListElement":[{"@type":"ListItem","position":1,"name":"Home","item":"https:\/\/qgsgroup.com\/"},{"@type":"ListItem","position":2,"name":"Products","item":"https:\/\/qgsgroup.com\/products\/"},{"@type":"ListItem","position":3,"name":"Customized Best Quality Curtain Accessories Plastic Ring Curtain Eyelet for Hotel Homes Window"}]},{"@type":"WebSite","@id":"https:\/\/rebornbusiness.com\/#website","url":"https:\/\/rebornbusiness.com\/","name":"Q.G.S","description":"Q.G.S group company","publisher":{"@id":"https:\/\/rebornbusiness.com\/#organization"},"potentialAction":[{"@type":"SearchAction","target":{"@type":"EntryPoint","urlTemplate":"https:\/\/rebornbusiness.com\/?s={search_term_string}"},"query-input":{"@type":"PropertyValueSpecification","valueRequired":true,"valueName":"search_term_string"}}],"inLanguage":"vi"},{"@type":"Organization","@id":"https:\/\/rebornbusiness.com\/#organization","name":"Q.G.S","url":"https:\/\/rebornbusiness.com\/","logo":{"@type":"ImageObject","inLanguage":"vi","@id":"https:\/\/rebornbusiness.com\/#\/schema\/logo\/image\/","url":"https:\/\/qgsgroup.com\/wp-content\/uploads\/2024\/03\/logo-electric-tools.png","contentUrl":"https:\/\/qgsgroup.com\/wp-content\/uploads\/2024\/03\/logo-electric-tools.png","width":11090,"height":2459,"caption":"Q.G.S"},"image":{"@id":"https:\/\/rebornbusiness.com\/#\/schema\/logo\/image\/"}}]}},"_links":{"self":[{"href":"https:\/\/qgsgroup.com\/vi\/wp-json\/wp\/v2\/product\/7732","targetHints":{"allow":["GET"]}}],"collection":[{"href":"https:\/\/qgsgroup.com\/vi\/wp-json\/wp\/v2\/product"}],"about":[{"href":"https:\/\/qgsgroup.com\/vi\/wp-json\/wp\/v2\/types\/product"}],"wp:featuredmedia":[{"embeddable":true,"href":"https:\/\/qgsgroup.com\/vi\/wp-json\/wp\/v2\/media\/4507"}],"wp:attachment":[{"href":"https:\/\/qgsgroup.com\/vi\/wp-json\/wp\/v2\/media?parent=7732"}],"wp:term":[{"taxonomy":"product_brand","embeddable":true,"href":"https:\/\/qgsgroup.com\/vi\/wp-json\/wp\/v2\/product_brand?post=7732"},{"taxonomy":"product_cat","embeddable":true,"href":"https:\/\/qgsgroup.com\/vi\/wp-json\/wp\/v2\/product_cat?post=7732"},{"taxonomy":"product_tag","embeddable":true,"href":"https:\/\/qgsgroup.com\/vi\/wp-json\/wp\/v2\/product_tag?post=7732"}],"curies":[{"name":"wp","href":"https:\/\/api.w.org\/{rel}","templated":true}]}}